{"id":11566,"date":"2024-12-12T12:00:46","date_gmt":"2024-12-12T12:00:46","guid":{"rendered":"https:\/\/awero.ee\/toode\/digitalais-udens-termometrs\/"},"modified":"2026-03-10T07:59:00","modified_gmt":"2026-03-10T07:59:00","slug":"digitalais-udens-termometrs","status":"publish","type":"product","link":"https:\/\/awero.ee\/lv\/toode\/digitalais-udens-termometrs\/","title":{"rendered":"Digit\u0101lais \u016bdens termometrs"},"content":{"rendered":"<p>Digit\u0101lais \u016bdens termometrs kubl\u0101 pied\u0101v\u0101 \u0101tru risin\u0101jumu \u016bdens temperat\u016bras m\u0113r\u012b\u0161anai. To ir viegli lietot un tas \u013cauj \u0101tri ieg\u016bt inform\u0101ciju par \u016bdens temperat\u016bru, padarot kurin\u0101\u0161anu un peldi v\u0113l \u0113rt\u0101ku. <\/p>\n<p>Termometrs ir apr\u012bkots ar kvalitat\u012bvu digit\u0101lo displeju, kas skaitliski att\u0113lo \u016bdens temperat\u016bru.<\/p>\n<p>T\u0101 k\u0101 sensoram nav tie\u0161a kontakta ar \u016bdeni, temperat\u016bras starp\u012bba var b\u016bt +\u2013 5 \u00b0C.<\/p>\n","protected":false},"excerpt":{"rendered":"<p data-start=\"148\" data-end=\"347\">Digit\u0101lais \u016bdens termometrs \u013cauj \u0113rti un prec\u012bzi uzraudz\u012bt kublu \u016bdens temperat\u016bru. Skaidrs displejs r\u0101da <strong data-start=\"262\" data-end=\"299\">temperat\u016bru prec\u012bzi un viegli nolas\u0101mi<\/strong>, nodro\u0161inot dro\u0161u un pat\u012bkamu peld\u0113\u0161an\u0101s pieredzi. <\/p>\n<p data-start=\"349\" data-end=\"517\">Ier\u012bce ir \u016bdensiztur\u012bga un <strong data-start=\"358\" data-end=\"390\">notur\u012bga pret laikapst\u0101k\u013ciem<\/strong>, piem\u0113rota lieto\u0161anai da\u017e\u0101dos apst\u0101k\u013cos. Kompakts un vienk\u0101r\u0161s dizains padara uzst\u0101d\u012b\u0161anu un lieto\u0161anu \u0113rtu jebkur\u0101 laik\u0101. <\/p>\n","protected":false},"featured_media":11574,"template":"","meta":{"_acf_changed":false},"product_brand":[],"product_cat":[1617],"product_tag":[],"class_list":{"0":"post-11566","1":"product","2":"type-product","3":"status-publish","4":"has-post-thumbnail","6":"product_cat-papildaprikojums","8":"first","9":"instock","10":"shipping-taxable","11":"product-type-simple"},"acf":[],"yoast_head":"<!-- This site is optimized with the Yoast SEO plugin v26.8 - https:\/\/yoast.com\/product\/yoast-seo-wordpress\/ -->\n<title>Digit\u0101lais \u016bdens termometrs - Awero - S\u00fcdamega L\u00f5una-Eestist<\/title>\n<meta name=\"robots\" content=\"index, follow, max-snippet:-1, max-image-preview:large, max-video-preview:-1\" \/>\n<link rel=\"canonical\" href=\"https:\/\/awero.ee\/lv\/toode\/digitalais-udens-termometrs\/\" \/>\n<meta property=\"og:locale\" content=\"lv_LV\" \/>\n<meta property=\"og:type\" content=\"article\" \/>\n<meta property=\"og:title\" content=\"Digit\u0101lais \u016bdens termometrs - Awero - S\u00fcdamega L\u00f5una-Eestist\" \/>\n<meta property=\"og:description\" content=\"Digit\u0101lais \u016bdens termometrs \u013cauj \u0113rti un prec\u012bzi uzraudz\u012bt kublu \u016bdens temperat\u016bru. Skaidrs displejs r\u0101da temperat\u016bru prec\u012bzi un viegli nolas\u0101mi, nodro\u0161inot dro\u0161u un pat\u012bkamu peld\u0113\u0161an\u0101s pieredzi. Ier\u012bce ir \u016bdensiztur\u012bga un notur\u012bga pret laikapst\u0101k\u013ciem, piem\u0113rota lieto\u0161anai da\u017e\u0101dos apst\u0101k\u013cos. Kompakts un vienk\u0101r\u0161s dizains padara uzst\u0101d\u012b\u0161anu un lieto\u0161anu \u0113rtu jebkur\u0101 laik\u0101.\" \/>\n<meta property=\"og:url\" content=\"https:\/\/awero.ee\/lv\/toode\/digitalais-udens-termometrs\/\" \/>\n<meta property=\"og:site_name\" content=\"Awero - S\u00fcdamega L\u00f5una-Eestist\" \/>\n<meta property=\"article:modified_time\" content=\"2026-03-10T07:59:00+00:00\" \/>\n<meta property=\"og:image\" content=\"https:\/\/awero.ee\/wp-content\/uploads\/2024\/12\/Untitled-design-e1768898753904.png\" \/>\n\t<meta property=\"og:image:width\" content=\"1600\" \/>\n\t<meta property=\"og:image:height\" content=\"1216\" \/>\n\t<meta property=\"og:image:type\" content=\"image\/png\" \/>\n<meta name=\"twitter:card\" content=\"summary_large_image\" \/>\n<script type=\"application\/ld+json\" class=\"yoast-schema-graph\">{\"@context\":\"https:\/\/schema.org\",\"@graph\":[{\"@type\":\"WebPage\",\"@id\":\"https:\/\/awero.ee\/lv\/toode\/digitalais-udens-termometrs\/\",\"url\":\"https:\/\/awero.ee\/lv\/toode\/digitalais-udens-termometrs\/\",\"name\":\"Digit\u0101lais \u016bdens termometrs - Awero - S\u00fcdamega L\u00f5una-Eestist\",\"isPartOf\":{\"@id\":\"https:\/\/awero.ee\/lv\/#website\"},\"primaryImageOfPage\":{\"@id\":\"https:\/\/awero.ee\/lv\/toode\/digitalais-udens-termometrs\/#primaryimage\"},\"image\":{\"@id\":\"https:\/\/awero.ee\/lv\/toode\/digitalais-udens-termometrs\/#primaryimage\"},\"thumbnailUrl\":\"https:\/\/awero.ee\/wp-content\/uploads\/2024\/12\/Untitled-design-e1768898753904.png\",\"datePublished\":\"2024-12-12T12:00:46+00:00\",\"dateModified\":\"2026-03-10T07:59:00+00:00\",\"breadcrumb\":{\"@id\":\"https:\/\/awero.ee\/lv\/toode\/digitalais-udens-termometrs\/#breadcrumb\"},\"inLanguage\":\"lv-LV\",\"potentialAction\":[{\"@type\":\"ReadAction\",\"target\":[\"https:\/\/awero.ee\/lv\/toode\/digitalais-udens-termometrs\/\"]}]},{\"@type\":\"ImageObject\",\"inLanguage\":\"lv-LV\",\"@id\":\"https:\/\/awero.ee\/lv\/toode\/digitalais-udens-termometrs\/#primaryimage\",\"url\":\"https:\/\/awero.ee\/wp-content\/uploads\/2024\/12\/Untitled-design-e1768898753904.png\",\"contentUrl\":\"https:\/\/awero.ee\/wp-content\/uploads\/2024\/12\/Untitled-design-e1768898753904.png\",\"width\":1600,\"height\":1216},{\"@type\":\"BreadcrumbList\",\"@id\":\"https:\/\/awero.ee\/lv\/toode\/digitalais-udens-termometrs\/#breadcrumb\",\"itemListElement\":[{\"@type\":\"ListItem\",\"position\":1,\"name\":\"Home\",\"item\":\"https:\/\/awero.ee\/lv\/sakums\/\"},{\"@type\":\"ListItem\",\"position\":2,\"name\":\"Veikals\",\"item\":\"https:\/\/awero.ee\/lv\/veikals\/\"},{\"@type\":\"ListItem\",\"position\":3,\"name\":\"Digit\u0101lais \u016bdens termometrs\"}]},{\"@type\":\"WebSite\",\"@id\":\"https:\/\/awero.ee\/lv\/#website\",\"url\":\"https:\/\/awero.ee\/lv\/\",\"name\":\"Awero - S\u00fcdamega L\u00f5una Eestist\",\"description\":\"\",\"publisher\":{\"@id\":\"https:\/\/awero.ee\/lv\/#organization\"},\"potentialAction\":[{\"@type\":\"SearchAction\",\"target\":{\"@type\":\"EntryPoint\",\"urlTemplate\":\"https:\/\/awero.ee\/lv\/?s={search_term_string}\"},\"query-input\":{\"@type\":\"PropertyValueSpecification\",\"valueRequired\":true,\"valueName\":\"search_term_string\"}}],\"inLanguage\":\"lv-LV\"},{\"@type\":\"Organization\",\"@id\":\"https:\/\/awero.ee\/lv\/#organization\",\"name\":\"Awero - S\u00fcdamega L\u00f5una Eestist\",\"url\":\"https:\/\/awero.ee\/lv\/\",\"logo\":{\"@type\":\"ImageObject\",\"inLanguage\":\"lv-LV\",\"@id\":\"https:\/\/awero.ee\/lv\/#\/schema\/logo\/image\/\",\"url\":\"https:\/\/awero.ee\/wp-content\/uploads\/2024\/07\/aweroplaceholder.jpg\",\"contentUrl\":\"https:\/\/awero.ee\/wp-content\/uploads\/2024\/07\/aweroplaceholder.jpg\",\"width\":1250,\"height\":834,\"caption\":\"Awero - S\u00fcdamega L\u00f5una Eestist\"},\"image\":{\"@id\":\"https:\/\/awero.ee\/lv\/#\/schema\/logo\/image\/\"}}]}<\/script>\n<!-- \/ Yoast SEO plugin. -->","yoast_head_json":{"title":"Digit\u0101lais \u016bdens termometrs - Awero - S\u00fcdamega L\u00f5una-Eestist","robots":{"index":"index","follow":"follow","max-snippet":"max-snippet:-1","max-image-preview":"max-image-preview:large","max-video-preview":"max-video-preview:-1"},"canonical":"https:\/\/awero.ee\/lv\/toode\/digitalais-udens-termometrs\/","og_locale":"lv_LV","og_type":"article","og_title":"Digit\u0101lais \u016bdens termometrs - Awero - S\u00fcdamega L\u00f5una-Eestist","og_description":"Digit\u0101lais \u016bdens termometrs \u013cauj \u0113rti un prec\u012bzi uzraudz\u012bt kublu \u016bdens temperat\u016bru. Skaidrs displejs r\u0101da temperat\u016bru prec\u012bzi un viegli nolas\u0101mi, nodro\u0161inot dro\u0161u un pat\u012bkamu peld\u0113\u0161an\u0101s pieredzi. Ier\u012bce ir \u016bdensiztur\u012bga un notur\u012bga pret laikapst\u0101k\u013ciem, piem\u0113rota lieto\u0161anai da\u017e\u0101dos apst\u0101k\u013cos. Kompakts un vienk\u0101r\u0161s dizains padara uzst\u0101d\u012b\u0161anu un lieto\u0161anu \u0113rtu jebkur\u0101 laik\u0101.","og_url":"https:\/\/awero.ee\/lv\/toode\/digitalais-udens-termometrs\/","og_site_name":"Awero - S\u00fcdamega L\u00f5una-Eestist","article_modified_time":"2026-03-10T07:59:00+00:00","og_image":[{"width":1600,"height":1216,"url":"https:\/\/awero.ee\/wp-content\/uploads\/2024\/12\/Untitled-design-e1768898753904.png","type":"image\/png"}],"twitter_card":"summary_large_image","schema":{"@context":"https:\/\/schema.org","@graph":[{"@type":"WebPage","@id":"https:\/\/awero.ee\/lv\/toode\/digitalais-udens-termometrs\/","url":"https:\/\/awero.ee\/lv\/toode\/digitalais-udens-termometrs\/","name":"Digit\u0101lais \u016bdens termometrs - Awero - S\u00fcdamega L\u00f5una-Eestist","isPartOf":{"@id":"https:\/\/awero.ee\/lv\/#website"},"primaryImageOfPage":{"@id":"https:\/\/awero.ee\/lv\/toode\/digitalais-udens-termometrs\/#primaryimage"},"image":{"@id":"https:\/\/awero.ee\/lv\/toode\/digitalais-udens-termometrs\/#primaryimage"},"thumbnailUrl":"https:\/\/awero.ee\/wp-content\/uploads\/2024\/12\/Untitled-design-e1768898753904.png","datePublished":"2024-12-12T12:00:46+00:00","dateModified":"2026-03-10T07:59:00+00:00","breadcrumb":{"@id":"https:\/\/awero.ee\/lv\/toode\/digitalais-udens-termometrs\/#breadcrumb"},"inLanguage":"lv-LV","potentialAction":[{"@type":"ReadAction","target":["https:\/\/awero.ee\/lv\/toode\/digitalais-udens-termometrs\/"]}]},{"@type":"ImageObject","inLanguage":"lv-LV","@id":"https:\/\/awero.ee\/lv\/toode\/digitalais-udens-termometrs\/#primaryimage","url":"https:\/\/awero.ee\/wp-content\/uploads\/2024\/12\/Untitled-design-e1768898753904.png","contentUrl":"https:\/\/awero.ee\/wp-content\/uploads\/2024\/12\/Untitled-design-e1768898753904.png","width":1600,"height":1216},{"@type":"BreadcrumbList","@id":"https:\/\/awero.ee\/lv\/toode\/digitalais-udens-termometrs\/#breadcrumb","itemListElement":[{"@type":"ListItem","position":1,"name":"Home","item":"https:\/\/awero.ee\/lv\/sakums\/"},{"@type":"ListItem","position":2,"name":"Veikals","item":"https:\/\/awero.ee\/lv\/veikals\/"},{"@type":"ListItem","position":3,"name":"Digit\u0101lais \u016bdens termometrs"}]},{"@type":"WebSite","@id":"https:\/\/awero.ee\/lv\/#website","url":"https:\/\/awero.ee\/lv\/","name":"Awero - S\u00fcdamega L\u00f5una Eestist","description":"","publisher":{"@id":"https:\/\/awero.ee\/lv\/#organization"},"potentialAction":[{"@type":"SearchAction","target":{"@type":"EntryPoint","urlTemplate":"https:\/\/awero.ee\/lv\/?s={search_term_string}"},"query-input":{"@type":"PropertyValueSpecification","valueRequired":true,"valueName":"search_term_string"}}],"inLanguage":"lv-LV"},{"@type":"Organization","@id":"https:\/\/awero.ee\/lv\/#organization","name":"Awero - S\u00fcdamega L\u00f5una Eestist","url":"https:\/\/awero.ee\/lv\/","logo":{"@type":"ImageObject","inLanguage":"lv-LV","@id":"https:\/\/awero.ee\/lv\/#\/schema\/logo\/image\/","url":"https:\/\/awero.ee\/wp-content\/uploads\/2024\/07\/aweroplaceholder.jpg","contentUrl":"https:\/\/awero.ee\/wp-content\/uploads\/2024\/07\/aweroplaceholder.jpg","width":1250,"height":834,"caption":"Awero - S\u00fcdamega L\u00f5una Eestist"},"image":{"@id":"https:\/\/awero.ee\/lv\/#\/schema\/logo\/image\/"}}]}},"_links":{"self":[{"href":"https:\/\/awero.ee\/lv\/wp-json\/wp\/v2\/product\/11566","targetHints":{"allow":["GET"]}}],"collection":[{"href":"https:\/\/awero.ee\/lv\/wp-json\/wp\/v2\/product"}],"about":[{"href":"https:\/\/awero.ee\/lv\/wp-json\/wp\/v2\/types\/product"}],"wp:featuredmedia":[{"embeddable":true,"href":"https:\/\/awero.ee\/lv\/wp-json\/wp\/v2\/media\/11574"}],"wp:attachment":[{"href":"https:\/\/awero.ee\/lv\/wp-json\/wp\/v2\/media?parent=11566"}],"wp:term":[{"taxonomy":"product_brand","embeddable":true,"href":"https:\/\/awero.ee\/lv\/wp-json\/wp\/v2\/product_brand?post=11566"},{"taxonomy":"product_cat","embeddable":true,"href":"https:\/\/awero.ee\/lv\/wp-json\/wp\/v2\/product_cat?post=11566"},{"taxonomy":"product_tag","embeddable":true,"href":"https:\/\/awero.ee\/lv\/wp-json\/wp\/v2\/product_tag?post=11566"}],"curies":[{"name":"wp","href":"https:\/\/api.w.org\/{rel}","templated":true}]}}