{"id":11558,"date":"2024-12-12T12:00:46","date_gmt":"2024-12-12T12:00:46","guid":{"rendered":"https:\/\/awero.ee\/toode\/mariine-stereo-sistema-kublam-un-pirtij\/"},"modified":"2026-03-10T07:59:11","modified_gmt":"2026-03-10T07:59:11","slug":"mariine-stereo-sistema-kublam-un-pirtij","status":"publish","type":"product","link":"https:\/\/awero.ee\/lv\/toode\/mariine-stereo-sistema-kublam-un-pirtij\/","title":{"rendered":"Mariine stereo sist\u0113ma kublam un pirtij"},"content":{"rendered":"<p>Mariine stereo sist\u0113ma ietver vair\u0101kas funkcijas, kas \u013cauj baud\u012bt m\u016bziku.<br \/><em>Bluetooth<\/em> savienojums sniedz iesp\u0113ju izv\u0113l\u0113ties iecien\u012bt\u0101ko m\u016bziku no viedier\u012bc\u0113m. Ieb\u016bv\u0113tais radio nodro\u0161ina radio programmu p\u0101rraid\u012b\u0161anu vai jaunu m\u016bzikas kan\u0101lu mekl\u0113\u0161anu. Turkl\u0101t ir pieejama AUX ieeja, kas \u013cauj pievienot da\u017e\u0101dus audio avotus, piem\u0113ram, MP3 atska\u0146ot\u0101jus vai citas audio ier\u012bces. Komplekt\u0101 ietilpst divi ska\u013cru\u0146i, antena, AUX ieeja un ieb\u016bv\u0113ts radio un <em>Bluetooth<\/em> savienojums.   <\/p>\n<p>Stereo sist\u0113ma ir paredz\u0113ta mitrai videi.<\/p>\n","protected":false},"excerpt":{"rendered":"<p><strong>Cen\u0101 iek\u013cauts PVN.<\/strong> Mariine stereo sist\u0113ma ir lieliska izv\u0113le tiem, kuriem t\u012bk gan pelde, gan izklaide. T\u0101 sniedz iesp\u0113ju klaus\u012bties m\u016bziku un vienlaikus \u013cauties relaks\u0113jo\u0161a \u016bdens apsk\u0101vieniem.<\/p>\n","protected":false},"featured_media":11563,"template":"","meta":{"_acf_changed":false},"product_brand":[],"product_cat":[1617],"product_tag":[],"class_list":{"0":"post-11558","1":"product","2":"type-product","3":"status-publish","4":"has-post-thumbnail","6":"product_cat-papildaprikojums","8":"first","9":"instock","10":"shipping-taxable","11":"product-type-variable"},"acf":[],"yoast_head":"<!-- This site is optimized with the Yoast SEO plugin v26.8 - https:\/\/yoast.com\/product\/yoast-seo-wordpress\/ -->\n<title>Mariine stereo sist\u0113ma kublam un pirtij - Awero - S\u00fcdamega L\u00f5una-Eestist<\/title>\n<meta name=\"robots\" content=\"index, follow, max-snippet:-1, max-image-preview:large, max-video-preview:-1\" \/>\n<link rel=\"canonical\" href=\"https:\/\/awero.ee\/lv\/toode\/mariine-stereo-sistema-kublam-un-pirtij\/\" \/>\n<meta property=\"og:locale\" content=\"lv_LV\" \/>\n<meta property=\"og:type\" content=\"article\" \/>\n<meta property=\"og:title\" content=\"Mariine stereo sist\u0113ma kublam un pirtij - Awero - S\u00fcdamega L\u00f5una-Eestist\" \/>\n<meta property=\"og:description\" content=\"Cen\u0101 iek\u013cauts PVN. Mariine stereo sist\u0113ma ir lieliska izv\u0113le tiem, kuriem t\u012bk gan pelde, gan izklaide. T\u0101 sniedz iesp\u0113ju klaus\u012bties m\u016bziku un vienlaikus \u013cauties relaks\u0113jo\u0161a \u016bdens apsk\u0101vieniem.\" \/>\n<meta property=\"og:url\" content=\"https:\/\/awero.ee\/lv\/toode\/mariine-stereo-sistema-kublam-un-pirtij\/\" \/>\n<meta property=\"og:site_name\" content=\"Awero - S\u00fcdamega L\u00f5una-Eestist\" \/>\n<meta property=\"article:modified_time\" content=\"2026-03-10T07:59:11+00:00\" \/>\n<meta property=\"og:image\" content=\"https:\/\/awero.ee\/wp-content\/uploads\/2024\/12\/Stereo-vaike-GR304.jpg\" \/>\n\t<meta property=\"og:image:width\" content=\"762\" \/>\n\t<meta property=\"og:image:height\" content=\"762\" \/>\n\t<meta property=\"og:image:type\" content=\"image\/jpeg\" \/>\n<meta name=\"twitter:card\" content=\"summary_large_image\" \/>\n<script type=\"application\/ld+json\" class=\"yoast-schema-graph\">{\"@context\":\"https:\/\/schema.org\",\"@graph\":[{\"@type\":\"WebPage\",\"@id\":\"https:\/\/awero.ee\/lv\/toode\/mariine-stereo-sistema-kublam-un-pirtij\/\",\"url\":\"https:\/\/awero.ee\/lv\/toode\/mariine-stereo-sistema-kublam-un-pirtij\/\",\"name\":\"Mariine stereo sist\u0113ma kublam un pirtij - Awero - S\u00fcdamega L\u00f5una-Eestist\",\"isPartOf\":{\"@id\":\"https:\/\/awero.ee\/lv\/#website\"},\"primaryImageOfPage\":{\"@id\":\"https:\/\/awero.ee\/lv\/toode\/mariine-stereo-sistema-kublam-un-pirtij\/#primaryimage\"},\"image\":{\"@id\":\"https:\/\/awero.ee\/lv\/toode\/mariine-stereo-sistema-kublam-un-pirtij\/#primaryimage\"},\"thumbnailUrl\":\"https:\/\/awero.ee\/wp-content\/uploads\/2024\/12\/Stereo-vaike-GR304.jpg\",\"datePublished\":\"2024-12-12T12:00:46+00:00\",\"dateModified\":\"2026-03-10T07:59:11+00:00\",\"breadcrumb\":{\"@id\":\"https:\/\/awero.ee\/lv\/toode\/mariine-stereo-sistema-kublam-un-pirtij\/#breadcrumb\"},\"inLanguage\":\"lv-LV\",\"potentialAction\":[{\"@type\":\"ReadAction\",\"target\":[\"https:\/\/awero.ee\/lv\/toode\/mariine-stereo-sistema-kublam-un-pirtij\/\"]}]},{\"@type\":\"ImageObject\",\"inLanguage\":\"lv-LV\",\"@id\":\"https:\/\/awero.ee\/lv\/toode\/mariine-stereo-sistema-kublam-un-pirtij\/#primaryimage\",\"url\":\"https:\/\/awero.ee\/wp-content\/uploads\/2024\/12\/Stereo-vaike-GR304.jpg\",\"contentUrl\":\"https:\/\/awero.ee\/wp-content\/uploads\/2024\/12\/Stereo-vaike-GR304.jpg\",\"width\":762,\"height\":762},{\"@type\":\"BreadcrumbList\",\"@id\":\"https:\/\/awero.ee\/lv\/toode\/mariine-stereo-sistema-kublam-un-pirtij\/#breadcrumb\",\"itemListElement\":[{\"@type\":\"ListItem\",\"position\":1,\"name\":\"Home\",\"item\":\"https:\/\/awero.ee\/lv\/sakums\/\"},{\"@type\":\"ListItem\",\"position\":2,\"name\":\"Veikals\",\"item\":\"https:\/\/awero.ee\/lv\/veikals\/\"},{\"@type\":\"ListItem\",\"position\":3,\"name\":\"Mariine stereo sist\u0113ma kublam un pirtij\"}]},{\"@type\":\"WebSite\",\"@id\":\"https:\/\/awero.ee\/lv\/#website\",\"url\":\"https:\/\/awero.ee\/lv\/\",\"name\":\"Awero - S\u00fcdamega L\u00f5una Eestist\",\"description\":\"\",\"publisher\":{\"@id\":\"https:\/\/awero.ee\/lv\/#organization\"},\"potentialAction\":[{\"@type\":\"SearchAction\",\"target\":{\"@type\":\"EntryPoint\",\"urlTemplate\":\"https:\/\/awero.ee\/lv\/?s={search_term_string}\"},\"query-input\":{\"@type\":\"PropertyValueSpecification\",\"valueRequired\":true,\"valueName\":\"search_term_string\"}}],\"inLanguage\":\"lv-LV\"},{\"@type\":\"Organization\",\"@id\":\"https:\/\/awero.ee\/lv\/#organization\",\"name\":\"Awero - S\u00fcdamega L\u00f5una Eestist\",\"url\":\"https:\/\/awero.ee\/lv\/\",\"logo\":{\"@type\":\"ImageObject\",\"inLanguage\":\"lv-LV\",\"@id\":\"https:\/\/awero.ee\/lv\/#\/schema\/logo\/image\/\",\"url\":\"https:\/\/awero.ee\/wp-content\/uploads\/2024\/07\/aweroplaceholder.jpg\",\"contentUrl\":\"https:\/\/awero.ee\/wp-content\/uploads\/2024\/07\/aweroplaceholder.jpg\",\"width\":1250,\"height\":834,\"caption\":\"Awero - S\u00fcdamega L\u00f5una Eestist\"},\"image\":{\"@id\":\"https:\/\/awero.ee\/lv\/#\/schema\/logo\/image\/\"}}]}<\/script>\n<!-- \/ Yoast SEO plugin. -->","yoast_head_json":{"title":"Mariine stereo sist\u0113ma kublam un pirtij - Awero - S\u00fcdamega L\u00f5una-Eestist","robots":{"index":"index","follow":"follow","max-snippet":"max-snippet:-1","max-image-preview":"max-image-preview:large","max-video-preview":"max-video-preview:-1"},"canonical":"https:\/\/awero.ee\/lv\/toode\/mariine-stereo-sistema-kublam-un-pirtij\/","og_locale":"lv_LV","og_type":"article","og_title":"Mariine stereo sist\u0113ma kublam un pirtij - Awero - S\u00fcdamega L\u00f5una-Eestist","og_description":"Cen\u0101 iek\u013cauts PVN. Mariine stereo sist\u0113ma ir lieliska izv\u0113le tiem, kuriem t\u012bk gan pelde, gan izklaide. T\u0101 sniedz iesp\u0113ju klaus\u012bties m\u016bziku un vienlaikus \u013cauties relaks\u0113jo\u0161a \u016bdens apsk\u0101vieniem.","og_url":"https:\/\/awero.ee\/lv\/toode\/mariine-stereo-sistema-kublam-un-pirtij\/","og_site_name":"Awero - S\u00fcdamega L\u00f5una-Eestist","article_modified_time":"2026-03-10T07:59:11+00:00","og_image":[{"width":762,"height":762,"url":"https:\/\/awero.ee\/wp-content\/uploads\/2024\/12\/Stereo-vaike-GR304.jpg","type":"image\/jpeg"}],"twitter_card":"summary_large_image","schema":{"@context":"https:\/\/schema.org","@graph":[{"@type":"WebPage","@id":"https:\/\/awero.ee\/lv\/toode\/mariine-stereo-sistema-kublam-un-pirtij\/","url":"https:\/\/awero.ee\/lv\/toode\/mariine-stereo-sistema-kublam-un-pirtij\/","name":"Mariine stereo sist\u0113ma kublam un pirtij - Awero - S\u00fcdamega L\u00f5una-Eestist","isPartOf":{"@id":"https:\/\/awero.ee\/lv\/#website"},"primaryImageOfPage":{"@id":"https:\/\/awero.ee\/lv\/toode\/mariine-stereo-sistema-kublam-un-pirtij\/#primaryimage"},"image":{"@id":"https:\/\/awero.ee\/lv\/toode\/mariine-stereo-sistema-kublam-un-pirtij\/#primaryimage"},"thumbnailUrl":"https:\/\/awero.ee\/wp-content\/uploads\/2024\/12\/Stereo-vaike-GR304.jpg","datePublished":"2024-12-12T12:00:46+00:00","dateModified":"2026-03-10T07:59:11+00:00","breadcrumb":{"@id":"https:\/\/awero.ee\/lv\/toode\/mariine-stereo-sistema-kublam-un-pirtij\/#breadcrumb"},"inLanguage":"lv-LV","potentialAction":[{"@type":"ReadAction","target":["https:\/\/awero.ee\/lv\/toode\/mariine-stereo-sistema-kublam-un-pirtij\/"]}]},{"@type":"ImageObject","inLanguage":"lv-LV","@id":"https:\/\/awero.ee\/lv\/toode\/mariine-stereo-sistema-kublam-un-pirtij\/#primaryimage","url":"https:\/\/awero.ee\/wp-content\/uploads\/2024\/12\/Stereo-vaike-GR304.jpg","contentUrl":"https:\/\/awero.ee\/wp-content\/uploads\/2024\/12\/Stereo-vaike-GR304.jpg","width":762,"height":762},{"@type":"BreadcrumbList","@id":"https:\/\/awero.ee\/lv\/toode\/mariine-stereo-sistema-kublam-un-pirtij\/#breadcrumb","itemListElement":[{"@type":"ListItem","position":1,"name":"Home","item":"https:\/\/awero.ee\/lv\/sakums\/"},{"@type":"ListItem","position":2,"name":"Veikals","item":"https:\/\/awero.ee\/lv\/veikals\/"},{"@type":"ListItem","position":3,"name":"Mariine stereo sist\u0113ma kublam un pirtij"}]},{"@type":"WebSite","@id":"https:\/\/awero.ee\/lv\/#website","url":"https:\/\/awero.ee\/lv\/","name":"Awero - S\u00fcdamega L\u00f5una Eestist","description":"","publisher":{"@id":"https:\/\/awero.ee\/lv\/#organization"},"potentialAction":[{"@type":"SearchAction","target":{"@type":"EntryPoint","urlTemplate":"https:\/\/awero.ee\/lv\/?s={search_term_string}"},"query-input":{"@type":"PropertyValueSpecification","valueRequired":true,"valueName":"search_term_string"}}],"inLanguage":"lv-LV"},{"@type":"Organization","@id":"https:\/\/awero.ee\/lv\/#organization","name":"Awero - S\u00fcdamega L\u00f5una Eestist","url":"https:\/\/awero.ee\/lv\/","logo":{"@type":"ImageObject","inLanguage":"lv-LV","@id":"https:\/\/awero.ee\/lv\/#\/schema\/logo\/image\/","url":"https:\/\/awero.ee\/wp-content\/uploads\/2024\/07\/aweroplaceholder.jpg","contentUrl":"https:\/\/awero.ee\/wp-content\/uploads\/2024\/07\/aweroplaceholder.jpg","width":1250,"height":834,"caption":"Awero - S\u00fcdamega L\u00f5una Eestist"},"image":{"@id":"https:\/\/awero.ee\/lv\/#\/schema\/logo\/image\/"}}]}},"_links":{"self":[{"href":"https:\/\/awero.ee\/lv\/wp-json\/wp\/v2\/product\/11558","targetHints":{"allow":["GET"]}}],"collection":[{"href":"https:\/\/awero.ee\/lv\/wp-json\/wp\/v2\/product"}],"about":[{"href":"https:\/\/awero.ee\/lv\/wp-json\/wp\/v2\/types\/product"}],"wp:featuredmedia":[{"embeddable":true,"href":"https:\/\/awero.ee\/lv\/wp-json\/wp\/v2\/media\/11563"}],"wp:attachment":[{"href":"https:\/\/awero.ee\/lv\/wp-json\/wp\/v2\/media?parent=11558"}],"wp:term":[{"taxonomy":"product_brand","embeddable":true,"href":"https:\/\/awero.ee\/lv\/wp-json\/wp\/v2\/product_brand?post=11558"},{"taxonomy":"product_cat","embeddable":true,"href":"https:\/\/awero.ee\/lv\/wp-json\/wp\/v2\/product_cat?post=11558"},{"taxonomy":"product_tag","embeddable":true,"href":"https:\/\/awero.ee\/lv\/wp-json\/wp\/v2\/product_tag?post=11558"}],"curies":[{"name":"wp","href":"https:\/\/api.w.org\/{rel}","templated":true}]}}