{"id":11547,"date":"2024-12-12T12:00:46","date_gmt":"2024-12-12T12:00:46","guid":{"rendered":"https:\/\/awero.ee\/toode\/dzerienu-glazu-turetajs-5-vienibam-kalums\/"},"modified":"2026-04-01T12:32:22","modified_gmt":"2026-04-01T12:32:22","slug":"dzerienu-glazu-turetajs-5-vienibam-kalums","status":"publish","type":"product","link":"https:\/\/awero.ee\/lv\/toode\/dzerienu-glazu-turetajs-5-vienibam-kalums\/","title":{"rendered":"Dz\u0113rienu gl\u0101\u017eu tur\u0113t\u0101js 5 vien\u012bb\u0101m, kalums"},"content":{"rendered":"<p>Kaltais gl\u0101\u017eu tur\u0113t\u0101js j\u016bsu kubla dizainam pie\u0161\u0137irs p\u0101rlaic\u012bgu stilu un eleganci. \u0160is gl\u0101\u017eu tur\u0113t\u0101js, kas paredz\u0113ts piec\u0101m gl\u0101z\u0113m, ir eleganti veidots aksesu\u0101rs kubliem, \u0161\u0101di pied\u0101v\u0101jot \u0113rtu veidu, k\u0101 tur\u0113t dz\u0113rienus pa rokai, neizk\u0101pjot no kubla. Dzelzs ir iztur\u012bgs materi\u0101ls, kas nodro\u0161ina ilgm\u016b\u017e\u012bbu un iztur\u012bbu. Gl\u0101\u017eu tur\u0113t\u0101ja iek\u0161\u0113jais diametrs ir 80 mm. Papildus dz\u0113rieniem taj\u0101 var ievietot ar\u012b citu priek\u0161metus.    <\/p>\n","protected":false},"excerpt":{"rendered":"<p><strong>Cen\u0101 iek\u013cauts PVN<\/strong><\/p>\n<p>. Dz\u0113rienu gl\u0101\u017eu tur\u0113t\u0101js piec\u0101m vien\u012bb\u0101m ir lielisks aksesu\u0101rs piestiprin\u0101\u0161anai pie kubla. Dz\u0113rienu gl\u0101\u017eu tur\u0113t\u0101js j\u016bsu atp\u016btai pie\u0161\u0137irs funkcionalit\u0101ti un eleganci. Neatkar\u012bgi no t\u0101, vai tas ir romantisks vakars divat\u0101 vai jautrs pas\u0101kums kop\u0101 ar draugiem \u2013 \u0161is tur\u0113t\u0101js peldi kubl\u0101 padar\u012bs v\u0113l pat\u012bkam\u0101ku un \u0113rt\u0101ku.  <\/p>\n","protected":false},"featured_media":11555,"template":"","meta":{"_acf_changed":false},"product_brand":[],"product_cat":[1617],"product_tag":[],"class_list":{"0":"post-11547","1":"product","2":"type-product","3":"status-publish","4":"has-post-thumbnail","6":"product_cat-papildaprikojums","8":"first","9":"instock","10":"shipping-taxable","11":"product-type-variable"},"acf":[],"yoast_head":"<!-- This site is optimized with the Yoast SEO plugin v26.8 - https:\/\/yoast.com\/product\/yoast-seo-wordpress\/ -->\n<title>Dz\u0113rienu gl\u0101\u017eu tur\u0113t\u0101js 5 vien\u012bb\u0101m, kalums - Awero - S\u00fcdamega L\u00f5una-Eestist<\/title>\n<meta name=\"robots\" content=\"index, follow, max-snippet:-1, max-image-preview:large, max-video-preview:-1\" \/>\n<link rel=\"canonical\" href=\"https:\/\/awero.ee\/lv\/toode\/dzerienu-glazu-turetajs-5-vienibam-kalums\/\" \/>\n<meta property=\"og:locale\" content=\"lv_LV\" \/>\n<meta property=\"og:type\" content=\"article\" \/>\n<meta property=\"og:title\" content=\"Dz\u0113rienu gl\u0101\u017eu tur\u0113t\u0101js 5 vien\u012bb\u0101m, kalums - Awero - S\u00fcdamega L\u00f5una-Eestist\" \/>\n<meta property=\"og:description\" content=\"Cen\u0101 iek\u013cauts PVN . Dz\u0113rienu gl\u0101\u017eu tur\u0113t\u0101js piec\u0101m vien\u012bb\u0101m ir lielisks aksesu\u0101rs piestiprin\u0101\u0161anai pie kubla. Dz\u0113rienu gl\u0101\u017eu tur\u0113t\u0101js j\u016bsu atp\u016btai pie\u0161\u0137irs funkcionalit\u0101ti un eleganci. Neatkar\u012bgi no t\u0101, vai tas ir romantisks vakars divat\u0101 vai jautrs pas\u0101kums kop\u0101 ar draugiem \u2013 \u0161is tur\u0113t\u0101js peldi kubl\u0101 padar\u012bs v\u0113l pat\u012bkam\u0101ku un \u0113rt\u0101ku.\" \/>\n<meta property=\"og:url\" content=\"https:\/\/awero.ee\/lv\/toode\/dzerienu-glazu-turetajs-5-vienibam-kalums\/\" \/>\n<meta property=\"og:site_name\" content=\"Awero - S\u00fcdamega L\u00f5una-Eestist\" \/>\n<meta property=\"article:modified_time\" content=\"2026-04-01T12:32:22+00:00\" \/>\n<meta property=\"og:image\" content=\"https:\/\/awero.ee\/wp-content\/uploads\/2024\/12\/Topsihoidja_5_w.png\" \/>\n\t<meta property=\"og:image:width\" content=\"2500\" \/>\n\t<meta property=\"og:image:height\" content=\"1667\" \/>\n\t<meta property=\"og:image:type\" content=\"image\/png\" \/>\n<meta name=\"twitter:card\" content=\"summary_large_image\" \/>\n<script type=\"application\/ld+json\" class=\"yoast-schema-graph\">{\"@context\":\"https:\/\/schema.org\",\"@graph\":[{\"@type\":\"WebPage\",\"@id\":\"https:\/\/awero.ee\/lv\/toode\/dzerienu-glazu-turetajs-5-vienibam-kalums\/\",\"url\":\"https:\/\/awero.ee\/lv\/toode\/dzerienu-glazu-turetajs-5-vienibam-kalums\/\",\"name\":\"Dz\u0113rienu gl\u0101\u017eu tur\u0113t\u0101js 5 vien\u012bb\u0101m, kalums - Awero - S\u00fcdamega L\u00f5una-Eestist\",\"isPartOf\":{\"@id\":\"https:\/\/awero.ee\/lv\/#website\"},\"primaryImageOfPage\":{\"@id\":\"https:\/\/awero.ee\/lv\/toode\/dzerienu-glazu-turetajs-5-vienibam-kalums\/#primaryimage\"},\"image\":{\"@id\":\"https:\/\/awero.ee\/lv\/toode\/dzerienu-glazu-turetajs-5-vienibam-kalums\/#primaryimage\"},\"thumbnailUrl\":\"https:\/\/awero.ee\/wp-content\/uploads\/2024\/12\/Topsihoidja_5_w.png\",\"datePublished\":\"2024-12-12T12:00:46+00:00\",\"dateModified\":\"2026-04-01T12:32:22+00:00\",\"breadcrumb\":{\"@id\":\"https:\/\/awero.ee\/lv\/toode\/dzerienu-glazu-turetajs-5-vienibam-kalums\/#breadcrumb\"},\"inLanguage\":\"lv-LV\",\"potentialAction\":[{\"@type\":\"ReadAction\",\"target\":[\"https:\/\/awero.ee\/lv\/toode\/dzerienu-glazu-turetajs-5-vienibam-kalums\/\"]}]},{\"@type\":\"ImageObject\",\"inLanguage\":\"lv-LV\",\"@id\":\"https:\/\/awero.ee\/lv\/toode\/dzerienu-glazu-turetajs-5-vienibam-kalums\/#primaryimage\",\"url\":\"https:\/\/awero.ee\/wp-content\/uploads\/2024\/12\/Topsihoidja_5_w.png\",\"contentUrl\":\"https:\/\/awero.ee\/wp-content\/uploads\/2024\/12\/Topsihoidja_5_w.png\",\"width\":2500,\"height\":1667},{\"@type\":\"BreadcrumbList\",\"@id\":\"https:\/\/awero.ee\/lv\/toode\/dzerienu-glazu-turetajs-5-vienibam-kalums\/#breadcrumb\",\"itemListElement\":[{\"@type\":\"ListItem\",\"position\":1,\"name\":\"Home\",\"item\":\"https:\/\/awero.ee\/lv\/sakums\/\"},{\"@type\":\"ListItem\",\"position\":2,\"name\":\"Veikals\",\"item\":\"https:\/\/awero.ee\/lv\/veikals\/\"},{\"@type\":\"ListItem\",\"position\":3,\"name\":\"Dz\u0113rienu gl\u0101\u017eu tur\u0113t\u0101js 5 vien\u012bb\u0101m, kalums\"}]},{\"@type\":\"WebSite\",\"@id\":\"https:\/\/awero.ee\/lv\/#website\",\"url\":\"https:\/\/awero.ee\/lv\/\",\"name\":\"Awero - S\u00fcdamega L\u00f5una Eestist\",\"description\":\"\",\"publisher\":{\"@id\":\"https:\/\/awero.ee\/lv\/#organization\"},\"potentialAction\":[{\"@type\":\"SearchAction\",\"target\":{\"@type\":\"EntryPoint\",\"urlTemplate\":\"https:\/\/awero.ee\/lv\/?s={search_term_string}\"},\"query-input\":{\"@type\":\"PropertyValueSpecification\",\"valueRequired\":true,\"valueName\":\"search_term_string\"}}],\"inLanguage\":\"lv-LV\"},{\"@type\":\"Organization\",\"@id\":\"https:\/\/awero.ee\/lv\/#organization\",\"name\":\"Awero - S\u00fcdamega L\u00f5una Eestist\",\"url\":\"https:\/\/awero.ee\/lv\/\",\"logo\":{\"@type\":\"ImageObject\",\"inLanguage\":\"lv-LV\",\"@id\":\"https:\/\/awero.ee\/lv\/#\/schema\/logo\/image\/\",\"url\":\"https:\/\/awero.ee\/wp-content\/uploads\/2024\/07\/aweroplaceholder.jpg\",\"contentUrl\":\"https:\/\/awero.ee\/wp-content\/uploads\/2024\/07\/aweroplaceholder.jpg\",\"width\":1250,\"height\":834,\"caption\":\"Awero - S\u00fcdamega L\u00f5una Eestist\"},\"image\":{\"@id\":\"https:\/\/awero.ee\/lv\/#\/schema\/logo\/image\/\"}}]}<\/script>\n<!-- \/ Yoast SEO plugin. -->","yoast_head_json":{"title":"Dz\u0113rienu gl\u0101\u017eu tur\u0113t\u0101js 5 vien\u012bb\u0101m, kalums - Awero - S\u00fcdamega L\u00f5una-Eestist","robots":{"index":"index","follow":"follow","max-snippet":"max-snippet:-1","max-image-preview":"max-image-preview:large","max-video-preview":"max-video-preview:-1"},"canonical":"https:\/\/awero.ee\/lv\/toode\/dzerienu-glazu-turetajs-5-vienibam-kalums\/","og_locale":"lv_LV","og_type":"article","og_title":"Dz\u0113rienu gl\u0101\u017eu tur\u0113t\u0101js 5 vien\u012bb\u0101m, kalums - Awero - S\u00fcdamega L\u00f5una-Eestist","og_description":"Cen\u0101 iek\u013cauts PVN . Dz\u0113rienu gl\u0101\u017eu tur\u0113t\u0101js piec\u0101m vien\u012bb\u0101m ir lielisks aksesu\u0101rs piestiprin\u0101\u0161anai pie kubla. Dz\u0113rienu gl\u0101\u017eu tur\u0113t\u0101js j\u016bsu atp\u016btai pie\u0161\u0137irs funkcionalit\u0101ti un eleganci. Neatkar\u012bgi no t\u0101, vai tas ir romantisks vakars divat\u0101 vai jautrs pas\u0101kums kop\u0101 ar draugiem \u2013 \u0161is tur\u0113t\u0101js peldi kubl\u0101 padar\u012bs v\u0113l pat\u012bkam\u0101ku un \u0113rt\u0101ku.","og_url":"https:\/\/awero.ee\/lv\/toode\/dzerienu-glazu-turetajs-5-vienibam-kalums\/","og_site_name":"Awero - S\u00fcdamega L\u00f5una-Eestist","article_modified_time":"2026-04-01T12:32:22+00:00","og_image":[{"width":2500,"height":1667,"url":"https:\/\/awero.ee\/wp-content\/uploads\/2024\/12\/Topsihoidja_5_w.png","type":"image\/png"}],"twitter_card":"summary_large_image","schema":{"@context":"https:\/\/schema.org","@graph":[{"@type":"WebPage","@id":"https:\/\/awero.ee\/lv\/toode\/dzerienu-glazu-turetajs-5-vienibam-kalums\/","url":"https:\/\/awero.ee\/lv\/toode\/dzerienu-glazu-turetajs-5-vienibam-kalums\/","name":"Dz\u0113rienu gl\u0101\u017eu tur\u0113t\u0101js 5 vien\u012bb\u0101m, kalums - Awero - S\u00fcdamega L\u00f5una-Eestist","isPartOf":{"@id":"https:\/\/awero.ee\/lv\/#website"},"primaryImageOfPage":{"@id":"https:\/\/awero.ee\/lv\/toode\/dzerienu-glazu-turetajs-5-vienibam-kalums\/#primaryimage"},"image":{"@id":"https:\/\/awero.ee\/lv\/toode\/dzerienu-glazu-turetajs-5-vienibam-kalums\/#primaryimage"},"thumbnailUrl":"https:\/\/awero.ee\/wp-content\/uploads\/2024\/12\/Topsihoidja_5_w.png","datePublished":"2024-12-12T12:00:46+00:00","dateModified":"2026-04-01T12:32:22+00:00","breadcrumb":{"@id":"https:\/\/awero.ee\/lv\/toode\/dzerienu-glazu-turetajs-5-vienibam-kalums\/#breadcrumb"},"inLanguage":"lv-LV","potentialAction":[{"@type":"ReadAction","target":["https:\/\/awero.ee\/lv\/toode\/dzerienu-glazu-turetajs-5-vienibam-kalums\/"]}]},{"@type":"ImageObject","inLanguage":"lv-LV","@id":"https:\/\/awero.ee\/lv\/toode\/dzerienu-glazu-turetajs-5-vienibam-kalums\/#primaryimage","url":"https:\/\/awero.ee\/wp-content\/uploads\/2024\/12\/Topsihoidja_5_w.png","contentUrl":"https:\/\/awero.ee\/wp-content\/uploads\/2024\/12\/Topsihoidja_5_w.png","width":2500,"height":1667},{"@type":"BreadcrumbList","@id":"https:\/\/awero.ee\/lv\/toode\/dzerienu-glazu-turetajs-5-vienibam-kalums\/#breadcrumb","itemListElement":[{"@type":"ListItem","position":1,"name":"Home","item":"https:\/\/awero.ee\/lv\/sakums\/"},{"@type":"ListItem","position":2,"name":"Veikals","item":"https:\/\/awero.ee\/lv\/veikals\/"},{"@type":"ListItem","position":3,"name":"Dz\u0113rienu gl\u0101\u017eu tur\u0113t\u0101js 5 vien\u012bb\u0101m, kalums"}]},{"@type":"WebSite","@id":"https:\/\/awero.ee\/lv\/#website","url":"https:\/\/awero.ee\/lv\/","name":"Awero - S\u00fcdamega L\u00f5una Eestist","description":"","publisher":{"@id":"https:\/\/awero.ee\/lv\/#organization"},"potentialAction":[{"@type":"SearchAction","target":{"@type":"EntryPoint","urlTemplate":"https:\/\/awero.ee\/lv\/?s={search_term_string}"},"query-input":{"@type":"PropertyValueSpecification","valueRequired":true,"valueName":"search_term_string"}}],"inLanguage":"lv-LV"},{"@type":"Organization","@id":"https:\/\/awero.ee\/lv\/#organization","name":"Awero - S\u00fcdamega L\u00f5una Eestist","url":"https:\/\/awero.ee\/lv\/","logo":{"@type":"ImageObject","inLanguage":"lv-LV","@id":"https:\/\/awero.ee\/lv\/#\/schema\/logo\/image\/","url":"https:\/\/awero.ee\/wp-content\/uploads\/2024\/07\/aweroplaceholder.jpg","contentUrl":"https:\/\/awero.ee\/wp-content\/uploads\/2024\/07\/aweroplaceholder.jpg","width":1250,"height":834,"caption":"Awero - S\u00fcdamega L\u00f5una Eestist"},"image":{"@id":"https:\/\/awero.ee\/lv\/#\/schema\/logo\/image\/"}}]}},"_links":{"self":[{"href":"https:\/\/awero.ee\/lv\/wp-json\/wp\/v2\/product\/11547","targetHints":{"allow":["GET"]}}],"collection":[{"href":"https:\/\/awero.ee\/lv\/wp-json\/wp\/v2\/product"}],"about":[{"href":"https:\/\/awero.ee\/lv\/wp-json\/wp\/v2\/types\/product"}],"wp:featuredmedia":[{"embeddable":true,"href":"https:\/\/awero.ee\/lv\/wp-json\/wp\/v2\/media\/11555"}],"wp:attachment":[{"href":"https:\/\/awero.ee\/lv\/wp-json\/wp\/v2\/media?parent=11547"}],"wp:term":[{"taxonomy":"product_brand","embeddable":true,"href":"https:\/\/awero.ee\/lv\/wp-json\/wp\/v2\/product_brand?post=11547"},{"taxonomy":"product_cat","embeddable":true,"href":"https:\/\/awero.ee\/lv\/wp-json\/wp\/v2\/product_cat?post=11547"},{"taxonomy":"product_tag","embeddable":true,"href":"https:\/\/awero.ee\/lv\/wp-json\/wp\/v2\/product_tag?post=11547"}],"curies":[{"name":"wp","href":"https:\/\/api.w.org\/{rel}","templated":true}]}}