{"id":11510,"date":"2024-12-12T12:00:46","date_gmt":"2024-12-12T12:00:46","guid":{"rendered":"https:\/\/awero.ee\/toode\/burbulu-sistema\/"},"modified":"2026-04-01T12:32:23","modified_gmt":"2026-04-01T12:32:23","slug":"burbulu-sistema","status":"publish","type":"product","link":"https:\/\/awero.ee\/lv\/toode\/burbulu-sistema\/","title":{"rendered":"Burbu\u013cu sist\u0113ma"},"content":{"rendered":"<p>Burbu\u013cu sist\u0113ma ir apr\u012bkota ar 12 l\u012bdz 14 sprausl\u0101m (atkar\u012bb\u0101 no kubla izm\u0113ra) un burbu\u013cu rad\u012b\u0161anai tiek izmantots gaisa kompresors. Burbu\u013ci nodro\u0161ina relaks\u0113jo\u0161u mas\u0101\u017eu, pal\u012bdz mazin\u0101t musku\u013cu sasprindzin\u0101jumu un uzlabo asinsriti. Papildus pat\u012bkamam baud\u012bjumam burbu\u013cu sist\u0113mai ir ar\u012b \u013coti praktiska funkcija \u2013 \u016bdens mais\u012b\u0161ana kubla kurin\u0101\u0161anas laik\u0101. Process pal\u012bdz nodro\u0161in\u0101t vienm\u0113r\u012bgu \u016bdens temperat\u016bru un lab\u0101ku sajauk\u0161anos ar \u0137imik\u0101lij\u0101m \u016bdens att\u012br\u012b\u0161anas laik\u0101. Burbu\u013cu sist\u0113mu var uzst\u0101d\u012bt kubliem ar plastmasas \u010daulu.    <\/p>\n<p>&nbsp;<\/p>\n","protected":false},"excerpt":{"rendered":"<p>Burbu\u013cu sist\u0113ma ar gaisa kompresoru ir \u012bpa\u0161i izstr\u0101d\u0101ta kubliem, padarot peldi kubl\u0101 v\u0113l pat\u012bkam\u0101ku un relaks\u0113jo\u0161\u0101ku. Burbu\u013cu sist\u0113ma ir paredz\u0113ta lieto\u0161anai visu gadu, kubla pat\u012bkamo iedarb\u012bbu \u013caujot baud\u012bt jebkur\u0101 laik\u0101. <\/p>\n","protected":false},"featured_media":11517,"template":"","meta":{"_acf_changed":false},"product_brand":[],"product_cat":[1617,15],"product_tag":[],"class_list":{"0":"post-11510","1":"product","2":"type-product","3":"status-publish","4":"has-post-thumbnail","6":"product_cat-papildaprikojums","7":"product_cat-maaramata","9":"first","10":"instock","11":"shipping-taxable","12":"product-type-variable"},"acf":[],"yoast_head":"<!-- This site is optimized with the Yoast SEO plugin v26.8 - https:\/\/yoast.com\/product\/yoast-seo-wordpress\/ -->\n<title>Burbu\u013cu sist\u0113ma - Awero - S\u00fcdamega L\u00f5una-Eestist<\/title>\n<meta name=\"robots\" content=\"index, follow, max-snippet:-1, max-image-preview:large, max-video-preview:-1\" \/>\n<link rel=\"canonical\" href=\"https:\/\/awero.ee\/lv\/toode\/burbulu-sistema\/\" \/>\n<meta property=\"og:locale\" content=\"lv_LV\" \/>\n<meta property=\"og:type\" content=\"article\" \/>\n<meta property=\"og:title\" content=\"Burbu\u013cu sist\u0113ma - Awero - S\u00fcdamega L\u00f5una-Eestist\" \/>\n<meta property=\"og:description\" content=\"Burbu\u013cu sist\u0113ma ar gaisa kompresoru ir \u012bpa\u0161i izstr\u0101d\u0101ta kubliem, padarot peldi kubl\u0101 v\u0113l pat\u012bkam\u0101ku un relaks\u0113jo\u0161\u0101ku. Burbu\u013cu sist\u0113ma ir paredz\u0113ta lieto\u0161anai visu gadu, kubla pat\u012bkamo iedarb\u012bbu \u013caujot baud\u012bt jebkur\u0101 laik\u0101.\" \/>\n<meta property=\"og:url\" content=\"https:\/\/awero.ee\/lv\/toode\/burbulu-sistema\/\" \/>\n<meta property=\"og:site_name\" content=\"Awero - S\u00fcdamega L\u00f5una-Eestist\" \/>\n<meta property=\"article:modified_time\" content=\"2026-04-01T12:32:23+00:00\" \/>\n<meta property=\"og:image\" content=\"https:\/\/awero.ee\/wp-content\/uploads\/2024\/12\/Mullisusteemi-komplekt-kumblustunnile.jpg\" \/>\n\t<meta property=\"og:image:width\" content=\"1600\" \/>\n\t<meta property=\"og:image:height\" content=\"1517\" \/>\n\t<meta property=\"og:image:type\" content=\"image\/jpeg\" \/>\n<meta name=\"twitter:card\" content=\"summary_large_image\" \/>\n<meta name=\"twitter:label1\" content=\"Est. reading time\" \/>\n\t<meta name=\"twitter:data1\" content=\"1 minute\" \/>\n<script type=\"application\/ld+json\" class=\"yoast-schema-graph\">{\"@context\":\"https:\/\/schema.org\",\"@graph\":[{\"@type\":\"WebPage\",\"@id\":\"https:\/\/awero.ee\/lv\/toode\/burbulu-sistema\/\",\"url\":\"https:\/\/awero.ee\/lv\/toode\/burbulu-sistema\/\",\"name\":\"Burbu\u013cu sist\u0113ma - Awero - S\u00fcdamega L\u00f5una-Eestist\",\"isPartOf\":{\"@id\":\"https:\/\/awero.ee\/lv\/#website\"},\"primaryImageOfPage\":{\"@id\":\"https:\/\/awero.ee\/lv\/toode\/burbulu-sistema\/#primaryimage\"},\"image\":{\"@id\":\"https:\/\/awero.ee\/lv\/toode\/burbulu-sistema\/#primaryimage\"},\"thumbnailUrl\":\"https:\/\/awero.ee\/wp-content\/uploads\/2024\/12\/Mullisusteemi-komplekt-kumblustunnile.jpg\",\"datePublished\":\"2024-12-12T12:00:46+00:00\",\"dateModified\":\"2026-04-01T12:32:23+00:00\",\"breadcrumb\":{\"@id\":\"https:\/\/awero.ee\/lv\/toode\/burbulu-sistema\/#breadcrumb\"},\"inLanguage\":\"lv-LV\",\"potentialAction\":[{\"@type\":\"ReadAction\",\"target\":[\"https:\/\/awero.ee\/lv\/toode\/burbulu-sistema\/\"]}]},{\"@type\":\"ImageObject\",\"inLanguage\":\"lv-LV\",\"@id\":\"https:\/\/awero.ee\/lv\/toode\/burbulu-sistema\/#primaryimage\",\"url\":\"https:\/\/awero.ee\/wp-content\/uploads\/2024\/12\/Mullisusteemi-komplekt-kumblustunnile.jpg\",\"contentUrl\":\"https:\/\/awero.ee\/wp-content\/uploads\/2024\/12\/Mullisusteemi-komplekt-kumblustunnile.jpg\",\"width\":1600,\"height\":1517},{\"@type\":\"BreadcrumbList\",\"@id\":\"https:\/\/awero.ee\/lv\/toode\/burbulu-sistema\/#breadcrumb\",\"itemListElement\":[{\"@type\":\"ListItem\",\"position\":1,\"name\":\"Home\",\"item\":\"https:\/\/awero.ee\/lv\/sakums\/\"},{\"@type\":\"ListItem\",\"position\":2,\"name\":\"Veikals\",\"item\":\"https:\/\/awero.ee\/lv\/veikals\/\"},{\"@type\":\"ListItem\",\"position\":3,\"name\":\"Burbu\u013cu sist\u0113ma\"}]},{\"@type\":\"WebSite\",\"@id\":\"https:\/\/awero.ee\/lv\/#website\",\"url\":\"https:\/\/awero.ee\/lv\/\",\"name\":\"Awero - S\u00fcdamega L\u00f5una Eestist\",\"description\":\"\",\"publisher\":{\"@id\":\"https:\/\/awero.ee\/lv\/#organization\"},\"potentialAction\":[{\"@type\":\"SearchAction\",\"target\":{\"@type\":\"EntryPoint\",\"urlTemplate\":\"https:\/\/awero.ee\/lv\/?s={search_term_string}\"},\"query-input\":{\"@type\":\"PropertyValueSpecification\",\"valueRequired\":true,\"valueName\":\"search_term_string\"}}],\"inLanguage\":\"lv-LV\"},{\"@type\":\"Organization\",\"@id\":\"https:\/\/awero.ee\/lv\/#organization\",\"name\":\"Awero - S\u00fcdamega L\u00f5una Eestist\",\"url\":\"https:\/\/awero.ee\/lv\/\",\"logo\":{\"@type\":\"ImageObject\",\"inLanguage\":\"lv-LV\",\"@id\":\"https:\/\/awero.ee\/lv\/#\/schema\/logo\/image\/\",\"url\":\"https:\/\/awero.ee\/wp-content\/uploads\/2024\/07\/aweroplaceholder.jpg\",\"contentUrl\":\"https:\/\/awero.ee\/wp-content\/uploads\/2024\/07\/aweroplaceholder.jpg\",\"width\":1250,\"height\":834,\"caption\":\"Awero - S\u00fcdamega L\u00f5una Eestist\"},\"image\":{\"@id\":\"https:\/\/awero.ee\/lv\/#\/schema\/logo\/image\/\"}}]}<\/script>\n<!-- \/ Yoast SEO plugin. -->","yoast_head_json":{"title":"Burbu\u013cu sist\u0113ma - Awero - S\u00fcdamega L\u00f5una-Eestist","robots":{"index":"index","follow":"follow","max-snippet":"max-snippet:-1","max-image-preview":"max-image-preview:large","max-video-preview":"max-video-preview:-1"},"canonical":"https:\/\/awero.ee\/lv\/toode\/burbulu-sistema\/","og_locale":"lv_LV","og_type":"article","og_title":"Burbu\u013cu sist\u0113ma - Awero - S\u00fcdamega L\u00f5una-Eestist","og_description":"Burbu\u013cu sist\u0113ma ar gaisa kompresoru ir \u012bpa\u0161i izstr\u0101d\u0101ta kubliem, padarot peldi kubl\u0101 v\u0113l pat\u012bkam\u0101ku un relaks\u0113jo\u0161\u0101ku. Burbu\u013cu sist\u0113ma ir paredz\u0113ta lieto\u0161anai visu gadu, kubla pat\u012bkamo iedarb\u012bbu \u013caujot baud\u012bt jebkur\u0101 laik\u0101.","og_url":"https:\/\/awero.ee\/lv\/toode\/burbulu-sistema\/","og_site_name":"Awero - S\u00fcdamega L\u00f5una-Eestist","article_modified_time":"2026-04-01T12:32:23+00:00","og_image":[{"width":1600,"height":1517,"url":"https:\/\/awero.ee\/wp-content\/uploads\/2024\/12\/Mullisusteemi-komplekt-kumblustunnile.jpg","type":"image\/jpeg"}],"twitter_card":"summary_large_image","twitter_misc":{"Est. reading time":"1 minute"},"schema":{"@context":"https:\/\/schema.org","@graph":[{"@type":"WebPage","@id":"https:\/\/awero.ee\/lv\/toode\/burbulu-sistema\/","url":"https:\/\/awero.ee\/lv\/toode\/burbulu-sistema\/","name":"Burbu\u013cu sist\u0113ma - Awero - S\u00fcdamega L\u00f5una-Eestist","isPartOf":{"@id":"https:\/\/awero.ee\/lv\/#website"},"primaryImageOfPage":{"@id":"https:\/\/awero.ee\/lv\/toode\/burbulu-sistema\/#primaryimage"},"image":{"@id":"https:\/\/awero.ee\/lv\/toode\/burbulu-sistema\/#primaryimage"},"thumbnailUrl":"https:\/\/awero.ee\/wp-content\/uploads\/2024\/12\/Mullisusteemi-komplekt-kumblustunnile.jpg","datePublished":"2024-12-12T12:00:46+00:00","dateModified":"2026-04-01T12:32:23+00:00","breadcrumb":{"@id":"https:\/\/awero.ee\/lv\/toode\/burbulu-sistema\/#breadcrumb"},"inLanguage":"lv-LV","potentialAction":[{"@type":"ReadAction","target":["https:\/\/awero.ee\/lv\/toode\/burbulu-sistema\/"]}]},{"@type":"ImageObject","inLanguage":"lv-LV","@id":"https:\/\/awero.ee\/lv\/toode\/burbulu-sistema\/#primaryimage","url":"https:\/\/awero.ee\/wp-content\/uploads\/2024\/12\/Mullisusteemi-komplekt-kumblustunnile.jpg","contentUrl":"https:\/\/awero.ee\/wp-content\/uploads\/2024\/12\/Mullisusteemi-komplekt-kumblustunnile.jpg","width":1600,"height":1517},{"@type":"BreadcrumbList","@id":"https:\/\/awero.ee\/lv\/toode\/burbulu-sistema\/#breadcrumb","itemListElement":[{"@type":"ListItem","position":1,"name":"Home","item":"https:\/\/awero.ee\/lv\/sakums\/"},{"@type":"ListItem","position":2,"name":"Veikals","item":"https:\/\/awero.ee\/lv\/veikals\/"},{"@type":"ListItem","position":3,"name":"Burbu\u013cu sist\u0113ma"}]},{"@type":"WebSite","@id":"https:\/\/awero.ee\/lv\/#website","url":"https:\/\/awero.ee\/lv\/","name":"Awero - S\u00fcdamega L\u00f5una Eestist","description":"","publisher":{"@id":"https:\/\/awero.ee\/lv\/#organization"},"potentialAction":[{"@type":"SearchAction","target":{"@type":"EntryPoint","urlTemplate":"https:\/\/awero.ee\/lv\/?s={search_term_string}"},"query-input":{"@type":"PropertyValueSpecification","valueRequired":true,"valueName":"search_term_string"}}],"inLanguage":"lv-LV"},{"@type":"Organization","@id":"https:\/\/awero.ee\/lv\/#organization","name":"Awero - S\u00fcdamega L\u00f5una Eestist","url":"https:\/\/awero.ee\/lv\/","logo":{"@type":"ImageObject","inLanguage":"lv-LV","@id":"https:\/\/awero.ee\/lv\/#\/schema\/logo\/image\/","url":"https:\/\/awero.ee\/wp-content\/uploads\/2024\/07\/aweroplaceholder.jpg","contentUrl":"https:\/\/awero.ee\/wp-content\/uploads\/2024\/07\/aweroplaceholder.jpg","width":1250,"height":834,"caption":"Awero - S\u00fcdamega L\u00f5una Eestist"},"image":{"@id":"https:\/\/awero.ee\/lv\/#\/schema\/logo\/image\/"}}]}},"_links":{"self":[{"href":"https:\/\/awero.ee\/lv\/wp-json\/wp\/v2\/product\/11510","targetHints":{"allow":["GET"]}}],"collection":[{"href":"https:\/\/awero.ee\/lv\/wp-json\/wp\/v2\/product"}],"about":[{"href":"https:\/\/awero.ee\/lv\/wp-json\/wp\/v2\/types\/product"}],"wp:featuredmedia":[{"embeddable":true,"href":"https:\/\/awero.ee\/lv\/wp-json\/wp\/v2\/media\/11517"}],"wp:attachment":[{"href":"https:\/\/awero.ee\/lv\/wp-json\/wp\/v2\/media?parent=11510"}],"wp:term":[{"taxonomy":"product_brand","embeddable":true,"href":"https:\/\/awero.ee\/lv\/wp-json\/wp\/v2\/product_brand?post=11510"},{"taxonomy":"product_cat","embeddable":true,"href":"https:\/\/awero.ee\/lv\/wp-json\/wp\/v2\/product_cat?post=11510"},{"taxonomy":"product_tag","embeddable":true,"href":"https:\/\/awero.ee\/lv\/wp-json\/wp\/v2\/product_tag?post=11510"}],"curies":[{"name":"wp","href":"https:\/\/api.w.org\/{rel}","templated":true}]}}