{"id":11482,"date":"2024-12-12T12:00:46","date_gmt":"2024-12-12T12:00:46","guid":{"rendered":"https:\/\/awero.ee\/toode\/pvc-parsegs-kublam\/"},"modified":"2026-03-10T07:59:08","modified_gmt":"2026-03-10T07:59:08","slug":"pvc-parsegs-kublam","status":"publish","type":"product","link":"https:\/\/awero.ee\/lv\/toode\/pvc-parsegs-kublam\/","title":{"rendered":"PVC p\u0101rsegs kublam"},"content":{"rendered":"<p>PVC ir iztur\u012bgs materi\u0101ls pret laikapst\u0101k\u013ciem un skr\u0101p\u0113jumiem, turkl\u0101t ar ilgu kalpo\u0161anas laiku. P\u0101rsegu ir viegli t\u012br\u012bt un uztur\u0113t \u2013 parasti pietiek tikai noskalot ar \u016bdeni vai nomazg\u0101t ar maigu ziepj\u016bdeni. <\/p>\n<p>PVC p\u0101rsegi ir pieejami kubliem gan ar iek\u0161\u0113jo, gan \u0101r\u0113jo kr\u0101sni\u0146u un tr\u012bs da\u017e\u0101dos diametros \u2013 160 cm, 180 cm un 200 cm (t.i., kublu diametri, jo p\u0101rsegi ir liel\u0101ki, lai tos var\u0113tu noloc\u012bt l\u012bdz kubla sien\u0101m lab\u0101kai p\u0101rkl\u0101juma nodro\u0161in\u0101\u0161anai).<\/p>\n<p>Papildu inform\u0101cija:<\/p>\n<p>P\u0101rsegs izgatavots no PVC (polivinilhlor\u012bda) materi\u0101la. PVC ir sint\u0113tiskais polim\u0113rs, kas ir viens no izplat\u012bt\u0101kajiem plastmasas veidiem pasaul\u0113. <\/p>\n","protected":false},"excerpt":{"rendered":"<p>PVC p\u0101rsegs ir lieliska izv\u0113le tiem, kas nov\u0113rt\u0113 iztur\u012bbu un vienk\u0101r\u0161u apkopi sava kubla aizsardz\u012bbai. P\u0101rsegs pal\u012bdz\u0113s aizsarg\u0101t kubl\u0101 eso\u0161o \u016bdeni no \u0101r\u0113jiem pies\u0101r\u0146ot\u0101jiem un net\u012brumiem, t\u0101d\u0113j\u0101di nodro\u0161inot ilg\u0101ku lieto\u0161anas ciklu pirms k\u0101rt\u0113j\u0101s apkopes. <\/p>\n","protected":false},"featured_media":11486,"template":"","meta":{"_acf_changed":false},"product_brand":[],"product_cat":[1617,15],"product_tag":[],"class_list":{"0":"post-11482","1":"product","2":"type-product","3":"status-publish","4":"has-post-thumbnail","6":"product_cat-papildaprikojums","7":"product_cat-maaramata","9":"first","10":"instock","11":"shipping-taxable","12":"product-type-variable"},"acf":[],"yoast_head":"<!-- This site is optimized with the Yoast SEO plugin v26.8 - https:\/\/yoast.com\/product\/yoast-seo-wordpress\/ -->\n<title>PVC p\u0101rsegs kublam - Awero - S\u00fcdamega L\u00f5una-Eestist<\/title>\n<meta name=\"robots\" content=\"index, follow, max-snippet:-1, max-image-preview:large, max-video-preview:-1\" \/>\n<link rel=\"canonical\" href=\"https:\/\/awero.ee\/lv\/toode\/pvc-parsegs-kublam\/\" \/>\n<meta property=\"og:locale\" content=\"lv_LV\" \/>\n<meta property=\"og:type\" content=\"article\" \/>\n<meta property=\"og:title\" content=\"PVC p\u0101rsegs kublam - Awero - S\u00fcdamega L\u00f5una-Eestist\" \/>\n<meta property=\"og:description\" content=\"PVC p\u0101rsegs ir lieliska izv\u0113le tiem, kas nov\u0113rt\u0113 iztur\u012bbu un vienk\u0101r\u0161u apkopi sava kubla aizsardz\u012bbai. P\u0101rsegs pal\u012bdz\u0113s aizsarg\u0101t kubl\u0101 eso\u0161o \u016bdeni no \u0101r\u0113jiem pies\u0101r\u0146ot\u0101jiem un net\u012brumiem, t\u0101d\u0113j\u0101di nodro\u0161inot ilg\u0101ku lieto\u0161anas ciklu pirms k\u0101rt\u0113j\u0101s apkopes.\" \/>\n<meta property=\"og:url\" content=\"https:\/\/awero.ee\/lv\/toode\/pvc-parsegs-kublam\/\" \/>\n<meta property=\"og:site_name\" content=\"Awero - S\u00fcdamega L\u00f5una-Eestist\" \/>\n<meta property=\"article:modified_time\" content=\"2026-03-10T07:59:08+00:00\" \/>\n<meta property=\"og:image\" content=\"https:\/\/awero.ee\/wp-content\/uploads\/2024\/12\/Kate_pvc.png\" \/>\n\t<meta property=\"og:image:width\" content=\"2500\" \/>\n\t<meta property=\"og:image:height\" content=\"1667\" \/>\n\t<meta property=\"og:image:type\" content=\"image\/png\" \/>\n<meta name=\"twitter:card\" content=\"summary_large_image\" \/>\n<meta name=\"twitter:label1\" content=\"Est. reading time\" \/>\n\t<meta name=\"twitter:data1\" content=\"1 minute\" \/>\n<script type=\"application\/ld+json\" class=\"yoast-schema-graph\">{\"@context\":\"https:\/\/schema.org\",\"@graph\":[{\"@type\":\"WebPage\",\"@id\":\"https:\/\/awero.ee\/lv\/toode\/pvc-parsegs-kublam\/\",\"url\":\"https:\/\/awero.ee\/lv\/toode\/pvc-parsegs-kublam\/\",\"name\":\"PVC p\u0101rsegs kublam - Awero - S\u00fcdamega L\u00f5una-Eestist\",\"isPartOf\":{\"@id\":\"https:\/\/awero.ee\/lv\/#website\"},\"primaryImageOfPage\":{\"@id\":\"https:\/\/awero.ee\/lv\/toode\/pvc-parsegs-kublam\/#primaryimage\"},\"image\":{\"@id\":\"https:\/\/awero.ee\/lv\/toode\/pvc-parsegs-kublam\/#primaryimage\"},\"thumbnailUrl\":\"https:\/\/awero.ee\/wp-content\/uploads\/2024\/12\/Kate_pvc.png\",\"datePublished\":\"2024-12-12T12:00:46+00:00\",\"dateModified\":\"2026-03-10T07:59:08+00:00\",\"breadcrumb\":{\"@id\":\"https:\/\/awero.ee\/lv\/toode\/pvc-parsegs-kublam\/#breadcrumb\"},\"inLanguage\":\"lv-LV\",\"potentialAction\":[{\"@type\":\"ReadAction\",\"target\":[\"https:\/\/awero.ee\/lv\/toode\/pvc-parsegs-kublam\/\"]}]},{\"@type\":\"ImageObject\",\"inLanguage\":\"lv-LV\",\"@id\":\"https:\/\/awero.ee\/lv\/toode\/pvc-parsegs-kublam\/#primaryimage\",\"url\":\"https:\/\/awero.ee\/wp-content\/uploads\/2024\/12\/Kate_pvc.png\",\"contentUrl\":\"https:\/\/awero.ee\/wp-content\/uploads\/2024\/12\/Kate_pvc.png\",\"width\":2500,\"height\":1667},{\"@type\":\"BreadcrumbList\",\"@id\":\"https:\/\/awero.ee\/lv\/toode\/pvc-parsegs-kublam\/#breadcrumb\",\"itemListElement\":[{\"@type\":\"ListItem\",\"position\":1,\"name\":\"Home\",\"item\":\"https:\/\/awero.ee\/lv\/sakums\/\"},{\"@type\":\"ListItem\",\"position\":2,\"name\":\"Veikals\",\"item\":\"https:\/\/awero.ee\/lv\/veikals\/\"},{\"@type\":\"ListItem\",\"position\":3,\"name\":\"PVC p\u0101rsegs kublam\"}]},{\"@type\":\"WebSite\",\"@id\":\"https:\/\/awero.ee\/lv\/#website\",\"url\":\"https:\/\/awero.ee\/lv\/\",\"name\":\"Awero - S\u00fcdamega L\u00f5una Eestist\",\"description\":\"\",\"publisher\":{\"@id\":\"https:\/\/awero.ee\/lv\/#organization\"},\"potentialAction\":[{\"@type\":\"SearchAction\",\"target\":{\"@type\":\"EntryPoint\",\"urlTemplate\":\"https:\/\/awero.ee\/lv\/?s={search_term_string}\"},\"query-input\":{\"@type\":\"PropertyValueSpecification\",\"valueRequired\":true,\"valueName\":\"search_term_string\"}}],\"inLanguage\":\"lv-LV\"},{\"@type\":\"Organization\",\"@id\":\"https:\/\/awero.ee\/lv\/#organization\",\"name\":\"Awero - S\u00fcdamega L\u00f5una Eestist\",\"url\":\"https:\/\/awero.ee\/lv\/\",\"logo\":{\"@type\":\"ImageObject\",\"inLanguage\":\"lv-LV\",\"@id\":\"https:\/\/awero.ee\/lv\/#\/schema\/logo\/image\/\",\"url\":\"https:\/\/awero.ee\/wp-content\/uploads\/2024\/07\/aweroplaceholder.jpg\",\"contentUrl\":\"https:\/\/awero.ee\/wp-content\/uploads\/2024\/07\/aweroplaceholder.jpg\",\"width\":1250,\"height\":834,\"caption\":\"Awero - S\u00fcdamega L\u00f5una Eestist\"},\"image\":{\"@id\":\"https:\/\/awero.ee\/lv\/#\/schema\/logo\/image\/\"}}]}<\/script>\n<!-- \/ Yoast SEO plugin. -->","yoast_head_json":{"title":"PVC p\u0101rsegs kublam - Awero - S\u00fcdamega L\u00f5una-Eestist","robots":{"index":"index","follow":"follow","max-snippet":"max-snippet:-1","max-image-preview":"max-image-preview:large","max-video-preview":"max-video-preview:-1"},"canonical":"https:\/\/awero.ee\/lv\/toode\/pvc-parsegs-kublam\/","og_locale":"lv_LV","og_type":"article","og_title":"PVC p\u0101rsegs kublam - Awero - S\u00fcdamega L\u00f5una-Eestist","og_description":"PVC p\u0101rsegs ir lieliska izv\u0113le tiem, kas nov\u0113rt\u0113 iztur\u012bbu un vienk\u0101r\u0161u apkopi sava kubla aizsardz\u012bbai. P\u0101rsegs pal\u012bdz\u0113s aizsarg\u0101t kubl\u0101 eso\u0161o \u016bdeni no \u0101r\u0113jiem pies\u0101r\u0146ot\u0101jiem un net\u012brumiem, t\u0101d\u0113j\u0101di nodro\u0161inot ilg\u0101ku lieto\u0161anas ciklu pirms k\u0101rt\u0113j\u0101s apkopes.","og_url":"https:\/\/awero.ee\/lv\/toode\/pvc-parsegs-kublam\/","og_site_name":"Awero - S\u00fcdamega L\u00f5una-Eestist","article_modified_time":"2026-03-10T07:59:08+00:00","og_image":[{"width":2500,"height":1667,"url":"https:\/\/awero.ee\/wp-content\/uploads\/2024\/12\/Kate_pvc.png","type":"image\/png"}],"twitter_card":"summary_large_image","twitter_misc":{"Est. reading time":"1 minute"},"schema":{"@context":"https:\/\/schema.org","@graph":[{"@type":"WebPage","@id":"https:\/\/awero.ee\/lv\/toode\/pvc-parsegs-kublam\/","url":"https:\/\/awero.ee\/lv\/toode\/pvc-parsegs-kublam\/","name":"PVC p\u0101rsegs kublam - Awero - S\u00fcdamega L\u00f5una-Eestist","isPartOf":{"@id":"https:\/\/awero.ee\/lv\/#website"},"primaryImageOfPage":{"@id":"https:\/\/awero.ee\/lv\/toode\/pvc-parsegs-kublam\/#primaryimage"},"image":{"@id":"https:\/\/awero.ee\/lv\/toode\/pvc-parsegs-kublam\/#primaryimage"},"thumbnailUrl":"https:\/\/awero.ee\/wp-content\/uploads\/2024\/12\/Kate_pvc.png","datePublished":"2024-12-12T12:00:46+00:00","dateModified":"2026-03-10T07:59:08+00:00","breadcrumb":{"@id":"https:\/\/awero.ee\/lv\/toode\/pvc-parsegs-kublam\/#breadcrumb"},"inLanguage":"lv-LV","potentialAction":[{"@type":"ReadAction","target":["https:\/\/awero.ee\/lv\/toode\/pvc-parsegs-kublam\/"]}]},{"@type":"ImageObject","inLanguage":"lv-LV","@id":"https:\/\/awero.ee\/lv\/toode\/pvc-parsegs-kublam\/#primaryimage","url":"https:\/\/awero.ee\/wp-content\/uploads\/2024\/12\/Kate_pvc.png","contentUrl":"https:\/\/awero.ee\/wp-content\/uploads\/2024\/12\/Kate_pvc.png","width":2500,"height":1667},{"@type":"BreadcrumbList","@id":"https:\/\/awero.ee\/lv\/toode\/pvc-parsegs-kublam\/#breadcrumb","itemListElement":[{"@type":"ListItem","position":1,"name":"Home","item":"https:\/\/awero.ee\/lv\/sakums\/"},{"@type":"ListItem","position":2,"name":"Veikals","item":"https:\/\/awero.ee\/lv\/veikals\/"},{"@type":"ListItem","position":3,"name":"PVC p\u0101rsegs kublam"}]},{"@type":"WebSite","@id":"https:\/\/awero.ee\/lv\/#website","url":"https:\/\/awero.ee\/lv\/","name":"Awero - S\u00fcdamega L\u00f5una Eestist","description":"","publisher":{"@id":"https:\/\/awero.ee\/lv\/#organization"},"potentialAction":[{"@type":"SearchAction","target":{"@type":"EntryPoint","urlTemplate":"https:\/\/awero.ee\/lv\/?s={search_term_string}"},"query-input":{"@type":"PropertyValueSpecification","valueRequired":true,"valueName":"search_term_string"}}],"inLanguage":"lv-LV"},{"@type":"Organization","@id":"https:\/\/awero.ee\/lv\/#organization","name":"Awero - S\u00fcdamega L\u00f5una Eestist","url":"https:\/\/awero.ee\/lv\/","logo":{"@type":"ImageObject","inLanguage":"lv-LV","@id":"https:\/\/awero.ee\/lv\/#\/schema\/logo\/image\/","url":"https:\/\/awero.ee\/wp-content\/uploads\/2024\/07\/aweroplaceholder.jpg","contentUrl":"https:\/\/awero.ee\/wp-content\/uploads\/2024\/07\/aweroplaceholder.jpg","width":1250,"height":834,"caption":"Awero - S\u00fcdamega L\u00f5una Eestist"},"image":{"@id":"https:\/\/awero.ee\/lv\/#\/schema\/logo\/image\/"}}]}},"_links":{"self":[{"href":"https:\/\/awero.ee\/lv\/wp-json\/wp\/v2\/product\/11482","targetHints":{"allow":["GET"]}}],"collection":[{"href":"https:\/\/awero.ee\/lv\/wp-json\/wp\/v2\/product"}],"about":[{"href":"https:\/\/awero.ee\/lv\/wp-json\/wp\/v2\/types\/product"}],"wp:featuredmedia":[{"embeddable":true,"href":"https:\/\/awero.ee\/lv\/wp-json\/wp\/v2\/media\/11486"}],"wp:attachment":[{"href":"https:\/\/awero.ee\/lv\/wp-json\/wp\/v2\/media?parent=11482"}],"wp:term":[{"taxonomy":"product_brand","embeddable":true,"href":"https:\/\/awero.ee\/lv\/wp-json\/wp\/v2\/product_brand?post=11482"},{"taxonomy":"product_cat","embeddable":true,"href":"https:\/\/awero.ee\/lv\/wp-json\/wp\/v2\/product_cat?post=11482"},{"taxonomy":"product_tag","embeddable":true,"href":"https:\/\/awero.ee\/lv\/wp-json\/wp\/v2\/product_tag?post=11482"}],"curies":[{"name":"wp","href":"https:\/\/api.w.org\/{rel}","templated":true}]}}