{"id":11450,"date":"2024-12-12T12:00:45","date_gmt":"2024-12-12T12:00:45","guid":{"rendered":"https:\/\/awero.ee\/toode\/izolets-vaks-kublam\/"},"modified":"2026-04-01T12:32:23","modified_gmt":"2026-04-01T12:32:23","slug":"izolets-vaks-kublam","status":"publish","type":"product","link":"https:\/\/awero.ee\/lv\/toode\/izolets-vaks-kublam\/","title":{"rendered":"Izol\u0113ts v\u0101ks kublam"},"content":{"rendered":"<div align=\"justify\">\n<p>Izol\u0113tais termov\u0101ks izgatavots no iztur\u012bga un kvalitat\u012bva materi\u0101la, kas pal\u012bdz samazin\u0101t siltuma zudumus no kubla. V\u0101ks pal\u012bdz pa\u0101trin\u0101t \u016bdens temperat\u016bras pacel\u0161anos kurin\u0101\u0161anas laik\u0101 un pal\u0113nina \u016bdens atdzi\u0161anu aukst\u0101k\u0101s dien\u0101s. Papildus izol\u0101cijai termov\u0101ks ar\u012b aizsarg\u0101 \u016bdeni no \u0101r\u0113jiem pies\u0101r\u0146ot\u0101jiem un net\u012brumiem, nodro\u0161inot t\u012br\u0101ku un vesel\u012bg\u0101ku vidi peldei. Termov\u0101ks ir atverams un aizverams pa vidu (salok\u0101s uz pus\u0113m), lai to b\u016btu viegl\u0101k un \u0113rt\u0101k pacelt.   <\/p>\n<p><strong>Mode\u013ci un izm\u0113ri:<\/strong><\/p>\n<p>IceTub 100<\/p>\n<p>IconTub 200<\/p>\n<p>Diametrs 160 cm<\/p>\n<p>Diametrs 200 cm<\/p>\n<p>Diametrs 220 cm<\/p>\n<p>MulliXKing<\/p>\n<p>Ofuro<\/p>\n<p>Citu izm\u0113ru v\u0101ki \u2013 vaic\u0101jiet pied\u0101v\u0101jumu!<\/p>\n<p>&nbsp;<\/p>\n<p><strong>NB! Prece izm\u0113ra d\u0113\u013c neietilpst pakom\u0101t\u0101. <\/strong> Preces izsnieg\u0161ana m\u016bsu ra\u017eotn\u0113 (sa\u0146emot person\u012bgi) vai ar kurjeru. Lai ieg\u016btu pla\u0161\u0101ku inform\u0101ciju, l\u016bdzu, sazinieties ar m\u016bsu p\u0101rdo\u0161anas <a href=\"https:\/\/awero.ee\/ettevotest\/\">speci\u0101listiem! <\/a>Lai ieg\u016btu pla\u0161\u0101ku inform\u0101ciju par termov\u0101ku piem\u0113rot\u012bbu un uzst\u0101d\u012b\u0161anu j\u016bsu kublam, jaut\u0101jiet m\u016bsu p\u0101rdo\u0161anas speci\u0101listiem, un atrodiet ide\u0101lo risin\u0101jumu, lai uzlabotu savu pieredzi!  <\/p>\n<p>P\u0101rliecinieties, ka termov\u0101ks ir pareizi uzst\u0101d\u012bts saska\u0146\u0101 ar ra\u017eot\u0101ja nor\u0101d\u012bjumiem, lai nodro\u0161in\u0101tu optim\u0101lu siltumizol\u0101ciju un aizsardz\u012bbu pret \u0101r\u0113j\u0101s vides ietekmi.<\/p>\n<\/div>\n","protected":false},"excerpt":{"rendered":"<div align=\"justify\">\n<p>Cen\u0101 iek\u013cauts PVN<\/p>\n<p>Vai mekl\u0113jat veidu, k\u0101 kubl\u0101 uztur\u0113t \u016bdens temperat\u016bru un t\u012br\u012bbu? Apskatiet m\u016bsu pied\u0101v\u0101jum\u0101 eso\u0161o izol\u0113to termov\u0101ku, kas izstr\u0101d\u0101ts, lai nodro\u0161in\u0101tu \u0113rtu un pat\u012bkamu pieredzi visa gada garum\u0101. Termov\u0101ks pieejams vair\u0101kos da\u017e\u0101dos mode\u013cos un izm\u0113ros, lai tas atbilstu j\u016bsu kubla izm\u0113ram.  <\/p>\n<\/div>\n","protected":false},"featured_media":11463,"template":"","meta":{"_acf_changed":false},"product_brand":[],"product_cat":[1617,15],"product_tag":[],"class_list":{"0":"post-11450","1":"product","2":"type-product","3":"status-publish","4":"has-post-thumbnail","6":"product_cat-papildaprikojums","7":"product_cat-maaramata","9":"first","10":"instock","11":"shipping-taxable","12":"product-type-variable"},"acf":[],"yoast_head":"<!-- This site is optimized with the Yoast SEO plugin v26.8 - https:\/\/yoast.com\/product\/yoast-seo-wordpress\/ -->\n<title>Izol\u0113ts v\u0101ks kublam - Awero - S\u00fcdamega L\u00f5una-Eestist<\/title>\n<meta name=\"robots\" content=\"index, follow, max-snippet:-1, max-image-preview:large, max-video-preview:-1\" \/>\n<link rel=\"canonical\" href=\"https:\/\/awero.ee\/lv\/toode\/izolets-vaks-kublam\/\" \/>\n<meta property=\"og:locale\" content=\"lv_LV\" \/>\n<meta property=\"og:type\" content=\"article\" \/>\n<meta property=\"og:title\" content=\"Izol\u0113ts v\u0101ks kublam - Awero - S\u00fcdamega L\u00f5una-Eestist\" \/>\n<meta property=\"og:description\" content=\"Cen\u0101 iek\u013cauts PVN Vai mekl\u0113jat veidu, k\u0101 kubl\u0101 uztur\u0113t \u016bdens temperat\u016bru un t\u012br\u012bbu? Apskatiet m\u016bsu pied\u0101v\u0101jum\u0101 eso\u0161o izol\u0113to termov\u0101ku, kas izstr\u0101d\u0101ts, lai nodro\u0161in\u0101tu \u0113rtu un pat\u012bkamu pieredzi visa gada garum\u0101. Termov\u0101ks pieejams vair\u0101kos da\u017e\u0101dos mode\u013cos un izm\u0113ros, lai tas atbilstu j\u016bsu kubla izm\u0113ram.\" \/>\n<meta property=\"og:url\" content=\"https:\/\/awero.ee\/lv\/toode\/izolets-vaks-kublam\/\" \/>\n<meta property=\"og:site_name\" content=\"Awero - S\u00fcdamega L\u00f5una-Eestist\" \/>\n<meta property=\"article:modified_time\" content=\"2026-04-01T12:32:23+00:00\" \/>\n<meta property=\"og:image\" content=\"https:\/\/awero.ee\/wp-content\/uploads\/2024\/12\/Kate_soojustatud.png\" \/>\n\t<meta property=\"og:image:width\" content=\"2500\" \/>\n\t<meta property=\"og:image:height\" content=\"1667\" \/>\n\t<meta property=\"og:image:type\" content=\"image\/png\" \/>\n<meta name=\"twitter:card\" content=\"summary_large_image\" \/>\n<meta name=\"twitter:label1\" content=\"Est. reading time\" \/>\n\t<meta name=\"twitter:data1\" content=\"1 minute\" \/>\n<script type=\"application\/ld+json\" class=\"yoast-schema-graph\">{\"@context\":\"https:\/\/schema.org\",\"@graph\":[{\"@type\":\"WebPage\",\"@id\":\"https:\/\/awero.ee\/lv\/toode\/izolets-vaks-kublam\/\",\"url\":\"https:\/\/awero.ee\/lv\/toode\/izolets-vaks-kublam\/\",\"name\":\"Izol\u0113ts v\u0101ks kublam - Awero - S\u00fcdamega L\u00f5una-Eestist\",\"isPartOf\":{\"@id\":\"https:\/\/awero.ee\/lv\/#website\"},\"primaryImageOfPage\":{\"@id\":\"https:\/\/awero.ee\/lv\/toode\/izolets-vaks-kublam\/#primaryimage\"},\"image\":{\"@id\":\"https:\/\/awero.ee\/lv\/toode\/izolets-vaks-kublam\/#primaryimage\"},\"thumbnailUrl\":\"https:\/\/awero.ee\/wp-content\/uploads\/2024\/12\/Kate_soojustatud.png\",\"datePublished\":\"2024-12-12T12:00:45+00:00\",\"dateModified\":\"2026-04-01T12:32:23+00:00\",\"breadcrumb\":{\"@id\":\"https:\/\/awero.ee\/lv\/toode\/izolets-vaks-kublam\/#breadcrumb\"},\"inLanguage\":\"lv-LV\",\"potentialAction\":[{\"@type\":\"ReadAction\",\"target\":[\"https:\/\/awero.ee\/lv\/toode\/izolets-vaks-kublam\/\"]}]},{\"@type\":\"ImageObject\",\"inLanguage\":\"lv-LV\",\"@id\":\"https:\/\/awero.ee\/lv\/toode\/izolets-vaks-kublam\/#primaryimage\",\"url\":\"https:\/\/awero.ee\/wp-content\/uploads\/2024\/12\/Kate_soojustatud.png\",\"contentUrl\":\"https:\/\/awero.ee\/wp-content\/uploads\/2024\/12\/Kate_soojustatud.png\",\"width\":2500,\"height\":1667},{\"@type\":\"BreadcrumbList\",\"@id\":\"https:\/\/awero.ee\/lv\/toode\/izolets-vaks-kublam\/#breadcrumb\",\"itemListElement\":[{\"@type\":\"ListItem\",\"position\":1,\"name\":\"Home\",\"item\":\"https:\/\/awero.ee\/lv\/sakums\/\"},{\"@type\":\"ListItem\",\"position\":2,\"name\":\"Veikals\",\"item\":\"https:\/\/awero.ee\/lv\/veikals\/\"},{\"@type\":\"ListItem\",\"position\":3,\"name\":\"Izol\u0113ts v\u0101ks kublam\"}]},{\"@type\":\"WebSite\",\"@id\":\"https:\/\/awero.ee\/lv\/#website\",\"url\":\"https:\/\/awero.ee\/lv\/\",\"name\":\"Awero - S\u00fcdamega L\u00f5una Eestist\",\"description\":\"\",\"publisher\":{\"@id\":\"https:\/\/awero.ee\/lv\/#organization\"},\"potentialAction\":[{\"@type\":\"SearchAction\",\"target\":{\"@type\":\"EntryPoint\",\"urlTemplate\":\"https:\/\/awero.ee\/lv\/?s={search_term_string}\"},\"query-input\":{\"@type\":\"PropertyValueSpecification\",\"valueRequired\":true,\"valueName\":\"search_term_string\"}}],\"inLanguage\":\"lv-LV\"},{\"@type\":\"Organization\",\"@id\":\"https:\/\/awero.ee\/lv\/#organization\",\"name\":\"Awero - S\u00fcdamega L\u00f5una Eestist\",\"url\":\"https:\/\/awero.ee\/lv\/\",\"logo\":{\"@type\":\"ImageObject\",\"inLanguage\":\"lv-LV\",\"@id\":\"https:\/\/awero.ee\/lv\/#\/schema\/logo\/image\/\",\"url\":\"https:\/\/awero.ee\/wp-content\/uploads\/2024\/07\/aweroplaceholder.jpg\",\"contentUrl\":\"https:\/\/awero.ee\/wp-content\/uploads\/2024\/07\/aweroplaceholder.jpg\",\"width\":1250,\"height\":834,\"caption\":\"Awero - S\u00fcdamega L\u00f5una Eestist\"},\"image\":{\"@id\":\"https:\/\/awero.ee\/lv\/#\/schema\/logo\/image\/\"}}]}<\/script>\n<!-- \/ Yoast SEO plugin. -->","yoast_head_json":{"title":"Izol\u0113ts v\u0101ks kublam - Awero - S\u00fcdamega L\u00f5una-Eestist","robots":{"index":"index","follow":"follow","max-snippet":"max-snippet:-1","max-image-preview":"max-image-preview:large","max-video-preview":"max-video-preview:-1"},"canonical":"https:\/\/awero.ee\/lv\/toode\/izolets-vaks-kublam\/","og_locale":"lv_LV","og_type":"article","og_title":"Izol\u0113ts v\u0101ks kublam - Awero - S\u00fcdamega L\u00f5una-Eestist","og_description":"Cen\u0101 iek\u013cauts PVN Vai mekl\u0113jat veidu, k\u0101 kubl\u0101 uztur\u0113t \u016bdens temperat\u016bru un t\u012br\u012bbu? Apskatiet m\u016bsu pied\u0101v\u0101jum\u0101 eso\u0161o izol\u0113to termov\u0101ku, kas izstr\u0101d\u0101ts, lai nodro\u0161in\u0101tu \u0113rtu un pat\u012bkamu pieredzi visa gada garum\u0101. Termov\u0101ks pieejams vair\u0101kos da\u017e\u0101dos mode\u013cos un izm\u0113ros, lai tas atbilstu j\u016bsu kubla izm\u0113ram.","og_url":"https:\/\/awero.ee\/lv\/toode\/izolets-vaks-kublam\/","og_site_name":"Awero - S\u00fcdamega L\u00f5una-Eestist","article_modified_time":"2026-04-01T12:32:23+00:00","og_image":[{"width":2500,"height":1667,"url":"https:\/\/awero.ee\/wp-content\/uploads\/2024\/12\/Kate_soojustatud.png","type":"image\/png"}],"twitter_card":"summary_large_image","twitter_misc":{"Est. reading time":"1 minute"},"schema":{"@context":"https:\/\/schema.org","@graph":[{"@type":"WebPage","@id":"https:\/\/awero.ee\/lv\/toode\/izolets-vaks-kublam\/","url":"https:\/\/awero.ee\/lv\/toode\/izolets-vaks-kublam\/","name":"Izol\u0113ts v\u0101ks kublam - Awero - S\u00fcdamega L\u00f5una-Eestist","isPartOf":{"@id":"https:\/\/awero.ee\/lv\/#website"},"primaryImageOfPage":{"@id":"https:\/\/awero.ee\/lv\/toode\/izolets-vaks-kublam\/#primaryimage"},"image":{"@id":"https:\/\/awero.ee\/lv\/toode\/izolets-vaks-kublam\/#primaryimage"},"thumbnailUrl":"https:\/\/awero.ee\/wp-content\/uploads\/2024\/12\/Kate_soojustatud.png","datePublished":"2024-12-12T12:00:45+00:00","dateModified":"2026-04-01T12:32:23+00:00","breadcrumb":{"@id":"https:\/\/awero.ee\/lv\/toode\/izolets-vaks-kublam\/#breadcrumb"},"inLanguage":"lv-LV","potentialAction":[{"@type":"ReadAction","target":["https:\/\/awero.ee\/lv\/toode\/izolets-vaks-kublam\/"]}]},{"@type":"ImageObject","inLanguage":"lv-LV","@id":"https:\/\/awero.ee\/lv\/toode\/izolets-vaks-kublam\/#primaryimage","url":"https:\/\/awero.ee\/wp-content\/uploads\/2024\/12\/Kate_soojustatud.png","contentUrl":"https:\/\/awero.ee\/wp-content\/uploads\/2024\/12\/Kate_soojustatud.png","width":2500,"height":1667},{"@type":"BreadcrumbList","@id":"https:\/\/awero.ee\/lv\/toode\/izolets-vaks-kublam\/#breadcrumb","itemListElement":[{"@type":"ListItem","position":1,"name":"Home","item":"https:\/\/awero.ee\/lv\/sakums\/"},{"@type":"ListItem","position":2,"name":"Veikals","item":"https:\/\/awero.ee\/lv\/veikals\/"},{"@type":"ListItem","position":3,"name":"Izol\u0113ts v\u0101ks kublam"}]},{"@type":"WebSite","@id":"https:\/\/awero.ee\/lv\/#website","url":"https:\/\/awero.ee\/lv\/","name":"Awero - S\u00fcdamega L\u00f5una Eestist","description":"","publisher":{"@id":"https:\/\/awero.ee\/lv\/#organization"},"potentialAction":[{"@type":"SearchAction","target":{"@type":"EntryPoint","urlTemplate":"https:\/\/awero.ee\/lv\/?s={search_term_string}"},"query-input":{"@type":"PropertyValueSpecification","valueRequired":true,"valueName":"search_term_string"}}],"inLanguage":"lv-LV"},{"@type":"Organization","@id":"https:\/\/awero.ee\/lv\/#organization","name":"Awero - S\u00fcdamega L\u00f5una Eestist","url":"https:\/\/awero.ee\/lv\/","logo":{"@type":"ImageObject","inLanguage":"lv-LV","@id":"https:\/\/awero.ee\/lv\/#\/schema\/logo\/image\/","url":"https:\/\/awero.ee\/wp-content\/uploads\/2024\/07\/aweroplaceholder.jpg","contentUrl":"https:\/\/awero.ee\/wp-content\/uploads\/2024\/07\/aweroplaceholder.jpg","width":1250,"height":834,"caption":"Awero - S\u00fcdamega L\u00f5una Eestist"},"image":{"@id":"https:\/\/awero.ee\/lv\/#\/schema\/logo\/image\/"}}]}},"_links":{"self":[{"href":"https:\/\/awero.ee\/lv\/wp-json\/wp\/v2\/product\/11450","targetHints":{"allow":["GET"]}}],"collection":[{"href":"https:\/\/awero.ee\/lv\/wp-json\/wp\/v2\/product"}],"about":[{"href":"https:\/\/awero.ee\/lv\/wp-json\/wp\/v2\/types\/product"}],"wp:featuredmedia":[{"embeddable":true,"href":"https:\/\/awero.ee\/lv\/wp-json\/wp\/v2\/media\/11463"}],"wp:attachment":[{"href":"https:\/\/awero.ee\/lv\/wp-json\/wp\/v2\/media?parent=11450"}],"wp:term":[{"taxonomy":"product_brand","embeddable":true,"href":"https:\/\/awero.ee\/lv\/wp-json\/wp\/v2\/product_brand?post=11450"},{"taxonomy":"product_cat","embeddable":true,"href":"https:\/\/awero.ee\/lv\/wp-json\/wp\/v2\/product_cat?post=11450"},{"taxonomy":"product_tag","embeddable":true,"href":"https:\/\/awero.ee\/lv\/wp-json\/wp\/v2\/product_tag?post=11450"}],"curies":[{"name":"wp","href":"https:\/\/api.w.org\/{rel}","templated":true}]}}