{"id":11426,"date":"2024-12-12T12:00:45","date_gmt":"2024-12-12T12:00:45","guid":{"rendered":"https:\/\/awero.ee\/toode\/stikla-skiedras-vaks-kublam\/"},"modified":"2026-04-01T12:32:22","modified_gmt":"2026-04-01T12:32:22","slug":"stikla-skiedras-vaks-kublam","status":"publish","type":"product","link":"https:\/\/awero.ee\/lv\/toode\/stikla-skiedras-vaks-kublam\/","title":{"rendered":"Stikla \u0161\u0137iedras v\u0101ks kublam"},"content":{"rendered":"<p>Stikla \u0161\u0137iedras v\u0101ks kublam pieejams tr\u012bs da\u017e\u0101dos diametros: 160 cm, 200 cm, 220 cm. Kr\u0101su izv\u0113le: pel\u0113ks, melns, zils un balts v\u0101ks. Liel\u0101 izm\u0113ra d\u0113\u013c v\u0101ku iesak\u0101m celt diviem cilv\u0113kiem, lai nesaboj\u0101tu kublu.  <\/p>\n<p>Stikla \u0161\u0137iedras materi\u0101ls ir izgatavots no stikla \u0161\u0137iedr\u0101m, kas savienotas ar sve\u0137iem, \u0161\u0101di nodro\u0161inot stipru un iztur\u012bgu produktu. Stikla \u0161\u0137iedra ir iecien\u012bta viegl\u0101 svara un iztur\u012bbas d\u0113\u013c, t\u0101d\u0113\u013c to pla\u0161i izmanto daudz\u0101s jom\u0101s. \u0160\u012b materi\u0101la \u012bpa\u0161\u012bbas ir vieglums, korozijiztur\u012bba un ilgm\u016b\u017e\u012bba.  <\/p>\n<p>NB! Prece izm\u0113ra d\u0113\u013c neietilpst pakom\u0101t\u0101.  Preces izsnieg\u0161ana m\u016bsu ra\u017eotn\u0113 (sa\u0146emot person\u012bgi) vai ar kurjeru. Lai ieg\u016btu pla\u0161\u0101ku inform\u0101ciju, l\u016bdzu, sazinieties ar m\u016bsu p\u0101rdo\u0161anas <a href=\"https:\/\/awero.ee\/ettevotest\/\">speci\u0101listiem!<\/a> <\/p>\n","protected":false},"excerpt":{"rendered":"<p><strong>Cen\u0101 iek\u013cauts PVN<\/strong><\/p>\n<p>Stikla \u0161\u0137iedras v\u0101ks ir lieliska izv\u0113le tiem, kas nov\u0113rt\u0113 iztur\u012bbu, funkcionalit\u0101ti un est\u0113tisku dizainu, turkl\u0101t \u0161\u0101di aizsarg\u0101jot savu kublu. \u0160is v\u0101ks kublam pie\u0161\u0137irs stil\u012bgu dizaina elementu, vienlaikus nodro\u0161inot aizsardz\u012bbu pret apk\u0101rt\u0113j\u0101s vides pies\u0101r\u0146ot\u0101jiem un net\u012brumiem, k\u0101 ar\u012b pal\u012bdzot uztur\u0113t \u016bdeni t\u012bru. <\/p>\n","protected":false},"featured_media":11432,"template":"","meta":{"_acf_changed":false},"product_brand":[],"product_cat":[1617,15],"product_tag":[],"class_list":{"0":"post-11426","1":"product","2":"type-product","3":"status-publish","4":"has-post-thumbnail","6":"product_cat-papildaprikojums","7":"product_cat-maaramata","9":"first","10":"instock","11":"shipping-taxable","12":"product-type-variable"},"acf":[],"yoast_head":"<!-- This site is optimized with the Yoast SEO plugin v26.8 - https:\/\/yoast.com\/product\/yoast-seo-wordpress\/ -->\n<title>Stikla \u0161\u0137iedras v\u0101ks kublam - Awero - S\u00fcdamega L\u00f5una-Eestist<\/title>\n<meta name=\"robots\" content=\"index, follow, max-snippet:-1, max-image-preview:large, max-video-preview:-1\" \/>\n<link rel=\"canonical\" href=\"https:\/\/awero.ee\/lv\/toode\/stikla-skiedras-vaks-kublam\/\" \/>\n<meta property=\"og:locale\" content=\"lv_LV\" \/>\n<meta property=\"og:type\" content=\"article\" \/>\n<meta property=\"og:title\" content=\"Stikla \u0161\u0137iedras v\u0101ks kublam - Awero - S\u00fcdamega L\u00f5una-Eestist\" \/>\n<meta property=\"og:description\" content=\"Cen\u0101 iek\u013cauts PVN Stikla \u0161\u0137iedras v\u0101ks ir lieliska izv\u0113le tiem, kas nov\u0113rt\u0113 iztur\u012bbu, funkcionalit\u0101ti un est\u0113tisku dizainu, turkl\u0101t \u0161\u0101di aizsarg\u0101jot savu kublu. \u0160is v\u0101ks kublam pie\u0161\u0137irs stil\u012bgu dizaina elementu, vienlaikus nodro\u0161inot aizsardz\u012bbu pret apk\u0101rt\u0113j\u0101s vides pies\u0101r\u0146ot\u0101jiem un net\u012brumiem, k\u0101 ar\u012b pal\u012bdzot uztur\u0113t \u016bdeni t\u012bru.\" \/>\n<meta property=\"og:url\" content=\"https:\/\/awero.ee\/lv\/toode\/stikla-skiedras-vaks-kublam\/\" \/>\n<meta property=\"og:site_name\" content=\"Awero - S\u00fcdamega L\u00f5una-Eestist\" \/>\n<meta property=\"article:modified_time\" content=\"2026-04-01T12:32:22+00:00\" \/>\n<meta property=\"og:image\" content=\"https:\/\/awero.ee\/wp-content\/uploads\/2024\/12\/Kate_plastik-1.png\" \/>\n\t<meta property=\"og:image:width\" content=\"1476\" \/>\n\t<meta property=\"og:image:height\" content=\"984\" \/>\n\t<meta property=\"og:image:type\" content=\"image\/png\" \/>\n<meta name=\"twitter:card\" content=\"summary_large_image\" \/>\n<meta name=\"twitter:label1\" content=\"Est. reading time\" \/>\n\t<meta name=\"twitter:data1\" content=\"1 minute\" \/>\n<script type=\"application\/ld+json\" class=\"yoast-schema-graph\">{\"@context\":\"https:\/\/schema.org\",\"@graph\":[{\"@type\":\"WebPage\",\"@id\":\"https:\/\/awero.ee\/lv\/toode\/stikla-skiedras-vaks-kublam\/\",\"url\":\"https:\/\/awero.ee\/lv\/toode\/stikla-skiedras-vaks-kublam\/\",\"name\":\"Stikla \u0161\u0137iedras v\u0101ks kublam - Awero - S\u00fcdamega L\u00f5una-Eestist\",\"isPartOf\":{\"@id\":\"https:\/\/awero.ee\/lv\/#website\"},\"primaryImageOfPage\":{\"@id\":\"https:\/\/awero.ee\/lv\/toode\/stikla-skiedras-vaks-kublam\/#primaryimage\"},\"image\":{\"@id\":\"https:\/\/awero.ee\/lv\/toode\/stikla-skiedras-vaks-kublam\/#primaryimage\"},\"thumbnailUrl\":\"https:\/\/awero.ee\/wp-content\/uploads\/2024\/12\/Kate_plastik-1.png\",\"datePublished\":\"2024-12-12T12:00:45+00:00\",\"dateModified\":\"2026-04-01T12:32:22+00:00\",\"breadcrumb\":{\"@id\":\"https:\/\/awero.ee\/lv\/toode\/stikla-skiedras-vaks-kublam\/#breadcrumb\"},\"inLanguage\":\"lv-LV\",\"potentialAction\":[{\"@type\":\"ReadAction\",\"target\":[\"https:\/\/awero.ee\/lv\/toode\/stikla-skiedras-vaks-kublam\/\"]}]},{\"@type\":\"ImageObject\",\"inLanguage\":\"lv-LV\",\"@id\":\"https:\/\/awero.ee\/lv\/toode\/stikla-skiedras-vaks-kublam\/#primaryimage\",\"url\":\"https:\/\/awero.ee\/wp-content\/uploads\/2024\/12\/Kate_plastik-1.png\",\"contentUrl\":\"https:\/\/awero.ee\/wp-content\/uploads\/2024\/12\/Kate_plastik-1.png\",\"width\":1476,\"height\":984},{\"@type\":\"BreadcrumbList\",\"@id\":\"https:\/\/awero.ee\/lv\/toode\/stikla-skiedras-vaks-kublam\/#breadcrumb\",\"itemListElement\":[{\"@type\":\"ListItem\",\"position\":1,\"name\":\"Home\",\"item\":\"https:\/\/awero.ee\/lv\/sakums\/\"},{\"@type\":\"ListItem\",\"position\":2,\"name\":\"Veikals\",\"item\":\"https:\/\/awero.ee\/lv\/veikals\/\"},{\"@type\":\"ListItem\",\"position\":3,\"name\":\"Stikla \u0161\u0137iedras v\u0101ks kublam\"}]},{\"@type\":\"WebSite\",\"@id\":\"https:\/\/awero.ee\/lv\/#website\",\"url\":\"https:\/\/awero.ee\/lv\/\",\"name\":\"Awero - S\u00fcdamega L\u00f5una Eestist\",\"description\":\"\",\"publisher\":{\"@id\":\"https:\/\/awero.ee\/lv\/#organization\"},\"potentialAction\":[{\"@type\":\"SearchAction\",\"target\":{\"@type\":\"EntryPoint\",\"urlTemplate\":\"https:\/\/awero.ee\/lv\/?s={search_term_string}\"},\"query-input\":{\"@type\":\"PropertyValueSpecification\",\"valueRequired\":true,\"valueName\":\"search_term_string\"}}],\"inLanguage\":\"lv-LV\"},{\"@type\":\"Organization\",\"@id\":\"https:\/\/awero.ee\/lv\/#organization\",\"name\":\"Awero - S\u00fcdamega L\u00f5una Eestist\",\"url\":\"https:\/\/awero.ee\/lv\/\",\"logo\":{\"@type\":\"ImageObject\",\"inLanguage\":\"lv-LV\",\"@id\":\"https:\/\/awero.ee\/lv\/#\/schema\/logo\/image\/\",\"url\":\"https:\/\/awero.ee\/wp-content\/uploads\/2024\/07\/aweroplaceholder.jpg\",\"contentUrl\":\"https:\/\/awero.ee\/wp-content\/uploads\/2024\/07\/aweroplaceholder.jpg\",\"width\":1250,\"height\":834,\"caption\":\"Awero - S\u00fcdamega L\u00f5una Eestist\"},\"image\":{\"@id\":\"https:\/\/awero.ee\/lv\/#\/schema\/logo\/image\/\"}}]}<\/script>\n<!-- \/ Yoast SEO plugin. -->","yoast_head_json":{"title":"Stikla \u0161\u0137iedras v\u0101ks kublam - Awero - S\u00fcdamega L\u00f5una-Eestist","robots":{"index":"index","follow":"follow","max-snippet":"max-snippet:-1","max-image-preview":"max-image-preview:large","max-video-preview":"max-video-preview:-1"},"canonical":"https:\/\/awero.ee\/lv\/toode\/stikla-skiedras-vaks-kublam\/","og_locale":"lv_LV","og_type":"article","og_title":"Stikla \u0161\u0137iedras v\u0101ks kublam - Awero - S\u00fcdamega L\u00f5una-Eestist","og_description":"Cen\u0101 iek\u013cauts PVN Stikla \u0161\u0137iedras v\u0101ks ir lieliska izv\u0113le tiem, kas nov\u0113rt\u0113 iztur\u012bbu, funkcionalit\u0101ti un est\u0113tisku dizainu, turkl\u0101t \u0161\u0101di aizsarg\u0101jot savu kublu. \u0160is v\u0101ks kublam pie\u0161\u0137irs stil\u012bgu dizaina elementu, vienlaikus nodro\u0161inot aizsardz\u012bbu pret apk\u0101rt\u0113j\u0101s vides pies\u0101r\u0146ot\u0101jiem un net\u012brumiem, k\u0101 ar\u012b pal\u012bdzot uztur\u0113t \u016bdeni t\u012bru.","og_url":"https:\/\/awero.ee\/lv\/toode\/stikla-skiedras-vaks-kublam\/","og_site_name":"Awero - S\u00fcdamega L\u00f5una-Eestist","article_modified_time":"2026-04-01T12:32:22+00:00","og_image":[{"width":1476,"height":984,"url":"https:\/\/awero.ee\/wp-content\/uploads\/2024\/12\/Kate_plastik-1.png","type":"image\/png"}],"twitter_card":"summary_large_image","twitter_misc":{"Est. reading time":"1 minute"},"schema":{"@context":"https:\/\/schema.org","@graph":[{"@type":"WebPage","@id":"https:\/\/awero.ee\/lv\/toode\/stikla-skiedras-vaks-kublam\/","url":"https:\/\/awero.ee\/lv\/toode\/stikla-skiedras-vaks-kublam\/","name":"Stikla \u0161\u0137iedras v\u0101ks kublam - Awero - S\u00fcdamega L\u00f5una-Eestist","isPartOf":{"@id":"https:\/\/awero.ee\/lv\/#website"},"primaryImageOfPage":{"@id":"https:\/\/awero.ee\/lv\/toode\/stikla-skiedras-vaks-kublam\/#primaryimage"},"image":{"@id":"https:\/\/awero.ee\/lv\/toode\/stikla-skiedras-vaks-kublam\/#primaryimage"},"thumbnailUrl":"https:\/\/awero.ee\/wp-content\/uploads\/2024\/12\/Kate_plastik-1.png","datePublished":"2024-12-12T12:00:45+00:00","dateModified":"2026-04-01T12:32:22+00:00","breadcrumb":{"@id":"https:\/\/awero.ee\/lv\/toode\/stikla-skiedras-vaks-kublam\/#breadcrumb"},"inLanguage":"lv-LV","potentialAction":[{"@type":"ReadAction","target":["https:\/\/awero.ee\/lv\/toode\/stikla-skiedras-vaks-kublam\/"]}]},{"@type":"ImageObject","inLanguage":"lv-LV","@id":"https:\/\/awero.ee\/lv\/toode\/stikla-skiedras-vaks-kublam\/#primaryimage","url":"https:\/\/awero.ee\/wp-content\/uploads\/2024\/12\/Kate_plastik-1.png","contentUrl":"https:\/\/awero.ee\/wp-content\/uploads\/2024\/12\/Kate_plastik-1.png","width":1476,"height":984},{"@type":"BreadcrumbList","@id":"https:\/\/awero.ee\/lv\/toode\/stikla-skiedras-vaks-kublam\/#breadcrumb","itemListElement":[{"@type":"ListItem","position":1,"name":"Home","item":"https:\/\/awero.ee\/lv\/sakums\/"},{"@type":"ListItem","position":2,"name":"Veikals","item":"https:\/\/awero.ee\/lv\/veikals\/"},{"@type":"ListItem","position":3,"name":"Stikla \u0161\u0137iedras v\u0101ks kublam"}]},{"@type":"WebSite","@id":"https:\/\/awero.ee\/lv\/#website","url":"https:\/\/awero.ee\/lv\/","name":"Awero - S\u00fcdamega L\u00f5una Eestist","description":"","publisher":{"@id":"https:\/\/awero.ee\/lv\/#organization"},"potentialAction":[{"@type":"SearchAction","target":{"@type":"EntryPoint","urlTemplate":"https:\/\/awero.ee\/lv\/?s={search_term_string}"},"query-input":{"@type":"PropertyValueSpecification","valueRequired":true,"valueName":"search_term_string"}}],"inLanguage":"lv-LV"},{"@type":"Organization","@id":"https:\/\/awero.ee\/lv\/#organization","name":"Awero - S\u00fcdamega L\u00f5una Eestist","url":"https:\/\/awero.ee\/lv\/","logo":{"@type":"ImageObject","inLanguage":"lv-LV","@id":"https:\/\/awero.ee\/lv\/#\/schema\/logo\/image\/","url":"https:\/\/awero.ee\/wp-content\/uploads\/2024\/07\/aweroplaceholder.jpg","contentUrl":"https:\/\/awero.ee\/wp-content\/uploads\/2024\/07\/aweroplaceholder.jpg","width":1250,"height":834,"caption":"Awero - S\u00fcdamega L\u00f5una Eestist"},"image":{"@id":"https:\/\/awero.ee\/lv\/#\/schema\/logo\/image\/"}}]}},"_links":{"self":[{"href":"https:\/\/awero.ee\/lv\/wp-json\/wp\/v2\/product\/11426","targetHints":{"allow":["GET"]}}],"collection":[{"href":"https:\/\/awero.ee\/lv\/wp-json\/wp\/v2\/product"}],"about":[{"href":"https:\/\/awero.ee\/lv\/wp-json\/wp\/v2\/types\/product"}],"wp:featuredmedia":[{"embeddable":true,"href":"https:\/\/awero.ee\/lv\/wp-json\/wp\/v2\/media\/11432"}],"wp:attachment":[{"href":"https:\/\/awero.ee\/lv\/wp-json\/wp\/v2\/media?parent=11426"}],"wp:term":[{"taxonomy":"product_brand","embeddable":true,"href":"https:\/\/awero.ee\/lv\/wp-json\/wp\/v2\/product_brand?post=11426"},{"taxonomy":"product_cat","embeddable":true,"href":"https:\/\/awero.ee\/lv\/wp-json\/wp\/v2\/product_cat?post=11426"},{"taxonomy":"product_tag","embeddable":true,"href":"https:\/\/awero.ee\/lv\/wp-json\/wp\/v2\/product_tag?post=11426"}],"curies":[{"name":"wp","href":"https:\/\/api.w.org\/{rel}","templated":true}]}}