{"id":10511,"date":"2026-02-02T08:53:19","date_gmt":"2026-02-02T08:53:19","guid":{"rendered":"https:\/\/awero.ee\/?post_type=product&#038;p=10511"},"modified":"2026-04-01T12:32:22","modified_gmt":"2026-04-01T12:32:22","slug":"ofuro-elektrikuttega","status":"publish","type":"product","link":"https:\/\/awero.ee\/lv\/toode\/ofuro-elektrikuttega\/","title":{"rendered":"Ofuro elektrik\u00fcttega"},"content":{"rendered":"<p><strong>Komplekti kuulub:<\/strong><\/p>\n<ul>\n<li data-section-id=\"ctp7pf\" data-start=\"137\" data-end=\"166\"><strong>3 kW elektrik\u00fctte element<\/strong><\/li>\n<li data-section-id=\"ctp7pf\" data-start=\"137\" data-end=\"166\"><strong>Vee filtreerimiss\u00fcsteem FilterMax<\/strong><\/li>\n<li data-section-id=\"3j4yus\" data-start=\"167\" data-end=\"223\"><strong>Elektrik\u00fctte k\u00e4sijuhtimine otse k\u00fctteelemendi juures<\/strong><\/li>\n<li data-section-id=\"jdegat\" data-start=\"224\" data-end=\"286\"><strong>Termopuidust v\u00e4liskest (viimistletud puidukaitsevahendiga)<\/strong><\/li>\n<li data-section-id=\"oivl25\" data-start=\"287\" data-end=\"312\"><strong>Kaheosaline \u00fcmar aste<\/strong><\/li>\n<li data-section-id=\"qagl9g\" data-start=\"313\" data-end=\"401\"><strong>Ergonoomiline klaasfiibrist sisu (v\u00e4rvivalikud: hall, valge, sinine, helesinine, must)<\/strong><\/li>\n<\/ul>\n","protected":false},"excerpt":{"rendered":"<p>Elektrik\u00fcttega k\u00fcmblust\u00fcnn on kvaliteetne kodune spaa, mis on detailideni viimistletud, aastaringselt kasutatav ja h\u00f5lpsasti hooldatav. K\u00fcmblust\u00fcnnile on v\u00f5imalik lisada mugavust ja luksust pakkuvat lisavarustust.<\/p>\n<p>Elektrik\u00fcttega k\u00fcmblust\u00fcnnidele soovitame energiat\u00f5hususe tagamiseks tellida juurde PUR-soojustuse ja soojustatud katte. Need lisad v\u00e4hendavad elektrikulu ja kiirendavad soovitud temperatuuri saavutamist.<\/p>\n","protected":false},"featured_media":13256,"template":"","meta":{"_acf_changed":false},"product_brand":[],"product_cat":[278,214],"product_tag":[],"class_list":{"0":"post-10511","1":"product","2":"type-product","3":"status-publish","4":"has-post-thumbnail","6":"product_cat-elektrikute","7":"product_cat-kumblustunnid","9":"first","10":"instock","11":"sale","12":"shipping-taxable","13":"product-type-variable","14":"has-default-attributes"},"acf":[],"yoast_head":"<!-- This site is optimized with the Yoast SEO plugin v27.5 - https:\/\/yoast.com\/product\/yoast-seo-wordpress\/ -->\n<title>Ofuro elektrik\u00fcttega - Awero - S\u00fcdamega L\u00f5una-Eestist<\/title>\n<meta name=\"robots\" content=\"index, follow, max-snippet:-1, max-image-preview:large, max-video-preview:-1\" \/>\n<link rel=\"canonical\" href=\"https:\/\/awero.ee\/lv\/toode\/ofuro-elektrikuttega\/\" \/>\n<meta property=\"og:locale\" content=\"lv_LV\" \/>\n<meta property=\"og:type\" content=\"article\" \/>\n<meta property=\"og:title\" content=\"Ofuro elektrik\u00fcttega - Awero - S\u00fcdamega L\u00f5una-Eestist\" \/>\n<meta property=\"og:description\" content=\"Elektrik\u00fcttega k\u00fcmblust\u00fcnn on kvaliteetne kodune spaa, mis on detailideni viimistletud, aastaringselt kasutatav ja h\u00f5lpsasti hooldatav. K\u00fcmblust\u00fcnnile on v\u00f5imalik lisada mugavust ja luksust pakkuvat lisavarustust.  Elektrik\u00fcttega k\u00fcmblust\u00fcnnidele soovitame energiat\u00f5hususe tagamiseks tellida juurde PUR-soojustuse ja soojustatud katte. Need lisad v\u00e4hendavad elektrikulu ja kiirendavad soovitud temperatuuri saavutamist.\" \/>\n<meta property=\"og:url\" content=\"https:\/\/awero.ee\/lv\/toode\/ofuro-elektrikuttega\/\" \/>\n<meta property=\"og:site_name\" content=\"Awero - S\u00fcdamega L\u00f5una-Eestist\" \/>\n<meta property=\"article:modified_time\" content=\"2026-04-01T12:32:22+00:00\" \/>\n<meta property=\"og:image\" content=\"https:\/\/awero.ee\/wp-content\/uploads\/2026\/02\/taust-termo-hall-2-scaled.jpg\" \/>\n\t<meta property=\"og:image:width\" content=\"2560\" \/>\n\t<meta property=\"og:image:height\" content=\"2560\" \/>\n\t<meta property=\"og:image:type\" content=\"image\/jpeg\" \/>\n<meta name=\"twitter:card\" content=\"summary_large_image\" \/>\n<meta name=\"twitter:label1\" content=\"Est. reading time\" \/>\n\t<meta name=\"twitter:data1\" content=\"1 minute\" \/>\n<script type=\"application\/ld+json\" class=\"yoast-schema-graph\">{\"@context\":\"https:\\\/\\\/schema.org\",\"@graph\":[{\"@type\":\"WebPage\",\"@id\":\"https:\\\/\\\/awero.ee\\\/lv\\\/toode\\\/ofuro-elektrikuttega\\\/\",\"url\":\"https:\\\/\\\/awero.ee\\\/lv\\\/toode\\\/ofuro-elektrikuttega\\\/\",\"name\":\"Ofuro elektrik\u00fcttega - Awero - S\u00fcdamega L\u00f5una-Eestist\",\"isPartOf\":{\"@id\":\"https:\\\/\\\/awero.ee\\\/lv\\\/#website\"},\"primaryImageOfPage\":{\"@id\":\"https:\\\/\\\/awero.ee\\\/lv\\\/toode\\\/ofuro-elektrikuttega\\\/#primaryimage\"},\"image\":{\"@id\":\"https:\\\/\\\/awero.ee\\\/lv\\\/toode\\\/ofuro-elektrikuttega\\\/#primaryimage\"},\"thumbnailUrl\":\"https:\\\/\\\/awero.ee\\\/wp-content\\\/uploads\\\/2026\\\/02\\\/taust-termo-hall-2-scaled.jpg\",\"datePublished\":\"2026-02-02T08:53:19+00:00\",\"dateModified\":\"2026-04-01T12:32:22+00:00\",\"breadcrumb\":{\"@id\":\"https:\\\/\\\/awero.ee\\\/lv\\\/toode\\\/ofuro-elektrikuttega\\\/#breadcrumb\"},\"inLanguage\":\"lv-LV\",\"potentialAction\":[{\"@type\":\"ReadAction\",\"target\":[\"https:\\\/\\\/awero.ee\\\/lv\\\/toode\\\/ofuro-elektrikuttega\\\/\"]}]},{\"@type\":\"ImageObject\",\"inLanguage\":\"lv-LV\",\"@id\":\"https:\\\/\\\/awero.ee\\\/lv\\\/toode\\\/ofuro-elektrikuttega\\\/#primaryimage\",\"url\":\"https:\\\/\\\/awero.ee\\\/wp-content\\\/uploads\\\/2026\\\/02\\\/taust-termo-hall-2-scaled.jpg\",\"contentUrl\":\"https:\\\/\\\/awero.ee\\\/wp-content\\\/uploads\\\/2026\\\/02\\\/taust-termo-hall-2-scaled.jpg\",\"width\":2560,\"height\":2560},{\"@type\":\"BreadcrumbList\",\"@id\":\"https:\\\/\\\/awero.ee\\\/lv\\\/toode\\\/ofuro-elektrikuttega\\\/#breadcrumb\",\"itemListElement\":[{\"@type\":\"ListItem\",\"position\":1,\"name\":\"Home\",\"item\":\"https:\\\/\\\/awero.ee\\\/lv\\\/sakums\\\/\"},{\"@type\":\"ListItem\",\"position\":2,\"name\":\"Veikals\",\"item\":\"https:\\\/\\\/awero.ee\\\/lv\\\/veikals\\\/\"},{\"@type\":\"ListItem\",\"position\":3,\"name\":\"Ofuro elektrik\u00fcttega\"}]},{\"@type\":\"WebSite\",\"@id\":\"https:\\\/\\\/awero.ee\\\/lv\\\/#website\",\"url\":\"https:\\\/\\\/awero.ee\\\/lv\\\/\",\"name\":\"Awero - S\u00fcdamega L\u00f5una Eestist\",\"description\":\"\",\"publisher\":{\"@id\":\"https:\\\/\\\/awero.ee\\\/lv\\\/#organization\"},\"potentialAction\":[{\"@type\":\"SearchAction\",\"target\":{\"@type\":\"EntryPoint\",\"urlTemplate\":\"https:\\\/\\\/awero.ee\\\/lv\\\/?s={search_term_string}\"},\"query-input\":{\"@type\":\"PropertyValueSpecification\",\"valueRequired\":true,\"valueName\":\"search_term_string\"}}],\"inLanguage\":\"lv-LV\"},{\"@type\":\"Organization\",\"@id\":\"https:\\\/\\\/awero.ee\\\/lv\\\/#organization\",\"name\":\"Awero - S\u00fcdamega L\u00f5una Eestist\",\"url\":\"https:\\\/\\\/awero.ee\\\/lv\\\/\",\"logo\":{\"@type\":\"ImageObject\",\"inLanguage\":\"lv-LV\",\"@id\":\"https:\\\/\\\/awero.ee\\\/lv\\\/#\\\/schema\\\/logo\\\/image\\\/\",\"url\":\"https:\\\/\\\/awero.ee\\\/wp-content\\\/uploads\\\/2024\\\/07\\\/aweroplaceholder.jpg\",\"contentUrl\":\"https:\\\/\\\/awero.ee\\\/wp-content\\\/uploads\\\/2024\\\/07\\\/aweroplaceholder.jpg\",\"width\":1250,\"height\":834,\"caption\":\"Awero - S\u00fcdamega L\u00f5una Eestist\"},\"image\":{\"@id\":\"https:\\\/\\\/awero.ee\\\/lv\\\/#\\\/schema\\\/logo\\\/image\\\/\"}}]}<\/script>\n<!-- \/ Yoast SEO plugin. -->","yoast_head_json":{"title":"Ofuro elektrik\u00fcttega - Awero - S\u00fcdamega L\u00f5una-Eestist","robots":{"index":"index","follow":"follow","max-snippet":"max-snippet:-1","max-image-preview":"max-image-preview:large","max-video-preview":"max-video-preview:-1"},"canonical":"https:\/\/awero.ee\/lv\/toode\/ofuro-elektrikuttega\/","og_locale":"lv_LV","og_type":"article","og_title":"Ofuro elektrik\u00fcttega - Awero - S\u00fcdamega L\u00f5una-Eestist","og_description":"Elektrik\u00fcttega k\u00fcmblust\u00fcnn on kvaliteetne kodune spaa, mis on detailideni viimistletud, aastaringselt kasutatav ja h\u00f5lpsasti hooldatav. K\u00fcmblust\u00fcnnile on v\u00f5imalik lisada mugavust ja luksust pakkuvat lisavarustust.  Elektrik\u00fcttega k\u00fcmblust\u00fcnnidele soovitame energiat\u00f5hususe tagamiseks tellida juurde PUR-soojustuse ja soojustatud katte. Need lisad v\u00e4hendavad elektrikulu ja kiirendavad soovitud temperatuuri saavutamist.","og_url":"https:\/\/awero.ee\/lv\/toode\/ofuro-elektrikuttega\/","og_site_name":"Awero - S\u00fcdamega L\u00f5una-Eestist","article_modified_time":"2026-04-01T12:32:22+00:00","og_image":[{"width":2560,"height":2560,"url":"https:\/\/awero.ee\/wp-content\/uploads\/2026\/02\/taust-termo-hall-2-scaled.jpg","type":"image\/jpeg"}],"twitter_card":"summary_large_image","twitter_misc":{"Est. reading time":"1 minute"},"schema":{"@context":"https:\/\/schema.org","@graph":[{"@type":"WebPage","@id":"https:\/\/awero.ee\/lv\/toode\/ofuro-elektrikuttega\/","url":"https:\/\/awero.ee\/lv\/toode\/ofuro-elektrikuttega\/","name":"Ofuro elektrik\u00fcttega - Awero - S\u00fcdamega L\u00f5una-Eestist","isPartOf":{"@id":"https:\/\/awero.ee\/lv\/#website"},"primaryImageOfPage":{"@id":"https:\/\/awero.ee\/lv\/toode\/ofuro-elektrikuttega\/#primaryimage"},"image":{"@id":"https:\/\/awero.ee\/lv\/toode\/ofuro-elektrikuttega\/#primaryimage"},"thumbnailUrl":"https:\/\/awero.ee\/wp-content\/uploads\/2026\/02\/taust-termo-hall-2-scaled.jpg","datePublished":"2026-02-02T08:53:19+00:00","dateModified":"2026-04-01T12:32:22+00:00","breadcrumb":{"@id":"https:\/\/awero.ee\/lv\/toode\/ofuro-elektrikuttega\/#breadcrumb"},"inLanguage":"lv-LV","potentialAction":[{"@type":"ReadAction","target":["https:\/\/awero.ee\/lv\/toode\/ofuro-elektrikuttega\/"]}]},{"@type":"ImageObject","inLanguage":"lv-LV","@id":"https:\/\/awero.ee\/lv\/toode\/ofuro-elektrikuttega\/#primaryimage","url":"https:\/\/awero.ee\/wp-content\/uploads\/2026\/02\/taust-termo-hall-2-scaled.jpg","contentUrl":"https:\/\/awero.ee\/wp-content\/uploads\/2026\/02\/taust-termo-hall-2-scaled.jpg","width":2560,"height":2560},{"@type":"BreadcrumbList","@id":"https:\/\/awero.ee\/lv\/toode\/ofuro-elektrikuttega\/#breadcrumb","itemListElement":[{"@type":"ListItem","position":1,"name":"Home","item":"https:\/\/awero.ee\/lv\/sakums\/"},{"@type":"ListItem","position":2,"name":"Veikals","item":"https:\/\/awero.ee\/lv\/veikals\/"},{"@type":"ListItem","position":3,"name":"Ofuro elektrik\u00fcttega"}]},{"@type":"WebSite","@id":"https:\/\/awero.ee\/lv\/#website","url":"https:\/\/awero.ee\/lv\/","name":"Awero - S\u00fcdamega L\u00f5una Eestist","description":"","publisher":{"@id":"https:\/\/awero.ee\/lv\/#organization"},"potentialAction":[{"@type":"SearchAction","target":{"@type":"EntryPoint","urlTemplate":"https:\/\/awero.ee\/lv\/?s={search_term_string}"},"query-input":{"@type":"PropertyValueSpecification","valueRequired":true,"valueName":"search_term_string"}}],"inLanguage":"lv-LV"},{"@type":"Organization","@id":"https:\/\/awero.ee\/lv\/#organization","name":"Awero - S\u00fcdamega L\u00f5una Eestist","url":"https:\/\/awero.ee\/lv\/","logo":{"@type":"ImageObject","inLanguage":"lv-LV","@id":"https:\/\/awero.ee\/lv\/#\/schema\/logo\/image\/","url":"https:\/\/awero.ee\/wp-content\/uploads\/2024\/07\/aweroplaceholder.jpg","contentUrl":"https:\/\/awero.ee\/wp-content\/uploads\/2024\/07\/aweroplaceholder.jpg","width":1250,"height":834,"caption":"Awero - S\u00fcdamega L\u00f5una Eestist"},"image":{"@id":"https:\/\/awero.ee\/lv\/#\/schema\/logo\/image\/"}}]}},"_links":{"self":[{"href":"https:\/\/awero.ee\/lv\/wp-json\/wp\/v2\/product\/10511","targetHints":{"allow":["GET"]}}],"collection":[{"href":"https:\/\/awero.ee\/lv\/wp-json\/wp\/v2\/product"}],"about":[{"href":"https:\/\/awero.ee\/lv\/wp-json\/wp\/v2\/types\/product"}],"wp:featuredmedia":[{"embeddable":true,"href":"https:\/\/awero.ee\/lv\/wp-json\/wp\/v2\/media\/13256"}],"wp:attachment":[{"href":"https:\/\/awero.ee\/lv\/wp-json\/wp\/v2\/media?parent=10511"}],"wp:term":[{"taxonomy":"product_brand","embeddable":true,"href":"https:\/\/awero.ee\/lv\/wp-json\/wp\/v2\/product_brand?post=10511"},{"taxonomy":"product_cat","embeddable":true,"href":"https:\/\/awero.ee\/lv\/wp-json\/wp\/v2\/product_cat?post=10511"},{"taxonomy":"product_tag","embeddable":true,"href":"https:\/\/awero.ee\/lv\/wp-json\/wp\/v2\/product_tag?post=10511"}],"curies":[{"name":"wp","href":"https:\/\/api.w.org\/{rel}","templated":true}]}}