{"id":933,"date":"2024-12-12T12:06:34","date_gmt":"2024-12-12T12:06:34","guid":{"rendered":"https:\/\/awero.ee\/?post_type=product&#038;p=933"},"modified":"2026-03-10T07:59:00","modified_gmt":"2026-03-10T07:59:00","slug":"filtripallidega-vee-filtreerimissusteem","status":"publish","type":"product","link":"https:\/\/awero.ee\/fi\/toode\/filtripallidega-vee-filtreerimissusteem\/","title":{"rendered":"Filtripallidega vee filtreerimiss\u00fcsteem FilterMax"},"content":{"rendered":"<p data-start=\"148\" data-end=\"470\">Filtripallidega vee filtreerimiss\u00fcsteem FilterMax on kaasaegne, taskukohane ja efektiivne lahendus nii basseinivee kui ka k\u00fcmblust\u00fcnnide hoolduseks. See kompaktne s\u00fcsteem \u00fchendab endas eelfiltri, tsirkulatsioonipumba ja vastupidava UV-kaitsega paagi, pakkudes t\u00f6\u00f6kindlat ja mugavat veepuhastust kodustes tingimustes.<\/p>\n<p data-start=\"472\" data-end=\"871\">Filtris\u00fcsteemi s\u00fcdameks on uuenduslikud filtripallid, mis tagavad kuni 3 mikroni peenfiltratsiooni \u2013 oluliselt puhtama vee v\u00f5rreldes traditsioonilise liivafiltriga. Filtripallid on kerged, korduvkasutatavad ja pestavad (vooliku v\u00f5i pesumasinaga 30 \u00b0C, ilma pesuvahendita ja tsentrifuugita), mis teeb hoolduse kiireks ja v\u00e4hendab vee- ning energiakulu. Tagasipesu vajadus puudub t\u00e4ielikult.<\/p>\n<p data-start=\"873\" data-end=\"1302\">FilterMax sobib basseinidele ja k\u00fcmblust\u00fcnnidele mahuga kuni 25 m\u00b3, tagades efektiivse filtreerimise ja pideva veetsirkulatsiooni. Seade t\u00f6\u00f6tab madalal r\u00f5hul, mist\u00f5ttu on t\u00f6\u00f6 vaikne, energias\u00e4\u00e4stlik ning \u00f5rn s\u00fcsteemi komponentide suhtes. Kompaktne disain ja kerge kaal muudavad paigaldamise ning hoiustamise lihtsaks.<\/p>\n<p data-start=\"873\" data-end=\"1302\">Komplektis on olemas k\u00f5ik vajalikud detailid ja \u00fchendused, et s\u00fcsteem kohe paigaldada ja t\u00f6\u00f6le panna.<\/p>\n<h3 data-start=\"1309\" data-end=\"1330\">Tehnilised andmed<\/h3>\n<ul data-start=\"1331\" data-end=\"1785\">\n<li style=\"list-style-type: none;\" data-start=\"1331\" data-end=\"1380\">\n<ul data-start=\"158\" data-end=\"592\">\n<li data-start=\"158\" data-end=\"187\">\n<p data-start=\"160\" data-end=\"187\"><strong data-start=\"160\" data-end=\"174\">Mahutavus:<\/strong> kuni 25 m\u00b3<\/p>\n<\/li>\n<li data-start=\"188\" data-end=\"237\">\n<p data-start=\"190\" data-end=\"237\"><strong data-start=\"190\" data-end=\"214\">Filtreerimisv\u00f5imsus:<\/strong> 4,8 m\u00b3\/h (166 L\/min)<\/p>\n<\/li>\n<li data-start=\"238\" data-end=\"265\">\n<p data-start=\"240\" data-end=\"265\"><strong data-start=\"240\" data-end=\"258\">Pumba v\u00f5imsus:<\/strong> 80 W<\/p>\n<\/li>\n<li data-start=\"266\" data-end=\"294\">\n<p data-start=\"268\" data-end=\"294\"><strong data-start=\"268\" data-end=\"278\">Toide:<\/strong> 230 V \u2013 50 Hz<\/p>\n<\/li>\n<li data-start=\"295\" data-end=\"351\">\n<p data-start=\"297\" data-end=\"351\"><strong data-start=\"297\" data-end=\"318\">Maksimaalne r\u00f5hk:<\/strong> 1 bar (t\u00f6\u00f6vahemik 0,2\u20130,5 bar)<\/p>\n<\/li>\n<li data-start=\"352\" data-end=\"397\">\n<p data-start=\"354\" data-end=\"397\"><strong data-start=\"354\" data-end=\"379\">Paagi suurus ja maht:<\/strong> \u00d8 250 mm \/ 12 L<\/p>\n<\/li>\n<li data-start=\"398\" data-end=\"472\">\n<p data-start=\"400\" data-end=\"472\"><strong data-start=\"400\" data-end=\"426\">Filtrimaterjali kogus:<\/strong> 250 g filtripalle (\u2248 9 kg liiva ekvivalent)<\/p>\n<\/li>\n<li data-start=\"473\" data-end=\"509\">\n<p data-start=\"475\" data-end=\"509\"><strong data-start=\"475\" data-end=\"503\">Maksimaalne t\u00f5stek\u00f5rgus:<\/strong> 6 m<\/p>\n<\/li>\n<li data-start=\"510\" data-end=\"535\">\n<p data-start=\"512\" data-end=\"535\"><strong data-start=\"512\" data-end=\"528\">Kaitseklass:<\/strong> IPX8<\/p>\n<\/li>\n<li data-start=\"536\" data-end=\"569\">\n<p data-start=\"538\" data-end=\"569\"><strong data-start=\"538\" data-end=\"549\">M\u00f5\u00f5dud:<\/strong> 33 \u00d7 39,5 \u00d7 38 cm<\/p>\n<\/li>\n<li data-start=\"570\" data-end=\"592\">\n<p data-start=\"572\" data-end=\"592\"><strong data-start=\"572\" data-end=\"585\">Netokaal:<\/strong> 6 kg<\/p>\n<\/li>\n<li data-start=\"570\" data-end=\"592\"><strong>T\u00f6\u00f6vahemik:<\/strong> +5\u2026+35 \u00b0C<\/li>\n<\/ul>\n<\/li>\n<\/ul>\n<h3 data-start=\"2200\" data-end=\"2221\"><\/h3>\n<h3 data-start=\"69\" data-end=\"92\">\u26a0 Ohutus ja hooldus<\/h3>\n<ul>\n<li style=\"list-style-type: none;\">\n<ul data-start=\"93\" data-end=\"866\">\n<li data-start=\"93\" data-end=\"196\">\n<p data-start=\"69\" data-end=\"92\">\u26a0 <strong data-start=\"95\" data-end=\"122\">Talvel ei tohi kasutada<\/strong> \u2013 k\u00fclmumisohu t\u00f5ttu tuleb s\u00fcsteem t\u00fchjendada ja hoiustada kuivas kohas.<\/p>\n<\/li>\n<li data-start=\"197\" data-end=\"241\">\n<p data-start=\"199\" data-end=\"241\">Pumpa ei tohi kunagi kasutada ilma veeta.<\/p>\n<\/li>\n<li data-start=\"242\" data-end=\"314\">\n<p data-start=\"244\" data-end=\"314\">Enne kaane v\u00f5i filtri avamist l\u00fclita seade alati vooluv\u00f5rgust v\u00e4lja.<\/p>\n<\/li>\n<li data-start=\"315\" data-end=\"406\">\n<p data-start=\"317\" data-end=\"406\">Kasutada tohib ainult filtripalle \u2013 muude materjalide kasutamine v\u00f5ib s\u00fcsteemi rikkuda.<\/p>\n<\/li>\n<li data-start=\"407\" data-end=\"511\">\n<p data-start=\"409\" data-end=\"511\">Vajalik regulaarne hooldus: eelfiltri ja filtripallide puhastamine ning r\u00f5hu j\u00e4lgimine manomeetrilt.<\/p>\n<\/li>\n<li data-start=\"512\" data-end=\"602\">\n<p data-start=\"514\" data-end=\"602\">Kui r\u00f5hk manomeetril j\u00f5uab punasesse tsooni, tuleb filtripallid puhastada.<\/p>\n<\/li>\n<li data-start=\"603\" data-end=\"698\">\n<p data-start=\"605\" data-end=\"698\">Filtripallid pesta voolikuga v\u00f5i pesumasinas (30 \u00b0C, ilma pesuvahendita ja tsentrifuugita).<\/p>\n<\/li>\n<li data-start=\"699\" data-end=\"759\">\n<p data-start=\"701\" data-end=\"759\"><strong data-start=\"701\" data-end=\"757\">\u26a0 S\u00fcsteemi t\u00f6\u00f6tamise ajal ei ole soovitatav olla vees.<\/strong><\/p>\n<\/li>\n<li data-start=\"760\" data-end=\"866\">\n<p data-start=\"762\" data-end=\"866\">Pumba ohutu t\u00f6\u00f6 on tagatud ainult siis, kui paigaldus- ja kasutusjuhiseid on korrektselt j\u00e4rgitud.<\/p>\n<\/li>\n<\/ul>\n<\/li>\n<\/ul>\n<p>&nbsp;<\/p>\n<p>&nbsp;<\/p>\n","protected":false},"excerpt":{"rendered":"<p data-start=\"125\" data-end=\"430\">Filtripallidega vee filtreerimiss\u00fcsteem FilterMax on taskukohane ja efektiivne lahendus, mis tagab puhta vee k\u00fcmblust\u00fcnnis v\u00f5i v\u00e4iksemas aiabasseinis kuni 25 m\u00b3 mahuga. T\u00e4nu lihtsale kasutusele ja suurep\u00e4rasele filtreerimisv\u00f5imele muudab see s\u00fcsteem vee hoolduse mugavaks ja probleemivabaks.<\/p>\n<p data-start=\"432\" data-end=\"618\">Oluline: k\u00fclmumisohu t\u00f5ttu ei sobi kasutamiseks talvel.<br \/>\nT\u00f6\u00f6vahemik: +5\u2026+35 \u00b0C. Seade tuleb t\u00fchjendada ja hoiustada kuivas ruumis. T\u00e4psema info ja n\u00f5uannete saamiseks p\u00f6\u00f6rduge meie spetsialistide poole.<\/p>\n<p>Filtirs\u00fcsteemiga soovitame juurde osta ka\u00a0Veepuhastustabletid CombiTab (800g) ja\u00a0Dosaator CombiTab veepuhastustabletile.<\/p>\n","protected":false},"featured_media":7786,"template":"","meta":{"_acf_changed":false},"product_brand":[],"product_cat":[213],"product_tag":[101],"class_list":{"0":"post-933","1":"product","2":"type-product","3":"status-publish","4":"has-post-thumbnail","6":"product_cat-lisavarustus","7":"product_tag-etkumblustunni_lisad","9":"first","10":"instock","11":"shipping-taxable","12":"product-type-simple"},"acf":[],"yoast_head":"<!-- This site is optimized with the Yoast SEO plugin v26.8 - https:\/\/yoast.com\/product\/yoast-seo-wordpress\/ -->\n<title>Filtripallidega vee filtreerimiss\u00fcsteem FilterMax - Awero - S\u00fcdamega L\u00f5una-Eestist<\/title>\n<meta name=\"robots\" content=\"index, follow, max-snippet:-1, max-image-preview:large, max-video-preview:-1\" \/>\n<link rel=\"canonical\" href=\"https:\/\/awero.ee\/fi\/toode\/filtripallidega-vee-filtreerimissusteem\/\" \/>\n<meta property=\"og:locale\" content=\"fi_FI\" \/>\n<meta property=\"og:type\" content=\"article\" \/>\n<meta property=\"og:title\" content=\"Filtripallidega vee filtreerimiss\u00fcsteem FilterMax - Awero - S\u00fcdamega L\u00f5una-Eestist\" \/>\n<meta property=\"og:description\" content=\"Filtripallidega vee filtreerimiss\u00fcsteem FilterMax on taskukohane ja efektiivne lahendus, mis tagab puhta vee k\u00fcmblust\u00fcnnis v\u00f5i v\u00e4iksemas aiabasseinis kuni 25 m\u00b3 mahuga. T\u00e4nu lihtsale kasutusele ja suurep\u00e4rasele filtreerimisv\u00f5imele muudab see s\u00fcsteem vee hoolduse mugavaks ja probleemivabaks. Oluline: k\u00fclmumisohu t\u00f5ttu ei sobi kasutamiseks talvel. T\u00f6\u00f6vahemik: +5\u2026+35 \u00b0C. Seade tuleb t\u00fchjendada ja hoiustada kuivas ruumis. T\u00e4psema info ja n\u00f5uannete saamiseks p\u00f6\u00f6rduge meie spetsialistide poole. Filtirs\u00fcsteemiga soovitame juurde osta ka\u00a0Veepuhastustabletid CombiTab (800g) ja\u00a0Dosaator CombiTab veepuhastustabletile.\" \/>\n<meta property=\"og:url\" content=\"https:\/\/awero.ee\/fi\/toode\/filtripallidega-vee-filtreerimissusteem\/\" \/>\n<meta property=\"og:site_name\" content=\"Awero - S\u00fcdamega L\u00f5una-Eestist\" \/>\n<meta property=\"article:modified_time\" content=\"2026-03-10T07:59:00+00:00\" \/>\n<meta property=\"og:image\" content=\"https:\/\/awero.ee\/wp-content\/uploads\/2024\/12\/Filtrisusteem-uus.jpg\" \/>\n\t<meta property=\"og:image:width\" content=\"1315\" \/>\n\t<meta property=\"og:image:height\" content=\"1293\" \/>\n\t<meta property=\"og:image:type\" content=\"image\/jpeg\" \/>\n<meta name=\"twitter:card\" content=\"summary_large_image\" \/>\n<meta name=\"twitter:label1\" content=\"Arvioitu lukuaika\" \/>\n\t<meta name=\"twitter:data1\" content=\"2 minuuttia\" \/>\n<script type=\"application\/ld+json\" class=\"yoast-schema-graph\">{\"@context\":\"https:\/\/schema.org\",\"@graph\":[{\"@type\":\"WebPage\",\"@id\":\"https:\/\/awero.ee\/fi\/toode\/filtripallidega-vee-filtreerimissusteem\/\",\"url\":\"https:\/\/awero.ee\/fi\/toode\/filtripallidega-vee-filtreerimissusteem\/\",\"name\":\"Filtripallidega vee filtreerimiss\u00fcsteem FilterMax - Awero - S\u00fcdamega L\u00f5una-Eestist\",\"isPartOf\":{\"@id\":\"https:\/\/awero.ee\/fi\/#website\"},\"primaryImageOfPage\":{\"@id\":\"https:\/\/awero.ee\/fi\/toode\/filtripallidega-vee-filtreerimissusteem\/#primaryimage\"},\"image\":{\"@id\":\"https:\/\/awero.ee\/fi\/toode\/filtripallidega-vee-filtreerimissusteem\/#primaryimage\"},\"thumbnailUrl\":\"https:\/\/awero.ee\/wp-content\/uploads\/2024\/12\/Filtrisusteem-uus.jpg\",\"datePublished\":\"2024-12-12T12:06:34+00:00\",\"dateModified\":\"2026-03-10T07:59:00+00:00\",\"breadcrumb\":{\"@id\":\"https:\/\/awero.ee\/fi\/toode\/filtripallidega-vee-filtreerimissusteem\/#breadcrumb\"},\"inLanguage\":\"fi\",\"potentialAction\":[{\"@type\":\"ReadAction\",\"target\":[\"https:\/\/awero.ee\/fi\/toode\/filtripallidega-vee-filtreerimissusteem\/\"]}]},{\"@type\":\"ImageObject\",\"inLanguage\":\"fi\",\"@id\":\"https:\/\/awero.ee\/fi\/toode\/filtripallidega-vee-filtreerimissusteem\/#primaryimage\",\"url\":\"https:\/\/awero.ee\/wp-content\/uploads\/2024\/12\/Filtrisusteem-uus.jpg\",\"contentUrl\":\"https:\/\/awero.ee\/wp-content\/uploads\/2024\/12\/Filtrisusteem-uus.jpg\",\"width\":1315,\"height\":1293},{\"@type\":\"BreadcrumbList\",\"@id\":\"https:\/\/awero.ee\/fi\/toode\/filtripallidega-vee-filtreerimissusteem\/#breadcrumb\",\"itemListElement\":[{\"@type\":\"ListItem\",\"position\":1,\"name\":\"Home\",\"item\":\"https:\/\/awero.ee\/fi\/etusivu\/\"},{\"@type\":\"ListItem\",\"position\":2,\"name\":\"Kauppa\",\"item\":\"https:\/\/awero.ee\/fi\/kauppa\/\"},{\"@type\":\"ListItem\",\"position\":3,\"name\":\"Filtripallidega vee filtreerimiss\u00fcsteem FilterMax\"}]},{\"@type\":\"WebSite\",\"@id\":\"https:\/\/awero.ee\/fi\/#website\",\"url\":\"https:\/\/awero.ee\/fi\/\",\"name\":\"Awero - S\u00fcdamega L\u00f5una Eestist\",\"description\":\"\",\"publisher\":{\"@id\":\"https:\/\/awero.ee\/fi\/#organization\"},\"potentialAction\":[{\"@type\":\"SearchAction\",\"target\":{\"@type\":\"EntryPoint\",\"urlTemplate\":\"https:\/\/awero.ee\/fi\/?s={search_term_string}\"},\"query-input\":{\"@type\":\"PropertyValueSpecification\",\"valueRequired\":true,\"valueName\":\"search_term_string\"}}],\"inLanguage\":\"fi\"},{\"@type\":\"Organization\",\"@id\":\"https:\/\/awero.ee\/fi\/#organization\",\"name\":\"Awero - S\u00fcdamega L\u00f5una Eestist\",\"url\":\"https:\/\/awero.ee\/fi\/\",\"logo\":{\"@type\":\"ImageObject\",\"inLanguage\":\"fi\",\"@id\":\"https:\/\/awero.ee\/fi\/#\/schema\/logo\/image\/\",\"url\":\"https:\/\/awero.ee\/wp-content\/uploads\/2024\/07\/aweroplaceholder.jpg\",\"contentUrl\":\"https:\/\/awero.ee\/wp-content\/uploads\/2024\/07\/aweroplaceholder.jpg\",\"width\":1250,\"height\":834,\"caption\":\"Awero - S\u00fcdamega L\u00f5una Eestist\"},\"image\":{\"@id\":\"https:\/\/awero.ee\/fi\/#\/schema\/logo\/image\/\"}}]}<\/script>\n<!-- \/ Yoast SEO plugin. -->","yoast_head_json":{"title":"Filtripallidega vee filtreerimiss\u00fcsteem FilterMax - Awero - S\u00fcdamega L\u00f5una-Eestist","robots":{"index":"index","follow":"follow","max-snippet":"max-snippet:-1","max-image-preview":"max-image-preview:large","max-video-preview":"max-video-preview:-1"},"canonical":"https:\/\/awero.ee\/fi\/toode\/filtripallidega-vee-filtreerimissusteem\/","og_locale":"fi_FI","og_type":"article","og_title":"Filtripallidega vee filtreerimiss\u00fcsteem FilterMax - Awero - S\u00fcdamega L\u00f5una-Eestist","og_description":"Filtripallidega vee filtreerimiss\u00fcsteem FilterMax on taskukohane ja efektiivne lahendus, mis tagab puhta vee k\u00fcmblust\u00fcnnis v\u00f5i v\u00e4iksemas aiabasseinis kuni 25 m\u00b3 mahuga. T\u00e4nu lihtsale kasutusele ja suurep\u00e4rasele filtreerimisv\u00f5imele muudab see s\u00fcsteem vee hoolduse mugavaks ja probleemivabaks. Oluline: k\u00fclmumisohu t\u00f5ttu ei sobi kasutamiseks talvel. T\u00f6\u00f6vahemik: +5\u2026+35 \u00b0C. Seade tuleb t\u00fchjendada ja hoiustada kuivas ruumis. T\u00e4psema info ja n\u00f5uannete saamiseks p\u00f6\u00f6rduge meie spetsialistide poole. Filtirs\u00fcsteemiga soovitame juurde osta ka\u00a0Veepuhastustabletid CombiTab (800g) ja\u00a0Dosaator CombiTab veepuhastustabletile.","og_url":"https:\/\/awero.ee\/fi\/toode\/filtripallidega-vee-filtreerimissusteem\/","og_site_name":"Awero - S\u00fcdamega L\u00f5una-Eestist","article_modified_time":"2026-03-10T07:59:00+00:00","og_image":[{"width":1315,"height":1293,"url":"https:\/\/awero.ee\/wp-content\/uploads\/2024\/12\/Filtrisusteem-uus.jpg","type":"image\/jpeg"}],"twitter_card":"summary_large_image","twitter_misc":{"Arvioitu lukuaika":"2 minuuttia"},"schema":{"@context":"https:\/\/schema.org","@graph":[{"@type":"WebPage","@id":"https:\/\/awero.ee\/fi\/toode\/filtripallidega-vee-filtreerimissusteem\/","url":"https:\/\/awero.ee\/fi\/toode\/filtripallidega-vee-filtreerimissusteem\/","name":"Filtripallidega vee filtreerimiss\u00fcsteem FilterMax - Awero - S\u00fcdamega L\u00f5una-Eestist","isPartOf":{"@id":"https:\/\/awero.ee\/fi\/#website"},"primaryImageOfPage":{"@id":"https:\/\/awero.ee\/fi\/toode\/filtripallidega-vee-filtreerimissusteem\/#primaryimage"},"image":{"@id":"https:\/\/awero.ee\/fi\/toode\/filtripallidega-vee-filtreerimissusteem\/#primaryimage"},"thumbnailUrl":"https:\/\/awero.ee\/wp-content\/uploads\/2024\/12\/Filtrisusteem-uus.jpg","datePublished":"2024-12-12T12:06:34+00:00","dateModified":"2026-03-10T07:59:00+00:00","breadcrumb":{"@id":"https:\/\/awero.ee\/fi\/toode\/filtripallidega-vee-filtreerimissusteem\/#breadcrumb"},"inLanguage":"fi","potentialAction":[{"@type":"ReadAction","target":["https:\/\/awero.ee\/fi\/toode\/filtripallidega-vee-filtreerimissusteem\/"]}]},{"@type":"ImageObject","inLanguage":"fi","@id":"https:\/\/awero.ee\/fi\/toode\/filtripallidega-vee-filtreerimissusteem\/#primaryimage","url":"https:\/\/awero.ee\/wp-content\/uploads\/2024\/12\/Filtrisusteem-uus.jpg","contentUrl":"https:\/\/awero.ee\/wp-content\/uploads\/2024\/12\/Filtrisusteem-uus.jpg","width":1315,"height":1293},{"@type":"BreadcrumbList","@id":"https:\/\/awero.ee\/fi\/toode\/filtripallidega-vee-filtreerimissusteem\/#breadcrumb","itemListElement":[{"@type":"ListItem","position":1,"name":"Home","item":"https:\/\/awero.ee\/fi\/etusivu\/"},{"@type":"ListItem","position":2,"name":"Kauppa","item":"https:\/\/awero.ee\/fi\/kauppa\/"},{"@type":"ListItem","position":3,"name":"Filtripallidega vee filtreerimiss\u00fcsteem FilterMax"}]},{"@type":"WebSite","@id":"https:\/\/awero.ee\/fi\/#website","url":"https:\/\/awero.ee\/fi\/","name":"Awero - S\u00fcdamega L\u00f5una Eestist","description":"","publisher":{"@id":"https:\/\/awero.ee\/fi\/#organization"},"potentialAction":[{"@type":"SearchAction","target":{"@type":"EntryPoint","urlTemplate":"https:\/\/awero.ee\/fi\/?s={search_term_string}"},"query-input":{"@type":"PropertyValueSpecification","valueRequired":true,"valueName":"search_term_string"}}],"inLanguage":"fi"},{"@type":"Organization","@id":"https:\/\/awero.ee\/fi\/#organization","name":"Awero - S\u00fcdamega L\u00f5una Eestist","url":"https:\/\/awero.ee\/fi\/","logo":{"@type":"ImageObject","inLanguage":"fi","@id":"https:\/\/awero.ee\/fi\/#\/schema\/logo\/image\/","url":"https:\/\/awero.ee\/wp-content\/uploads\/2024\/07\/aweroplaceholder.jpg","contentUrl":"https:\/\/awero.ee\/wp-content\/uploads\/2024\/07\/aweroplaceholder.jpg","width":1250,"height":834,"caption":"Awero - S\u00fcdamega L\u00f5una Eestist"},"image":{"@id":"https:\/\/awero.ee\/fi\/#\/schema\/logo\/image\/"}}]}},"_links":{"self":[{"href":"https:\/\/awero.ee\/fi\/wp-json\/wp\/v2\/product\/933","targetHints":{"allow":["GET"]}}],"collection":[{"href":"https:\/\/awero.ee\/fi\/wp-json\/wp\/v2\/product"}],"about":[{"href":"https:\/\/awero.ee\/fi\/wp-json\/wp\/v2\/types\/product"}],"wp:featuredmedia":[{"embeddable":true,"href":"https:\/\/awero.ee\/fi\/wp-json\/wp\/v2\/media\/7786"}],"wp:attachment":[{"href":"https:\/\/awero.ee\/fi\/wp-json\/wp\/v2\/media?parent=933"}],"wp:term":[{"taxonomy":"product_brand","embeddable":true,"href":"https:\/\/awero.ee\/fi\/wp-json\/wp\/v2\/product_brand?post=933"},{"taxonomy":"product_cat","embeddable":true,"href":"https:\/\/awero.ee\/fi\/wp-json\/wp\/v2\/product_cat?post=933"},{"taxonomy":"product_tag","embeddable":true,"href":"https:\/\/awero.ee\/fi\/wp-json\/wp\/v2\/product_tag?post=933"}],"curies":[{"name":"wp","href":"https:\/\/api.w.org\/{rel}","templated":true}]}}