{"id":8510,"date":"2024-07-16T08:02:52","date_gmt":"2024-07-16T08:02:52","guid":{"rendered":"https:\/\/awero.ee\/toode\/kylpytynnyrin-kaksitoistkulmainen-sisusailio-2000x2000mm\/"},"modified":"2024-07-16T08:02:52","modified_gmt":"2024-07-16T08:02:52","slug":"kylpytynnyrin-kaksitoistkulmainen-sisusailio-2000x2000mm","status":"publish","type":"product","link":"https:\/\/awero.ee\/fi\/toode\/kylpytynnyrin-kaksitoistkulmainen-sisusailio-2000x2000mm\/","title":{"rendered":"Kylpytynnyrin kaksitoistkulmainen sisus\u00e4ili\u00f6 2000x2000mm"},"content":{"rendered":"","protected":false},"excerpt":{"rendered":"","protected":false},"featured_media":6005,"template":"","meta":{"_acf_changed":false},"product_brand":[],"product_cat":[1092],"product_tag":[],"class_list":{"0":"post-8510","1":"product","2":"type-product","3":"status-publish","4":"has-post-thumbnail","6":"product_cat-kylpytynnyrin-sisaosat","8":"first","9":"instock","10":"shipping-taxable","11":"product-type-variable"},"acf":[],"yoast_head":"<!-- This site is optimized with the Yoast SEO plugin v26.8 - https:\/\/yoast.com\/product\/yoast-seo-wordpress\/ -->\n<title>Kylpytynnyrin kaksitoistkulmainen sisus\u00e4ili\u00f6 2000x2000mm - Awero - S\u00fcdamega L\u00f5una-Eestist<\/title>\n<meta name=\"robots\" content=\"index, follow, max-snippet:-1, max-image-preview:large, max-video-preview:-1\" \/>\n<link rel=\"canonical\" href=\"https:\/\/awero.ee\/fi\/toode\/kylpytynnyrin-kaksitoistkulmainen-sisusailio-2000x2000mm\/\" \/>\n<meta property=\"og:locale\" content=\"fi_FI\" \/>\n<meta property=\"og:type\" content=\"article\" \/>\n<meta property=\"og:title\" content=\"Kylpytynnyrin kaksitoistkulmainen sisus\u00e4ili\u00f6 2000x2000mm - Awero - S\u00fcdamega L\u00f5una-Eestist\" \/>\n<meta property=\"og:url\" content=\"https:\/\/awero.ee\/fi\/toode\/kylpytynnyrin-kaksitoistkulmainen-sisusailio-2000x2000mm\/\" \/>\n<meta property=\"og:site_name\" content=\"Awero - S\u00fcdamega L\u00f5una-Eestist\" \/>\n<meta property=\"og:image\" content=\"https:\/\/awero.ee\/wp-content\/uploads\/2024\/09\/Tunnisisu_kaksteistnurkne_2000x2000mm_hall.png\" \/>\n\t<meta property=\"og:image:width\" content=\"1250\" \/>\n\t<meta property=\"og:image:height\" content=\"834\" \/>\n\t<meta property=\"og:image:type\" content=\"image\/png\" \/>\n<meta name=\"twitter:card\" content=\"summary_large_image\" \/>\n<script type=\"application\/ld+json\" class=\"yoast-schema-graph\">{\"@context\":\"https:\/\/schema.org\",\"@graph\":[{\"@type\":\"WebPage\",\"@id\":\"https:\/\/awero.ee\/fi\/toode\/kylpytynnyrin-kaksitoistkulmainen-sisusailio-2000x2000mm\/\",\"url\":\"https:\/\/awero.ee\/fi\/toode\/kylpytynnyrin-kaksitoistkulmainen-sisusailio-2000x2000mm\/\",\"name\":\"Kylpytynnyrin kaksitoistkulmainen sisus\u00e4ili\u00f6 2000x2000mm - Awero - S\u00fcdamega L\u00f5una-Eestist\",\"isPartOf\":{\"@id\":\"https:\/\/awero.ee\/fi\/#website\"},\"primaryImageOfPage\":{\"@id\":\"https:\/\/awero.ee\/fi\/toode\/kylpytynnyrin-kaksitoistkulmainen-sisusailio-2000x2000mm\/#primaryimage\"},\"image\":{\"@id\":\"https:\/\/awero.ee\/fi\/toode\/kylpytynnyrin-kaksitoistkulmainen-sisusailio-2000x2000mm\/#primaryimage\"},\"thumbnailUrl\":\"https:\/\/awero.ee\/wp-content\/uploads\/2024\/09\/Tunnisisu_kaksteistnurkne_2000x2000mm_hall.png\",\"datePublished\":\"2024-07-16T08:02:52+00:00\",\"breadcrumb\":{\"@id\":\"https:\/\/awero.ee\/fi\/toode\/kylpytynnyrin-kaksitoistkulmainen-sisusailio-2000x2000mm\/#breadcrumb\"},\"inLanguage\":\"fi\",\"potentialAction\":[{\"@type\":\"ReadAction\",\"target\":[\"https:\/\/awero.ee\/fi\/toode\/kylpytynnyrin-kaksitoistkulmainen-sisusailio-2000x2000mm\/\"]}]},{\"@type\":\"ImageObject\",\"inLanguage\":\"fi\",\"@id\":\"https:\/\/awero.ee\/fi\/toode\/kylpytynnyrin-kaksitoistkulmainen-sisusailio-2000x2000mm\/#primaryimage\",\"url\":\"https:\/\/awero.ee\/wp-content\/uploads\/2024\/09\/Tunnisisu_kaksteistnurkne_2000x2000mm_hall.png\",\"contentUrl\":\"https:\/\/awero.ee\/wp-content\/uploads\/2024\/09\/Tunnisisu_kaksteistnurkne_2000x2000mm_hall.png\",\"width\":1250,\"height\":834},{\"@type\":\"BreadcrumbList\",\"@id\":\"https:\/\/awero.ee\/fi\/toode\/kylpytynnyrin-kaksitoistkulmainen-sisusailio-2000x2000mm\/#breadcrumb\",\"itemListElement\":[{\"@type\":\"ListItem\",\"position\":1,\"name\":\"Home\",\"item\":\"https:\/\/awero.ee\/fi\/etusivu\/\"},{\"@type\":\"ListItem\",\"position\":2,\"name\":\"Kauppa\",\"item\":\"https:\/\/awero.ee\/fi\/kauppa\/\"},{\"@type\":\"ListItem\",\"position\":3,\"name\":\"Kylpytynnyrin kaksitoistkulmainen sisus\u00e4ili\u00f6 2000x2000mm\"}]},{\"@type\":\"WebSite\",\"@id\":\"https:\/\/awero.ee\/fi\/#website\",\"url\":\"https:\/\/awero.ee\/fi\/\",\"name\":\"Awero - S\u00fcdamega L\u00f5una Eestist\",\"description\":\"\",\"publisher\":{\"@id\":\"https:\/\/awero.ee\/fi\/#organization\"},\"potentialAction\":[{\"@type\":\"SearchAction\",\"target\":{\"@type\":\"EntryPoint\",\"urlTemplate\":\"https:\/\/awero.ee\/fi\/?s={search_term_string}\"},\"query-input\":{\"@type\":\"PropertyValueSpecification\",\"valueRequired\":true,\"valueName\":\"search_term_string\"}}],\"inLanguage\":\"fi\"},{\"@type\":\"Organization\",\"@id\":\"https:\/\/awero.ee\/fi\/#organization\",\"name\":\"Awero - S\u00fcdamega L\u00f5una Eestist\",\"url\":\"https:\/\/awero.ee\/fi\/\",\"logo\":{\"@type\":\"ImageObject\",\"inLanguage\":\"fi\",\"@id\":\"https:\/\/awero.ee\/fi\/#\/schema\/logo\/image\/\",\"url\":\"https:\/\/awero.ee\/wp-content\/uploads\/2024\/07\/aweroplaceholder.jpg\",\"contentUrl\":\"https:\/\/awero.ee\/wp-content\/uploads\/2024\/07\/aweroplaceholder.jpg\",\"width\":1250,\"height\":834,\"caption\":\"Awero - S\u00fcdamega L\u00f5una Eestist\"},\"image\":{\"@id\":\"https:\/\/awero.ee\/fi\/#\/schema\/logo\/image\/\"}}]}<\/script>\n<!-- \/ Yoast SEO plugin. -->","yoast_head_json":{"title":"Kylpytynnyrin kaksitoistkulmainen sisus\u00e4ili\u00f6 2000x2000mm - Awero - S\u00fcdamega L\u00f5una-Eestist","robots":{"index":"index","follow":"follow","max-snippet":"max-snippet:-1","max-image-preview":"max-image-preview:large","max-video-preview":"max-video-preview:-1"},"canonical":"https:\/\/awero.ee\/fi\/toode\/kylpytynnyrin-kaksitoistkulmainen-sisusailio-2000x2000mm\/","og_locale":"fi_FI","og_type":"article","og_title":"Kylpytynnyrin kaksitoistkulmainen sisus\u00e4ili\u00f6 2000x2000mm - Awero - S\u00fcdamega L\u00f5una-Eestist","og_url":"https:\/\/awero.ee\/fi\/toode\/kylpytynnyrin-kaksitoistkulmainen-sisusailio-2000x2000mm\/","og_site_name":"Awero - S\u00fcdamega L\u00f5una-Eestist","og_image":[{"width":1250,"height":834,"url":"https:\/\/awero.ee\/wp-content\/uploads\/2024\/09\/Tunnisisu_kaksteistnurkne_2000x2000mm_hall.png","type":"image\/png"}],"twitter_card":"summary_large_image","schema":{"@context":"https:\/\/schema.org","@graph":[{"@type":"WebPage","@id":"https:\/\/awero.ee\/fi\/toode\/kylpytynnyrin-kaksitoistkulmainen-sisusailio-2000x2000mm\/","url":"https:\/\/awero.ee\/fi\/toode\/kylpytynnyrin-kaksitoistkulmainen-sisusailio-2000x2000mm\/","name":"Kylpytynnyrin kaksitoistkulmainen sisus\u00e4ili\u00f6 2000x2000mm - Awero - S\u00fcdamega L\u00f5una-Eestist","isPartOf":{"@id":"https:\/\/awero.ee\/fi\/#website"},"primaryImageOfPage":{"@id":"https:\/\/awero.ee\/fi\/toode\/kylpytynnyrin-kaksitoistkulmainen-sisusailio-2000x2000mm\/#primaryimage"},"image":{"@id":"https:\/\/awero.ee\/fi\/toode\/kylpytynnyrin-kaksitoistkulmainen-sisusailio-2000x2000mm\/#primaryimage"},"thumbnailUrl":"https:\/\/awero.ee\/wp-content\/uploads\/2024\/09\/Tunnisisu_kaksteistnurkne_2000x2000mm_hall.png","datePublished":"2024-07-16T08:02:52+00:00","breadcrumb":{"@id":"https:\/\/awero.ee\/fi\/toode\/kylpytynnyrin-kaksitoistkulmainen-sisusailio-2000x2000mm\/#breadcrumb"},"inLanguage":"fi","potentialAction":[{"@type":"ReadAction","target":["https:\/\/awero.ee\/fi\/toode\/kylpytynnyrin-kaksitoistkulmainen-sisusailio-2000x2000mm\/"]}]},{"@type":"ImageObject","inLanguage":"fi","@id":"https:\/\/awero.ee\/fi\/toode\/kylpytynnyrin-kaksitoistkulmainen-sisusailio-2000x2000mm\/#primaryimage","url":"https:\/\/awero.ee\/wp-content\/uploads\/2024\/09\/Tunnisisu_kaksteistnurkne_2000x2000mm_hall.png","contentUrl":"https:\/\/awero.ee\/wp-content\/uploads\/2024\/09\/Tunnisisu_kaksteistnurkne_2000x2000mm_hall.png","width":1250,"height":834},{"@type":"BreadcrumbList","@id":"https:\/\/awero.ee\/fi\/toode\/kylpytynnyrin-kaksitoistkulmainen-sisusailio-2000x2000mm\/#breadcrumb","itemListElement":[{"@type":"ListItem","position":1,"name":"Home","item":"https:\/\/awero.ee\/fi\/etusivu\/"},{"@type":"ListItem","position":2,"name":"Kauppa","item":"https:\/\/awero.ee\/fi\/kauppa\/"},{"@type":"ListItem","position":3,"name":"Kylpytynnyrin kaksitoistkulmainen sisus\u00e4ili\u00f6 2000x2000mm"}]},{"@type":"WebSite","@id":"https:\/\/awero.ee\/fi\/#website","url":"https:\/\/awero.ee\/fi\/","name":"Awero - S\u00fcdamega L\u00f5una Eestist","description":"","publisher":{"@id":"https:\/\/awero.ee\/fi\/#organization"},"potentialAction":[{"@type":"SearchAction","target":{"@type":"EntryPoint","urlTemplate":"https:\/\/awero.ee\/fi\/?s={search_term_string}"},"query-input":{"@type":"PropertyValueSpecification","valueRequired":true,"valueName":"search_term_string"}}],"inLanguage":"fi"},{"@type":"Organization","@id":"https:\/\/awero.ee\/fi\/#organization","name":"Awero - S\u00fcdamega L\u00f5una Eestist","url":"https:\/\/awero.ee\/fi\/","logo":{"@type":"ImageObject","inLanguage":"fi","@id":"https:\/\/awero.ee\/fi\/#\/schema\/logo\/image\/","url":"https:\/\/awero.ee\/wp-content\/uploads\/2024\/07\/aweroplaceholder.jpg","contentUrl":"https:\/\/awero.ee\/wp-content\/uploads\/2024\/07\/aweroplaceholder.jpg","width":1250,"height":834,"caption":"Awero - S\u00fcdamega L\u00f5una Eestist"},"image":{"@id":"https:\/\/awero.ee\/fi\/#\/schema\/logo\/image\/"}}]}},"_links":{"self":[{"href":"https:\/\/awero.ee\/fi\/wp-json\/wp\/v2\/product\/8510","targetHints":{"allow":["GET"]}}],"collection":[{"href":"https:\/\/awero.ee\/fi\/wp-json\/wp\/v2\/product"}],"about":[{"href":"https:\/\/awero.ee\/fi\/wp-json\/wp\/v2\/types\/product"}],"wp:featuredmedia":[{"embeddable":true,"href":"https:\/\/awero.ee\/fi\/wp-json\/wp\/v2\/media\/6005"}],"wp:attachment":[{"href":"https:\/\/awero.ee\/fi\/wp-json\/wp\/v2\/media?parent=8510"}],"wp:term":[{"taxonomy":"product_brand","embeddable":true,"href":"https:\/\/awero.ee\/fi\/wp-json\/wp\/v2\/product_brand?post=8510"},{"taxonomy":"product_cat","embeddable":true,"href":"https:\/\/awero.ee\/fi\/wp-json\/wp\/v2\/product_cat?post=8510"},{"taxonomy":"product_tag","embeddable":true,"href":"https:\/\/awero.ee\/fi\/wp-json\/wp\/v2\/product_tag?post=8510"}],"curies":[{"name":"wp","href":"https:\/\/api.w.org\/{rel}","templated":true}]}}