{"id":8428,"date":"2025-04-13T17:31:24","date_gmt":"2025-04-13T17:31:24","guid":{"rendered":"https:\/\/awero.ee\/toode\/ulkokaymala\/"},"modified":"2026-04-01T12:32:24","modified_gmt":"2026-04-01T12:32:24","slug":"ulkokaymala","status":"publish","type":"product","link":"https:\/\/awero.ee\/fi\/toode\/ulkokaymala\/","title":{"rendered":"Ulkok\u00e4ym\u00e4l\u00e4"},"content":{"rendered":"<p><strong><span dir=\"ltr\" role=\"presentation\">Pakettiin sis\u00e4ltyy:<\/span><\/strong><br role=\"presentation\"><span dir=\"ltr\" role=\"presentation\">sein\u00e4materiaali: 24 mm kuusi tai l\u00e4mp\u00f6k\u00e4sitelty m\u00e4nty<\/span><br role=\"presentation\"><span dir=\"ltr\" role=\"presentation\">kattomateriaali: musta bitumikatto<\/span><br role=\"presentation\"><span dir=\"ltr\" role=\"presentation\">lukittava ulko-ovi ikkunalla.<\/span><\/p>\n<p><strong><span dir=\"ltr\" role=\"presentation\">Lis\u00e4varusteet:<\/span><\/strong><br role=\"presentation\"><span dir=\"ltr\" role=\"presentation\">Biolan kuivak\u00e4ym\u00e4l\u00e4paketti<strong> 380 \u20ac<\/strong><\/span><br role=\"presentation\"><span dir=\"ltr\" role=\"presentation\">Kokoonpannun k\u00e4ym\u00e4l\u00e4n ulkoverhoilu <strong>90 \u20ac<\/strong><\/span><\/p>\n<p>&nbsp;<\/p>\n","protected":false},"excerpt":{"rendered":"<p>Valmistettu kest\u00e4v\u00e4st\u00e4 24 mm:n luonnonkuusesta tai 28 mm:n l\u00e4mp\u00f6m\u00e4nnyst\u00e4. Talossa on klassinen harjakatto, joka on p\u00e4\u00e4llystetty bitumipaanulla, ja ovi, jossa on ikkuna, joka p\u00e4\u00e4st\u00e4\u00e4 luonnonvalon sis\u00e4\u00e4n. Kompakti mutta toimiva ratkaisu maalaistaloon, m\u00f6kille tai mets\u00e4nurkkaukseen. Helppo asentaa ja sopii k\u00e4ytett\u00e4v\u00e4ksi kaikkina vuodenaikoina.   <\/p>\n","protected":false},"featured_media":5357,"template":"","meta":{"_acf_changed":false},"product_brand":[],"product_cat":[1089],"product_tag":[],"class_list":{"0":"post-8428","1":"product","2":"type-product","3":"status-publish","4":"has-post-thumbnail","6":"product_cat-puutarhatuotteet","8":"first","9":"instock","10":"shipping-taxable","11":"product-type-variable"},"acf":[],"yoast_head":"<!-- This site is optimized with the Yoast SEO plugin v26.8 - https:\/\/yoast.com\/product\/yoast-seo-wordpress\/ -->\n<title>Ulkok\u00e4ym\u00e4l\u00e4 - Awero - S\u00fcdamega L\u00f5una-Eestist<\/title>\n<meta name=\"robots\" content=\"index, follow, max-snippet:-1, max-image-preview:large, max-video-preview:-1\" \/>\n<link rel=\"canonical\" href=\"https:\/\/awero.ee\/fi\/toode\/ulkokaymala\/\" \/>\n<meta property=\"og:locale\" content=\"fi_FI\" \/>\n<meta property=\"og:type\" content=\"article\" \/>\n<meta property=\"og:title\" content=\"Ulkok\u00e4ym\u00e4l\u00e4 - Awero - S\u00fcdamega L\u00f5una-Eestist\" \/>\n<meta property=\"og:description\" content=\"Valmistettu kest\u00e4v\u00e4st\u00e4 24 mm:n luonnonkuusesta tai 28 mm:n l\u00e4mp\u00f6m\u00e4nnyst\u00e4. Talossa on klassinen harjakatto, joka on p\u00e4\u00e4llystetty bitumipaanulla, ja ovi, jossa on ikkuna, joka p\u00e4\u00e4st\u00e4\u00e4 luonnonvalon sis\u00e4\u00e4n. Kompakti mutta toimiva ratkaisu maalaistaloon, m\u00f6kille tai mets\u00e4nurkkaukseen. Helppo asentaa ja sopii k\u00e4ytett\u00e4v\u00e4ksi kaikkina vuodenaikoina.\" \/>\n<meta property=\"og:url\" content=\"https:\/\/awero.ee\/fi\/toode\/ulkokaymala\/\" \/>\n<meta property=\"og:site_name\" content=\"Awero - S\u00fcdamega L\u00f5una-Eestist\" \/>\n<meta property=\"article:modified_time\" content=\"2026-04-01T12:32:24+00:00\" \/>\n<meta property=\"og:image\" content=\"https:\/\/awero.ee\/wp-content\/uploads\/2025\/04\/Valiwc.jpg\" \/>\n\t<meta property=\"og:image:width\" content=\"1920\" \/>\n\t<meta property=\"og:image:height\" content=\"1280\" \/>\n\t<meta property=\"og:image:type\" content=\"image\/jpeg\" \/>\n<meta name=\"twitter:card\" content=\"summary_large_image\" \/>\n<script type=\"application\/ld+json\" class=\"yoast-schema-graph\">{\"@context\":\"https:\/\/schema.org\",\"@graph\":[{\"@type\":\"WebPage\",\"@id\":\"https:\/\/awero.ee\/fi\/toode\/ulkokaymala\/\",\"url\":\"https:\/\/awero.ee\/fi\/toode\/ulkokaymala\/\",\"name\":\"Ulkok\u00e4ym\u00e4l\u00e4 - Awero - S\u00fcdamega L\u00f5una-Eestist\",\"isPartOf\":{\"@id\":\"https:\/\/awero.ee\/fi\/#website\"},\"primaryImageOfPage\":{\"@id\":\"https:\/\/awero.ee\/fi\/toode\/ulkokaymala\/#primaryimage\"},\"image\":{\"@id\":\"https:\/\/awero.ee\/fi\/toode\/ulkokaymala\/#primaryimage\"},\"thumbnailUrl\":\"https:\/\/awero.ee\/wp-content\/uploads\/2025\/04\/Valiwc.jpg\",\"datePublished\":\"2025-04-13T17:31:24+00:00\",\"dateModified\":\"2026-04-01T12:32:24+00:00\",\"breadcrumb\":{\"@id\":\"https:\/\/awero.ee\/fi\/toode\/ulkokaymala\/#breadcrumb\"},\"inLanguage\":\"fi\",\"potentialAction\":[{\"@type\":\"ReadAction\",\"target\":[\"https:\/\/awero.ee\/fi\/toode\/ulkokaymala\/\"]}]},{\"@type\":\"ImageObject\",\"inLanguage\":\"fi\",\"@id\":\"https:\/\/awero.ee\/fi\/toode\/ulkokaymala\/#primaryimage\",\"url\":\"https:\/\/awero.ee\/wp-content\/uploads\/2025\/04\/Valiwc.jpg\",\"contentUrl\":\"https:\/\/awero.ee\/wp-content\/uploads\/2025\/04\/Valiwc.jpg\",\"width\":1920,\"height\":1280},{\"@type\":\"BreadcrumbList\",\"@id\":\"https:\/\/awero.ee\/fi\/toode\/ulkokaymala\/#breadcrumb\",\"itemListElement\":[{\"@type\":\"ListItem\",\"position\":1,\"name\":\"Home\",\"item\":\"https:\/\/awero.ee\/fi\/etusivu\/\"},{\"@type\":\"ListItem\",\"position\":2,\"name\":\"Kauppa\",\"item\":\"https:\/\/awero.ee\/fi\/kauppa\/\"},{\"@type\":\"ListItem\",\"position\":3,\"name\":\"Ulkok\u00e4ym\u00e4l\u00e4\"}]},{\"@type\":\"WebSite\",\"@id\":\"https:\/\/awero.ee\/fi\/#website\",\"url\":\"https:\/\/awero.ee\/fi\/\",\"name\":\"Awero - S\u00fcdamega L\u00f5una Eestist\",\"description\":\"\",\"publisher\":{\"@id\":\"https:\/\/awero.ee\/fi\/#organization\"},\"potentialAction\":[{\"@type\":\"SearchAction\",\"target\":{\"@type\":\"EntryPoint\",\"urlTemplate\":\"https:\/\/awero.ee\/fi\/?s={search_term_string}\"},\"query-input\":{\"@type\":\"PropertyValueSpecification\",\"valueRequired\":true,\"valueName\":\"search_term_string\"}}],\"inLanguage\":\"fi\"},{\"@type\":\"Organization\",\"@id\":\"https:\/\/awero.ee\/fi\/#organization\",\"name\":\"Awero - S\u00fcdamega L\u00f5una Eestist\",\"url\":\"https:\/\/awero.ee\/fi\/\",\"logo\":{\"@type\":\"ImageObject\",\"inLanguage\":\"fi\",\"@id\":\"https:\/\/awero.ee\/fi\/#\/schema\/logo\/image\/\",\"url\":\"https:\/\/awero.ee\/wp-content\/uploads\/2024\/07\/aweroplaceholder.jpg\",\"contentUrl\":\"https:\/\/awero.ee\/wp-content\/uploads\/2024\/07\/aweroplaceholder.jpg\",\"width\":1250,\"height\":834,\"caption\":\"Awero - S\u00fcdamega L\u00f5una Eestist\"},\"image\":{\"@id\":\"https:\/\/awero.ee\/fi\/#\/schema\/logo\/image\/\"}}]}<\/script>\n<!-- \/ Yoast SEO plugin. -->","yoast_head_json":{"title":"Ulkok\u00e4ym\u00e4l\u00e4 - Awero - S\u00fcdamega L\u00f5una-Eestist","robots":{"index":"index","follow":"follow","max-snippet":"max-snippet:-1","max-image-preview":"max-image-preview:large","max-video-preview":"max-video-preview:-1"},"canonical":"https:\/\/awero.ee\/fi\/toode\/ulkokaymala\/","og_locale":"fi_FI","og_type":"article","og_title":"Ulkok\u00e4ym\u00e4l\u00e4 - Awero - S\u00fcdamega L\u00f5una-Eestist","og_description":"Valmistettu kest\u00e4v\u00e4st\u00e4 24 mm:n luonnonkuusesta tai 28 mm:n l\u00e4mp\u00f6m\u00e4nnyst\u00e4. Talossa on klassinen harjakatto, joka on p\u00e4\u00e4llystetty bitumipaanulla, ja ovi, jossa on ikkuna, joka p\u00e4\u00e4st\u00e4\u00e4 luonnonvalon sis\u00e4\u00e4n. Kompakti mutta toimiva ratkaisu maalaistaloon, m\u00f6kille tai mets\u00e4nurkkaukseen. Helppo asentaa ja sopii k\u00e4ytett\u00e4v\u00e4ksi kaikkina vuodenaikoina.","og_url":"https:\/\/awero.ee\/fi\/toode\/ulkokaymala\/","og_site_name":"Awero - S\u00fcdamega L\u00f5una-Eestist","article_modified_time":"2026-04-01T12:32:24+00:00","og_image":[{"width":1920,"height":1280,"url":"https:\/\/awero.ee\/wp-content\/uploads\/2025\/04\/Valiwc.jpg","type":"image\/jpeg"}],"twitter_card":"summary_large_image","schema":{"@context":"https:\/\/schema.org","@graph":[{"@type":"WebPage","@id":"https:\/\/awero.ee\/fi\/toode\/ulkokaymala\/","url":"https:\/\/awero.ee\/fi\/toode\/ulkokaymala\/","name":"Ulkok\u00e4ym\u00e4l\u00e4 - Awero - S\u00fcdamega L\u00f5una-Eestist","isPartOf":{"@id":"https:\/\/awero.ee\/fi\/#website"},"primaryImageOfPage":{"@id":"https:\/\/awero.ee\/fi\/toode\/ulkokaymala\/#primaryimage"},"image":{"@id":"https:\/\/awero.ee\/fi\/toode\/ulkokaymala\/#primaryimage"},"thumbnailUrl":"https:\/\/awero.ee\/wp-content\/uploads\/2025\/04\/Valiwc.jpg","datePublished":"2025-04-13T17:31:24+00:00","dateModified":"2026-04-01T12:32:24+00:00","breadcrumb":{"@id":"https:\/\/awero.ee\/fi\/toode\/ulkokaymala\/#breadcrumb"},"inLanguage":"fi","potentialAction":[{"@type":"ReadAction","target":["https:\/\/awero.ee\/fi\/toode\/ulkokaymala\/"]}]},{"@type":"ImageObject","inLanguage":"fi","@id":"https:\/\/awero.ee\/fi\/toode\/ulkokaymala\/#primaryimage","url":"https:\/\/awero.ee\/wp-content\/uploads\/2025\/04\/Valiwc.jpg","contentUrl":"https:\/\/awero.ee\/wp-content\/uploads\/2025\/04\/Valiwc.jpg","width":1920,"height":1280},{"@type":"BreadcrumbList","@id":"https:\/\/awero.ee\/fi\/toode\/ulkokaymala\/#breadcrumb","itemListElement":[{"@type":"ListItem","position":1,"name":"Home","item":"https:\/\/awero.ee\/fi\/etusivu\/"},{"@type":"ListItem","position":2,"name":"Kauppa","item":"https:\/\/awero.ee\/fi\/kauppa\/"},{"@type":"ListItem","position":3,"name":"Ulkok\u00e4ym\u00e4l\u00e4"}]},{"@type":"WebSite","@id":"https:\/\/awero.ee\/fi\/#website","url":"https:\/\/awero.ee\/fi\/","name":"Awero - S\u00fcdamega L\u00f5una Eestist","description":"","publisher":{"@id":"https:\/\/awero.ee\/fi\/#organization"},"potentialAction":[{"@type":"SearchAction","target":{"@type":"EntryPoint","urlTemplate":"https:\/\/awero.ee\/fi\/?s={search_term_string}"},"query-input":{"@type":"PropertyValueSpecification","valueRequired":true,"valueName":"search_term_string"}}],"inLanguage":"fi"},{"@type":"Organization","@id":"https:\/\/awero.ee\/fi\/#organization","name":"Awero - S\u00fcdamega L\u00f5una Eestist","url":"https:\/\/awero.ee\/fi\/","logo":{"@type":"ImageObject","inLanguage":"fi","@id":"https:\/\/awero.ee\/fi\/#\/schema\/logo\/image\/","url":"https:\/\/awero.ee\/wp-content\/uploads\/2024\/07\/aweroplaceholder.jpg","contentUrl":"https:\/\/awero.ee\/wp-content\/uploads\/2024\/07\/aweroplaceholder.jpg","width":1250,"height":834,"caption":"Awero - S\u00fcdamega L\u00f5una Eestist"},"image":{"@id":"https:\/\/awero.ee\/fi\/#\/schema\/logo\/image\/"}}]}},"_links":{"self":[{"href":"https:\/\/awero.ee\/fi\/wp-json\/wp\/v2\/product\/8428","targetHints":{"allow":["GET"]}}],"collection":[{"href":"https:\/\/awero.ee\/fi\/wp-json\/wp\/v2\/product"}],"about":[{"href":"https:\/\/awero.ee\/fi\/wp-json\/wp\/v2\/types\/product"}],"wp:featuredmedia":[{"embeddable":true,"href":"https:\/\/awero.ee\/fi\/wp-json\/wp\/v2\/media\/5357"}],"wp:attachment":[{"href":"https:\/\/awero.ee\/fi\/wp-json\/wp\/v2\/media?parent=8428"}],"wp:term":[{"taxonomy":"product_brand","embeddable":true,"href":"https:\/\/awero.ee\/fi\/wp-json\/wp\/v2\/product_brand?post=8428"},{"taxonomy":"product_cat","embeddable":true,"href":"https:\/\/awero.ee\/fi\/wp-json\/wp\/v2\/product_cat?post=8428"},{"taxonomy":"product_tag","embeddable":true,"href":"https:\/\/awero.ee\/fi\/wp-json\/wp\/v2\/product_tag?post=8428"}],"curies":[{"name":"wp","href":"https:\/\/api.w.org\/{rel}","templated":true}]}}