{"id":8427,"date":"2025-04-13T17:23:23","date_gmt":"2025-04-13T17:23:23","guid":{"rendered":"https:\/\/awero.ee\/toode\/saunavaunu\/"},"modified":"2026-04-01T12:31:54","modified_gmt":"2026-04-01T12:31:54","slug":"saunavaunu","status":"publish","type":"product","link":"https:\/\/awero.ee\/fi\/toode\/saunavaunu\/","title":{"rendered":"Saunavaunu"},"content":{"rendered":"<div style=\"width: 1920px;\" class=\"wp-video\"><video class=\"wp-video-shortcode\" id=\"video-8427-1\" width=\"1920\" height=\"1080\" preload=\"metadata\" controls=\"controls\"><source type=\"video\/mp4\" src=\"https:\/\/awero.ee\/wp-content\/uploads\/2025\/04\/Awero-karusaun-eng.mp4?_=1\" \/><a href=\"https:\/\/awero.ee\/wp-content\/uploads\/2025\/04\/Awero-karusaun-eng.mp4\">https:\/\/awero.ee\/wp-content\/uploads\/2025\/04\/Awero-karusaun-eng.mp4<\/a><\/video><\/div>\n<p>Sauna on asennettu RESPO-per\u00e4vaunuun ja pakettiin sis\u00e4lt<\/p>\n<p>&#8211; Harvian puul\u00e4mmitteinen kiuas kivill\u00e4<br \/>&#8211; palonkest\u00e4v\u00e4 ruostumaton ter\u00e4spiippu ja 30 litran kuumavesis\u00e4ili\u00f6<br \/>&#8211; sein\u00e4materiaali: 28 mm l\u00e4mp\u00f6k\u00e4sitelty m\u00e4nty<br \/>&#8211; vahva PVC-kattop\u00e4\u00e4llyste<br \/>&#8211; alustan materiaali: l\u00e4mp\u00f6k\u00e4sitelty m\u00e4nty<br \/>&#8211; tukijalat kaikissa nelj\u00e4ss\u00e4 kulmassa<br \/>&#8211; lattiaritil\u00e4t: l\u00e4mp\u00f6k\u00e4sitelty m\u00e4nty<br \/>&#8211; akku ja akkulaturi<br \/>&#8211; LED-valaistus saunan sis\u00e4- ja ulkopuolella<br \/>&#8211; kaksi ikkunaa tuuletusominaisuudella<br \/>&#8211; stereot (radio, Bluetooth, AUX, USB, kaiuttimet)<br \/>&#8211; varastotila.<\/p>\n<p>&nbsp;<\/p>\n<p>RESPO B-luokan lavavaunu:<\/p>\n<ul>\n<li>Pituus: 4621 mm<\/li>\n<li>Leveys: 2007 mm<\/li>\n<li>Korkeus: 600 mm<\/li>\n<li>Laatikon pituus: 3074 mm<\/li>\n<\/ul>\n<p>Matalat 10-tuumaiset py\u00f6r\u00e4t, varustettu lehtijousi- ja iskunvaimennusjousituksella.<\/p>\n<p>Jokainen kulma on varustettu s\u00e4\u00e4dett\u00e4vill\u00e4 asuntovaunun kulmatuilla, joiden kantavuus on 500 kg.<\/p>\n","protected":false},"excerpt":{"rendered":"<p>\u00c4lykk\u00e4\u00e4sti suunniteltu ja jokaista yksityiskohtaa my\u00f6ten harkittu, jotta varmistetaan maksimaalinen tila ja mukavuus useamman henkil\u00f6n saunomiseen.<\/p>\n<p>T\u00e4m\u00e4 siirrett\u00e4v\u00e4 saunam\u00f6kki on valmistettu kest\u00e4v\u00e4st\u00e4 l\u00e4mp\u00f6puusta ja varustettu Harvia-puupolttimella, akkuk\u00e4ytt\u00f6isell\u00e4 LED-valaistuksella ja musiikkij\u00e4rjestelm\u00e4ll\u00e4.<\/p>\n","protected":false},"featured_media":5336,"template":"","meta":{"_acf_changed":false},"product_brand":[],"product_cat":[1091],"product_tag":[],"class_list":{"0":"post-8427","1":"product","2":"type-product","3":"status-publish","4":"has-post-thumbnail","6":"product_cat-peravaunutuotteet","8":"first","9":"instock","10":"shipping-taxable","11":"product-type-simple"},"acf":[],"yoast_head":"<!-- This site is optimized with the Yoast SEO plugin v27.5 - https:\/\/yoast.com\/product\/yoast-seo-wordpress\/ -->\n<title>Saunavaunu - Awero - S\u00fcdamega L\u00f5una-Eestist<\/title>\n<meta name=\"robots\" content=\"index, follow, max-snippet:-1, max-image-preview:large, max-video-preview:-1\" \/>\n<link rel=\"canonical\" href=\"https:\/\/awero.ee\/fi\/toode\/saunavaunu\/\" \/>\n<meta property=\"og:locale\" content=\"fi_FI\" \/>\n<meta property=\"og:type\" content=\"article\" \/>\n<meta property=\"og:title\" content=\"Saunavaunu - Awero - S\u00fcdamega L\u00f5una-Eestist\" \/>\n<meta property=\"og:description\" content=\"\u00c4lykk\u00e4\u00e4sti suunniteltu ja jokaista yksityiskohtaa my\u00f6ten harkittu, jotta varmistetaan maksimaalinen tila ja mukavuus useamman henkil\u00f6n saunomiseen. T\u00e4m\u00e4 siirrett\u00e4v\u00e4 saunam\u00f6kki on valmistettu kest\u00e4v\u00e4st\u00e4 l\u00e4mp\u00f6puusta ja varustettu Harvia-puupolttimella, akkuk\u00e4ytt\u00f6isell\u00e4 LED-valaistuksella ja musiikkij\u00e4rjestelm\u00e4ll\u00e4.\" \/>\n<meta property=\"og:url\" content=\"https:\/\/awero.ee\/fi\/toode\/saunavaunu\/\" \/>\n<meta property=\"og:site_name\" content=\"Awero - S\u00fcdamega L\u00f5una-Eestist\" \/>\n<meta property=\"article:modified_time\" content=\"2026-04-01T12:31:54+00:00\" \/>\n<meta property=\"og:image\" content=\"https:\/\/awero.ee\/wp-content\/uploads\/2025\/04\/Haagis_saun_loige.png\" \/>\n\t<meta property=\"og:image:width\" content=\"872\" \/>\n\t<meta property=\"og:image:height\" content=\"581\" \/>\n\t<meta property=\"og:image:type\" content=\"image\/png\" \/>\n<meta name=\"twitter:card\" content=\"summary_large_image\" \/>\n<meta name=\"twitter:label1\" content=\"Arvioitu lukuaika\" \/>\n\t<meta name=\"twitter:data1\" content=\"1 minuutti\" \/>\n<script type=\"application\/ld+json\" class=\"yoast-schema-graph\">{\"@context\":\"https:\\\/\\\/schema.org\",\"@graph\":[{\"@type\":\"WebPage\",\"@id\":\"https:\\\/\\\/awero.ee\\\/fi\\\/toode\\\/saunavaunu\\\/\",\"url\":\"https:\\\/\\\/awero.ee\\\/fi\\\/toode\\\/saunavaunu\\\/\",\"name\":\"Saunavaunu - Awero - S\u00fcdamega L\u00f5una-Eestist\",\"isPartOf\":{\"@id\":\"https:\\\/\\\/awero.ee\\\/fi\\\/#website\"},\"primaryImageOfPage\":{\"@id\":\"https:\\\/\\\/awero.ee\\\/fi\\\/toode\\\/saunavaunu\\\/#primaryimage\"},\"image\":{\"@id\":\"https:\\\/\\\/awero.ee\\\/fi\\\/toode\\\/saunavaunu\\\/#primaryimage\"},\"thumbnailUrl\":\"https:\\\/\\\/awero.ee\\\/wp-content\\\/uploads\\\/2025\\\/04\\\/Haagis_saun_loige.png\",\"datePublished\":\"2025-04-13T17:23:23+00:00\",\"dateModified\":\"2026-04-01T12:31:54+00:00\",\"breadcrumb\":{\"@id\":\"https:\\\/\\\/awero.ee\\\/fi\\\/toode\\\/saunavaunu\\\/#breadcrumb\"},\"inLanguage\":\"fi\",\"potentialAction\":[{\"@type\":\"ReadAction\",\"target\":[\"https:\\\/\\\/awero.ee\\\/fi\\\/toode\\\/saunavaunu\\\/\"]}]},{\"@type\":\"ImageObject\",\"inLanguage\":\"fi\",\"@id\":\"https:\\\/\\\/awero.ee\\\/fi\\\/toode\\\/saunavaunu\\\/#primaryimage\",\"url\":\"https:\\\/\\\/awero.ee\\\/wp-content\\\/uploads\\\/2025\\\/04\\\/Haagis_saun_loige.png\",\"contentUrl\":\"https:\\\/\\\/awero.ee\\\/wp-content\\\/uploads\\\/2025\\\/04\\\/Haagis_saun_loige.png\",\"width\":872,\"height\":581},{\"@type\":\"BreadcrumbList\",\"@id\":\"https:\\\/\\\/awero.ee\\\/fi\\\/toode\\\/saunavaunu\\\/#breadcrumb\",\"itemListElement\":[{\"@type\":\"ListItem\",\"position\":1,\"name\":\"Home\",\"item\":\"https:\\\/\\\/awero.ee\\\/fi\\\/etusivu\\\/\"},{\"@type\":\"ListItem\",\"position\":2,\"name\":\"Kauppa\",\"item\":\"https:\\\/\\\/awero.ee\\\/fi\\\/kauppa\\\/\"},{\"@type\":\"ListItem\",\"position\":3,\"name\":\"Saunavaunu\"}]},{\"@type\":\"WebSite\",\"@id\":\"https:\\\/\\\/awero.ee\\\/fi\\\/#website\",\"url\":\"https:\\\/\\\/awero.ee\\\/fi\\\/\",\"name\":\"Awero - S\u00fcdamega L\u00f5una Eestist\",\"description\":\"\",\"publisher\":{\"@id\":\"https:\\\/\\\/awero.ee\\\/fi\\\/#organization\"},\"potentialAction\":[{\"@type\":\"SearchAction\",\"target\":{\"@type\":\"EntryPoint\",\"urlTemplate\":\"https:\\\/\\\/awero.ee\\\/fi\\\/?s={search_term_string}\"},\"query-input\":{\"@type\":\"PropertyValueSpecification\",\"valueRequired\":true,\"valueName\":\"search_term_string\"}}],\"inLanguage\":\"fi\"},{\"@type\":\"Organization\",\"@id\":\"https:\\\/\\\/awero.ee\\\/fi\\\/#organization\",\"name\":\"Awero - S\u00fcdamega L\u00f5una Eestist\",\"url\":\"https:\\\/\\\/awero.ee\\\/fi\\\/\",\"logo\":{\"@type\":\"ImageObject\",\"inLanguage\":\"fi\",\"@id\":\"https:\\\/\\\/awero.ee\\\/fi\\\/#\\\/schema\\\/logo\\\/image\\\/\",\"url\":\"https:\\\/\\\/awero.ee\\\/wp-content\\\/uploads\\\/2024\\\/07\\\/aweroplaceholder.jpg\",\"contentUrl\":\"https:\\\/\\\/awero.ee\\\/wp-content\\\/uploads\\\/2024\\\/07\\\/aweroplaceholder.jpg\",\"width\":1250,\"height\":834,\"caption\":\"Awero - S\u00fcdamega L\u00f5una Eestist\"},\"image\":{\"@id\":\"https:\\\/\\\/awero.ee\\\/fi\\\/#\\\/schema\\\/logo\\\/image\\\/\"}}]}<\/script>\n<!-- \/ Yoast SEO plugin. -->","yoast_head_json":{"title":"Saunavaunu - Awero - S\u00fcdamega L\u00f5una-Eestist","robots":{"index":"index","follow":"follow","max-snippet":"max-snippet:-1","max-image-preview":"max-image-preview:large","max-video-preview":"max-video-preview:-1"},"canonical":"https:\/\/awero.ee\/fi\/toode\/saunavaunu\/","og_locale":"fi_FI","og_type":"article","og_title":"Saunavaunu - Awero - S\u00fcdamega L\u00f5una-Eestist","og_description":"\u00c4lykk\u00e4\u00e4sti suunniteltu ja jokaista yksityiskohtaa my\u00f6ten harkittu, jotta varmistetaan maksimaalinen tila ja mukavuus useamman henkil\u00f6n saunomiseen. T\u00e4m\u00e4 siirrett\u00e4v\u00e4 saunam\u00f6kki on valmistettu kest\u00e4v\u00e4st\u00e4 l\u00e4mp\u00f6puusta ja varustettu Harvia-puupolttimella, akkuk\u00e4ytt\u00f6isell\u00e4 LED-valaistuksella ja musiikkij\u00e4rjestelm\u00e4ll\u00e4.","og_url":"https:\/\/awero.ee\/fi\/toode\/saunavaunu\/","og_site_name":"Awero - S\u00fcdamega L\u00f5una-Eestist","article_modified_time":"2026-04-01T12:31:54+00:00","og_image":[{"width":872,"height":581,"url":"https:\/\/awero.ee\/wp-content\/uploads\/2025\/04\/Haagis_saun_loige.png","type":"image\/png"}],"twitter_card":"summary_large_image","twitter_misc":{"Arvioitu lukuaika":"1 minuutti"},"schema":{"@context":"https:\/\/schema.org","@graph":[{"@type":"WebPage","@id":"https:\/\/awero.ee\/fi\/toode\/saunavaunu\/","url":"https:\/\/awero.ee\/fi\/toode\/saunavaunu\/","name":"Saunavaunu - Awero - S\u00fcdamega L\u00f5una-Eestist","isPartOf":{"@id":"https:\/\/awero.ee\/fi\/#website"},"primaryImageOfPage":{"@id":"https:\/\/awero.ee\/fi\/toode\/saunavaunu\/#primaryimage"},"image":{"@id":"https:\/\/awero.ee\/fi\/toode\/saunavaunu\/#primaryimage"},"thumbnailUrl":"https:\/\/awero.ee\/wp-content\/uploads\/2025\/04\/Haagis_saun_loige.png","datePublished":"2025-04-13T17:23:23+00:00","dateModified":"2026-04-01T12:31:54+00:00","breadcrumb":{"@id":"https:\/\/awero.ee\/fi\/toode\/saunavaunu\/#breadcrumb"},"inLanguage":"fi","potentialAction":[{"@type":"ReadAction","target":["https:\/\/awero.ee\/fi\/toode\/saunavaunu\/"]}]},{"@type":"ImageObject","inLanguage":"fi","@id":"https:\/\/awero.ee\/fi\/toode\/saunavaunu\/#primaryimage","url":"https:\/\/awero.ee\/wp-content\/uploads\/2025\/04\/Haagis_saun_loige.png","contentUrl":"https:\/\/awero.ee\/wp-content\/uploads\/2025\/04\/Haagis_saun_loige.png","width":872,"height":581},{"@type":"BreadcrumbList","@id":"https:\/\/awero.ee\/fi\/toode\/saunavaunu\/#breadcrumb","itemListElement":[{"@type":"ListItem","position":1,"name":"Home","item":"https:\/\/awero.ee\/fi\/etusivu\/"},{"@type":"ListItem","position":2,"name":"Kauppa","item":"https:\/\/awero.ee\/fi\/kauppa\/"},{"@type":"ListItem","position":3,"name":"Saunavaunu"}]},{"@type":"WebSite","@id":"https:\/\/awero.ee\/fi\/#website","url":"https:\/\/awero.ee\/fi\/","name":"Awero - S\u00fcdamega L\u00f5una Eestist","description":"","publisher":{"@id":"https:\/\/awero.ee\/fi\/#organization"},"potentialAction":[{"@type":"SearchAction","target":{"@type":"EntryPoint","urlTemplate":"https:\/\/awero.ee\/fi\/?s={search_term_string}"},"query-input":{"@type":"PropertyValueSpecification","valueRequired":true,"valueName":"search_term_string"}}],"inLanguage":"fi"},{"@type":"Organization","@id":"https:\/\/awero.ee\/fi\/#organization","name":"Awero - S\u00fcdamega L\u00f5una Eestist","url":"https:\/\/awero.ee\/fi\/","logo":{"@type":"ImageObject","inLanguage":"fi","@id":"https:\/\/awero.ee\/fi\/#\/schema\/logo\/image\/","url":"https:\/\/awero.ee\/wp-content\/uploads\/2024\/07\/aweroplaceholder.jpg","contentUrl":"https:\/\/awero.ee\/wp-content\/uploads\/2024\/07\/aweroplaceholder.jpg","width":1250,"height":834,"caption":"Awero - S\u00fcdamega L\u00f5una Eestist"},"image":{"@id":"https:\/\/awero.ee\/fi\/#\/schema\/logo\/image\/"}}]}},"_links":{"self":[{"href":"https:\/\/awero.ee\/fi\/wp-json\/wp\/v2\/product\/8427","targetHints":{"allow":["GET"]}}],"collection":[{"href":"https:\/\/awero.ee\/fi\/wp-json\/wp\/v2\/product"}],"about":[{"href":"https:\/\/awero.ee\/fi\/wp-json\/wp\/v2\/types\/product"}],"wp:featuredmedia":[{"embeddable":true,"href":"https:\/\/awero.ee\/fi\/wp-json\/wp\/v2\/media\/5336"}],"wp:attachment":[{"href":"https:\/\/awero.ee\/fi\/wp-json\/wp\/v2\/media?parent=8427"}],"wp:term":[{"taxonomy":"product_brand","embeddable":true,"href":"https:\/\/awero.ee\/fi\/wp-json\/wp\/v2\/product_brand?post=8427"},{"taxonomy":"product_cat","embeddable":true,"href":"https:\/\/awero.ee\/fi\/wp-json\/wp\/v2\/product_cat?post=8427"},{"taxonomy":"product_tag","embeddable":true,"href":"https:\/\/awero.ee\/fi\/wp-json\/wp\/v2\/product_tag?post=8427"}],"curies":[{"name":"wp","href":"https:\/\/api.w.org\/{rel}","templated":true}]}}