{"id":8426,"date":"2025-04-13T17:20:32","date_gmt":"2025-04-13T17:20:32","guid":{"rendered":"https:\/\/awero.ee\/toode\/icon-tub-200-peravaunussa\/"},"modified":"2026-04-01T12:31:54","modified_gmt":"2026-04-01T12:31:54","slug":"icon-tub-200-peravaunussa","status":"publish","type":"product","link":"https:\/\/awero.ee\/fi\/toode\/icon-tub-200-peravaunussa\/","title":{"rendered":"Icon Tub 200 per\u00e4vaunussa"},"content":{"rendered":"<div style=\"width: 3840px;\" class=\"wp-video\"><video class=\"wp-video-shortcode\" id=\"video-8426-1\" width=\"3840\" height=\"2160\" preload=\"metadata\" controls=\"controls\"><source type=\"video\/mp4\" src=\"https:\/\/awero.ee\/wp-content\/uploads\/2025\/05\/Haagise_icon_tub_video.mp4?_=1\" \/><a href=\"https:\/\/awero.ee\/wp-content\/uploads\/2025\/05\/Haagise_icon_tub_video.mp4\">https:\/\/awero.ee\/wp-content\/uploads\/2025\/05\/Haagise_icon_tub_video.mp4<\/a><\/video><\/div>\n<p>&nbsp;<\/p>\n<p>&#8211; ergonominen neli\u00f6nmuotoinen lasikuitusis\u00e4osa<br \/>\n&#8211; ruostumattomasta ter\u00e4ksest\u00e4 (AISI 304) valmistettu integroitu kamiina (30 kW)<br \/>\n&#8211; 2 m:n savupiippu suojaritil\u00e4ll\u00e4<br \/>\n&#8211; tyhjennyshana<br \/>\n&#8211; porras<br \/>\n&#8211; viimeistelty l\u00e4mp\u00f6puinen ulkokuori, p\u00e4hkin\u00e4puu<br \/>\n&#8211; akku, liittimet, p\u00e4\u00e4kytkin<br \/>\n&#8211; Marine-stereoj\u00e4rjestelm\u00e4 L<br \/>\n&#8211; digitaalinen vesil\u00e4mp\u00f6mittari<br \/>\n&#8211; LED-valaistus kahdella lampulla + 4 kpl per\u00e4vaunussa<br \/>\n&#8211; porej\u00e4rjestelm\u00e4 12 suuttimella<br \/>\n&#8211; eristetty l\u00e4mp\u00f6peite \u00d8 205 cm, 8 kiinnikett\u00e4<br \/>\n&#8211; Henkil\u00f6m\u00e4\u00e4r\u00e4: 6<br \/>\n&#8211; L\u00e4mmitysaika 5-38 \u00b0C: 1,5-2 h.<br \/>\n&#8211; Tilavuus: 1150 L<br \/>\n&#8211; Ulkohalkaisija: 2050 mm<br \/>\n&#8211; Sis\u00e4halkaisija: 1770 mm<br \/>\n&#8211; Korkeus: 1100 mm<br \/>\n&#8211; Syvyys: 990 mm<br \/>\n&#8211; Paino: 300 kg<\/p>\n<p>&nbsp;<\/p>\n<p>RESPO B-luokan lavavaunu:<\/p>\n<ul>\n<li>Pituus: 4621 mm<\/li>\n<li>Leveys: 2007 mm<\/li>\n<li>Korkeus: 600 mm<\/li>\n<li>Laatikon pituus: 3074 mm<\/li>\n<\/ul>\n<p>Matalat 10-tuumaiset py\u00f6r\u00e4t, varustettu lehtijousi- ja iskunvaimennusjousituksella.<\/p>\n<p>Jokainen kulma on varustettu s\u00e4\u00e4dett\u00e4vill\u00e4 asuntovaunun kulmatuilla, joiden kantavuus on 500 kg.<\/p>\n<p>&nbsp;<\/p>\n<p>&nbsp;<\/p>\n","protected":false},"excerpt":{"rendered":"<p>Ergonominen nelikulmainen lasikuituinen sisustus ja viimeistelty l\u00e4mp\u00f6puusta valmistettu ulkopinta takaavat kest\u00e4vyyden ja tyylin.<\/p>\n","protected":false},"featured_media":5309,"template":"","meta":{"_acf_changed":false},"product_brand":[],"product_cat":[1091],"product_tag":[],"class_list":{"0":"post-8426","1":"product","2":"type-product","3":"status-publish","4":"has-post-thumbnail","6":"product_cat-peravaunutuotteet","8":"first","9":"instock","10":"shipping-taxable","11":"product-type-simple"},"acf":[],"yoast_head":"<!-- This site is optimized with the Yoast SEO plugin v27.5 - https:\/\/yoast.com\/product\/yoast-seo-wordpress\/ -->\n<title>Icon Tub 200 per\u00e4vaunussa - Awero - S\u00fcdamega L\u00f5una-Eestist<\/title>\n<meta name=\"robots\" content=\"index, follow, max-snippet:-1, max-image-preview:large, max-video-preview:-1\" \/>\n<link rel=\"canonical\" href=\"https:\/\/awero.ee\/fi\/toode\/icon-tub-200-peravaunussa\/\" \/>\n<meta property=\"og:locale\" content=\"fi_FI\" \/>\n<meta property=\"og:type\" content=\"article\" \/>\n<meta property=\"og:title\" content=\"Icon Tub 200 per\u00e4vaunussa - Awero - S\u00fcdamega L\u00f5una-Eestist\" \/>\n<meta property=\"og:description\" content=\"Ergonominen nelikulmainen lasikuituinen sisustus ja viimeistelty l\u00e4mp\u00f6puusta valmistettu ulkopinta takaavat kest\u00e4vyyden ja tyylin.\" \/>\n<meta property=\"og:url\" content=\"https:\/\/awero.ee\/fi\/toode\/icon-tub-200-peravaunussa\/\" \/>\n<meta property=\"og:site_name\" content=\"Awero - S\u00fcdamega L\u00f5una-Eestist\" \/>\n<meta property=\"article:modified_time\" content=\"2026-04-01T12:31:54+00:00\" \/>\n<meta property=\"og:image\" content=\"https:\/\/awero.ee\/wp-content\/uploads\/2025\/04\/Icon-Tube-200-haagisel_eest_kattega.jpg\" \/>\n\t<meta property=\"og:image:width\" content=\"1920\" \/>\n\t<meta property=\"og:image:height\" content=\"1280\" \/>\n\t<meta property=\"og:image:type\" content=\"image\/jpeg\" \/>\n<meta name=\"twitter:card\" content=\"summary_large_image\" \/>\n<meta name=\"twitter:label1\" content=\"Arvioitu lukuaika\" \/>\n\t<meta name=\"twitter:data1\" content=\"1 minuutti\" \/>\n<script type=\"application\/ld+json\" class=\"yoast-schema-graph\">{\"@context\":\"https:\\\/\\\/schema.org\",\"@graph\":[{\"@type\":\"WebPage\",\"@id\":\"https:\\\/\\\/awero.ee\\\/fi\\\/toode\\\/icon-tub-200-peravaunussa\\\/\",\"url\":\"https:\\\/\\\/awero.ee\\\/fi\\\/toode\\\/icon-tub-200-peravaunussa\\\/\",\"name\":\"Icon Tub 200 per\u00e4vaunussa - Awero - S\u00fcdamega L\u00f5una-Eestist\",\"isPartOf\":{\"@id\":\"https:\\\/\\\/awero.ee\\\/fi\\\/#website\"},\"primaryImageOfPage\":{\"@id\":\"https:\\\/\\\/awero.ee\\\/fi\\\/toode\\\/icon-tub-200-peravaunussa\\\/#primaryimage\"},\"image\":{\"@id\":\"https:\\\/\\\/awero.ee\\\/fi\\\/toode\\\/icon-tub-200-peravaunussa\\\/#primaryimage\"},\"thumbnailUrl\":\"https:\\\/\\\/awero.ee\\\/wp-content\\\/uploads\\\/2025\\\/04\\\/Icon-Tube-200-haagisel_eest_kattega.jpg\",\"datePublished\":\"2025-04-13T17:20:32+00:00\",\"dateModified\":\"2026-04-01T12:31:54+00:00\",\"breadcrumb\":{\"@id\":\"https:\\\/\\\/awero.ee\\\/fi\\\/toode\\\/icon-tub-200-peravaunussa\\\/#breadcrumb\"},\"inLanguage\":\"fi\",\"potentialAction\":[{\"@type\":\"ReadAction\",\"target\":[\"https:\\\/\\\/awero.ee\\\/fi\\\/toode\\\/icon-tub-200-peravaunussa\\\/\"]}]},{\"@type\":\"ImageObject\",\"inLanguage\":\"fi\",\"@id\":\"https:\\\/\\\/awero.ee\\\/fi\\\/toode\\\/icon-tub-200-peravaunussa\\\/#primaryimage\",\"url\":\"https:\\\/\\\/awero.ee\\\/wp-content\\\/uploads\\\/2025\\\/04\\\/Icon-Tube-200-haagisel_eest_kattega.jpg\",\"contentUrl\":\"https:\\\/\\\/awero.ee\\\/wp-content\\\/uploads\\\/2025\\\/04\\\/Icon-Tube-200-haagisel_eest_kattega.jpg\",\"width\":1920,\"height\":1280},{\"@type\":\"BreadcrumbList\",\"@id\":\"https:\\\/\\\/awero.ee\\\/fi\\\/toode\\\/icon-tub-200-peravaunussa\\\/#breadcrumb\",\"itemListElement\":[{\"@type\":\"ListItem\",\"position\":1,\"name\":\"Home\",\"item\":\"https:\\\/\\\/awero.ee\\\/fi\\\/etusivu\\\/\"},{\"@type\":\"ListItem\",\"position\":2,\"name\":\"Kauppa\",\"item\":\"https:\\\/\\\/awero.ee\\\/fi\\\/kauppa\\\/\"},{\"@type\":\"ListItem\",\"position\":3,\"name\":\"Icon Tub 200 per\u00e4vaunussa\"}]},{\"@type\":\"WebSite\",\"@id\":\"https:\\\/\\\/awero.ee\\\/fi\\\/#website\",\"url\":\"https:\\\/\\\/awero.ee\\\/fi\\\/\",\"name\":\"Awero - S\u00fcdamega L\u00f5una Eestist\",\"description\":\"\",\"publisher\":{\"@id\":\"https:\\\/\\\/awero.ee\\\/fi\\\/#organization\"},\"potentialAction\":[{\"@type\":\"SearchAction\",\"target\":{\"@type\":\"EntryPoint\",\"urlTemplate\":\"https:\\\/\\\/awero.ee\\\/fi\\\/?s={search_term_string}\"},\"query-input\":{\"@type\":\"PropertyValueSpecification\",\"valueRequired\":true,\"valueName\":\"search_term_string\"}}],\"inLanguage\":\"fi\"},{\"@type\":\"Organization\",\"@id\":\"https:\\\/\\\/awero.ee\\\/fi\\\/#organization\",\"name\":\"Awero - S\u00fcdamega L\u00f5una Eestist\",\"url\":\"https:\\\/\\\/awero.ee\\\/fi\\\/\",\"logo\":{\"@type\":\"ImageObject\",\"inLanguage\":\"fi\",\"@id\":\"https:\\\/\\\/awero.ee\\\/fi\\\/#\\\/schema\\\/logo\\\/image\\\/\",\"url\":\"https:\\\/\\\/awero.ee\\\/wp-content\\\/uploads\\\/2024\\\/07\\\/aweroplaceholder.jpg\",\"contentUrl\":\"https:\\\/\\\/awero.ee\\\/wp-content\\\/uploads\\\/2024\\\/07\\\/aweroplaceholder.jpg\",\"width\":1250,\"height\":834,\"caption\":\"Awero - S\u00fcdamega L\u00f5una Eestist\"},\"image\":{\"@id\":\"https:\\\/\\\/awero.ee\\\/fi\\\/#\\\/schema\\\/logo\\\/image\\\/\"}}]}<\/script>\n<!-- \/ Yoast SEO plugin. -->","yoast_head_json":{"title":"Icon Tub 200 per\u00e4vaunussa - Awero - S\u00fcdamega L\u00f5una-Eestist","robots":{"index":"index","follow":"follow","max-snippet":"max-snippet:-1","max-image-preview":"max-image-preview:large","max-video-preview":"max-video-preview:-1"},"canonical":"https:\/\/awero.ee\/fi\/toode\/icon-tub-200-peravaunussa\/","og_locale":"fi_FI","og_type":"article","og_title":"Icon Tub 200 per\u00e4vaunussa - Awero - S\u00fcdamega L\u00f5una-Eestist","og_description":"Ergonominen nelikulmainen lasikuituinen sisustus ja viimeistelty l\u00e4mp\u00f6puusta valmistettu ulkopinta takaavat kest\u00e4vyyden ja tyylin.","og_url":"https:\/\/awero.ee\/fi\/toode\/icon-tub-200-peravaunussa\/","og_site_name":"Awero - S\u00fcdamega L\u00f5una-Eestist","article_modified_time":"2026-04-01T12:31:54+00:00","og_image":[{"width":1920,"height":1280,"url":"https:\/\/awero.ee\/wp-content\/uploads\/2025\/04\/Icon-Tube-200-haagisel_eest_kattega.jpg","type":"image\/jpeg"}],"twitter_card":"summary_large_image","twitter_misc":{"Arvioitu lukuaika":"1 minuutti"},"schema":{"@context":"https:\/\/schema.org","@graph":[{"@type":"WebPage","@id":"https:\/\/awero.ee\/fi\/toode\/icon-tub-200-peravaunussa\/","url":"https:\/\/awero.ee\/fi\/toode\/icon-tub-200-peravaunussa\/","name":"Icon Tub 200 per\u00e4vaunussa - Awero - S\u00fcdamega L\u00f5una-Eestist","isPartOf":{"@id":"https:\/\/awero.ee\/fi\/#website"},"primaryImageOfPage":{"@id":"https:\/\/awero.ee\/fi\/toode\/icon-tub-200-peravaunussa\/#primaryimage"},"image":{"@id":"https:\/\/awero.ee\/fi\/toode\/icon-tub-200-peravaunussa\/#primaryimage"},"thumbnailUrl":"https:\/\/awero.ee\/wp-content\/uploads\/2025\/04\/Icon-Tube-200-haagisel_eest_kattega.jpg","datePublished":"2025-04-13T17:20:32+00:00","dateModified":"2026-04-01T12:31:54+00:00","breadcrumb":{"@id":"https:\/\/awero.ee\/fi\/toode\/icon-tub-200-peravaunussa\/#breadcrumb"},"inLanguage":"fi","potentialAction":[{"@type":"ReadAction","target":["https:\/\/awero.ee\/fi\/toode\/icon-tub-200-peravaunussa\/"]}]},{"@type":"ImageObject","inLanguage":"fi","@id":"https:\/\/awero.ee\/fi\/toode\/icon-tub-200-peravaunussa\/#primaryimage","url":"https:\/\/awero.ee\/wp-content\/uploads\/2025\/04\/Icon-Tube-200-haagisel_eest_kattega.jpg","contentUrl":"https:\/\/awero.ee\/wp-content\/uploads\/2025\/04\/Icon-Tube-200-haagisel_eest_kattega.jpg","width":1920,"height":1280},{"@type":"BreadcrumbList","@id":"https:\/\/awero.ee\/fi\/toode\/icon-tub-200-peravaunussa\/#breadcrumb","itemListElement":[{"@type":"ListItem","position":1,"name":"Home","item":"https:\/\/awero.ee\/fi\/etusivu\/"},{"@type":"ListItem","position":2,"name":"Kauppa","item":"https:\/\/awero.ee\/fi\/kauppa\/"},{"@type":"ListItem","position":3,"name":"Icon Tub 200 per\u00e4vaunussa"}]},{"@type":"WebSite","@id":"https:\/\/awero.ee\/fi\/#website","url":"https:\/\/awero.ee\/fi\/","name":"Awero - S\u00fcdamega L\u00f5una Eestist","description":"","publisher":{"@id":"https:\/\/awero.ee\/fi\/#organization"},"potentialAction":[{"@type":"SearchAction","target":{"@type":"EntryPoint","urlTemplate":"https:\/\/awero.ee\/fi\/?s={search_term_string}"},"query-input":{"@type":"PropertyValueSpecification","valueRequired":true,"valueName":"search_term_string"}}],"inLanguage":"fi"},{"@type":"Organization","@id":"https:\/\/awero.ee\/fi\/#organization","name":"Awero - S\u00fcdamega L\u00f5una Eestist","url":"https:\/\/awero.ee\/fi\/","logo":{"@type":"ImageObject","inLanguage":"fi","@id":"https:\/\/awero.ee\/fi\/#\/schema\/logo\/image\/","url":"https:\/\/awero.ee\/wp-content\/uploads\/2024\/07\/aweroplaceholder.jpg","contentUrl":"https:\/\/awero.ee\/wp-content\/uploads\/2024\/07\/aweroplaceholder.jpg","width":1250,"height":834,"caption":"Awero - S\u00fcdamega L\u00f5una Eestist"},"image":{"@id":"https:\/\/awero.ee\/fi\/#\/schema\/logo\/image\/"}}]}},"_links":{"self":[{"href":"https:\/\/awero.ee\/fi\/wp-json\/wp\/v2\/product\/8426","targetHints":{"allow":["GET"]}}],"collection":[{"href":"https:\/\/awero.ee\/fi\/wp-json\/wp\/v2\/product"}],"about":[{"href":"https:\/\/awero.ee\/fi\/wp-json\/wp\/v2\/types\/product"}],"wp:featuredmedia":[{"embeddable":true,"href":"https:\/\/awero.ee\/fi\/wp-json\/wp\/v2\/media\/5309"}],"wp:attachment":[{"href":"https:\/\/awero.ee\/fi\/wp-json\/wp\/v2\/media?parent=8426"}],"wp:term":[{"taxonomy":"product_brand","embeddable":true,"href":"https:\/\/awero.ee\/fi\/wp-json\/wp\/v2\/product_brand?post=8426"},{"taxonomy":"product_cat","embeddable":true,"href":"https:\/\/awero.ee\/fi\/wp-json\/wp\/v2\/product_cat?post=8426"},{"taxonomy":"product_tag","embeddable":true,"href":"https:\/\/awero.ee\/fi\/wp-json\/wp\/v2\/product_tag?post=8426"}],"curies":[{"name":"wp","href":"https:\/\/api.w.org\/{rel}","templated":true}]}}