{"id":8392,"date":"2025-04-13T16:59:30","date_gmt":"2025-04-13T16:59:30","guid":{"rendered":"https:\/\/awero.ee\/toode\/jacuzzy-integroidulla-kamiinalla\/"},"modified":"2026-04-01T12:32:24","modified_gmt":"2026-04-01T12:32:24","slug":"jacuzzy-integroidulla-kamiinalla","status":"publish","type":"product","link":"https:\/\/awero.ee\/fi\/toode\/jacuzzy-integroidulla-kamiinalla\/","title":{"rendered":"Jacuzzi integroidulla kamiinalla"},"content":{"rendered":"","protected":false},"excerpt":{"rendered":"<p>: 2,4 m \u00d7 2,4 m:n kylpytynnyri akryylisell\u00e4 sis\u00e4osalla on varustettu integroidulla perinteisell\u00e4 ruostumattomasta ter\u00e4ksest\u00e4 valmistetulla puul\u00e4mmitteisell\u00e4 kamiinalla. Sile\u00e4 ja kest\u00e4v\u00e4 sis\u00e4pinta on helppo huoltaa ja ergonomisesti muotoiltu, ja se tarjoaa mukavat istuma- ja makuuasennot. Integroitu puul\u00e4mmitteinen kamiina varmistaa luonnollisen ja tehokkaan veden l\u00e4mmityksen, mik\u00e4 tekee siit\u00e4 t\u00e4ydellisen ymp\u00e4rist\u00f6yst\u00e4v\u00e4llisen rentoutumispaikan kaikkina vuodenaikoina. Tyylik\u00e4s ja k\u00e4yt\u00e4nn\u00f6llinen valinta sek\u00e4 kotipuutarhoihin ett\u00e4 kes\u00e4m\u00f6keille.   <\/p>\n","protected":false},"featured_media":6188,"template":"","meta":{"_acf_changed":false},"product_brand":[],"product_cat":[1081,1082],"product_tag":[],"class_list":{"0":"post-8392","1":"product","2":"type-product","3":"status-publish","4":"has-post-thumbnail","6":"product_cat-kylpytynnyrituotteet","7":"product_cat-integroitu-kamiina","9":"first","10":"instock","11":"sale","12":"shipping-taxable","13":"product-type-variable"},"acf":[],"yoast_head":"<!-- This site is optimized with the Yoast SEO plugin v26.8 - https:\/\/yoast.com\/product\/yoast-seo-wordpress\/ -->\n<title>Jacuzzi integroidulla kamiinalla - Awero - S\u00fcdamega L\u00f5una-Eestist<\/title>\n<meta name=\"robots\" content=\"index, follow, max-snippet:-1, max-image-preview:large, max-video-preview:-1\" \/>\n<link rel=\"canonical\" href=\"https:\/\/awero.ee\/fi\/toode\/jacuzzy-integroidulla-kamiinalla\/\" \/>\n<meta property=\"og:locale\" content=\"fi_FI\" \/>\n<meta property=\"og:type\" content=\"article\" \/>\n<meta property=\"og:title\" content=\"Jacuzzi integroidulla kamiinalla - Awero - S\u00fcdamega L\u00f5una-Eestist\" \/>\n<meta property=\"og:description\" content=\": 2,4 m \u00d7 2,4 m:n kylpytynnyri akryylisell\u00e4 sis\u00e4osalla on varustettu integroidulla perinteisell\u00e4 ruostumattomasta ter\u00e4ksest\u00e4 valmistetulla puul\u00e4mmitteisell\u00e4 kamiinalla. Sile\u00e4 ja kest\u00e4v\u00e4 sis\u00e4pinta on helppo huoltaa ja ergonomisesti muotoiltu, ja se tarjoaa mukavat istuma- ja makuuasennot. Integroitu puul\u00e4mmitteinen kamiina varmistaa luonnollisen ja tehokkaan veden l\u00e4mmityksen, mik\u00e4 tekee siit\u00e4 t\u00e4ydellisen ymp\u00e4rist\u00f6yst\u00e4v\u00e4llisen rentoutumispaikan kaikkina vuodenaikoina. Tyylik\u00e4s ja k\u00e4yt\u00e4nn\u00f6llinen valinta sek\u00e4 kotipuutarhoihin ett\u00e4 kes\u00e4m\u00f6keille.\" \/>\n<meta property=\"og:url\" content=\"https:\/\/awero.ee\/fi\/toode\/jacuzzy-integroidulla-kamiinalla\/\" \/>\n<meta property=\"og:site_name\" content=\"Awero - S\u00fcdamega L\u00f5una-Eestist\" \/>\n<meta property=\"article:modified_time\" content=\"2026-04-01T12:32:24+00:00\" \/>\n<meta property=\"og:image\" content=\"https:\/\/awero.ee\/wp-content\/uploads\/2025\/04\/3-1-scaled.jpg\" \/>\n\t<meta property=\"og:image:width\" content=\"2560\" \/>\n\t<meta property=\"og:image:height\" content=\"1920\" \/>\n\t<meta property=\"og:image:type\" content=\"image\/jpeg\" \/>\n<meta name=\"twitter:card\" content=\"summary_large_image\" \/>\n<script type=\"application\/ld+json\" class=\"yoast-schema-graph\">{\"@context\":\"https:\/\/schema.org\",\"@graph\":[{\"@type\":\"WebPage\",\"@id\":\"https:\/\/awero.ee\/fi\/toode\/jacuzzy-integroidulla-kamiinalla\/\",\"url\":\"https:\/\/awero.ee\/fi\/toode\/jacuzzy-integroidulla-kamiinalla\/\",\"name\":\"Jacuzzi integroidulla kamiinalla - Awero - S\u00fcdamega L\u00f5una-Eestist\",\"isPartOf\":{\"@id\":\"https:\/\/awero.ee\/fi\/#website\"},\"primaryImageOfPage\":{\"@id\":\"https:\/\/awero.ee\/fi\/toode\/jacuzzy-integroidulla-kamiinalla\/#primaryimage\"},\"image\":{\"@id\":\"https:\/\/awero.ee\/fi\/toode\/jacuzzy-integroidulla-kamiinalla\/#primaryimage\"},\"thumbnailUrl\":\"https:\/\/awero.ee\/wp-content\/uploads\/2025\/04\/3-1-scaled.jpg\",\"datePublished\":\"2025-04-13T16:59:30+00:00\",\"dateModified\":\"2026-04-01T12:32:24+00:00\",\"breadcrumb\":{\"@id\":\"https:\/\/awero.ee\/fi\/toode\/jacuzzy-integroidulla-kamiinalla\/#breadcrumb\"},\"inLanguage\":\"fi\",\"potentialAction\":[{\"@type\":\"ReadAction\",\"target\":[\"https:\/\/awero.ee\/fi\/toode\/jacuzzy-integroidulla-kamiinalla\/\"]}]},{\"@type\":\"ImageObject\",\"inLanguage\":\"fi\",\"@id\":\"https:\/\/awero.ee\/fi\/toode\/jacuzzy-integroidulla-kamiinalla\/#primaryimage\",\"url\":\"https:\/\/awero.ee\/wp-content\/uploads\/2025\/04\/3-1-scaled.jpg\",\"contentUrl\":\"https:\/\/awero.ee\/wp-content\/uploads\/2025\/04\/3-1-scaled.jpg\",\"width\":2560,\"height\":1920},{\"@type\":\"BreadcrumbList\",\"@id\":\"https:\/\/awero.ee\/fi\/toode\/jacuzzy-integroidulla-kamiinalla\/#breadcrumb\",\"itemListElement\":[{\"@type\":\"ListItem\",\"position\":1,\"name\":\"Home\",\"item\":\"https:\/\/awero.ee\/fi\/etusivu\/\"},{\"@type\":\"ListItem\",\"position\":2,\"name\":\"Kauppa\",\"item\":\"https:\/\/awero.ee\/fi\/kauppa\/\"},{\"@type\":\"ListItem\",\"position\":3,\"name\":\"Jacuzzi integroidulla kamiinalla\"}]},{\"@type\":\"WebSite\",\"@id\":\"https:\/\/awero.ee\/fi\/#website\",\"url\":\"https:\/\/awero.ee\/fi\/\",\"name\":\"Awero - S\u00fcdamega L\u00f5una Eestist\",\"description\":\"\",\"publisher\":{\"@id\":\"https:\/\/awero.ee\/fi\/#organization\"},\"potentialAction\":[{\"@type\":\"SearchAction\",\"target\":{\"@type\":\"EntryPoint\",\"urlTemplate\":\"https:\/\/awero.ee\/fi\/?s={search_term_string}\"},\"query-input\":{\"@type\":\"PropertyValueSpecification\",\"valueRequired\":true,\"valueName\":\"search_term_string\"}}],\"inLanguage\":\"fi\"},{\"@type\":\"Organization\",\"@id\":\"https:\/\/awero.ee\/fi\/#organization\",\"name\":\"Awero - S\u00fcdamega L\u00f5una Eestist\",\"url\":\"https:\/\/awero.ee\/fi\/\",\"logo\":{\"@type\":\"ImageObject\",\"inLanguage\":\"fi\",\"@id\":\"https:\/\/awero.ee\/fi\/#\/schema\/logo\/image\/\",\"url\":\"https:\/\/awero.ee\/wp-content\/uploads\/2024\/07\/aweroplaceholder.jpg\",\"contentUrl\":\"https:\/\/awero.ee\/wp-content\/uploads\/2024\/07\/aweroplaceholder.jpg\",\"width\":1250,\"height\":834,\"caption\":\"Awero - S\u00fcdamega L\u00f5una Eestist\"},\"image\":{\"@id\":\"https:\/\/awero.ee\/fi\/#\/schema\/logo\/image\/\"}}]}<\/script>\n<!-- \/ Yoast SEO plugin. -->","yoast_head_json":{"title":"Jacuzzi integroidulla kamiinalla - Awero - S\u00fcdamega L\u00f5una-Eestist","robots":{"index":"index","follow":"follow","max-snippet":"max-snippet:-1","max-image-preview":"max-image-preview:large","max-video-preview":"max-video-preview:-1"},"canonical":"https:\/\/awero.ee\/fi\/toode\/jacuzzy-integroidulla-kamiinalla\/","og_locale":"fi_FI","og_type":"article","og_title":"Jacuzzi integroidulla kamiinalla - Awero - S\u00fcdamega L\u00f5una-Eestist","og_description":": 2,4 m \u00d7 2,4 m:n kylpytynnyri akryylisell\u00e4 sis\u00e4osalla on varustettu integroidulla perinteisell\u00e4 ruostumattomasta ter\u00e4ksest\u00e4 valmistetulla puul\u00e4mmitteisell\u00e4 kamiinalla. Sile\u00e4 ja kest\u00e4v\u00e4 sis\u00e4pinta on helppo huoltaa ja ergonomisesti muotoiltu, ja se tarjoaa mukavat istuma- ja makuuasennot. Integroitu puul\u00e4mmitteinen kamiina varmistaa luonnollisen ja tehokkaan veden l\u00e4mmityksen, mik\u00e4 tekee siit\u00e4 t\u00e4ydellisen ymp\u00e4rist\u00f6yst\u00e4v\u00e4llisen rentoutumispaikan kaikkina vuodenaikoina. Tyylik\u00e4s ja k\u00e4yt\u00e4nn\u00f6llinen valinta sek\u00e4 kotipuutarhoihin ett\u00e4 kes\u00e4m\u00f6keille.","og_url":"https:\/\/awero.ee\/fi\/toode\/jacuzzy-integroidulla-kamiinalla\/","og_site_name":"Awero - S\u00fcdamega L\u00f5una-Eestist","article_modified_time":"2026-04-01T12:32:24+00:00","og_image":[{"width":2560,"height":1920,"url":"https:\/\/awero.ee\/wp-content\/uploads\/2025\/04\/3-1-scaled.jpg","type":"image\/jpeg"}],"twitter_card":"summary_large_image","schema":{"@context":"https:\/\/schema.org","@graph":[{"@type":"WebPage","@id":"https:\/\/awero.ee\/fi\/toode\/jacuzzy-integroidulla-kamiinalla\/","url":"https:\/\/awero.ee\/fi\/toode\/jacuzzy-integroidulla-kamiinalla\/","name":"Jacuzzi integroidulla kamiinalla - Awero - S\u00fcdamega L\u00f5una-Eestist","isPartOf":{"@id":"https:\/\/awero.ee\/fi\/#website"},"primaryImageOfPage":{"@id":"https:\/\/awero.ee\/fi\/toode\/jacuzzy-integroidulla-kamiinalla\/#primaryimage"},"image":{"@id":"https:\/\/awero.ee\/fi\/toode\/jacuzzy-integroidulla-kamiinalla\/#primaryimage"},"thumbnailUrl":"https:\/\/awero.ee\/wp-content\/uploads\/2025\/04\/3-1-scaled.jpg","datePublished":"2025-04-13T16:59:30+00:00","dateModified":"2026-04-01T12:32:24+00:00","breadcrumb":{"@id":"https:\/\/awero.ee\/fi\/toode\/jacuzzy-integroidulla-kamiinalla\/#breadcrumb"},"inLanguage":"fi","potentialAction":[{"@type":"ReadAction","target":["https:\/\/awero.ee\/fi\/toode\/jacuzzy-integroidulla-kamiinalla\/"]}]},{"@type":"ImageObject","inLanguage":"fi","@id":"https:\/\/awero.ee\/fi\/toode\/jacuzzy-integroidulla-kamiinalla\/#primaryimage","url":"https:\/\/awero.ee\/wp-content\/uploads\/2025\/04\/3-1-scaled.jpg","contentUrl":"https:\/\/awero.ee\/wp-content\/uploads\/2025\/04\/3-1-scaled.jpg","width":2560,"height":1920},{"@type":"BreadcrumbList","@id":"https:\/\/awero.ee\/fi\/toode\/jacuzzy-integroidulla-kamiinalla\/#breadcrumb","itemListElement":[{"@type":"ListItem","position":1,"name":"Home","item":"https:\/\/awero.ee\/fi\/etusivu\/"},{"@type":"ListItem","position":2,"name":"Kauppa","item":"https:\/\/awero.ee\/fi\/kauppa\/"},{"@type":"ListItem","position":3,"name":"Jacuzzi integroidulla kamiinalla"}]},{"@type":"WebSite","@id":"https:\/\/awero.ee\/fi\/#website","url":"https:\/\/awero.ee\/fi\/","name":"Awero - S\u00fcdamega L\u00f5una Eestist","description":"","publisher":{"@id":"https:\/\/awero.ee\/fi\/#organization"},"potentialAction":[{"@type":"SearchAction","target":{"@type":"EntryPoint","urlTemplate":"https:\/\/awero.ee\/fi\/?s={search_term_string}"},"query-input":{"@type":"PropertyValueSpecification","valueRequired":true,"valueName":"search_term_string"}}],"inLanguage":"fi"},{"@type":"Organization","@id":"https:\/\/awero.ee\/fi\/#organization","name":"Awero - S\u00fcdamega L\u00f5una Eestist","url":"https:\/\/awero.ee\/fi\/","logo":{"@type":"ImageObject","inLanguage":"fi","@id":"https:\/\/awero.ee\/fi\/#\/schema\/logo\/image\/","url":"https:\/\/awero.ee\/wp-content\/uploads\/2024\/07\/aweroplaceholder.jpg","contentUrl":"https:\/\/awero.ee\/wp-content\/uploads\/2024\/07\/aweroplaceholder.jpg","width":1250,"height":834,"caption":"Awero - S\u00fcdamega L\u00f5una Eestist"},"image":{"@id":"https:\/\/awero.ee\/fi\/#\/schema\/logo\/image\/"}}]}},"_links":{"self":[{"href":"https:\/\/awero.ee\/fi\/wp-json\/wp\/v2\/product\/8392","targetHints":{"allow":["GET"]}}],"collection":[{"href":"https:\/\/awero.ee\/fi\/wp-json\/wp\/v2\/product"}],"about":[{"href":"https:\/\/awero.ee\/fi\/wp-json\/wp\/v2\/types\/product"}],"wp:featuredmedia":[{"embeddable":true,"href":"https:\/\/awero.ee\/fi\/wp-json\/wp\/v2\/media\/6188"}],"wp:attachment":[{"href":"https:\/\/awero.ee\/fi\/wp-json\/wp\/v2\/media?parent=8392"}],"wp:term":[{"taxonomy":"product_brand","embeddable":true,"href":"https:\/\/awero.ee\/fi\/wp-json\/wp\/v2\/product_brand?post=8392"},{"taxonomy":"product_cat","embeddable":true,"href":"https:\/\/awero.ee\/fi\/wp-json\/wp\/v2\/product_cat?post=8392"},{"taxonomy":"product_tag","embeddable":true,"href":"https:\/\/awero.ee\/fi\/wp-json\/wp\/v2\/product_tag?post=8392"}],"curies":[{"name":"wp","href":"https:\/\/api.w.org\/{rel}","templated":true}]}}