{"id":8386,"date":"2025-06-05T10:10:20","date_gmt":"2025-06-05T10:10:20","guid":{"rendered":"https:\/\/awero.ee\/toode\/jalkojen-huuhteluallas\/"},"modified":"2026-04-01T12:31:37","modified_gmt":"2026-04-01T12:31:37","slug":"jalkojen-huuhteluallas","status":"publish","type":"product","link":"https:\/\/awero.ee\/fi\/toode\/jalkojen-huuhteluallas\/","title":{"rendered":"Jalkojen huuhteluallas"},"content":{"rendered":"<p>Materiaali: Kuusi<br \/>Pinta: Kyll\u00e4stetty p\u00e4hkin\u00e4puu<br \/>Mitat: Halkaisija 550 mm, korkeus 280 mm.<\/p>\n","protected":false},"excerpt":{"rendered":"<p>T\u00e4m\u00e4 tyylik\u00e4s ja k\u00e4yt\u00e4nn\u00f6llinen jalkojen huuhteluallas auttaa pit\u00e4m\u00e4\u00e4n kylpytynnyrin veden puhtaana ja tarjoaa k\u00e4tev\u00e4n ratkaisun jalkojen nopeaan huuhteluun ennen altaaseen menoa. Laadukkaasta kyll\u00e4stetyst\u00e4 kuusipuusta valmistettu huuhteluallas on luonnollinen, kest\u00e4v\u00e4 ja kaunis lis\u00e4 kylpyrituaaliisi. <\/p>\n","protected":false},"featured_media":6023,"template":"","meta":{"_acf_changed":false},"product_brand":[],"product_cat":[1079],"product_tag":[],"class_list":{"0":"post-8386","1":"product","2":"type-product","3":"status-publish","4":"has-post-thumbnail","6":"product_cat-lisavarusteet","8":"first","9":"instock","10":"shipping-taxable","11":"product-type-simple"},"acf":[],"yoast_head":"<!-- This site is optimized with the Yoast SEO plugin v26.8 - https:\/\/yoast.com\/product\/yoast-seo-wordpress\/ -->\n<title>Jalkojen huuhteluallas - Awero - S\u00fcdamega L\u00f5una-Eestist<\/title>\n<meta name=\"robots\" content=\"index, follow, max-snippet:-1, max-image-preview:large, max-video-preview:-1\" \/>\n<link rel=\"canonical\" href=\"https:\/\/awero.ee\/fi\/toode\/jalkojen-huuhteluallas\/\" \/>\n<meta property=\"og:locale\" content=\"fi_FI\" \/>\n<meta property=\"og:type\" content=\"article\" \/>\n<meta property=\"og:title\" content=\"Jalkojen huuhteluallas - Awero - S\u00fcdamega L\u00f5una-Eestist\" \/>\n<meta property=\"og:description\" content=\"T\u00e4m\u00e4 tyylik\u00e4s ja k\u00e4yt\u00e4nn\u00f6llinen jalkojen huuhteluallas auttaa pit\u00e4m\u00e4\u00e4n kylpytynnyrin veden puhtaana ja tarjoaa k\u00e4tev\u00e4n ratkaisun jalkojen nopeaan huuhteluun ennen altaaseen menoa. Laadukkaasta kyll\u00e4stetyst\u00e4 kuusipuusta valmistettu huuhteluallas on luonnollinen, kest\u00e4v\u00e4 ja kaunis lis\u00e4 kylpyrituaaliisi.\" \/>\n<meta property=\"og:url\" content=\"https:\/\/awero.ee\/fi\/toode\/jalkojen-huuhteluallas\/\" \/>\n<meta property=\"og:site_name\" content=\"Awero - S\u00fcdamega L\u00f5una-Eestist\" \/>\n<meta property=\"article:modified_time\" content=\"2026-04-01T12:31:37+00:00\" \/>\n<meta property=\"og:image\" content=\"https:\/\/awero.ee\/wp-content\/uploads\/2025\/06\/jalavann-taustata.png\" \/>\n\t<meta property=\"og:image:width\" content=\"1024\" \/>\n\t<meta property=\"og:image:height\" content=\"1536\" \/>\n\t<meta property=\"og:image:type\" content=\"image\/png\" \/>\n<meta name=\"twitter:card\" content=\"summary_large_image\" \/>\n<script type=\"application\/ld+json\" class=\"yoast-schema-graph\">{\"@context\":\"https:\/\/schema.org\",\"@graph\":[{\"@type\":\"WebPage\",\"@id\":\"https:\/\/awero.ee\/fi\/toode\/jalkojen-huuhteluallas\/\",\"url\":\"https:\/\/awero.ee\/fi\/toode\/jalkojen-huuhteluallas\/\",\"name\":\"Jalkojen huuhteluallas - Awero - S\u00fcdamega L\u00f5una-Eestist\",\"isPartOf\":{\"@id\":\"https:\/\/awero.ee\/fi\/#website\"},\"primaryImageOfPage\":{\"@id\":\"https:\/\/awero.ee\/fi\/toode\/jalkojen-huuhteluallas\/#primaryimage\"},\"image\":{\"@id\":\"https:\/\/awero.ee\/fi\/toode\/jalkojen-huuhteluallas\/#primaryimage\"},\"thumbnailUrl\":\"https:\/\/awero.ee\/wp-content\/uploads\/2025\/06\/jalavann-taustata.png\",\"datePublished\":\"2025-06-05T10:10:20+00:00\",\"dateModified\":\"2026-04-01T12:31:37+00:00\",\"breadcrumb\":{\"@id\":\"https:\/\/awero.ee\/fi\/toode\/jalkojen-huuhteluallas\/#breadcrumb\"},\"inLanguage\":\"fi\",\"potentialAction\":[{\"@type\":\"ReadAction\",\"target\":[\"https:\/\/awero.ee\/fi\/toode\/jalkojen-huuhteluallas\/\"]}]},{\"@type\":\"ImageObject\",\"inLanguage\":\"fi\",\"@id\":\"https:\/\/awero.ee\/fi\/toode\/jalkojen-huuhteluallas\/#primaryimage\",\"url\":\"https:\/\/awero.ee\/wp-content\/uploads\/2025\/06\/jalavann-taustata.png\",\"contentUrl\":\"https:\/\/awero.ee\/wp-content\/uploads\/2025\/06\/jalavann-taustata.png\",\"width\":1024,\"height\":1536},{\"@type\":\"BreadcrumbList\",\"@id\":\"https:\/\/awero.ee\/fi\/toode\/jalkojen-huuhteluallas\/#breadcrumb\",\"itemListElement\":[{\"@type\":\"ListItem\",\"position\":1,\"name\":\"Home\",\"item\":\"https:\/\/awero.ee\/fi\/etusivu\/\"},{\"@type\":\"ListItem\",\"position\":2,\"name\":\"Kauppa\",\"item\":\"https:\/\/awero.ee\/fi\/kauppa\/\"},{\"@type\":\"ListItem\",\"position\":3,\"name\":\"Jalkojen huuhteluallas\"}]},{\"@type\":\"WebSite\",\"@id\":\"https:\/\/awero.ee\/fi\/#website\",\"url\":\"https:\/\/awero.ee\/fi\/\",\"name\":\"Awero - S\u00fcdamega L\u00f5una Eestist\",\"description\":\"\",\"publisher\":{\"@id\":\"https:\/\/awero.ee\/fi\/#organization\"},\"potentialAction\":[{\"@type\":\"SearchAction\",\"target\":{\"@type\":\"EntryPoint\",\"urlTemplate\":\"https:\/\/awero.ee\/fi\/?s={search_term_string}\"},\"query-input\":{\"@type\":\"PropertyValueSpecification\",\"valueRequired\":true,\"valueName\":\"search_term_string\"}}],\"inLanguage\":\"fi\"},{\"@type\":\"Organization\",\"@id\":\"https:\/\/awero.ee\/fi\/#organization\",\"name\":\"Awero - S\u00fcdamega L\u00f5una Eestist\",\"url\":\"https:\/\/awero.ee\/fi\/\",\"logo\":{\"@type\":\"ImageObject\",\"inLanguage\":\"fi\",\"@id\":\"https:\/\/awero.ee\/fi\/#\/schema\/logo\/image\/\",\"url\":\"https:\/\/awero.ee\/wp-content\/uploads\/2024\/07\/aweroplaceholder.jpg\",\"contentUrl\":\"https:\/\/awero.ee\/wp-content\/uploads\/2024\/07\/aweroplaceholder.jpg\",\"width\":1250,\"height\":834,\"caption\":\"Awero - S\u00fcdamega L\u00f5una Eestist\"},\"image\":{\"@id\":\"https:\/\/awero.ee\/fi\/#\/schema\/logo\/image\/\"}}]}<\/script>\n<!-- \/ Yoast SEO plugin. -->","yoast_head_json":{"title":"Jalkojen huuhteluallas - Awero - S\u00fcdamega L\u00f5una-Eestist","robots":{"index":"index","follow":"follow","max-snippet":"max-snippet:-1","max-image-preview":"max-image-preview:large","max-video-preview":"max-video-preview:-1"},"canonical":"https:\/\/awero.ee\/fi\/toode\/jalkojen-huuhteluallas\/","og_locale":"fi_FI","og_type":"article","og_title":"Jalkojen huuhteluallas - Awero - S\u00fcdamega L\u00f5una-Eestist","og_description":"T\u00e4m\u00e4 tyylik\u00e4s ja k\u00e4yt\u00e4nn\u00f6llinen jalkojen huuhteluallas auttaa pit\u00e4m\u00e4\u00e4n kylpytynnyrin veden puhtaana ja tarjoaa k\u00e4tev\u00e4n ratkaisun jalkojen nopeaan huuhteluun ennen altaaseen menoa. Laadukkaasta kyll\u00e4stetyst\u00e4 kuusipuusta valmistettu huuhteluallas on luonnollinen, kest\u00e4v\u00e4 ja kaunis lis\u00e4 kylpyrituaaliisi.","og_url":"https:\/\/awero.ee\/fi\/toode\/jalkojen-huuhteluallas\/","og_site_name":"Awero - S\u00fcdamega L\u00f5una-Eestist","article_modified_time":"2026-04-01T12:31:37+00:00","og_image":[{"width":1024,"height":1536,"url":"https:\/\/awero.ee\/wp-content\/uploads\/2025\/06\/jalavann-taustata.png","type":"image\/png"}],"twitter_card":"summary_large_image","schema":{"@context":"https:\/\/schema.org","@graph":[{"@type":"WebPage","@id":"https:\/\/awero.ee\/fi\/toode\/jalkojen-huuhteluallas\/","url":"https:\/\/awero.ee\/fi\/toode\/jalkojen-huuhteluallas\/","name":"Jalkojen huuhteluallas - Awero - S\u00fcdamega L\u00f5una-Eestist","isPartOf":{"@id":"https:\/\/awero.ee\/fi\/#website"},"primaryImageOfPage":{"@id":"https:\/\/awero.ee\/fi\/toode\/jalkojen-huuhteluallas\/#primaryimage"},"image":{"@id":"https:\/\/awero.ee\/fi\/toode\/jalkojen-huuhteluallas\/#primaryimage"},"thumbnailUrl":"https:\/\/awero.ee\/wp-content\/uploads\/2025\/06\/jalavann-taustata.png","datePublished":"2025-06-05T10:10:20+00:00","dateModified":"2026-04-01T12:31:37+00:00","breadcrumb":{"@id":"https:\/\/awero.ee\/fi\/toode\/jalkojen-huuhteluallas\/#breadcrumb"},"inLanguage":"fi","potentialAction":[{"@type":"ReadAction","target":["https:\/\/awero.ee\/fi\/toode\/jalkojen-huuhteluallas\/"]}]},{"@type":"ImageObject","inLanguage":"fi","@id":"https:\/\/awero.ee\/fi\/toode\/jalkojen-huuhteluallas\/#primaryimage","url":"https:\/\/awero.ee\/wp-content\/uploads\/2025\/06\/jalavann-taustata.png","contentUrl":"https:\/\/awero.ee\/wp-content\/uploads\/2025\/06\/jalavann-taustata.png","width":1024,"height":1536},{"@type":"BreadcrumbList","@id":"https:\/\/awero.ee\/fi\/toode\/jalkojen-huuhteluallas\/#breadcrumb","itemListElement":[{"@type":"ListItem","position":1,"name":"Home","item":"https:\/\/awero.ee\/fi\/etusivu\/"},{"@type":"ListItem","position":2,"name":"Kauppa","item":"https:\/\/awero.ee\/fi\/kauppa\/"},{"@type":"ListItem","position":3,"name":"Jalkojen huuhteluallas"}]},{"@type":"WebSite","@id":"https:\/\/awero.ee\/fi\/#website","url":"https:\/\/awero.ee\/fi\/","name":"Awero - S\u00fcdamega L\u00f5una Eestist","description":"","publisher":{"@id":"https:\/\/awero.ee\/fi\/#organization"},"potentialAction":[{"@type":"SearchAction","target":{"@type":"EntryPoint","urlTemplate":"https:\/\/awero.ee\/fi\/?s={search_term_string}"},"query-input":{"@type":"PropertyValueSpecification","valueRequired":true,"valueName":"search_term_string"}}],"inLanguage":"fi"},{"@type":"Organization","@id":"https:\/\/awero.ee\/fi\/#organization","name":"Awero - S\u00fcdamega L\u00f5una Eestist","url":"https:\/\/awero.ee\/fi\/","logo":{"@type":"ImageObject","inLanguage":"fi","@id":"https:\/\/awero.ee\/fi\/#\/schema\/logo\/image\/","url":"https:\/\/awero.ee\/wp-content\/uploads\/2024\/07\/aweroplaceholder.jpg","contentUrl":"https:\/\/awero.ee\/wp-content\/uploads\/2024\/07\/aweroplaceholder.jpg","width":1250,"height":834,"caption":"Awero - S\u00fcdamega L\u00f5una Eestist"},"image":{"@id":"https:\/\/awero.ee\/fi\/#\/schema\/logo\/image\/"}}]}},"_links":{"self":[{"href":"https:\/\/awero.ee\/fi\/wp-json\/wp\/v2\/product\/8386","targetHints":{"allow":["GET"]}}],"collection":[{"href":"https:\/\/awero.ee\/fi\/wp-json\/wp\/v2\/product"}],"about":[{"href":"https:\/\/awero.ee\/fi\/wp-json\/wp\/v2\/types\/product"}],"wp:featuredmedia":[{"embeddable":true,"href":"https:\/\/awero.ee\/fi\/wp-json\/wp\/v2\/media\/6023"}],"wp:attachment":[{"href":"https:\/\/awero.ee\/fi\/wp-json\/wp\/v2\/media?parent=8386"}],"wp:term":[{"taxonomy":"product_brand","embeddable":true,"href":"https:\/\/awero.ee\/fi\/wp-json\/wp\/v2\/product_brand?post=8386"},{"taxonomy":"product_cat","embeddable":true,"href":"https:\/\/awero.ee\/fi\/wp-json\/wp\/v2\/product_cat?post=8386"},{"taxonomy":"product_tag","embeddable":true,"href":"https:\/\/awero.ee\/fi\/wp-json\/wp\/v2\/product_tag?post=8386"}],"curies":[{"name":"wp","href":"https:\/\/api.w.org\/{rel}","templated":true}]}}