{"id":8384,"date":"2025-05-14T12:53:16","date_gmt":"2025-05-14T12:53:16","guid":{"rendered":"https:\/\/awero.ee\/toode\/biolanin-kuivakaymala-komplet\/"},"modified":"2026-04-01T12:31:37","modified_gmt":"2026-04-01T12:31:37","slug":"biolanin-kuivakaymala-komplet","status":"publish","type":"product","link":"https:\/\/awero.ee\/fi\/toode\/biolanin-kuivakaymala-komplet\/","title":{"rendered":"Biolanin kuivak\u00e4ym\u00e4l\u00e4 KOMPLET"},"content":{"rendered":"<p><span class=\"\">Biolanin kuivak\u00e4ym\u00e4l\u00e4 KOMPLET on hajuton ja helppok\u00e4ytt\u00f6inen k\u00e4ym\u00e4l\u00e4 maataloihin ja kes\u00e4m\u00f6keille. Se on helppo asentaa taloon rakennetun k\u00e4ym\u00e4l\u00e4n lattialle ja sit\u00e4 voidaan k\u00e4ytt\u00e4\u00e4 joko erillisen\u00e4 ulkok\u00e4ym\u00e4l\u00e4n\u00e4 tai asuinrakennuksessa sek\u00e4 vanha ulkok\u00e4ym\u00e4l\u00e4 kunnostettaessa. Biolanin kuivak\u00e4ym\u00e4l\u00e4 KOMPLET on puhdas ja miellytt\u00e4v\u00e4 p\u00e4ivitt\u00e4isess\u00e4 k\u00e4yt\u00f6ss\u00e4. Se ei tarvitse toimimiseen vett\u00e4 tai s\u00e4hk\u00f6\u00e4, vaan ainoastaan Biolanin komposti- ja kuivak\u00e4ym\u00e4l\u00e4turvetta.   <\/span><\/p>\n","protected":false},"excerpt":{"rendered":"<h4>Mukavuutta maalle ja kes\u00e4m\u00f6kille!<\/h4>\n<ul>\n<li>Puhdas ja k\u00e4ytt\u00e4j\u00e4yst\u00e4v\u00e4llinen kuivak\u00e4ym\u00e4l\u00e4.<\/li>\n<li>K\u00e4ym\u00e4l\u00e4n s\u00e4ili\u00f6st\u00e4 katolle johtavan tuuletusputken ansiosta sis\u00e4ll\u00e4 ei ole ep\u00e4miellytt\u00e4vi\u00e4 hajuja.<\/li>\n<li>Mukava ja hygieeninen l\u00e4mmitett\u00e4v\u00e4 wc-istuin.<\/li>\n<li>Helppo puhdistaa.<\/li>\n<li>Asennetaan lattialle.<\/li>\n<\/ul>\n","protected":false},"featured_media":5702,"template":"","meta":{"_acf_changed":false},"product_brand":[],"product_cat":[1079],"product_tag":[],"class_list":{"0":"post-8384","1":"product","2":"type-product","3":"status-publish","4":"has-post-thumbnail","6":"product_cat-lisavarusteet","8":"first","9":"instock","10":"shipping-taxable","11":"product-type-simple"},"acf":[],"yoast_head":"<!-- This site is optimized with the Yoast SEO plugin v26.8 - https:\/\/yoast.com\/product\/yoast-seo-wordpress\/ -->\n<title>Biolanin kuivak\u00e4ym\u00e4l\u00e4 KOMPLET - Awero - S\u00fcdamega L\u00f5una-Eestist<\/title>\n<meta name=\"robots\" content=\"index, follow, max-snippet:-1, max-image-preview:large, max-video-preview:-1\" \/>\n<link rel=\"canonical\" href=\"https:\/\/awero.ee\/fi\/toode\/biolanin-kuivakaymala-komplet\/\" \/>\n<meta property=\"og:locale\" content=\"fi_FI\" \/>\n<meta property=\"og:type\" content=\"article\" \/>\n<meta property=\"og:title\" content=\"Biolanin kuivak\u00e4ym\u00e4l\u00e4 KOMPLET - Awero - S\u00fcdamega L\u00f5una-Eestist\" \/>\n<meta property=\"og:description\" content=\"Mukavuutta maalle ja kes\u00e4m\u00f6kille!  Puhdas ja k\u00e4ytt\u00e4j\u00e4yst\u00e4v\u00e4llinen kuivak\u00e4ym\u00e4l\u00e4.  K\u00e4ym\u00e4l\u00e4n s\u00e4ili\u00f6st\u00e4 katolle johtavan tuuletusputken ansiosta sis\u00e4ll\u00e4 ei ole ep\u00e4miellytt\u00e4vi\u00e4 hajuja.  Mukava ja hygieeninen l\u00e4mmitett\u00e4v\u00e4 wc-istuin.  Helppo puhdistaa.  Asennetaan lattialle.\" \/>\n<meta property=\"og:url\" content=\"https:\/\/awero.ee\/fi\/toode\/biolanin-kuivakaymala-komplet\/\" \/>\n<meta property=\"og:site_name\" content=\"Awero - S\u00fcdamega L\u00f5una-Eestist\" \/>\n<meta property=\"article:modified_time\" content=\"2026-04-01T12:31:37+00:00\" \/>\n<meta property=\"og:image\" content=\"https:\/\/awero.ee\/wp-content\/uploads\/2025\/05\/biolan_kuivikekaymala_tummanharmaa-1120x500q85.jpg\" \/>\n\t<meta property=\"og:image:width\" content=\"373\" \/>\n\t<meta property=\"og:image:height\" content=\"500\" \/>\n\t<meta property=\"og:image:type\" content=\"image\/jpeg\" \/>\n<meta name=\"twitter:card\" content=\"summary_large_image\" \/>\n<script type=\"application\/ld+json\" class=\"yoast-schema-graph\">{\"@context\":\"https:\/\/schema.org\",\"@graph\":[{\"@type\":\"WebPage\",\"@id\":\"https:\/\/awero.ee\/fi\/toode\/biolanin-kuivakaymala-komplet\/\",\"url\":\"https:\/\/awero.ee\/fi\/toode\/biolanin-kuivakaymala-komplet\/\",\"name\":\"Biolanin kuivak\u00e4ym\u00e4l\u00e4 KOMPLET - Awero - S\u00fcdamega L\u00f5una-Eestist\",\"isPartOf\":{\"@id\":\"https:\/\/awero.ee\/fi\/#website\"},\"primaryImageOfPage\":{\"@id\":\"https:\/\/awero.ee\/fi\/toode\/biolanin-kuivakaymala-komplet\/#primaryimage\"},\"image\":{\"@id\":\"https:\/\/awero.ee\/fi\/toode\/biolanin-kuivakaymala-komplet\/#primaryimage\"},\"thumbnailUrl\":\"https:\/\/awero.ee\/wp-content\/uploads\/2025\/05\/biolan_kuivikekaymala_tummanharmaa-1120x500q85.jpg\",\"datePublished\":\"2025-05-14T12:53:16+00:00\",\"dateModified\":\"2026-04-01T12:31:37+00:00\",\"breadcrumb\":{\"@id\":\"https:\/\/awero.ee\/fi\/toode\/biolanin-kuivakaymala-komplet\/#breadcrumb\"},\"inLanguage\":\"fi\",\"potentialAction\":[{\"@type\":\"ReadAction\",\"target\":[\"https:\/\/awero.ee\/fi\/toode\/biolanin-kuivakaymala-komplet\/\"]}]},{\"@type\":\"ImageObject\",\"inLanguage\":\"fi\",\"@id\":\"https:\/\/awero.ee\/fi\/toode\/biolanin-kuivakaymala-komplet\/#primaryimage\",\"url\":\"https:\/\/awero.ee\/wp-content\/uploads\/2025\/05\/biolan_kuivikekaymala_tummanharmaa-1120x500q85.jpg\",\"contentUrl\":\"https:\/\/awero.ee\/wp-content\/uploads\/2025\/05\/biolan_kuivikekaymala_tummanharmaa-1120x500q85.jpg\",\"width\":373,\"height\":500},{\"@type\":\"BreadcrumbList\",\"@id\":\"https:\/\/awero.ee\/fi\/toode\/biolanin-kuivakaymala-komplet\/#breadcrumb\",\"itemListElement\":[{\"@type\":\"ListItem\",\"position\":1,\"name\":\"Home\",\"item\":\"https:\/\/awero.ee\/fi\/etusivu\/\"},{\"@type\":\"ListItem\",\"position\":2,\"name\":\"Kauppa\",\"item\":\"https:\/\/awero.ee\/fi\/kauppa\/\"},{\"@type\":\"ListItem\",\"position\":3,\"name\":\"Biolanin kuivak\u00e4ym\u00e4l\u00e4 KOMPLET\"}]},{\"@type\":\"WebSite\",\"@id\":\"https:\/\/awero.ee\/fi\/#website\",\"url\":\"https:\/\/awero.ee\/fi\/\",\"name\":\"Awero - S\u00fcdamega L\u00f5una Eestist\",\"description\":\"\",\"publisher\":{\"@id\":\"https:\/\/awero.ee\/fi\/#organization\"},\"potentialAction\":[{\"@type\":\"SearchAction\",\"target\":{\"@type\":\"EntryPoint\",\"urlTemplate\":\"https:\/\/awero.ee\/fi\/?s={search_term_string}\"},\"query-input\":{\"@type\":\"PropertyValueSpecification\",\"valueRequired\":true,\"valueName\":\"search_term_string\"}}],\"inLanguage\":\"fi\"},{\"@type\":\"Organization\",\"@id\":\"https:\/\/awero.ee\/fi\/#organization\",\"name\":\"Awero - S\u00fcdamega L\u00f5una Eestist\",\"url\":\"https:\/\/awero.ee\/fi\/\",\"logo\":{\"@type\":\"ImageObject\",\"inLanguage\":\"fi\",\"@id\":\"https:\/\/awero.ee\/fi\/#\/schema\/logo\/image\/\",\"url\":\"https:\/\/awero.ee\/wp-content\/uploads\/2024\/07\/aweroplaceholder.jpg\",\"contentUrl\":\"https:\/\/awero.ee\/wp-content\/uploads\/2024\/07\/aweroplaceholder.jpg\",\"width\":1250,\"height\":834,\"caption\":\"Awero - S\u00fcdamega L\u00f5una Eestist\"},\"image\":{\"@id\":\"https:\/\/awero.ee\/fi\/#\/schema\/logo\/image\/\"}}]}<\/script>\n<!-- \/ Yoast SEO plugin. -->","yoast_head_json":{"title":"Biolanin kuivak\u00e4ym\u00e4l\u00e4 KOMPLET - Awero - S\u00fcdamega L\u00f5una-Eestist","robots":{"index":"index","follow":"follow","max-snippet":"max-snippet:-1","max-image-preview":"max-image-preview:large","max-video-preview":"max-video-preview:-1"},"canonical":"https:\/\/awero.ee\/fi\/toode\/biolanin-kuivakaymala-komplet\/","og_locale":"fi_FI","og_type":"article","og_title":"Biolanin kuivak\u00e4ym\u00e4l\u00e4 KOMPLET - Awero - S\u00fcdamega L\u00f5una-Eestist","og_description":"Mukavuutta maalle ja kes\u00e4m\u00f6kille!  Puhdas ja k\u00e4ytt\u00e4j\u00e4yst\u00e4v\u00e4llinen kuivak\u00e4ym\u00e4l\u00e4.  K\u00e4ym\u00e4l\u00e4n s\u00e4ili\u00f6st\u00e4 katolle johtavan tuuletusputken ansiosta sis\u00e4ll\u00e4 ei ole ep\u00e4miellytt\u00e4vi\u00e4 hajuja.  Mukava ja hygieeninen l\u00e4mmitett\u00e4v\u00e4 wc-istuin.  Helppo puhdistaa.  Asennetaan lattialle.","og_url":"https:\/\/awero.ee\/fi\/toode\/biolanin-kuivakaymala-komplet\/","og_site_name":"Awero - S\u00fcdamega L\u00f5una-Eestist","article_modified_time":"2026-04-01T12:31:37+00:00","og_image":[{"width":373,"height":500,"url":"https:\/\/awero.ee\/wp-content\/uploads\/2025\/05\/biolan_kuivikekaymala_tummanharmaa-1120x500q85.jpg","type":"image\/jpeg"}],"twitter_card":"summary_large_image","schema":{"@context":"https:\/\/schema.org","@graph":[{"@type":"WebPage","@id":"https:\/\/awero.ee\/fi\/toode\/biolanin-kuivakaymala-komplet\/","url":"https:\/\/awero.ee\/fi\/toode\/biolanin-kuivakaymala-komplet\/","name":"Biolanin kuivak\u00e4ym\u00e4l\u00e4 KOMPLET - Awero - S\u00fcdamega L\u00f5una-Eestist","isPartOf":{"@id":"https:\/\/awero.ee\/fi\/#website"},"primaryImageOfPage":{"@id":"https:\/\/awero.ee\/fi\/toode\/biolanin-kuivakaymala-komplet\/#primaryimage"},"image":{"@id":"https:\/\/awero.ee\/fi\/toode\/biolanin-kuivakaymala-komplet\/#primaryimage"},"thumbnailUrl":"https:\/\/awero.ee\/wp-content\/uploads\/2025\/05\/biolan_kuivikekaymala_tummanharmaa-1120x500q85.jpg","datePublished":"2025-05-14T12:53:16+00:00","dateModified":"2026-04-01T12:31:37+00:00","breadcrumb":{"@id":"https:\/\/awero.ee\/fi\/toode\/biolanin-kuivakaymala-komplet\/#breadcrumb"},"inLanguage":"fi","potentialAction":[{"@type":"ReadAction","target":["https:\/\/awero.ee\/fi\/toode\/biolanin-kuivakaymala-komplet\/"]}]},{"@type":"ImageObject","inLanguage":"fi","@id":"https:\/\/awero.ee\/fi\/toode\/biolanin-kuivakaymala-komplet\/#primaryimage","url":"https:\/\/awero.ee\/wp-content\/uploads\/2025\/05\/biolan_kuivikekaymala_tummanharmaa-1120x500q85.jpg","contentUrl":"https:\/\/awero.ee\/wp-content\/uploads\/2025\/05\/biolan_kuivikekaymala_tummanharmaa-1120x500q85.jpg","width":373,"height":500},{"@type":"BreadcrumbList","@id":"https:\/\/awero.ee\/fi\/toode\/biolanin-kuivakaymala-komplet\/#breadcrumb","itemListElement":[{"@type":"ListItem","position":1,"name":"Home","item":"https:\/\/awero.ee\/fi\/etusivu\/"},{"@type":"ListItem","position":2,"name":"Kauppa","item":"https:\/\/awero.ee\/fi\/kauppa\/"},{"@type":"ListItem","position":3,"name":"Biolanin kuivak\u00e4ym\u00e4l\u00e4 KOMPLET"}]},{"@type":"WebSite","@id":"https:\/\/awero.ee\/fi\/#website","url":"https:\/\/awero.ee\/fi\/","name":"Awero - S\u00fcdamega L\u00f5una Eestist","description":"","publisher":{"@id":"https:\/\/awero.ee\/fi\/#organization"},"potentialAction":[{"@type":"SearchAction","target":{"@type":"EntryPoint","urlTemplate":"https:\/\/awero.ee\/fi\/?s={search_term_string}"},"query-input":{"@type":"PropertyValueSpecification","valueRequired":true,"valueName":"search_term_string"}}],"inLanguage":"fi"},{"@type":"Organization","@id":"https:\/\/awero.ee\/fi\/#organization","name":"Awero - S\u00fcdamega L\u00f5una Eestist","url":"https:\/\/awero.ee\/fi\/","logo":{"@type":"ImageObject","inLanguage":"fi","@id":"https:\/\/awero.ee\/fi\/#\/schema\/logo\/image\/","url":"https:\/\/awero.ee\/wp-content\/uploads\/2024\/07\/aweroplaceholder.jpg","contentUrl":"https:\/\/awero.ee\/wp-content\/uploads\/2024\/07\/aweroplaceholder.jpg","width":1250,"height":834,"caption":"Awero - S\u00fcdamega L\u00f5una Eestist"},"image":{"@id":"https:\/\/awero.ee\/fi\/#\/schema\/logo\/image\/"}}]}},"_links":{"self":[{"href":"https:\/\/awero.ee\/fi\/wp-json\/wp\/v2\/product\/8384","targetHints":{"allow":["GET"]}}],"collection":[{"href":"https:\/\/awero.ee\/fi\/wp-json\/wp\/v2\/product"}],"about":[{"href":"https:\/\/awero.ee\/fi\/wp-json\/wp\/v2\/types\/product"}],"wp:featuredmedia":[{"embeddable":true,"href":"https:\/\/awero.ee\/fi\/wp-json\/wp\/v2\/media\/5702"}],"wp:attachment":[{"href":"https:\/\/awero.ee\/fi\/wp-json\/wp\/v2\/media?parent=8384"}],"wp:term":[{"taxonomy":"product_brand","embeddable":true,"href":"https:\/\/awero.ee\/fi\/wp-json\/wp\/v2\/product_brand?post=8384"},{"taxonomy":"product_cat","embeddable":true,"href":"https:\/\/awero.ee\/fi\/wp-json\/wp\/v2\/product_cat?post=8384"},{"taxonomy":"product_tag","embeddable":true,"href":"https:\/\/awero.ee\/fi\/wp-json\/wp\/v2\/product_tag?post=8384"}],"curies":[{"name":"wp","href":"https:\/\/api.w.org\/{rel}","templated":true}]}}