{"id":8375,"date":"2025-04-25T05:48:37","date_gmt":"2025-04-25T05:48:37","guid":{"rendered":"https:\/\/awero.ee\/toode\/terassiallas-250\/"},"modified":"2026-05-07T18:08:39","modified_gmt":"2026-05-07T18:08:39","slug":"terassiallas-250","status":"publish","type":"product","link":"https:\/\/awero.ee\/fi\/toode\/terassiallas-250\/","title":{"rendered":"Terassiallas 250"},"content":{"rendered":"<div class=\"p-rich_text_section\">Aweron <b data-stringify-type=\"bold\">terassiallas 250<\/b> ei ole pelk\u00e4st\u00e4\u00e4n kylpyallas \u2013 se on el\u00e4mys, jonka voit suunnitella omien toiveidesi mukaan. Valitse lis\u00e4varusteita, jotka nostavat mukavuuden ja ylellisyyden uudelle tasolle. <\/div>\n<ul class=\"p-rich_text_list p-rich_text_list__bullet p-rich_text_list--nested\" data-stringify-type=\"unordered-list\" data-list-tree=\"true\" data-indent=\"0\" data-border=\"0\">\n<li data-stringify-indent=\"0\" data-stringify-border=\"0\"><b data-stringify-type=\"bold\">LED-valaistus <\/b>\u2013 luo kodikkaan ja romanttisen tunnelman, erityisesti iltaisin.<\/li>\n<li data-stringify-indent=\"0\" data-stringify-border=\"0\"><b data-stringify-type=\"bold\">Porej\u00e4rjestelm\u00e4 ja hierontatoiminnot <\/b>\u2013 rentouta kehosi aivan kuin aidossa luksusspa-hoitolassa.<\/li>\n<li data-stringify-indent=\"0\" data-stringify-border=\"0\"><b data-stringify-type=\"bold\">Pehme\u00e4t niskatuet<\/b> \u2013 jotta jokainen hetki olisi mahdollisimman mukava ja tukeva.<\/li>\n<li data-stringify-indent=\"0\" data-stringify-border=\"0\"><b data-stringify-type=\"bold\">S\u00e4hk\u00f6l\u00e4mmitys suodatinj\u00e4rjestelm\u00e4ll\u00e4<\/b> \u2013 varmistaa, ett\u00e4 vesi on aina oikean l\u00e4mp\u00f6ist\u00e4 ja kristallinkirkasta \u2013 ymp\u00e4ri vuorokauden.<\/li>\n<\/ul>\n<div class=\"p-rich_text_section\"><b data-stringify-type=\"bold\">Haluatko kokonaisvaltaisen ratkaisun?<\/b><br \/>\nPyyd\u00e4 meilt\u00e4 ammattimaisen asennuksen tarjous \u2013 autamme sinua luomaan unelmiesi rentoutumisalueen kotiisi.<\/div>\n","protected":false},"excerpt":{"rendered":"<p>Kuvittele hetki, jolloin p\u00e4iv\u00e4n huolet sulavat hiljaa pois&#8230; L\u00e4mmin vesi hyv\u00e4ilee vartaloasi, pehme\u00e4 valo luo tunnelman ja kaikki muu tuntuu pys\u00e4htyv\u00e4n.<br \/>\nAwero<b data-stringify-type=\"bold\">Terrace Bath 250<\/b> on suunniteltu tuomaan t\u00e4llainen rauha ja ylellisyys suoraan kotiisi &#8211; olipa se sitten kaupungin syd\u00e4mess\u00e4 tai rauhallisella maaseudulla.<\/p>\n<p>Hintaan sis\u00e4ltyy:<br \/>\n<a href=\"https:\/\/awero.ee\/tootekategooria\/kumblustunni-sisud\/\">Sis\u00e4lt\u00f6 lasikuitua<\/a>.<br \/>\n<a href=\"https:\/\/awero.ee\/fi\/toode\/eristetty-kansi-kylpytynnyrille\/\"><br \/>\n  <span style=\"unicode-bidi: embed;\">Thermocover<\/span><br \/>\n<\/a><br \/>\n<a href=\"https:\/\/awero.ee\/fi\/toode\/pur-vaahtomuovilla-eristetty-kylpytynnyri\/\">PUR-eriste<\/a><\/p>\n","protected":false},"featured_media":8376,"template":"","meta":{"_acf_changed":false},"product_brand":[],"product_cat":[1081,1090],"product_tag":[],"class_list":{"0":"post-8375","1":"product","2":"type-product","3":"status-publish","4":"has-post-thumbnail","6":"product_cat-kylpytynnyrituotteet","7":"product_cat-terassiallas","9":"first","10":"instock","11":"sale","12":"shipping-taxable","13":"product-type-variable"},"acf":[],"yoast_head":"<!-- This site is optimized with the Yoast SEO plugin v27.5 - https:\/\/yoast.com\/product\/yoast-seo-wordpress\/ -->\n<title>Terassiallas 250 - Awero - S\u00fcdamega L\u00f5una-Eestist<\/title>\n<meta name=\"robots\" content=\"index, follow, max-snippet:-1, max-image-preview:large, max-video-preview:-1\" \/>\n<link rel=\"canonical\" href=\"https:\/\/awero.ee\/fi\/toode\/terassiallas-250\/\" \/>\n<meta property=\"og:locale\" content=\"fi_FI\" \/>\n<meta property=\"og:type\" content=\"article\" \/>\n<meta property=\"og:title\" content=\"Terassiallas 250 - Awero - S\u00fcdamega L\u00f5una-Eestist\" \/>\n<meta property=\"og:description\" content=\"Kuvittele hetki, jolloin p\u00e4iv\u00e4n huolet sulavat hiljaa pois... L\u00e4mmin vesi hyv\u00e4ilee vartaloasi, pehme\u00e4 valo luo tunnelman ja kaikki muu tuntuu pys\u00e4htyv\u00e4n. AweroTerrace Bath 250 on suunniteltu tuomaan t\u00e4llainen rauha ja ylellisyys suoraan kotiisi - olipa se sitten kaupungin syd\u00e4mess\u00e4 tai rauhallisella maaseudulla. Hintaan sis\u00e4ltyy: Sis\u00e4lt\u00f6 lasikuitua.  Thermocover PUR-eriste\" \/>\n<meta property=\"og:url\" content=\"https:\/\/awero.ee\/fi\/toode\/terassiallas-250\/\" \/>\n<meta property=\"og:site_name\" content=\"Awero - S\u00fcdamega L\u00f5una-Eestist\" \/>\n<meta property=\"article:modified_time\" content=\"2026-05-07T18:08:39+00:00\" \/>\n<meta property=\"og:image\" content=\"https:\/\/awero.ee\/wp-content\/uploads\/2025\/04\/3f-scaled.jpg\" \/>\n\t<meta property=\"og:image:width\" content=\"2560\" \/>\n\t<meta property=\"og:image:height\" content=\"1600\" \/>\n\t<meta property=\"og:image:type\" content=\"image\/jpeg\" \/>\n<meta name=\"twitter:card\" content=\"summary_large_image\" \/>\n<script type=\"application\/ld+json\" class=\"yoast-schema-graph\">{\"@context\":\"https:\\\/\\\/schema.org\",\"@graph\":[{\"@type\":\"WebPage\",\"@id\":\"https:\\\/\\\/awero.ee\\\/fi\\\/toode\\\/terassiallas-250\\\/\",\"url\":\"https:\\\/\\\/awero.ee\\\/fi\\\/toode\\\/terassiallas-250\\\/\",\"name\":\"Terassiallas 250 - Awero - S\u00fcdamega L\u00f5una-Eestist\",\"isPartOf\":{\"@id\":\"https:\\\/\\\/awero.ee\\\/fi\\\/#website\"},\"primaryImageOfPage\":{\"@id\":\"https:\\\/\\\/awero.ee\\\/fi\\\/toode\\\/terassiallas-250\\\/#primaryimage\"},\"image\":{\"@id\":\"https:\\\/\\\/awero.ee\\\/fi\\\/toode\\\/terassiallas-250\\\/#primaryimage\"},\"thumbnailUrl\":\"https:\\\/\\\/awero.ee\\\/wp-content\\\/uploads\\\/2025\\\/04\\\/3f-scaled.jpg\",\"datePublished\":\"2025-04-25T05:48:37+00:00\",\"dateModified\":\"2026-05-07T18:08:39+00:00\",\"breadcrumb\":{\"@id\":\"https:\\\/\\\/awero.ee\\\/fi\\\/toode\\\/terassiallas-250\\\/#breadcrumb\"},\"inLanguage\":\"fi\",\"potentialAction\":[{\"@type\":\"ReadAction\",\"target\":[\"https:\\\/\\\/awero.ee\\\/fi\\\/toode\\\/terassiallas-250\\\/\"]}]},{\"@type\":\"ImageObject\",\"inLanguage\":\"fi\",\"@id\":\"https:\\\/\\\/awero.ee\\\/fi\\\/toode\\\/terassiallas-250\\\/#primaryimage\",\"url\":\"https:\\\/\\\/awero.ee\\\/wp-content\\\/uploads\\\/2025\\\/04\\\/3f-scaled.jpg\",\"contentUrl\":\"https:\\\/\\\/awero.ee\\\/wp-content\\\/uploads\\\/2025\\\/04\\\/3f-scaled.jpg\",\"width\":2560,\"height\":1600},{\"@type\":\"BreadcrumbList\",\"@id\":\"https:\\\/\\\/awero.ee\\\/fi\\\/toode\\\/terassiallas-250\\\/#breadcrumb\",\"itemListElement\":[{\"@type\":\"ListItem\",\"position\":1,\"name\":\"Home\",\"item\":\"https:\\\/\\\/awero.ee\\\/fi\\\/etusivu\\\/\"},{\"@type\":\"ListItem\",\"position\":2,\"name\":\"Kauppa\",\"item\":\"https:\\\/\\\/awero.ee\\\/fi\\\/kauppa\\\/\"},{\"@type\":\"ListItem\",\"position\":3,\"name\":\"Terassiallas 250\"}]},{\"@type\":\"WebSite\",\"@id\":\"https:\\\/\\\/awero.ee\\\/fi\\\/#website\",\"url\":\"https:\\\/\\\/awero.ee\\\/fi\\\/\",\"name\":\"Awero - S\u00fcdamega L\u00f5una Eestist\",\"description\":\"\",\"publisher\":{\"@id\":\"https:\\\/\\\/awero.ee\\\/fi\\\/#organization\"},\"potentialAction\":[{\"@type\":\"SearchAction\",\"target\":{\"@type\":\"EntryPoint\",\"urlTemplate\":\"https:\\\/\\\/awero.ee\\\/fi\\\/?s={search_term_string}\"},\"query-input\":{\"@type\":\"PropertyValueSpecification\",\"valueRequired\":true,\"valueName\":\"search_term_string\"}}],\"inLanguage\":\"fi\"},{\"@type\":\"Organization\",\"@id\":\"https:\\\/\\\/awero.ee\\\/fi\\\/#organization\",\"name\":\"Awero - S\u00fcdamega L\u00f5una Eestist\",\"url\":\"https:\\\/\\\/awero.ee\\\/fi\\\/\",\"logo\":{\"@type\":\"ImageObject\",\"inLanguage\":\"fi\",\"@id\":\"https:\\\/\\\/awero.ee\\\/fi\\\/#\\\/schema\\\/logo\\\/image\\\/\",\"url\":\"https:\\\/\\\/awero.ee\\\/wp-content\\\/uploads\\\/2024\\\/07\\\/aweroplaceholder.jpg\",\"contentUrl\":\"https:\\\/\\\/awero.ee\\\/wp-content\\\/uploads\\\/2024\\\/07\\\/aweroplaceholder.jpg\",\"width\":1250,\"height\":834,\"caption\":\"Awero - S\u00fcdamega L\u00f5una Eestist\"},\"image\":{\"@id\":\"https:\\\/\\\/awero.ee\\\/fi\\\/#\\\/schema\\\/logo\\\/image\\\/\"}}]}<\/script>\n<!-- \/ Yoast SEO plugin. -->","yoast_head_json":{"title":"Terassiallas 250 - Awero - S\u00fcdamega L\u00f5una-Eestist","robots":{"index":"index","follow":"follow","max-snippet":"max-snippet:-1","max-image-preview":"max-image-preview:large","max-video-preview":"max-video-preview:-1"},"canonical":"https:\/\/awero.ee\/fi\/toode\/terassiallas-250\/","og_locale":"fi_FI","og_type":"article","og_title":"Terassiallas 250 - Awero - S\u00fcdamega L\u00f5una-Eestist","og_description":"Kuvittele hetki, jolloin p\u00e4iv\u00e4n huolet sulavat hiljaa pois... L\u00e4mmin vesi hyv\u00e4ilee vartaloasi, pehme\u00e4 valo luo tunnelman ja kaikki muu tuntuu pys\u00e4htyv\u00e4n. AweroTerrace Bath 250 on suunniteltu tuomaan t\u00e4llainen rauha ja ylellisyys suoraan kotiisi - olipa se sitten kaupungin syd\u00e4mess\u00e4 tai rauhallisella maaseudulla. Hintaan sis\u00e4ltyy: Sis\u00e4lt\u00f6 lasikuitua.  Thermocover PUR-eriste","og_url":"https:\/\/awero.ee\/fi\/toode\/terassiallas-250\/","og_site_name":"Awero - S\u00fcdamega L\u00f5una-Eestist","article_modified_time":"2026-05-07T18:08:39+00:00","og_image":[{"width":2560,"height":1600,"url":"https:\/\/awero.ee\/wp-content\/uploads\/2025\/04\/3f-scaled.jpg","type":"image\/jpeg"}],"twitter_card":"summary_large_image","schema":{"@context":"https:\/\/schema.org","@graph":[{"@type":"WebPage","@id":"https:\/\/awero.ee\/fi\/toode\/terassiallas-250\/","url":"https:\/\/awero.ee\/fi\/toode\/terassiallas-250\/","name":"Terassiallas 250 - Awero - S\u00fcdamega L\u00f5una-Eestist","isPartOf":{"@id":"https:\/\/awero.ee\/fi\/#website"},"primaryImageOfPage":{"@id":"https:\/\/awero.ee\/fi\/toode\/terassiallas-250\/#primaryimage"},"image":{"@id":"https:\/\/awero.ee\/fi\/toode\/terassiallas-250\/#primaryimage"},"thumbnailUrl":"https:\/\/awero.ee\/wp-content\/uploads\/2025\/04\/3f-scaled.jpg","datePublished":"2025-04-25T05:48:37+00:00","dateModified":"2026-05-07T18:08:39+00:00","breadcrumb":{"@id":"https:\/\/awero.ee\/fi\/toode\/terassiallas-250\/#breadcrumb"},"inLanguage":"fi","potentialAction":[{"@type":"ReadAction","target":["https:\/\/awero.ee\/fi\/toode\/terassiallas-250\/"]}]},{"@type":"ImageObject","inLanguage":"fi","@id":"https:\/\/awero.ee\/fi\/toode\/terassiallas-250\/#primaryimage","url":"https:\/\/awero.ee\/wp-content\/uploads\/2025\/04\/3f-scaled.jpg","contentUrl":"https:\/\/awero.ee\/wp-content\/uploads\/2025\/04\/3f-scaled.jpg","width":2560,"height":1600},{"@type":"BreadcrumbList","@id":"https:\/\/awero.ee\/fi\/toode\/terassiallas-250\/#breadcrumb","itemListElement":[{"@type":"ListItem","position":1,"name":"Home","item":"https:\/\/awero.ee\/fi\/etusivu\/"},{"@type":"ListItem","position":2,"name":"Kauppa","item":"https:\/\/awero.ee\/fi\/kauppa\/"},{"@type":"ListItem","position":3,"name":"Terassiallas 250"}]},{"@type":"WebSite","@id":"https:\/\/awero.ee\/fi\/#website","url":"https:\/\/awero.ee\/fi\/","name":"Awero - S\u00fcdamega L\u00f5una Eestist","description":"","publisher":{"@id":"https:\/\/awero.ee\/fi\/#organization"},"potentialAction":[{"@type":"SearchAction","target":{"@type":"EntryPoint","urlTemplate":"https:\/\/awero.ee\/fi\/?s={search_term_string}"},"query-input":{"@type":"PropertyValueSpecification","valueRequired":true,"valueName":"search_term_string"}}],"inLanguage":"fi"},{"@type":"Organization","@id":"https:\/\/awero.ee\/fi\/#organization","name":"Awero - S\u00fcdamega L\u00f5una Eestist","url":"https:\/\/awero.ee\/fi\/","logo":{"@type":"ImageObject","inLanguage":"fi","@id":"https:\/\/awero.ee\/fi\/#\/schema\/logo\/image\/","url":"https:\/\/awero.ee\/wp-content\/uploads\/2024\/07\/aweroplaceholder.jpg","contentUrl":"https:\/\/awero.ee\/wp-content\/uploads\/2024\/07\/aweroplaceholder.jpg","width":1250,"height":834,"caption":"Awero - S\u00fcdamega L\u00f5una Eestist"},"image":{"@id":"https:\/\/awero.ee\/fi\/#\/schema\/logo\/image\/"}}]}},"_links":{"self":[{"href":"https:\/\/awero.ee\/fi\/wp-json\/wp\/v2\/product\/8375","targetHints":{"allow":["GET"]}}],"collection":[{"href":"https:\/\/awero.ee\/fi\/wp-json\/wp\/v2\/product"}],"about":[{"href":"https:\/\/awero.ee\/fi\/wp-json\/wp\/v2\/types\/product"}],"wp:featuredmedia":[{"embeddable":true,"href":"https:\/\/awero.ee\/fi\/wp-json\/wp\/v2\/media\/8376"}],"wp:attachment":[{"href":"https:\/\/awero.ee\/fi\/wp-json\/wp\/v2\/media?parent=8375"}],"wp:term":[{"taxonomy":"product_brand","embeddable":true,"href":"https:\/\/awero.ee\/fi\/wp-json\/wp\/v2\/product_brand?post=8375"},{"taxonomy":"product_cat","embeddable":true,"href":"https:\/\/awero.ee\/fi\/wp-json\/wp\/v2\/product_cat?post=8375"},{"taxonomy":"product_tag","embeddable":true,"href":"https:\/\/awero.ee\/fi\/wp-json\/wp\/v2\/product_tag?post=8375"}],"curies":[{"name":"wp","href":"https:\/\/api.w.org\/{rel}","templated":true}]}}