{"id":8357,"date":"2025-04-13T17:35:09","date_gmt":"2025-04-13T17:35:09","guid":{"rendered":"https:\/\/awero.ee\/toode\/istutuslaatikko-70-l\/"},"modified":"2026-04-01T12:31:53","modified_gmt":"2026-04-01T12:31:53","slug":"istutuslaatikko-70-l","status":"publish","type":"product","link":"https:\/\/awero.ee\/fi\/toode\/istutuslaatikko-70-l\/","title":{"rendered":"Istutuslaatikko 70 L"},"content":{"rendered":"<div class=\"container single-product-description-text\">\n<p><strong>Pakettiin sis\u00e4ltyy:<\/strong><\/p>\n<ul>\n<li>18 mm paksut l\u00e4mp\u00f6k\u00e4sitellyt puulevyt<\/li>\n<li>kiinnitysv\u00e4lineet<\/li>\n<li>kokoonpano-ohjeet.<\/li>\n<\/ul>\n<p><strong>Suosittelemme k\u00e4sittelem\u00e4\u00e4n tuotteen puuosat puunsuoja-aineella heti kokoonpanon j\u00e4lkeen, jotta puu on suojattu kosteudelta ja muilta puuhun vaikuttavilta tekij\u00f6ilt\u00e4.<\/strong> Erityisi\u00e4 puutuotteille tarkoitettuja puunsuoja-aineita on saatavilla hyvin varustetuista rautakaupoista.<\/p>\n<p>Huom.! Pakkauksen koon vuoksi tuotetta ei voi tilata toimitettavaksi pakettiautomaattiin. Tuote on noudettava itse tai otettava yhteytt\u00e4 asiakaspalveluumme puhelimitse numeroon +372 516 0518, joka voi tilata tuotteen toimituksen kuriirilla. <\/p>\n<\/div>\n","protected":false},"excerpt":{"rendered":"<div class=\"woocommerce-product-details__short-description\">\n<p>L\u00e4mp\u00f6k\u00e4sitelty puinen istutuslaatikko on kaunis ja k\u00e4yt\u00e4nn\u00f6llinen ratkaisu puutarhaan tai parvekkeelle. Istutuslaatikkoon voi istuttaa kukkia, yrttej\u00e4, marjoja ja vihanneksia. Istutuslaatikon maaper\u00e4 l\u00e4mpenee kev\u00e4\u00e4ll\u00e4 nopeammin, joten voit istuttaa haluamasi kasvit hieman aikaisemmin.  <\/p>\n<p>Istutuslaatikko toimitetaan osina.<\/p>\n<\/div>\n","protected":false},"featured_media":5363,"template":"","meta":{"_acf_changed":false},"product_brand":[],"product_cat":[1089],"product_tag":[],"class_list":{"0":"post-8357","1":"product","2":"type-product","3":"status-publish","4":"has-post-thumbnail","6":"product_cat-puutarhatuotteet","8":"first","9":"instock","10":"shipping-taxable","11":"product-type-simple"},"acf":[],"yoast_head":"<!-- This site is optimized with the Yoast SEO plugin v26.8 - https:\/\/yoast.com\/product\/yoast-seo-wordpress\/ -->\n<title>Istutuslaatikko 70 L - Awero - S\u00fcdamega L\u00f5una-Eestist<\/title>\n<meta name=\"robots\" content=\"index, follow, max-snippet:-1, max-image-preview:large, max-video-preview:-1\" \/>\n<link rel=\"canonical\" href=\"https:\/\/awero.ee\/fi\/toode\/istutuslaatikko-70-l\/\" \/>\n<meta property=\"og:locale\" content=\"fi_FI\" \/>\n<meta property=\"og:type\" content=\"article\" \/>\n<meta property=\"og:title\" content=\"Istutuslaatikko 70 L - Awero - S\u00fcdamega L\u00f5una-Eestist\" \/>\n<meta property=\"og:description\" content=\"L\u00e4mp\u00f6k\u00e4sitelty puinen istutuslaatikko on kaunis ja k\u00e4yt\u00e4nn\u00f6llinen ratkaisu puutarhaan tai parvekkeelle. Istutuslaatikkoon voi istuttaa kukkia, yrttej\u00e4, marjoja ja vihanneksia. Istutuslaatikon maaper\u00e4 l\u00e4mpenee kev\u00e4\u00e4ll\u00e4 nopeammin, joten voit istuttaa haluamasi kasvit hieman aikaisemmin.  Istutuslaatikko toimitetaan osina.\" \/>\n<meta property=\"og:url\" content=\"https:\/\/awero.ee\/fi\/toode\/istutuslaatikko-70-l\/\" \/>\n<meta property=\"og:site_name\" content=\"Awero - S\u00fcdamega L\u00f5una-Eestist\" \/>\n<meta property=\"article:modified_time\" content=\"2026-04-01T12:31:53+00:00\" \/>\n<meta property=\"og:image\" content=\"https:\/\/awero.ee\/wp-content\/uploads\/2025\/04\/Taimekast_suur.jpg\" \/>\n\t<meta property=\"og:image:width\" content=\"1868\" \/>\n\t<meta property=\"og:image:height\" content=\"1246\" \/>\n\t<meta property=\"og:image:type\" content=\"image\/jpeg\" \/>\n<meta name=\"twitter:card\" content=\"summary_large_image\" \/>\n<script type=\"application\/ld+json\" class=\"yoast-schema-graph\">{\"@context\":\"https:\/\/schema.org\",\"@graph\":[{\"@type\":\"WebPage\",\"@id\":\"https:\/\/awero.ee\/fi\/toode\/istutuslaatikko-70-l\/\",\"url\":\"https:\/\/awero.ee\/fi\/toode\/istutuslaatikko-70-l\/\",\"name\":\"Istutuslaatikko 70 L - Awero - S\u00fcdamega L\u00f5una-Eestist\",\"isPartOf\":{\"@id\":\"https:\/\/awero.ee\/fi\/#website\"},\"primaryImageOfPage\":{\"@id\":\"https:\/\/awero.ee\/fi\/toode\/istutuslaatikko-70-l\/#primaryimage\"},\"image\":{\"@id\":\"https:\/\/awero.ee\/fi\/toode\/istutuslaatikko-70-l\/#primaryimage\"},\"thumbnailUrl\":\"https:\/\/awero.ee\/wp-content\/uploads\/2025\/04\/Taimekast_suur.jpg\",\"datePublished\":\"2025-04-13T17:35:09+00:00\",\"dateModified\":\"2026-04-01T12:31:53+00:00\",\"breadcrumb\":{\"@id\":\"https:\/\/awero.ee\/fi\/toode\/istutuslaatikko-70-l\/#breadcrumb\"},\"inLanguage\":\"fi\",\"potentialAction\":[{\"@type\":\"ReadAction\",\"target\":[\"https:\/\/awero.ee\/fi\/toode\/istutuslaatikko-70-l\/\"]}]},{\"@type\":\"ImageObject\",\"inLanguage\":\"fi\",\"@id\":\"https:\/\/awero.ee\/fi\/toode\/istutuslaatikko-70-l\/#primaryimage\",\"url\":\"https:\/\/awero.ee\/wp-content\/uploads\/2025\/04\/Taimekast_suur.jpg\",\"contentUrl\":\"https:\/\/awero.ee\/wp-content\/uploads\/2025\/04\/Taimekast_suur.jpg\",\"width\":1868,\"height\":1246},{\"@type\":\"BreadcrumbList\",\"@id\":\"https:\/\/awero.ee\/fi\/toode\/istutuslaatikko-70-l\/#breadcrumb\",\"itemListElement\":[{\"@type\":\"ListItem\",\"position\":1,\"name\":\"Home\",\"item\":\"https:\/\/awero.ee\/fi\/etusivu\/\"},{\"@type\":\"ListItem\",\"position\":2,\"name\":\"Kauppa\",\"item\":\"https:\/\/awero.ee\/fi\/kauppa\/\"},{\"@type\":\"ListItem\",\"position\":3,\"name\":\"Istutuslaatikko 70 L\"}]},{\"@type\":\"WebSite\",\"@id\":\"https:\/\/awero.ee\/fi\/#website\",\"url\":\"https:\/\/awero.ee\/fi\/\",\"name\":\"Awero - S\u00fcdamega L\u00f5una Eestist\",\"description\":\"\",\"publisher\":{\"@id\":\"https:\/\/awero.ee\/fi\/#organization\"},\"potentialAction\":[{\"@type\":\"SearchAction\",\"target\":{\"@type\":\"EntryPoint\",\"urlTemplate\":\"https:\/\/awero.ee\/fi\/?s={search_term_string}\"},\"query-input\":{\"@type\":\"PropertyValueSpecification\",\"valueRequired\":true,\"valueName\":\"search_term_string\"}}],\"inLanguage\":\"fi\"},{\"@type\":\"Organization\",\"@id\":\"https:\/\/awero.ee\/fi\/#organization\",\"name\":\"Awero - S\u00fcdamega L\u00f5una Eestist\",\"url\":\"https:\/\/awero.ee\/fi\/\",\"logo\":{\"@type\":\"ImageObject\",\"inLanguage\":\"fi\",\"@id\":\"https:\/\/awero.ee\/fi\/#\/schema\/logo\/image\/\",\"url\":\"https:\/\/awero.ee\/wp-content\/uploads\/2024\/07\/aweroplaceholder.jpg\",\"contentUrl\":\"https:\/\/awero.ee\/wp-content\/uploads\/2024\/07\/aweroplaceholder.jpg\",\"width\":1250,\"height\":834,\"caption\":\"Awero - S\u00fcdamega L\u00f5una Eestist\"},\"image\":{\"@id\":\"https:\/\/awero.ee\/fi\/#\/schema\/logo\/image\/\"}}]}<\/script>\n<!-- \/ Yoast SEO plugin. -->","yoast_head_json":{"title":"Istutuslaatikko 70 L - Awero - S\u00fcdamega L\u00f5una-Eestist","robots":{"index":"index","follow":"follow","max-snippet":"max-snippet:-1","max-image-preview":"max-image-preview:large","max-video-preview":"max-video-preview:-1"},"canonical":"https:\/\/awero.ee\/fi\/toode\/istutuslaatikko-70-l\/","og_locale":"fi_FI","og_type":"article","og_title":"Istutuslaatikko 70 L - Awero - S\u00fcdamega L\u00f5una-Eestist","og_description":"L\u00e4mp\u00f6k\u00e4sitelty puinen istutuslaatikko on kaunis ja k\u00e4yt\u00e4nn\u00f6llinen ratkaisu puutarhaan tai parvekkeelle. Istutuslaatikkoon voi istuttaa kukkia, yrttej\u00e4, marjoja ja vihanneksia. Istutuslaatikon maaper\u00e4 l\u00e4mpenee kev\u00e4\u00e4ll\u00e4 nopeammin, joten voit istuttaa haluamasi kasvit hieman aikaisemmin.  Istutuslaatikko toimitetaan osina.","og_url":"https:\/\/awero.ee\/fi\/toode\/istutuslaatikko-70-l\/","og_site_name":"Awero - S\u00fcdamega L\u00f5una-Eestist","article_modified_time":"2026-04-01T12:31:53+00:00","og_image":[{"width":1868,"height":1246,"url":"https:\/\/awero.ee\/wp-content\/uploads\/2025\/04\/Taimekast_suur.jpg","type":"image\/jpeg"}],"twitter_card":"summary_large_image","schema":{"@context":"https:\/\/schema.org","@graph":[{"@type":"WebPage","@id":"https:\/\/awero.ee\/fi\/toode\/istutuslaatikko-70-l\/","url":"https:\/\/awero.ee\/fi\/toode\/istutuslaatikko-70-l\/","name":"Istutuslaatikko 70 L - Awero - S\u00fcdamega L\u00f5una-Eestist","isPartOf":{"@id":"https:\/\/awero.ee\/fi\/#website"},"primaryImageOfPage":{"@id":"https:\/\/awero.ee\/fi\/toode\/istutuslaatikko-70-l\/#primaryimage"},"image":{"@id":"https:\/\/awero.ee\/fi\/toode\/istutuslaatikko-70-l\/#primaryimage"},"thumbnailUrl":"https:\/\/awero.ee\/wp-content\/uploads\/2025\/04\/Taimekast_suur.jpg","datePublished":"2025-04-13T17:35:09+00:00","dateModified":"2026-04-01T12:31:53+00:00","breadcrumb":{"@id":"https:\/\/awero.ee\/fi\/toode\/istutuslaatikko-70-l\/#breadcrumb"},"inLanguage":"fi","potentialAction":[{"@type":"ReadAction","target":["https:\/\/awero.ee\/fi\/toode\/istutuslaatikko-70-l\/"]}]},{"@type":"ImageObject","inLanguage":"fi","@id":"https:\/\/awero.ee\/fi\/toode\/istutuslaatikko-70-l\/#primaryimage","url":"https:\/\/awero.ee\/wp-content\/uploads\/2025\/04\/Taimekast_suur.jpg","contentUrl":"https:\/\/awero.ee\/wp-content\/uploads\/2025\/04\/Taimekast_suur.jpg","width":1868,"height":1246},{"@type":"BreadcrumbList","@id":"https:\/\/awero.ee\/fi\/toode\/istutuslaatikko-70-l\/#breadcrumb","itemListElement":[{"@type":"ListItem","position":1,"name":"Home","item":"https:\/\/awero.ee\/fi\/etusivu\/"},{"@type":"ListItem","position":2,"name":"Kauppa","item":"https:\/\/awero.ee\/fi\/kauppa\/"},{"@type":"ListItem","position":3,"name":"Istutuslaatikko 70 L"}]},{"@type":"WebSite","@id":"https:\/\/awero.ee\/fi\/#website","url":"https:\/\/awero.ee\/fi\/","name":"Awero - S\u00fcdamega L\u00f5una Eestist","description":"","publisher":{"@id":"https:\/\/awero.ee\/fi\/#organization"},"potentialAction":[{"@type":"SearchAction","target":{"@type":"EntryPoint","urlTemplate":"https:\/\/awero.ee\/fi\/?s={search_term_string}"},"query-input":{"@type":"PropertyValueSpecification","valueRequired":true,"valueName":"search_term_string"}}],"inLanguage":"fi"},{"@type":"Organization","@id":"https:\/\/awero.ee\/fi\/#organization","name":"Awero - S\u00fcdamega L\u00f5una Eestist","url":"https:\/\/awero.ee\/fi\/","logo":{"@type":"ImageObject","inLanguage":"fi","@id":"https:\/\/awero.ee\/fi\/#\/schema\/logo\/image\/","url":"https:\/\/awero.ee\/wp-content\/uploads\/2024\/07\/aweroplaceholder.jpg","contentUrl":"https:\/\/awero.ee\/wp-content\/uploads\/2024\/07\/aweroplaceholder.jpg","width":1250,"height":834,"caption":"Awero - S\u00fcdamega L\u00f5una Eestist"},"image":{"@id":"https:\/\/awero.ee\/fi\/#\/schema\/logo\/image\/"}}]}},"_links":{"self":[{"href":"https:\/\/awero.ee\/fi\/wp-json\/wp\/v2\/product\/8357","targetHints":{"allow":["GET"]}}],"collection":[{"href":"https:\/\/awero.ee\/fi\/wp-json\/wp\/v2\/product"}],"about":[{"href":"https:\/\/awero.ee\/fi\/wp-json\/wp\/v2\/types\/product"}],"wp:featuredmedia":[{"embeddable":true,"href":"https:\/\/awero.ee\/fi\/wp-json\/wp\/v2\/media\/5363"}],"wp:attachment":[{"href":"https:\/\/awero.ee\/fi\/wp-json\/wp\/v2\/media?parent=8357"}],"wp:term":[{"taxonomy":"product_brand","embeddable":true,"href":"https:\/\/awero.ee\/fi\/wp-json\/wp\/v2\/product_brand?post=8357"},{"taxonomy":"product_cat","embeddable":true,"href":"https:\/\/awero.ee\/fi\/wp-json\/wp\/v2\/product_cat?post=8357"},{"taxonomy":"product_tag","embeddable":true,"href":"https:\/\/awero.ee\/fi\/wp-json\/wp\/v2\/product_tag?post=8357"}],"curies":[{"name":"wp","href":"https:\/\/api.w.org\/{rel}","templated":true}]}}