{"id":8301,"date":"2025-03-10T06:54:11","date_gmt":"2025-03-10T06:54:11","guid":{"rendered":"https:\/\/awero.ee\/toode\/kylpytynnyri-180-ulkokamiinalla-termo-pvc\/"},"modified":"2026-05-07T18:08:40","modified_gmt":"2026-05-07T18:08:40","slug":"kylpytynnyri-180-ulkokamiinalla-termo-pvc","status":"publish","type":"product","link":"https:\/\/awero.ee\/fi\/toode\/kylpytynnyri-180-ulkokamiinalla-termo-pvc\/","title":{"rendered":"Kylpytynnyri 180 ulkokamiinalla termo\/pvc"},"content":{"rendered":"<p><strong>Pakettiin sis\u00e4ltyy:<\/strong><\/p>\n<ul>\n<li>AISI 304 ulkokamiina (30 kW) ruostumattomasta ter\u00e4ksest\u00e4<\/li>\n<li>2-metrinen savupiippu suojaritil\u00e4ll\u00e4 ja savupiipun hatulla<\/li>\n<li>porras<\/li>\n<li><strong>l\u00e4mp\u00f6puusta valmistettu ulkokuori,<\/strong><\/li>\n<li><strong>harmaa PVC-sis\u00e4puoli.<\/strong><\/li>\n<\/ul>\n<p>&nbsp;<\/p>\n<p>Kylpytynnyriin voi tilata <a href=\"https:\/\/awero.ee\/fi\/tootekategooria\/lisavarusteet\/\">lis\u00e4varusteita<\/a>: juomatelineet, suodatinj\u00e4rjestelm\u00e4, PVC-peite, puukansi ja betoninen kylpytynnyrin jalusta.<\/p>\n","protected":false},"excerpt":{"rendered":"<p>L\u00e4mp\u00f6puinen kylpytynnyri, johon kuuluu PVC-sis\u00e4osa ja ulkokamiina.<br \/>\nL\u00e4mp\u00f6puinen ulkokuori ja PVC- sis\u00e4osa takaavat kylpytynnyrin pidemm\u00e4n k\u00e4ytt\u00f6i\u00e4n ja helppok\u00e4ytt\u00f6isyyden sek\u00e4 est\u00e4v\u00e4t veden vuotamisen.<\/p>\n","protected":false},"featured_media":5033,"template":"","meta":{"_acf_changed":false},"product_brand":[],"product_cat":[1081,1087,1084],"product_tag":[],"class_list":{"0":"post-8301","1":"product","2":"type-product","3":"status-publish","4":"has-post-thumbnail","6":"product_cat-kylpytynnyrituotteet","7":"product_cat-tarjous","8":"product_cat-ulkokamiinalla","10":"first","11":"instock","12":"sale","13":"shipping-taxable","14":"product-type-variable"},"acf":[],"yoast_head":"<!-- This site is optimized with the Yoast SEO plugin v27.5 - https:\/\/yoast.com\/product\/yoast-seo-wordpress\/ -->\n<title>Kylpytynnyri 180 ulkokamiinalla termo\/pvc - Awero - S\u00fcdamega L\u00f5una-Eestist<\/title>\n<meta name=\"robots\" content=\"index, follow, max-snippet:-1, max-image-preview:large, max-video-preview:-1\" \/>\n<link rel=\"canonical\" href=\"https:\/\/awero.ee\/fi\/toode\/kylpytynnyri-180-ulkokamiinalla-termo-pvc\/\" \/>\n<meta property=\"og:locale\" content=\"fi_FI\" \/>\n<meta property=\"og:type\" content=\"article\" \/>\n<meta property=\"og:title\" content=\"Kylpytynnyri 180 ulkokamiinalla termo\/pvc - Awero - S\u00fcdamega L\u00f5una-Eestist\" \/>\n<meta property=\"og:description\" content=\"L\u00e4mp\u00f6puinen kylpytynnyri, johon kuuluu PVC-sis\u00e4osa ja ulkokamiina. L\u00e4mp\u00f6puinen ulkokuori ja PVC- sis\u00e4osa takaavat kylpytynnyrin pidemm\u00e4n k\u00e4ytt\u00f6i\u00e4n ja helppok\u00e4ytt\u00f6isyyden sek\u00e4 est\u00e4v\u00e4t veden vuotamisen.\" \/>\n<meta property=\"og:url\" content=\"https:\/\/awero.ee\/fi\/toode\/kylpytynnyri-180-ulkokamiinalla-termo-pvc\/\" \/>\n<meta property=\"og:site_name\" content=\"Awero - S\u00fcdamega L\u00f5una-Eestist\" \/>\n<meta property=\"article:modified_time\" content=\"2026-05-07T18:08:40+00:00\" \/>\n<meta property=\"og:image\" content=\"https:\/\/awero.ee\/wp-content\/uploads\/2025\/03\/Hottub_Eco_D180_external.jpg\" \/>\n\t<meta property=\"og:image:width\" content=\"2500\" \/>\n\t<meta property=\"og:image:height\" content=\"1667\" \/>\n\t<meta property=\"og:image:type\" content=\"image\/jpeg\" \/>\n<meta name=\"twitter:card\" content=\"summary_large_image\" \/>\n<script type=\"application\/ld+json\" class=\"yoast-schema-graph\">{\"@context\":\"https:\\\/\\\/schema.org\",\"@graph\":[{\"@type\":\"WebPage\",\"@id\":\"https:\\\/\\\/awero.ee\\\/fi\\\/toode\\\/kylpytynnyri-180-ulkokamiinalla-termo-pvc\\\/\",\"url\":\"https:\\\/\\\/awero.ee\\\/fi\\\/toode\\\/kylpytynnyri-180-ulkokamiinalla-termo-pvc\\\/\",\"name\":\"Kylpytynnyri 180 ulkokamiinalla termo\\\/pvc - Awero - S\u00fcdamega L\u00f5una-Eestist\",\"isPartOf\":{\"@id\":\"https:\\\/\\\/awero.ee\\\/fi\\\/#website\"},\"primaryImageOfPage\":{\"@id\":\"https:\\\/\\\/awero.ee\\\/fi\\\/toode\\\/kylpytynnyri-180-ulkokamiinalla-termo-pvc\\\/#primaryimage\"},\"image\":{\"@id\":\"https:\\\/\\\/awero.ee\\\/fi\\\/toode\\\/kylpytynnyri-180-ulkokamiinalla-termo-pvc\\\/#primaryimage\"},\"thumbnailUrl\":\"https:\\\/\\\/awero.ee\\\/wp-content\\\/uploads\\\/2025\\\/03\\\/Hottub_Eco_D180_external.jpg\",\"datePublished\":\"2025-03-10T06:54:11+00:00\",\"dateModified\":\"2026-05-07T18:08:40+00:00\",\"breadcrumb\":{\"@id\":\"https:\\\/\\\/awero.ee\\\/fi\\\/toode\\\/kylpytynnyri-180-ulkokamiinalla-termo-pvc\\\/#breadcrumb\"},\"inLanguage\":\"fi\",\"potentialAction\":[{\"@type\":\"ReadAction\",\"target\":[\"https:\\\/\\\/awero.ee\\\/fi\\\/toode\\\/kylpytynnyri-180-ulkokamiinalla-termo-pvc\\\/\"]}]},{\"@type\":\"ImageObject\",\"inLanguage\":\"fi\",\"@id\":\"https:\\\/\\\/awero.ee\\\/fi\\\/toode\\\/kylpytynnyri-180-ulkokamiinalla-termo-pvc\\\/#primaryimage\",\"url\":\"https:\\\/\\\/awero.ee\\\/wp-content\\\/uploads\\\/2025\\\/03\\\/Hottub_Eco_D180_external.jpg\",\"contentUrl\":\"https:\\\/\\\/awero.ee\\\/wp-content\\\/uploads\\\/2025\\\/03\\\/Hottub_Eco_D180_external.jpg\",\"width\":2500,\"height\":1667},{\"@type\":\"BreadcrumbList\",\"@id\":\"https:\\\/\\\/awero.ee\\\/fi\\\/toode\\\/kylpytynnyri-180-ulkokamiinalla-termo-pvc\\\/#breadcrumb\",\"itemListElement\":[{\"@type\":\"ListItem\",\"position\":1,\"name\":\"Home\",\"item\":\"https:\\\/\\\/awero.ee\\\/fi\\\/etusivu\\\/\"},{\"@type\":\"ListItem\",\"position\":2,\"name\":\"Kauppa\",\"item\":\"https:\\\/\\\/awero.ee\\\/fi\\\/kauppa\\\/\"},{\"@type\":\"ListItem\",\"position\":3,\"name\":\"Kylpytynnyri 180 ulkokamiinalla termo\\\/pvc\"}]},{\"@type\":\"WebSite\",\"@id\":\"https:\\\/\\\/awero.ee\\\/fi\\\/#website\",\"url\":\"https:\\\/\\\/awero.ee\\\/fi\\\/\",\"name\":\"Awero - S\u00fcdamega L\u00f5una Eestist\",\"description\":\"\",\"publisher\":{\"@id\":\"https:\\\/\\\/awero.ee\\\/fi\\\/#organization\"},\"potentialAction\":[{\"@type\":\"SearchAction\",\"target\":{\"@type\":\"EntryPoint\",\"urlTemplate\":\"https:\\\/\\\/awero.ee\\\/fi\\\/?s={search_term_string}\"},\"query-input\":{\"@type\":\"PropertyValueSpecification\",\"valueRequired\":true,\"valueName\":\"search_term_string\"}}],\"inLanguage\":\"fi\"},{\"@type\":\"Organization\",\"@id\":\"https:\\\/\\\/awero.ee\\\/fi\\\/#organization\",\"name\":\"Awero - S\u00fcdamega L\u00f5una Eestist\",\"url\":\"https:\\\/\\\/awero.ee\\\/fi\\\/\",\"logo\":{\"@type\":\"ImageObject\",\"inLanguage\":\"fi\",\"@id\":\"https:\\\/\\\/awero.ee\\\/fi\\\/#\\\/schema\\\/logo\\\/image\\\/\",\"url\":\"https:\\\/\\\/awero.ee\\\/wp-content\\\/uploads\\\/2024\\\/07\\\/aweroplaceholder.jpg\",\"contentUrl\":\"https:\\\/\\\/awero.ee\\\/wp-content\\\/uploads\\\/2024\\\/07\\\/aweroplaceholder.jpg\",\"width\":1250,\"height\":834,\"caption\":\"Awero - S\u00fcdamega L\u00f5una Eestist\"},\"image\":{\"@id\":\"https:\\\/\\\/awero.ee\\\/fi\\\/#\\\/schema\\\/logo\\\/image\\\/\"}}]}<\/script>\n<!-- \/ Yoast SEO plugin. -->","yoast_head_json":{"title":"Kylpytynnyri 180 ulkokamiinalla termo\/pvc - Awero - S\u00fcdamega L\u00f5una-Eestist","robots":{"index":"index","follow":"follow","max-snippet":"max-snippet:-1","max-image-preview":"max-image-preview:large","max-video-preview":"max-video-preview:-1"},"canonical":"https:\/\/awero.ee\/fi\/toode\/kylpytynnyri-180-ulkokamiinalla-termo-pvc\/","og_locale":"fi_FI","og_type":"article","og_title":"Kylpytynnyri 180 ulkokamiinalla termo\/pvc - Awero - S\u00fcdamega L\u00f5una-Eestist","og_description":"L\u00e4mp\u00f6puinen kylpytynnyri, johon kuuluu PVC-sis\u00e4osa ja ulkokamiina. L\u00e4mp\u00f6puinen ulkokuori ja PVC- sis\u00e4osa takaavat kylpytynnyrin pidemm\u00e4n k\u00e4ytt\u00f6i\u00e4n ja helppok\u00e4ytt\u00f6isyyden sek\u00e4 est\u00e4v\u00e4t veden vuotamisen.","og_url":"https:\/\/awero.ee\/fi\/toode\/kylpytynnyri-180-ulkokamiinalla-termo-pvc\/","og_site_name":"Awero - S\u00fcdamega L\u00f5una-Eestist","article_modified_time":"2026-05-07T18:08:40+00:00","og_image":[{"width":2500,"height":1667,"url":"https:\/\/awero.ee\/wp-content\/uploads\/2025\/03\/Hottub_Eco_D180_external.jpg","type":"image\/jpeg"}],"twitter_card":"summary_large_image","schema":{"@context":"https:\/\/schema.org","@graph":[{"@type":"WebPage","@id":"https:\/\/awero.ee\/fi\/toode\/kylpytynnyri-180-ulkokamiinalla-termo-pvc\/","url":"https:\/\/awero.ee\/fi\/toode\/kylpytynnyri-180-ulkokamiinalla-termo-pvc\/","name":"Kylpytynnyri 180 ulkokamiinalla termo\/pvc - Awero - S\u00fcdamega L\u00f5una-Eestist","isPartOf":{"@id":"https:\/\/awero.ee\/fi\/#website"},"primaryImageOfPage":{"@id":"https:\/\/awero.ee\/fi\/toode\/kylpytynnyri-180-ulkokamiinalla-termo-pvc\/#primaryimage"},"image":{"@id":"https:\/\/awero.ee\/fi\/toode\/kylpytynnyri-180-ulkokamiinalla-termo-pvc\/#primaryimage"},"thumbnailUrl":"https:\/\/awero.ee\/wp-content\/uploads\/2025\/03\/Hottub_Eco_D180_external.jpg","datePublished":"2025-03-10T06:54:11+00:00","dateModified":"2026-05-07T18:08:40+00:00","breadcrumb":{"@id":"https:\/\/awero.ee\/fi\/toode\/kylpytynnyri-180-ulkokamiinalla-termo-pvc\/#breadcrumb"},"inLanguage":"fi","potentialAction":[{"@type":"ReadAction","target":["https:\/\/awero.ee\/fi\/toode\/kylpytynnyri-180-ulkokamiinalla-termo-pvc\/"]}]},{"@type":"ImageObject","inLanguage":"fi","@id":"https:\/\/awero.ee\/fi\/toode\/kylpytynnyri-180-ulkokamiinalla-termo-pvc\/#primaryimage","url":"https:\/\/awero.ee\/wp-content\/uploads\/2025\/03\/Hottub_Eco_D180_external.jpg","contentUrl":"https:\/\/awero.ee\/wp-content\/uploads\/2025\/03\/Hottub_Eco_D180_external.jpg","width":2500,"height":1667},{"@type":"BreadcrumbList","@id":"https:\/\/awero.ee\/fi\/toode\/kylpytynnyri-180-ulkokamiinalla-termo-pvc\/#breadcrumb","itemListElement":[{"@type":"ListItem","position":1,"name":"Home","item":"https:\/\/awero.ee\/fi\/etusivu\/"},{"@type":"ListItem","position":2,"name":"Kauppa","item":"https:\/\/awero.ee\/fi\/kauppa\/"},{"@type":"ListItem","position":3,"name":"Kylpytynnyri 180 ulkokamiinalla termo\/pvc"}]},{"@type":"WebSite","@id":"https:\/\/awero.ee\/fi\/#website","url":"https:\/\/awero.ee\/fi\/","name":"Awero - S\u00fcdamega L\u00f5una Eestist","description":"","publisher":{"@id":"https:\/\/awero.ee\/fi\/#organization"},"potentialAction":[{"@type":"SearchAction","target":{"@type":"EntryPoint","urlTemplate":"https:\/\/awero.ee\/fi\/?s={search_term_string}"},"query-input":{"@type":"PropertyValueSpecification","valueRequired":true,"valueName":"search_term_string"}}],"inLanguage":"fi"},{"@type":"Organization","@id":"https:\/\/awero.ee\/fi\/#organization","name":"Awero - S\u00fcdamega L\u00f5una Eestist","url":"https:\/\/awero.ee\/fi\/","logo":{"@type":"ImageObject","inLanguage":"fi","@id":"https:\/\/awero.ee\/fi\/#\/schema\/logo\/image\/","url":"https:\/\/awero.ee\/wp-content\/uploads\/2024\/07\/aweroplaceholder.jpg","contentUrl":"https:\/\/awero.ee\/wp-content\/uploads\/2024\/07\/aweroplaceholder.jpg","width":1250,"height":834,"caption":"Awero - S\u00fcdamega L\u00f5una Eestist"},"image":{"@id":"https:\/\/awero.ee\/fi\/#\/schema\/logo\/image\/"}}]}},"_links":{"self":[{"href":"https:\/\/awero.ee\/fi\/wp-json\/wp\/v2\/product\/8301","targetHints":{"allow":["GET"]}}],"collection":[{"href":"https:\/\/awero.ee\/fi\/wp-json\/wp\/v2\/product"}],"about":[{"href":"https:\/\/awero.ee\/fi\/wp-json\/wp\/v2\/types\/product"}],"wp:featuredmedia":[{"embeddable":true,"href":"https:\/\/awero.ee\/fi\/wp-json\/wp\/v2\/media\/5033"}],"wp:attachment":[{"href":"https:\/\/awero.ee\/fi\/wp-json\/wp\/v2\/media?parent=8301"}],"wp:term":[{"taxonomy":"product_brand","embeddable":true,"href":"https:\/\/awero.ee\/fi\/wp-json\/wp\/v2\/product_brand?post=8301"},{"taxonomy":"product_cat","embeddable":true,"href":"https:\/\/awero.ee\/fi\/wp-json\/wp\/v2\/product_cat?post=8301"},{"taxonomy":"product_tag","embeddable":true,"href":"https:\/\/awero.ee\/fi\/wp-json\/wp\/v2\/product_tag?post=8301"}],"curies":[{"name":"wp","href":"https:\/\/api.w.org\/{rel}","templated":true}]}}