{"id":8130,"date":"2025-02-18T10:57:26","date_gmt":"2025-02-18T10:57:26","guid":{"rendered":"https:\/\/awero.ee\/toode\/icon-icetub\/"},"modified":"2026-04-01T12:32:23","modified_gmt":"2026-04-01T12:32:23","slug":"icon-icetub","status":"publish","type":"product","link":"https:\/\/awero.ee\/fi\/toode\/icon-icetub\/","title":{"rendered":"Icon IceTub"},"content":{"rendered":"<div style=\"width: 3840px;\" class=\"wp-video\"><video class=\"wp-video-shortcode\" id=\"video-8130-1\" width=\"3840\" height=\"2160\" preload=\"metadata\" controls=\"controls\"><source type=\"video\/mp4\" src=\"https:\/\/awero.ee\/wp-content\/uploads\/2025\/08\/jaatunn.mp4?_=1\" \/><a href=\"https:\/\/awero.ee\/wp-content\/uploads\/2025\/08\/jaatunn.mp4\">https:\/\/awero.ee\/wp-content\/uploads\/2025\/08\/jaatunn.mp4<\/a><\/video><\/div>\n<p><strong>Pakettiin sis\u00e4ltyy:<\/strong><\/p>\n<div class=\"container single-product-description-text\">\n<ul>\n<li><strong>lasikuituinen<\/strong> sis\u00e4pinta (v\u00e4rivaihtoehdot: harmaa, valkoinen, musta, vaaleansininen, sininen)<\/li>\n<li>l\u00e4mp\u00f6puinen ulkopinta (k\u00e4sitelty puunsuoja-aineella)<\/li>\n<li>kaareva portaikko (viimeistelty puunsuoja-aineella).<\/li>\n<\/ul>\n<p>J\u00e4\u00e4tynnyriin on mahdollista tilata l\u00e4mp\u00f6eristetty kansi ja veden j\u00e4\u00e4hdytin\/l\u00e4mmitin, jolloin tynnyri\u00e4 voidaan k\u00e4ytt\u00e4\u00e4 sek\u00e4 kylm\u00e4- ett\u00e4 l\u00e4mp\u00f6hoitoon. Tynnyri voidaan my\u00f6s erist\u00e4\u00e4 PUR-vaahdolla, jotta veden l\u00e4mp\u00f6tila muuttuu hitaammin.  Lis\u00e4varusteena on saatavana my\u00f6s LED-valaisin ja l\u00e4mp\u00f6mittari.<\/p>\n<\/div>\n","protected":false},"excerpt":{"rendered":"<p>Olemme lis\u00e4nneet tuotevalikoimaamme<strong> Icon IceTub -j\u00e4\u00e4tynnyrin,<\/strong> joka sopii virkist\u00e4v\u00e4\u00e4n kylpyyn yhdelle henkil\u00f6lle. Kylpyammeessa on helppohoitoinen<strong> lasikuituinen<\/strong> sis\u00e4pinta, kulmikas muoto ja kest\u00e4v\u00e4 <strong>l\u00e4mp\u00f6puuvuoraus. <\/strong> <\/p>\n","protected":false},"featured_media":10961,"template":"","meta":{"_acf_changed":false},"product_brand":[],"product_cat":[1081,1085],"product_tag":[],"class_list":{"0":"post-8130","1":"product","2":"type-product","3":"status-publish","4":"has-post-thumbnail","6":"product_cat-kylpytynnyrituotteet","7":"product_cat-jaatynnyrin","9":"first","10":"instock","11":"sale","12":"shipping-taxable","13":"product-type-variable"},"acf":[],"yoast_head":"<!-- This site is optimized with the Yoast SEO plugin v26.8 - https:\/\/yoast.com\/product\/yoast-seo-wordpress\/ -->\n<title>Icon IceTub - Awero - S\u00fcdamega L\u00f5una-Eestist<\/title>\n<meta name=\"robots\" content=\"index, follow, max-snippet:-1, max-image-preview:large, max-video-preview:-1\" \/>\n<link rel=\"canonical\" href=\"https:\/\/awero.ee\/fi\/toode\/icon-icetub\/\" \/>\n<meta property=\"og:locale\" content=\"fi_FI\" \/>\n<meta property=\"og:type\" content=\"article\" \/>\n<meta property=\"og:title\" content=\"Icon IceTub - Awero - S\u00fcdamega L\u00f5una-Eestist\" \/>\n<meta property=\"og:description\" content=\"Olemme lis\u00e4nneet tuotevalikoimaamme Icon IceTub -j\u00e4\u00e4tynnyrin, joka sopii virkist\u00e4v\u00e4\u00e4n kylpyyn yhdelle henkil\u00f6lle. Kylpyammeessa on helppohoitoinen lasikuituinen sis\u00e4pinta, kulmikas muoto ja kest\u00e4v\u00e4 l\u00e4mp\u00f6puuvuoraus.\" \/>\n<meta property=\"og:url\" content=\"https:\/\/awero.ee\/fi\/toode\/icon-icetub\/\" \/>\n<meta property=\"og:site_name\" content=\"Awero - S\u00fcdamega L\u00f5una-Eestist\" \/>\n<meta property=\"article:modified_time\" content=\"2026-04-01T12:32:23+00:00\" \/>\n<meta property=\"og:image\" content=\"https:\/\/awero.ee\/wp-content\/uploads\/2025\/02\/iconicetub12-scaled.jpg\" \/>\n\t<meta property=\"og:image:width\" content=\"2560\" \/>\n\t<meta property=\"og:image:height\" content=\"1807\" \/>\n\t<meta property=\"og:image:type\" content=\"image\/jpeg\" \/>\n<meta name=\"twitter:card\" content=\"summary_large_image\" \/>\n<script type=\"application\/ld+json\" class=\"yoast-schema-graph\">{\"@context\":\"https:\/\/schema.org\",\"@graph\":[{\"@type\":\"WebPage\",\"@id\":\"https:\/\/awero.ee\/fi\/toode\/icon-icetub\/\",\"url\":\"https:\/\/awero.ee\/fi\/toode\/icon-icetub\/\",\"name\":\"Icon IceTub - Awero - S\u00fcdamega L\u00f5una-Eestist\",\"isPartOf\":{\"@id\":\"https:\/\/awero.ee\/fi\/#website\"},\"primaryImageOfPage\":{\"@id\":\"https:\/\/awero.ee\/fi\/toode\/icon-icetub\/#primaryimage\"},\"image\":{\"@id\":\"https:\/\/awero.ee\/fi\/toode\/icon-icetub\/#primaryimage\"},\"thumbnailUrl\":\"https:\/\/awero.ee\/wp-content\/uploads\/2025\/02\/taust-1-scaled.jpg\",\"datePublished\":\"2025-02-18T10:57:26+00:00\",\"dateModified\":\"2026-04-01T12:32:23+00:00\",\"breadcrumb\":{\"@id\":\"https:\/\/awero.ee\/fi\/toode\/icon-icetub\/#breadcrumb\"},\"inLanguage\":\"fi\",\"potentialAction\":[{\"@type\":\"ReadAction\",\"target\":[\"https:\/\/awero.ee\/fi\/toode\/icon-icetub\/\"]}]},{\"@type\":\"ImageObject\",\"inLanguage\":\"fi\",\"@id\":\"https:\/\/awero.ee\/fi\/toode\/icon-icetub\/#primaryimage\",\"url\":\"https:\/\/awero.ee\/wp-content\/uploads\/2025\/02\/taust-1-scaled.jpg\",\"contentUrl\":\"https:\/\/awero.ee\/wp-content\/uploads\/2025\/02\/taust-1-scaled.jpg\",\"width\":2560,\"height\":2560},{\"@type\":\"BreadcrumbList\",\"@id\":\"https:\/\/awero.ee\/fi\/toode\/icon-icetub\/#breadcrumb\",\"itemListElement\":[{\"@type\":\"ListItem\",\"position\":1,\"name\":\"Home\",\"item\":\"https:\/\/awero.ee\/fi\/etusivu\/\"},{\"@type\":\"ListItem\",\"position\":2,\"name\":\"Kauppa\",\"item\":\"https:\/\/awero.ee\/fi\/kauppa\/\"},{\"@type\":\"ListItem\",\"position\":3,\"name\":\"Icon IceTub\"}]},{\"@type\":\"WebSite\",\"@id\":\"https:\/\/awero.ee\/fi\/#website\",\"url\":\"https:\/\/awero.ee\/fi\/\",\"name\":\"Awero - S\u00fcdamega L\u00f5una Eestist\",\"description\":\"\",\"publisher\":{\"@id\":\"https:\/\/awero.ee\/fi\/#organization\"},\"potentialAction\":[{\"@type\":\"SearchAction\",\"target\":{\"@type\":\"EntryPoint\",\"urlTemplate\":\"https:\/\/awero.ee\/fi\/?s={search_term_string}\"},\"query-input\":{\"@type\":\"PropertyValueSpecification\",\"valueRequired\":true,\"valueName\":\"search_term_string\"}}],\"inLanguage\":\"fi\"},{\"@type\":\"Organization\",\"@id\":\"https:\/\/awero.ee\/fi\/#organization\",\"name\":\"Awero - S\u00fcdamega L\u00f5una Eestist\",\"url\":\"https:\/\/awero.ee\/fi\/\",\"logo\":{\"@type\":\"ImageObject\",\"inLanguage\":\"fi\",\"@id\":\"https:\/\/awero.ee\/fi\/#\/schema\/logo\/image\/\",\"url\":\"https:\/\/awero.ee\/wp-content\/uploads\/2024\/07\/aweroplaceholder.jpg\",\"contentUrl\":\"https:\/\/awero.ee\/wp-content\/uploads\/2024\/07\/aweroplaceholder.jpg\",\"width\":1250,\"height\":834,\"caption\":\"Awero - S\u00fcdamega L\u00f5una Eestist\"},\"image\":{\"@id\":\"https:\/\/awero.ee\/fi\/#\/schema\/logo\/image\/\"}}]}<\/script>\n<!-- \/ Yoast SEO plugin. -->","yoast_head_json":{"title":"Icon IceTub - Awero - S\u00fcdamega L\u00f5una-Eestist","robots":{"index":"index","follow":"follow","max-snippet":"max-snippet:-1","max-image-preview":"max-image-preview:large","max-video-preview":"max-video-preview:-1"},"canonical":"https:\/\/awero.ee\/fi\/toode\/icon-icetub\/","og_locale":"fi_FI","og_type":"article","og_title":"Icon IceTub - Awero - S\u00fcdamega L\u00f5una-Eestist","og_description":"Olemme lis\u00e4nneet tuotevalikoimaamme Icon IceTub -j\u00e4\u00e4tynnyrin, joka sopii virkist\u00e4v\u00e4\u00e4n kylpyyn yhdelle henkil\u00f6lle. Kylpyammeessa on helppohoitoinen lasikuituinen sis\u00e4pinta, kulmikas muoto ja kest\u00e4v\u00e4 l\u00e4mp\u00f6puuvuoraus.","og_url":"https:\/\/awero.ee\/fi\/toode\/icon-icetub\/","og_site_name":"Awero - S\u00fcdamega L\u00f5una-Eestist","article_modified_time":"2026-04-01T12:32:23+00:00","og_image":[{"width":2560,"height":1807,"url":"https:\/\/awero.ee\/wp-content\/uploads\/2025\/02\/iconicetub12-scaled.jpg","type":"image\/jpeg"}],"twitter_card":"summary_large_image","schema":{"@context":"https:\/\/schema.org","@graph":[{"@type":"WebPage","@id":"https:\/\/awero.ee\/fi\/toode\/icon-icetub\/","url":"https:\/\/awero.ee\/fi\/toode\/icon-icetub\/","name":"Icon IceTub - Awero - S\u00fcdamega L\u00f5una-Eestist","isPartOf":{"@id":"https:\/\/awero.ee\/fi\/#website"},"primaryImageOfPage":{"@id":"https:\/\/awero.ee\/fi\/toode\/icon-icetub\/#primaryimage"},"image":{"@id":"https:\/\/awero.ee\/fi\/toode\/icon-icetub\/#primaryimage"},"thumbnailUrl":"https:\/\/awero.ee\/wp-content\/uploads\/2025\/02\/taust-1-scaled.jpg","datePublished":"2025-02-18T10:57:26+00:00","dateModified":"2026-04-01T12:32:23+00:00","breadcrumb":{"@id":"https:\/\/awero.ee\/fi\/toode\/icon-icetub\/#breadcrumb"},"inLanguage":"fi","potentialAction":[{"@type":"ReadAction","target":["https:\/\/awero.ee\/fi\/toode\/icon-icetub\/"]}]},{"@type":"ImageObject","inLanguage":"fi","@id":"https:\/\/awero.ee\/fi\/toode\/icon-icetub\/#primaryimage","url":"https:\/\/awero.ee\/wp-content\/uploads\/2025\/02\/taust-1-scaled.jpg","contentUrl":"https:\/\/awero.ee\/wp-content\/uploads\/2025\/02\/taust-1-scaled.jpg","width":2560,"height":2560},{"@type":"BreadcrumbList","@id":"https:\/\/awero.ee\/fi\/toode\/icon-icetub\/#breadcrumb","itemListElement":[{"@type":"ListItem","position":1,"name":"Home","item":"https:\/\/awero.ee\/fi\/etusivu\/"},{"@type":"ListItem","position":2,"name":"Kauppa","item":"https:\/\/awero.ee\/fi\/kauppa\/"},{"@type":"ListItem","position":3,"name":"Icon IceTub"}]},{"@type":"WebSite","@id":"https:\/\/awero.ee\/fi\/#website","url":"https:\/\/awero.ee\/fi\/","name":"Awero - S\u00fcdamega L\u00f5una Eestist","description":"","publisher":{"@id":"https:\/\/awero.ee\/fi\/#organization"},"potentialAction":[{"@type":"SearchAction","target":{"@type":"EntryPoint","urlTemplate":"https:\/\/awero.ee\/fi\/?s={search_term_string}"},"query-input":{"@type":"PropertyValueSpecification","valueRequired":true,"valueName":"search_term_string"}}],"inLanguage":"fi"},{"@type":"Organization","@id":"https:\/\/awero.ee\/fi\/#organization","name":"Awero - S\u00fcdamega L\u00f5una Eestist","url":"https:\/\/awero.ee\/fi\/","logo":{"@type":"ImageObject","inLanguage":"fi","@id":"https:\/\/awero.ee\/fi\/#\/schema\/logo\/image\/","url":"https:\/\/awero.ee\/wp-content\/uploads\/2024\/07\/aweroplaceholder.jpg","contentUrl":"https:\/\/awero.ee\/wp-content\/uploads\/2024\/07\/aweroplaceholder.jpg","width":1250,"height":834,"caption":"Awero - S\u00fcdamega L\u00f5una Eestist"},"image":{"@id":"https:\/\/awero.ee\/fi\/#\/schema\/logo\/image\/"}}]}},"_links":{"self":[{"href":"https:\/\/awero.ee\/fi\/wp-json\/wp\/v2\/product\/8130","targetHints":{"allow":["GET"]}}],"collection":[{"href":"https:\/\/awero.ee\/fi\/wp-json\/wp\/v2\/product"}],"about":[{"href":"https:\/\/awero.ee\/fi\/wp-json\/wp\/v2\/types\/product"}],"wp:featuredmedia":[{"embeddable":true,"href":"https:\/\/awero.ee\/fi\/wp-json\/wp\/v2\/media\/10961"}],"wp:attachment":[{"href":"https:\/\/awero.ee\/fi\/wp-json\/wp\/v2\/media?parent=8130"}],"wp:term":[{"taxonomy":"product_brand","embeddable":true,"href":"https:\/\/awero.ee\/fi\/wp-json\/wp\/v2\/product_brand?post=8130"},{"taxonomy":"product_cat","embeddable":true,"href":"https:\/\/awero.ee\/fi\/wp-json\/wp\/v2\/product_cat?post=8130"},{"taxonomy":"product_tag","embeddable":true,"href":"https:\/\/awero.ee\/fi\/wp-json\/wp\/v2\/product_tag?post=8130"}],"curies":[{"name":"wp","href":"https:\/\/api.w.org\/{rel}","templated":true}]}}