{"id":8112,"date":"2025-01-21T08:06:08","date_gmt":"2025-01-21T08:06:08","guid":{"rendered":"https:\/\/awero.ee\/toode\/kylpytynnyri-delux-200-black-edition-integroidulla-kamiinalla\/"},"modified":"2026-03-10T07:59:10","modified_gmt":"2026-03-10T07:59:10","slug":"kylpytynnyri-delux-200-black-edition-integroidulla-kamiinalla","status":"publish","type":"product","link":"https:\/\/awero.ee\/fi\/toode\/kylpytynnyri-delux-200-black-edition-integroidulla-kamiinalla\/","title":{"rendered":"Kylpytynnyri DeLux 200 Black Edition integroidulla kamiinalla"},"content":{"rendered":"<p style=\"text-align: justify;\">:Kylpytynnyrin ainutlaatuisuus piilee sen ergonomisessa ja helppohoitoisessa mustassa lasikuituisessa sis\u00e4pinnassa, ylellisess\u00e4 mustaksi viimeistellyss\u00e4 l\u00e4mp\u00f6puup\u00e4\u00e4llysteess\u00e4 ja korkealaatuisesta (AISI 304) ter\u00e4ksest\u00e4 valmistetussa integroidussa kamiinassa. Kylpytynnyri l\u00e4mpenee nopeammin ja kuluttaa v\u00e4hemm\u00e4n puuta, joten voit alkaa nauttia sen tarjoamasta harmoniasta ja miellytt\u00e4vist\u00e4 hetkist\u00e4 nopeammin. <\/p>\n<p style=\"text-align: justify;\">Pakettiin sis\u00e4ltyy:<\/p>\n<ul style=\"text-align: justify;\">\n<li>integroitu kamiina (30 kW) ruostumattomasta ter\u00e4ksest\u00e4<\/li>\n<li>2-metrinen savupiippu suojaritil\u00e4ll\u00e4 ja savupiipun hatulla<\/li>\n<li>l\u00e4mp\u00f6k\u00e4sitelty puu ulkosein\u00e4 (viimeistelty puunsuoja-aineella, musta).<\/li>\n<li>kaareva portaikko kahdella askelmalla, musta<\/li>\n<li>ergonominen <strong>musta <\/strong>lasikuitusisusta.<\/li>\n<\/ul>\n<p style=\"text-align: justify;\">Kylpytynnyriin on saatavana laaja valikoima <a href=\"https:\/\/awero.ee\/fi\/tootekategooria\/lisavarusteet\/\">lis\u00e4varusteita<\/a>: LED-valaistus (RGB), porej\u00e4rjestelm\u00e4, digitaalinen vesil\u00e4mp\u00f6mittari, stereoj\u00e4rjestelm\u00e4, juomatelineet, suodatinj\u00e4rjestelm\u00e4, musta muovikansi, l\u00e4mp\u00f6eristetty kansi dark grey sek\u00e4 betoninen kylpytynnyrin alusta<\/p>\n","protected":false},"excerpt":{"rendered":"<p style=\"text-align: justify;\">Hinta sis\u00e4lt\u00e4\u00e4 arvonlis\u00e4veron.<\/p>\n<p style=\"text-align: justify;\">Kylpytynnyri<strong> <\/strong><strong>DeLux 200 Black Edition integroidulla kamiinalla <\/strong>on korkealaatuinen koti-spa. Se on viimeistelty viimeist\u00e4 yksityiskohtaa my\u00f6ten, sit\u00e4 voi k\u00e4ytt\u00e4\u00e4 ymp\u00e4ri vuoden ja se on helppo huoltaa. Kylpytynnyriin voi tilata laajan valikoiman lis\u00e4varusteita. <\/p>\n<p>&nbsp;<\/p>\n<p style=\"text-align: justify;\">\n","protected":false},"featured_media":5468,"template":"","meta":{"_acf_changed":false},"product_brand":[],"product_cat":[1081,1082],"product_tag":[],"class_list":{"0":"post-8112","1":"product","2":"type-product","3":"status-publish","4":"has-post-thumbnail","6":"product_cat-kylpytynnyrituotteet","7":"product_cat-integroitu-kamiina","9":"first","10":"instock","11":"sale","12":"shipping-taxable","13":"product-type-variable"},"acf":[],"yoast_head":"<!-- This site is optimized with the Yoast SEO plugin v26.8 - https:\/\/yoast.com\/product\/yoast-seo-wordpress\/ -->\n<title>Kylpytynnyri DeLux 200 Black Edition integroidulla kamiinalla - Awero - S\u00fcdamega L\u00f5una-Eestist<\/title>\n<meta name=\"robots\" content=\"index, follow, max-snippet:-1, max-image-preview:large, max-video-preview:-1\" \/>\n<link rel=\"canonical\" href=\"https:\/\/awero.ee\/fi\/toode\/kylpytynnyri-delux-200-black-edition-integroidulla-kamiinalla\/\" \/>\n<meta property=\"og:locale\" content=\"fi_FI\" \/>\n<meta property=\"og:type\" content=\"article\" \/>\n<meta property=\"og:title\" content=\"Kylpytynnyri DeLux 200 Black Edition integroidulla kamiinalla - Awero - S\u00fcdamega L\u00f5una-Eestist\" \/>\n<meta property=\"og:description\" content=\"Hinta sis\u00e4lt\u00e4\u00e4 arvonlis\u00e4veron. Kylpytynnyri DeLux 200 Black Edition integroidulla kamiinalla on korkealaatuinen koti-spa. Se on viimeistelty viimeist\u00e4 yksityiskohtaa my\u00f6ten, sit\u00e4 voi k\u00e4ytt\u00e4\u00e4 ymp\u00e4ri vuoden ja se on helppo huoltaa. Kylpytynnyriin voi tilata laajan valikoiman lis\u00e4varusteita. &nbsp;\" \/>\n<meta property=\"og:url\" content=\"https:\/\/awero.ee\/fi\/toode\/kylpytynnyri-delux-200-black-edition-integroidulla-kamiinalla\/\" \/>\n<meta property=\"og:site_name\" content=\"Awero - S\u00fcdamega L\u00f5una-Eestist\" \/>\n<meta property=\"article:modified_time\" content=\"2026-03-10T07:59:10+00:00\" \/>\n<meta property=\"og:image\" content=\"https:\/\/awero.ee\/wp-content\/uploads\/2025\/01\/deluxblack-scaled.jpg\" \/>\n\t<meta property=\"og:image:width\" content=\"2560\" \/>\n\t<meta property=\"og:image:height\" content=\"2560\" \/>\n\t<meta property=\"og:image:type\" content=\"image\/jpeg\" \/>\n<meta name=\"twitter:card\" content=\"summary_large_image\" \/>\n<meta name=\"twitter:label1\" content=\"Arvioitu lukuaika\" \/>\n\t<meta name=\"twitter:data1\" content=\"1 minuutti\" \/>\n<script type=\"application\/ld+json\" class=\"yoast-schema-graph\">{\"@context\":\"https:\/\/schema.org\",\"@graph\":[{\"@type\":\"WebPage\",\"@id\":\"https:\/\/awero.ee\/fi\/toode\/kylpytynnyri-delux-200-black-edition-integroidulla-kamiinalla\/\",\"url\":\"https:\/\/awero.ee\/fi\/toode\/kylpytynnyri-delux-200-black-edition-integroidulla-kamiinalla\/\",\"name\":\"Kylpytynnyri DeLux 200 Black Edition integroidulla kamiinalla - Awero - S\u00fcdamega L\u00f5una-Eestist\",\"isPartOf\":{\"@id\":\"https:\/\/awero.ee\/fi\/#website\"},\"primaryImageOfPage\":{\"@id\":\"https:\/\/awero.ee\/fi\/toode\/kylpytynnyri-delux-200-black-edition-integroidulla-kamiinalla\/#primaryimage\"},\"image\":{\"@id\":\"https:\/\/awero.ee\/fi\/toode\/kylpytynnyri-delux-200-black-edition-integroidulla-kamiinalla\/#primaryimage\"},\"thumbnailUrl\":\"https:\/\/awero.ee\/wp-content\/uploads\/2025\/01\/deluxblack-scaled.jpg\",\"datePublished\":\"2025-01-21T08:06:08+00:00\",\"dateModified\":\"2026-03-10T07:59:10+00:00\",\"breadcrumb\":{\"@id\":\"https:\/\/awero.ee\/fi\/toode\/kylpytynnyri-delux-200-black-edition-integroidulla-kamiinalla\/#breadcrumb\"},\"inLanguage\":\"fi\",\"potentialAction\":[{\"@type\":\"ReadAction\",\"target\":[\"https:\/\/awero.ee\/fi\/toode\/kylpytynnyri-delux-200-black-edition-integroidulla-kamiinalla\/\"]}]},{\"@type\":\"ImageObject\",\"inLanguage\":\"fi\",\"@id\":\"https:\/\/awero.ee\/fi\/toode\/kylpytynnyri-delux-200-black-edition-integroidulla-kamiinalla\/#primaryimage\",\"url\":\"https:\/\/awero.ee\/wp-content\/uploads\/2025\/01\/deluxblack-scaled.jpg\",\"contentUrl\":\"https:\/\/awero.ee\/wp-content\/uploads\/2025\/01\/deluxblack-scaled.jpg\",\"width\":2560,\"height\":2560},{\"@type\":\"BreadcrumbList\",\"@id\":\"https:\/\/awero.ee\/fi\/toode\/kylpytynnyri-delux-200-black-edition-integroidulla-kamiinalla\/#breadcrumb\",\"itemListElement\":[{\"@type\":\"ListItem\",\"position\":1,\"name\":\"Home\",\"item\":\"https:\/\/awero.ee\/fi\/etusivu\/\"},{\"@type\":\"ListItem\",\"position\":2,\"name\":\"Kauppa\",\"item\":\"https:\/\/awero.ee\/fi\/kauppa\/\"},{\"@type\":\"ListItem\",\"position\":3,\"name\":\"Kylpytynnyri DeLux 200 Black Edition integroidulla kamiinalla\"}]},{\"@type\":\"WebSite\",\"@id\":\"https:\/\/awero.ee\/fi\/#website\",\"url\":\"https:\/\/awero.ee\/fi\/\",\"name\":\"Awero - S\u00fcdamega L\u00f5una Eestist\",\"description\":\"\",\"publisher\":{\"@id\":\"https:\/\/awero.ee\/fi\/#organization\"},\"potentialAction\":[{\"@type\":\"SearchAction\",\"target\":{\"@type\":\"EntryPoint\",\"urlTemplate\":\"https:\/\/awero.ee\/fi\/?s={search_term_string}\"},\"query-input\":{\"@type\":\"PropertyValueSpecification\",\"valueRequired\":true,\"valueName\":\"search_term_string\"}}],\"inLanguage\":\"fi\"},{\"@type\":\"Organization\",\"@id\":\"https:\/\/awero.ee\/fi\/#organization\",\"name\":\"Awero - S\u00fcdamega L\u00f5una Eestist\",\"url\":\"https:\/\/awero.ee\/fi\/\",\"logo\":{\"@type\":\"ImageObject\",\"inLanguage\":\"fi\",\"@id\":\"https:\/\/awero.ee\/fi\/#\/schema\/logo\/image\/\",\"url\":\"https:\/\/awero.ee\/wp-content\/uploads\/2024\/07\/aweroplaceholder.jpg\",\"contentUrl\":\"https:\/\/awero.ee\/wp-content\/uploads\/2024\/07\/aweroplaceholder.jpg\",\"width\":1250,\"height\":834,\"caption\":\"Awero - S\u00fcdamega L\u00f5una Eestist\"},\"image\":{\"@id\":\"https:\/\/awero.ee\/fi\/#\/schema\/logo\/image\/\"}}]}<\/script>\n<!-- \/ Yoast SEO plugin. -->","yoast_head_json":{"title":"Kylpytynnyri DeLux 200 Black Edition integroidulla kamiinalla - Awero - S\u00fcdamega L\u00f5una-Eestist","robots":{"index":"index","follow":"follow","max-snippet":"max-snippet:-1","max-image-preview":"max-image-preview:large","max-video-preview":"max-video-preview:-1"},"canonical":"https:\/\/awero.ee\/fi\/toode\/kylpytynnyri-delux-200-black-edition-integroidulla-kamiinalla\/","og_locale":"fi_FI","og_type":"article","og_title":"Kylpytynnyri DeLux 200 Black Edition integroidulla kamiinalla - Awero - S\u00fcdamega L\u00f5una-Eestist","og_description":"Hinta sis\u00e4lt\u00e4\u00e4 arvonlis\u00e4veron. Kylpytynnyri DeLux 200 Black Edition integroidulla kamiinalla on korkealaatuinen koti-spa. Se on viimeistelty viimeist\u00e4 yksityiskohtaa my\u00f6ten, sit\u00e4 voi k\u00e4ytt\u00e4\u00e4 ymp\u00e4ri vuoden ja se on helppo huoltaa. Kylpytynnyriin voi tilata laajan valikoiman lis\u00e4varusteita. &nbsp;","og_url":"https:\/\/awero.ee\/fi\/toode\/kylpytynnyri-delux-200-black-edition-integroidulla-kamiinalla\/","og_site_name":"Awero - S\u00fcdamega L\u00f5una-Eestist","article_modified_time":"2026-03-10T07:59:10+00:00","og_image":[{"width":2560,"height":2560,"url":"https:\/\/awero.ee\/wp-content\/uploads\/2025\/01\/deluxblack-scaled.jpg","type":"image\/jpeg"}],"twitter_card":"summary_large_image","twitter_misc":{"Arvioitu lukuaika":"1 minuutti"},"schema":{"@context":"https:\/\/schema.org","@graph":[{"@type":"WebPage","@id":"https:\/\/awero.ee\/fi\/toode\/kylpytynnyri-delux-200-black-edition-integroidulla-kamiinalla\/","url":"https:\/\/awero.ee\/fi\/toode\/kylpytynnyri-delux-200-black-edition-integroidulla-kamiinalla\/","name":"Kylpytynnyri DeLux 200 Black Edition integroidulla kamiinalla - Awero - S\u00fcdamega L\u00f5una-Eestist","isPartOf":{"@id":"https:\/\/awero.ee\/fi\/#website"},"primaryImageOfPage":{"@id":"https:\/\/awero.ee\/fi\/toode\/kylpytynnyri-delux-200-black-edition-integroidulla-kamiinalla\/#primaryimage"},"image":{"@id":"https:\/\/awero.ee\/fi\/toode\/kylpytynnyri-delux-200-black-edition-integroidulla-kamiinalla\/#primaryimage"},"thumbnailUrl":"https:\/\/awero.ee\/wp-content\/uploads\/2025\/01\/deluxblack-scaled.jpg","datePublished":"2025-01-21T08:06:08+00:00","dateModified":"2026-03-10T07:59:10+00:00","breadcrumb":{"@id":"https:\/\/awero.ee\/fi\/toode\/kylpytynnyri-delux-200-black-edition-integroidulla-kamiinalla\/#breadcrumb"},"inLanguage":"fi","potentialAction":[{"@type":"ReadAction","target":["https:\/\/awero.ee\/fi\/toode\/kylpytynnyri-delux-200-black-edition-integroidulla-kamiinalla\/"]}]},{"@type":"ImageObject","inLanguage":"fi","@id":"https:\/\/awero.ee\/fi\/toode\/kylpytynnyri-delux-200-black-edition-integroidulla-kamiinalla\/#primaryimage","url":"https:\/\/awero.ee\/wp-content\/uploads\/2025\/01\/deluxblack-scaled.jpg","contentUrl":"https:\/\/awero.ee\/wp-content\/uploads\/2025\/01\/deluxblack-scaled.jpg","width":2560,"height":2560},{"@type":"BreadcrumbList","@id":"https:\/\/awero.ee\/fi\/toode\/kylpytynnyri-delux-200-black-edition-integroidulla-kamiinalla\/#breadcrumb","itemListElement":[{"@type":"ListItem","position":1,"name":"Home","item":"https:\/\/awero.ee\/fi\/etusivu\/"},{"@type":"ListItem","position":2,"name":"Kauppa","item":"https:\/\/awero.ee\/fi\/kauppa\/"},{"@type":"ListItem","position":3,"name":"Kylpytynnyri DeLux 200 Black Edition integroidulla kamiinalla"}]},{"@type":"WebSite","@id":"https:\/\/awero.ee\/fi\/#website","url":"https:\/\/awero.ee\/fi\/","name":"Awero - S\u00fcdamega L\u00f5una Eestist","description":"","publisher":{"@id":"https:\/\/awero.ee\/fi\/#organization"},"potentialAction":[{"@type":"SearchAction","target":{"@type":"EntryPoint","urlTemplate":"https:\/\/awero.ee\/fi\/?s={search_term_string}"},"query-input":{"@type":"PropertyValueSpecification","valueRequired":true,"valueName":"search_term_string"}}],"inLanguage":"fi"},{"@type":"Organization","@id":"https:\/\/awero.ee\/fi\/#organization","name":"Awero - S\u00fcdamega L\u00f5una Eestist","url":"https:\/\/awero.ee\/fi\/","logo":{"@type":"ImageObject","inLanguage":"fi","@id":"https:\/\/awero.ee\/fi\/#\/schema\/logo\/image\/","url":"https:\/\/awero.ee\/wp-content\/uploads\/2024\/07\/aweroplaceholder.jpg","contentUrl":"https:\/\/awero.ee\/wp-content\/uploads\/2024\/07\/aweroplaceholder.jpg","width":1250,"height":834,"caption":"Awero - S\u00fcdamega L\u00f5una Eestist"},"image":{"@id":"https:\/\/awero.ee\/fi\/#\/schema\/logo\/image\/"}}]}},"_links":{"self":[{"href":"https:\/\/awero.ee\/fi\/wp-json\/wp\/v2\/product\/8112","targetHints":{"allow":["GET"]}}],"collection":[{"href":"https:\/\/awero.ee\/fi\/wp-json\/wp\/v2\/product"}],"about":[{"href":"https:\/\/awero.ee\/fi\/wp-json\/wp\/v2\/types\/product"}],"wp:featuredmedia":[{"embeddable":true,"href":"https:\/\/awero.ee\/fi\/wp-json\/wp\/v2\/media\/5468"}],"wp:attachment":[{"href":"https:\/\/awero.ee\/fi\/wp-json\/wp\/v2\/media?parent=8112"}],"wp:term":[{"taxonomy":"product_brand","embeddable":true,"href":"https:\/\/awero.ee\/fi\/wp-json\/wp\/v2\/product_brand?post=8112"},{"taxonomy":"product_cat","embeddable":true,"href":"https:\/\/awero.ee\/fi\/wp-json\/wp\/v2\/product_cat?post=8112"},{"taxonomy":"product_tag","embeddable":true,"href":"https:\/\/awero.ee\/fi\/wp-json\/wp\/v2\/product_tag?post=8112"}],"curies":[{"name":"wp","href":"https:\/\/api.w.org\/{rel}","templated":true}]}}