{"id":8014,"date":"2024-12-12T12:07:18","date_gmt":"2024-12-12T12:07:18","guid":{"rendered":"https:\/\/awero.ee\/toode\/pur-vaahtomuovilla-eristetty-kylpytynnyri\/"},"modified":"2026-04-01T12:32:24","modified_gmt":"2026-04-01T12:32:24","slug":"pur-vaahtomuovilla-eristetty-kylpytynnyri","status":"publish","type":"product","link":"https:\/\/awero.ee\/fi\/toode\/pur-vaahtomuovilla-eristetty-kylpytynnyri\/","title":{"rendered":"PUR-vaahtomuovilla eristetty kylpytynnyri"},"content":{"rendered":"<p>Polyuretaanivaahtoeristekerros varmistaa pitk\u00e4kestoisen l\u00e4mm\u00f6n s\u00e4ilymisen ilmatiiviin eristyksens\u00e4 ansiosta. Eristysratkaisun ansiosta kylpytynnyrin vesi pysyy l\u00e4mpim\u00e4n\u00e4 pidemp\u00e4\u00e4n, mik\u00e4 mahdollistaa pidemm\u00e4t ja nautinnollisemmat kylpykokemukset. L\u00e4mm\u00f6nh\u00e4vikin v\u00e4henemisen ansiosta l\u00e4mmityskustannukset ovat alhaisemmat ja kylpykokemus on ymp\u00e4rist\u00f6yst\u00e4v\u00e4llisempi.  <\/p>\n<p>Ihanteellinen sek\u00e4 sis\u00e4- ett\u00e4 ulkok\u00e4ytt\u00f6\u00f6n.<\/p>\n","protected":false},"excerpt":{"rendered":"<p>Hinta sis\u00e4lt\u00e4\u00e4 22 % arvonlis\u00e4veron.<\/p>\n<p>Kylpytynnyrin polyuretaanivaahtoeriste (PUR-vaahto) tarjoaa helpon tavan nauttia rentouttavista kylpykokemuksista pidemp\u00e4\u00e4n. Polyuretaanivaahto auttaa yll\u00e4pit\u00e4m\u00e4\u00e4n veden l\u00e4mp\u00f6tilaa ja v\u00e4hent\u00e4m\u00e4\u00e4n energiakustannuksia. Tervetuloa uuden sukupolven kylpytynnyri-kokemukseen, jossa l\u00e4mp\u00f6 ja mukavuus kohtaavat!  <\/p>\n","protected":false},"featured_media":5162,"template":"","meta":{"_acf_changed":false},"product_brand":[],"product_cat":[1079],"product_tag":[],"class_list":{"0":"post-8014","1":"product","2":"type-product","3":"status-publish","4":"has-post-thumbnail","6":"product_cat-lisavarusteet","8":"first","9":"instock","10":"shipping-taxable","11":"product-type-variable"},"acf":[],"yoast_head":"<!-- This site is optimized with the Yoast SEO plugin v26.8 - https:\/\/yoast.com\/product\/yoast-seo-wordpress\/ -->\n<title>PUR-vaahtomuovilla eristetty kylpytynnyri - Awero - S\u00fcdamega L\u00f5una-Eestist<\/title>\n<meta name=\"robots\" content=\"index, follow, max-snippet:-1, max-image-preview:large, max-video-preview:-1\" \/>\n<link rel=\"canonical\" href=\"https:\/\/awero.ee\/fi\/toode\/pur-vaahtomuovilla-eristetty-kylpytynnyri\/\" \/>\n<meta property=\"og:locale\" content=\"fi_FI\" \/>\n<meta property=\"og:type\" content=\"article\" \/>\n<meta property=\"og:title\" content=\"PUR-vaahtomuovilla eristetty kylpytynnyri - Awero - S\u00fcdamega L\u00f5una-Eestist\" \/>\n<meta property=\"og:description\" content=\"Hinta sis\u00e4lt\u00e4\u00e4 22 % arvonlis\u00e4veron. Kylpytynnyrin polyuretaanivaahtoeriste (PUR-vaahto) tarjoaa helpon tavan nauttia rentouttavista kylpykokemuksista pidemp\u00e4\u00e4n. Polyuretaanivaahto auttaa yll\u00e4pit\u00e4m\u00e4\u00e4n veden l\u00e4mp\u00f6tilaa ja v\u00e4hent\u00e4m\u00e4\u00e4n energiakustannuksia. Tervetuloa uuden sukupolven kylpytynnyri-kokemukseen, jossa l\u00e4mp\u00f6 ja mukavuus kohtaavat!\" \/>\n<meta property=\"og:url\" content=\"https:\/\/awero.ee\/fi\/toode\/pur-vaahtomuovilla-eristetty-kylpytynnyri\/\" \/>\n<meta property=\"og:site_name\" content=\"Awero - S\u00fcdamega L\u00f5una-Eestist\" \/>\n<meta property=\"article:modified_time\" content=\"2026-04-01T12:32:24+00:00\" \/>\n<meta property=\"og:image\" content=\"https:\/\/awero.ee\/wp-content\/uploads\/2024\/12\/PUR-vahuga-soojustamine.jpg\" \/>\n\t<meta property=\"og:image:width\" content=\"1600\" \/>\n\t<meta property=\"og:image:height\" content=\"1600\" \/>\n\t<meta property=\"og:image:type\" content=\"image\/jpeg\" \/>\n<meta name=\"twitter:card\" content=\"summary_large_image\" \/>\n<script type=\"application\/ld+json\" class=\"yoast-schema-graph\">{\"@context\":\"https:\/\/schema.org\",\"@graph\":[{\"@type\":\"WebPage\",\"@id\":\"https:\/\/awero.ee\/fi\/toode\/pur-vaahtomuovilla-eristetty-kylpytynnyri\/\",\"url\":\"https:\/\/awero.ee\/fi\/toode\/pur-vaahtomuovilla-eristetty-kylpytynnyri\/\",\"name\":\"PUR-vaahtomuovilla eristetty kylpytynnyri - Awero - S\u00fcdamega L\u00f5una-Eestist\",\"isPartOf\":{\"@id\":\"https:\/\/awero.ee\/fi\/#website\"},\"primaryImageOfPage\":{\"@id\":\"https:\/\/awero.ee\/fi\/toode\/pur-vaahtomuovilla-eristetty-kylpytynnyri\/#primaryimage\"},\"image\":{\"@id\":\"https:\/\/awero.ee\/fi\/toode\/pur-vaahtomuovilla-eristetty-kylpytynnyri\/#primaryimage\"},\"thumbnailUrl\":\"https:\/\/awero.ee\/wp-content\/uploads\/2024\/12\/PUR-vahuga-soojustamine.jpg\",\"datePublished\":\"2024-12-12T12:07:18+00:00\",\"dateModified\":\"2026-04-01T12:32:24+00:00\",\"breadcrumb\":{\"@id\":\"https:\/\/awero.ee\/fi\/toode\/pur-vaahtomuovilla-eristetty-kylpytynnyri\/#breadcrumb\"},\"inLanguage\":\"fi\",\"potentialAction\":[{\"@type\":\"ReadAction\",\"target\":[\"https:\/\/awero.ee\/fi\/toode\/pur-vaahtomuovilla-eristetty-kylpytynnyri\/\"]}]},{\"@type\":\"ImageObject\",\"inLanguage\":\"fi\",\"@id\":\"https:\/\/awero.ee\/fi\/toode\/pur-vaahtomuovilla-eristetty-kylpytynnyri\/#primaryimage\",\"url\":\"https:\/\/awero.ee\/wp-content\/uploads\/2024\/12\/PUR-vahuga-soojustamine.jpg\",\"contentUrl\":\"https:\/\/awero.ee\/wp-content\/uploads\/2024\/12\/PUR-vahuga-soojustamine.jpg\",\"width\":1600,\"height\":1600},{\"@type\":\"BreadcrumbList\",\"@id\":\"https:\/\/awero.ee\/fi\/toode\/pur-vaahtomuovilla-eristetty-kylpytynnyri\/#breadcrumb\",\"itemListElement\":[{\"@type\":\"ListItem\",\"position\":1,\"name\":\"Home\",\"item\":\"https:\/\/awero.ee\/fi\/etusivu\/\"},{\"@type\":\"ListItem\",\"position\":2,\"name\":\"Kauppa\",\"item\":\"https:\/\/awero.ee\/fi\/kauppa\/\"},{\"@type\":\"ListItem\",\"position\":3,\"name\":\"PUR-vaahtomuovilla eristetty kylpytynnyri\"}]},{\"@type\":\"WebSite\",\"@id\":\"https:\/\/awero.ee\/fi\/#website\",\"url\":\"https:\/\/awero.ee\/fi\/\",\"name\":\"Awero - S\u00fcdamega L\u00f5una Eestist\",\"description\":\"\",\"publisher\":{\"@id\":\"https:\/\/awero.ee\/fi\/#organization\"},\"potentialAction\":[{\"@type\":\"SearchAction\",\"target\":{\"@type\":\"EntryPoint\",\"urlTemplate\":\"https:\/\/awero.ee\/fi\/?s={search_term_string}\"},\"query-input\":{\"@type\":\"PropertyValueSpecification\",\"valueRequired\":true,\"valueName\":\"search_term_string\"}}],\"inLanguage\":\"fi\"},{\"@type\":\"Organization\",\"@id\":\"https:\/\/awero.ee\/fi\/#organization\",\"name\":\"Awero - S\u00fcdamega L\u00f5una Eestist\",\"url\":\"https:\/\/awero.ee\/fi\/\",\"logo\":{\"@type\":\"ImageObject\",\"inLanguage\":\"fi\",\"@id\":\"https:\/\/awero.ee\/fi\/#\/schema\/logo\/image\/\",\"url\":\"https:\/\/awero.ee\/wp-content\/uploads\/2024\/07\/aweroplaceholder.jpg\",\"contentUrl\":\"https:\/\/awero.ee\/wp-content\/uploads\/2024\/07\/aweroplaceholder.jpg\",\"width\":1250,\"height\":834,\"caption\":\"Awero - S\u00fcdamega L\u00f5una Eestist\"},\"image\":{\"@id\":\"https:\/\/awero.ee\/fi\/#\/schema\/logo\/image\/\"}}]}<\/script>\n<!-- \/ Yoast SEO plugin. -->","yoast_head_json":{"title":"PUR-vaahtomuovilla eristetty kylpytynnyri - Awero - S\u00fcdamega L\u00f5una-Eestist","robots":{"index":"index","follow":"follow","max-snippet":"max-snippet:-1","max-image-preview":"max-image-preview:large","max-video-preview":"max-video-preview:-1"},"canonical":"https:\/\/awero.ee\/fi\/toode\/pur-vaahtomuovilla-eristetty-kylpytynnyri\/","og_locale":"fi_FI","og_type":"article","og_title":"PUR-vaahtomuovilla eristetty kylpytynnyri - Awero - S\u00fcdamega L\u00f5una-Eestist","og_description":"Hinta sis\u00e4lt\u00e4\u00e4 22 % arvonlis\u00e4veron. Kylpytynnyrin polyuretaanivaahtoeriste (PUR-vaahto) tarjoaa helpon tavan nauttia rentouttavista kylpykokemuksista pidemp\u00e4\u00e4n. Polyuretaanivaahto auttaa yll\u00e4pit\u00e4m\u00e4\u00e4n veden l\u00e4mp\u00f6tilaa ja v\u00e4hent\u00e4m\u00e4\u00e4n energiakustannuksia. Tervetuloa uuden sukupolven kylpytynnyri-kokemukseen, jossa l\u00e4mp\u00f6 ja mukavuus kohtaavat!","og_url":"https:\/\/awero.ee\/fi\/toode\/pur-vaahtomuovilla-eristetty-kylpytynnyri\/","og_site_name":"Awero - S\u00fcdamega L\u00f5una-Eestist","article_modified_time":"2026-04-01T12:32:24+00:00","og_image":[{"width":1600,"height":1600,"url":"https:\/\/awero.ee\/wp-content\/uploads\/2024\/12\/PUR-vahuga-soojustamine.jpg","type":"image\/jpeg"}],"twitter_card":"summary_large_image","schema":{"@context":"https:\/\/schema.org","@graph":[{"@type":"WebPage","@id":"https:\/\/awero.ee\/fi\/toode\/pur-vaahtomuovilla-eristetty-kylpytynnyri\/","url":"https:\/\/awero.ee\/fi\/toode\/pur-vaahtomuovilla-eristetty-kylpytynnyri\/","name":"PUR-vaahtomuovilla eristetty kylpytynnyri - Awero - S\u00fcdamega L\u00f5una-Eestist","isPartOf":{"@id":"https:\/\/awero.ee\/fi\/#website"},"primaryImageOfPage":{"@id":"https:\/\/awero.ee\/fi\/toode\/pur-vaahtomuovilla-eristetty-kylpytynnyri\/#primaryimage"},"image":{"@id":"https:\/\/awero.ee\/fi\/toode\/pur-vaahtomuovilla-eristetty-kylpytynnyri\/#primaryimage"},"thumbnailUrl":"https:\/\/awero.ee\/wp-content\/uploads\/2024\/12\/PUR-vahuga-soojustamine.jpg","datePublished":"2024-12-12T12:07:18+00:00","dateModified":"2026-04-01T12:32:24+00:00","breadcrumb":{"@id":"https:\/\/awero.ee\/fi\/toode\/pur-vaahtomuovilla-eristetty-kylpytynnyri\/#breadcrumb"},"inLanguage":"fi","potentialAction":[{"@type":"ReadAction","target":["https:\/\/awero.ee\/fi\/toode\/pur-vaahtomuovilla-eristetty-kylpytynnyri\/"]}]},{"@type":"ImageObject","inLanguage":"fi","@id":"https:\/\/awero.ee\/fi\/toode\/pur-vaahtomuovilla-eristetty-kylpytynnyri\/#primaryimage","url":"https:\/\/awero.ee\/wp-content\/uploads\/2024\/12\/PUR-vahuga-soojustamine.jpg","contentUrl":"https:\/\/awero.ee\/wp-content\/uploads\/2024\/12\/PUR-vahuga-soojustamine.jpg","width":1600,"height":1600},{"@type":"BreadcrumbList","@id":"https:\/\/awero.ee\/fi\/toode\/pur-vaahtomuovilla-eristetty-kylpytynnyri\/#breadcrumb","itemListElement":[{"@type":"ListItem","position":1,"name":"Home","item":"https:\/\/awero.ee\/fi\/etusivu\/"},{"@type":"ListItem","position":2,"name":"Kauppa","item":"https:\/\/awero.ee\/fi\/kauppa\/"},{"@type":"ListItem","position":3,"name":"PUR-vaahtomuovilla eristetty kylpytynnyri"}]},{"@type":"WebSite","@id":"https:\/\/awero.ee\/fi\/#website","url":"https:\/\/awero.ee\/fi\/","name":"Awero - S\u00fcdamega L\u00f5una Eestist","description":"","publisher":{"@id":"https:\/\/awero.ee\/fi\/#organization"},"potentialAction":[{"@type":"SearchAction","target":{"@type":"EntryPoint","urlTemplate":"https:\/\/awero.ee\/fi\/?s={search_term_string}"},"query-input":{"@type":"PropertyValueSpecification","valueRequired":true,"valueName":"search_term_string"}}],"inLanguage":"fi"},{"@type":"Organization","@id":"https:\/\/awero.ee\/fi\/#organization","name":"Awero - S\u00fcdamega L\u00f5una Eestist","url":"https:\/\/awero.ee\/fi\/","logo":{"@type":"ImageObject","inLanguage":"fi","@id":"https:\/\/awero.ee\/fi\/#\/schema\/logo\/image\/","url":"https:\/\/awero.ee\/wp-content\/uploads\/2024\/07\/aweroplaceholder.jpg","contentUrl":"https:\/\/awero.ee\/wp-content\/uploads\/2024\/07\/aweroplaceholder.jpg","width":1250,"height":834,"caption":"Awero - S\u00fcdamega L\u00f5una Eestist"},"image":{"@id":"https:\/\/awero.ee\/fi\/#\/schema\/logo\/image\/"}}]}},"_links":{"self":[{"href":"https:\/\/awero.ee\/fi\/wp-json\/wp\/v2\/product\/8014","targetHints":{"allow":["GET"]}}],"collection":[{"href":"https:\/\/awero.ee\/fi\/wp-json\/wp\/v2\/product"}],"about":[{"href":"https:\/\/awero.ee\/fi\/wp-json\/wp\/v2\/types\/product"}],"wp:featuredmedia":[{"embeddable":true,"href":"https:\/\/awero.ee\/fi\/wp-json\/wp\/v2\/media\/5162"}],"wp:attachment":[{"href":"https:\/\/awero.ee\/fi\/wp-json\/wp\/v2\/media?parent=8014"}],"wp:term":[{"taxonomy":"product_brand","embeddable":true,"href":"https:\/\/awero.ee\/fi\/wp-json\/wp\/v2\/product_brand?post=8014"},{"taxonomy":"product_cat","embeddable":true,"href":"https:\/\/awero.ee\/fi\/wp-json\/wp\/v2\/product_cat?post=8014"},{"taxonomy":"product_tag","embeddable":true,"href":"https:\/\/awero.ee\/fi\/wp-json\/wp\/v2\/product_tag?post=8014"}],"curies":[{"name":"wp","href":"https:\/\/api.w.org\/{rel}","templated":true}]}}