{"id":8011,"date":"2024-12-12T12:06:56","date_gmt":"2024-12-12T12:06:56","guid":{"rendered":"https:\/\/awero.ee\/toode\/combitab-vedenpuhdistustablettien-annostelija\/"},"modified":"2026-03-10T07:59:00","modified_gmt":"2026-03-10T07:59:00","slug":"combitab-vedenpuhdistustablettien-annostelija","status":"publish","type":"product","link":"https:\/\/awero.ee\/fi\/toode\/combitab-vedenpuhdistustablettien-annostelija\/","title":{"rendered":"CombiTab-vedenpuhdistustablettien annostelija"},"content":{"rendered":"<p>Vedenpuhdistustablettien annostelija on suunniteltu helpottamaan vedenpuhdistusaineiden k\u00e4ytt\u00f6\u00e4 ja varmistamaan tasaisen vedenlaadun kylpytynnyriss\u00e4. Annostelijan avulla voit annostella oikean m\u00e4\u00e4r\u00e4n puhdistustabletteja veden m\u00e4\u00e4r\u00e4n ja tarpeidesi mukaan. Lis\u00e4ksi se auttaa varmistamaan vedenpuhdistusprosessin tehokkuuden ja v\u00e4hent\u00e4m\u00e4\u00e4n vedenpuhdistusaineiden tuhlausta. Annostelija on yksinkertainen ja k\u00e4ytt\u00e4j\u00e4yst\u00e4v\u00e4llinen.   <\/p>\n<p>Vedenpuhdistustablettien annostelija on ihanteellinen k\u00e4ytett\u00e4v\u00e4ksi vedenpuhdistustablettien kanssa, sill\u00e4 se takaa tarkan ja k\u00e4tev\u00e4n annostelun. S\u00e4\u00e4d\u00e4 ja huolla annostelijaa noudattamalla huolellisesti tuotteen pakkauksessa olevia ohjeita ja suosituksia. Pid\u00e4 annostelija poissa lasten ulottuvilta  <\/p>\n","protected":false},"excerpt":{"rendered":"<p>Vedenpuhdistustablettien annostelija on k\u00e4tev\u00e4 ja k\u00e4yt\u00e4nn\u00f6llinen laite, jonka avulla voit annostella vedenpuhdistusaineita tarkasti. Se on k\u00e4tev\u00e4 ty\u00f6v\u00e4line, joka varmistaa vedenpuhdistusaineiden optimaalisen k\u00e4yt\u00f6n ja yll\u00e4pit\u00e4\u00e4 veden laatua. <\/p>\n","protected":false},"featured_media":5108,"template":"","meta":{"_acf_changed":false},"product_brand":[],"product_cat":[1079],"product_tag":[],"class_list":{"0":"post-8011","1":"product","2":"type-product","3":"status-publish","4":"has-post-thumbnail","6":"product_cat-lisavarusteet","8":"first","9":"outofstock","10":"shipping-taxable","11":"product-type-simple"},"acf":[],"yoast_head":"<!-- This site is optimized with the Yoast SEO plugin v26.8 - https:\/\/yoast.com\/product\/yoast-seo-wordpress\/ -->\n<title>CombiTab-vedenpuhdistustablettien annostelija - Awero - S\u00fcdamega L\u00f5una-Eestist<\/title>\n<meta name=\"robots\" content=\"index, follow, max-snippet:-1, max-image-preview:large, max-video-preview:-1\" \/>\n<link rel=\"canonical\" href=\"https:\/\/awero.ee\/fi\/toode\/combitab-vedenpuhdistustablettien-annostelija\/\" \/>\n<meta property=\"og:locale\" content=\"fi_FI\" \/>\n<meta property=\"og:type\" content=\"article\" \/>\n<meta property=\"og:title\" content=\"CombiTab-vedenpuhdistustablettien annostelija - Awero - S\u00fcdamega L\u00f5una-Eestist\" \/>\n<meta property=\"og:description\" content=\"Vedenpuhdistustablettien annostelija on k\u00e4tev\u00e4 ja k\u00e4yt\u00e4nn\u00f6llinen laite, jonka avulla voit annostella vedenpuhdistusaineita tarkasti. Se on k\u00e4tev\u00e4 ty\u00f6v\u00e4line, joka varmistaa vedenpuhdistusaineiden optimaalisen k\u00e4yt\u00f6n ja yll\u00e4pit\u00e4\u00e4 veden laatua.\" \/>\n<meta property=\"og:url\" content=\"https:\/\/awero.ee\/fi\/toode\/combitab-vedenpuhdistustablettien-annostelija\/\" \/>\n<meta property=\"og:site_name\" content=\"Awero - S\u00fcdamega L\u00f5una-Eestist\" \/>\n<meta property=\"article:modified_time\" content=\"2026-03-10T07:59:00+00:00\" \/>\n<meta property=\"og:image\" content=\"https:\/\/awero.ee\/wp-content\/uploads\/2024\/12\/Dosaator.jpg\" \/>\n\t<meta property=\"og:image:width\" content=\"780\" \/>\n\t<meta property=\"og:image:height\" content=\"708\" \/>\n\t<meta property=\"og:image:type\" content=\"image\/jpeg\" \/>\n<meta name=\"twitter:card\" content=\"summary_large_image\" \/>\n<script type=\"application\/ld+json\" class=\"yoast-schema-graph\">{\"@context\":\"https:\/\/schema.org\",\"@graph\":[{\"@type\":\"WebPage\",\"@id\":\"https:\/\/awero.ee\/fi\/toode\/combitab-vedenpuhdistustablettien-annostelija\/\",\"url\":\"https:\/\/awero.ee\/fi\/toode\/combitab-vedenpuhdistustablettien-annostelija\/\",\"name\":\"CombiTab-vedenpuhdistustablettien annostelija - Awero - S\u00fcdamega L\u00f5una-Eestist\",\"isPartOf\":{\"@id\":\"https:\/\/awero.ee\/fi\/#website\"},\"primaryImageOfPage\":{\"@id\":\"https:\/\/awero.ee\/fi\/toode\/combitab-vedenpuhdistustablettien-annostelija\/#primaryimage\"},\"image\":{\"@id\":\"https:\/\/awero.ee\/fi\/toode\/combitab-vedenpuhdistustablettien-annostelija\/#primaryimage\"},\"thumbnailUrl\":\"https:\/\/awero.ee\/wp-content\/uploads\/2024\/12\/Dosaator.jpg\",\"datePublished\":\"2024-12-12T12:06:56+00:00\",\"dateModified\":\"2026-03-10T07:59:00+00:00\",\"breadcrumb\":{\"@id\":\"https:\/\/awero.ee\/fi\/toode\/combitab-vedenpuhdistustablettien-annostelija\/#breadcrumb\"},\"inLanguage\":\"fi\",\"potentialAction\":[{\"@type\":\"ReadAction\",\"target\":[\"https:\/\/awero.ee\/fi\/toode\/combitab-vedenpuhdistustablettien-annostelija\/\"]}]},{\"@type\":\"ImageObject\",\"inLanguage\":\"fi\",\"@id\":\"https:\/\/awero.ee\/fi\/toode\/combitab-vedenpuhdistustablettien-annostelija\/#primaryimage\",\"url\":\"https:\/\/awero.ee\/wp-content\/uploads\/2024\/12\/Dosaator.jpg\",\"contentUrl\":\"https:\/\/awero.ee\/wp-content\/uploads\/2024\/12\/Dosaator.jpg\",\"width\":780,\"height\":708},{\"@type\":\"BreadcrumbList\",\"@id\":\"https:\/\/awero.ee\/fi\/toode\/combitab-vedenpuhdistustablettien-annostelija\/#breadcrumb\",\"itemListElement\":[{\"@type\":\"ListItem\",\"position\":1,\"name\":\"Home\",\"item\":\"https:\/\/awero.ee\/fi\/etusivu\/\"},{\"@type\":\"ListItem\",\"position\":2,\"name\":\"Kauppa\",\"item\":\"https:\/\/awero.ee\/fi\/kauppa\/\"},{\"@type\":\"ListItem\",\"position\":3,\"name\":\"CombiTab-vedenpuhdistustablettien annostelija\"}]},{\"@type\":\"WebSite\",\"@id\":\"https:\/\/awero.ee\/fi\/#website\",\"url\":\"https:\/\/awero.ee\/fi\/\",\"name\":\"Awero - S\u00fcdamega L\u00f5una Eestist\",\"description\":\"\",\"publisher\":{\"@id\":\"https:\/\/awero.ee\/fi\/#organization\"},\"potentialAction\":[{\"@type\":\"SearchAction\",\"target\":{\"@type\":\"EntryPoint\",\"urlTemplate\":\"https:\/\/awero.ee\/fi\/?s={search_term_string}\"},\"query-input\":{\"@type\":\"PropertyValueSpecification\",\"valueRequired\":true,\"valueName\":\"search_term_string\"}}],\"inLanguage\":\"fi\"},{\"@type\":\"Organization\",\"@id\":\"https:\/\/awero.ee\/fi\/#organization\",\"name\":\"Awero - S\u00fcdamega L\u00f5una Eestist\",\"url\":\"https:\/\/awero.ee\/fi\/\",\"logo\":{\"@type\":\"ImageObject\",\"inLanguage\":\"fi\",\"@id\":\"https:\/\/awero.ee\/fi\/#\/schema\/logo\/image\/\",\"url\":\"https:\/\/awero.ee\/wp-content\/uploads\/2024\/07\/aweroplaceholder.jpg\",\"contentUrl\":\"https:\/\/awero.ee\/wp-content\/uploads\/2024\/07\/aweroplaceholder.jpg\",\"width\":1250,\"height\":834,\"caption\":\"Awero - S\u00fcdamega L\u00f5una Eestist\"},\"image\":{\"@id\":\"https:\/\/awero.ee\/fi\/#\/schema\/logo\/image\/\"}}]}<\/script>\n<!-- \/ Yoast SEO plugin. -->","yoast_head_json":{"title":"CombiTab-vedenpuhdistustablettien annostelija - Awero - S\u00fcdamega L\u00f5una-Eestist","robots":{"index":"index","follow":"follow","max-snippet":"max-snippet:-1","max-image-preview":"max-image-preview:large","max-video-preview":"max-video-preview:-1"},"canonical":"https:\/\/awero.ee\/fi\/toode\/combitab-vedenpuhdistustablettien-annostelija\/","og_locale":"fi_FI","og_type":"article","og_title":"CombiTab-vedenpuhdistustablettien annostelija - Awero - S\u00fcdamega L\u00f5una-Eestist","og_description":"Vedenpuhdistustablettien annostelija on k\u00e4tev\u00e4 ja k\u00e4yt\u00e4nn\u00f6llinen laite, jonka avulla voit annostella vedenpuhdistusaineita tarkasti. Se on k\u00e4tev\u00e4 ty\u00f6v\u00e4line, joka varmistaa vedenpuhdistusaineiden optimaalisen k\u00e4yt\u00f6n ja yll\u00e4pit\u00e4\u00e4 veden laatua.","og_url":"https:\/\/awero.ee\/fi\/toode\/combitab-vedenpuhdistustablettien-annostelija\/","og_site_name":"Awero - S\u00fcdamega L\u00f5una-Eestist","article_modified_time":"2026-03-10T07:59:00+00:00","og_image":[{"width":780,"height":708,"url":"https:\/\/awero.ee\/wp-content\/uploads\/2024\/12\/Dosaator.jpg","type":"image\/jpeg"}],"twitter_card":"summary_large_image","schema":{"@context":"https:\/\/schema.org","@graph":[{"@type":"WebPage","@id":"https:\/\/awero.ee\/fi\/toode\/combitab-vedenpuhdistustablettien-annostelija\/","url":"https:\/\/awero.ee\/fi\/toode\/combitab-vedenpuhdistustablettien-annostelija\/","name":"CombiTab-vedenpuhdistustablettien annostelija - Awero - S\u00fcdamega L\u00f5una-Eestist","isPartOf":{"@id":"https:\/\/awero.ee\/fi\/#website"},"primaryImageOfPage":{"@id":"https:\/\/awero.ee\/fi\/toode\/combitab-vedenpuhdistustablettien-annostelija\/#primaryimage"},"image":{"@id":"https:\/\/awero.ee\/fi\/toode\/combitab-vedenpuhdistustablettien-annostelija\/#primaryimage"},"thumbnailUrl":"https:\/\/awero.ee\/wp-content\/uploads\/2024\/12\/Dosaator.jpg","datePublished":"2024-12-12T12:06:56+00:00","dateModified":"2026-03-10T07:59:00+00:00","breadcrumb":{"@id":"https:\/\/awero.ee\/fi\/toode\/combitab-vedenpuhdistustablettien-annostelija\/#breadcrumb"},"inLanguage":"fi","potentialAction":[{"@type":"ReadAction","target":["https:\/\/awero.ee\/fi\/toode\/combitab-vedenpuhdistustablettien-annostelija\/"]}]},{"@type":"ImageObject","inLanguage":"fi","@id":"https:\/\/awero.ee\/fi\/toode\/combitab-vedenpuhdistustablettien-annostelija\/#primaryimage","url":"https:\/\/awero.ee\/wp-content\/uploads\/2024\/12\/Dosaator.jpg","contentUrl":"https:\/\/awero.ee\/wp-content\/uploads\/2024\/12\/Dosaator.jpg","width":780,"height":708},{"@type":"BreadcrumbList","@id":"https:\/\/awero.ee\/fi\/toode\/combitab-vedenpuhdistustablettien-annostelija\/#breadcrumb","itemListElement":[{"@type":"ListItem","position":1,"name":"Home","item":"https:\/\/awero.ee\/fi\/etusivu\/"},{"@type":"ListItem","position":2,"name":"Kauppa","item":"https:\/\/awero.ee\/fi\/kauppa\/"},{"@type":"ListItem","position":3,"name":"CombiTab-vedenpuhdistustablettien annostelija"}]},{"@type":"WebSite","@id":"https:\/\/awero.ee\/fi\/#website","url":"https:\/\/awero.ee\/fi\/","name":"Awero - S\u00fcdamega L\u00f5una Eestist","description":"","publisher":{"@id":"https:\/\/awero.ee\/fi\/#organization"},"potentialAction":[{"@type":"SearchAction","target":{"@type":"EntryPoint","urlTemplate":"https:\/\/awero.ee\/fi\/?s={search_term_string}"},"query-input":{"@type":"PropertyValueSpecification","valueRequired":true,"valueName":"search_term_string"}}],"inLanguage":"fi"},{"@type":"Organization","@id":"https:\/\/awero.ee\/fi\/#organization","name":"Awero - S\u00fcdamega L\u00f5una Eestist","url":"https:\/\/awero.ee\/fi\/","logo":{"@type":"ImageObject","inLanguage":"fi","@id":"https:\/\/awero.ee\/fi\/#\/schema\/logo\/image\/","url":"https:\/\/awero.ee\/wp-content\/uploads\/2024\/07\/aweroplaceholder.jpg","contentUrl":"https:\/\/awero.ee\/wp-content\/uploads\/2024\/07\/aweroplaceholder.jpg","width":1250,"height":834,"caption":"Awero - S\u00fcdamega L\u00f5una Eestist"},"image":{"@id":"https:\/\/awero.ee\/fi\/#\/schema\/logo\/image\/"}}]}},"_links":{"self":[{"href":"https:\/\/awero.ee\/fi\/wp-json\/wp\/v2\/product\/8011","targetHints":{"allow":["GET"]}}],"collection":[{"href":"https:\/\/awero.ee\/fi\/wp-json\/wp\/v2\/product"}],"about":[{"href":"https:\/\/awero.ee\/fi\/wp-json\/wp\/v2\/types\/product"}],"wp:featuredmedia":[{"embeddable":true,"href":"https:\/\/awero.ee\/fi\/wp-json\/wp\/v2\/media\/5108"}],"wp:attachment":[{"href":"https:\/\/awero.ee\/fi\/wp-json\/wp\/v2\/media?parent=8011"}],"wp:term":[{"taxonomy":"product_brand","embeddable":true,"href":"https:\/\/awero.ee\/fi\/wp-json\/wp\/v2\/product_brand?post=8011"},{"taxonomy":"product_cat","embeddable":true,"href":"https:\/\/awero.ee\/fi\/wp-json\/wp\/v2\/product_cat?post=8011"},{"taxonomy":"product_tag","embeddable":true,"href":"https:\/\/awero.ee\/fi\/wp-json\/wp\/v2\/product_tag?post=8011"}],"curies":[{"name":"wp","href":"https:\/\/api.w.org\/{rel}","templated":true}]}}