{"id":8009,"date":"2024-12-12T12:06:56","date_gmt":"2024-12-12T12:06:56","guid":{"rendered":"https:\/\/awero.ee\/toode\/vedenpuhdistustabletti-combitab-800-g\/"},"modified":"2026-03-10T07:59:00","modified_gmt":"2026-03-10T07:59:00","slug":"vedenpuhdistustabletti-combitab-800-g","status":"publish","type":"product","link":"https:\/\/awero.ee\/fi\/toode\/vedenpuhdistustabletti-combitab-800-g\/","title":{"rendered":"Vedenpuhdistustabletti CombiTab (800 g)"},"content":{"rendered":"<div align=\"justify\">\n<p>CombiTab-vedenpuhdistustabletit on suunniteltu varmistamaan kylpytynnyrin veden puhtaus ja kirkkaus sek\u00e4 v\u00e4hent\u00e4m\u00e4\u00e4n kloorin k\u00e4ytt\u00f6\u00f6n liittyvi\u00e4 haittoja ja hajuja. N\u00e4m\u00e4 tabletit eiv\u00e4t sis\u00e4ll\u00e4 klooria, joten ne ovat ihoyst\u00e4v\u00e4llisi\u00e4 ja turvallisia sek\u00e4 k\u00e4ytt\u00e4jille ett\u00e4 ymp\u00e4rist\u00f6lle. Aktiivihappi tuhoaa bakteerit, virukset ja muut mikro-organismit nopeasti ja tehokkaasti. CombiTab ei j\u00e4t\u00e4 ep\u00e4miellytt\u00e4vi\u00e4 hajuja eik\u00e4 \u00e4rsyt\u00e4 ihoa tai silmi\u00e4.   <\/p>\n<p><strong>K\u00e4ytt\u00f6<\/strong><\/p>\n<p>Yksi pakkaus sis\u00e4lt\u00e4\u00e4 800 g vedenpuhdistustabletteja (1 tabletti = 20 g). CombiTab-tabletit ovat helppok\u00e4ytt\u00f6isi\u00e4: lis\u00e4\u00e4 tabletit kylpytynnyrin veteen pakkauksen ohjeiden mukaisesti ja anna niiden vaikuttaa. <\/p>\n<p>Uima-altaissa lis\u00e4\u00e4 yksi CombiTab-tabletti p\u00e4iv\u00e4ss\u00e4 jokaista uima-altaan 3000 vesilitraa kohti. Annostusta tulee lis\u00e4t\u00e4, jos veden l\u00e4mp\u00f6tila on korkea ja uima-altaassa uidaan usein. Kun k\u00e4yt\u00e4t CombiTab-tabletteja l\u00e4mpim\u00e4n veden porealtaissa\/kylpytynnyreiss\u00e4 (enint\u00e4\u00e4n 1000 litraa), lis\u00e4\u00e4 yksi tabletti kolmen p\u00e4iv\u00e4n v\u00e4lein (kahden p\u00e4iv\u00e4n v\u00e4lein, jos k\u00e4ytt\u00f6 on tihe\u00e4\u00e4). Anna suodatinj\u00e4rjestelm\u00e4n k\u00e4yd\u00e4 v\u00e4hint\u00e4\u00e4n kaksi tuntia kylvyn j\u00e4lkeen. Varmista, ett\u00e4 CombiTab-tabletit ovat suojassa kosteudelta varastoinnin aikana. Tuote on s\u00e4ilytett\u00e4v\u00e4 alkuper\u00e4ispakkauksessaan, lasten ulottumattomissa ja suojattuna suoralta auringonvalolta. Lue aina etiketti ja tuotetiedot ennen k\u00e4ytt\u00f6\u00e4.      <\/p>\n<\/div>\n","protected":false},"excerpt":{"rendered":"<div align=\"justify\">\n<p>CombiTab-vedenpuhdistustabletit ovat tehokas ja k\u00e4tev\u00e4 tapa pit\u00e4\u00e4 kylpytynnyrin vesi puhtaana, jolloin kylpytynnyrin k\u00e4ytt\u00f6 on miellytt\u00e4v\u00e4\u00e4 ja huoletonta. N\u00e4m\u00e4 tabletit eiv\u00e4t sis\u00e4ll\u00e4 klooria, vaan aktiivista happea, joka varmistaa tehokkaan veden puhdistuksen ja desinfioinnin. <\/p>\n<\/div>\n","protected":false},"featured_media":5111,"template":"","meta":{"_acf_changed":false},"product_brand":[],"product_cat":[1079],"product_tag":[],"class_list":{"0":"post-8009","1":"product","2":"type-product","3":"status-publish","4":"has-post-thumbnail","6":"product_cat-lisavarusteet","8":"first","9":"instock","10":"shipping-taxable","11":"product-type-simple"},"acf":[],"yoast_head":"<!-- This site is optimized with the Yoast SEO plugin v26.8 - https:\/\/yoast.com\/product\/yoast-seo-wordpress\/ -->\n<title>Vedenpuhdistustabletti CombiTab (800 g) - Awero - S\u00fcdamega L\u00f5una-Eestist<\/title>\n<meta name=\"robots\" content=\"index, follow, max-snippet:-1, max-image-preview:large, max-video-preview:-1\" \/>\n<link rel=\"canonical\" href=\"https:\/\/awero.ee\/fi\/toode\/vedenpuhdistustabletti-combitab-800-g\/\" \/>\n<meta property=\"og:locale\" content=\"fi_FI\" \/>\n<meta property=\"og:type\" content=\"article\" \/>\n<meta property=\"og:title\" content=\"Vedenpuhdistustabletti CombiTab (800 g) - Awero - S\u00fcdamega L\u00f5una-Eestist\" \/>\n<meta property=\"og:description\" content=\"CombiTab-vedenpuhdistustabletit ovat tehokas ja k\u00e4tev\u00e4 tapa pit\u00e4\u00e4 kylpytynnyrin vesi puhtaana, jolloin kylpytynnyrin k\u00e4ytt\u00f6 on miellytt\u00e4v\u00e4\u00e4 ja huoletonta. N\u00e4m\u00e4 tabletit eiv\u00e4t sis\u00e4ll\u00e4 klooria, vaan aktiivista happea, joka varmistaa tehokkaan veden puhdistuksen ja desinfioinnin.\" \/>\n<meta property=\"og:url\" content=\"https:\/\/awero.ee\/fi\/toode\/vedenpuhdistustabletti-combitab-800-g\/\" \/>\n<meta property=\"og:site_name\" content=\"Awero - S\u00fcdamega L\u00f5una-Eestist\" \/>\n<meta property=\"article:modified_time\" content=\"2026-03-10T07:59:00+00:00\" \/>\n<meta property=\"og:image\" content=\"https:\/\/awero.ee\/wp-content\/uploads\/2024\/12\/CombiTab-veepuhastustabletid.jpg\" \/>\n\t<meta property=\"og:image:width\" content=\"816\" \/>\n\t<meta property=\"og:image:height\" content=\"826\" \/>\n\t<meta property=\"og:image:type\" content=\"image\/jpeg\" \/>\n<meta name=\"twitter:card\" content=\"summary_large_image\" \/>\n<meta name=\"twitter:label1\" content=\"Arvioitu lukuaika\" \/>\n\t<meta name=\"twitter:data1\" content=\"1 minuutti\" \/>\n<script type=\"application\/ld+json\" class=\"yoast-schema-graph\">{\"@context\":\"https:\/\/schema.org\",\"@graph\":[{\"@type\":\"WebPage\",\"@id\":\"https:\/\/awero.ee\/fi\/toode\/vedenpuhdistustabletti-combitab-800-g\/\",\"url\":\"https:\/\/awero.ee\/fi\/toode\/vedenpuhdistustabletti-combitab-800-g\/\",\"name\":\"Vedenpuhdistustabletti CombiTab (800 g) - Awero - S\u00fcdamega L\u00f5una-Eestist\",\"isPartOf\":{\"@id\":\"https:\/\/awero.ee\/fi\/#website\"},\"primaryImageOfPage\":{\"@id\":\"https:\/\/awero.ee\/fi\/toode\/vedenpuhdistustabletti-combitab-800-g\/#primaryimage\"},\"image\":{\"@id\":\"https:\/\/awero.ee\/fi\/toode\/vedenpuhdistustabletti-combitab-800-g\/#primaryimage\"},\"thumbnailUrl\":\"https:\/\/awero.ee\/wp-content\/uploads\/2024\/12\/CombiTab-veepuhastustabletid.jpg\",\"datePublished\":\"2024-12-12T12:06:56+00:00\",\"dateModified\":\"2026-03-10T07:59:00+00:00\",\"breadcrumb\":{\"@id\":\"https:\/\/awero.ee\/fi\/toode\/vedenpuhdistustabletti-combitab-800-g\/#breadcrumb\"},\"inLanguage\":\"fi\",\"potentialAction\":[{\"@type\":\"ReadAction\",\"target\":[\"https:\/\/awero.ee\/fi\/toode\/vedenpuhdistustabletti-combitab-800-g\/\"]}]},{\"@type\":\"ImageObject\",\"inLanguage\":\"fi\",\"@id\":\"https:\/\/awero.ee\/fi\/toode\/vedenpuhdistustabletti-combitab-800-g\/#primaryimage\",\"url\":\"https:\/\/awero.ee\/wp-content\/uploads\/2024\/12\/CombiTab-veepuhastustabletid.jpg\",\"contentUrl\":\"https:\/\/awero.ee\/wp-content\/uploads\/2024\/12\/CombiTab-veepuhastustabletid.jpg\",\"width\":816,\"height\":826},{\"@type\":\"BreadcrumbList\",\"@id\":\"https:\/\/awero.ee\/fi\/toode\/vedenpuhdistustabletti-combitab-800-g\/#breadcrumb\",\"itemListElement\":[{\"@type\":\"ListItem\",\"position\":1,\"name\":\"Home\",\"item\":\"https:\/\/awero.ee\/fi\/etusivu\/\"},{\"@type\":\"ListItem\",\"position\":2,\"name\":\"Kauppa\",\"item\":\"https:\/\/awero.ee\/fi\/kauppa\/\"},{\"@type\":\"ListItem\",\"position\":3,\"name\":\"Vedenpuhdistustabletti CombiTab (800 g)\"}]},{\"@type\":\"WebSite\",\"@id\":\"https:\/\/awero.ee\/fi\/#website\",\"url\":\"https:\/\/awero.ee\/fi\/\",\"name\":\"Awero - S\u00fcdamega L\u00f5una Eestist\",\"description\":\"\",\"publisher\":{\"@id\":\"https:\/\/awero.ee\/fi\/#organization\"},\"potentialAction\":[{\"@type\":\"SearchAction\",\"target\":{\"@type\":\"EntryPoint\",\"urlTemplate\":\"https:\/\/awero.ee\/fi\/?s={search_term_string}\"},\"query-input\":{\"@type\":\"PropertyValueSpecification\",\"valueRequired\":true,\"valueName\":\"search_term_string\"}}],\"inLanguage\":\"fi\"},{\"@type\":\"Organization\",\"@id\":\"https:\/\/awero.ee\/fi\/#organization\",\"name\":\"Awero - S\u00fcdamega L\u00f5una Eestist\",\"url\":\"https:\/\/awero.ee\/fi\/\",\"logo\":{\"@type\":\"ImageObject\",\"inLanguage\":\"fi\",\"@id\":\"https:\/\/awero.ee\/fi\/#\/schema\/logo\/image\/\",\"url\":\"https:\/\/awero.ee\/wp-content\/uploads\/2024\/07\/aweroplaceholder.jpg\",\"contentUrl\":\"https:\/\/awero.ee\/wp-content\/uploads\/2024\/07\/aweroplaceholder.jpg\",\"width\":1250,\"height\":834,\"caption\":\"Awero - S\u00fcdamega L\u00f5una Eestist\"},\"image\":{\"@id\":\"https:\/\/awero.ee\/fi\/#\/schema\/logo\/image\/\"}}]}<\/script>\n<!-- \/ Yoast SEO plugin. -->","yoast_head_json":{"title":"Vedenpuhdistustabletti CombiTab (800 g) - Awero - S\u00fcdamega L\u00f5una-Eestist","robots":{"index":"index","follow":"follow","max-snippet":"max-snippet:-1","max-image-preview":"max-image-preview:large","max-video-preview":"max-video-preview:-1"},"canonical":"https:\/\/awero.ee\/fi\/toode\/vedenpuhdistustabletti-combitab-800-g\/","og_locale":"fi_FI","og_type":"article","og_title":"Vedenpuhdistustabletti CombiTab (800 g) - Awero - S\u00fcdamega L\u00f5una-Eestist","og_description":"CombiTab-vedenpuhdistustabletit ovat tehokas ja k\u00e4tev\u00e4 tapa pit\u00e4\u00e4 kylpytynnyrin vesi puhtaana, jolloin kylpytynnyrin k\u00e4ytt\u00f6 on miellytt\u00e4v\u00e4\u00e4 ja huoletonta. N\u00e4m\u00e4 tabletit eiv\u00e4t sis\u00e4ll\u00e4 klooria, vaan aktiivista happea, joka varmistaa tehokkaan veden puhdistuksen ja desinfioinnin.","og_url":"https:\/\/awero.ee\/fi\/toode\/vedenpuhdistustabletti-combitab-800-g\/","og_site_name":"Awero - S\u00fcdamega L\u00f5una-Eestist","article_modified_time":"2026-03-10T07:59:00+00:00","og_image":[{"width":816,"height":826,"url":"https:\/\/awero.ee\/wp-content\/uploads\/2024\/12\/CombiTab-veepuhastustabletid.jpg","type":"image\/jpeg"}],"twitter_card":"summary_large_image","twitter_misc":{"Arvioitu lukuaika":"1 minuutti"},"schema":{"@context":"https:\/\/schema.org","@graph":[{"@type":"WebPage","@id":"https:\/\/awero.ee\/fi\/toode\/vedenpuhdistustabletti-combitab-800-g\/","url":"https:\/\/awero.ee\/fi\/toode\/vedenpuhdistustabletti-combitab-800-g\/","name":"Vedenpuhdistustabletti CombiTab (800 g) - Awero - S\u00fcdamega L\u00f5una-Eestist","isPartOf":{"@id":"https:\/\/awero.ee\/fi\/#website"},"primaryImageOfPage":{"@id":"https:\/\/awero.ee\/fi\/toode\/vedenpuhdistustabletti-combitab-800-g\/#primaryimage"},"image":{"@id":"https:\/\/awero.ee\/fi\/toode\/vedenpuhdistustabletti-combitab-800-g\/#primaryimage"},"thumbnailUrl":"https:\/\/awero.ee\/wp-content\/uploads\/2024\/12\/CombiTab-veepuhastustabletid.jpg","datePublished":"2024-12-12T12:06:56+00:00","dateModified":"2026-03-10T07:59:00+00:00","breadcrumb":{"@id":"https:\/\/awero.ee\/fi\/toode\/vedenpuhdistustabletti-combitab-800-g\/#breadcrumb"},"inLanguage":"fi","potentialAction":[{"@type":"ReadAction","target":["https:\/\/awero.ee\/fi\/toode\/vedenpuhdistustabletti-combitab-800-g\/"]}]},{"@type":"ImageObject","inLanguage":"fi","@id":"https:\/\/awero.ee\/fi\/toode\/vedenpuhdistustabletti-combitab-800-g\/#primaryimage","url":"https:\/\/awero.ee\/wp-content\/uploads\/2024\/12\/CombiTab-veepuhastustabletid.jpg","contentUrl":"https:\/\/awero.ee\/wp-content\/uploads\/2024\/12\/CombiTab-veepuhastustabletid.jpg","width":816,"height":826},{"@type":"BreadcrumbList","@id":"https:\/\/awero.ee\/fi\/toode\/vedenpuhdistustabletti-combitab-800-g\/#breadcrumb","itemListElement":[{"@type":"ListItem","position":1,"name":"Home","item":"https:\/\/awero.ee\/fi\/etusivu\/"},{"@type":"ListItem","position":2,"name":"Kauppa","item":"https:\/\/awero.ee\/fi\/kauppa\/"},{"@type":"ListItem","position":3,"name":"Vedenpuhdistustabletti CombiTab (800 g)"}]},{"@type":"WebSite","@id":"https:\/\/awero.ee\/fi\/#website","url":"https:\/\/awero.ee\/fi\/","name":"Awero - S\u00fcdamega L\u00f5una Eestist","description":"","publisher":{"@id":"https:\/\/awero.ee\/fi\/#organization"},"potentialAction":[{"@type":"SearchAction","target":{"@type":"EntryPoint","urlTemplate":"https:\/\/awero.ee\/fi\/?s={search_term_string}"},"query-input":{"@type":"PropertyValueSpecification","valueRequired":true,"valueName":"search_term_string"}}],"inLanguage":"fi"},{"@type":"Organization","@id":"https:\/\/awero.ee\/fi\/#organization","name":"Awero - S\u00fcdamega L\u00f5una Eestist","url":"https:\/\/awero.ee\/fi\/","logo":{"@type":"ImageObject","inLanguage":"fi","@id":"https:\/\/awero.ee\/fi\/#\/schema\/logo\/image\/","url":"https:\/\/awero.ee\/wp-content\/uploads\/2024\/07\/aweroplaceholder.jpg","contentUrl":"https:\/\/awero.ee\/wp-content\/uploads\/2024\/07\/aweroplaceholder.jpg","width":1250,"height":834,"caption":"Awero - S\u00fcdamega L\u00f5una Eestist"},"image":{"@id":"https:\/\/awero.ee\/fi\/#\/schema\/logo\/image\/"}}]}},"_links":{"self":[{"href":"https:\/\/awero.ee\/fi\/wp-json\/wp\/v2\/product\/8009","targetHints":{"allow":["GET"]}}],"collection":[{"href":"https:\/\/awero.ee\/fi\/wp-json\/wp\/v2\/product"}],"about":[{"href":"https:\/\/awero.ee\/fi\/wp-json\/wp\/v2\/types\/product"}],"wp:featuredmedia":[{"embeddable":true,"href":"https:\/\/awero.ee\/fi\/wp-json\/wp\/v2\/media\/5111"}],"wp:attachment":[{"href":"https:\/\/awero.ee\/fi\/wp-json\/wp\/v2\/media?parent=8009"}],"wp:term":[{"taxonomy":"product_brand","embeddable":true,"href":"https:\/\/awero.ee\/fi\/wp-json\/wp\/v2\/product_brand?post=8009"},{"taxonomy":"product_cat","embeddable":true,"href":"https:\/\/awero.ee\/fi\/wp-json\/wp\/v2\/product_cat?post=8009"},{"taxonomy":"product_tag","embeddable":true,"href":"https:\/\/awero.ee\/fi\/wp-json\/wp\/v2\/product_tag?post=8009"}],"curies":[{"name":"wp","href":"https:\/\/api.w.org\/{rel}","templated":true}]}}