{"id":8005,"date":"2024-12-12T12:00:46","date_gmt":"2024-12-12T12:00:46","guid":{"rendered":"https:\/\/awero.ee\/toode\/kaksiportainen-kulmikas-kylpytynnyrin-portaikko\/"},"modified":"2026-03-10T07:59:11","modified_gmt":"2026-03-10T07:59:11","slug":"kaksiportainen-kulmikas-kylpytynnyrin-portaikko","status":"publish","type":"product","link":"https:\/\/awero.ee\/fi\/toode\/kaksiportainen-kulmikas-kylpytynnyrin-portaikko\/","title":{"rendered":"Kaksiportainen kulmikas kylpytynnyrin portaikko"},"content":{"rendered":"<p>Portaikko koostuu kahdesta erikokoisesta askelmasta, jotka on asetettu p\u00e4\u00e4llekk\u00e4in. Tarvittaessa ne voidaan kiinnitt\u00e4\u00e4 toisiinsa.<\/p>\n<p><strong>Suurempi porrasosa: <\/strong>835 mm (leveys) X 440 mm (syvyys) X 310 mm (korkeus)<\/p>\n<p><strong>Pienempi porrasosa: <\/strong>500 mm (leveys) X 285 mm (syvyys) X 310 mm (korkeus).<\/p>\n<p><strong>Lis\u00e4tietoja<\/strong><\/p>\n<p>Ellei portaita ole k\u00e4sitelty, suosittelemme niiden maalaamista tai \u00f6ljy\u00e4mist\u00e4 erityisell\u00e4 puunsuoja-aineella. T\u00e4m\u00e4 auttaa s\u00e4ilytt\u00e4m\u00e4\u00e4n puun kauneuden ja kest\u00e4vyyden sek\u00e4 suojaamaan sit\u00e4 kosteudelta ja UV-s\u00e4teilylt\u00e4. Portaikko on suositeltavaa k\u00e4sitell\u00e4 uudelleen joka vuosi.   Puhdista portaikko s\u00e4\u00e4nn\u00f6llisesti pehme\u00e4ll\u00e4 harjalla tai liinalla p\u00f6lyn, lian ja muiden ep\u00e4puhtauksien poistamiseksi.<\/p>\n<p><strong>Huom.!<\/strong> <strong>Tuote ei mahdu pakettiautomaattiin sen koon vuoksi.<\/strong> Voimme l\u00e4hett\u00e4\u00e4 portaikon kuriirin v\u00e4lityksell\u00e4. Ota yhteys ennen tilauksen tekemist\u00e4 myyntiasiantuntijaamme.<\/p>\n","protected":false},"excerpt":{"rendered":"<p><strong>Hinta sis\u00e4lt\u00e4\u00e4 arvonlis\u00e4veron.<\/strong><\/p>\n<p>. Kylpytynnyrin portaat tekev\u00e4t altaaseen menemisest\u00e4 ja sielt\u00e4 poistumisesta helpon ja turvallisen. Kylpytynnyrin portaikko on valmistettu kest\u00e4v\u00e4st\u00e4 ja pitk\u00e4ik\u00e4isest\u00e4 l\u00e4mp\u00f6k\u00e4sitellyst\u00e4 puusta. Hanki portaat jo t\u00e4n\u00e4\u00e4n ja astu askel l\u00e4hemm\u00e4ksi todellista kylpytynnyrin paratiisia!   <\/p>\n","protected":false},"featured_media":5222,"template":"","meta":{"_acf_changed":false},"product_brand":[],"product_cat":[1079],"product_tag":[1080],"class_list":{"0":"post-8005","1":"product","2":"type-product","3":"status-publish","4":"has-post-thumbnail","6":"product_cat-lisavarusteet","7":"product_tag-tokylpytynnyri_lisaaineet","9":"first","10":"instock","11":"shipping-taxable","12":"product-type-variable"},"acf":[],"yoast_head":"<!-- This site is optimized with the Yoast SEO plugin v27.5 - https:\/\/yoast.com\/product\/yoast-seo-wordpress\/ -->\n<title>Kaksiportainen kulmikas kylpytynnyrin portaikko - Awero - S\u00fcdamega L\u00f5una-Eestist<\/title>\n<meta name=\"robots\" content=\"index, follow, max-snippet:-1, max-image-preview:large, max-video-preview:-1\" \/>\n<link rel=\"canonical\" href=\"https:\/\/awero.ee\/fi\/toode\/kaksiportainen-kulmikas-kylpytynnyrin-portaikko\/\" \/>\n<meta property=\"og:locale\" content=\"fi_FI\" \/>\n<meta property=\"og:type\" content=\"article\" \/>\n<meta property=\"og:title\" content=\"Kaksiportainen kulmikas kylpytynnyrin portaikko - Awero - S\u00fcdamega L\u00f5una-Eestist\" \/>\n<meta property=\"og:description\" content=\"Hinta sis\u00e4lt\u00e4\u00e4 arvonlis\u00e4veron. . Kylpytynnyrin portaat tekev\u00e4t altaaseen menemisest\u00e4 ja sielt\u00e4 poistumisesta helpon ja turvallisen. Kylpytynnyrin portaikko on valmistettu kest\u00e4v\u00e4st\u00e4 ja pitk\u00e4ik\u00e4isest\u00e4 l\u00e4mp\u00f6k\u00e4sitellyst\u00e4 puusta. Hanki portaat jo t\u00e4n\u00e4\u00e4n ja astu askel l\u00e4hemm\u00e4ksi todellista kylpytynnyrin paratiisia!\" \/>\n<meta property=\"og:url\" content=\"https:\/\/awero.ee\/fi\/toode\/kaksiportainen-kulmikas-kylpytynnyrin-portaikko\/\" \/>\n<meta property=\"og:site_name\" content=\"Awero - S\u00fcdamega L\u00f5una-Eestist\" \/>\n<meta property=\"article:modified_time\" content=\"2026-03-10T07:59:11+00:00\" \/>\n<meta property=\"og:image\" content=\"https:\/\/awero.ee\/wp-content\/uploads\/2024\/12\/Trepp_1_w.png\" \/>\n\t<meta property=\"og:image:width\" content=\"1076\" \/>\n\t<meta property=\"og:image:height\" content=\"718\" \/>\n\t<meta property=\"og:image:type\" content=\"image\/png\" \/>\n<meta name=\"twitter:card\" content=\"summary_large_image\" \/>\n<meta name=\"twitter:label1\" content=\"Arvioitu lukuaika\" \/>\n\t<meta name=\"twitter:data1\" content=\"1 minuutti\" \/>\n<script type=\"application\/ld+json\" class=\"yoast-schema-graph\">{\"@context\":\"https:\\\/\\\/schema.org\",\"@graph\":[{\"@type\":\"WebPage\",\"@id\":\"https:\\\/\\\/awero.ee\\\/fi\\\/toode\\\/kaksiportainen-kulmikas-kylpytynnyrin-portaikko\\\/\",\"url\":\"https:\\\/\\\/awero.ee\\\/fi\\\/toode\\\/kaksiportainen-kulmikas-kylpytynnyrin-portaikko\\\/\",\"name\":\"Kaksiportainen kulmikas kylpytynnyrin portaikko - Awero - S\u00fcdamega L\u00f5una-Eestist\",\"isPartOf\":{\"@id\":\"https:\\\/\\\/awero.ee\\\/fi\\\/#website\"},\"primaryImageOfPage\":{\"@id\":\"https:\\\/\\\/awero.ee\\\/fi\\\/toode\\\/kaksiportainen-kulmikas-kylpytynnyrin-portaikko\\\/#primaryimage\"},\"image\":{\"@id\":\"https:\\\/\\\/awero.ee\\\/fi\\\/toode\\\/kaksiportainen-kulmikas-kylpytynnyrin-portaikko\\\/#primaryimage\"},\"thumbnailUrl\":\"https:\\\/\\\/awero.ee\\\/wp-content\\\/uploads\\\/2024\\\/12\\\/Trepp_1_w.png\",\"datePublished\":\"2024-12-12T12:00:46+00:00\",\"dateModified\":\"2026-03-10T07:59:11+00:00\",\"breadcrumb\":{\"@id\":\"https:\\\/\\\/awero.ee\\\/fi\\\/toode\\\/kaksiportainen-kulmikas-kylpytynnyrin-portaikko\\\/#breadcrumb\"},\"inLanguage\":\"fi\",\"potentialAction\":[{\"@type\":\"ReadAction\",\"target\":[\"https:\\\/\\\/awero.ee\\\/fi\\\/toode\\\/kaksiportainen-kulmikas-kylpytynnyrin-portaikko\\\/\"]}]},{\"@type\":\"ImageObject\",\"inLanguage\":\"fi\",\"@id\":\"https:\\\/\\\/awero.ee\\\/fi\\\/toode\\\/kaksiportainen-kulmikas-kylpytynnyrin-portaikko\\\/#primaryimage\",\"url\":\"https:\\\/\\\/awero.ee\\\/wp-content\\\/uploads\\\/2024\\\/12\\\/Trepp_1_w.png\",\"contentUrl\":\"https:\\\/\\\/awero.ee\\\/wp-content\\\/uploads\\\/2024\\\/12\\\/Trepp_1_w.png\",\"width\":1076,\"height\":718},{\"@type\":\"BreadcrumbList\",\"@id\":\"https:\\\/\\\/awero.ee\\\/fi\\\/toode\\\/kaksiportainen-kulmikas-kylpytynnyrin-portaikko\\\/#breadcrumb\",\"itemListElement\":[{\"@type\":\"ListItem\",\"position\":1,\"name\":\"Home\",\"item\":\"https:\\\/\\\/awero.ee\\\/fi\\\/etusivu\\\/\"},{\"@type\":\"ListItem\",\"position\":2,\"name\":\"Kauppa\",\"item\":\"https:\\\/\\\/awero.ee\\\/fi\\\/kauppa\\\/\"},{\"@type\":\"ListItem\",\"position\":3,\"name\":\"Kaksiportainen kulmikas kylpytynnyrin portaikko\"}]},{\"@type\":\"WebSite\",\"@id\":\"https:\\\/\\\/awero.ee\\\/fi\\\/#website\",\"url\":\"https:\\\/\\\/awero.ee\\\/fi\\\/\",\"name\":\"Awero - S\u00fcdamega L\u00f5una Eestist\",\"description\":\"\",\"publisher\":{\"@id\":\"https:\\\/\\\/awero.ee\\\/fi\\\/#organization\"},\"potentialAction\":[{\"@type\":\"SearchAction\",\"target\":{\"@type\":\"EntryPoint\",\"urlTemplate\":\"https:\\\/\\\/awero.ee\\\/fi\\\/?s={search_term_string}\"},\"query-input\":{\"@type\":\"PropertyValueSpecification\",\"valueRequired\":true,\"valueName\":\"search_term_string\"}}],\"inLanguage\":\"fi\"},{\"@type\":\"Organization\",\"@id\":\"https:\\\/\\\/awero.ee\\\/fi\\\/#organization\",\"name\":\"Awero - S\u00fcdamega L\u00f5una Eestist\",\"url\":\"https:\\\/\\\/awero.ee\\\/fi\\\/\",\"logo\":{\"@type\":\"ImageObject\",\"inLanguage\":\"fi\",\"@id\":\"https:\\\/\\\/awero.ee\\\/fi\\\/#\\\/schema\\\/logo\\\/image\\\/\",\"url\":\"https:\\\/\\\/awero.ee\\\/wp-content\\\/uploads\\\/2024\\\/07\\\/aweroplaceholder.jpg\",\"contentUrl\":\"https:\\\/\\\/awero.ee\\\/wp-content\\\/uploads\\\/2024\\\/07\\\/aweroplaceholder.jpg\",\"width\":1250,\"height\":834,\"caption\":\"Awero - S\u00fcdamega L\u00f5una Eestist\"},\"image\":{\"@id\":\"https:\\\/\\\/awero.ee\\\/fi\\\/#\\\/schema\\\/logo\\\/image\\\/\"}}]}<\/script>\n<!-- \/ Yoast SEO plugin. -->","yoast_head_json":{"title":"Kaksiportainen kulmikas kylpytynnyrin portaikko - Awero - S\u00fcdamega L\u00f5una-Eestist","robots":{"index":"index","follow":"follow","max-snippet":"max-snippet:-1","max-image-preview":"max-image-preview:large","max-video-preview":"max-video-preview:-1"},"canonical":"https:\/\/awero.ee\/fi\/toode\/kaksiportainen-kulmikas-kylpytynnyrin-portaikko\/","og_locale":"fi_FI","og_type":"article","og_title":"Kaksiportainen kulmikas kylpytynnyrin portaikko - Awero - S\u00fcdamega L\u00f5una-Eestist","og_description":"Hinta sis\u00e4lt\u00e4\u00e4 arvonlis\u00e4veron. . Kylpytynnyrin portaat tekev\u00e4t altaaseen menemisest\u00e4 ja sielt\u00e4 poistumisesta helpon ja turvallisen. Kylpytynnyrin portaikko on valmistettu kest\u00e4v\u00e4st\u00e4 ja pitk\u00e4ik\u00e4isest\u00e4 l\u00e4mp\u00f6k\u00e4sitellyst\u00e4 puusta. Hanki portaat jo t\u00e4n\u00e4\u00e4n ja astu askel l\u00e4hemm\u00e4ksi todellista kylpytynnyrin paratiisia!","og_url":"https:\/\/awero.ee\/fi\/toode\/kaksiportainen-kulmikas-kylpytynnyrin-portaikko\/","og_site_name":"Awero - S\u00fcdamega L\u00f5una-Eestist","article_modified_time":"2026-03-10T07:59:11+00:00","og_image":[{"width":1076,"height":718,"url":"https:\/\/awero.ee\/wp-content\/uploads\/2024\/12\/Trepp_1_w.png","type":"image\/png"}],"twitter_card":"summary_large_image","twitter_misc":{"Arvioitu lukuaika":"1 minuutti"},"schema":{"@context":"https:\/\/schema.org","@graph":[{"@type":"WebPage","@id":"https:\/\/awero.ee\/fi\/toode\/kaksiportainen-kulmikas-kylpytynnyrin-portaikko\/","url":"https:\/\/awero.ee\/fi\/toode\/kaksiportainen-kulmikas-kylpytynnyrin-portaikko\/","name":"Kaksiportainen kulmikas kylpytynnyrin portaikko - Awero - S\u00fcdamega L\u00f5una-Eestist","isPartOf":{"@id":"https:\/\/awero.ee\/fi\/#website"},"primaryImageOfPage":{"@id":"https:\/\/awero.ee\/fi\/toode\/kaksiportainen-kulmikas-kylpytynnyrin-portaikko\/#primaryimage"},"image":{"@id":"https:\/\/awero.ee\/fi\/toode\/kaksiportainen-kulmikas-kylpytynnyrin-portaikko\/#primaryimage"},"thumbnailUrl":"https:\/\/awero.ee\/wp-content\/uploads\/2024\/12\/Trepp_1_w.png","datePublished":"2024-12-12T12:00:46+00:00","dateModified":"2026-03-10T07:59:11+00:00","breadcrumb":{"@id":"https:\/\/awero.ee\/fi\/toode\/kaksiportainen-kulmikas-kylpytynnyrin-portaikko\/#breadcrumb"},"inLanguage":"fi","potentialAction":[{"@type":"ReadAction","target":["https:\/\/awero.ee\/fi\/toode\/kaksiportainen-kulmikas-kylpytynnyrin-portaikko\/"]}]},{"@type":"ImageObject","inLanguage":"fi","@id":"https:\/\/awero.ee\/fi\/toode\/kaksiportainen-kulmikas-kylpytynnyrin-portaikko\/#primaryimage","url":"https:\/\/awero.ee\/wp-content\/uploads\/2024\/12\/Trepp_1_w.png","contentUrl":"https:\/\/awero.ee\/wp-content\/uploads\/2024\/12\/Trepp_1_w.png","width":1076,"height":718},{"@type":"BreadcrumbList","@id":"https:\/\/awero.ee\/fi\/toode\/kaksiportainen-kulmikas-kylpytynnyrin-portaikko\/#breadcrumb","itemListElement":[{"@type":"ListItem","position":1,"name":"Home","item":"https:\/\/awero.ee\/fi\/etusivu\/"},{"@type":"ListItem","position":2,"name":"Kauppa","item":"https:\/\/awero.ee\/fi\/kauppa\/"},{"@type":"ListItem","position":3,"name":"Kaksiportainen kulmikas kylpytynnyrin portaikko"}]},{"@type":"WebSite","@id":"https:\/\/awero.ee\/fi\/#website","url":"https:\/\/awero.ee\/fi\/","name":"Awero - S\u00fcdamega L\u00f5una Eestist","description":"","publisher":{"@id":"https:\/\/awero.ee\/fi\/#organization"},"potentialAction":[{"@type":"SearchAction","target":{"@type":"EntryPoint","urlTemplate":"https:\/\/awero.ee\/fi\/?s={search_term_string}"},"query-input":{"@type":"PropertyValueSpecification","valueRequired":true,"valueName":"search_term_string"}}],"inLanguage":"fi"},{"@type":"Organization","@id":"https:\/\/awero.ee\/fi\/#organization","name":"Awero - S\u00fcdamega L\u00f5una Eestist","url":"https:\/\/awero.ee\/fi\/","logo":{"@type":"ImageObject","inLanguage":"fi","@id":"https:\/\/awero.ee\/fi\/#\/schema\/logo\/image\/","url":"https:\/\/awero.ee\/wp-content\/uploads\/2024\/07\/aweroplaceholder.jpg","contentUrl":"https:\/\/awero.ee\/wp-content\/uploads\/2024\/07\/aweroplaceholder.jpg","width":1250,"height":834,"caption":"Awero - S\u00fcdamega L\u00f5una Eestist"},"image":{"@id":"https:\/\/awero.ee\/fi\/#\/schema\/logo\/image\/"}}]}},"_links":{"self":[{"href":"https:\/\/awero.ee\/fi\/wp-json\/wp\/v2\/product\/8005","targetHints":{"allow":["GET"]}}],"collection":[{"href":"https:\/\/awero.ee\/fi\/wp-json\/wp\/v2\/product"}],"about":[{"href":"https:\/\/awero.ee\/fi\/wp-json\/wp\/v2\/types\/product"}],"wp:featuredmedia":[{"embeddable":true,"href":"https:\/\/awero.ee\/fi\/wp-json\/wp\/v2\/media\/5222"}],"wp:attachment":[{"href":"https:\/\/awero.ee\/fi\/wp-json\/wp\/v2\/media?parent=8005"}],"wp:term":[{"taxonomy":"product_brand","embeddable":true,"href":"https:\/\/awero.ee\/fi\/wp-json\/wp\/v2\/product_brand?post=8005"},{"taxonomy":"product_cat","embeddable":true,"href":"https:\/\/awero.ee\/fi\/wp-json\/wp\/v2\/product_cat?post=8005"},{"taxonomy":"product_tag","embeddable":true,"href":"https:\/\/awero.ee\/fi\/wp-json\/wp\/v2\/product_tag?post=8005"}],"curies":[{"name":"wp","href":"https:\/\/api.w.org\/{rel}","templated":true}]}}