{"id":7993,"date":"2024-12-12T12:00:46","date_gmt":"2024-12-12T12:00:46","guid":{"rendered":"https:\/\/awero.ee\/toode\/marine-stereojarjestelma-kylpytynnyreihin-ja-saunaan\/"},"modified":"2026-03-10T07:59:11","modified_gmt":"2026-03-10T07:59:11","slug":"marine-stereojarjestelma-kylpytynnyreihin-ja-saunaan","status":"publish","type":"product","link":"https:\/\/awero.ee\/fi\/toode\/marine-stereojarjestelma-kylpytynnyreihin-ja-saunaan\/","title":{"rendered":"Marine-stereoj\u00e4rjestelm\u00e4 kylpytynnyreihin ja saunaan"},"content":{"rendered":"<p>Marine-stereoj\u00e4rjestelm\u00e4\u00e4n kuuluu useita ominaisuuksia, joiden avulla voit nauttia musiikista.<em> Bluetooth-yhteyden <\/em>avulla voit valita suosikkimusiikkisi \u00e4lylaitteista. Sis\u00e4\u00e4nrakennetun radion avulla voit kuunnella suosikkiohjelmiasi tai l\u00f6yt\u00e4\u00e4 uusia musiikkikanavia. Lis\u00e4ksi k\u00e4ytett\u00e4viss\u00e4 on AUX-liit\u00e4nt\u00e4, jonka avulla voit yhdist\u00e4\u00e4 erilaisia \u00e4\u00e4nil\u00e4hteit\u00e4, kuten MP3-soittimia tai muita audiolaitteita. Sarja sis\u00e4lt\u00e4\u00e4 kaksi kaiutinta, antennin, AUX-liit\u00e4nn\u00e4n sek\u00e4 sis\u00e4\u00e4nrakennetun radion ja<em> Bluetooth-yhteyden. <\/em>   <\/p>\n<p>Stereoj\u00e4rjestelm\u00e4 on suunniteltu kosteisiin ymp\u00e4rist\u00f6ihin.<\/p>\n","protected":false},"excerpt":{"rendered":"<p><strong>Hinta sis\u00e4lt\u00e4\u00e4 arvonlis\u00e4veron.<\/strong><\/p>\n<p>Marine-stereoj\u00e4rjestelm\u00e4 on erinomainen valinta niille, jotka haluavat nauttia kylpemisen lis\u00e4ksi my\u00f6s viihteest\u00e4 \u2013 sen avulla voit kuunnella musiikkia kylpytynnyriss\u00e4 rentoutuessasi.<\/p>\n","protected":false},"featured_media":5054,"template":"","meta":{"_acf_changed":false},"product_brand":[],"product_cat":[1079],"product_tag":[],"class_list":{"0":"post-7993","1":"product","2":"type-product","3":"status-publish","4":"has-post-thumbnail","6":"product_cat-lisavarusteet","8":"first","9":"instock","10":"shipping-taxable","11":"product-type-variable"},"acf":[],"yoast_head":"<!-- This site is optimized with the Yoast SEO plugin v26.8 - https:\/\/yoast.com\/product\/yoast-seo-wordpress\/ -->\n<title>Marine-stereoj\u00e4rjestelm\u00e4 kylpytynnyreihin ja saunaan - Awero - S\u00fcdamega L\u00f5una-Eestist<\/title>\n<meta name=\"robots\" content=\"index, follow, max-snippet:-1, max-image-preview:large, max-video-preview:-1\" \/>\n<link rel=\"canonical\" href=\"https:\/\/awero.ee\/fi\/toode\/marine-stereojarjestelma-kylpytynnyreihin-ja-saunaan\/\" \/>\n<meta property=\"og:locale\" content=\"fi_FI\" \/>\n<meta property=\"og:type\" content=\"article\" \/>\n<meta property=\"og:title\" content=\"Marine-stereoj\u00e4rjestelm\u00e4 kylpytynnyreihin ja saunaan - Awero - S\u00fcdamega L\u00f5una-Eestist\" \/>\n<meta property=\"og:description\" content=\"Hinta sis\u00e4lt\u00e4\u00e4 arvonlis\u00e4veron. Marine-stereoj\u00e4rjestelm\u00e4 on erinomainen valinta niille, jotka haluavat nauttia kylpemisen lis\u00e4ksi my\u00f6s viihteest\u00e4 \u2013 sen avulla voit kuunnella musiikkia kylpytynnyriss\u00e4 rentoutuessasi.\" \/>\n<meta property=\"og:url\" content=\"https:\/\/awero.ee\/fi\/toode\/marine-stereojarjestelma-kylpytynnyreihin-ja-saunaan\/\" \/>\n<meta property=\"og:site_name\" content=\"Awero - S\u00fcdamega L\u00f5una-Eestist\" \/>\n<meta property=\"article:modified_time\" content=\"2026-03-10T07:59:11+00:00\" \/>\n<meta property=\"og:image\" content=\"https:\/\/awero.ee\/wp-content\/uploads\/2024\/12\/Stereo-vaike-GR304.jpg\" \/>\n\t<meta property=\"og:image:width\" content=\"762\" \/>\n\t<meta property=\"og:image:height\" content=\"762\" \/>\n\t<meta property=\"og:image:type\" content=\"image\/jpeg\" \/>\n<meta name=\"twitter:card\" content=\"summary_large_image\" \/>\n<script type=\"application\/ld+json\" class=\"yoast-schema-graph\">{\"@context\":\"https:\/\/schema.org\",\"@graph\":[{\"@type\":\"WebPage\",\"@id\":\"https:\/\/awero.ee\/fi\/toode\/marine-stereojarjestelma-kylpytynnyreihin-ja-saunaan\/\",\"url\":\"https:\/\/awero.ee\/fi\/toode\/marine-stereojarjestelma-kylpytynnyreihin-ja-saunaan\/\",\"name\":\"Marine-stereoj\u00e4rjestelm\u00e4 kylpytynnyreihin ja saunaan - Awero - S\u00fcdamega L\u00f5una-Eestist\",\"isPartOf\":{\"@id\":\"https:\/\/awero.ee\/fi\/#website\"},\"primaryImageOfPage\":{\"@id\":\"https:\/\/awero.ee\/fi\/toode\/marine-stereojarjestelma-kylpytynnyreihin-ja-saunaan\/#primaryimage\"},\"image\":{\"@id\":\"https:\/\/awero.ee\/fi\/toode\/marine-stereojarjestelma-kylpytynnyreihin-ja-saunaan\/#primaryimage\"},\"thumbnailUrl\":\"https:\/\/awero.ee\/wp-content\/uploads\/2024\/12\/Stereo-vaike-GR304.jpg\",\"datePublished\":\"2024-12-12T12:00:46+00:00\",\"dateModified\":\"2026-03-10T07:59:11+00:00\",\"breadcrumb\":{\"@id\":\"https:\/\/awero.ee\/fi\/toode\/marine-stereojarjestelma-kylpytynnyreihin-ja-saunaan\/#breadcrumb\"},\"inLanguage\":\"fi\",\"potentialAction\":[{\"@type\":\"ReadAction\",\"target\":[\"https:\/\/awero.ee\/fi\/toode\/marine-stereojarjestelma-kylpytynnyreihin-ja-saunaan\/\"]}]},{\"@type\":\"ImageObject\",\"inLanguage\":\"fi\",\"@id\":\"https:\/\/awero.ee\/fi\/toode\/marine-stereojarjestelma-kylpytynnyreihin-ja-saunaan\/#primaryimage\",\"url\":\"https:\/\/awero.ee\/wp-content\/uploads\/2024\/12\/Stereo-vaike-GR304.jpg\",\"contentUrl\":\"https:\/\/awero.ee\/wp-content\/uploads\/2024\/12\/Stereo-vaike-GR304.jpg\",\"width\":762,\"height\":762},{\"@type\":\"BreadcrumbList\",\"@id\":\"https:\/\/awero.ee\/fi\/toode\/marine-stereojarjestelma-kylpytynnyreihin-ja-saunaan\/#breadcrumb\",\"itemListElement\":[{\"@type\":\"ListItem\",\"position\":1,\"name\":\"Home\",\"item\":\"https:\/\/awero.ee\/fi\/etusivu\/\"},{\"@type\":\"ListItem\",\"position\":2,\"name\":\"Kauppa\",\"item\":\"https:\/\/awero.ee\/fi\/kauppa\/\"},{\"@type\":\"ListItem\",\"position\":3,\"name\":\"Marine-stereoj\u00e4rjestelm\u00e4 kylpytynnyreihin ja saunaan\"}]},{\"@type\":\"WebSite\",\"@id\":\"https:\/\/awero.ee\/fi\/#website\",\"url\":\"https:\/\/awero.ee\/fi\/\",\"name\":\"Awero - S\u00fcdamega L\u00f5una Eestist\",\"description\":\"\",\"publisher\":{\"@id\":\"https:\/\/awero.ee\/fi\/#organization\"},\"potentialAction\":[{\"@type\":\"SearchAction\",\"target\":{\"@type\":\"EntryPoint\",\"urlTemplate\":\"https:\/\/awero.ee\/fi\/?s={search_term_string}\"},\"query-input\":{\"@type\":\"PropertyValueSpecification\",\"valueRequired\":true,\"valueName\":\"search_term_string\"}}],\"inLanguage\":\"fi\"},{\"@type\":\"Organization\",\"@id\":\"https:\/\/awero.ee\/fi\/#organization\",\"name\":\"Awero - S\u00fcdamega L\u00f5una Eestist\",\"url\":\"https:\/\/awero.ee\/fi\/\",\"logo\":{\"@type\":\"ImageObject\",\"inLanguage\":\"fi\",\"@id\":\"https:\/\/awero.ee\/fi\/#\/schema\/logo\/image\/\",\"url\":\"https:\/\/awero.ee\/wp-content\/uploads\/2024\/07\/aweroplaceholder.jpg\",\"contentUrl\":\"https:\/\/awero.ee\/wp-content\/uploads\/2024\/07\/aweroplaceholder.jpg\",\"width\":1250,\"height\":834,\"caption\":\"Awero - S\u00fcdamega L\u00f5una Eestist\"},\"image\":{\"@id\":\"https:\/\/awero.ee\/fi\/#\/schema\/logo\/image\/\"}}]}<\/script>\n<!-- \/ Yoast SEO plugin. -->","yoast_head_json":{"title":"Marine-stereoj\u00e4rjestelm\u00e4 kylpytynnyreihin ja saunaan - Awero - S\u00fcdamega L\u00f5una-Eestist","robots":{"index":"index","follow":"follow","max-snippet":"max-snippet:-1","max-image-preview":"max-image-preview:large","max-video-preview":"max-video-preview:-1"},"canonical":"https:\/\/awero.ee\/fi\/toode\/marine-stereojarjestelma-kylpytynnyreihin-ja-saunaan\/","og_locale":"fi_FI","og_type":"article","og_title":"Marine-stereoj\u00e4rjestelm\u00e4 kylpytynnyreihin ja saunaan - Awero - S\u00fcdamega L\u00f5una-Eestist","og_description":"Hinta sis\u00e4lt\u00e4\u00e4 arvonlis\u00e4veron. Marine-stereoj\u00e4rjestelm\u00e4 on erinomainen valinta niille, jotka haluavat nauttia kylpemisen lis\u00e4ksi my\u00f6s viihteest\u00e4 \u2013 sen avulla voit kuunnella musiikkia kylpytynnyriss\u00e4 rentoutuessasi.","og_url":"https:\/\/awero.ee\/fi\/toode\/marine-stereojarjestelma-kylpytynnyreihin-ja-saunaan\/","og_site_name":"Awero - S\u00fcdamega L\u00f5una-Eestist","article_modified_time":"2026-03-10T07:59:11+00:00","og_image":[{"width":762,"height":762,"url":"https:\/\/awero.ee\/wp-content\/uploads\/2024\/12\/Stereo-vaike-GR304.jpg","type":"image\/jpeg"}],"twitter_card":"summary_large_image","schema":{"@context":"https:\/\/schema.org","@graph":[{"@type":"WebPage","@id":"https:\/\/awero.ee\/fi\/toode\/marine-stereojarjestelma-kylpytynnyreihin-ja-saunaan\/","url":"https:\/\/awero.ee\/fi\/toode\/marine-stereojarjestelma-kylpytynnyreihin-ja-saunaan\/","name":"Marine-stereoj\u00e4rjestelm\u00e4 kylpytynnyreihin ja saunaan - Awero - S\u00fcdamega L\u00f5una-Eestist","isPartOf":{"@id":"https:\/\/awero.ee\/fi\/#website"},"primaryImageOfPage":{"@id":"https:\/\/awero.ee\/fi\/toode\/marine-stereojarjestelma-kylpytynnyreihin-ja-saunaan\/#primaryimage"},"image":{"@id":"https:\/\/awero.ee\/fi\/toode\/marine-stereojarjestelma-kylpytynnyreihin-ja-saunaan\/#primaryimage"},"thumbnailUrl":"https:\/\/awero.ee\/wp-content\/uploads\/2024\/12\/Stereo-vaike-GR304.jpg","datePublished":"2024-12-12T12:00:46+00:00","dateModified":"2026-03-10T07:59:11+00:00","breadcrumb":{"@id":"https:\/\/awero.ee\/fi\/toode\/marine-stereojarjestelma-kylpytynnyreihin-ja-saunaan\/#breadcrumb"},"inLanguage":"fi","potentialAction":[{"@type":"ReadAction","target":["https:\/\/awero.ee\/fi\/toode\/marine-stereojarjestelma-kylpytynnyreihin-ja-saunaan\/"]}]},{"@type":"ImageObject","inLanguage":"fi","@id":"https:\/\/awero.ee\/fi\/toode\/marine-stereojarjestelma-kylpytynnyreihin-ja-saunaan\/#primaryimage","url":"https:\/\/awero.ee\/wp-content\/uploads\/2024\/12\/Stereo-vaike-GR304.jpg","contentUrl":"https:\/\/awero.ee\/wp-content\/uploads\/2024\/12\/Stereo-vaike-GR304.jpg","width":762,"height":762},{"@type":"BreadcrumbList","@id":"https:\/\/awero.ee\/fi\/toode\/marine-stereojarjestelma-kylpytynnyreihin-ja-saunaan\/#breadcrumb","itemListElement":[{"@type":"ListItem","position":1,"name":"Home","item":"https:\/\/awero.ee\/fi\/etusivu\/"},{"@type":"ListItem","position":2,"name":"Kauppa","item":"https:\/\/awero.ee\/fi\/kauppa\/"},{"@type":"ListItem","position":3,"name":"Marine-stereoj\u00e4rjestelm\u00e4 kylpytynnyreihin ja saunaan"}]},{"@type":"WebSite","@id":"https:\/\/awero.ee\/fi\/#website","url":"https:\/\/awero.ee\/fi\/","name":"Awero - S\u00fcdamega L\u00f5una Eestist","description":"","publisher":{"@id":"https:\/\/awero.ee\/fi\/#organization"},"potentialAction":[{"@type":"SearchAction","target":{"@type":"EntryPoint","urlTemplate":"https:\/\/awero.ee\/fi\/?s={search_term_string}"},"query-input":{"@type":"PropertyValueSpecification","valueRequired":true,"valueName":"search_term_string"}}],"inLanguage":"fi"},{"@type":"Organization","@id":"https:\/\/awero.ee\/fi\/#organization","name":"Awero - S\u00fcdamega L\u00f5una Eestist","url":"https:\/\/awero.ee\/fi\/","logo":{"@type":"ImageObject","inLanguage":"fi","@id":"https:\/\/awero.ee\/fi\/#\/schema\/logo\/image\/","url":"https:\/\/awero.ee\/wp-content\/uploads\/2024\/07\/aweroplaceholder.jpg","contentUrl":"https:\/\/awero.ee\/wp-content\/uploads\/2024\/07\/aweroplaceholder.jpg","width":1250,"height":834,"caption":"Awero - S\u00fcdamega L\u00f5una Eestist"},"image":{"@id":"https:\/\/awero.ee\/fi\/#\/schema\/logo\/image\/"}}]}},"_links":{"self":[{"href":"https:\/\/awero.ee\/fi\/wp-json\/wp\/v2\/product\/7993","targetHints":{"allow":["GET"]}}],"collection":[{"href":"https:\/\/awero.ee\/fi\/wp-json\/wp\/v2\/product"}],"about":[{"href":"https:\/\/awero.ee\/fi\/wp-json\/wp\/v2\/types\/product"}],"wp:featuredmedia":[{"embeddable":true,"href":"https:\/\/awero.ee\/fi\/wp-json\/wp\/v2\/media\/5054"}],"wp:attachment":[{"href":"https:\/\/awero.ee\/fi\/wp-json\/wp\/v2\/media?parent=7993"}],"wp:term":[{"taxonomy":"product_brand","embeddable":true,"href":"https:\/\/awero.ee\/fi\/wp-json\/wp\/v2\/product_brand?post=7993"},{"taxonomy":"product_cat","embeddable":true,"href":"https:\/\/awero.ee\/fi\/wp-json\/wp\/v2\/product_cat?post=7993"},{"taxonomy":"product_tag","embeddable":true,"href":"https:\/\/awero.ee\/fi\/wp-json\/wp\/v2\/product_tag?post=7993"}],"curies":[{"name":"wp","href":"https:\/\/api.w.org\/{rel}","templated":true}]}}