{"id":7992,"date":"2024-12-12T12:00:46","date_gmt":"2024-12-12T12:00:46","guid":{"rendered":"https:\/\/awero.ee\/toode\/takorautainen-viiden-kupin-juomateline\/"},"modified":"2026-04-01T12:32:22","modified_gmt":"2026-04-01T12:32:22","slug":"takorautainen-viiden-kupin-juomateline","status":"publish","type":"product","link":"https:\/\/awero.ee\/fi\/toode\/takorautainen-viiden-kupin-juomateline\/","title":{"rendered":"Takorautainen viiden kupin juomateline"},"content":{"rendered":"<p>Takorautainen juomateline lis\u00e4\u00e4 ajatonta tyyli\u00e4 ja eleganssia kylpytynnyriisi. T\u00e4m\u00e4 viiden kupin juomateline on tyylikk\u00e4\u00e4sti suunniteltu lis\u00e4varuste, ja se tarjoaa k\u00e4tev\u00e4n tavan pit\u00e4\u00e4 juomat l\u00e4hell\u00e4 ilman, ett\u00e4 sinun tarvitsee poistua kylpytynnyrist\u00e4. Takorauta on kest\u00e4v\u00e4 materiaali, joka takaa tuotteen pitk\u00e4aikaisen k\u00e4yt\u00f6n ja kest\u00e4vyyden. Juomatelineen sis\u00e4halkaisija on 80 mm. Juomien lis\u00e4ksi tuotetta voidaan k\u00e4ytt\u00e4\u00e4 my\u00f6s muiden esineiden s\u00e4ilytt\u00e4miseen.    <\/p>\n","protected":false},"excerpt":{"rendered":"<p><strong>Hinta sis\u00e4lt\u00e4\u00e4 arvonlis\u00e4veron.<\/strong><\/p>\n<p>Viiden kupin juomateline on loistava kylpytynnyrin lis\u00e4varuste. Juomateline lis\u00e4\u00e4 rentoutumiseen toiminnallisuutta ja eleganssia. Olipa kyseess\u00e4 romanttinen ilta kahdelle tai hauska ilta yst\u00e4vien kanssa, t\u00e4m\u00e4 teline tekee kylpytynnyrin k\u00e4yt\u00f6st\u00e4 entist\u00e4kin nautinnollisemman ja mukavamman.  <\/p>\n","protected":false},"featured_media":5099,"template":"","meta":{"_acf_changed":false},"product_brand":[],"product_cat":[1079],"product_tag":[],"class_list":{"0":"post-7992","1":"product","2":"type-product","3":"status-publish","4":"has-post-thumbnail","6":"product_cat-lisavarusteet","8":"first","9":"instock","10":"shipping-taxable","11":"product-type-variable"},"acf":[],"yoast_head":"<!-- This site is optimized with the Yoast SEO plugin v26.8 - https:\/\/yoast.com\/product\/yoast-seo-wordpress\/ -->\n<title>Takorautainen viiden kupin juomateline - Awero - S\u00fcdamega L\u00f5una-Eestist<\/title>\n<meta name=\"robots\" content=\"index, follow, max-snippet:-1, max-image-preview:large, max-video-preview:-1\" \/>\n<link rel=\"canonical\" href=\"https:\/\/awero.ee\/fi\/toode\/takorautainen-viiden-kupin-juomateline\/\" \/>\n<meta property=\"og:locale\" content=\"fi_FI\" \/>\n<meta property=\"og:type\" content=\"article\" \/>\n<meta property=\"og:title\" content=\"Takorautainen viiden kupin juomateline - Awero - S\u00fcdamega L\u00f5una-Eestist\" \/>\n<meta property=\"og:description\" content=\"Hinta sis\u00e4lt\u00e4\u00e4 arvonlis\u00e4veron. Viiden kupin juomateline on loistava kylpytynnyrin lis\u00e4varuste. Juomateline lis\u00e4\u00e4 rentoutumiseen toiminnallisuutta ja eleganssia. Olipa kyseess\u00e4 romanttinen ilta kahdelle tai hauska ilta yst\u00e4vien kanssa, t\u00e4m\u00e4 teline tekee kylpytynnyrin k\u00e4yt\u00f6st\u00e4 entist\u00e4kin nautinnollisemman ja mukavamman.\" \/>\n<meta property=\"og:url\" content=\"https:\/\/awero.ee\/fi\/toode\/takorautainen-viiden-kupin-juomateline\/\" \/>\n<meta property=\"og:site_name\" content=\"Awero - S\u00fcdamega L\u00f5una-Eestist\" \/>\n<meta property=\"article:modified_time\" content=\"2026-04-01T12:32:22+00:00\" \/>\n<meta property=\"og:image\" content=\"https:\/\/awero.ee\/wp-content\/uploads\/2024\/12\/Topsihoidja_5_w.png\" \/>\n\t<meta property=\"og:image:width\" content=\"2500\" \/>\n\t<meta property=\"og:image:height\" content=\"1667\" \/>\n\t<meta property=\"og:image:type\" content=\"image\/png\" \/>\n<meta name=\"twitter:card\" content=\"summary_large_image\" \/>\n<script type=\"application\/ld+json\" class=\"yoast-schema-graph\">{\"@context\":\"https:\/\/schema.org\",\"@graph\":[{\"@type\":\"WebPage\",\"@id\":\"https:\/\/awero.ee\/fi\/toode\/takorautainen-viiden-kupin-juomateline\/\",\"url\":\"https:\/\/awero.ee\/fi\/toode\/takorautainen-viiden-kupin-juomateline\/\",\"name\":\"Takorautainen viiden kupin juomateline - Awero - S\u00fcdamega L\u00f5una-Eestist\",\"isPartOf\":{\"@id\":\"https:\/\/awero.ee\/fi\/#website\"},\"primaryImageOfPage\":{\"@id\":\"https:\/\/awero.ee\/fi\/toode\/takorautainen-viiden-kupin-juomateline\/#primaryimage\"},\"image\":{\"@id\":\"https:\/\/awero.ee\/fi\/toode\/takorautainen-viiden-kupin-juomateline\/#primaryimage\"},\"thumbnailUrl\":\"https:\/\/awero.ee\/wp-content\/uploads\/2024\/12\/Topsihoidja_5_w.png\",\"datePublished\":\"2024-12-12T12:00:46+00:00\",\"dateModified\":\"2026-04-01T12:32:22+00:00\",\"breadcrumb\":{\"@id\":\"https:\/\/awero.ee\/fi\/toode\/takorautainen-viiden-kupin-juomateline\/#breadcrumb\"},\"inLanguage\":\"fi\",\"potentialAction\":[{\"@type\":\"ReadAction\",\"target\":[\"https:\/\/awero.ee\/fi\/toode\/takorautainen-viiden-kupin-juomateline\/\"]}]},{\"@type\":\"ImageObject\",\"inLanguage\":\"fi\",\"@id\":\"https:\/\/awero.ee\/fi\/toode\/takorautainen-viiden-kupin-juomateline\/#primaryimage\",\"url\":\"https:\/\/awero.ee\/wp-content\/uploads\/2024\/12\/Topsihoidja_5_w.png\",\"contentUrl\":\"https:\/\/awero.ee\/wp-content\/uploads\/2024\/12\/Topsihoidja_5_w.png\",\"width\":2500,\"height\":1667},{\"@type\":\"BreadcrumbList\",\"@id\":\"https:\/\/awero.ee\/fi\/toode\/takorautainen-viiden-kupin-juomateline\/#breadcrumb\",\"itemListElement\":[{\"@type\":\"ListItem\",\"position\":1,\"name\":\"Home\",\"item\":\"https:\/\/awero.ee\/fi\/etusivu\/\"},{\"@type\":\"ListItem\",\"position\":2,\"name\":\"Kauppa\",\"item\":\"https:\/\/awero.ee\/fi\/kauppa\/\"},{\"@type\":\"ListItem\",\"position\":3,\"name\":\"Takorautainen viiden kupin juomateline\"}]},{\"@type\":\"WebSite\",\"@id\":\"https:\/\/awero.ee\/fi\/#website\",\"url\":\"https:\/\/awero.ee\/fi\/\",\"name\":\"Awero - S\u00fcdamega L\u00f5una Eestist\",\"description\":\"\",\"publisher\":{\"@id\":\"https:\/\/awero.ee\/fi\/#organization\"},\"potentialAction\":[{\"@type\":\"SearchAction\",\"target\":{\"@type\":\"EntryPoint\",\"urlTemplate\":\"https:\/\/awero.ee\/fi\/?s={search_term_string}\"},\"query-input\":{\"@type\":\"PropertyValueSpecification\",\"valueRequired\":true,\"valueName\":\"search_term_string\"}}],\"inLanguage\":\"fi\"},{\"@type\":\"Organization\",\"@id\":\"https:\/\/awero.ee\/fi\/#organization\",\"name\":\"Awero - S\u00fcdamega L\u00f5una Eestist\",\"url\":\"https:\/\/awero.ee\/fi\/\",\"logo\":{\"@type\":\"ImageObject\",\"inLanguage\":\"fi\",\"@id\":\"https:\/\/awero.ee\/fi\/#\/schema\/logo\/image\/\",\"url\":\"https:\/\/awero.ee\/wp-content\/uploads\/2024\/07\/aweroplaceholder.jpg\",\"contentUrl\":\"https:\/\/awero.ee\/wp-content\/uploads\/2024\/07\/aweroplaceholder.jpg\",\"width\":1250,\"height\":834,\"caption\":\"Awero - S\u00fcdamega L\u00f5una Eestist\"},\"image\":{\"@id\":\"https:\/\/awero.ee\/fi\/#\/schema\/logo\/image\/\"}}]}<\/script>\n<!-- \/ Yoast SEO plugin. -->","yoast_head_json":{"title":"Takorautainen viiden kupin juomateline - Awero - S\u00fcdamega L\u00f5una-Eestist","robots":{"index":"index","follow":"follow","max-snippet":"max-snippet:-1","max-image-preview":"max-image-preview:large","max-video-preview":"max-video-preview:-1"},"canonical":"https:\/\/awero.ee\/fi\/toode\/takorautainen-viiden-kupin-juomateline\/","og_locale":"fi_FI","og_type":"article","og_title":"Takorautainen viiden kupin juomateline - Awero - S\u00fcdamega L\u00f5una-Eestist","og_description":"Hinta sis\u00e4lt\u00e4\u00e4 arvonlis\u00e4veron. Viiden kupin juomateline on loistava kylpytynnyrin lis\u00e4varuste. Juomateline lis\u00e4\u00e4 rentoutumiseen toiminnallisuutta ja eleganssia. Olipa kyseess\u00e4 romanttinen ilta kahdelle tai hauska ilta yst\u00e4vien kanssa, t\u00e4m\u00e4 teline tekee kylpytynnyrin k\u00e4yt\u00f6st\u00e4 entist\u00e4kin nautinnollisemman ja mukavamman.","og_url":"https:\/\/awero.ee\/fi\/toode\/takorautainen-viiden-kupin-juomateline\/","og_site_name":"Awero - S\u00fcdamega L\u00f5una-Eestist","article_modified_time":"2026-04-01T12:32:22+00:00","og_image":[{"width":2500,"height":1667,"url":"https:\/\/awero.ee\/wp-content\/uploads\/2024\/12\/Topsihoidja_5_w.png","type":"image\/png"}],"twitter_card":"summary_large_image","schema":{"@context":"https:\/\/schema.org","@graph":[{"@type":"WebPage","@id":"https:\/\/awero.ee\/fi\/toode\/takorautainen-viiden-kupin-juomateline\/","url":"https:\/\/awero.ee\/fi\/toode\/takorautainen-viiden-kupin-juomateline\/","name":"Takorautainen viiden kupin juomateline - Awero - S\u00fcdamega L\u00f5una-Eestist","isPartOf":{"@id":"https:\/\/awero.ee\/fi\/#website"},"primaryImageOfPage":{"@id":"https:\/\/awero.ee\/fi\/toode\/takorautainen-viiden-kupin-juomateline\/#primaryimage"},"image":{"@id":"https:\/\/awero.ee\/fi\/toode\/takorautainen-viiden-kupin-juomateline\/#primaryimage"},"thumbnailUrl":"https:\/\/awero.ee\/wp-content\/uploads\/2024\/12\/Topsihoidja_5_w.png","datePublished":"2024-12-12T12:00:46+00:00","dateModified":"2026-04-01T12:32:22+00:00","breadcrumb":{"@id":"https:\/\/awero.ee\/fi\/toode\/takorautainen-viiden-kupin-juomateline\/#breadcrumb"},"inLanguage":"fi","potentialAction":[{"@type":"ReadAction","target":["https:\/\/awero.ee\/fi\/toode\/takorautainen-viiden-kupin-juomateline\/"]}]},{"@type":"ImageObject","inLanguage":"fi","@id":"https:\/\/awero.ee\/fi\/toode\/takorautainen-viiden-kupin-juomateline\/#primaryimage","url":"https:\/\/awero.ee\/wp-content\/uploads\/2024\/12\/Topsihoidja_5_w.png","contentUrl":"https:\/\/awero.ee\/wp-content\/uploads\/2024\/12\/Topsihoidja_5_w.png","width":2500,"height":1667},{"@type":"BreadcrumbList","@id":"https:\/\/awero.ee\/fi\/toode\/takorautainen-viiden-kupin-juomateline\/#breadcrumb","itemListElement":[{"@type":"ListItem","position":1,"name":"Home","item":"https:\/\/awero.ee\/fi\/etusivu\/"},{"@type":"ListItem","position":2,"name":"Kauppa","item":"https:\/\/awero.ee\/fi\/kauppa\/"},{"@type":"ListItem","position":3,"name":"Takorautainen viiden kupin juomateline"}]},{"@type":"WebSite","@id":"https:\/\/awero.ee\/fi\/#website","url":"https:\/\/awero.ee\/fi\/","name":"Awero - S\u00fcdamega L\u00f5una Eestist","description":"","publisher":{"@id":"https:\/\/awero.ee\/fi\/#organization"},"potentialAction":[{"@type":"SearchAction","target":{"@type":"EntryPoint","urlTemplate":"https:\/\/awero.ee\/fi\/?s={search_term_string}"},"query-input":{"@type":"PropertyValueSpecification","valueRequired":true,"valueName":"search_term_string"}}],"inLanguage":"fi"},{"@type":"Organization","@id":"https:\/\/awero.ee\/fi\/#organization","name":"Awero - S\u00fcdamega L\u00f5una Eestist","url":"https:\/\/awero.ee\/fi\/","logo":{"@type":"ImageObject","inLanguage":"fi","@id":"https:\/\/awero.ee\/fi\/#\/schema\/logo\/image\/","url":"https:\/\/awero.ee\/wp-content\/uploads\/2024\/07\/aweroplaceholder.jpg","contentUrl":"https:\/\/awero.ee\/wp-content\/uploads\/2024\/07\/aweroplaceholder.jpg","width":1250,"height":834,"caption":"Awero - S\u00fcdamega L\u00f5una Eestist"},"image":{"@id":"https:\/\/awero.ee\/fi\/#\/schema\/logo\/image\/"}}]}},"_links":{"self":[{"href":"https:\/\/awero.ee\/fi\/wp-json\/wp\/v2\/product\/7992","targetHints":{"allow":["GET"]}}],"collection":[{"href":"https:\/\/awero.ee\/fi\/wp-json\/wp\/v2\/product"}],"about":[{"href":"https:\/\/awero.ee\/fi\/wp-json\/wp\/v2\/types\/product"}],"wp:featuredmedia":[{"embeddable":true,"href":"https:\/\/awero.ee\/fi\/wp-json\/wp\/v2\/media\/5099"}],"wp:attachment":[{"href":"https:\/\/awero.ee\/fi\/wp-json\/wp\/v2\/media?parent=7992"}],"wp:term":[{"taxonomy":"product_brand","embeddable":true,"href":"https:\/\/awero.ee\/fi\/wp-json\/wp\/v2\/product_brand?post=7992"},{"taxonomy":"product_cat","embeddable":true,"href":"https:\/\/awero.ee\/fi\/wp-json\/wp\/v2\/product_cat?post=7992"},{"taxonomy":"product_tag","embeddable":true,"href":"https:\/\/awero.ee\/fi\/wp-json\/wp\/v2\/product_tag?post=7992"}],"curies":[{"name":"wp","href":"https:\/\/api.w.org\/{rel}","templated":true}]}}