{"id":7989,"date":"2024-12-12T12:00:46","date_gmt":"2024-12-12T12:00:46","guid":{"rendered":"https:\/\/awero.ee\/toode\/veden-suodatusjarjestelma-paperisuodattimella\/"},"modified":"2026-03-10T07:59:00","modified_gmt":"2026-03-10T07:59:00","slug":"veden-suodatusjarjestelma-paperisuodattimella","status":"publish","type":"product","link":"https:\/\/awero.ee\/fi\/toode\/veden-suodatusjarjestelma-paperisuodattimella\/","title":{"rendered":"Veden suodatusj\u00e4rjestelm\u00e4 paperisuodattimella"},"content":{"rendered":"<p>Virtausnopeus: 2000l\/h<\/p>\n<p>Teho: 40V<\/p>\n<p>J\u00e4nnite: 12 V<\/p>\n<p>Veden enimm\u00e4isl\u00e4mp\u00f6tila: 34\u00b0C<\/p>\n<p>Veden minimil\u00e4mp\u00f6tila: 4 \u00b0C<\/p>\n<p>Sarja sis\u00e4lt\u00e4\u00e4 kaiken tarvittavan: uimurin, rungon, jalustan, suodatinkehyksen, patruunan, koukun, tukitangon, tukikiinnikkeen, tukinupin, tukimutterin, tukitangon koukun, tangon pys\u00e4yttimen, uritetut kiinnitysruuvit ja aluslevyn sek\u00e4 muuntajan.<\/p>\n<p>T\u00e4m\u00e4 suodatinj\u00e4rjestelm\u00e4 kiinnitet\u00e4\u00e4n kylpytynnyrin reunaan kehyksen avulla. Muuntajalla (12 V) varustettu suodatin voidaan sijoittaa altaan reunalle, mutta muuntajan s\u00e4hk\u00f6liit\u00e4nn\u00e4t on sijoitettava v\u00e4hint\u00e4\u00e4n 3,5 metrin p\u00e4\u00e4h\u00e4n altaan reunasta. Suodatinj\u00e4rjestelm\u00e4 on nopea ja helppo koota ja asentaa.  <\/p>\n<p>Varmista ennen k\u00e4ytt\u00f6\u00e4, ett\u00e4 laite on vaakasuorassa. \u00c4l\u00e4 k\u00e4ynnist\u00e4 suodatinj\u00e4rjestelm\u00e4\u00e4, kun ihmisi\u00e4 on kylpytynnyriss\u00e4. <\/p>\n<p>Suodatinelementin k\u00e4ytt\u00f6i\u00e4n pident\u00e4miseksi on suositeltavaa pest\u00e4 suodatinelementti viikoittain (tai 30 p\u00e4iv\u00e4n v\u00e4lein). Tarvittaessa voit ostaa uuden <a href=\"https:\/\/awero.ee\/fi\/toode\/suodatinelementti\/\">suodatinelementin <\/a>meilt\u00e4. Pumppu on puhdistettava v\u00e4hint\u00e4\u00e4n kahdesti vuodessa. <\/p>\n","protected":false},"excerpt":{"rendered":"<p><strong>Hinta sis\u00e4lt\u00e4\u00e4 arvonlis\u00e4veron.<\/strong><\/p>\n<p>Etsitk\u00f6 t\u00e4ydellist\u00e4 ratkaisua, joka tekee kylpytynnyrikokemuksestasi entist\u00e4kin mukavamman?<\/p>\n<p>SI 4000 CANCIO K-STYLE on k\u00e4ytt\u00e4j\u00e4yst\u00e4v\u00e4llinen kelluva suodatinj\u00e4rjestelm\u00e4. T\u00e4m\u00e4 suodatinj\u00e4rjestelm\u00e4 tekee kylpytynnyrin veden puhdistamisesta helppoa, nopeaa ja k\u00e4tev\u00e4\u00e4. <\/p>\n","protected":false},"featured_media":5057,"template":"","meta":{"_acf_changed":false},"product_brand":[],"product_cat":[1079],"product_tag":[],"class_list":{"0":"post-7989","1":"product","2":"type-product","3":"status-publish","4":"has-post-thumbnail","6":"product_cat-lisavarusteet","8":"first","9":"outofstock","10":"shipping-taxable","11":"product-type-simple"},"acf":[],"yoast_head":"<!-- This site is optimized with the Yoast SEO plugin v26.8 - https:\/\/yoast.com\/product\/yoast-seo-wordpress\/ -->\n<title>Veden suodatusj\u00e4rjestelm\u00e4 paperisuodattimella - Awero - S\u00fcdamega L\u00f5una-Eestist<\/title>\n<meta name=\"robots\" content=\"index, follow, max-snippet:-1, max-image-preview:large, max-video-preview:-1\" \/>\n<link rel=\"canonical\" href=\"https:\/\/awero.ee\/fi\/toode\/veden-suodatusjarjestelma-paperisuodattimella\/\" \/>\n<meta property=\"og:locale\" content=\"fi_FI\" \/>\n<meta property=\"og:type\" content=\"article\" \/>\n<meta property=\"og:title\" content=\"Veden suodatusj\u00e4rjestelm\u00e4 paperisuodattimella - Awero - S\u00fcdamega L\u00f5una-Eestist\" \/>\n<meta property=\"og:description\" content=\"Hinta sis\u00e4lt\u00e4\u00e4 arvonlis\u00e4veron. Etsitk\u00f6 t\u00e4ydellist\u00e4 ratkaisua, joka tekee kylpytynnyrikokemuksestasi entist\u00e4kin mukavamman? SI 4000 CANCIO K-STYLE on k\u00e4ytt\u00e4j\u00e4yst\u00e4v\u00e4llinen kelluva suodatinj\u00e4rjestelm\u00e4. T\u00e4m\u00e4 suodatinj\u00e4rjestelm\u00e4 tekee kylpytynnyrin veden puhdistamisesta helppoa, nopeaa ja k\u00e4tev\u00e4\u00e4.\" \/>\n<meta property=\"og:url\" content=\"https:\/\/awero.ee\/fi\/toode\/veden-suodatusjarjestelma-paperisuodattimella\/\" \/>\n<meta property=\"og:site_name\" content=\"Awero - S\u00fcdamega L\u00f5una-Eestist\" \/>\n<meta property=\"article:modified_time\" content=\"2026-03-10T07:59:00+00:00\" \/>\n<meta property=\"og:image\" content=\"https:\/\/awero.ee\/wp-content\/uploads\/2024\/12\/Paberfiltriga-vee-filtreerimissusteem.jpg\" \/>\n\t<meta property=\"og:image:width\" content=\"201\" \/>\n\t<meta property=\"og:image:height\" content=\"250\" \/>\n\t<meta property=\"og:image:type\" content=\"image\/jpeg\" \/>\n<meta name=\"twitter:card\" content=\"summary_large_image\" \/>\n<meta name=\"twitter:label1\" content=\"Arvioitu lukuaika\" \/>\n\t<meta name=\"twitter:data1\" content=\"1 minuutti\" \/>\n<script type=\"application\/ld+json\" class=\"yoast-schema-graph\">{\"@context\":\"https:\/\/schema.org\",\"@graph\":[{\"@type\":\"WebPage\",\"@id\":\"https:\/\/awero.ee\/fi\/toode\/veden-suodatusjarjestelma-paperisuodattimella\/\",\"url\":\"https:\/\/awero.ee\/fi\/toode\/veden-suodatusjarjestelma-paperisuodattimella\/\",\"name\":\"Veden suodatusj\u00e4rjestelm\u00e4 paperisuodattimella - Awero - S\u00fcdamega L\u00f5una-Eestist\",\"isPartOf\":{\"@id\":\"https:\/\/awero.ee\/fi\/#website\"},\"primaryImageOfPage\":{\"@id\":\"https:\/\/awero.ee\/fi\/toode\/veden-suodatusjarjestelma-paperisuodattimella\/#primaryimage\"},\"image\":{\"@id\":\"https:\/\/awero.ee\/fi\/toode\/veden-suodatusjarjestelma-paperisuodattimella\/#primaryimage\"},\"thumbnailUrl\":\"https:\/\/awero.ee\/wp-content\/uploads\/2024\/12\/Paberfiltriga-vee-filtreerimissusteem.jpg\",\"datePublished\":\"2024-12-12T12:00:46+00:00\",\"dateModified\":\"2026-03-10T07:59:00+00:00\",\"breadcrumb\":{\"@id\":\"https:\/\/awero.ee\/fi\/toode\/veden-suodatusjarjestelma-paperisuodattimella\/#breadcrumb\"},\"inLanguage\":\"fi\",\"potentialAction\":[{\"@type\":\"ReadAction\",\"target\":[\"https:\/\/awero.ee\/fi\/toode\/veden-suodatusjarjestelma-paperisuodattimella\/\"]}]},{\"@type\":\"ImageObject\",\"inLanguage\":\"fi\",\"@id\":\"https:\/\/awero.ee\/fi\/toode\/veden-suodatusjarjestelma-paperisuodattimella\/#primaryimage\",\"url\":\"https:\/\/awero.ee\/wp-content\/uploads\/2024\/12\/Paberfiltriga-vee-filtreerimissusteem.jpg\",\"contentUrl\":\"https:\/\/awero.ee\/wp-content\/uploads\/2024\/12\/Paberfiltriga-vee-filtreerimissusteem.jpg\",\"width\":201,\"height\":250},{\"@type\":\"BreadcrumbList\",\"@id\":\"https:\/\/awero.ee\/fi\/toode\/veden-suodatusjarjestelma-paperisuodattimella\/#breadcrumb\",\"itemListElement\":[{\"@type\":\"ListItem\",\"position\":1,\"name\":\"Home\",\"item\":\"https:\/\/awero.ee\/fi\/etusivu\/\"},{\"@type\":\"ListItem\",\"position\":2,\"name\":\"Kauppa\",\"item\":\"https:\/\/awero.ee\/fi\/kauppa\/\"},{\"@type\":\"ListItem\",\"position\":3,\"name\":\"Veden suodatusj\u00e4rjestelm\u00e4 paperisuodattimella\"}]},{\"@type\":\"WebSite\",\"@id\":\"https:\/\/awero.ee\/fi\/#website\",\"url\":\"https:\/\/awero.ee\/fi\/\",\"name\":\"Awero - S\u00fcdamega L\u00f5una Eestist\",\"description\":\"\",\"publisher\":{\"@id\":\"https:\/\/awero.ee\/fi\/#organization\"},\"potentialAction\":[{\"@type\":\"SearchAction\",\"target\":{\"@type\":\"EntryPoint\",\"urlTemplate\":\"https:\/\/awero.ee\/fi\/?s={search_term_string}\"},\"query-input\":{\"@type\":\"PropertyValueSpecification\",\"valueRequired\":true,\"valueName\":\"search_term_string\"}}],\"inLanguage\":\"fi\"},{\"@type\":\"Organization\",\"@id\":\"https:\/\/awero.ee\/fi\/#organization\",\"name\":\"Awero - S\u00fcdamega L\u00f5una Eestist\",\"url\":\"https:\/\/awero.ee\/fi\/\",\"logo\":{\"@type\":\"ImageObject\",\"inLanguage\":\"fi\",\"@id\":\"https:\/\/awero.ee\/fi\/#\/schema\/logo\/image\/\",\"url\":\"https:\/\/awero.ee\/wp-content\/uploads\/2024\/07\/aweroplaceholder.jpg\",\"contentUrl\":\"https:\/\/awero.ee\/wp-content\/uploads\/2024\/07\/aweroplaceholder.jpg\",\"width\":1250,\"height\":834,\"caption\":\"Awero - S\u00fcdamega L\u00f5una Eestist\"},\"image\":{\"@id\":\"https:\/\/awero.ee\/fi\/#\/schema\/logo\/image\/\"}}]}<\/script>\n<!-- \/ Yoast SEO plugin. -->","yoast_head_json":{"title":"Veden suodatusj\u00e4rjestelm\u00e4 paperisuodattimella - Awero - S\u00fcdamega L\u00f5una-Eestist","robots":{"index":"index","follow":"follow","max-snippet":"max-snippet:-1","max-image-preview":"max-image-preview:large","max-video-preview":"max-video-preview:-1"},"canonical":"https:\/\/awero.ee\/fi\/toode\/veden-suodatusjarjestelma-paperisuodattimella\/","og_locale":"fi_FI","og_type":"article","og_title":"Veden suodatusj\u00e4rjestelm\u00e4 paperisuodattimella - Awero - S\u00fcdamega L\u00f5una-Eestist","og_description":"Hinta sis\u00e4lt\u00e4\u00e4 arvonlis\u00e4veron. Etsitk\u00f6 t\u00e4ydellist\u00e4 ratkaisua, joka tekee kylpytynnyrikokemuksestasi entist\u00e4kin mukavamman? SI 4000 CANCIO K-STYLE on k\u00e4ytt\u00e4j\u00e4yst\u00e4v\u00e4llinen kelluva suodatinj\u00e4rjestelm\u00e4. T\u00e4m\u00e4 suodatinj\u00e4rjestelm\u00e4 tekee kylpytynnyrin veden puhdistamisesta helppoa, nopeaa ja k\u00e4tev\u00e4\u00e4.","og_url":"https:\/\/awero.ee\/fi\/toode\/veden-suodatusjarjestelma-paperisuodattimella\/","og_site_name":"Awero - S\u00fcdamega L\u00f5una-Eestist","article_modified_time":"2026-03-10T07:59:00+00:00","og_image":[{"width":201,"height":250,"url":"https:\/\/awero.ee\/wp-content\/uploads\/2024\/12\/Paberfiltriga-vee-filtreerimissusteem.jpg","type":"image\/jpeg"}],"twitter_card":"summary_large_image","twitter_misc":{"Arvioitu lukuaika":"1 minuutti"},"schema":{"@context":"https:\/\/schema.org","@graph":[{"@type":"WebPage","@id":"https:\/\/awero.ee\/fi\/toode\/veden-suodatusjarjestelma-paperisuodattimella\/","url":"https:\/\/awero.ee\/fi\/toode\/veden-suodatusjarjestelma-paperisuodattimella\/","name":"Veden suodatusj\u00e4rjestelm\u00e4 paperisuodattimella - Awero - S\u00fcdamega L\u00f5una-Eestist","isPartOf":{"@id":"https:\/\/awero.ee\/fi\/#website"},"primaryImageOfPage":{"@id":"https:\/\/awero.ee\/fi\/toode\/veden-suodatusjarjestelma-paperisuodattimella\/#primaryimage"},"image":{"@id":"https:\/\/awero.ee\/fi\/toode\/veden-suodatusjarjestelma-paperisuodattimella\/#primaryimage"},"thumbnailUrl":"https:\/\/awero.ee\/wp-content\/uploads\/2024\/12\/Paberfiltriga-vee-filtreerimissusteem.jpg","datePublished":"2024-12-12T12:00:46+00:00","dateModified":"2026-03-10T07:59:00+00:00","breadcrumb":{"@id":"https:\/\/awero.ee\/fi\/toode\/veden-suodatusjarjestelma-paperisuodattimella\/#breadcrumb"},"inLanguage":"fi","potentialAction":[{"@type":"ReadAction","target":["https:\/\/awero.ee\/fi\/toode\/veden-suodatusjarjestelma-paperisuodattimella\/"]}]},{"@type":"ImageObject","inLanguage":"fi","@id":"https:\/\/awero.ee\/fi\/toode\/veden-suodatusjarjestelma-paperisuodattimella\/#primaryimage","url":"https:\/\/awero.ee\/wp-content\/uploads\/2024\/12\/Paberfiltriga-vee-filtreerimissusteem.jpg","contentUrl":"https:\/\/awero.ee\/wp-content\/uploads\/2024\/12\/Paberfiltriga-vee-filtreerimissusteem.jpg","width":201,"height":250},{"@type":"BreadcrumbList","@id":"https:\/\/awero.ee\/fi\/toode\/veden-suodatusjarjestelma-paperisuodattimella\/#breadcrumb","itemListElement":[{"@type":"ListItem","position":1,"name":"Home","item":"https:\/\/awero.ee\/fi\/etusivu\/"},{"@type":"ListItem","position":2,"name":"Kauppa","item":"https:\/\/awero.ee\/fi\/kauppa\/"},{"@type":"ListItem","position":3,"name":"Veden suodatusj\u00e4rjestelm\u00e4 paperisuodattimella"}]},{"@type":"WebSite","@id":"https:\/\/awero.ee\/fi\/#website","url":"https:\/\/awero.ee\/fi\/","name":"Awero - S\u00fcdamega L\u00f5una Eestist","description":"","publisher":{"@id":"https:\/\/awero.ee\/fi\/#organization"},"potentialAction":[{"@type":"SearchAction","target":{"@type":"EntryPoint","urlTemplate":"https:\/\/awero.ee\/fi\/?s={search_term_string}"},"query-input":{"@type":"PropertyValueSpecification","valueRequired":true,"valueName":"search_term_string"}}],"inLanguage":"fi"},{"@type":"Organization","@id":"https:\/\/awero.ee\/fi\/#organization","name":"Awero - S\u00fcdamega L\u00f5una Eestist","url":"https:\/\/awero.ee\/fi\/","logo":{"@type":"ImageObject","inLanguage":"fi","@id":"https:\/\/awero.ee\/fi\/#\/schema\/logo\/image\/","url":"https:\/\/awero.ee\/wp-content\/uploads\/2024\/07\/aweroplaceholder.jpg","contentUrl":"https:\/\/awero.ee\/wp-content\/uploads\/2024\/07\/aweroplaceholder.jpg","width":1250,"height":834,"caption":"Awero - S\u00fcdamega L\u00f5una Eestist"},"image":{"@id":"https:\/\/awero.ee\/fi\/#\/schema\/logo\/image\/"}}]}},"_links":{"self":[{"href":"https:\/\/awero.ee\/fi\/wp-json\/wp\/v2\/product\/7989","targetHints":{"allow":["GET"]}}],"collection":[{"href":"https:\/\/awero.ee\/fi\/wp-json\/wp\/v2\/product"}],"about":[{"href":"https:\/\/awero.ee\/fi\/wp-json\/wp\/v2\/types\/product"}],"wp:featuredmedia":[{"embeddable":true,"href":"https:\/\/awero.ee\/fi\/wp-json\/wp\/v2\/media\/5057"}],"wp:attachment":[{"href":"https:\/\/awero.ee\/fi\/wp-json\/wp\/v2\/media?parent=7989"}],"wp:term":[{"taxonomy":"product_brand","embeddable":true,"href":"https:\/\/awero.ee\/fi\/wp-json\/wp\/v2\/product_brand?post=7989"},{"taxonomy":"product_cat","embeddable":true,"href":"https:\/\/awero.ee\/fi\/wp-json\/wp\/v2\/product_cat?post=7989"},{"taxonomy":"product_tag","embeddable":true,"href":"https:\/\/awero.ee\/fi\/wp-json\/wp\/v2\/product_tag?post=7989"}],"curies":[{"name":"wp","href":"https:\/\/api.w.org\/{rel}","templated":true}]}}