{"id":7975,"date":"2024-12-12T12:00:46","date_gmt":"2024-12-12T12:00:46","guid":{"rendered":"https:\/\/awero.ee\/toode\/porejarjestelma\/"},"modified":"2026-04-01T12:32:23","modified_gmt":"2026-04-01T12:32:23","slug":"porejarjestelma","status":"publish","type":"product","link":"https:\/\/awero.ee\/fi\/toode\/porejarjestelma\/","title":{"rendered":"Porej\u00e4rjestelm\u00e4"},"content":{"rendered":"<p>Porej\u00e4rjestelm\u00e4 on varustettu 12\u201314 suuttimella (kylpytynnyrin koosta riippuen) ja se k\u00e4ytt\u00e4\u00e4 ilmakompressoria poreiden luomiseen. Poreet tarjoavat rentouttavan hieronnan, auttavat lievitt\u00e4m\u00e4\u00e4n lihasj\u00e4nnityst\u00e4 ja parantavat verenkiertoa. Kokemuksen nautittavuuden lis\u00e4ksi porej\u00e4rjestelm\u00e4ll\u00e4 on my\u00f6s k\u00e4yt\u00e4nn\u00f6llinen teht\u00e4v\u00e4 sekoittaa vett\u00e4 l\u00e4mmityksen aikana. T\u00e4m\u00e4 auttaa varmistamaan veden tasaisen l\u00e4mp\u00f6tilan ja paremman veden ja kemikaalien sekoittumisen puhdistuksessa. Porej\u00e4rjestelm\u00e4 voidaan asentaa kylpytynnyriin, jonka sis\u00e4puoli on muovia.    <\/p>\n<p>&nbsp;<\/p>\n","protected":false},"excerpt":{"rendered":"<p><strong>Hinta sis\u00e4lt\u00e4\u00e4 arvonlis\u00e4veron.<\/strong><\/p>\n<p>Ilmakompressorilla varustettu porej\u00e4rjestelm\u00e4 on suunniteltu erityisesti kylpytynnyreit\u00e4 varten tehden kylpytynnyrist\u00e4 entist\u00e4kin nautinnollisemman ja rentouttavamman. Porej\u00e4rjestelm\u00e4 on suunniteltu ymp\u00e4rivuotiseen k\u00e4ytt\u00f6\u00f6n, joten voit nauttia kylpytynnyrin rentouttavista vaikutuksista kaikkina vuodenaikoina. <\/p>\n","protected":false},"featured_media":5060,"template":"","meta":{"_acf_changed":false},"product_brand":[],"product_cat":[1079],"product_tag":[],"class_list":{"0":"post-7975","1":"product","2":"type-product","3":"status-publish","4":"has-post-thumbnail","6":"product_cat-lisavarusteet","8":"first","9":"instock","10":"shipping-taxable","11":"product-type-variable"},"acf":[],"yoast_head":"<!-- This site is optimized with the Yoast SEO plugin v26.8 - https:\/\/yoast.com\/product\/yoast-seo-wordpress\/ -->\n<title>Porej\u00e4rjestelm\u00e4 - Awero - S\u00fcdamega L\u00f5una-Eestist<\/title>\n<meta name=\"robots\" content=\"index, follow, max-snippet:-1, max-image-preview:large, max-video-preview:-1\" \/>\n<link rel=\"canonical\" href=\"https:\/\/awero.ee\/fi\/toode\/porejarjestelma\/\" \/>\n<meta property=\"og:locale\" content=\"fi_FI\" \/>\n<meta property=\"og:type\" content=\"article\" \/>\n<meta property=\"og:title\" content=\"Porej\u00e4rjestelm\u00e4 - Awero - S\u00fcdamega L\u00f5una-Eestist\" \/>\n<meta property=\"og:description\" content=\"Hinta sis\u00e4lt\u00e4\u00e4 arvonlis\u00e4veron. Ilmakompressorilla varustettu porej\u00e4rjestelm\u00e4 on suunniteltu erityisesti kylpytynnyreit\u00e4 varten tehden kylpytynnyrist\u00e4 entist\u00e4kin nautinnollisemman ja rentouttavamman. Porej\u00e4rjestelm\u00e4 on suunniteltu ymp\u00e4rivuotiseen k\u00e4ytt\u00f6\u00f6n, joten voit nauttia kylpytynnyrin rentouttavista vaikutuksista kaikkina vuodenaikoina.\" \/>\n<meta property=\"og:url\" content=\"https:\/\/awero.ee\/fi\/toode\/porejarjestelma\/\" \/>\n<meta property=\"og:site_name\" content=\"Awero - S\u00fcdamega L\u00f5una-Eestist\" \/>\n<meta property=\"article:modified_time\" content=\"2026-04-01T12:32:23+00:00\" \/>\n<meta property=\"og:image\" content=\"https:\/\/awero.ee\/wp-content\/uploads\/2024\/12\/Mullisusteemi-komplekt-kumblustunnile.jpg\" \/>\n\t<meta property=\"og:image:width\" content=\"1600\" \/>\n\t<meta property=\"og:image:height\" content=\"1517\" \/>\n\t<meta property=\"og:image:type\" content=\"image\/jpeg\" \/>\n<meta name=\"twitter:card\" content=\"summary_large_image\" \/>\n<script type=\"application\/ld+json\" class=\"yoast-schema-graph\">{\"@context\":\"https:\/\/schema.org\",\"@graph\":[{\"@type\":\"WebPage\",\"@id\":\"https:\/\/awero.ee\/fi\/toode\/porejarjestelma\/\",\"url\":\"https:\/\/awero.ee\/fi\/toode\/porejarjestelma\/\",\"name\":\"Porej\u00e4rjestelm\u00e4 - Awero - S\u00fcdamega L\u00f5una-Eestist\",\"isPartOf\":{\"@id\":\"https:\/\/awero.ee\/fi\/#website\"},\"primaryImageOfPage\":{\"@id\":\"https:\/\/awero.ee\/fi\/toode\/porejarjestelma\/#primaryimage\"},\"image\":{\"@id\":\"https:\/\/awero.ee\/fi\/toode\/porejarjestelma\/#primaryimage\"},\"thumbnailUrl\":\"https:\/\/awero.ee\/wp-content\/uploads\/2024\/12\/Mullisusteemi-komplekt-kumblustunnile.jpg\",\"datePublished\":\"2024-12-12T12:00:46+00:00\",\"dateModified\":\"2026-04-01T12:32:23+00:00\",\"breadcrumb\":{\"@id\":\"https:\/\/awero.ee\/fi\/toode\/porejarjestelma\/#breadcrumb\"},\"inLanguage\":\"fi\",\"potentialAction\":[{\"@type\":\"ReadAction\",\"target\":[\"https:\/\/awero.ee\/fi\/toode\/porejarjestelma\/\"]}]},{\"@type\":\"ImageObject\",\"inLanguage\":\"fi\",\"@id\":\"https:\/\/awero.ee\/fi\/toode\/porejarjestelma\/#primaryimage\",\"url\":\"https:\/\/awero.ee\/wp-content\/uploads\/2024\/12\/Mullisusteemi-komplekt-kumblustunnile.jpg\",\"contentUrl\":\"https:\/\/awero.ee\/wp-content\/uploads\/2024\/12\/Mullisusteemi-komplekt-kumblustunnile.jpg\",\"width\":1600,\"height\":1517},{\"@type\":\"BreadcrumbList\",\"@id\":\"https:\/\/awero.ee\/fi\/toode\/porejarjestelma\/#breadcrumb\",\"itemListElement\":[{\"@type\":\"ListItem\",\"position\":1,\"name\":\"Home\",\"item\":\"https:\/\/awero.ee\/fi\/etusivu\/\"},{\"@type\":\"ListItem\",\"position\":2,\"name\":\"Kauppa\",\"item\":\"https:\/\/awero.ee\/fi\/kauppa\/\"},{\"@type\":\"ListItem\",\"position\":3,\"name\":\"Porej\u00e4rjestelm\u00e4\"}]},{\"@type\":\"WebSite\",\"@id\":\"https:\/\/awero.ee\/fi\/#website\",\"url\":\"https:\/\/awero.ee\/fi\/\",\"name\":\"Awero - S\u00fcdamega L\u00f5una Eestist\",\"description\":\"\",\"publisher\":{\"@id\":\"https:\/\/awero.ee\/fi\/#organization\"},\"potentialAction\":[{\"@type\":\"SearchAction\",\"target\":{\"@type\":\"EntryPoint\",\"urlTemplate\":\"https:\/\/awero.ee\/fi\/?s={search_term_string}\"},\"query-input\":{\"@type\":\"PropertyValueSpecification\",\"valueRequired\":true,\"valueName\":\"search_term_string\"}}],\"inLanguage\":\"fi\"},{\"@type\":\"Organization\",\"@id\":\"https:\/\/awero.ee\/fi\/#organization\",\"name\":\"Awero - S\u00fcdamega L\u00f5una Eestist\",\"url\":\"https:\/\/awero.ee\/fi\/\",\"logo\":{\"@type\":\"ImageObject\",\"inLanguage\":\"fi\",\"@id\":\"https:\/\/awero.ee\/fi\/#\/schema\/logo\/image\/\",\"url\":\"https:\/\/awero.ee\/wp-content\/uploads\/2024\/07\/aweroplaceholder.jpg\",\"contentUrl\":\"https:\/\/awero.ee\/wp-content\/uploads\/2024\/07\/aweroplaceholder.jpg\",\"width\":1250,\"height\":834,\"caption\":\"Awero - S\u00fcdamega L\u00f5una Eestist\"},\"image\":{\"@id\":\"https:\/\/awero.ee\/fi\/#\/schema\/logo\/image\/\"}}]}<\/script>\n<!-- \/ Yoast SEO plugin. -->","yoast_head_json":{"title":"Porej\u00e4rjestelm\u00e4 - Awero - S\u00fcdamega L\u00f5una-Eestist","robots":{"index":"index","follow":"follow","max-snippet":"max-snippet:-1","max-image-preview":"max-image-preview:large","max-video-preview":"max-video-preview:-1"},"canonical":"https:\/\/awero.ee\/fi\/toode\/porejarjestelma\/","og_locale":"fi_FI","og_type":"article","og_title":"Porej\u00e4rjestelm\u00e4 - Awero - S\u00fcdamega L\u00f5una-Eestist","og_description":"Hinta sis\u00e4lt\u00e4\u00e4 arvonlis\u00e4veron. Ilmakompressorilla varustettu porej\u00e4rjestelm\u00e4 on suunniteltu erityisesti kylpytynnyreit\u00e4 varten tehden kylpytynnyrist\u00e4 entist\u00e4kin nautinnollisemman ja rentouttavamman. Porej\u00e4rjestelm\u00e4 on suunniteltu ymp\u00e4rivuotiseen k\u00e4ytt\u00f6\u00f6n, joten voit nauttia kylpytynnyrin rentouttavista vaikutuksista kaikkina vuodenaikoina.","og_url":"https:\/\/awero.ee\/fi\/toode\/porejarjestelma\/","og_site_name":"Awero - S\u00fcdamega L\u00f5una-Eestist","article_modified_time":"2026-04-01T12:32:23+00:00","og_image":[{"width":1600,"height":1517,"url":"https:\/\/awero.ee\/wp-content\/uploads\/2024\/12\/Mullisusteemi-komplekt-kumblustunnile.jpg","type":"image\/jpeg"}],"twitter_card":"summary_large_image","schema":{"@context":"https:\/\/schema.org","@graph":[{"@type":"WebPage","@id":"https:\/\/awero.ee\/fi\/toode\/porejarjestelma\/","url":"https:\/\/awero.ee\/fi\/toode\/porejarjestelma\/","name":"Porej\u00e4rjestelm\u00e4 - Awero - S\u00fcdamega L\u00f5una-Eestist","isPartOf":{"@id":"https:\/\/awero.ee\/fi\/#website"},"primaryImageOfPage":{"@id":"https:\/\/awero.ee\/fi\/toode\/porejarjestelma\/#primaryimage"},"image":{"@id":"https:\/\/awero.ee\/fi\/toode\/porejarjestelma\/#primaryimage"},"thumbnailUrl":"https:\/\/awero.ee\/wp-content\/uploads\/2024\/12\/Mullisusteemi-komplekt-kumblustunnile.jpg","datePublished":"2024-12-12T12:00:46+00:00","dateModified":"2026-04-01T12:32:23+00:00","breadcrumb":{"@id":"https:\/\/awero.ee\/fi\/toode\/porejarjestelma\/#breadcrumb"},"inLanguage":"fi","potentialAction":[{"@type":"ReadAction","target":["https:\/\/awero.ee\/fi\/toode\/porejarjestelma\/"]}]},{"@type":"ImageObject","inLanguage":"fi","@id":"https:\/\/awero.ee\/fi\/toode\/porejarjestelma\/#primaryimage","url":"https:\/\/awero.ee\/wp-content\/uploads\/2024\/12\/Mullisusteemi-komplekt-kumblustunnile.jpg","contentUrl":"https:\/\/awero.ee\/wp-content\/uploads\/2024\/12\/Mullisusteemi-komplekt-kumblustunnile.jpg","width":1600,"height":1517},{"@type":"BreadcrumbList","@id":"https:\/\/awero.ee\/fi\/toode\/porejarjestelma\/#breadcrumb","itemListElement":[{"@type":"ListItem","position":1,"name":"Home","item":"https:\/\/awero.ee\/fi\/etusivu\/"},{"@type":"ListItem","position":2,"name":"Kauppa","item":"https:\/\/awero.ee\/fi\/kauppa\/"},{"@type":"ListItem","position":3,"name":"Porej\u00e4rjestelm\u00e4"}]},{"@type":"WebSite","@id":"https:\/\/awero.ee\/fi\/#website","url":"https:\/\/awero.ee\/fi\/","name":"Awero - S\u00fcdamega L\u00f5una Eestist","description":"","publisher":{"@id":"https:\/\/awero.ee\/fi\/#organization"},"potentialAction":[{"@type":"SearchAction","target":{"@type":"EntryPoint","urlTemplate":"https:\/\/awero.ee\/fi\/?s={search_term_string}"},"query-input":{"@type":"PropertyValueSpecification","valueRequired":true,"valueName":"search_term_string"}}],"inLanguage":"fi"},{"@type":"Organization","@id":"https:\/\/awero.ee\/fi\/#organization","name":"Awero - S\u00fcdamega L\u00f5una Eestist","url":"https:\/\/awero.ee\/fi\/","logo":{"@type":"ImageObject","inLanguage":"fi","@id":"https:\/\/awero.ee\/fi\/#\/schema\/logo\/image\/","url":"https:\/\/awero.ee\/wp-content\/uploads\/2024\/07\/aweroplaceholder.jpg","contentUrl":"https:\/\/awero.ee\/wp-content\/uploads\/2024\/07\/aweroplaceholder.jpg","width":1250,"height":834,"caption":"Awero - S\u00fcdamega L\u00f5una Eestist"},"image":{"@id":"https:\/\/awero.ee\/fi\/#\/schema\/logo\/image\/"}}]}},"_links":{"self":[{"href":"https:\/\/awero.ee\/fi\/wp-json\/wp\/v2\/product\/7975","targetHints":{"allow":["GET"]}}],"collection":[{"href":"https:\/\/awero.ee\/fi\/wp-json\/wp\/v2\/product"}],"about":[{"href":"https:\/\/awero.ee\/fi\/wp-json\/wp\/v2\/types\/product"}],"wp:featuredmedia":[{"embeddable":true,"href":"https:\/\/awero.ee\/fi\/wp-json\/wp\/v2\/media\/5060"}],"wp:attachment":[{"href":"https:\/\/awero.ee\/fi\/wp-json\/wp\/v2\/media?parent=7975"}],"wp:term":[{"taxonomy":"product_brand","embeddable":true,"href":"https:\/\/awero.ee\/fi\/wp-json\/wp\/v2\/product_brand?post=7975"},{"taxonomy":"product_cat","embeddable":true,"href":"https:\/\/awero.ee\/fi\/wp-json\/wp\/v2\/product_cat?post=7975"},{"taxonomy":"product_tag","embeddable":true,"href":"https:\/\/awero.ee\/fi\/wp-json\/wp\/v2\/product_tag?post=7975"}],"curies":[{"name":"wp","href":"https:\/\/api.w.org\/{rel}","templated":true}]}}