{"id":7929,"date":"2024-12-12T12:00:45","date_gmt":"2024-12-12T12:00:45","guid":{"rendered":"https:\/\/awero.ee\/toode\/eristetty-kansi-kylpytynnyrille\/"},"modified":"2026-04-01T12:32:23","modified_gmt":"2026-04-01T12:32:23","slug":"eristetty-kansi-kylpytynnyrille","status":"publish","type":"product","link":"https:\/\/awero.ee\/fi\/toode\/eristetty-kansi-kylpytynnyrille\/","title":{"rendered":"Eristetty kansi kylpytynnyrille"},"content":{"rendered":"<div align=\"justify\">\n<p>Eristetty l\u00e4mp\u00f6kansi on valmistettu kest\u00e4v\u00e4st\u00e4, korkealaatuisesta materiaalista, joka auttaa v\u00e4hent\u00e4m\u00e4\u00e4n kylpytynnyrin l\u00e4mp\u00f6hukkaa. Kansi auttaa nopeuttamaan kylpytynnyriin tulevan veden l\u00e4mpenemist\u00e4 ja hidastamaan veden j\u00e4\u00e4htymist\u00e4 kylmin\u00e4 p\u00e4ivin\u00e4. Eristyksen lis\u00e4ksi l\u00e4mp\u00f6kansi suojaa vett\u00e4 my\u00f6s ulkoisilta ep\u00e4puhtauksilta ja lialta, mik\u00e4 takaa puhtaamman ja terveellisemm\u00e4n kylpy-ymp\u00e4rist\u00f6n. L\u00e4mp\u00f6kansi on taitettava keskelt\u00e4 (taitettava puoliksi), jotta sit\u00e4 on helpompi ja mukavampi nostaa.   <\/p>\n<p><strong>Mallit ja koot:<\/strong><\/p>\n<p>IceTub 100<\/p>\n<p>IconTub 200<\/p>\n<p>Halkaisija 160 cm<\/p>\n<p>Halkaisija 200 cm<\/p>\n<p>Halkaisija 220 cm<\/p>\n<p>MulliXKing<\/p>\n<p>Ofuro<\/p>\n<p>Mittatilausty\u00f6n\u00e4 valmistetut kannet \u2013 pyyd\u00e4 tarjous.<\/p>\n<p>&nbsp;<\/p>\n<p><strong>Huom.! Tuote ei mahdu pakettiautomaattiin sen koon vuoksi. <\/strong> Tuote luovutetaan tehtaaltamme (nouto itse) tai kuriirilla. Lis\u00e4tietoja saat myyntiasiantuntijoiltamme. Kysy <a href=\"https:\/\/ecosauna.ee\/kontakt\/\">myyntiasiantuntijoiltamme<\/a> lis\u00e4tietoja kannen sopivuudesta ja asennuksesta kylpytynnyriisi ja l\u00f6yd\u00e4 ihanteellinen ratkaisu, joka parantaa kylpytynnyrikokemustasi.  <\/p>\n<p>Varmista, ett\u00e4 kansi on asennettu oikein valmistajan ohjeiden mukaisesti, jotta se tarjoaa ihanteellisen l\u00e4mp\u00f6eristyksen ja suojan ulkoisen ymp\u00e4rist\u00f6n vaikutuksilta.<\/p>\n<\/div>\n","protected":false},"excerpt":{"rendered":"<div align=\"justify\">\n<p>Hinta sis\u00e4lt\u00e4\u00e4 arvonlis\u00e4veron.<\/p>\n<p>Etsitk\u00f6 tapaa yll\u00e4pit\u00e4\u00e4 kylpytynnyrin veden l\u00e4mp\u00f6tilaa ja puhtautta? Tutustu eristettyihin l\u00e4mp\u00f6kansiin, jotka on suunniteltu takaamaan mukava ja nautinnollinen kylpykokemus ymp\u00e4ri vuoden. L\u00e4mp\u00f6kansia on saatavana useita malleja ja kokoja kylpytynnyrisi kokoa vastaavasti.  <\/p>\n<\/div>\n","protected":false},"featured_media":5114,"template":"","meta":{"_acf_changed":false},"product_brand":[],"product_cat":[1079],"product_tag":[],"class_list":{"0":"post-7929","1":"product","2":"type-product","3":"status-publish","4":"has-post-thumbnail","6":"product_cat-lisavarusteet","8":"first","9":"instock","10":"shipping-taxable","11":"product-type-variable"},"acf":[],"yoast_head":"<!-- This site is optimized with the Yoast SEO plugin v26.8 - https:\/\/yoast.com\/product\/yoast-seo-wordpress\/ -->\n<title>Eristetty kansi kylpytynnyrille - Awero - S\u00fcdamega L\u00f5una-Eestist<\/title>\n<meta name=\"robots\" content=\"index, follow, max-snippet:-1, max-image-preview:large, max-video-preview:-1\" \/>\n<link rel=\"canonical\" href=\"https:\/\/awero.ee\/fi\/toode\/eristetty-kansi-kylpytynnyrille\/\" \/>\n<meta property=\"og:locale\" content=\"fi_FI\" \/>\n<meta property=\"og:type\" content=\"article\" \/>\n<meta property=\"og:title\" content=\"Eristetty kansi kylpytynnyrille - Awero - S\u00fcdamega L\u00f5una-Eestist\" \/>\n<meta property=\"og:description\" content=\"Hinta sis\u00e4lt\u00e4\u00e4 arvonlis\u00e4veron. Etsitk\u00f6 tapaa yll\u00e4pit\u00e4\u00e4 kylpytynnyrin veden l\u00e4mp\u00f6tilaa ja puhtautta? Tutustu eristettyihin l\u00e4mp\u00f6kansiin, jotka on suunniteltu takaamaan mukava ja nautinnollinen kylpykokemus ymp\u00e4ri vuoden. L\u00e4mp\u00f6kansia on saatavana useita malleja ja kokoja kylpytynnyrisi kokoa vastaavasti.\" \/>\n<meta property=\"og:url\" content=\"https:\/\/awero.ee\/fi\/toode\/eristetty-kansi-kylpytynnyrille\/\" \/>\n<meta property=\"og:site_name\" content=\"Awero - S\u00fcdamega L\u00f5una-Eestist\" \/>\n<meta property=\"article:modified_time\" content=\"2026-04-01T12:32:23+00:00\" \/>\n<meta property=\"og:image\" content=\"https:\/\/awero.ee\/wp-content\/uploads\/2024\/12\/Kate_soojustatud.png\" \/>\n\t<meta property=\"og:image:width\" content=\"1329\" \/>\n\t<meta property=\"og:image:height\" content=\"886\" \/>\n\t<meta property=\"og:image:type\" content=\"image\/png\" \/>\n<meta name=\"twitter:card\" content=\"summary_large_image\" \/>\n<meta name=\"twitter:label1\" content=\"Arvioitu lukuaika\" \/>\n\t<meta name=\"twitter:data1\" content=\"1 minuutti\" \/>\n<script type=\"application\/ld+json\" class=\"yoast-schema-graph\">{\"@context\":\"https:\/\/schema.org\",\"@graph\":[{\"@type\":\"WebPage\",\"@id\":\"https:\/\/awero.ee\/fi\/toode\/eristetty-kansi-kylpytynnyrille\/\",\"url\":\"https:\/\/awero.ee\/fi\/toode\/eristetty-kansi-kylpytynnyrille\/\",\"name\":\"Eristetty kansi kylpytynnyrille - Awero - S\u00fcdamega L\u00f5una-Eestist\",\"isPartOf\":{\"@id\":\"https:\/\/awero.ee\/fi\/#website\"},\"primaryImageOfPage\":{\"@id\":\"https:\/\/awero.ee\/fi\/toode\/eristetty-kansi-kylpytynnyrille\/#primaryimage\"},\"image\":{\"@id\":\"https:\/\/awero.ee\/fi\/toode\/eristetty-kansi-kylpytynnyrille\/#primaryimage\"},\"thumbnailUrl\":\"https:\/\/awero.ee\/wp-content\/uploads\/2024\/12\/Kate_soojustatud.png\",\"datePublished\":\"2024-12-12T12:00:45+00:00\",\"dateModified\":\"2026-04-01T12:32:23+00:00\",\"breadcrumb\":{\"@id\":\"https:\/\/awero.ee\/fi\/toode\/eristetty-kansi-kylpytynnyrille\/#breadcrumb\"},\"inLanguage\":\"fi\",\"potentialAction\":[{\"@type\":\"ReadAction\",\"target\":[\"https:\/\/awero.ee\/fi\/toode\/eristetty-kansi-kylpytynnyrille\/\"]}]},{\"@type\":\"ImageObject\",\"inLanguage\":\"fi\",\"@id\":\"https:\/\/awero.ee\/fi\/toode\/eristetty-kansi-kylpytynnyrille\/#primaryimage\",\"url\":\"https:\/\/awero.ee\/wp-content\/uploads\/2024\/12\/Kate_soojustatud.png\",\"contentUrl\":\"https:\/\/awero.ee\/wp-content\/uploads\/2024\/12\/Kate_soojustatud.png\",\"width\":2500,\"height\":1667},{\"@type\":\"BreadcrumbList\",\"@id\":\"https:\/\/awero.ee\/fi\/toode\/eristetty-kansi-kylpytynnyrille\/#breadcrumb\",\"itemListElement\":[{\"@type\":\"ListItem\",\"position\":1,\"name\":\"Home\",\"item\":\"https:\/\/awero.ee\/fi\/etusivu\/\"},{\"@type\":\"ListItem\",\"position\":2,\"name\":\"Kauppa\",\"item\":\"https:\/\/awero.ee\/fi\/kauppa\/\"},{\"@type\":\"ListItem\",\"position\":3,\"name\":\"Eristetty kansi kylpytynnyrille\"}]},{\"@type\":\"WebSite\",\"@id\":\"https:\/\/awero.ee\/fi\/#website\",\"url\":\"https:\/\/awero.ee\/fi\/\",\"name\":\"Awero - S\u00fcdamega L\u00f5una Eestist\",\"description\":\"\",\"publisher\":{\"@id\":\"https:\/\/awero.ee\/fi\/#organization\"},\"potentialAction\":[{\"@type\":\"SearchAction\",\"target\":{\"@type\":\"EntryPoint\",\"urlTemplate\":\"https:\/\/awero.ee\/fi\/?s={search_term_string}\"},\"query-input\":{\"@type\":\"PropertyValueSpecification\",\"valueRequired\":true,\"valueName\":\"search_term_string\"}}],\"inLanguage\":\"fi\"},{\"@type\":\"Organization\",\"@id\":\"https:\/\/awero.ee\/fi\/#organization\",\"name\":\"Awero - S\u00fcdamega L\u00f5una Eestist\",\"url\":\"https:\/\/awero.ee\/fi\/\",\"logo\":{\"@type\":\"ImageObject\",\"inLanguage\":\"fi\",\"@id\":\"https:\/\/awero.ee\/fi\/#\/schema\/logo\/image\/\",\"url\":\"https:\/\/awero.ee\/wp-content\/uploads\/2024\/07\/aweroplaceholder.jpg\",\"contentUrl\":\"https:\/\/awero.ee\/wp-content\/uploads\/2024\/07\/aweroplaceholder.jpg\",\"width\":1250,\"height\":834,\"caption\":\"Awero - S\u00fcdamega L\u00f5una Eestist\"},\"image\":{\"@id\":\"https:\/\/awero.ee\/fi\/#\/schema\/logo\/image\/\"}}]}<\/script>\n<!-- \/ Yoast SEO plugin. -->","yoast_head_json":{"title":"Eristetty kansi kylpytynnyrille - Awero - S\u00fcdamega L\u00f5una-Eestist","robots":{"index":"index","follow":"follow","max-snippet":"max-snippet:-1","max-image-preview":"max-image-preview:large","max-video-preview":"max-video-preview:-1"},"canonical":"https:\/\/awero.ee\/fi\/toode\/eristetty-kansi-kylpytynnyrille\/","og_locale":"fi_FI","og_type":"article","og_title":"Eristetty kansi kylpytynnyrille - Awero - S\u00fcdamega L\u00f5una-Eestist","og_description":"Hinta sis\u00e4lt\u00e4\u00e4 arvonlis\u00e4veron. Etsitk\u00f6 tapaa yll\u00e4pit\u00e4\u00e4 kylpytynnyrin veden l\u00e4mp\u00f6tilaa ja puhtautta? Tutustu eristettyihin l\u00e4mp\u00f6kansiin, jotka on suunniteltu takaamaan mukava ja nautinnollinen kylpykokemus ymp\u00e4ri vuoden. L\u00e4mp\u00f6kansia on saatavana useita malleja ja kokoja kylpytynnyrisi kokoa vastaavasti.","og_url":"https:\/\/awero.ee\/fi\/toode\/eristetty-kansi-kylpytynnyrille\/","og_site_name":"Awero - S\u00fcdamega L\u00f5una-Eestist","article_modified_time":"2026-04-01T12:32:23+00:00","og_image":[{"width":1329,"height":886,"url":"https:\/\/awero.ee\/wp-content\/uploads\/2024\/12\/Kate_soojustatud.png","type":"image\/png"}],"twitter_card":"summary_large_image","twitter_misc":{"Arvioitu lukuaika":"1 minuutti"},"schema":{"@context":"https:\/\/schema.org","@graph":[{"@type":"WebPage","@id":"https:\/\/awero.ee\/fi\/toode\/eristetty-kansi-kylpytynnyrille\/","url":"https:\/\/awero.ee\/fi\/toode\/eristetty-kansi-kylpytynnyrille\/","name":"Eristetty kansi kylpytynnyrille - Awero - S\u00fcdamega L\u00f5una-Eestist","isPartOf":{"@id":"https:\/\/awero.ee\/fi\/#website"},"primaryImageOfPage":{"@id":"https:\/\/awero.ee\/fi\/toode\/eristetty-kansi-kylpytynnyrille\/#primaryimage"},"image":{"@id":"https:\/\/awero.ee\/fi\/toode\/eristetty-kansi-kylpytynnyrille\/#primaryimage"},"thumbnailUrl":"https:\/\/awero.ee\/wp-content\/uploads\/2024\/12\/Kate_soojustatud.png","datePublished":"2024-12-12T12:00:45+00:00","dateModified":"2026-04-01T12:32:23+00:00","breadcrumb":{"@id":"https:\/\/awero.ee\/fi\/toode\/eristetty-kansi-kylpytynnyrille\/#breadcrumb"},"inLanguage":"fi","potentialAction":[{"@type":"ReadAction","target":["https:\/\/awero.ee\/fi\/toode\/eristetty-kansi-kylpytynnyrille\/"]}]},{"@type":"ImageObject","inLanguage":"fi","@id":"https:\/\/awero.ee\/fi\/toode\/eristetty-kansi-kylpytynnyrille\/#primaryimage","url":"https:\/\/awero.ee\/wp-content\/uploads\/2024\/12\/Kate_soojustatud.png","contentUrl":"https:\/\/awero.ee\/wp-content\/uploads\/2024\/12\/Kate_soojustatud.png","width":2500,"height":1667},{"@type":"BreadcrumbList","@id":"https:\/\/awero.ee\/fi\/toode\/eristetty-kansi-kylpytynnyrille\/#breadcrumb","itemListElement":[{"@type":"ListItem","position":1,"name":"Home","item":"https:\/\/awero.ee\/fi\/etusivu\/"},{"@type":"ListItem","position":2,"name":"Kauppa","item":"https:\/\/awero.ee\/fi\/kauppa\/"},{"@type":"ListItem","position":3,"name":"Eristetty kansi kylpytynnyrille"}]},{"@type":"WebSite","@id":"https:\/\/awero.ee\/fi\/#website","url":"https:\/\/awero.ee\/fi\/","name":"Awero - S\u00fcdamega L\u00f5una Eestist","description":"","publisher":{"@id":"https:\/\/awero.ee\/fi\/#organization"},"potentialAction":[{"@type":"SearchAction","target":{"@type":"EntryPoint","urlTemplate":"https:\/\/awero.ee\/fi\/?s={search_term_string}"},"query-input":{"@type":"PropertyValueSpecification","valueRequired":true,"valueName":"search_term_string"}}],"inLanguage":"fi"},{"@type":"Organization","@id":"https:\/\/awero.ee\/fi\/#organization","name":"Awero - S\u00fcdamega L\u00f5una Eestist","url":"https:\/\/awero.ee\/fi\/","logo":{"@type":"ImageObject","inLanguage":"fi","@id":"https:\/\/awero.ee\/fi\/#\/schema\/logo\/image\/","url":"https:\/\/awero.ee\/wp-content\/uploads\/2024\/07\/aweroplaceholder.jpg","contentUrl":"https:\/\/awero.ee\/wp-content\/uploads\/2024\/07\/aweroplaceholder.jpg","width":1250,"height":834,"caption":"Awero - S\u00fcdamega L\u00f5una Eestist"},"image":{"@id":"https:\/\/awero.ee\/fi\/#\/schema\/logo\/image\/"}}]}},"_links":{"self":[{"href":"https:\/\/awero.ee\/fi\/wp-json\/wp\/v2\/product\/7929","targetHints":{"allow":["GET"]}}],"collection":[{"href":"https:\/\/awero.ee\/fi\/wp-json\/wp\/v2\/product"}],"about":[{"href":"https:\/\/awero.ee\/fi\/wp-json\/wp\/v2\/types\/product"}],"wp:featuredmedia":[{"embeddable":true,"href":"https:\/\/awero.ee\/fi\/wp-json\/wp\/v2\/media\/5114"}],"wp:attachment":[{"href":"https:\/\/awero.ee\/fi\/wp-json\/wp\/v2\/media?parent=7929"}],"wp:term":[{"taxonomy":"product_brand","embeddable":true,"href":"https:\/\/awero.ee\/fi\/wp-json\/wp\/v2\/product_brand?post=7929"},{"taxonomy":"product_cat","embeddable":true,"href":"https:\/\/awero.ee\/fi\/wp-json\/wp\/v2\/product_cat?post=7929"},{"taxonomy":"product_tag","embeddable":true,"href":"https:\/\/awero.ee\/fi\/wp-json\/wp\/v2\/product_tag?post=7929"}],"curies":[{"name":"wp","href":"https:\/\/api.w.org\/{rel}","templated":true}]}}