{"id":7910,"date":"2024-12-12T12:00:45","date_gmt":"2024-12-12T12:00:45","guid":{"rendered":"https:\/\/awero.ee\/toode\/kylpytynnyrin-lasikuitukansi\/"},"modified":"2026-04-01T12:32:22","modified_gmt":"2026-04-01T12:32:22","slug":"kylpytynnyrin-lasikuitukansi","status":"publish","type":"product","link":"https:\/\/awero.ee\/fi\/toode\/kylpytynnyrin-lasikuitukansi\/","title":{"rendered":"Kylpytynnyrin lasikuitukansi"},"content":{"rendered":"<p>Lasikuitukansi kylpytynnyrille on saatavana kolmessa eri halkaisijassa: 160 cm, 200 cm ja 220 cm. V\u00e4rivaihtoehtoja ovat harmaa, musta, sininen ja valkoinen. Koon vuoksi suosittelemme, ett\u00e4 kaksi henkil\u00f6\u00e4 nostaa kannen, jotta kylpytynnyri ei vahingoitu.  <\/p>\n<p>Lasikuitu on valmistettu lasikuiduista, jotka on sidottu hartsilla vahvaksi ja kest\u00e4v\u00e4ksi materiaaliksi. Lasikuitu on tunnettu keveydest\u00e4\u00e4n ja lujuudestaan, ja sit\u00e4 k\u00e4ytet\u00e4\u00e4n laajalti monilla aloilla. T\u00e4m\u00e4n materiaalin ominaisuuksiin kuuluvat keveys, korroosionkest\u00e4vyys ja kest\u00e4vyys.  <\/p>\n<p>Huom.! Tuote ei mahdu pakettiautomaattiin sen koon vuoksi.  Huom.! Tuote ei mahdu pakettiautomaattiin sen koon vuoksi. Tuote luovutetaan tehtaaltamme (nouto itse) tai kuriirilla. Lis\u00e4tietoja saa<a href=\"https:\/\/awero.ee\/fi\/ota-yhteytta\/\">t myyntiasiantuntijoiltamme.<\/a> <\/p>\n","protected":false},"excerpt":{"rendered":"<p><strong>Hinta sis\u00e4lt\u00e4\u00e4 arvonlis\u00e4veron.<\/strong><\/p>\n<p>Lasikuitukansi on ihanteellinen valinta niille, jotka arvostavat kest\u00e4vyytt\u00e4, toimivuutta ja esteettist\u00e4 muotoilua kylpytynnyrin suojaamisessa. Kansi lis\u00e4\u00e4 kylpytynnyriin tyylikk\u00e4\u00e4n designelementin ja suojaa samalla ymp\u00e4rist\u00f6n ep\u00e4puhtauksilta ja lialta sek\u00e4 auttaa pit\u00e4m\u00e4\u00e4n veden puhtaana <\/p>\n","protected":false},"featured_media":5105,"template":"","meta":{"_acf_changed":false},"product_brand":[],"product_cat":[1079],"product_tag":[],"class_list":{"0":"post-7910","1":"product","2":"type-product","3":"status-publish","4":"has-post-thumbnail","6":"product_cat-lisavarusteet","8":"first","9":"instock","10":"shipping-taxable","11":"product-type-variable"},"acf":[],"yoast_head":"<!-- This site is optimized with the Yoast SEO plugin v26.8 - https:\/\/yoast.com\/product\/yoast-seo-wordpress\/ -->\n<title>Kylpytynnyrin lasikuitukansi - Awero - S\u00fcdamega L\u00f5una-Eestist<\/title>\n<meta name=\"robots\" content=\"index, follow, max-snippet:-1, max-image-preview:large, max-video-preview:-1\" \/>\n<link rel=\"canonical\" href=\"https:\/\/awero.ee\/fi\/toode\/kylpytynnyrin-lasikuitukansi\/\" \/>\n<meta property=\"og:locale\" content=\"fi_FI\" \/>\n<meta property=\"og:type\" content=\"article\" \/>\n<meta property=\"og:title\" content=\"Kylpytynnyrin lasikuitukansi - Awero - S\u00fcdamega L\u00f5una-Eestist\" \/>\n<meta property=\"og:description\" content=\"Hinta sis\u00e4lt\u00e4\u00e4 arvonlis\u00e4veron. Lasikuitukansi on ihanteellinen valinta niille, jotka arvostavat kest\u00e4vyytt\u00e4, toimivuutta ja esteettist\u00e4 muotoilua kylpytynnyrin suojaamisessa. Kansi lis\u00e4\u00e4 kylpytynnyriin tyylikk\u00e4\u00e4n designelementin ja suojaa samalla ymp\u00e4rist\u00f6n ep\u00e4puhtauksilta ja lialta sek\u00e4 auttaa pit\u00e4m\u00e4\u00e4n veden puhtaana\" \/>\n<meta property=\"og:url\" content=\"https:\/\/awero.ee\/fi\/toode\/kylpytynnyrin-lasikuitukansi\/\" \/>\n<meta property=\"og:site_name\" content=\"Awero - S\u00fcdamega L\u00f5una-Eestist\" \/>\n<meta property=\"article:modified_time\" content=\"2026-04-01T12:32:22+00:00\" \/>\n<meta property=\"og:image\" content=\"https:\/\/awero.ee\/wp-content\/uploads\/2024\/12\/Kate_plastik-1.png\" \/>\n\t<meta property=\"og:image:width\" content=\"1476\" \/>\n\t<meta property=\"og:image:height\" content=\"984\" \/>\n\t<meta property=\"og:image:type\" content=\"image\/png\" \/>\n<meta name=\"twitter:card\" content=\"summary_large_image\" \/>\n<script type=\"application\/ld+json\" class=\"yoast-schema-graph\">{\"@context\":\"https:\/\/schema.org\",\"@graph\":[{\"@type\":\"WebPage\",\"@id\":\"https:\/\/awero.ee\/fi\/toode\/kylpytynnyrin-lasikuitukansi\/\",\"url\":\"https:\/\/awero.ee\/fi\/toode\/kylpytynnyrin-lasikuitukansi\/\",\"name\":\"Kylpytynnyrin lasikuitukansi - Awero - S\u00fcdamega L\u00f5una-Eestist\",\"isPartOf\":{\"@id\":\"https:\/\/awero.ee\/fi\/#website\"},\"primaryImageOfPage\":{\"@id\":\"https:\/\/awero.ee\/fi\/toode\/kylpytynnyrin-lasikuitukansi\/#primaryimage\"},\"image\":{\"@id\":\"https:\/\/awero.ee\/fi\/toode\/kylpytynnyrin-lasikuitukansi\/#primaryimage\"},\"thumbnailUrl\":\"https:\/\/awero.ee\/wp-content\/uploads\/2024\/12\/Kate_plastik-1.png\",\"datePublished\":\"2024-12-12T12:00:45+00:00\",\"dateModified\":\"2026-04-01T12:32:22+00:00\",\"breadcrumb\":{\"@id\":\"https:\/\/awero.ee\/fi\/toode\/kylpytynnyrin-lasikuitukansi\/#breadcrumb\"},\"inLanguage\":\"fi\",\"potentialAction\":[{\"@type\":\"ReadAction\",\"target\":[\"https:\/\/awero.ee\/fi\/toode\/kylpytynnyrin-lasikuitukansi\/\"]}]},{\"@type\":\"ImageObject\",\"inLanguage\":\"fi\",\"@id\":\"https:\/\/awero.ee\/fi\/toode\/kylpytynnyrin-lasikuitukansi\/#primaryimage\",\"url\":\"https:\/\/awero.ee\/wp-content\/uploads\/2024\/12\/Kate_plastik-1.png\",\"contentUrl\":\"https:\/\/awero.ee\/wp-content\/uploads\/2024\/12\/Kate_plastik-1.png\",\"width\":1476,\"height\":984},{\"@type\":\"BreadcrumbList\",\"@id\":\"https:\/\/awero.ee\/fi\/toode\/kylpytynnyrin-lasikuitukansi\/#breadcrumb\",\"itemListElement\":[{\"@type\":\"ListItem\",\"position\":1,\"name\":\"Home\",\"item\":\"https:\/\/awero.ee\/fi\/etusivu\/\"},{\"@type\":\"ListItem\",\"position\":2,\"name\":\"Kauppa\",\"item\":\"https:\/\/awero.ee\/fi\/kauppa\/\"},{\"@type\":\"ListItem\",\"position\":3,\"name\":\"Kylpytynnyrin lasikuitukansi\"}]},{\"@type\":\"WebSite\",\"@id\":\"https:\/\/awero.ee\/fi\/#website\",\"url\":\"https:\/\/awero.ee\/fi\/\",\"name\":\"Awero - S\u00fcdamega L\u00f5una Eestist\",\"description\":\"\",\"publisher\":{\"@id\":\"https:\/\/awero.ee\/fi\/#organization\"},\"potentialAction\":[{\"@type\":\"SearchAction\",\"target\":{\"@type\":\"EntryPoint\",\"urlTemplate\":\"https:\/\/awero.ee\/fi\/?s={search_term_string}\"},\"query-input\":{\"@type\":\"PropertyValueSpecification\",\"valueRequired\":true,\"valueName\":\"search_term_string\"}}],\"inLanguage\":\"fi\"},{\"@type\":\"Organization\",\"@id\":\"https:\/\/awero.ee\/fi\/#organization\",\"name\":\"Awero - S\u00fcdamega L\u00f5una Eestist\",\"url\":\"https:\/\/awero.ee\/fi\/\",\"logo\":{\"@type\":\"ImageObject\",\"inLanguage\":\"fi\",\"@id\":\"https:\/\/awero.ee\/fi\/#\/schema\/logo\/image\/\",\"url\":\"https:\/\/awero.ee\/wp-content\/uploads\/2024\/07\/aweroplaceholder.jpg\",\"contentUrl\":\"https:\/\/awero.ee\/wp-content\/uploads\/2024\/07\/aweroplaceholder.jpg\",\"width\":1250,\"height\":834,\"caption\":\"Awero - S\u00fcdamega L\u00f5una Eestist\"},\"image\":{\"@id\":\"https:\/\/awero.ee\/fi\/#\/schema\/logo\/image\/\"}}]}<\/script>\n<!-- \/ Yoast SEO plugin. -->","yoast_head_json":{"title":"Kylpytynnyrin lasikuitukansi - Awero - S\u00fcdamega L\u00f5una-Eestist","robots":{"index":"index","follow":"follow","max-snippet":"max-snippet:-1","max-image-preview":"max-image-preview:large","max-video-preview":"max-video-preview:-1"},"canonical":"https:\/\/awero.ee\/fi\/toode\/kylpytynnyrin-lasikuitukansi\/","og_locale":"fi_FI","og_type":"article","og_title":"Kylpytynnyrin lasikuitukansi - Awero - S\u00fcdamega L\u00f5una-Eestist","og_description":"Hinta sis\u00e4lt\u00e4\u00e4 arvonlis\u00e4veron. Lasikuitukansi on ihanteellinen valinta niille, jotka arvostavat kest\u00e4vyytt\u00e4, toimivuutta ja esteettist\u00e4 muotoilua kylpytynnyrin suojaamisessa. Kansi lis\u00e4\u00e4 kylpytynnyriin tyylikk\u00e4\u00e4n designelementin ja suojaa samalla ymp\u00e4rist\u00f6n ep\u00e4puhtauksilta ja lialta sek\u00e4 auttaa pit\u00e4m\u00e4\u00e4n veden puhtaana","og_url":"https:\/\/awero.ee\/fi\/toode\/kylpytynnyrin-lasikuitukansi\/","og_site_name":"Awero - S\u00fcdamega L\u00f5una-Eestist","article_modified_time":"2026-04-01T12:32:22+00:00","og_image":[{"width":1476,"height":984,"url":"https:\/\/awero.ee\/wp-content\/uploads\/2024\/12\/Kate_plastik-1.png","type":"image\/png"}],"twitter_card":"summary_large_image","schema":{"@context":"https:\/\/schema.org","@graph":[{"@type":"WebPage","@id":"https:\/\/awero.ee\/fi\/toode\/kylpytynnyrin-lasikuitukansi\/","url":"https:\/\/awero.ee\/fi\/toode\/kylpytynnyrin-lasikuitukansi\/","name":"Kylpytynnyrin lasikuitukansi - Awero - S\u00fcdamega L\u00f5una-Eestist","isPartOf":{"@id":"https:\/\/awero.ee\/fi\/#website"},"primaryImageOfPage":{"@id":"https:\/\/awero.ee\/fi\/toode\/kylpytynnyrin-lasikuitukansi\/#primaryimage"},"image":{"@id":"https:\/\/awero.ee\/fi\/toode\/kylpytynnyrin-lasikuitukansi\/#primaryimage"},"thumbnailUrl":"https:\/\/awero.ee\/wp-content\/uploads\/2024\/12\/Kate_plastik-1.png","datePublished":"2024-12-12T12:00:45+00:00","dateModified":"2026-04-01T12:32:22+00:00","breadcrumb":{"@id":"https:\/\/awero.ee\/fi\/toode\/kylpytynnyrin-lasikuitukansi\/#breadcrumb"},"inLanguage":"fi","potentialAction":[{"@type":"ReadAction","target":["https:\/\/awero.ee\/fi\/toode\/kylpytynnyrin-lasikuitukansi\/"]}]},{"@type":"ImageObject","inLanguage":"fi","@id":"https:\/\/awero.ee\/fi\/toode\/kylpytynnyrin-lasikuitukansi\/#primaryimage","url":"https:\/\/awero.ee\/wp-content\/uploads\/2024\/12\/Kate_plastik-1.png","contentUrl":"https:\/\/awero.ee\/wp-content\/uploads\/2024\/12\/Kate_plastik-1.png","width":1476,"height":984},{"@type":"BreadcrumbList","@id":"https:\/\/awero.ee\/fi\/toode\/kylpytynnyrin-lasikuitukansi\/#breadcrumb","itemListElement":[{"@type":"ListItem","position":1,"name":"Home","item":"https:\/\/awero.ee\/fi\/etusivu\/"},{"@type":"ListItem","position":2,"name":"Kauppa","item":"https:\/\/awero.ee\/fi\/kauppa\/"},{"@type":"ListItem","position":3,"name":"Kylpytynnyrin lasikuitukansi"}]},{"@type":"WebSite","@id":"https:\/\/awero.ee\/fi\/#website","url":"https:\/\/awero.ee\/fi\/","name":"Awero - S\u00fcdamega L\u00f5una Eestist","description":"","publisher":{"@id":"https:\/\/awero.ee\/fi\/#organization"},"potentialAction":[{"@type":"SearchAction","target":{"@type":"EntryPoint","urlTemplate":"https:\/\/awero.ee\/fi\/?s={search_term_string}"},"query-input":{"@type":"PropertyValueSpecification","valueRequired":true,"valueName":"search_term_string"}}],"inLanguage":"fi"},{"@type":"Organization","@id":"https:\/\/awero.ee\/fi\/#organization","name":"Awero - S\u00fcdamega L\u00f5una Eestist","url":"https:\/\/awero.ee\/fi\/","logo":{"@type":"ImageObject","inLanguage":"fi","@id":"https:\/\/awero.ee\/fi\/#\/schema\/logo\/image\/","url":"https:\/\/awero.ee\/wp-content\/uploads\/2024\/07\/aweroplaceholder.jpg","contentUrl":"https:\/\/awero.ee\/wp-content\/uploads\/2024\/07\/aweroplaceholder.jpg","width":1250,"height":834,"caption":"Awero - S\u00fcdamega L\u00f5una Eestist"},"image":{"@id":"https:\/\/awero.ee\/fi\/#\/schema\/logo\/image\/"}}]}},"_links":{"self":[{"href":"https:\/\/awero.ee\/fi\/wp-json\/wp\/v2\/product\/7910","targetHints":{"allow":["GET"]}}],"collection":[{"href":"https:\/\/awero.ee\/fi\/wp-json\/wp\/v2\/product"}],"about":[{"href":"https:\/\/awero.ee\/fi\/wp-json\/wp\/v2\/types\/product"}],"wp:featuredmedia":[{"embeddable":true,"href":"https:\/\/awero.ee\/fi\/wp-json\/wp\/v2\/media\/5105"}],"wp:attachment":[{"href":"https:\/\/awero.ee\/fi\/wp-json\/wp\/v2\/media?parent=7910"}],"wp:term":[{"taxonomy":"product_brand","embeddable":true,"href":"https:\/\/awero.ee\/fi\/wp-json\/wp\/v2\/product_brand?post=7910"},{"taxonomy":"product_cat","embeddable":true,"href":"https:\/\/awero.ee\/fi\/wp-json\/wp\/v2\/product_cat?post=7910"},{"taxonomy":"product_tag","embeddable":true,"href":"https:\/\/awero.ee\/fi\/wp-json\/wp\/v2\/product_tag?post=7910"}],"curies":[{"name":"wp","href":"https:\/\/api.w.org\/{rel}","templated":true}]}}