{"id":14803,"date":"2026-05-04T08:41:27","date_gmt":"2026-05-04T08:41:27","guid":{"rendered":"https:\/\/awero.ee\/?post_type=product&#038;p=14744"},"modified":"2026-05-04T08:41:27","modified_gmt":"2026-05-04T08:41:27","slug":"arctic-ice-tub-2","status":"publish","type":"product","link":"https:\/\/awero.ee\/fi\/toode\/arctic-ice-tub-2\/","title":{"rendered":"Arctic Ice Tub"},"content":{"rendered":"<p><strong>Komplekti kuulub:<\/strong><\/p>\n<ul>\n<li><strong>klaasfiibrist<\/strong> sisu (v\u00e4rvivalik: hall, valge, must, helesinine, sinine)<\/li>\n<li>termopuidust v\u00e4liskest (viimistletud puidukaitsevahendiga),<\/li>\n<li>\u00fcmar aste (viimistletud puidukaitsevahendiga).<\/li>\n<\/ul>\n<p>K\u00fclmt\u00fcnnile on v\u00f5imalik juurde tellida soojustatud kate ja vee jahutaja-soojendaja, mis v\u00f5imaldab t\u00fcnni kasutada nii k\u00fclma- kui soojateraapiaks. Samuti on v\u00f5imalik lasta t\u00fcnn v\u00e4ljast soojustada PUR vahuga, et tagada vee aeglasem temperatuuri muutumine.<\/p>\n","protected":false},"excerpt":{"rendered":"<p>Meie tootevalikusse on lisandunud <strong>k\u00fclmt\u00fcnn Arctic Ice Tub<\/strong>, mis on sobilik karastavaks supluseks \u00fchele inimesele. K\u00fclmt\u00fcnnil on lihtsasti hooldatav <strong>klaasfiibrist<\/strong> sisu ja vastupidav <strong>termopuidust<\/strong> \u00fcmbris.<\/p>\n","protected":false},"featured_media":0,"template":"","meta":{"_acf_changed":false},"product_brand":[],"product_cat":[],"product_tag":[],"class_list":{"0":"post-14803","1":"product","2":"type-product","3":"status-publish","6":"first","7":"instock","8":"shipping-taxable","9":"product-type-simple"},"acf":[],"yoast_head":"<!-- This site is optimized with the Yoast SEO plugin v27.5 - https:\/\/yoast.com\/product\/yoast-seo-wordpress\/ -->\n<title>Arctic Ice Tub - Awero - S\u00fcdamega L\u00f5una-Eestist<\/title>\n<meta name=\"robots\" content=\"index, follow, max-snippet:-1, max-image-preview:large, max-video-preview:-1\" \/>\n<link rel=\"canonical\" href=\"https:\/\/awero.ee\/fi\/toode\/arctic-ice-tub-2\/\" \/>\n<meta property=\"og:locale\" content=\"fi_FI\" \/>\n<meta property=\"og:type\" content=\"article\" \/>\n<meta property=\"og:title\" content=\"Arctic Ice Tub - Awero - S\u00fcdamega L\u00f5una-Eestist\" \/>\n<meta property=\"og:description\" content=\"Meie tootevalikusse on lisandunud k\u00fclmt\u00fcnn Arctic Ice Tub, mis on sobilik karastavaks supluseks \u00fchele inimesele. K\u00fclmt\u00fcnnil on lihtsasti hooldatav klaasfiibrist sisu ja vastupidav termopuidust \u00fcmbris.\" \/>\n<meta property=\"og:url\" content=\"https:\/\/awero.ee\/fi\/toode\/arctic-ice-tub-2\/\" \/>\n<meta property=\"og:site_name\" content=\"Awero - S\u00fcdamega L\u00f5una-Eestist\" \/>\n<meta property=\"og:image\" content=\"https:\/\/awero.ee\/wp-content\/uploads\/2025\/06\/land.png\" \/>\n\t<meta property=\"og:image:width\" content=\"1200\" \/>\n\t<meta property=\"og:image:height\" content=\"675\" \/>\n\t<meta property=\"og:image:type\" content=\"image\/png\" \/>\n<meta name=\"twitter:card\" content=\"summary_large_image\" \/>\n<script type=\"application\/ld+json\" class=\"yoast-schema-graph\">{\"@context\":\"https:\\\/\\\/schema.org\",\"@graph\":[{\"@type\":\"WebPage\",\"@id\":\"https:\\\/\\\/awero.ee\\\/fi\\\/toode\\\/arctic-ice-tub-2\\\/\",\"url\":\"https:\\\/\\\/awero.ee\\\/fi\\\/toode\\\/arctic-ice-tub-2\\\/\",\"name\":\"Arctic Ice Tub - Awero - S\u00fcdamega L\u00f5una-Eestist\",\"isPartOf\":{\"@id\":\"https:\\\/\\\/awero.ee\\\/fi\\\/#website\"},\"datePublished\":\"2026-05-04T08:41:27+00:00\",\"breadcrumb\":{\"@id\":\"https:\\\/\\\/awero.ee\\\/fi\\\/toode\\\/arctic-ice-tub-2\\\/#breadcrumb\"},\"inLanguage\":\"fi\",\"potentialAction\":[{\"@type\":\"ReadAction\",\"target\":[\"https:\\\/\\\/awero.ee\\\/fi\\\/toode\\\/arctic-ice-tub-2\\\/\"]}]},{\"@type\":\"BreadcrumbList\",\"@id\":\"https:\\\/\\\/awero.ee\\\/fi\\\/toode\\\/arctic-ice-tub-2\\\/#breadcrumb\",\"itemListElement\":[{\"@type\":\"ListItem\",\"position\":1,\"name\":\"Home\",\"item\":\"https:\\\/\\\/awero.ee\\\/fi\\\/etusivu\\\/\"},{\"@type\":\"ListItem\",\"position\":2,\"name\":\"Kauppa\",\"item\":\"https:\\\/\\\/awero.ee\\\/fi\\\/kauppa\\\/\"},{\"@type\":\"ListItem\",\"position\":3,\"name\":\"Arctic Ice Tub\"}]},{\"@type\":\"WebSite\",\"@id\":\"https:\\\/\\\/awero.ee\\\/fi\\\/#website\",\"url\":\"https:\\\/\\\/awero.ee\\\/fi\\\/\",\"name\":\"Awero - S\u00fcdamega L\u00f5una Eestist\",\"description\":\"\",\"publisher\":{\"@id\":\"https:\\\/\\\/awero.ee\\\/fi\\\/#organization\"},\"potentialAction\":[{\"@type\":\"SearchAction\",\"target\":{\"@type\":\"EntryPoint\",\"urlTemplate\":\"https:\\\/\\\/awero.ee\\\/fi\\\/?s={search_term_string}\"},\"query-input\":{\"@type\":\"PropertyValueSpecification\",\"valueRequired\":true,\"valueName\":\"search_term_string\"}}],\"inLanguage\":\"fi\"},{\"@type\":\"Organization\",\"@id\":\"https:\\\/\\\/awero.ee\\\/fi\\\/#organization\",\"name\":\"Awero - S\u00fcdamega L\u00f5una Eestist\",\"url\":\"https:\\\/\\\/awero.ee\\\/fi\\\/\",\"logo\":{\"@type\":\"ImageObject\",\"inLanguage\":\"fi\",\"@id\":\"https:\\\/\\\/awero.ee\\\/fi\\\/#\\\/schema\\\/logo\\\/image\\\/\",\"url\":\"https:\\\/\\\/awero.ee\\\/wp-content\\\/uploads\\\/2024\\\/07\\\/aweroplaceholder.jpg\",\"contentUrl\":\"https:\\\/\\\/awero.ee\\\/wp-content\\\/uploads\\\/2024\\\/07\\\/aweroplaceholder.jpg\",\"width\":1250,\"height\":834,\"caption\":\"Awero - S\u00fcdamega L\u00f5una Eestist\"},\"image\":{\"@id\":\"https:\\\/\\\/awero.ee\\\/fi\\\/#\\\/schema\\\/logo\\\/image\\\/\"}}]}<\/script>\n<!-- \/ Yoast SEO plugin. -->","yoast_head_json":{"title":"Arctic Ice Tub - Awero - S\u00fcdamega L\u00f5una-Eestist","robots":{"index":"index","follow":"follow","max-snippet":"max-snippet:-1","max-image-preview":"max-image-preview:large","max-video-preview":"max-video-preview:-1"},"canonical":"https:\/\/awero.ee\/fi\/toode\/arctic-ice-tub-2\/","og_locale":"fi_FI","og_type":"article","og_title":"Arctic Ice Tub - Awero - S\u00fcdamega L\u00f5una-Eestist","og_description":"Meie tootevalikusse on lisandunud k\u00fclmt\u00fcnn Arctic Ice Tub, mis on sobilik karastavaks supluseks \u00fchele inimesele. K\u00fclmt\u00fcnnil on lihtsasti hooldatav klaasfiibrist sisu ja vastupidav termopuidust \u00fcmbris.","og_url":"https:\/\/awero.ee\/fi\/toode\/arctic-ice-tub-2\/","og_site_name":"Awero - S\u00fcdamega L\u00f5una-Eestist","og_image":[{"width":1200,"height":675,"url":"https:\/\/awero.ee\/wp-content\/uploads\/2025\/06\/land.png","type":"image\/png"}],"twitter_card":"summary_large_image","schema":{"@context":"https:\/\/schema.org","@graph":[{"@type":"WebPage","@id":"https:\/\/awero.ee\/fi\/toode\/arctic-ice-tub-2\/","url":"https:\/\/awero.ee\/fi\/toode\/arctic-ice-tub-2\/","name":"Arctic Ice Tub - Awero - S\u00fcdamega L\u00f5una-Eestist","isPartOf":{"@id":"https:\/\/awero.ee\/fi\/#website"},"datePublished":"2026-05-04T08:41:27+00:00","breadcrumb":{"@id":"https:\/\/awero.ee\/fi\/toode\/arctic-ice-tub-2\/#breadcrumb"},"inLanguage":"fi","potentialAction":[{"@type":"ReadAction","target":["https:\/\/awero.ee\/fi\/toode\/arctic-ice-tub-2\/"]}]},{"@type":"BreadcrumbList","@id":"https:\/\/awero.ee\/fi\/toode\/arctic-ice-tub-2\/#breadcrumb","itemListElement":[{"@type":"ListItem","position":1,"name":"Home","item":"https:\/\/awero.ee\/fi\/etusivu\/"},{"@type":"ListItem","position":2,"name":"Kauppa","item":"https:\/\/awero.ee\/fi\/kauppa\/"},{"@type":"ListItem","position":3,"name":"Arctic Ice Tub"}]},{"@type":"WebSite","@id":"https:\/\/awero.ee\/fi\/#website","url":"https:\/\/awero.ee\/fi\/","name":"Awero - S\u00fcdamega L\u00f5una Eestist","description":"","publisher":{"@id":"https:\/\/awero.ee\/fi\/#organization"},"potentialAction":[{"@type":"SearchAction","target":{"@type":"EntryPoint","urlTemplate":"https:\/\/awero.ee\/fi\/?s={search_term_string}"},"query-input":{"@type":"PropertyValueSpecification","valueRequired":true,"valueName":"search_term_string"}}],"inLanguage":"fi"},{"@type":"Organization","@id":"https:\/\/awero.ee\/fi\/#organization","name":"Awero - S\u00fcdamega L\u00f5una Eestist","url":"https:\/\/awero.ee\/fi\/","logo":{"@type":"ImageObject","inLanguage":"fi","@id":"https:\/\/awero.ee\/fi\/#\/schema\/logo\/image\/","url":"https:\/\/awero.ee\/wp-content\/uploads\/2024\/07\/aweroplaceholder.jpg","contentUrl":"https:\/\/awero.ee\/wp-content\/uploads\/2024\/07\/aweroplaceholder.jpg","width":1250,"height":834,"caption":"Awero - S\u00fcdamega L\u00f5una Eestist"},"image":{"@id":"https:\/\/awero.ee\/fi\/#\/schema\/logo\/image\/"}}]}},"_links":{"self":[{"href":"https:\/\/awero.ee\/fi\/wp-json\/wp\/v2\/product\/14803","targetHints":{"allow":["GET"]}}],"collection":[{"href":"https:\/\/awero.ee\/fi\/wp-json\/wp\/v2\/product"}],"about":[{"href":"https:\/\/awero.ee\/fi\/wp-json\/wp\/v2\/types\/product"}],"wp:attachment":[{"href":"https:\/\/awero.ee\/fi\/wp-json\/wp\/v2\/media?parent=14803"}],"wp:term":[{"taxonomy":"product_brand","embeddable":true,"href":"https:\/\/awero.ee\/fi\/wp-json\/wp\/v2\/product_brand?post=14803"},{"taxonomy":"product_cat","embeddable":true,"href":"https:\/\/awero.ee\/fi\/wp-json\/wp\/v2\/product_cat?post=14803"},{"taxonomy":"product_tag","embeddable":true,"href":"https:\/\/awero.ee\/fi\/wp-json\/wp\/v2\/product_tag?post=14803"}],"curies":[{"name":"wp","href":"https:\/\/api.w.org\/{rel}","templated":true}]}}