{"id":12813,"date":"2025-10-22T12:16:54","date_gmt":"2025-10-22T12:16:54","guid":{"rendered":"https:\/\/awero.ee\/toode\/vesijaahdytin-g-05\/"},"modified":"2026-04-01T12:31:37","modified_gmt":"2026-04-01T12:31:37","slug":"vesijaahdytin-g-05","status":"publish","type":"product","link":"https:\/\/awero.ee\/fi\/toode\/vesijaahdytin-g-05\/","title":{"rendered":"Vesij\u00e4\u00e4hdytin G-05"},"content":{"rendered":"<p>Pakettiin sis\u00e4ltyy:<\/p>\n<p>\u2022 Vesij\u00e4\u00e4hdytin G-05 \/ 220V \u2013 0,5 HP<br \/>\n\u2022 Liit\u00e4nt\u00e4osat<\/p>\n<p>&nbsp;<\/p>\n<p><strong>Awero-malleista laite sopii erinomaisesti j\u00e4\u00e4t\u00fcnneille <a href=\"https:\/\/awero.ee\/fi\/toode\/icetub-100\/\">IceTub 100<\/a> ja <a href=\"https:\/\/awero.ee\/fi\/toode\/icon-icetub\/\">Icon IceTub<\/a>.<\/strong><\/p>\n<p>&nbsp;<\/p>\n<p data-start=\"53\" data-end=\"74\"><strong>Tekniset tiedot: <\/strong><\/p>\n<ul data-start=\"76\" data-end=\"505\">\n<li data-start=\"76\" data-end=\"104\">\n<p data-start=\"78\" data-end=\"104\">Sy\u00f6tt\u00f6teho: 695 W<\/p>\n<\/li>\n<li data-start=\"105\" data-end=\"130\">\n<p data-start=\"107\" data-end=\"130\">Taajuus: 50 Hz<\/p>\n<\/li>\n<li data-start=\"131\" data-end=\"158\">\n<p data-start=\"133\" data-end=\"158\">J\u00e4nnite: 220\u2013240 V<\/p>\n<\/li>\n<li data-start=\"159\" data-end=\"186\">\n<p data-start=\"161\" data-end=\"186\">Virta: 3,2 A<\/p>\n<\/li>\n<li data-start=\"187\" data-end=\"221\">\n<p data-start=\"189\" data-end=\"221\">Kompressorin teho: 410 W<\/p>\n<\/li>\n<li data-start=\"222\" data-end=\"252\">\n<p data-start=\"224\" data-end=\"252\">J\u00e4\u00e4hdytysteho: 1200 W<\/p>\n<\/li>\n<li data-start=\"253\" data-end=\"275\">\n<p data-start=\"255\" data-end=\"275\">Kylm\u00e4aine: R32<\/p>\n<\/li>\n<li data-start=\"276\" data-end=\"313\">\n<p data-start=\"278\" data-end=\"313\">J\u00e4\u00e4hdytystapa: jopa 3 \u00b0C<\/p>\n<\/li>\n<li data-start=\"314\" data-end=\"356\">\n<p data-start=\"316\" data-end=\"356\">J\u00e4\u00e4hdytysaika: 20 \u00b0C \u2192 3 \u00b0C \u2248 8 tuntia<\/p>\n<\/li>\n<li data-start=\"357\" data-end=\"392\">\n<p data-start=\"359\" data-end=\"392\">K\u00e4ytt\u00f6l\u00e4mp\u00f6tila: 2 \u00b0C \u2013 45 \u00b0C<\/p>\n<\/li>\n<li data-start=\"393\" data-end=\"426\">\n<p data-start=\"395\" data-end=\"426\">Vesis\u00e4ili\u00f6n tilavuus: 300\u2013400 L<\/p>\n<\/li>\n<li data-start=\"427\" data-end=\"452\">\n<p data-start=\"429\" data-end=\"452\">Nettopaino: 22,2 kg<\/p>\n<\/li>\n<li data-start=\"453\" data-end=\"505\">\n<p data-start=\"455\" data-end=\"505\">Tuotteen mitat (P \u00d7 L \u00d7 K): 375 \u00d7 300 \u00d7 345 mm<\/p>\n<\/li>\n<\/ul>\n","protected":false},"excerpt":{"rendered":"<p>Vesij\u00e4\u00e4hdytin G-05 on kompaktin kokoinen j\u00e4\u00e4t\u00fcnnin j\u00e4\u00e4hdytyslaite, joka pystyy j\u00e4\u00e4hdytt\u00e4m\u00e4\u00e4n jopa 400 litraa vett\u00e4 3 \u00b0C:een. Laaja k\u00e4ytt\u00f6alue +2\u2026+45 \u00b0C takaa vakaan ja tehokkaan j\u00e4\u00e4hdytyksen my\u00f6s intensiivisess\u00e4 k\u00e4yt\u00f6ss\u00e4. Sopii erinomaisesti j\u00e4\u00e4kylpyihin ja kylm\u00e4hoitoratkaisuihin.  <\/p>\n","protected":false},"featured_media":8605,"template":"","meta":{"_acf_changed":false},"product_brand":[],"product_cat":[1636,1079],"product_tag":[],"class_list":{"0":"post-12813","1":"product","2":"type-product","3":"status-publish","4":"has-post-thumbnail","6":"product_cat-uncategorized-et","7":"product_cat-lisavarusteet","9":"first","10":"instock","11":"shipping-taxable","12":"product-type-simple"},"acf":[],"yoast_head":"<!-- This site is optimized with the Yoast SEO plugin v26.8 - https:\/\/yoast.com\/product\/yoast-seo-wordpress\/ -->\n<title>Vesij\u00e4\u00e4hdytin G-05 - Awero - S\u00fcdamega L\u00f5una-Eestist<\/title>\n<meta name=\"robots\" content=\"index, follow, max-snippet:-1, max-image-preview:large, max-video-preview:-1\" \/>\n<link rel=\"canonical\" href=\"https:\/\/awero.ee\/fi\/toode\/vesijaahdytin-g-05\/\" \/>\n<meta property=\"og:locale\" content=\"fi_FI\" \/>\n<meta property=\"og:type\" content=\"article\" \/>\n<meta property=\"og:title\" content=\"Vesij\u00e4\u00e4hdytin G-05 - Awero - S\u00fcdamega L\u00f5una-Eestist\" \/>\n<meta property=\"og:description\" content=\"Vesij\u00e4\u00e4hdytin G-05 on kompaktin kokoinen j\u00e4\u00e4t\u00fcnnin j\u00e4\u00e4hdytyslaite, joka pystyy j\u00e4\u00e4hdytt\u00e4m\u00e4\u00e4n jopa 400 litraa vett\u00e4 3 \u00b0C:een. Laaja k\u00e4ytt\u00f6alue +2\u2026+45 \u00b0C takaa vakaan ja tehokkaan j\u00e4\u00e4hdytyksen my\u00f6s intensiivisess\u00e4 k\u00e4yt\u00f6ss\u00e4. Sopii erinomaisesti j\u00e4\u00e4kylpyihin ja kylm\u00e4hoitoratkaisuihin.\" \/>\n<meta property=\"og:url\" content=\"https:\/\/awero.ee\/fi\/toode\/vesijaahdytin-g-05\/\" \/>\n<meta property=\"og:site_name\" content=\"Awero - S\u00fcdamega L\u00f5una-Eestist\" \/>\n<meta property=\"article:modified_time\" content=\"2026-04-01T12:31:37+00:00\" \/>\n<meta property=\"og:image\" content=\"https:\/\/awero.ee\/wp-content\/uploads\/2025\/10\/WhatsApp-Image-2025-04-18-at-11.53.42.jpeg\" \/>\n\t<meta property=\"og:image:width\" content=\"1600\" \/>\n\t<meta property=\"og:image:height\" content=\"1600\" \/>\n\t<meta property=\"og:image:type\" content=\"image\/jpeg\" \/>\n<meta name=\"twitter:card\" content=\"summary_large_image\" \/>\n<script type=\"application\/ld+json\" class=\"yoast-schema-graph\">{\"@context\":\"https:\/\/schema.org\",\"@graph\":[{\"@type\":\"WebPage\",\"@id\":\"https:\/\/awero.ee\/fi\/toode\/vesijaahdytin-g-05\/\",\"url\":\"https:\/\/awero.ee\/fi\/toode\/vesijaahdytin-g-05\/\",\"name\":\"Vesij\u00e4\u00e4hdytin G-05 - Awero - S\u00fcdamega L\u00f5una-Eestist\",\"isPartOf\":{\"@id\":\"https:\/\/awero.ee\/fi\/#website\"},\"primaryImageOfPage\":{\"@id\":\"https:\/\/awero.ee\/fi\/toode\/vesijaahdytin-g-05\/#primaryimage\"},\"image\":{\"@id\":\"https:\/\/awero.ee\/fi\/toode\/vesijaahdytin-g-05\/#primaryimage\"},\"thumbnailUrl\":\"https:\/\/awero.ee\/wp-content\/uploads\/2025\/10\/WhatsApp-Image-2025-04-18-at-11.53.42.jpeg\",\"datePublished\":\"2025-10-22T12:16:54+00:00\",\"dateModified\":\"2026-04-01T12:31:37+00:00\",\"breadcrumb\":{\"@id\":\"https:\/\/awero.ee\/fi\/toode\/vesijaahdytin-g-05\/#breadcrumb\"},\"inLanguage\":\"fi\",\"potentialAction\":[{\"@type\":\"ReadAction\",\"target\":[\"https:\/\/awero.ee\/fi\/toode\/vesijaahdytin-g-05\/\"]}]},{\"@type\":\"ImageObject\",\"inLanguage\":\"fi\",\"@id\":\"https:\/\/awero.ee\/fi\/toode\/vesijaahdytin-g-05\/#primaryimage\",\"url\":\"https:\/\/awero.ee\/wp-content\/uploads\/2025\/10\/WhatsApp-Image-2025-04-18-at-11.53.42.jpeg\",\"contentUrl\":\"https:\/\/awero.ee\/wp-content\/uploads\/2025\/10\/WhatsApp-Image-2025-04-18-at-11.53.42.jpeg\",\"width\":1600,\"height\":1600},{\"@type\":\"BreadcrumbList\",\"@id\":\"https:\/\/awero.ee\/fi\/toode\/vesijaahdytin-g-05\/#breadcrumb\",\"itemListElement\":[{\"@type\":\"ListItem\",\"position\":1,\"name\":\"Home\",\"item\":\"https:\/\/awero.ee\/fi\/etusivu\/\"},{\"@type\":\"ListItem\",\"position\":2,\"name\":\"Kauppa\",\"item\":\"https:\/\/awero.ee\/fi\/kauppa\/\"},{\"@type\":\"ListItem\",\"position\":3,\"name\":\"Vesij\u00e4\u00e4hdytin G-05\"}]},{\"@type\":\"WebSite\",\"@id\":\"https:\/\/awero.ee\/fi\/#website\",\"url\":\"https:\/\/awero.ee\/fi\/\",\"name\":\"Awero - S\u00fcdamega L\u00f5una Eestist\",\"description\":\"\",\"publisher\":{\"@id\":\"https:\/\/awero.ee\/fi\/#organization\"},\"potentialAction\":[{\"@type\":\"SearchAction\",\"target\":{\"@type\":\"EntryPoint\",\"urlTemplate\":\"https:\/\/awero.ee\/fi\/?s={search_term_string}\"},\"query-input\":{\"@type\":\"PropertyValueSpecification\",\"valueRequired\":true,\"valueName\":\"search_term_string\"}}],\"inLanguage\":\"fi\"},{\"@type\":\"Organization\",\"@id\":\"https:\/\/awero.ee\/fi\/#organization\",\"name\":\"Awero - S\u00fcdamega L\u00f5una Eestist\",\"url\":\"https:\/\/awero.ee\/fi\/\",\"logo\":{\"@type\":\"ImageObject\",\"inLanguage\":\"fi\",\"@id\":\"https:\/\/awero.ee\/fi\/#\/schema\/logo\/image\/\",\"url\":\"https:\/\/awero.ee\/wp-content\/uploads\/2024\/07\/aweroplaceholder.jpg\",\"contentUrl\":\"https:\/\/awero.ee\/wp-content\/uploads\/2024\/07\/aweroplaceholder.jpg\",\"width\":1250,\"height\":834,\"caption\":\"Awero - S\u00fcdamega L\u00f5una Eestist\"},\"image\":{\"@id\":\"https:\/\/awero.ee\/fi\/#\/schema\/logo\/image\/\"}}]}<\/script>\n<!-- \/ Yoast SEO plugin. -->","yoast_head_json":{"title":"Vesij\u00e4\u00e4hdytin G-05 - Awero - S\u00fcdamega L\u00f5una-Eestist","robots":{"index":"index","follow":"follow","max-snippet":"max-snippet:-1","max-image-preview":"max-image-preview:large","max-video-preview":"max-video-preview:-1"},"canonical":"https:\/\/awero.ee\/fi\/toode\/vesijaahdytin-g-05\/","og_locale":"fi_FI","og_type":"article","og_title":"Vesij\u00e4\u00e4hdytin G-05 - Awero - S\u00fcdamega L\u00f5una-Eestist","og_description":"Vesij\u00e4\u00e4hdytin G-05 on kompaktin kokoinen j\u00e4\u00e4t\u00fcnnin j\u00e4\u00e4hdytyslaite, joka pystyy j\u00e4\u00e4hdytt\u00e4m\u00e4\u00e4n jopa 400 litraa vett\u00e4 3 \u00b0C:een. Laaja k\u00e4ytt\u00f6alue +2\u2026+45 \u00b0C takaa vakaan ja tehokkaan j\u00e4\u00e4hdytyksen my\u00f6s intensiivisess\u00e4 k\u00e4yt\u00f6ss\u00e4. Sopii erinomaisesti j\u00e4\u00e4kylpyihin ja kylm\u00e4hoitoratkaisuihin.","og_url":"https:\/\/awero.ee\/fi\/toode\/vesijaahdytin-g-05\/","og_site_name":"Awero - S\u00fcdamega L\u00f5una-Eestist","article_modified_time":"2026-04-01T12:31:37+00:00","og_image":[{"width":1600,"height":1600,"url":"https:\/\/awero.ee\/wp-content\/uploads\/2025\/10\/WhatsApp-Image-2025-04-18-at-11.53.42.jpeg","type":"image\/jpeg"}],"twitter_card":"summary_large_image","schema":{"@context":"https:\/\/schema.org","@graph":[{"@type":"WebPage","@id":"https:\/\/awero.ee\/fi\/toode\/vesijaahdytin-g-05\/","url":"https:\/\/awero.ee\/fi\/toode\/vesijaahdytin-g-05\/","name":"Vesij\u00e4\u00e4hdytin G-05 - Awero - S\u00fcdamega L\u00f5una-Eestist","isPartOf":{"@id":"https:\/\/awero.ee\/fi\/#website"},"primaryImageOfPage":{"@id":"https:\/\/awero.ee\/fi\/toode\/vesijaahdytin-g-05\/#primaryimage"},"image":{"@id":"https:\/\/awero.ee\/fi\/toode\/vesijaahdytin-g-05\/#primaryimage"},"thumbnailUrl":"https:\/\/awero.ee\/wp-content\/uploads\/2025\/10\/WhatsApp-Image-2025-04-18-at-11.53.42.jpeg","datePublished":"2025-10-22T12:16:54+00:00","dateModified":"2026-04-01T12:31:37+00:00","breadcrumb":{"@id":"https:\/\/awero.ee\/fi\/toode\/vesijaahdytin-g-05\/#breadcrumb"},"inLanguage":"fi","potentialAction":[{"@type":"ReadAction","target":["https:\/\/awero.ee\/fi\/toode\/vesijaahdytin-g-05\/"]}]},{"@type":"ImageObject","inLanguage":"fi","@id":"https:\/\/awero.ee\/fi\/toode\/vesijaahdytin-g-05\/#primaryimage","url":"https:\/\/awero.ee\/wp-content\/uploads\/2025\/10\/WhatsApp-Image-2025-04-18-at-11.53.42.jpeg","contentUrl":"https:\/\/awero.ee\/wp-content\/uploads\/2025\/10\/WhatsApp-Image-2025-04-18-at-11.53.42.jpeg","width":1600,"height":1600},{"@type":"BreadcrumbList","@id":"https:\/\/awero.ee\/fi\/toode\/vesijaahdytin-g-05\/#breadcrumb","itemListElement":[{"@type":"ListItem","position":1,"name":"Home","item":"https:\/\/awero.ee\/fi\/etusivu\/"},{"@type":"ListItem","position":2,"name":"Kauppa","item":"https:\/\/awero.ee\/fi\/kauppa\/"},{"@type":"ListItem","position":3,"name":"Vesij\u00e4\u00e4hdytin G-05"}]},{"@type":"WebSite","@id":"https:\/\/awero.ee\/fi\/#website","url":"https:\/\/awero.ee\/fi\/","name":"Awero - S\u00fcdamega L\u00f5una Eestist","description":"","publisher":{"@id":"https:\/\/awero.ee\/fi\/#organization"},"potentialAction":[{"@type":"SearchAction","target":{"@type":"EntryPoint","urlTemplate":"https:\/\/awero.ee\/fi\/?s={search_term_string}"},"query-input":{"@type":"PropertyValueSpecification","valueRequired":true,"valueName":"search_term_string"}}],"inLanguage":"fi"},{"@type":"Organization","@id":"https:\/\/awero.ee\/fi\/#organization","name":"Awero - S\u00fcdamega L\u00f5una Eestist","url":"https:\/\/awero.ee\/fi\/","logo":{"@type":"ImageObject","inLanguage":"fi","@id":"https:\/\/awero.ee\/fi\/#\/schema\/logo\/image\/","url":"https:\/\/awero.ee\/wp-content\/uploads\/2024\/07\/aweroplaceholder.jpg","contentUrl":"https:\/\/awero.ee\/wp-content\/uploads\/2024\/07\/aweroplaceholder.jpg","width":1250,"height":834,"caption":"Awero - S\u00fcdamega L\u00f5una Eestist"},"image":{"@id":"https:\/\/awero.ee\/fi\/#\/schema\/logo\/image\/"}}]}},"_links":{"self":[{"href":"https:\/\/awero.ee\/fi\/wp-json\/wp\/v2\/product\/12813","targetHints":{"allow":["GET"]}}],"collection":[{"href":"https:\/\/awero.ee\/fi\/wp-json\/wp\/v2\/product"}],"about":[{"href":"https:\/\/awero.ee\/fi\/wp-json\/wp\/v2\/types\/product"}],"wp:featuredmedia":[{"embeddable":true,"href":"https:\/\/awero.ee\/fi\/wp-json\/wp\/v2\/media\/8605"}],"wp:attachment":[{"href":"https:\/\/awero.ee\/fi\/wp-json\/wp\/v2\/media?parent=12813"}],"wp:term":[{"taxonomy":"product_brand","embeddable":true,"href":"https:\/\/awero.ee\/fi\/wp-json\/wp\/v2\/product_brand?post=12813"},{"taxonomy":"product_cat","embeddable":true,"href":"https:\/\/awero.ee\/fi\/wp-json\/wp\/v2\/product_cat?post=12813"},{"taxonomy":"product_tag","embeddable":true,"href":"https:\/\/awero.ee\/fi\/wp-json\/wp\/v2\/product_tag?post=12813"}],"curies":[{"name":"wp","href":"https:\/\/api.w.org\/{rel}","templated":true}]}}