{"id":12809,"date":"2025-02-17T11:40:51","date_gmt":"2025-02-17T11:40:51","guid":{"rendered":"https:\/\/awero.ee\/toode\/suodatuspallot-700-g\/"},"modified":"2026-03-10T07:58:58","modified_gmt":"2026-03-10T07:58:58","slug":"suodatuspallot-700-g","status":"publish","type":"product","link":"https:\/\/awero.ee\/fi\/toode\/suodatuspallot-700-g\/","title":{"rendered":"Suodatuspallot (700 g)"},"content":{"rendered":"<p data-start=\"726\" data-end=\"748\"><strong data-start=\"726\" data-end=\"748\">P\u00e4\u00e4ominaisuudet:<\/strong><\/p>\n<ul>\n<li data-start=\"751\" data-end=\"774\">Tehokas veden suodatus<\/li>\n<li data-start=\"777\" data-end=\"815\">Sopii k\u00e4ytett\u00e4v\u00e4ksi suodatusj\u00e4rjestelmiss\u00e4<\/li>\n<li data-start=\"818\" data-end=\"845\">Kevyet ja uudelleenk\u00e4ytett\u00e4v\u00e4t<\/li>\n<li data-start=\"848\" data-end=\"877\">Helppo huoltaa ja puhdistaa<\/li>\n<li data-start=\"880\" data-end=\"908\">Tukee tasaisen veden kiertoa<\/li>\n<\/ul>\n<p data-start=\"910\" data-end=\"1022\">Suodatuspallot ovat k\u00e4yt\u00e4nn\u00f6llinen valinta kylpytynnyrin veden puhtauden yll\u00e4pit\u00e4miseen ja suodatusj\u00e4rjestelm\u00e4n luotettavuuden varmistamiseen.<\/p>\n","protected":false},"excerpt":{"rendered":"<p data-start=\"185\" data-end=\"410\">Suodatuspallot ovat tehokas ja nykyaikainen ratkaisu kylpytynnyrin veden suodattamiseen. Ne on suunniteltu k\u00e4ytett\u00e4v\u00e4ksi erityisess\u00e4 <a href=\"https:\/\/awero.ee\/toode\/filtripallidega-vee-filtreerimissusteem\/\">suodatusj\u00e4rjestelm\u00e4ss\u00e4<\/a> ja ne takaavat veden puhtauden, auttaen sieppaamaan likaa, hienojakoisia hiukkasia ja kelluvia ep\u00e4puhtauksia. <\/p>\n<p data-start=\"412\" data-end=\"724\">Perinteisiin suodatusratkaisuihin verrattuna suodatuspallot ovat kevyempi\u00e4, kest\u00e4vi\u00e4 ja uudelleenk\u00e4ytett\u00e4vi\u00e4. Ne mahdollistavat tasaisen veden virtauksen ja tukevat koko suodatusj\u00e4rjestelm\u00e4n tehokasta toimintaa. Suodatuspallot ovat helposti huollettavia ja tarvittaessa pest\u00e4vi\u00e4, mik\u00e4 tekee niiden k\u00e4yt\u00f6st\u00e4 k\u00e4tev\u00e4\u00e4 ja kustannustehokasta.  <\/p>\n","protected":false},"featured_media":5072,"template":"","meta":{"_acf_changed":false},"product_brand":[],"product_cat":[1079],"product_tag":[],"class_list":{"0":"post-12809","1":"product","2":"type-product","3":"status-publish","4":"has-post-thumbnail","6":"product_cat-lisavarusteet","7":"product_shipping_class-pakiautomaat","9":"first","10":"instock","11":"shipping-taxable","12":"product-type-simple"},"acf":[],"yoast_head":"<!-- This site is optimized with the Yoast SEO plugin v26.8 - https:\/\/yoast.com\/product\/yoast-seo-wordpress\/ -->\n<title>Suodatuspallot (700 g) - Awero - S\u00fcdamega L\u00f5una-Eestist<\/title>\n<meta name=\"robots\" content=\"index, follow, max-snippet:-1, max-image-preview:large, max-video-preview:-1\" \/>\n<link rel=\"canonical\" href=\"https:\/\/awero.ee\/fi\/toode\/suodatuspallot-700-g\/\" \/>\n<meta property=\"og:locale\" content=\"fi_FI\" \/>\n<meta property=\"og:type\" content=\"article\" \/>\n<meta property=\"og:title\" content=\"Suodatuspallot (700 g) - Awero - S\u00fcdamega L\u00f5una-Eestist\" \/>\n<meta property=\"og:description\" content=\"Suodatuspallot ovat tehokas ja nykyaikainen ratkaisu kylpytynnyrin veden suodattamiseen. Ne on suunniteltu k\u00e4ytett\u00e4v\u00e4ksi erityisess\u00e4 suodatusj\u00e4rjestelm\u00e4ss\u00e4 ja ne takaavat veden puhtauden, auttaen sieppaamaan likaa, hienojakoisia hiukkasia ja kelluvia ep\u00e4puhtauksia. Perinteisiin suodatusratkaisuihin verrattuna suodatuspallot ovat kevyempi\u00e4, kest\u00e4vi\u00e4 ja uudelleenk\u00e4ytett\u00e4vi\u00e4. Ne mahdollistavat tasaisen veden virtauksen ja tukevat koko suodatusj\u00e4rjestelm\u00e4n tehokasta toimintaa. Suodatuspallot ovat helposti huollettavia ja tarvittaessa pest\u00e4vi\u00e4, mik\u00e4 tekee niiden k\u00e4yt\u00f6st\u00e4 k\u00e4tev\u00e4\u00e4 ja kustannustehokasta.\" \/>\n<meta property=\"og:url\" content=\"https:\/\/awero.ee\/fi\/toode\/suodatuspallot-700-g\/\" \/>\n<meta property=\"og:site_name\" content=\"Awero - S\u00fcdamega L\u00f5una-Eestist\" \/>\n<meta property=\"article:modified_time\" content=\"2026-03-10T07:58:58+00:00\" \/>\n<meta property=\"og:image\" content=\"https:\/\/awero.ee\/wp-content\/uploads\/2025\/02\/Filtripallid.jpg\" \/>\n\t<meta property=\"og:image:width\" content=\"967\" \/>\n\t<meta property=\"og:image:height\" content=\"834\" \/>\n\t<meta property=\"og:image:type\" content=\"image\/jpeg\" \/>\n<meta name=\"twitter:card\" content=\"summary_large_image\" \/>\n<script type=\"application\/ld+json\" class=\"yoast-schema-graph\">{\"@context\":\"https:\/\/schema.org\",\"@graph\":[{\"@type\":\"WebPage\",\"@id\":\"https:\/\/awero.ee\/fi\/toode\/suodatuspallot-700-g\/\",\"url\":\"https:\/\/awero.ee\/fi\/toode\/suodatuspallot-700-g\/\",\"name\":\"Suodatuspallot (700 g) - Awero - S\u00fcdamega L\u00f5una-Eestist\",\"isPartOf\":{\"@id\":\"https:\/\/awero.ee\/fi\/#website\"},\"primaryImageOfPage\":{\"@id\":\"https:\/\/awero.ee\/fi\/toode\/suodatuspallot-700-g\/#primaryimage\"},\"image\":{\"@id\":\"https:\/\/awero.ee\/fi\/toode\/suodatuspallot-700-g\/#primaryimage\"},\"thumbnailUrl\":\"https:\/\/awero.ee\/wp-content\/uploads\/2025\/02\/Filtripallid.jpg\",\"datePublished\":\"2025-02-17T11:40:51+00:00\",\"dateModified\":\"2026-03-10T07:58:58+00:00\",\"breadcrumb\":{\"@id\":\"https:\/\/awero.ee\/fi\/toode\/suodatuspallot-700-g\/#breadcrumb\"},\"inLanguage\":\"fi\",\"potentialAction\":[{\"@type\":\"ReadAction\",\"target\":[\"https:\/\/awero.ee\/fi\/toode\/suodatuspallot-700-g\/\"]}]},{\"@type\":\"ImageObject\",\"inLanguage\":\"fi\",\"@id\":\"https:\/\/awero.ee\/fi\/toode\/suodatuspallot-700-g\/#primaryimage\",\"url\":\"https:\/\/awero.ee\/wp-content\/uploads\/2025\/02\/Filtripallid.jpg\",\"contentUrl\":\"https:\/\/awero.ee\/wp-content\/uploads\/2025\/02\/Filtripallid.jpg\",\"width\":967,\"height\":834},{\"@type\":\"BreadcrumbList\",\"@id\":\"https:\/\/awero.ee\/fi\/toode\/suodatuspallot-700-g\/#breadcrumb\",\"itemListElement\":[{\"@type\":\"ListItem\",\"position\":1,\"name\":\"Home\",\"item\":\"https:\/\/awero.ee\/fi\/etusivu\/\"},{\"@type\":\"ListItem\",\"position\":2,\"name\":\"Kauppa\",\"item\":\"https:\/\/awero.ee\/fi\/kauppa\/\"},{\"@type\":\"ListItem\",\"position\":3,\"name\":\"Suodatuspallot (700 g)\"}]},{\"@type\":\"WebSite\",\"@id\":\"https:\/\/awero.ee\/fi\/#website\",\"url\":\"https:\/\/awero.ee\/fi\/\",\"name\":\"Awero - S\u00fcdamega L\u00f5una Eestist\",\"description\":\"\",\"publisher\":{\"@id\":\"https:\/\/awero.ee\/fi\/#organization\"},\"potentialAction\":[{\"@type\":\"SearchAction\",\"target\":{\"@type\":\"EntryPoint\",\"urlTemplate\":\"https:\/\/awero.ee\/fi\/?s={search_term_string}\"},\"query-input\":{\"@type\":\"PropertyValueSpecification\",\"valueRequired\":true,\"valueName\":\"search_term_string\"}}],\"inLanguage\":\"fi\"},{\"@type\":\"Organization\",\"@id\":\"https:\/\/awero.ee\/fi\/#organization\",\"name\":\"Awero - S\u00fcdamega L\u00f5una Eestist\",\"url\":\"https:\/\/awero.ee\/fi\/\",\"logo\":{\"@type\":\"ImageObject\",\"inLanguage\":\"fi\",\"@id\":\"https:\/\/awero.ee\/fi\/#\/schema\/logo\/image\/\",\"url\":\"https:\/\/awero.ee\/wp-content\/uploads\/2024\/07\/aweroplaceholder.jpg\",\"contentUrl\":\"https:\/\/awero.ee\/wp-content\/uploads\/2024\/07\/aweroplaceholder.jpg\",\"width\":1250,\"height\":834,\"caption\":\"Awero - S\u00fcdamega L\u00f5una Eestist\"},\"image\":{\"@id\":\"https:\/\/awero.ee\/fi\/#\/schema\/logo\/image\/\"}}]}<\/script>\n<!-- \/ Yoast SEO plugin. -->","yoast_head_json":{"title":"Suodatuspallot (700 g) - Awero - S\u00fcdamega L\u00f5una-Eestist","robots":{"index":"index","follow":"follow","max-snippet":"max-snippet:-1","max-image-preview":"max-image-preview:large","max-video-preview":"max-video-preview:-1"},"canonical":"https:\/\/awero.ee\/fi\/toode\/suodatuspallot-700-g\/","og_locale":"fi_FI","og_type":"article","og_title":"Suodatuspallot (700 g) - Awero - S\u00fcdamega L\u00f5una-Eestist","og_description":"Suodatuspallot ovat tehokas ja nykyaikainen ratkaisu kylpytynnyrin veden suodattamiseen. Ne on suunniteltu k\u00e4ytett\u00e4v\u00e4ksi erityisess\u00e4 suodatusj\u00e4rjestelm\u00e4ss\u00e4 ja ne takaavat veden puhtauden, auttaen sieppaamaan likaa, hienojakoisia hiukkasia ja kelluvia ep\u00e4puhtauksia. Perinteisiin suodatusratkaisuihin verrattuna suodatuspallot ovat kevyempi\u00e4, kest\u00e4vi\u00e4 ja uudelleenk\u00e4ytett\u00e4vi\u00e4. Ne mahdollistavat tasaisen veden virtauksen ja tukevat koko suodatusj\u00e4rjestelm\u00e4n tehokasta toimintaa. Suodatuspallot ovat helposti huollettavia ja tarvittaessa pest\u00e4vi\u00e4, mik\u00e4 tekee niiden k\u00e4yt\u00f6st\u00e4 k\u00e4tev\u00e4\u00e4 ja kustannustehokasta.","og_url":"https:\/\/awero.ee\/fi\/toode\/suodatuspallot-700-g\/","og_site_name":"Awero - S\u00fcdamega L\u00f5una-Eestist","article_modified_time":"2026-03-10T07:58:58+00:00","og_image":[{"width":967,"height":834,"url":"https:\/\/awero.ee\/wp-content\/uploads\/2025\/02\/Filtripallid.jpg","type":"image\/jpeg"}],"twitter_card":"summary_large_image","schema":{"@context":"https:\/\/schema.org","@graph":[{"@type":"WebPage","@id":"https:\/\/awero.ee\/fi\/toode\/suodatuspallot-700-g\/","url":"https:\/\/awero.ee\/fi\/toode\/suodatuspallot-700-g\/","name":"Suodatuspallot (700 g) - Awero - S\u00fcdamega L\u00f5una-Eestist","isPartOf":{"@id":"https:\/\/awero.ee\/fi\/#website"},"primaryImageOfPage":{"@id":"https:\/\/awero.ee\/fi\/toode\/suodatuspallot-700-g\/#primaryimage"},"image":{"@id":"https:\/\/awero.ee\/fi\/toode\/suodatuspallot-700-g\/#primaryimage"},"thumbnailUrl":"https:\/\/awero.ee\/wp-content\/uploads\/2025\/02\/Filtripallid.jpg","datePublished":"2025-02-17T11:40:51+00:00","dateModified":"2026-03-10T07:58:58+00:00","breadcrumb":{"@id":"https:\/\/awero.ee\/fi\/toode\/suodatuspallot-700-g\/#breadcrumb"},"inLanguage":"fi","potentialAction":[{"@type":"ReadAction","target":["https:\/\/awero.ee\/fi\/toode\/suodatuspallot-700-g\/"]}]},{"@type":"ImageObject","inLanguage":"fi","@id":"https:\/\/awero.ee\/fi\/toode\/suodatuspallot-700-g\/#primaryimage","url":"https:\/\/awero.ee\/wp-content\/uploads\/2025\/02\/Filtripallid.jpg","contentUrl":"https:\/\/awero.ee\/wp-content\/uploads\/2025\/02\/Filtripallid.jpg","width":967,"height":834},{"@type":"BreadcrumbList","@id":"https:\/\/awero.ee\/fi\/toode\/suodatuspallot-700-g\/#breadcrumb","itemListElement":[{"@type":"ListItem","position":1,"name":"Home","item":"https:\/\/awero.ee\/fi\/etusivu\/"},{"@type":"ListItem","position":2,"name":"Kauppa","item":"https:\/\/awero.ee\/fi\/kauppa\/"},{"@type":"ListItem","position":3,"name":"Suodatuspallot (700 g)"}]},{"@type":"WebSite","@id":"https:\/\/awero.ee\/fi\/#website","url":"https:\/\/awero.ee\/fi\/","name":"Awero - S\u00fcdamega L\u00f5una Eestist","description":"","publisher":{"@id":"https:\/\/awero.ee\/fi\/#organization"},"potentialAction":[{"@type":"SearchAction","target":{"@type":"EntryPoint","urlTemplate":"https:\/\/awero.ee\/fi\/?s={search_term_string}"},"query-input":{"@type":"PropertyValueSpecification","valueRequired":true,"valueName":"search_term_string"}}],"inLanguage":"fi"},{"@type":"Organization","@id":"https:\/\/awero.ee\/fi\/#organization","name":"Awero - S\u00fcdamega L\u00f5una Eestist","url":"https:\/\/awero.ee\/fi\/","logo":{"@type":"ImageObject","inLanguage":"fi","@id":"https:\/\/awero.ee\/fi\/#\/schema\/logo\/image\/","url":"https:\/\/awero.ee\/wp-content\/uploads\/2024\/07\/aweroplaceholder.jpg","contentUrl":"https:\/\/awero.ee\/wp-content\/uploads\/2024\/07\/aweroplaceholder.jpg","width":1250,"height":834,"caption":"Awero - S\u00fcdamega L\u00f5una Eestist"},"image":{"@id":"https:\/\/awero.ee\/fi\/#\/schema\/logo\/image\/"}}]}},"_links":{"self":[{"href":"https:\/\/awero.ee\/fi\/wp-json\/wp\/v2\/product\/12809","targetHints":{"allow":["GET"]}}],"collection":[{"href":"https:\/\/awero.ee\/fi\/wp-json\/wp\/v2\/product"}],"about":[{"href":"https:\/\/awero.ee\/fi\/wp-json\/wp\/v2\/types\/product"}],"wp:featuredmedia":[{"embeddable":true,"href":"https:\/\/awero.ee\/fi\/wp-json\/wp\/v2\/media\/5072"}],"wp:attachment":[{"href":"https:\/\/awero.ee\/fi\/wp-json\/wp\/v2\/media?parent=12809"}],"wp:term":[{"taxonomy":"product_brand","embeddable":true,"href":"https:\/\/awero.ee\/fi\/wp-json\/wp\/v2\/product_brand?post=12809"},{"taxonomy":"product_cat","embeddable":true,"href":"https:\/\/awero.ee\/fi\/wp-json\/wp\/v2\/product_cat?post=12809"},{"taxonomy":"product_tag","embeddable":true,"href":"https:\/\/awero.ee\/fi\/wp-json\/wp\/v2\/product_tag?post=12809"}],"curies":[{"name":"wp","href":"https:\/\/api.w.org\/{rel}","templated":true}]}}