{"id":12802,"date":"2025-03-01T06:40:55","date_gmt":"2025-03-01T06:40:55","guid":{"rendered":"https:\/\/awero.ee\/toode\/sahkolammitys-6-kw\/"},"modified":"2026-03-10T07:58:56","modified_gmt":"2026-03-10T07:58:56","slug":"sahkolammitys-6-kw","status":"publish","type":"product","link":"https:\/\/awero.ee\/fi\/toode\/sahkolammitys-6-kw\/","title":{"rendered":"S\u00e4hk\u00f6l\u00e4mmitys 6 kW"},"content":{"rendered":"<p data-start=\"619\" data-end=\"641\"><strong data-start=\"619\" data-end=\"641\">Tekniset tiedot<\/strong><\/p>\n<ul>\n<li data-start=\"644\" data-end=\"661\">Teho: 6 kW<\/li>\n<li data-start=\"664\" data-end=\"697\">J\u00e4nnite: kolmivaiheinen (400 V)<\/li>\n<li data-start=\"700\" data-end=\"723\">Virta: 3 \u00d7 9 A<\/li>\n<li data-start=\"726\" data-end=\"754\">Toimii yhdess\u00e4 suodatinj\u00e4rjestelm\u00e4n kanssa<\/li>\n<li data-start=\"757\" data-end=\"807\">L\u00e4mmityselementiss\u00e4 ei ole sis\u00e4\u00e4nrakennettua kiertoa<\/li>\n<\/ul>\n","protected":false},"excerpt":{"rendered":"<p data-start=\"180\" data-end=\"386\">Kolmivaiheinen 6 kW s\u00e4hk\u00f6l\u00e4mmitin on suunniteltu kylpytynnyrin veden nopeaan ja tehokkaaseen l\u00e4mmitykseen. Suurempi l\u00e4mmitysteho mahdollistaa lyhyemm\u00e4n l\u00e4mmitysajan ja sopii hyvin s\u00e4\u00e4nn\u00f6lliseen k\u00e4ytt\u00f6\u00f6n. <\/p>\n<p data-start=\"388\" data-end=\"617\">Laite toimii vain yhdess\u00e4 <strong data-start=\"401\" data-end=\"437\"><a href=\"https:\/\/awero.ee\/toode\/filtripallidega-vee-filtreerimissusteem\/\">suodatinj\u00e4rjestelm\u00e4n<\/a><\/strong> kanssa, koska l\u00e4mmittimess\u00e4 ei ole omaa kiertopumppua. Suodatinj\u00e4rjestelm\u00e4 varmistaa veden jatkuvan kierron l\u00e4mmittimen l\u00e4pi, mik\u00e4 on v\u00e4ltt\u00e4m\u00e4t\u00f6nt\u00e4 sek\u00e4 tehokkaaseen l\u00e4mmitykseen ett\u00e4 turvalliseen k\u00e4ytt\u00f6\u00f6n. <\/p>\n","protected":false},"featured_media":5120,"template":"","meta":{"_acf_changed":false},"product_brand":[],"product_cat":[1079],"product_tag":[],"class_list":{"0":"post-12802","1":"product","2":"type-product","3":"status-publish","4":"has-post-thumbnail","6":"product_cat-lisavarusteet","8":"first","9":"instock","10":"shipping-taxable","11":"product-type-simple"},"acf":[],"yoast_head":"<!-- This site is optimized with the Yoast SEO plugin v26.8 - https:\/\/yoast.com\/product\/yoast-seo-wordpress\/ -->\n<title>S\u00e4hk\u00f6l\u00e4mmitys 6 kW - Awero - S\u00fcdamega L\u00f5una-Eestist<\/title>\n<meta name=\"robots\" content=\"index, follow, max-snippet:-1, max-image-preview:large, max-video-preview:-1\" \/>\n<link rel=\"canonical\" href=\"https:\/\/awero.ee\/fi\/toode\/sahkolammitys-6-kw\/\" \/>\n<meta property=\"og:locale\" content=\"fi_FI\" \/>\n<meta property=\"og:type\" content=\"article\" \/>\n<meta property=\"og:title\" content=\"S\u00e4hk\u00f6l\u00e4mmitys 6 kW - Awero - S\u00fcdamega L\u00f5una-Eestist\" \/>\n<meta property=\"og:description\" content=\"Kolmivaiheinen 6 kW s\u00e4hk\u00f6l\u00e4mmitin on suunniteltu kylpytynnyrin veden nopeaan ja tehokkaaseen l\u00e4mmitykseen. Suurempi l\u00e4mmitysteho mahdollistaa lyhyemm\u00e4n l\u00e4mmitysajan ja sopii hyvin s\u00e4\u00e4nn\u00f6lliseen k\u00e4ytt\u00f6\u00f6n. Laite toimii vain yhdess\u00e4 suodatinj\u00e4rjestelm\u00e4n kanssa, koska l\u00e4mmittimess\u00e4 ei ole omaa kiertopumppua. Suodatinj\u00e4rjestelm\u00e4 varmistaa veden jatkuvan kierron l\u00e4mmittimen l\u00e4pi, mik\u00e4 on v\u00e4ltt\u00e4m\u00e4t\u00f6nt\u00e4 sek\u00e4 tehokkaaseen l\u00e4mmitykseen ett\u00e4 turvalliseen k\u00e4ytt\u00f6\u00f6n.\" \/>\n<meta property=\"og:url\" content=\"https:\/\/awero.ee\/fi\/toode\/sahkolammitys-6-kw\/\" \/>\n<meta property=\"og:site_name\" content=\"Awero - S\u00fcdamega L\u00f5una-Eestist\" \/>\n<meta property=\"article:modified_time\" content=\"2026-03-10T07:58:56+00:00\" \/>\n<meta property=\"og:image\" content=\"https:\/\/awero.ee\/wp-content\/uploads\/2025\/03\/Elektrikutte-element-6kW.jpg\" \/>\n\t<meta property=\"og:image:width\" content=\"768\" \/>\n\t<meta property=\"og:image:height\" content=\"843\" \/>\n\t<meta property=\"og:image:type\" content=\"image\/jpeg\" \/>\n<meta name=\"twitter:card\" content=\"summary_large_image\" \/>\n<script type=\"application\/ld+json\" class=\"yoast-schema-graph\">{\"@context\":\"https:\/\/schema.org\",\"@graph\":[{\"@type\":\"WebPage\",\"@id\":\"https:\/\/awero.ee\/fi\/toode\/sahkolammitys-6-kw\/\",\"url\":\"https:\/\/awero.ee\/fi\/toode\/sahkolammitys-6-kw\/\",\"name\":\"S\u00e4hk\u00f6l\u00e4mmitys 6 kW - Awero - S\u00fcdamega L\u00f5una-Eestist\",\"isPartOf\":{\"@id\":\"https:\/\/awero.ee\/fi\/#website\"},\"primaryImageOfPage\":{\"@id\":\"https:\/\/awero.ee\/fi\/toode\/sahkolammitys-6-kw\/#primaryimage\"},\"image\":{\"@id\":\"https:\/\/awero.ee\/fi\/toode\/sahkolammitys-6-kw\/#primaryimage\"},\"thumbnailUrl\":\"https:\/\/awero.ee\/wp-content\/uploads\/2025\/03\/Elektrikutte-element-6kW.jpg\",\"datePublished\":\"2025-03-01T06:40:55+00:00\",\"dateModified\":\"2026-03-10T07:58:56+00:00\",\"breadcrumb\":{\"@id\":\"https:\/\/awero.ee\/fi\/toode\/sahkolammitys-6-kw\/#breadcrumb\"},\"inLanguage\":\"fi\",\"potentialAction\":[{\"@type\":\"ReadAction\",\"target\":[\"https:\/\/awero.ee\/fi\/toode\/sahkolammitys-6-kw\/\"]}]},{\"@type\":\"ImageObject\",\"inLanguage\":\"fi\",\"@id\":\"https:\/\/awero.ee\/fi\/toode\/sahkolammitys-6-kw\/#primaryimage\",\"url\":\"https:\/\/awero.ee\/wp-content\/uploads\/2025\/03\/Elektrikutte-element-6kW.jpg\",\"contentUrl\":\"https:\/\/awero.ee\/wp-content\/uploads\/2025\/03\/Elektrikutte-element-6kW.jpg\",\"width\":768,\"height\":843},{\"@type\":\"BreadcrumbList\",\"@id\":\"https:\/\/awero.ee\/fi\/toode\/sahkolammitys-6-kw\/#breadcrumb\",\"itemListElement\":[{\"@type\":\"ListItem\",\"position\":1,\"name\":\"Home\",\"item\":\"https:\/\/awero.ee\/fi\/etusivu\/\"},{\"@type\":\"ListItem\",\"position\":2,\"name\":\"Kauppa\",\"item\":\"https:\/\/awero.ee\/fi\/kauppa\/\"},{\"@type\":\"ListItem\",\"position\":3,\"name\":\"S\u00e4hk\u00f6l\u00e4mmitys 6 kW\"}]},{\"@type\":\"WebSite\",\"@id\":\"https:\/\/awero.ee\/fi\/#website\",\"url\":\"https:\/\/awero.ee\/fi\/\",\"name\":\"Awero - S\u00fcdamega L\u00f5una Eestist\",\"description\":\"\",\"publisher\":{\"@id\":\"https:\/\/awero.ee\/fi\/#organization\"},\"potentialAction\":[{\"@type\":\"SearchAction\",\"target\":{\"@type\":\"EntryPoint\",\"urlTemplate\":\"https:\/\/awero.ee\/fi\/?s={search_term_string}\"},\"query-input\":{\"@type\":\"PropertyValueSpecification\",\"valueRequired\":true,\"valueName\":\"search_term_string\"}}],\"inLanguage\":\"fi\"},{\"@type\":\"Organization\",\"@id\":\"https:\/\/awero.ee\/fi\/#organization\",\"name\":\"Awero - S\u00fcdamega L\u00f5una Eestist\",\"url\":\"https:\/\/awero.ee\/fi\/\",\"logo\":{\"@type\":\"ImageObject\",\"inLanguage\":\"fi\",\"@id\":\"https:\/\/awero.ee\/fi\/#\/schema\/logo\/image\/\",\"url\":\"https:\/\/awero.ee\/wp-content\/uploads\/2024\/07\/aweroplaceholder.jpg\",\"contentUrl\":\"https:\/\/awero.ee\/wp-content\/uploads\/2024\/07\/aweroplaceholder.jpg\",\"width\":1250,\"height\":834,\"caption\":\"Awero - S\u00fcdamega L\u00f5una Eestist\"},\"image\":{\"@id\":\"https:\/\/awero.ee\/fi\/#\/schema\/logo\/image\/\"}}]}<\/script>\n<!-- \/ Yoast SEO plugin. -->","yoast_head_json":{"title":"S\u00e4hk\u00f6l\u00e4mmitys 6 kW - Awero - S\u00fcdamega L\u00f5una-Eestist","robots":{"index":"index","follow":"follow","max-snippet":"max-snippet:-1","max-image-preview":"max-image-preview:large","max-video-preview":"max-video-preview:-1"},"canonical":"https:\/\/awero.ee\/fi\/toode\/sahkolammitys-6-kw\/","og_locale":"fi_FI","og_type":"article","og_title":"S\u00e4hk\u00f6l\u00e4mmitys 6 kW - Awero - S\u00fcdamega L\u00f5una-Eestist","og_description":"Kolmivaiheinen 6 kW s\u00e4hk\u00f6l\u00e4mmitin on suunniteltu kylpytynnyrin veden nopeaan ja tehokkaaseen l\u00e4mmitykseen. Suurempi l\u00e4mmitysteho mahdollistaa lyhyemm\u00e4n l\u00e4mmitysajan ja sopii hyvin s\u00e4\u00e4nn\u00f6lliseen k\u00e4ytt\u00f6\u00f6n. Laite toimii vain yhdess\u00e4 suodatinj\u00e4rjestelm\u00e4n kanssa, koska l\u00e4mmittimess\u00e4 ei ole omaa kiertopumppua. Suodatinj\u00e4rjestelm\u00e4 varmistaa veden jatkuvan kierron l\u00e4mmittimen l\u00e4pi, mik\u00e4 on v\u00e4ltt\u00e4m\u00e4t\u00f6nt\u00e4 sek\u00e4 tehokkaaseen l\u00e4mmitykseen ett\u00e4 turvalliseen k\u00e4ytt\u00f6\u00f6n.","og_url":"https:\/\/awero.ee\/fi\/toode\/sahkolammitys-6-kw\/","og_site_name":"Awero - S\u00fcdamega L\u00f5una-Eestist","article_modified_time":"2026-03-10T07:58:56+00:00","og_image":[{"width":768,"height":843,"url":"https:\/\/awero.ee\/wp-content\/uploads\/2025\/03\/Elektrikutte-element-6kW.jpg","type":"image\/jpeg"}],"twitter_card":"summary_large_image","schema":{"@context":"https:\/\/schema.org","@graph":[{"@type":"WebPage","@id":"https:\/\/awero.ee\/fi\/toode\/sahkolammitys-6-kw\/","url":"https:\/\/awero.ee\/fi\/toode\/sahkolammitys-6-kw\/","name":"S\u00e4hk\u00f6l\u00e4mmitys 6 kW - Awero - S\u00fcdamega L\u00f5una-Eestist","isPartOf":{"@id":"https:\/\/awero.ee\/fi\/#website"},"primaryImageOfPage":{"@id":"https:\/\/awero.ee\/fi\/toode\/sahkolammitys-6-kw\/#primaryimage"},"image":{"@id":"https:\/\/awero.ee\/fi\/toode\/sahkolammitys-6-kw\/#primaryimage"},"thumbnailUrl":"https:\/\/awero.ee\/wp-content\/uploads\/2025\/03\/Elektrikutte-element-6kW.jpg","datePublished":"2025-03-01T06:40:55+00:00","dateModified":"2026-03-10T07:58:56+00:00","breadcrumb":{"@id":"https:\/\/awero.ee\/fi\/toode\/sahkolammitys-6-kw\/#breadcrumb"},"inLanguage":"fi","potentialAction":[{"@type":"ReadAction","target":["https:\/\/awero.ee\/fi\/toode\/sahkolammitys-6-kw\/"]}]},{"@type":"ImageObject","inLanguage":"fi","@id":"https:\/\/awero.ee\/fi\/toode\/sahkolammitys-6-kw\/#primaryimage","url":"https:\/\/awero.ee\/wp-content\/uploads\/2025\/03\/Elektrikutte-element-6kW.jpg","contentUrl":"https:\/\/awero.ee\/wp-content\/uploads\/2025\/03\/Elektrikutte-element-6kW.jpg","width":768,"height":843},{"@type":"BreadcrumbList","@id":"https:\/\/awero.ee\/fi\/toode\/sahkolammitys-6-kw\/#breadcrumb","itemListElement":[{"@type":"ListItem","position":1,"name":"Home","item":"https:\/\/awero.ee\/fi\/etusivu\/"},{"@type":"ListItem","position":2,"name":"Kauppa","item":"https:\/\/awero.ee\/fi\/kauppa\/"},{"@type":"ListItem","position":3,"name":"S\u00e4hk\u00f6l\u00e4mmitys 6 kW"}]},{"@type":"WebSite","@id":"https:\/\/awero.ee\/fi\/#website","url":"https:\/\/awero.ee\/fi\/","name":"Awero - S\u00fcdamega L\u00f5una Eestist","description":"","publisher":{"@id":"https:\/\/awero.ee\/fi\/#organization"},"potentialAction":[{"@type":"SearchAction","target":{"@type":"EntryPoint","urlTemplate":"https:\/\/awero.ee\/fi\/?s={search_term_string}"},"query-input":{"@type":"PropertyValueSpecification","valueRequired":true,"valueName":"search_term_string"}}],"inLanguage":"fi"},{"@type":"Organization","@id":"https:\/\/awero.ee\/fi\/#organization","name":"Awero - S\u00fcdamega L\u00f5una Eestist","url":"https:\/\/awero.ee\/fi\/","logo":{"@type":"ImageObject","inLanguage":"fi","@id":"https:\/\/awero.ee\/fi\/#\/schema\/logo\/image\/","url":"https:\/\/awero.ee\/wp-content\/uploads\/2024\/07\/aweroplaceholder.jpg","contentUrl":"https:\/\/awero.ee\/wp-content\/uploads\/2024\/07\/aweroplaceholder.jpg","width":1250,"height":834,"caption":"Awero - S\u00fcdamega L\u00f5una Eestist"},"image":{"@id":"https:\/\/awero.ee\/fi\/#\/schema\/logo\/image\/"}}]}},"_links":{"self":[{"href":"https:\/\/awero.ee\/fi\/wp-json\/wp\/v2\/product\/12802","targetHints":{"allow":["GET"]}}],"collection":[{"href":"https:\/\/awero.ee\/fi\/wp-json\/wp\/v2\/product"}],"about":[{"href":"https:\/\/awero.ee\/fi\/wp-json\/wp\/v2\/types\/product"}],"wp:featuredmedia":[{"embeddable":true,"href":"https:\/\/awero.ee\/fi\/wp-json\/wp\/v2\/media\/5120"}],"wp:attachment":[{"href":"https:\/\/awero.ee\/fi\/wp-json\/wp\/v2\/media?parent=12802"}],"wp:term":[{"taxonomy":"product_brand","embeddable":true,"href":"https:\/\/awero.ee\/fi\/wp-json\/wp\/v2\/product_brand?post=12802"},{"taxonomy":"product_cat","embeddable":true,"href":"https:\/\/awero.ee\/fi\/wp-json\/wp\/v2\/product_cat?post=12802"},{"taxonomy":"product_tag","embeddable":true,"href":"https:\/\/awero.ee\/fi\/wp-json\/wp\/v2\/product_tag?post=12802"}],"curies":[{"name":"wp","href":"https:\/\/api.w.org\/{rel}","templated":true}]}}