{"id":12798,"date":"2025-03-24T13:44:54","date_gmt":"2025-03-24T13:44:54","guid":{"rendered":"https:\/\/awero.ee\/toode\/hydromassaasi-moottori-11-kw\/"},"modified":"2026-03-10T07:58:54","modified_gmt":"2026-03-10T07:58:54","slug":"hydromassaasi-moottori-11-kw","status":"publish","type":"product","link":"https:\/\/awero.ee\/fi\/toode\/hydromassaasi-moottori-11-kw\/","title":{"rendered":"Hydromassaasi (moottori 1,1 kW)"},"content":{"rendered":"<p data-start=\"627\" data-end=\"649\"><strong>P\u00e4\u00e4ominaisuudet:<\/strong><\/p>\n<ul>\n<li data-start=\"652\" data-end=\"679\">Moottorin teho: 1,1 kW<\/li>\n<li data-start=\"682\" data-end=\"713\">Voimakas vedenpaine ja hierontateho<\/li>\n<li data-start=\"716\" data-end=\"763\">Suunniteltu k\u00e4ytett\u00e4v\u00e4ksi p\u00e4\u00e4asiassa l\u00e4mpim\u00e4n\u00e4 aikana<\/li>\n<li data-start=\"766\" data-end=\"811\">Talvik\u00e4yt\u00f6ss\u00e4 lis\u00e4\u00e4ntynyt j\u00e4\u00e4tymisriski<\/li>\n<\/ul>\n","protected":false},"excerpt":{"rendered":"<p data-start=\"124\" data-end=\"375\">Hydromassaa\u017eij\u00e4rjestelm\u00e4 on varustettu <strong data-start=\"159\" data-end=\"190\">1,1 kW moottorilla<\/strong>, joka takaa voimakkaan ja nautinnollisen veden hieronnan kylpytynnyriss\u00e4. J\u00e4rjestelm\u00e4 on suunniteltu k\u00e4ytett\u00e4v\u00e4ksi p\u00e4\u00e4asiassa l\u00e4mpim\u00e4mpin\u00e4 vuodenaikoina, <strong data-start=\"315\" data-end=\"374\">sill\u00e4 se ei sovellu hyvin talvik\u00e4ytt\u00f6\u00f6n j\u00e4\u00e4tymisriskin vuoksi.<\/strong> <\/p>\n<p data-start=\"377\" data-end=\"625\">Hydromassaasi toimii vesikierron periaatteella ja vaatii toimiakseen jatkuvaa veden t\u00e4ytt\u00f6\u00e4 turvallisesti ja oikein. Alhaisissa l\u00e4mp\u00f6tiloissa putkisto ja moottori voivat vahingoittua, jos laitetta ei ole tyhjennetty tai suojattu asianmukaisesti. <\/p>\n","protected":false},"featured_media":5150,"template":"","meta":{"_acf_changed":false},"product_brand":[],"product_cat":[1079],"product_tag":[],"class_list":{"0":"post-12798","1":"product","2":"type-product","3":"status-publish","4":"has-post-thumbnail","6":"product_cat-lisavarusteet","8":"first","9":"instock","10":"shipping-taxable","11":"product-type-simple"},"acf":[],"yoast_head":"<!-- This site is optimized with the Yoast SEO plugin v26.8 - https:\/\/yoast.com\/product\/yoast-seo-wordpress\/ -->\n<title>Hydromassaasi (moottori 1,1 kW) - Awero - S\u00fcdamega L\u00f5una-Eestist<\/title>\n<meta name=\"robots\" content=\"index, follow, max-snippet:-1, max-image-preview:large, max-video-preview:-1\" \/>\n<link rel=\"canonical\" href=\"https:\/\/awero.ee\/fi\/toode\/hydromassaasi-moottori-11-kw\/\" \/>\n<meta property=\"og:locale\" content=\"fi_FI\" \/>\n<meta property=\"og:type\" content=\"article\" \/>\n<meta property=\"og:title\" content=\"Hydromassaasi (moottori 1,1 kW) - Awero - S\u00fcdamega L\u00f5una-Eestist\" \/>\n<meta property=\"og:description\" content=\"Hydromassaa\u017eij\u00e4rjestelm\u00e4 on varustettu 1,1 kW moottorilla, joka takaa voimakkaan ja nautinnollisen veden hieronnan kylpytynnyriss\u00e4. J\u00e4rjestelm\u00e4 on suunniteltu k\u00e4ytett\u00e4v\u00e4ksi p\u00e4\u00e4asiassa l\u00e4mpim\u00e4mpin\u00e4 vuodenaikoina, sill\u00e4 se ei sovellu hyvin talvik\u00e4ytt\u00f6\u00f6n j\u00e4\u00e4tymisriskin vuoksi. Hydromassaasi toimii vesikierron periaatteella ja vaatii toimiakseen jatkuvaa veden t\u00e4ytt\u00f6\u00e4 turvallisesti ja oikein. Alhaisissa l\u00e4mp\u00f6tiloissa putkisto ja moottori voivat vahingoittua, jos laitetta ei ole tyhjennetty tai suojattu asianmukaisesti.\" \/>\n<meta property=\"og:url\" content=\"https:\/\/awero.ee\/fi\/toode\/hydromassaasi-moottori-11-kw\/\" \/>\n<meta property=\"og:site_name\" content=\"Awero - S\u00fcdamega L\u00f5una-Eestist\" \/>\n<meta property=\"article:modified_time\" content=\"2026-03-10T07:58:54+00:00\" \/>\n<meta property=\"og:image\" content=\"https:\/\/awero.ee\/wp-content\/uploads\/2025\/03\/Hudromassaaz.jpg\" \/>\n\t<meta property=\"og:image:width\" content=\"735\" \/>\n\t<meta property=\"og:image:height\" content=\"446\" \/>\n\t<meta property=\"og:image:type\" content=\"image\/jpeg\" \/>\n<meta name=\"twitter:card\" content=\"summary_large_image\" \/>\n<script type=\"application\/ld+json\" class=\"yoast-schema-graph\">{\"@context\":\"https:\/\/schema.org\",\"@graph\":[{\"@type\":\"WebPage\",\"@id\":\"https:\/\/awero.ee\/fi\/toode\/hydromassaasi-moottori-11-kw\/\",\"url\":\"https:\/\/awero.ee\/fi\/toode\/hydromassaasi-moottori-11-kw\/\",\"name\":\"Hydromassaasi (moottori 1,1 kW) - Awero - S\u00fcdamega L\u00f5una-Eestist\",\"isPartOf\":{\"@id\":\"https:\/\/awero.ee\/fi\/#website\"},\"primaryImageOfPage\":{\"@id\":\"https:\/\/awero.ee\/fi\/toode\/hydromassaasi-moottori-11-kw\/#primaryimage\"},\"image\":{\"@id\":\"https:\/\/awero.ee\/fi\/toode\/hydromassaasi-moottori-11-kw\/#primaryimage\"},\"thumbnailUrl\":\"https:\/\/awero.ee\/wp-content\/uploads\/2025\/03\/Hudromassaaz.jpg\",\"datePublished\":\"2025-03-24T13:44:54+00:00\",\"dateModified\":\"2026-03-10T07:58:54+00:00\",\"breadcrumb\":{\"@id\":\"https:\/\/awero.ee\/fi\/toode\/hydromassaasi-moottori-11-kw\/#breadcrumb\"},\"inLanguage\":\"fi\",\"potentialAction\":[{\"@type\":\"ReadAction\",\"target\":[\"https:\/\/awero.ee\/fi\/toode\/hydromassaasi-moottori-11-kw\/\"]}]},{\"@type\":\"ImageObject\",\"inLanguage\":\"fi\",\"@id\":\"https:\/\/awero.ee\/fi\/toode\/hydromassaasi-moottori-11-kw\/#primaryimage\",\"url\":\"https:\/\/awero.ee\/wp-content\/uploads\/2025\/03\/Hudromassaaz.jpg\",\"contentUrl\":\"https:\/\/awero.ee\/wp-content\/uploads\/2025\/03\/Hudromassaaz.jpg\",\"width\":735,\"height\":446},{\"@type\":\"BreadcrumbList\",\"@id\":\"https:\/\/awero.ee\/fi\/toode\/hydromassaasi-moottori-11-kw\/#breadcrumb\",\"itemListElement\":[{\"@type\":\"ListItem\",\"position\":1,\"name\":\"Home\",\"item\":\"https:\/\/awero.ee\/fi\/etusivu\/\"},{\"@type\":\"ListItem\",\"position\":2,\"name\":\"Kauppa\",\"item\":\"https:\/\/awero.ee\/fi\/kauppa\/\"},{\"@type\":\"ListItem\",\"position\":3,\"name\":\"Hydromassaasi (moottori 1,1 kW)\"}]},{\"@type\":\"WebSite\",\"@id\":\"https:\/\/awero.ee\/fi\/#website\",\"url\":\"https:\/\/awero.ee\/fi\/\",\"name\":\"Awero - S\u00fcdamega L\u00f5una Eestist\",\"description\":\"\",\"publisher\":{\"@id\":\"https:\/\/awero.ee\/fi\/#organization\"},\"potentialAction\":[{\"@type\":\"SearchAction\",\"target\":{\"@type\":\"EntryPoint\",\"urlTemplate\":\"https:\/\/awero.ee\/fi\/?s={search_term_string}\"},\"query-input\":{\"@type\":\"PropertyValueSpecification\",\"valueRequired\":true,\"valueName\":\"search_term_string\"}}],\"inLanguage\":\"fi\"},{\"@type\":\"Organization\",\"@id\":\"https:\/\/awero.ee\/fi\/#organization\",\"name\":\"Awero - S\u00fcdamega L\u00f5una Eestist\",\"url\":\"https:\/\/awero.ee\/fi\/\",\"logo\":{\"@type\":\"ImageObject\",\"inLanguage\":\"fi\",\"@id\":\"https:\/\/awero.ee\/fi\/#\/schema\/logo\/image\/\",\"url\":\"https:\/\/awero.ee\/wp-content\/uploads\/2024\/07\/aweroplaceholder.jpg\",\"contentUrl\":\"https:\/\/awero.ee\/wp-content\/uploads\/2024\/07\/aweroplaceholder.jpg\",\"width\":1250,\"height\":834,\"caption\":\"Awero - S\u00fcdamega L\u00f5una Eestist\"},\"image\":{\"@id\":\"https:\/\/awero.ee\/fi\/#\/schema\/logo\/image\/\"}}]}<\/script>\n<!-- \/ Yoast SEO plugin. -->","yoast_head_json":{"title":"Hydromassaasi (moottori 1,1 kW) - Awero - S\u00fcdamega L\u00f5una-Eestist","robots":{"index":"index","follow":"follow","max-snippet":"max-snippet:-1","max-image-preview":"max-image-preview:large","max-video-preview":"max-video-preview:-1"},"canonical":"https:\/\/awero.ee\/fi\/toode\/hydromassaasi-moottori-11-kw\/","og_locale":"fi_FI","og_type":"article","og_title":"Hydromassaasi (moottori 1,1 kW) - Awero - S\u00fcdamega L\u00f5una-Eestist","og_description":"Hydromassaa\u017eij\u00e4rjestelm\u00e4 on varustettu 1,1 kW moottorilla, joka takaa voimakkaan ja nautinnollisen veden hieronnan kylpytynnyriss\u00e4. J\u00e4rjestelm\u00e4 on suunniteltu k\u00e4ytett\u00e4v\u00e4ksi p\u00e4\u00e4asiassa l\u00e4mpim\u00e4mpin\u00e4 vuodenaikoina, sill\u00e4 se ei sovellu hyvin talvik\u00e4ytt\u00f6\u00f6n j\u00e4\u00e4tymisriskin vuoksi. Hydromassaasi toimii vesikierron periaatteella ja vaatii toimiakseen jatkuvaa veden t\u00e4ytt\u00f6\u00e4 turvallisesti ja oikein. Alhaisissa l\u00e4mp\u00f6tiloissa putkisto ja moottori voivat vahingoittua, jos laitetta ei ole tyhjennetty tai suojattu asianmukaisesti.","og_url":"https:\/\/awero.ee\/fi\/toode\/hydromassaasi-moottori-11-kw\/","og_site_name":"Awero - S\u00fcdamega L\u00f5una-Eestist","article_modified_time":"2026-03-10T07:58:54+00:00","og_image":[{"width":735,"height":446,"url":"https:\/\/awero.ee\/wp-content\/uploads\/2025\/03\/Hudromassaaz.jpg","type":"image\/jpeg"}],"twitter_card":"summary_large_image","schema":{"@context":"https:\/\/schema.org","@graph":[{"@type":"WebPage","@id":"https:\/\/awero.ee\/fi\/toode\/hydromassaasi-moottori-11-kw\/","url":"https:\/\/awero.ee\/fi\/toode\/hydromassaasi-moottori-11-kw\/","name":"Hydromassaasi (moottori 1,1 kW) - Awero - S\u00fcdamega L\u00f5una-Eestist","isPartOf":{"@id":"https:\/\/awero.ee\/fi\/#website"},"primaryImageOfPage":{"@id":"https:\/\/awero.ee\/fi\/toode\/hydromassaasi-moottori-11-kw\/#primaryimage"},"image":{"@id":"https:\/\/awero.ee\/fi\/toode\/hydromassaasi-moottori-11-kw\/#primaryimage"},"thumbnailUrl":"https:\/\/awero.ee\/wp-content\/uploads\/2025\/03\/Hudromassaaz.jpg","datePublished":"2025-03-24T13:44:54+00:00","dateModified":"2026-03-10T07:58:54+00:00","breadcrumb":{"@id":"https:\/\/awero.ee\/fi\/toode\/hydromassaasi-moottori-11-kw\/#breadcrumb"},"inLanguage":"fi","potentialAction":[{"@type":"ReadAction","target":["https:\/\/awero.ee\/fi\/toode\/hydromassaasi-moottori-11-kw\/"]}]},{"@type":"ImageObject","inLanguage":"fi","@id":"https:\/\/awero.ee\/fi\/toode\/hydromassaasi-moottori-11-kw\/#primaryimage","url":"https:\/\/awero.ee\/wp-content\/uploads\/2025\/03\/Hudromassaaz.jpg","contentUrl":"https:\/\/awero.ee\/wp-content\/uploads\/2025\/03\/Hudromassaaz.jpg","width":735,"height":446},{"@type":"BreadcrumbList","@id":"https:\/\/awero.ee\/fi\/toode\/hydromassaasi-moottori-11-kw\/#breadcrumb","itemListElement":[{"@type":"ListItem","position":1,"name":"Home","item":"https:\/\/awero.ee\/fi\/etusivu\/"},{"@type":"ListItem","position":2,"name":"Kauppa","item":"https:\/\/awero.ee\/fi\/kauppa\/"},{"@type":"ListItem","position":3,"name":"Hydromassaasi (moottori 1,1 kW)"}]},{"@type":"WebSite","@id":"https:\/\/awero.ee\/fi\/#website","url":"https:\/\/awero.ee\/fi\/","name":"Awero - S\u00fcdamega L\u00f5una Eestist","description":"","publisher":{"@id":"https:\/\/awero.ee\/fi\/#organization"},"potentialAction":[{"@type":"SearchAction","target":{"@type":"EntryPoint","urlTemplate":"https:\/\/awero.ee\/fi\/?s={search_term_string}"},"query-input":{"@type":"PropertyValueSpecification","valueRequired":true,"valueName":"search_term_string"}}],"inLanguage":"fi"},{"@type":"Organization","@id":"https:\/\/awero.ee\/fi\/#organization","name":"Awero - S\u00fcdamega L\u00f5una Eestist","url":"https:\/\/awero.ee\/fi\/","logo":{"@type":"ImageObject","inLanguage":"fi","@id":"https:\/\/awero.ee\/fi\/#\/schema\/logo\/image\/","url":"https:\/\/awero.ee\/wp-content\/uploads\/2024\/07\/aweroplaceholder.jpg","contentUrl":"https:\/\/awero.ee\/wp-content\/uploads\/2024\/07\/aweroplaceholder.jpg","width":1250,"height":834,"caption":"Awero - S\u00fcdamega L\u00f5una Eestist"},"image":{"@id":"https:\/\/awero.ee\/fi\/#\/schema\/logo\/image\/"}}]}},"_links":{"self":[{"href":"https:\/\/awero.ee\/fi\/wp-json\/wp\/v2\/product\/12798","targetHints":{"allow":["GET"]}}],"collection":[{"href":"https:\/\/awero.ee\/fi\/wp-json\/wp\/v2\/product"}],"about":[{"href":"https:\/\/awero.ee\/fi\/wp-json\/wp\/v2\/types\/product"}],"wp:featuredmedia":[{"embeddable":true,"href":"https:\/\/awero.ee\/fi\/wp-json\/wp\/v2\/media\/5150"}],"wp:attachment":[{"href":"https:\/\/awero.ee\/fi\/wp-json\/wp\/v2\/media?parent=12798"}],"wp:term":[{"taxonomy":"product_brand","embeddable":true,"href":"https:\/\/awero.ee\/fi\/wp-json\/wp\/v2\/product_brand?post=12798"},{"taxonomy":"product_cat","embeddable":true,"href":"https:\/\/awero.ee\/fi\/wp-json\/wp\/v2\/product_cat?post=12798"},{"taxonomy":"product_tag","embeddable":true,"href":"https:\/\/awero.ee\/fi\/wp-json\/wp\/v2\/product_tag?post=12798"}],"curies":[{"name":"wp","href":"https:\/\/api.w.org\/{rel}","templated":true}]}}