{"id":12761,"date":"2025-03-01T06:41:20","date_gmt":"2025-03-01T06:41:20","guid":{"rendered":"https:\/\/awero.ee\/toode\/sahkolammityselementti-3-kw\/"},"modified":"2026-03-10T07:58:56","modified_gmt":"2026-03-10T07:58:56","slug":"sahkolammityselementti-3-kw","status":"publish","type":"product","link":"https:\/\/awero.ee\/fi\/toode\/sahkolammityselementti-3-kw\/","title":{"rendered":"S\u00e4hk\u00f6l\u00e4mmityselementti 3 kW"},"content":{"rendered":"<p><strong data-start=\"641\" data-end=\"663\">P\u00e4\u00e4ominaisuudet:<\/strong><\/p>\n<ul>\n<li>Teho: 3 kW<\/li>\n<li>Virrankulutus: 12 A<\/li>\n<li>Virtal\u00e4hde: yksivaiheinen (230 V)<\/li>\n<li>Tarkoitettu kylpytynnyrin veden l\u00e4mmitt\u00e4miseen<\/li>\n<li>Toimii vain suodatusj\u00e4rjestelm\u00e4n kanssa<\/li>\n<li>L\u00e4mmityselementiss\u00e4 ei ole sis\u00e4\u00e4nrakennettua kiertoa<\/li>\n<li>Tehokas ja energiatehokas ratkaisu<\/li>\n<\/ul>\n","protected":false},"excerpt":{"rendered":"<p data-start=\"143\" data-end=\"417\">3-kW s\u00e4hk\u00f6l\u00e4mmityselementti on luotettava ja tehokas ratkaisu kylpytynnyrin veden l\u00e4mmitt\u00e4miseen. Laite on tarkoitettu k\u00e4ytett\u00e4v\u00e4ksi yhdess\u00e4 <strong data-start=\"280\" data-end=\"309\"><a href=\"https:\/\/awero.ee\/toode\/filtripallidega-vee-filtreerimissusteem\/\">suodatusj\u00e4rjestelm\u00e4n <\/a><\/strong>kanssa, koska l\u00e4mmityselementiss\u00e4 ei ole omaa kiertoa \u2013 veden virtaus l\u00e4mmittimen l\u00e4pi tapahtuu suodatusj\u00e4rjestelm\u00e4n avulla. <\/p>\n<p data-start=\"419\" data-end=\"639\">S\u00e4hk\u00f6l\u00e4mmitys takaa tasaisen ja vakaan l\u00e4mmityksen ja soveltuu hyvin sek\u00e4 kausittaiseen ett\u00e4 s\u00e4\u00e4nn\u00f6lliseen k\u00e4ytt\u00f6\u00f6n. Yksivaiheisen liit\u00e4nn\u00e4n ansiosta asennus on helppoa ja sopii tavalliseen kotitalouden s\u00e4hk\u00f6verkkoon. <\/p>\n","protected":false},"featured_media":5123,"template":"","meta":{"_acf_changed":false},"product_brand":[],"product_cat":[1079],"product_tag":[],"class_list":{"0":"post-12761","1":"product","2":"type-product","3":"status-publish","4":"has-post-thumbnail","6":"product_cat-lisavarusteet","8":"first","9":"instock","10":"shipping-taxable","11":"product-type-simple"},"acf":[],"yoast_head":"<!-- This site is optimized with the Yoast SEO plugin v27.5 - https:\/\/yoast.com\/product\/yoast-seo-wordpress\/ -->\n<title>S\u00e4hk\u00f6l\u00e4mmityselementti 3 kW - Awero - S\u00fcdamega L\u00f5una-Eestist<\/title>\n<meta name=\"robots\" content=\"index, follow, max-snippet:-1, max-image-preview:large, max-video-preview:-1\" \/>\n<link rel=\"canonical\" href=\"https:\/\/awero.ee\/fi\/toode\/sahkolammityselementti-3-kw\/\" \/>\n<meta property=\"og:locale\" content=\"fi_FI\" \/>\n<meta property=\"og:type\" content=\"article\" \/>\n<meta property=\"og:title\" content=\"S\u00e4hk\u00f6l\u00e4mmityselementti 3 kW - Awero - S\u00fcdamega L\u00f5una-Eestist\" \/>\n<meta property=\"og:description\" content=\"3-kW s\u00e4hk\u00f6l\u00e4mmityselementti on luotettava ja tehokas ratkaisu kylpytynnyrin veden l\u00e4mmitt\u00e4miseen. Laite on tarkoitettu k\u00e4ytett\u00e4v\u00e4ksi yhdess\u00e4 suodatusj\u00e4rjestelm\u00e4n kanssa, koska l\u00e4mmityselementiss\u00e4 ei ole omaa kiertoa \u2013 veden virtaus l\u00e4mmittimen l\u00e4pi tapahtuu suodatusj\u00e4rjestelm\u00e4n avulla. S\u00e4hk\u00f6l\u00e4mmitys takaa tasaisen ja vakaan l\u00e4mmityksen ja soveltuu hyvin sek\u00e4 kausittaiseen ett\u00e4 s\u00e4\u00e4nn\u00f6lliseen k\u00e4ytt\u00f6\u00f6n. Yksivaiheisen liit\u00e4nn\u00e4n ansiosta asennus on helppoa ja sopii tavalliseen kotitalouden s\u00e4hk\u00f6verkkoon.\" \/>\n<meta property=\"og:url\" content=\"https:\/\/awero.ee\/fi\/toode\/sahkolammityselementti-3-kw\/\" \/>\n<meta property=\"og:site_name\" content=\"Awero - S\u00fcdamega L\u00f5una-Eestist\" \/>\n<meta property=\"article:modified_time\" content=\"2026-03-10T07:58:56+00:00\" \/>\n<meta property=\"og:image\" content=\"https:\/\/awero.ee\/wp-content\/uploads\/2025\/03\/Elektrikutte-element-3kW.png\" \/>\n\t<meta property=\"og:image:width\" content=\"700\" \/>\n\t<meta property=\"og:image:height\" content=\"700\" \/>\n\t<meta property=\"og:image:type\" content=\"image\/png\" \/>\n<meta name=\"twitter:card\" content=\"summary_large_image\" \/>\n<script type=\"application\/ld+json\" class=\"yoast-schema-graph\">{\"@context\":\"https:\\\/\\\/schema.org\",\"@graph\":[{\"@type\":\"WebPage\",\"@id\":\"https:\\\/\\\/awero.ee\\\/fi\\\/toode\\\/sahkolammityselementti-3-kw\\\/\",\"url\":\"https:\\\/\\\/awero.ee\\\/fi\\\/toode\\\/sahkolammityselementti-3-kw\\\/\",\"name\":\"S\u00e4hk\u00f6l\u00e4mmityselementti 3 kW - Awero - S\u00fcdamega L\u00f5una-Eestist\",\"isPartOf\":{\"@id\":\"https:\\\/\\\/awero.ee\\\/fi\\\/#website\"},\"primaryImageOfPage\":{\"@id\":\"https:\\\/\\\/awero.ee\\\/fi\\\/toode\\\/sahkolammityselementti-3-kw\\\/#primaryimage\"},\"image\":{\"@id\":\"https:\\\/\\\/awero.ee\\\/fi\\\/toode\\\/sahkolammityselementti-3-kw\\\/#primaryimage\"},\"thumbnailUrl\":\"https:\\\/\\\/awero.ee\\\/wp-content\\\/uploads\\\/2025\\\/03\\\/Elektrikutte-element-3kW.png\",\"datePublished\":\"2025-03-01T06:41:20+00:00\",\"dateModified\":\"2026-03-10T07:58:56+00:00\",\"breadcrumb\":{\"@id\":\"https:\\\/\\\/awero.ee\\\/fi\\\/toode\\\/sahkolammityselementti-3-kw\\\/#breadcrumb\"},\"inLanguage\":\"fi\",\"potentialAction\":[{\"@type\":\"ReadAction\",\"target\":[\"https:\\\/\\\/awero.ee\\\/fi\\\/toode\\\/sahkolammityselementti-3-kw\\\/\"]}]},{\"@type\":\"ImageObject\",\"inLanguage\":\"fi\",\"@id\":\"https:\\\/\\\/awero.ee\\\/fi\\\/toode\\\/sahkolammityselementti-3-kw\\\/#primaryimage\",\"url\":\"https:\\\/\\\/awero.ee\\\/wp-content\\\/uploads\\\/2025\\\/03\\\/Elektrikutte-element-3kW.png\",\"contentUrl\":\"https:\\\/\\\/awero.ee\\\/wp-content\\\/uploads\\\/2025\\\/03\\\/Elektrikutte-element-3kW.png\",\"width\":700,\"height\":700},{\"@type\":\"BreadcrumbList\",\"@id\":\"https:\\\/\\\/awero.ee\\\/fi\\\/toode\\\/sahkolammityselementti-3-kw\\\/#breadcrumb\",\"itemListElement\":[{\"@type\":\"ListItem\",\"position\":1,\"name\":\"Home\",\"item\":\"https:\\\/\\\/awero.ee\\\/fi\\\/etusivu\\\/\"},{\"@type\":\"ListItem\",\"position\":2,\"name\":\"Kauppa\",\"item\":\"https:\\\/\\\/awero.ee\\\/fi\\\/kauppa\\\/\"},{\"@type\":\"ListItem\",\"position\":3,\"name\":\"S\u00e4hk\u00f6l\u00e4mmityselementti 3 kW\"}]},{\"@type\":\"WebSite\",\"@id\":\"https:\\\/\\\/awero.ee\\\/fi\\\/#website\",\"url\":\"https:\\\/\\\/awero.ee\\\/fi\\\/\",\"name\":\"Awero - S\u00fcdamega L\u00f5una Eestist\",\"description\":\"\",\"publisher\":{\"@id\":\"https:\\\/\\\/awero.ee\\\/fi\\\/#organization\"},\"potentialAction\":[{\"@type\":\"SearchAction\",\"target\":{\"@type\":\"EntryPoint\",\"urlTemplate\":\"https:\\\/\\\/awero.ee\\\/fi\\\/?s={search_term_string}\"},\"query-input\":{\"@type\":\"PropertyValueSpecification\",\"valueRequired\":true,\"valueName\":\"search_term_string\"}}],\"inLanguage\":\"fi\"},{\"@type\":\"Organization\",\"@id\":\"https:\\\/\\\/awero.ee\\\/fi\\\/#organization\",\"name\":\"Awero - S\u00fcdamega L\u00f5una Eestist\",\"url\":\"https:\\\/\\\/awero.ee\\\/fi\\\/\",\"logo\":{\"@type\":\"ImageObject\",\"inLanguage\":\"fi\",\"@id\":\"https:\\\/\\\/awero.ee\\\/fi\\\/#\\\/schema\\\/logo\\\/image\\\/\",\"url\":\"https:\\\/\\\/awero.ee\\\/wp-content\\\/uploads\\\/2024\\\/07\\\/aweroplaceholder.jpg\",\"contentUrl\":\"https:\\\/\\\/awero.ee\\\/wp-content\\\/uploads\\\/2024\\\/07\\\/aweroplaceholder.jpg\",\"width\":1250,\"height\":834,\"caption\":\"Awero - S\u00fcdamega L\u00f5una Eestist\"},\"image\":{\"@id\":\"https:\\\/\\\/awero.ee\\\/fi\\\/#\\\/schema\\\/logo\\\/image\\\/\"}}]}<\/script>\n<!-- \/ Yoast SEO plugin. -->","yoast_head_json":{"title":"S\u00e4hk\u00f6l\u00e4mmityselementti 3 kW - Awero - S\u00fcdamega L\u00f5una-Eestist","robots":{"index":"index","follow":"follow","max-snippet":"max-snippet:-1","max-image-preview":"max-image-preview:large","max-video-preview":"max-video-preview:-1"},"canonical":"https:\/\/awero.ee\/fi\/toode\/sahkolammityselementti-3-kw\/","og_locale":"fi_FI","og_type":"article","og_title":"S\u00e4hk\u00f6l\u00e4mmityselementti 3 kW - Awero - S\u00fcdamega L\u00f5una-Eestist","og_description":"3-kW s\u00e4hk\u00f6l\u00e4mmityselementti on luotettava ja tehokas ratkaisu kylpytynnyrin veden l\u00e4mmitt\u00e4miseen. Laite on tarkoitettu k\u00e4ytett\u00e4v\u00e4ksi yhdess\u00e4 suodatusj\u00e4rjestelm\u00e4n kanssa, koska l\u00e4mmityselementiss\u00e4 ei ole omaa kiertoa \u2013 veden virtaus l\u00e4mmittimen l\u00e4pi tapahtuu suodatusj\u00e4rjestelm\u00e4n avulla. S\u00e4hk\u00f6l\u00e4mmitys takaa tasaisen ja vakaan l\u00e4mmityksen ja soveltuu hyvin sek\u00e4 kausittaiseen ett\u00e4 s\u00e4\u00e4nn\u00f6lliseen k\u00e4ytt\u00f6\u00f6n. Yksivaiheisen liit\u00e4nn\u00e4n ansiosta asennus on helppoa ja sopii tavalliseen kotitalouden s\u00e4hk\u00f6verkkoon.","og_url":"https:\/\/awero.ee\/fi\/toode\/sahkolammityselementti-3-kw\/","og_site_name":"Awero - S\u00fcdamega L\u00f5una-Eestist","article_modified_time":"2026-03-10T07:58:56+00:00","og_image":[{"width":700,"height":700,"url":"https:\/\/awero.ee\/wp-content\/uploads\/2025\/03\/Elektrikutte-element-3kW.png","type":"image\/png"}],"twitter_card":"summary_large_image","schema":{"@context":"https:\/\/schema.org","@graph":[{"@type":"WebPage","@id":"https:\/\/awero.ee\/fi\/toode\/sahkolammityselementti-3-kw\/","url":"https:\/\/awero.ee\/fi\/toode\/sahkolammityselementti-3-kw\/","name":"S\u00e4hk\u00f6l\u00e4mmityselementti 3 kW - Awero - S\u00fcdamega L\u00f5una-Eestist","isPartOf":{"@id":"https:\/\/awero.ee\/fi\/#website"},"primaryImageOfPage":{"@id":"https:\/\/awero.ee\/fi\/toode\/sahkolammityselementti-3-kw\/#primaryimage"},"image":{"@id":"https:\/\/awero.ee\/fi\/toode\/sahkolammityselementti-3-kw\/#primaryimage"},"thumbnailUrl":"https:\/\/awero.ee\/wp-content\/uploads\/2025\/03\/Elektrikutte-element-3kW.png","datePublished":"2025-03-01T06:41:20+00:00","dateModified":"2026-03-10T07:58:56+00:00","breadcrumb":{"@id":"https:\/\/awero.ee\/fi\/toode\/sahkolammityselementti-3-kw\/#breadcrumb"},"inLanguage":"fi","potentialAction":[{"@type":"ReadAction","target":["https:\/\/awero.ee\/fi\/toode\/sahkolammityselementti-3-kw\/"]}]},{"@type":"ImageObject","inLanguage":"fi","@id":"https:\/\/awero.ee\/fi\/toode\/sahkolammityselementti-3-kw\/#primaryimage","url":"https:\/\/awero.ee\/wp-content\/uploads\/2025\/03\/Elektrikutte-element-3kW.png","contentUrl":"https:\/\/awero.ee\/wp-content\/uploads\/2025\/03\/Elektrikutte-element-3kW.png","width":700,"height":700},{"@type":"BreadcrumbList","@id":"https:\/\/awero.ee\/fi\/toode\/sahkolammityselementti-3-kw\/#breadcrumb","itemListElement":[{"@type":"ListItem","position":1,"name":"Home","item":"https:\/\/awero.ee\/fi\/etusivu\/"},{"@type":"ListItem","position":2,"name":"Kauppa","item":"https:\/\/awero.ee\/fi\/kauppa\/"},{"@type":"ListItem","position":3,"name":"S\u00e4hk\u00f6l\u00e4mmityselementti 3 kW"}]},{"@type":"WebSite","@id":"https:\/\/awero.ee\/fi\/#website","url":"https:\/\/awero.ee\/fi\/","name":"Awero - S\u00fcdamega L\u00f5una Eestist","description":"","publisher":{"@id":"https:\/\/awero.ee\/fi\/#organization"},"potentialAction":[{"@type":"SearchAction","target":{"@type":"EntryPoint","urlTemplate":"https:\/\/awero.ee\/fi\/?s={search_term_string}"},"query-input":{"@type":"PropertyValueSpecification","valueRequired":true,"valueName":"search_term_string"}}],"inLanguage":"fi"},{"@type":"Organization","@id":"https:\/\/awero.ee\/fi\/#organization","name":"Awero - S\u00fcdamega L\u00f5una Eestist","url":"https:\/\/awero.ee\/fi\/","logo":{"@type":"ImageObject","inLanguage":"fi","@id":"https:\/\/awero.ee\/fi\/#\/schema\/logo\/image\/","url":"https:\/\/awero.ee\/wp-content\/uploads\/2024\/07\/aweroplaceholder.jpg","contentUrl":"https:\/\/awero.ee\/wp-content\/uploads\/2024\/07\/aweroplaceholder.jpg","width":1250,"height":834,"caption":"Awero - S\u00fcdamega L\u00f5una Eestist"},"image":{"@id":"https:\/\/awero.ee\/fi\/#\/schema\/logo\/image\/"}}]}},"_links":{"self":[{"href":"https:\/\/awero.ee\/fi\/wp-json\/wp\/v2\/product\/12761","targetHints":{"allow":["GET"]}}],"collection":[{"href":"https:\/\/awero.ee\/fi\/wp-json\/wp\/v2\/product"}],"about":[{"href":"https:\/\/awero.ee\/fi\/wp-json\/wp\/v2\/types\/product"}],"wp:featuredmedia":[{"embeddable":true,"href":"https:\/\/awero.ee\/fi\/wp-json\/wp\/v2\/media\/5123"}],"wp:attachment":[{"href":"https:\/\/awero.ee\/fi\/wp-json\/wp\/v2\/media?parent=12761"}],"wp:term":[{"taxonomy":"product_brand","embeddable":true,"href":"https:\/\/awero.ee\/fi\/wp-json\/wp\/v2\/product_brand?post=12761"},{"taxonomy":"product_cat","embeddable":true,"href":"https:\/\/awero.ee\/fi\/wp-json\/wp\/v2\/product_cat?post=12761"},{"taxonomy":"product_tag","embeddable":true,"href":"https:\/\/awero.ee\/fi\/wp-json\/wp\/v2\/product_tag?post=12761"}],"curies":[{"name":"wp","href":"https:\/\/api.w.org\/{rel}","templated":true}]}}