{"id":12705,"date":"2025-10-31T11:47:38","date_gmt":"2025-10-31T11:47:38","guid":{"rendered":"https:\/\/awero.ee\/toode\/icespa-7-kw-taysin-invertteriohjattu-lampopumppu\/"},"modified":"2026-04-01T12:31:36","modified_gmt":"2026-04-01T12:31:36","slug":"icespa-7-kw-taysin-invertteriohjattu-lampopumppu","status":"publish","type":"product","link":"https:\/\/awero.ee\/fi\/toode\/icespa-7-kw-taysin-invertteriohjattu-lampopumppu\/","title":{"rendered":"IceSpa 7 kW t\u00e4ysin invertteriohjattu l\u00e4mp\u00f6pumppu"},"content":{"rendered":"<p>Tehnilised andmed:<\/p>\n<p>\u2022 Funktsioonid: k\u00fctmine ja jahutamine<br \/>\n\u2022 Maks. elektriline v\u00f5imsustarve: 1,7 kW<br \/>\n\u2022 T\u00f6\u00f6\u00f5hu temperatuuri vahemik: -25 \u00b0C \u2013 43 \u00b0C<br \/>\n\u2022 Soojendusv\u00f5imsus: 3,3 ~ 7,0 kW (\u00f5hk 26 \u00b0C \/ vesi 26 \u00b0C); 3,3 kW @ -10 \u00b0C (\u00f5hk -10 \u00b0C \/ vesi 38 \u00b0C)<br \/>\n\u2022 Tarbitav v\u00f5imsus: 0,28 ~ 1,4 kW (s\u00f5ltuvalt t\u00f6\u00f6re\u017eiimist)<br \/>\n\u2022 Jahutusv\u00f5imsus: kuni 3,7 kW (\u00f5hk 35 \u00b0C \/ vesi 27 \u00b0C)<br \/>\n\u2022 Toitepinge: 220\u2013240 V 1-faasiline, 50\/60 Hz<br \/>\n\u2022 \u00dchendused: \u00d832 mm \/ \u00d838 mm veetorule<br \/>\n\u2022 Maks. voolutugevus: 9 A<br \/>\n\u2022 K\u00fcttevee temperatuuri vahemik: 15 \u00b0C \u2013 40 \u00b0C<br \/>\n\u2022 Jahutab kuni: 4 \u00b0C<br \/>\n\u2022 Seadme m\u00f5\u00f5tmed (P \u00d7 L \u00d7 K): 710 \u00d7 490 \u00d7 500 mm<br \/>\n\u2022 Pakendi m\u00f5\u00f5tmed: 910 \u00d7 550 \u00d7 540 mm<br \/>\n\u2022 Neto-\/brutokaal: 43 kg \/ 46 kg<br \/>\n\u2022 M\u00fcratase: <48 dB(A) @1 m; <36 dB(A) @4 m; <28 dB(A) @10 m     \n<\/p>\n","protected":false},"excerpt":{"rendered":"<p>Tekniset tiedot<\/p>\n<p>IceSpa 7 kW t\u00e4ysin invertteriohjattu l\u00e4mp\u00f6pumppu<br \/>\n\u2022 Toiminnot: l\u00e4mmitys ja j\u00e4\u00e4hdytys<br \/>\n\u2022 Maks. s\u00e4hk\u00f6nkulutus: 1,7 kW<br \/>\n\u2022 K\u00e4ytt\u00f6l\u00e4mp\u00f6tila (ulkoilma): -25 \u00b0C \u2013 43 \u00b0C<br \/>\n\u2022 L\u00e4mmitysteho: 3,3 ~ 7,0 kW (ilma 26 \u00b0C \/ vesi 26 \u00b0C); 3,3 kW @ -10 \u00b0C (ilma -10 \u00b0C \/ vesi 38 \u00b0C)<br \/>\n\u2022 Ottoteho: 0,28 ~ 1,4 kW (k\u00e4ytt\u00f6tilasta riippuen)<br \/>\n\u2022 J\u00e4\u00e4hdytysteho: enint\u00e4\u00e4n 3,7 kW (ilma 35 \u00b0C \/ vesi 27 \u00b0C)<br \/>\n\u2022 Sy\u00f6tt\u00f6j\u00e4nnite: 220\u2013240 V 1-vaihe, 50\/60 Hz<br \/>\n\u2022 Liit\u00e4nn\u00e4t: \u00d832 mm \/ \u00d838 mm vesiputkelle<br \/>\n\u2022 Maks. virta: 9 A<br \/>\n\u2022 L\u00e4mmitysveden l\u00e4mp\u00f6tila-alue: 15 \u00b0C \u2013 40 \u00b0C<br \/>\n\u2022 J\u00e4\u00e4hdytt\u00e4\u00e4 jopa: 4 \u00b0C<br \/>\n\u2022 Laitteen mitat (P \u00d7 L \u00d7 K): 710 \u00d7 490 \u00d7 500 mm<br \/>\n\u2022 Pakkauksen mitat: 910 \u00d7 550 \u00d7 540 mm<br \/>\n\u2022 Neto-\/bruttopaino: 43 kg \/ 46 kg<br \/>\u2022 Melutaso: &lt;48 dB(A) @1 m; &lt;36 dB(A) @4 m;   <28 dB(A) @10 m><target><\/target><extradata unit=\"Body\" type=\"text\" group=\"Main Content\" group_id=\"Main_Content-0\"><\/extradata><\/trans-unit><trans-unit resname=\"excerpt\" restype=\"string\" datatype=\"html\" id=\"excerpt\"><source><\/source><\/p>\n","protected":false},"featured_media":8798,"template":"","meta":{"_acf_changed":false},"product_brand":[],"product_cat":[1079],"product_tag":[],"class_list":{"0":"post-12705","1":"product","2":"type-product","3":"status-publish","4":"has-post-thumbnail","6":"product_cat-lisavarusteet","8":"first","9":"instock","10":"shipping-taxable","11":"product-type-simple"},"acf":[],"yoast_head":"<!-- This site is optimized with the Yoast SEO plugin v26.8 - https:\/\/yoast.com\/product\/yoast-seo-wordpress\/ -->\n<title>IceSpa 7 kW t\u00e4ysin invertteriohjattu l\u00e4mp\u00f6pumppu - Awero - S\u00fcdamega L\u00f5una-Eestist<\/title>\n<meta name=\"robots\" content=\"index, follow, max-snippet:-1, max-image-preview:large, max-video-preview:-1\" \/>\n<link rel=\"canonical\" href=\"https:\/\/awero.ee\/fi\/toode\/icespa-7-kw-taysin-invertteriohjattu-lampopumppu\/\" \/>\n<meta property=\"og:locale\" content=\"fi_FI\" \/>\n<meta property=\"og:type\" content=\"article\" \/>\n<meta property=\"og:title\" content=\"IceSpa 7 kW t\u00e4ysin invertteriohjattu l\u00e4mp\u00f6pumppu - Awero - S\u00fcdamega L\u00f5una-Eestist\" \/>\n<meta property=\"og:description\" content=\"Tekniset tiedot IceSpa 7 kW t\u00e4ysin invertteriohjattu l\u00e4mp\u00f6pumppu \u2022 Toiminnot: l\u00e4mmitys ja j\u00e4\u00e4hdytys \u2022 Maks. s\u00e4hk\u00f6nkulutus: 1,7 kW \u2022 K\u00e4ytt\u00f6l\u00e4mp\u00f6tila (ulkoilma): -25 \u00b0C \u2013 43 \u00b0C \u2022 L\u00e4mmitysteho: 3,3 ~ 7,0 kW (ilma 26 \u00b0C \/ vesi 26 \u00b0C); 3,3 kW @ -10 \u00b0C (ilma -10 \u00b0C \/ vesi 38 \u00b0C) \u2022 Ottoteho: 0,28 ~ 1,4 kW (k\u00e4ytt\u00f6tilasta riippuen) \u2022 J\u00e4\u00e4hdytysteho: enint\u00e4\u00e4n 3,7 kW (ilma 35 \u00b0C \/ vesi 27 \u00b0C) \u2022 Sy\u00f6tt\u00f6j\u00e4nnite: 220\u2013240 V 1-vaihe, 50\/60 Hz \u2022 Liit\u00e4nn\u00e4t: \u00d832 mm \/ \u00d838 mm vesiputkelle \u2022 Maks. virta: 9 A \u2022 L\u00e4mmitysveden l\u00e4mp\u00f6tila-alue: 15 \u00b0C \u2013 40 \u00b0C \u2022 J\u00e4\u00e4hdytt\u00e4\u00e4 jopa: 4 \u00b0C \u2022 Laitteen mitat (P \u00d7 L \u00d7 K): 710 \u00d7 490 \u00d7 500 mm \u2022 Pakkauksen mitat: 910 \u00d7 550 \u00d7 540 mm \u2022 Neto-\/bruttopaino: 43 kg \/ 46 kg\u2022 Melutaso: &lt;48 dB(A) @1 m; &lt;36 dB(A) @4 m;\" \/>\n<meta property=\"og:url\" content=\"https:\/\/awero.ee\/fi\/toode\/icespa-7-kw-taysin-invertteriohjattu-lampopumppu\/\" \/>\n<meta property=\"og:site_name\" content=\"Awero - S\u00fcdamega L\u00f5una-Eestist\" \/>\n<meta property=\"article:modified_time\" content=\"2026-04-01T12:31:36+00:00\" \/>\n<meta property=\"og:image\" content=\"https:\/\/awero.ee\/wp-content\/uploads\/2025\/10\/poolex-icespa-7-kw.jpg\" \/>\n\t<meta property=\"og:image:width\" content=\"678\" \/>\n\t<meta property=\"og:image:height\" content=\"469\" \/>\n\t<meta property=\"og:image:type\" content=\"image\/jpeg\" \/>\n<meta name=\"twitter:card\" content=\"summary_large_image\" \/>\n<script type=\"application\/ld+json\" class=\"yoast-schema-graph\">{\"@context\":\"https:\/\/schema.org\",\"@graph\":[{\"@type\":\"WebPage\",\"@id\":\"https:\/\/awero.ee\/fi\/toode\/icespa-7-kw-taysin-invertteriohjattu-lampopumppu\/\",\"url\":\"https:\/\/awero.ee\/fi\/toode\/icespa-7-kw-taysin-invertteriohjattu-lampopumppu\/\",\"name\":\"IceSpa 7 kW t\u00e4ysin invertteriohjattu l\u00e4mp\u00f6pumppu - Awero - S\u00fcdamega L\u00f5una-Eestist\",\"isPartOf\":{\"@id\":\"https:\/\/awero.ee\/fi\/#website\"},\"primaryImageOfPage\":{\"@id\":\"https:\/\/awero.ee\/fi\/toode\/icespa-7-kw-taysin-invertteriohjattu-lampopumppu\/#primaryimage\"},\"image\":{\"@id\":\"https:\/\/awero.ee\/fi\/toode\/icespa-7-kw-taysin-invertteriohjattu-lampopumppu\/#primaryimage\"},\"thumbnailUrl\":\"https:\/\/awero.ee\/wp-content\/uploads\/2025\/10\/poolex-icespa-7-kw.jpg\",\"datePublished\":\"2025-10-31T11:47:38+00:00\",\"dateModified\":\"2026-04-01T12:31:36+00:00\",\"breadcrumb\":{\"@id\":\"https:\/\/awero.ee\/fi\/toode\/icespa-7-kw-taysin-invertteriohjattu-lampopumppu\/#breadcrumb\"},\"inLanguage\":\"fi\",\"potentialAction\":[{\"@type\":\"ReadAction\",\"target\":[\"https:\/\/awero.ee\/fi\/toode\/icespa-7-kw-taysin-invertteriohjattu-lampopumppu\/\"]}]},{\"@type\":\"ImageObject\",\"inLanguage\":\"fi\",\"@id\":\"https:\/\/awero.ee\/fi\/toode\/icespa-7-kw-taysin-invertteriohjattu-lampopumppu\/#primaryimage\",\"url\":\"https:\/\/awero.ee\/wp-content\/uploads\/2025\/10\/poolex-icespa-7-kw.jpg\",\"contentUrl\":\"https:\/\/awero.ee\/wp-content\/uploads\/2025\/10\/poolex-icespa-7-kw.jpg\",\"width\":678,\"height\":469},{\"@type\":\"BreadcrumbList\",\"@id\":\"https:\/\/awero.ee\/fi\/toode\/icespa-7-kw-taysin-invertteriohjattu-lampopumppu\/#breadcrumb\",\"itemListElement\":[{\"@type\":\"ListItem\",\"position\":1,\"name\":\"Home\",\"item\":\"https:\/\/awero.ee\/fi\/etusivu\/\"},{\"@type\":\"ListItem\",\"position\":2,\"name\":\"Kauppa\",\"item\":\"https:\/\/awero.ee\/fi\/kauppa\/\"},{\"@type\":\"ListItem\",\"position\":3,\"name\":\"IceSpa 7 kW t\u00e4ysin invertteriohjattu l\u00e4mp\u00f6pumppu\"}]},{\"@type\":\"WebSite\",\"@id\":\"https:\/\/awero.ee\/fi\/#website\",\"url\":\"https:\/\/awero.ee\/fi\/\",\"name\":\"Awero - S\u00fcdamega L\u00f5una Eestist\",\"description\":\"\",\"publisher\":{\"@id\":\"https:\/\/awero.ee\/fi\/#organization\"},\"potentialAction\":[{\"@type\":\"SearchAction\",\"target\":{\"@type\":\"EntryPoint\",\"urlTemplate\":\"https:\/\/awero.ee\/fi\/?s={search_term_string}\"},\"query-input\":{\"@type\":\"PropertyValueSpecification\",\"valueRequired\":true,\"valueName\":\"search_term_string\"}}],\"inLanguage\":\"fi\"},{\"@type\":\"Organization\",\"@id\":\"https:\/\/awero.ee\/fi\/#organization\",\"name\":\"Awero - S\u00fcdamega L\u00f5una Eestist\",\"url\":\"https:\/\/awero.ee\/fi\/\",\"logo\":{\"@type\":\"ImageObject\",\"inLanguage\":\"fi\",\"@id\":\"https:\/\/awero.ee\/fi\/#\/schema\/logo\/image\/\",\"url\":\"https:\/\/awero.ee\/wp-content\/uploads\/2024\/07\/aweroplaceholder.jpg\",\"contentUrl\":\"https:\/\/awero.ee\/wp-content\/uploads\/2024\/07\/aweroplaceholder.jpg\",\"width\":1250,\"height\":834,\"caption\":\"Awero - S\u00fcdamega L\u00f5una Eestist\"},\"image\":{\"@id\":\"https:\/\/awero.ee\/fi\/#\/schema\/logo\/image\/\"}}]}<\/script>\n<!-- \/ Yoast SEO plugin. -->","yoast_head_json":{"title":"IceSpa 7 kW t\u00e4ysin invertteriohjattu l\u00e4mp\u00f6pumppu - Awero - S\u00fcdamega L\u00f5una-Eestist","robots":{"index":"index","follow":"follow","max-snippet":"max-snippet:-1","max-image-preview":"max-image-preview:large","max-video-preview":"max-video-preview:-1"},"canonical":"https:\/\/awero.ee\/fi\/toode\/icespa-7-kw-taysin-invertteriohjattu-lampopumppu\/","og_locale":"fi_FI","og_type":"article","og_title":"IceSpa 7 kW t\u00e4ysin invertteriohjattu l\u00e4mp\u00f6pumppu - Awero - S\u00fcdamega L\u00f5una-Eestist","og_description":"Tekniset tiedot IceSpa 7 kW t\u00e4ysin invertteriohjattu l\u00e4mp\u00f6pumppu \u2022 Toiminnot: l\u00e4mmitys ja j\u00e4\u00e4hdytys \u2022 Maks. s\u00e4hk\u00f6nkulutus: 1,7 kW \u2022 K\u00e4ytt\u00f6l\u00e4mp\u00f6tila (ulkoilma): -25 \u00b0C \u2013 43 \u00b0C \u2022 L\u00e4mmitysteho: 3,3 ~ 7,0 kW (ilma 26 \u00b0C \/ vesi 26 \u00b0C); 3,3 kW @ -10 \u00b0C (ilma -10 \u00b0C \/ vesi 38 \u00b0C) \u2022 Ottoteho: 0,28 ~ 1,4 kW (k\u00e4ytt\u00f6tilasta riippuen) \u2022 J\u00e4\u00e4hdytysteho: enint\u00e4\u00e4n 3,7 kW (ilma 35 \u00b0C \/ vesi 27 \u00b0C) \u2022 Sy\u00f6tt\u00f6j\u00e4nnite: 220\u2013240 V 1-vaihe, 50\/60 Hz \u2022 Liit\u00e4nn\u00e4t: \u00d832 mm \/ \u00d838 mm vesiputkelle \u2022 Maks. virta: 9 A \u2022 L\u00e4mmitysveden l\u00e4mp\u00f6tila-alue: 15 \u00b0C \u2013 40 \u00b0C \u2022 J\u00e4\u00e4hdytt\u00e4\u00e4 jopa: 4 \u00b0C \u2022 Laitteen mitat (P \u00d7 L \u00d7 K): 710 \u00d7 490 \u00d7 500 mm \u2022 Pakkauksen mitat: 910 \u00d7 550 \u00d7 540 mm \u2022 Neto-\/bruttopaino: 43 kg \/ 46 kg\u2022 Melutaso: &lt;48 dB(A) @1 m; &lt;36 dB(A) @4 m;","og_url":"https:\/\/awero.ee\/fi\/toode\/icespa-7-kw-taysin-invertteriohjattu-lampopumppu\/","og_site_name":"Awero - S\u00fcdamega L\u00f5una-Eestist","article_modified_time":"2026-04-01T12:31:36+00:00","og_image":[{"width":678,"height":469,"url":"https:\/\/awero.ee\/wp-content\/uploads\/2025\/10\/poolex-icespa-7-kw.jpg","type":"image\/jpeg"}],"twitter_card":"summary_large_image","schema":{"@context":"https:\/\/schema.org","@graph":[{"@type":"WebPage","@id":"https:\/\/awero.ee\/fi\/toode\/icespa-7-kw-taysin-invertteriohjattu-lampopumppu\/","url":"https:\/\/awero.ee\/fi\/toode\/icespa-7-kw-taysin-invertteriohjattu-lampopumppu\/","name":"IceSpa 7 kW t\u00e4ysin invertteriohjattu l\u00e4mp\u00f6pumppu - Awero - S\u00fcdamega L\u00f5una-Eestist","isPartOf":{"@id":"https:\/\/awero.ee\/fi\/#website"},"primaryImageOfPage":{"@id":"https:\/\/awero.ee\/fi\/toode\/icespa-7-kw-taysin-invertteriohjattu-lampopumppu\/#primaryimage"},"image":{"@id":"https:\/\/awero.ee\/fi\/toode\/icespa-7-kw-taysin-invertteriohjattu-lampopumppu\/#primaryimage"},"thumbnailUrl":"https:\/\/awero.ee\/wp-content\/uploads\/2025\/10\/poolex-icespa-7-kw.jpg","datePublished":"2025-10-31T11:47:38+00:00","dateModified":"2026-04-01T12:31:36+00:00","breadcrumb":{"@id":"https:\/\/awero.ee\/fi\/toode\/icespa-7-kw-taysin-invertteriohjattu-lampopumppu\/#breadcrumb"},"inLanguage":"fi","potentialAction":[{"@type":"ReadAction","target":["https:\/\/awero.ee\/fi\/toode\/icespa-7-kw-taysin-invertteriohjattu-lampopumppu\/"]}]},{"@type":"ImageObject","inLanguage":"fi","@id":"https:\/\/awero.ee\/fi\/toode\/icespa-7-kw-taysin-invertteriohjattu-lampopumppu\/#primaryimage","url":"https:\/\/awero.ee\/wp-content\/uploads\/2025\/10\/poolex-icespa-7-kw.jpg","contentUrl":"https:\/\/awero.ee\/wp-content\/uploads\/2025\/10\/poolex-icespa-7-kw.jpg","width":678,"height":469},{"@type":"BreadcrumbList","@id":"https:\/\/awero.ee\/fi\/toode\/icespa-7-kw-taysin-invertteriohjattu-lampopumppu\/#breadcrumb","itemListElement":[{"@type":"ListItem","position":1,"name":"Home","item":"https:\/\/awero.ee\/fi\/etusivu\/"},{"@type":"ListItem","position":2,"name":"Kauppa","item":"https:\/\/awero.ee\/fi\/kauppa\/"},{"@type":"ListItem","position":3,"name":"IceSpa 7 kW t\u00e4ysin invertteriohjattu l\u00e4mp\u00f6pumppu"}]},{"@type":"WebSite","@id":"https:\/\/awero.ee\/fi\/#website","url":"https:\/\/awero.ee\/fi\/","name":"Awero - S\u00fcdamega L\u00f5una Eestist","description":"","publisher":{"@id":"https:\/\/awero.ee\/fi\/#organization"},"potentialAction":[{"@type":"SearchAction","target":{"@type":"EntryPoint","urlTemplate":"https:\/\/awero.ee\/fi\/?s={search_term_string}"},"query-input":{"@type":"PropertyValueSpecification","valueRequired":true,"valueName":"search_term_string"}}],"inLanguage":"fi"},{"@type":"Organization","@id":"https:\/\/awero.ee\/fi\/#organization","name":"Awero - S\u00fcdamega L\u00f5una Eestist","url":"https:\/\/awero.ee\/fi\/","logo":{"@type":"ImageObject","inLanguage":"fi","@id":"https:\/\/awero.ee\/fi\/#\/schema\/logo\/image\/","url":"https:\/\/awero.ee\/wp-content\/uploads\/2024\/07\/aweroplaceholder.jpg","contentUrl":"https:\/\/awero.ee\/wp-content\/uploads\/2024\/07\/aweroplaceholder.jpg","width":1250,"height":834,"caption":"Awero - S\u00fcdamega L\u00f5una Eestist"},"image":{"@id":"https:\/\/awero.ee\/fi\/#\/schema\/logo\/image\/"}}]}},"_links":{"self":[{"href":"https:\/\/awero.ee\/fi\/wp-json\/wp\/v2\/product\/12705","targetHints":{"allow":["GET"]}}],"collection":[{"href":"https:\/\/awero.ee\/fi\/wp-json\/wp\/v2\/product"}],"about":[{"href":"https:\/\/awero.ee\/fi\/wp-json\/wp\/v2\/types\/product"}],"wp:featuredmedia":[{"embeddable":true,"href":"https:\/\/awero.ee\/fi\/wp-json\/wp\/v2\/media\/8798"}],"wp:attachment":[{"href":"https:\/\/awero.ee\/fi\/wp-json\/wp\/v2\/media?parent=12705"}],"wp:term":[{"taxonomy":"product_brand","embeddable":true,"href":"https:\/\/awero.ee\/fi\/wp-json\/wp\/v2\/product_brand?post=12705"},{"taxonomy":"product_cat","embeddable":true,"href":"https:\/\/awero.ee\/fi\/wp-json\/wp\/v2\/product_cat?post=12705"},{"taxonomy":"product_tag","embeddable":true,"href":"https:\/\/awero.ee\/fi\/wp-json\/wp\/v2\/product_tag?post=12705"}],"curies":[{"name":"wp","href":"https:\/\/api.w.org\/{rel}","templated":true}]}}