{"id":8459,"date":"2025-07-07T08:51:39","date_gmt":"2025-07-07T08:51:39","guid":{"rendered":"https:\/\/awero.ee\/myyntiehdot\/"},"modified":"2025-10-16T08:00:00","modified_gmt":"2025-10-16T08:00:00","slug":"myyntiehdot","status":"publish","type":"page","link":"https:\/\/awero.ee\/fi\/myyntiehdot\/","title":{"rendered":"Myyntiehdot"},"content":{"rendered":"\n<h2 class=\"wp-block-heading\"><\/h2>\n\n<p><strong>Awero.ee-verkkokaupan<\/strong> (j\u00e4ljemp\u00e4n\u00e4 <strong>Verkkokauppa<\/strong>) omistaja on <strong>Awero O\u00dc<\/strong> (rekisteritunnus <strong>16456392<\/strong>), jonka kotipaikka on <strong>Valgan l\u00e4\u00e4ni, Otep\u00e4\u00e4n kunta, Sihvan kyl\u00e4, Vokipoe, 67301<\/strong>.<\/p>\n\n<hr class=\"wp-block-separator has-alpha-channel-opacity\"\/>\n\n<h3 class=\"wp-block-heading\">Myyntisopimuksen voimassaolo, kaupalliset tiedot ja hintatiedot<\/h3>\n\n<p>Verkkokaupasta ostettuihin tavaroihin sovelletaan myyntiehtoja.<\/p>\n\n<p>Verkkokaupassa myyt\u00e4vien tuotteiden hinnat on ilmoitettu tuotteiden yhteydess\u00e4. Hintaan lis\u00e4t\u00e4\u00e4n toimitusmaksu. Kaikki hinnat ovat eurom\u00e4\u00e4r\u00e4isi\u00e4.  <\/p>\n\n<p>Toimitusmaksu riippuu ostajan sijainnista ja valitusta toimitustavasta. Tarkka maksu ilmoitetaan tilausta teht\u00e4ess\u00e4. <\/p>\n\n<p>Tuotetta koskevat tiedot ovat saatavilla tuotteen verkkokaupassa.<\/p>\n\n<hr class=\"wp-block-separator has-alpha-channel-opacity\"\/>\n\n<h3 class=\"wp-block-heading\">Tilauksen tekeminen<\/h3>\n\n<p>Tilausta varten sinun on lis\u00e4tt\u00e4v\u00e4 haluamasi tuotteet ostoskoriin, t\u00e4ytett\u00e4v\u00e4 tarvittavat tietokent\u00e4t ja valittava sopiva toimitustapa. T\u00e4m\u00e4n j\u00e4lkeen sinulle n\u00e4ytet\u00e4\u00e4n maksettava summa, jonka voit maksaa turvallisesti seuraavilla maksutavoilla: <\/p>\n\n<ul class=\"wp-block-list\">\n<li>Viron, Suomen, Latvian ja Liettuan pankkilinkit<\/li>\n\n\n\n<li>Visa\/Mastercard-korttimaksut<\/li>\n\n\n\n<li>Apple Pay ja Google Pay<\/li>\n\n\n\n<li>Maksa my\u00f6hemmin -ratkaisut<\/li>\n\n\n\n<li>Kniks-lahjakortti<\/li>\n<\/ul>\n\n<p><strong>Huom.!<\/strong>  Kun maksat pankkisiirrolla, muista klikata &#8221;Takaisin kauppiaalle&#8221; -painiketta pankkisivulla.<\/p>\n\n<p>Maksuja v\u00e4litt\u00e4\u00e4 <strong>Maksekeskus AS.<\/strong> Maksaminen tapahtuu verkkokaupan ulkopuolella suojatussa ymp\u00e4rist\u00f6ss\u00e4. Kauppiaalla ei ole p\u00e4\u00e4sy\u00e4 asiakkaan pankki- ja korttitietoihin. Kauppasopimus astuu voimaan heti, kun rahat on hyvitetty Verkkokaupan tilille.   <\/p>\n\n<p>Verkkokauppa v\u00e4litt\u00e4\u00e4 maksujen suorittamiseen tarvittavat henkil\u00f6tiedot Maksekeskus AS:lle.<\/p>\n\n<p>Jos tilattuja tavaroita ei voida toimittaa (esim. tuote on loppunut varastosta), ostajalle ilmoitetaan asiasta v\u00e4litt\u00f6m\u00e4sti ja maksettu summa, toimituskulut mukaan lukien, palautetaan viimeist\u00e4\u00e4n 14 p\u00e4iv\u00e4n kuluessa.<\/p>\n\n<hr class=\"wp-block-separator has-alpha-channel-opacity\"\/>\n\n<h3 class=\"wp-block-heading\">Toimitus osoitteeseen<\/h3>\n\n<p>Tavaroita l\u00e4hetet\u00e4\u00e4n <strong>Viroon, Suomeen, Latviaan ja Liettuaan.<\/strong><\/p>\n\n<p>Ostaja voi noutaa tavarat valitsemalla seuraavien toimitustapojen v\u00e4lill\u00e4:<\/p>\n\n<ul class=\"wp-block-list\">\n<li><strong>Omniva-pakettiautomaatit<\/strong><\/li>\n\n\n\n<li><strong>Aweron kuriiripalvelu<\/strong><\/li>\n<\/ul>\n\n<p>Ostaja vastaa toimituskuluista. Maksu on n\u00e4kyviss\u00e4 tilauksen tekemisen yhteydess\u00e4 valitulla toimitustavalla. <\/p>\n\n<p>Viron sis\u00e4iset l\u00e4hetykset saapuvat ostajalle yleens\u00e4 <strong>3-5 ty\u00f6p\u00e4iv\u00e4n<\/strong> kuluessa kauppasopimuksen voimaantulosta. Viron ulkopuolella toimitus voi kest\u00e4\u00e4 jopa <strong>14 kalenterip\u00e4iv\u00e4\u00e4<\/strong>. <\/p>\n\n<p>Poikkeustapauksissa verkkokaupalla on oikeus toimittaa tavarat 45 kalenterip\u00e4iv\u00e4n kuluessa.<\/p>\n\n<hr class=\"wp-block-separator has-alpha-channel-opacity\"\/>\n\n<h3 class=\"wp-block-heading\">Peruuttamisoikeus<\/h3>\n\n<p>Tilauksen vastaanottamisen j\u00e4lkeen ostajalla on oikeus peruuttaa s\u00e4hk\u00f6inen sopimus 14 p\u00e4iv\u00e4n kuluessa.<\/p>\n\n<p><strong>Peruuttamisoikeutta ei sovelleta, jos ostaja on oikeushenkil\u00f6.<\/strong><\/p>\n\n<p>Peruuttamisoikeuden k\u00e4ytt\u00e4minen edellytt\u00e4\u00e4, ett\u00e4 tuotetta ei saa k\u00e4ytt\u00e4\u00e4 muulla tavoin kuin on tarpeen sen luonteen, ominaisuuksien ja suorituskyvyn selvitt\u00e4miseksi.<\/p>\n\n<p>Jos tavaroita on k\u00e4ytetty sallittua enemm\u00e4n tai jos niiss\u00e4 on k\u00e4ytt\u00f6j\u00e4lki\u00e4, Veebipoelilla on oikeus alentaa palautettavaa summaa arvonalennuksen mukaisesti.<\/p>\n\n<p><strong>Palauttaaksesi tavarat sinun on l\u00e4hetett\u00e4v\u00e4 peruutuspyynt\u00f6 <a>osoitteeseen info@awero.ee<\/a><\/strong> 14 p\u00e4iv\u00e4n kuluessa tavaroiden vastaanottamisesta.<\/p>\n\n<p>Ostaja vastaa tavaran palauttamisesta aiheutuvista kustannuksista, paitsi jos tuote ei vastaa tilattua (esim. v\u00e4\u00e4r\u00e4 tai viallinen tuote).<\/p>\n\n<p>Ostajan on palautettava tavarat 14 p\u00e4iv\u00e4n kuluessa peruutusilmoituksen l\u00e4hett\u00e4misest\u00e4 tai esitett\u00e4v\u00e4 todiste siit\u00e4, ett\u00e4 h\u00e4n on luovuttanut ne rahdinkuljettajalle.<\/p>\n\n<p>Verkkokauppa palauttaa maksetun summan (toimituskulut mukaan lukien) viipym\u00e4tt\u00e4, mutta viimeist\u00e4\u00e4n 14 p\u00e4iv\u00e4n kuluessa peruutuspyynn\u00f6n vastaanottamisesta.<\/p>\n\n<p>Verkkokauppa voi odottaa hyvityksen maksamista, kunnes se on saanut tavarat takaisin tai ostaja on toimittanut siit\u00e4 todisteen.<\/p>\n\n<p>Jos ostaja on valinnut vakiotoimitusta kalliimman toimitustavan, vain vakiotoimituksen kustannukset palautetaan.<\/p>\n\n<p>Verkkokaupalla on oikeus peruuttaa kauppasopimus, jos hinta on harhaanjohtavasti huomattavasti markkinahintaa alhaisempi.<\/p>\n\n<hr class=\"wp-block-separator has-alpha-channel-opacity\"\/>\n\n<h3 class=\"wp-block-heading\">Oikeus tehd\u00e4 valitus<\/h3>\n\n<p>Verkkokauppa on vastuussa siit\u00e4, ett\u00e4 tavarat eiv\u00e4t vastaa sopimusehtoja enint\u00e4\u00e4n kahden vuoden ajan tavaroiden toimittamisesta.<\/p>\n\n<p>Ensimm\u00e4isen vuoden aikana oletetaan, ett\u00e4 puute oli olemassa jo siirtohetkell\u00e4 &#8211; todistustaakka on Veebipoelilla.<\/p>\n\n<p>Jos puutteita ilmenee, valitus on l\u00e4hetett\u00e4v\u00e4 viimeist\u00e4\u00e4n kahden kuukauden kuluessa s\u00e4hk\u00f6postitse seuraavaan osoitteeseen. <strong>\n  <a>info@awero.ee<\/a>\n<\/strong> tai soittamalla numeroon <strong>+372 5661 5676<\/strong>.<\/p>\n\n<p>Verkkokauppa ei ole vastuussa tavaran toimituksen j\u00e4lkeen ilmenevist\u00e4 virheist\u00e4.<\/p>\n\n<p>Jos tuote on viallinen, se korjataan tai vaihdetaan. Jos t\u00e4m\u00e4 ei ole mahdollista, kaikki sopimuksen mukaisesti maksetut summat palautetaan ostajalle. <\/p>\n\n<p>Valituksiin vastataan 15 p\u00e4iv\u00e4n kuluessa.<\/p>\n\n<hr class=\"wp-block-separator has-alpha-channel-opacity\"\/>\n\n<h3 class=\"wp-block-heading\">Suoramarkkinointi ja henkil\u00f6tietojen k\u00e4sittely<\/h3>\n\n<p>Verkkokauppa k\u00e4ytt\u00e4\u00e4 ostajan tietoja ainoastaan tilauksen k\u00e4sittelyyn ja toimitukseen. Tietoja siirret\u00e4\u00e4n ainoastaan toimituskumppaneille. <\/p>\n\n<p>Uutiskirjeit\u00e4 ja tarjouksia l\u00e4hetet\u00e4\u00e4n vain, jos ostaja on antanut siihen suostumuksensa.<\/p>\n\n<p>Ostajalla on milloin tahansa oikeus kielt\u00e4yty\u00e4 suoramarkkinoinnista l\u00e4hett\u00e4m\u00e4ll\u00e4 s\u00e4hk\u00f6postia tai seuraamalla uutiskirjeen lopussa olevaa kielt\u00e4ytymislinkki\u00e4.<\/p>\n\n<hr class=\"wp-block-separator has-alpha-channel-opacity\"\/>\n\n<h3 class=\"wp-block-heading\">Riitojen ratkaiseminen<\/h3>\n\n<p>Valitukset on l\u00e4hetett\u00e4v\u00e4 seuraavaan s\u00e4hk\u00f6postiosoitteeseen <strong>\n  <a>info@awero.ee<\/a>\n<\/strong> tai soittamalla numeroon <strong>+372 5661 5676<\/strong>.<\/p>\n\n<p>Jos ratkaisua ei l\u00f6ydy, voidaan ottaa yhteytt\u00e4 <strong>kuluttajariitalautakuntaan<\/strong><a class=\"\" href=\"https:\/\/komisjon.ee\">(https:\/\/komisjon.ee<\/a>). Valitusten k\u00e4sittely on maksutonta. <\/p>\n\n<p>Voit my\u00f6s ottaa yhteytt\u00e4 Euroopan unionin verkkov\u00e4litteiseen riidanratkaisufoorumiin: <a class=\"\" href=\"https:\/\/ec.europa.eu\/odr\">https:\/\/ec.europa.eu\/odr.<\/a><\/p>\n","protected":false},"excerpt":{"rendered":"<p>Awero.ee-verkkokaupan (j\u00e4ljemp\u00e4n\u00e4 Verkkokauppa) omistaja on Awero O\u00dc (rekisteritunnus 16456392), jonka kotipaikka on Valgan l\u00e4\u00e4ni, Otep\u00e4\u00e4n kunta, Sihvan kyl\u00e4, Vokipoe, 67301. Myyntisopimuksen voimassaolo, kaupalliset tiedot ja hintatiedot Verkkokaupasta ostettuihin tavaroihin sovelletaan myyntiehtoja. Verkkokaupassa myyt\u00e4vien tuotteiden hinnat on ilmoitettu tuotteiden yhteydess\u00e4. Hintaan lis\u00e4t\u00e4\u00e4n toimitusmaksu. Kaikki hinnat ovat eurom\u00e4\u00e4r\u00e4isi\u00e4. Toimitusmaksu riippuu ostajan sijainnista ja valitusta toimitustavasta. Tarkka maksu [&hellip;]<\/p>\n","protected":false},"author":1,"featured_media":0,"parent":0,"menu_order":0,"comment_status":"closed","ping_status":"closed","template":"muugitingimused.php","meta":{"_acf_changed":false,"footnotes":""},"class_list":["post-8459","page","type-page","status-publish","hentry"],"acf":[],"yoast_head":"<!-- This site is optimized with the Yoast SEO plugin v26.8 - https:\/\/yoast.com\/product\/yoast-seo-wordpress\/ -->\n<title>Myyntiehdot - Awero - S\u00fcdamega L\u00f5una-Eestist<\/title>\n<meta name=\"robots\" content=\"index, follow, max-snippet:-1, max-image-preview:large, max-video-preview:-1\" \/>\n<link rel=\"canonical\" href=\"https:\/\/awero.ee\/fi\/myyntiehdot\/\" \/>\n<meta property=\"og:locale\" content=\"fi_FI\" \/>\n<meta property=\"og:type\" content=\"article\" \/>\n<meta property=\"og:title\" content=\"Myyntiehdot - Awero - S\u00fcdamega L\u00f5una-Eestist\" \/>\n<meta property=\"og:description\" content=\"Awero.ee-verkkokaupan (j\u00e4ljemp\u00e4n\u00e4 Verkkokauppa) omistaja on Awero O\u00dc (rekisteritunnus 16456392), jonka kotipaikka on Valgan l\u00e4\u00e4ni, Otep\u00e4\u00e4n kunta, Sihvan kyl\u00e4, Vokipoe, 67301. Myyntisopimuksen voimassaolo, kaupalliset tiedot ja hintatiedot Verkkokaupasta ostettuihin tavaroihin sovelletaan myyntiehtoja. Verkkokaupassa myyt\u00e4vien tuotteiden hinnat on ilmoitettu tuotteiden yhteydess\u00e4. Hintaan lis\u00e4t\u00e4\u00e4n toimitusmaksu. Kaikki hinnat ovat eurom\u00e4\u00e4r\u00e4isi\u00e4. Toimitusmaksu riippuu ostajan sijainnista ja valitusta toimitustavasta. Tarkka maksu [&hellip;]\" \/>\n<meta property=\"og:url\" content=\"https:\/\/awero.ee\/fi\/myyntiehdot\/\" \/>\n<meta property=\"og:site_name\" content=\"Awero - S\u00fcdamega L\u00f5una-Eestist\" \/>\n<meta property=\"article:modified_time\" content=\"2025-10-16T08:00:00+00:00\" \/>\n<meta property=\"og:image\" content=\"https:\/\/awero.ee\/wp-content\/uploads\/2025\/06\/land.png\" \/>\n\t<meta property=\"og:image:width\" content=\"1200\" \/>\n\t<meta property=\"og:image:height\" content=\"675\" \/>\n\t<meta property=\"og:image:type\" content=\"image\/png\" \/>\n<meta name=\"twitter:card\" content=\"summary_large_image\" \/>\n<meta name=\"twitter:label1\" content=\"Arvioitu lukuaika\" \/>\n\t<meta name=\"twitter:data1\" content=\"3 minuuttia\" \/>\n<script type=\"application\/ld+json\" class=\"yoast-schema-graph\">{\"@context\":\"https:\/\/schema.org\",\"@graph\":[{\"@type\":\"WebPage\",\"@id\":\"https:\/\/awero.ee\/fi\/myyntiehdot\/\",\"url\":\"https:\/\/awero.ee\/fi\/myyntiehdot\/\",\"name\":\"Myyntiehdot - Awero - S\u00fcdamega L\u00f5una-Eestist\",\"isPartOf\":{\"@id\":\"https:\/\/awero.ee\/fi\/#website\"},\"datePublished\":\"2025-07-07T08:51:39+00:00\",\"dateModified\":\"2025-10-16T08:00:00+00:00\",\"breadcrumb\":{\"@id\":\"https:\/\/awero.ee\/fi\/myyntiehdot\/#breadcrumb\"},\"inLanguage\":\"fi\",\"potentialAction\":[{\"@type\":\"ReadAction\",\"target\":[\"https:\/\/awero.ee\/fi\/myyntiehdot\/\"]}]},{\"@type\":\"BreadcrumbList\",\"@id\":\"https:\/\/awero.ee\/fi\/myyntiehdot\/#breadcrumb\",\"itemListElement\":[{\"@type\":\"ListItem\",\"position\":1,\"name\":\"Home\",\"item\":\"https:\/\/awero.ee\/fi\/etusivu\/\"},{\"@type\":\"ListItem\",\"position\":2,\"name\":\"Myyntiehdot\"}]},{\"@type\":\"WebSite\",\"@id\":\"https:\/\/awero.ee\/fi\/#website\",\"url\":\"https:\/\/awero.ee\/fi\/\",\"name\":\"Awero - S\u00fcdamega L\u00f5una Eestist\",\"description\":\"\",\"publisher\":{\"@id\":\"https:\/\/awero.ee\/fi\/#organization\"},\"potentialAction\":[{\"@type\":\"SearchAction\",\"target\":{\"@type\":\"EntryPoint\",\"urlTemplate\":\"https:\/\/awero.ee\/fi\/?s={search_term_string}\"},\"query-input\":{\"@type\":\"PropertyValueSpecification\",\"valueRequired\":true,\"valueName\":\"search_term_string\"}}],\"inLanguage\":\"fi\"},{\"@type\":\"Organization\",\"@id\":\"https:\/\/awero.ee\/fi\/#organization\",\"name\":\"Awero - S\u00fcdamega L\u00f5una Eestist\",\"url\":\"https:\/\/awero.ee\/fi\/\",\"logo\":{\"@type\":\"ImageObject\",\"inLanguage\":\"fi\",\"@id\":\"https:\/\/awero.ee\/fi\/#\/schema\/logo\/image\/\",\"url\":\"https:\/\/awero.ee\/wp-content\/uploads\/2024\/07\/aweroplaceholder.jpg\",\"contentUrl\":\"https:\/\/awero.ee\/wp-content\/uploads\/2024\/07\/aweroplaceholder.jpg\",\"width\":1250,\"height\":834,\"caption\":\"Awero - S\u00fcdamega L\u00f5una Eestist\"},\"image\":{\"@id\":\"https:\/\/awero.ee\/fi\/#\/schema\/logo\/image\/\"}}]}<\/script>\n<!-- \/ Yoast SEO plugin. -->","yoast_head_json":{"title":"Myyntiehdot - Awero - S\u00fcdamega L\u00f5una-Eestist","robots":{"index":"index","follow":"follow","max-snippet":"max-snippet:-1","max-image-preview":"max-image-preview:large","max-video-preview":"max-video-preview:-1"},"canonical":"https:\/\/awero.ee\/fi\/myyntiehdot\/","og_locale":"fi_FI","og_type":"article","og_title":"Myyntiehdot - Awero - S\u00fcdamega L\u00f5una-Eestist","og_description":"Awero.ee-verkkokaupan (j\u00e4ljemp\u00e4n\u00e4 Verkkokauppa) omistaja on Awero O\u00dc (rekisteritunnus 16456392), jonka kotipaikka on Valgan l\u00e4\u00e4ni, Otep\u00e4\u00e4n kunta, Sihvan kyl\u00e4, Vokipoe, 67301. Myyntisopimuksen voimassaolo, kaupalliset tiedot ja hintatiedot Verkkokaupasta ostettuihin tavaroihin sovelletaan myyntiehtoja. Verkkokaupassa myyt\u00e4vien tuotteiden hinnat on ilmoitettu tuotteiden yhteydess\u00e4. Hintaan lis\u00e4t\u00e4\u00e4n toimitusmaksu. Kaikki hinnat ovat eurom\u00e4\u00e4r\u00e4isi\u00e4. Toimitusmaksu riippuu ostajan sijainnista ja valitusta toimitustavasta. Tarkka maksu [&hellip;]","og_url":"https:\/\/awero.ee\/fi\/myyntiehdot\/","og_site_name":"Awero - S\u00fcdamega L\u00f5una-Eestist","article_modified_time":"2025-10-16T08:00:00+00:00","og_image":[{"width":1200,"height":675,"url":"https:\/\/awero.ee\/wp-content\/uploads\/2025\/06\/land.png","type":"image\/png"}],"twitter_card":"summary_large_image","twitter_misc":{"Arvioitu lukuaika":"3 minuuttia"},"schema":{"@context":"https:\/\/schema.org","@graph":[{"@type":"WebPage","@id":"https:\/\/awero.ee\/fi\/myyntiehdot\/","url":"https:\/\/awero.ee\/fi\/myyntiehdot\/","name":"Myyntiehdot - Awero - S\u00fcdamega L\u00f5una-Eestist","isPartOf":{"@id":"https:\/\/awero.ee\/fi\/#website"},"datePublished":"2025-07-07T08:51:39+00:00","dateModified":"2025-10-16T08:00:00+00:00","breadcrumb":{"@id":"https:\/\/awero.ee\/fi\/myyntiehdot\/#breadcrumb"},"inLanguage":"fi","potentialAction":[{"@type":"ReadAction","target":["https:\/\/awero.ee\/fi\/myyntiehdot\/"]}]},{"@type":"BreadcrumbList","@id":"https:\/\/awero.ee\/fi\/myyntiehdot\/#breadcrumb","itemListElement":[{"@type":"ListItem","position":1,"name":"Home","item":"https:\/\/awero.ee\/fi\/etusivu\/"},{"@type":"ListItem","position":2,"name":"Myyntiehdot"}]},{"@type":"WebSite","@id":"https:\/\/awero.ee\/fi\/#website","url":"https:\/\/awero.ee\/fi\/","name":"Awero - S\u00fcdamega L\u00f5una Eestist","description":"","publisher":{"@id":"https:\/\/awero.ee\/fi\/#organization"},"potentialAction":[{"@type":"SearchAction","target":{"@type":"EntryPoint","urlTemplate":"https:\/\/awero.ee\/fi\/?s={search_term_string}"},"query-input":{"@type":"PropertyValueSpecification","valueRequired":true,"valueName":"search_term_string"}}],"inLanguage":"fi"},{"@type":"Organization","@id":"https:\/\/awero.ee\/fi\/#organization","name":"Awero - S\u00fcdamega L\u00f5una Eestist","url":"https:\/\/awero.ee\/fi\/","logo":{"@type":"ImageObject","inLanguage":"fi","@id":"https:\/\/awero.ee\/fi\/#\/schema\/logo\/image\/","url":"https:\/\/awero.ee\/wp-content\/uploads\/2024\/07\/aweroplaceholder.jpg","contentUrl":"https:\/\/awero.ee\/wp-content\/uploads\/2024\/07\/aweroplaceholder.jpg","width":1250,"height":834,"caption":"Awero - S\u00fcdamega L\u00f5una Eestist"},"image":{"@id":"https:\/\/awero.ee\/fi\/#\/schema\/logo\/image\/"}}]}},"_links":{"self":[{"href":"https:\/\/awero.ee\/fi\/wp-json\/wp\/v2\/pages\/8459","targetHints":{"allow":["GET"]}}],"collection":[{"href":"https:\/\/awero.ee\/fi\/wp-json\/wp\/v2\/pages"}],"about":[{"href":"https:\/\/awero.ee\/fi\/wp-json\/wp\/v2\/types\/page"}],"author":[{"embeddable":true,"href":"https:\/\/awero.ee\/fi\/wp-json\/wp\/v2\/users\/1"}],"replies":[{"embeddable":true,"href":"https:\/\/awero.ee\/fi\/wp-json\/wp\/v2\/comments?post=8459"}],"version-history":[{"count":1,"href":"https:\/\/awero.ee\/fi\/wp-json\/wp\/v2\/pages\/8459\/revisions"}],"predecessor-version":[{"id":8460,"href":"https:\/\/awero.ee\/fi\/wp-json\/wp\/v2\/pages\/8459\/revisions\/8460"}],"wp:attachment":[{"href":"https:\/\/awero.ee\/fi\/wp-json\/wp\/v2\/media?parent=8459"}],"curies":[{"name":"wp","href":"https:\/\/api.w.org\/{rel}","templated":true}]}}