{"id":9995,"date":"2025-01-21T08:06:08","date_gmt":"2025-01-21T08:06:08","guid":{"rendered":"https:\/\/awero.ee\/toode\/banera-nordica-mullixking-con-estufa-integrada\/"},"modified":"2026-03-10T07:59:10","modified_gmt":"2026-03-10T07:59:10","slug":"banera-nordica-mullixking-con-estufa-integrada","status":"publish","type":"product","link":"https:\/\/awero.ee\/es\/toode\/banera-nordica-mullixking-con-estufa-integrada\/","title":{"rendered":"Ba\u00f1era n\u00f3rdica \u00abMulliXKing\u00bb con estufa integrada"},"content":{"rendered":"<p style=\"text-align: justify;\">Esta ba\u00f1era n\u00f3rdica se caracteriza por su ergon\u00f3mico y f\u00e1cil de mantener interior de fibra de vidrio de color negro, su lujoso revestimiento de madera termotratada con acabado en negro y su estufa integrada de acero inoxidable de alta calidad (AISI 304). Calentar esta ba\u00f1era n\u00f3rdica requiere menos tiempo y le\u00f1a, por lo que podr\u00e1s empezar a disfrutar antes de la armon\u00eda y de los agradables momentos de relax que ofrece. <\/p>\n<p style=\"text-align: justify;\">El kit incluye:<\/p>\n<ul style=\"text-align: justify;\">\n<li>estufa integrada de acero inoxidable (30 kW)<\/li>\n<li>chimenea de 2 m con protector de malla para tubo de chimenea y sombrerete<\/li>\n<li>cubierta exterior de madera termotratada (tratada con protector para madera, con acabado en negro)<\/li>\n<li>escalera semicircular de dos escalones, acabado en negro<\/li>\n<li>interior ergon\u00f3mico de fibra de vidrio <strong>NEGRO.<\/strong><\/li>\n<\/ul>\n<p style=\"text-align: justify;\">Adem\u00e1s, la ba\u00f1era puede equiparse con una amplia gama de <a href=\"https:\/\/awero.ee\/es\/categoria-de-producto\/accesorios\/\">accesorios opcionales<\/a>: iluminaci\u00f3n LED (RGB), sistema de burbujas, term\u00f3metro digital para ba\u00f1era, equipo de sonido, portavasos, sistema de filtrado, tapa de pl\u00e1stico de color negro, tapa t\u00e9rmica aislante de color gris oscuro y base de hormig\u00f3n para ba\u00f1era n\u00f3rdica<\/p>\n","protected":false},"excerpt":{"rendered":"<p style=\"text-align: justify;\">Precio con IVA incluido<\/p>\n<p style=\"text-align: justify;\">La ba\u00f1era n\u00f3rdica<strong> <\/strong><strong>DeLux 200 \u00abBlack Edition\u00bb<\/strong> con estufa integrada es un spa dom\u00e9stico de alta calidad, con un acabado cuidado hasta el \u00faltimo detalle, dise\u00f1ado para ser utilizado durante todo el a\u00f1o y f\u00e1cil de mantener. Adem\u00e1s, dispone de una amplia gama de accesorios que pueden adquirirse en nuestra tienda. <\/p>\n<p>&nbsp;<\/p>\n<p style=\"text-align: justify;\">\n","protected":false},"featured_media":9395,"template":"","meta":{"_acf_changed":false},"product_brand":[],"product_cat":[1328,1325],"product_tag":[],"class_list":{"0":"post-9995","1":"product","2":"type-product","3":"status-publish","4":"has-post-thumbnail","6":"product_cat-con-estufa-integrada","7":"product_cat-tinas-de-bano","9":"first","10":"instock","11":"sale","12":"shipping-taxable","13":"product-type-variable"},"acf":[],"yoast_head":"<!-- This site is optimized with the Yoast SEO plugin v27.5 - https:\/\/yoast.com\/product\/yoast-seo-wordpress\/ -->\n<title>Ba\u00f1era n\u00f3rdica \u00abMulliXKing\u00bb con estufa integrada - Awero - S\u00fcdamega L\u00f5una-Eestist<\/title>\n<meta name=\"robots\" content=\"index, follow, max-snippet:-1, max-image-preview:large, max-video-preview:-1\" \/>\n<link rel=\"canonical\" href=\"https:\/\/awero.ee\/es\/toode\/banera-nordica-mullixking-con-estufa-integrada\/\" \/>\n<meta property=\"og:locale\" content=\"es_ES\" \/>\n<meta property=\"og:type\" content=\"article\" \/>\n<meta property=\"og:title\" content=\"Ba\u00f1era n\u00f3rdica \u00abMulliXKing\u00bb con estufa integrada - Awero - S\u00fcdamega L\u00f5una-Eestist\" \/>\n<meta property=\"og:description\" content=\"Precio con IVA incluido La ba\u00f1era n\u00f3rdica DeLux 200 \u00abBlack Edition\u00bb con estufa integrada es un spa dom\u00e9stico de alta calidad, con un acabado cuidado hasta el \u00faltimo detalle, dise\u00f1ado para ser utilizado durante todo el a\u00f1o y f\u00e1cil de mantener. Adem\u00e1s, dispone de una amplia gama de accesorios que pueden adquirirse en nuestra tienda. &nbsp;\" \/>\n<meta property=\"og:url\" content=\"https:\/\/awero.ee\/es\/toode\/banera-nordica-mullixking-con-estufa-integrada\/\" \/>\n<meta property=\"og:site_name\" content=\"Awero - S\u00fcdamega L\u00f5una-Eestist\" \/>\n<meta property=\"article:modified_time\" content=\"2026-03-10T07:59:10+00:00\" \/>\n<meta property=\"og:image\" content=\"https:\/\/awero.ee\/wp-content\/uploads\/2025\/01\/deluxblack-scaled.jpg\" \/>\n\t<meta property=\"og:image:width\" content=\"2560\" \/>\n\t<meta property=\"og:image:height\" content=\"2560\" \/>\n\t<meta property=\"og:image:type\" content=\"image\/jpeg\" \/>\n<meta name=\"twitter:card\" content=\"summary_large_image\" \/>\n<meta name=\"twitter:label1\" content=\"Tiempo de lectura\" \/>\n\t<meta name=\"twitter:data1\" content=\"1 minuto\" \/>\n<script type=\"application\/ld+json\" class=\"yoast-schema-graph\">{\"@context\":\"https:\\\/\\\/schema.org\",\"@graph\":[{\"@type\":\"WebPage\",\"@id\":\"https:\\\/\\\/awero.ee\\\/es\\\/toode\\\/banera-nordica-mullixking-con-estufa-integrada\\\/\",\"url\":\"https:\\\/\\\/awero.ee\\\/es\\\/toode\\\/banera-nordica-mullixking-con-estufa-integrada\\\/\",\"name\":\"Ba\u00f1era n\u00f3rdica \u00abMulliXKing\u00bb con estufa integrada - Awero - S\u00fcdamega L\u00f5una-Eestist\",\"isPartOf\":{\"@id\":\"https:\\\/\\\/awero.ee\\\/es\\\/#website\"},\"primaryImageOfPage\":{\"@id\":\"https:\\\/\\\/awero.ee\\\/es\\\/toode\\\/banera-nordica-mullixking-con-estufa-integrada\\\/#primaryimage\"},\"image\":{\"@id\":\"https:\\\/\\\/awero.ee\\\/es\\\/toode\\\/banera-nordica-mullixking-con-estufa-integrada\\\/#primaryimage\"},\"thumbnailUrl\":\"https:\\\/\\\/awero.ee\\\/wp-content\\\/uploads\\\/2025\\\/01\\\/deluxblack-scaled.jpg\",\"datePublished\":\"2025-01-21T08:06:08+00:00\",\"dateModified\":\"2026-03-10T07:59:10+00:00\",\"breadcrumb\":{\"@id\":\"https:\\\/\\\/awero.ee\\\/es\\\/toode\\\/banera-nordica-mullixking-con-estufa-integrada\\\/#breadcrumb\"},\"inLanguage\":\"es\",\"potentialAction\":[{\"@type\":\"ReadAction\",\"target\":[\"https:\\\/\\\/awero.ee\\\/es\\\/toode\\\/banera-nordica-mullixking-con-estufa-integrada\\\/\"]}]},{\"@type\":\"ImageObject\",\"inLanguage\":\"es\",\"@id\":\"https:\\\/\\\/awero.ee\\\/es\\\/toode\\\/banera-nordica-mullixking-con-estufa-integrada\\\/#primaryimage\",\"url\":\"https:\\\/\\\/awero.ee\\\/wp-content\\\/uploads\\\/2025\\\/01\\\/deluxblack-scaled.jpg\",\"contentUrl\":\"https:\\\/\\\/awero.ee\\\/wp-content\\\/uploads\\\/2025\\\/01\\\/deluxblack-scaled.jpg\",\"width\":2560,\"height\":2560},{\"@type\":\"BreadcrumbList\",\"@id\":\"https:\\\/\\\/awero.ee\\\/es\\\/toode\\\/banera-nordica-mullixking-con-estufa-integrada\\\/#breadcrumb\",\"itemListElement\":[{\"@type\":\"ListItem\",\"position\":1,\"name\":\"Home\",\"item\":\"https:\\\/\\\/awero.ee\\\/es\\\/pagina-de-inicio\\\/\"},{\"@type\":\"ListItem\",\"position\":2,\"name\":\"Pood\",\"item\":\"https:\\\/\\\/awero.ee\\\/pood\\\/\"},{\"@type\":\"ListItem\",\"position\":3,\"name\":\"Ba\u00f1era n\u00f3rdica \u00abMulliXKing\u00bb con estufa integrada\"}]},{\"@type\":\"WebSite\",\"@id\":\"https:\\\/\\\/awero.ee\\\/es\\\/#website\",\"url\":\"https:\\\/\\\/awero.ee\\\/es\\\/\",\"name\":\"Awero - S\u00fcdamega L\u00f5una Eestist\",\"description\":\"\",\"publisher\":{\"@id\":\"https:\\\/\\\/awero.ee\\\/es\\\/#organization\"},\"potentialAction\":[{\"@type\":\"SearchAction\",\"target\":{\"@type\":\"EntryPoint\",\"urlTemplate\":\"https:\\\/\\\/awero.ee\\\/es\\\/?s={search_term_string}\"},\"query-input\":{\"@type\":\"PropertyValueSpecification\",\"valueRequired\":true,\"valueName\":\"search_term_string\"}}],\"inLanguage\":\"es\"},{\"@type\":\"Organization\",\"@id\":\"https:\\\/\\\/awero.ee\\\/es\\\/#organization\",\"name\":\"Awero - S\u00fcdamega L\u00f5una Eestist\",\"url\":\"https:\\\/\\\/awero.ee\\\/es\\\/\",\"logo\":{\"@type\":\"ImageObject\",\"inLanguage\":\"es\",\"@id\":\"https:\\\/\\\/awero.ee\\\/es\\\/#\\\/schema\\\/logo\\\/image\\\/\",\"url\":\"https:\\\/\\\/awero.ee\\\/wp-content\\\/uploads\\\/2024\\\/07\\\/aweroplaceholder.jpg\",\"contentUrl\":\"https:\\\/\\\/awero.ee\\\/wp-content\\\/uploads\\\/2024\\\/07\\\/aweroplaceholder.jpg\",\"width\":1250,\"height\":834,\"caption\":\"Awero - S\u00fcdamega L\u00f5una Eestist\"},\"image\":{\"@id\":\"https:\\\/\\\/awero.ee\\\/es\\\/#\\\/schema\\\/logo\\\/image\\\/\"}}]}<\/script>\n<!-- \/ Yoast SEO plugin. -->","yoast_head_json":{"title":"Ba\u00f1era n\u00f3rdica \u00abMulliXKing\u00bb con estufa integrada - Awero - S\u00fcdamega L\u00f5una-Eestist","robots":{"index":"index","follow":"follow","max-snippet":"max-snippet:-1","max-image-preview":"max-image-preview:large","max-video-preview":"max-video-preview:-1"},"canonical":"https:\/\/awero.ee\/es\/toode\/banera-nordica-mullixking-con-estufa-integrada\/","og_locale":"es_ES","og_type":"article","og_title":"Ba\u00f1era n\u00f3rdica \u00abMulliXKing\u00bb con estufa integrada - Awero - S\u00fcdamega L\u00f5una-Eestist","og_description":"Precio con IVA incluido La ba\u00f1era n\u00f3rdica DeLux 200 \u00abBlack Edition\u00bb con estufa integrada es un spa dom\u00e9stico de alta calidad, con un acabado cuidado hasta el \u00faltimo detalle, dise\u00f1ado para ser utilizado durante todo el a\u00f1o y f\u00e1cil de mantener. Adem\u00e1s, dispone de una amplia gama de accesorios que pueden adquirirse en nuestra tienda. &nbsp;","og_url":"https:\/\/awero.ee\/es\/toode\/banera-nordica-mullixking-con-estufa-integrada\/","og_site_name":"Awero - S\u00fcdamega L\u00f5una-Eestist","article_modified_time":"2026-03-10T07:59:10+00:00","og_image":[{"width":2560,"height":2560,"url":"https:\/\/awero.ee\/wp-content\/uploads\/2025\/01\/deluxblack-scaled.jpg","type":"image\/jpeg"}],"twitter_card":"summary_large_image","twitter_misc":{"Tiempo de lectura":"1 minuto"},"schema":{"@context":"https:\/\/schema.org","@graph":[{"@type":"WebPage","@id":"https:\/\/awero.ee\/es\/toode\/banera-nordica-mullixking-con-estufa-integrada\/","url":"https:\/\/awero.ee\/es\/toode\/banera-nordica-mullixking-con-estufa-integrada\/","name":"Ba\u00f1era n\u00f3rdica \u00abMulliXKing\u00bb con estufa integrada - Awero - S\u00fcdamega L\u00f5una-Eestist","isPartOf":{"@id":"https:\/\/awero.ee\/es\/#website"},"primaryImageOfPage":{"@id":"https:\/\/awero.ee\/es\/toode\/banera-nordica-mullixking-con-estufa-integrada\/#primaryimage"},"image":{"@id":"https:\/\/awero.ee\/es\/toode\/banera-nordica-mullixking-con-estufa-integrada\/#primaryimage"},"thumbnailUrl":"https:\/\/awero.ee\/wp-content\/uploads\/2025\/01\/deluxblack-scaled.jpg","datePublished":"2025-01-21T08:06:08+00:00","dateModified":"2026-03-10T07:59:10+00:00","breadcrumb":{"@id":"https:\/\/awero.ee\/es\/toode\/banera-nordica-mullixking-con-estufa-integrada\/#breadcrumb"},"inLanguage":"es","potentialAction":[{"@type":"ReadAction","target":["https:\/\/awero.ee\/es\/toode\/banera-nordica-mullixking-con-estufa-integrada\/"]}]},{"@type":"ImageObject","inLanguage":"es","@id":"https:\/\/awero.ee\/es\/toode\/banera-nordica-mullixking-con-estufa-integrada\/#primaryimage","url":"https:\/\/awero.ee\/wp-content\/uploads\/2025\/01\/deluxblack-scaled.jpg","contentUrl":"https:\/\/awero.ee\/wp-content\/uploads\/2025\/01\/deluxblack-scaled.jpg","width":2560,"height":2560},{"@type":"BreadcrumbList","@id":"https:\/\/awero.ee\/es\/toode\/banera-nordica-mullixking-con-estufa-integrada\/#breadcrumb","itemListElement":[{"@type":"ListItem","position":1,"name":"Home","item":"https:\/\/awero.ee\/es\/pagina-de-inicio\/"},{"@type":"ListItem","position":2,"name":"Pood","item":"https:\/\/awero.ee\/pood\/"},{"@type":"ListItem","position":3,"name":"Ba\u00f1era n\u00f3rdica \u00abMulliXKing\u00bb con estufa integrada"}]},{"@type":"WebSite","@id":"https:\/\/awero.ee\/es\/#website","url":"https:\/\/awero.ee\/es\/","name":"Awero - S\u00fcdamega L\u00f5una Eestist","description":"","publisher":{"@id":"https:\/\/awero.ee\/es\/#organization"},"potentialAction":[{"@type":"SearchAction","target":{"@type":"EntryPoint","urlTemplate":"https:\/\/awero.ee\/es\/?s={search_term_string}"},"query-input":{"@type":"PropertyValueSpecification","valueRequired":true,"valueName":"search_term_string"}}],"inLanguage":"es"},{"@type":"Organization","@id":"https:\/\/awero.ee\/es\/#organization","name":"Awero - S\u00fcdamega L\u00f5una Eestist","url":"https:\/\/awero.ee\/es\/","logo":{"@type":"ImageObject","inLanguage":"es","@id":"https:\/\/awero.ee\/es\/#\/schema\/logo\/image\/","url":"https:\/\/awero.ee\/wp-content\/uploads\/2024\/07\/aweroplaceholder.jpg","contentUrl":"https:\/\/awero.ee\/wp-content\/uploads\/2024\/07\/aweroplaceholder.jpg","width":1250,"height":834,"caption":"Awero - S\u00fcdamega L\u00f5una Eestist"},"image":{"@id":"https:\/\/awero.ee\/es\/#\/schema\/logo\/image\/"}}]}},"_links":{"self":[{"href":"https:\/\/awero.ee\/es\/wp-json\/wp\/v2\/product\/9995","targetHints":{"allow":["GET"]}}],"collection":[{"href":"https:\/\/awero.ee\/es\/wp-json\/wp\/v2\/product"}],"about":[{"href":"https:\/\/awero.ee\/es\/wp-json\/wp\/v2\/types\/product"}],"wp:featuredmedia":[{"embeddable":true,"href":"https:\/\/awero.ee\/es\/wp-json\/wp\/v2\/media\/9395"}],"wp:attachment":[{"href":"https:\/\/awero.ee\/es\/wp-json\/wp\/v2\/media?parent=9995"}],"wp:term":[{"taxonomy":"product_brand","embeddable":true,"href":"https:\/\/awero.ee\/es\/wp-json\/wp\/v2\/product_brand?post=9995"},{"taxonomy":"product_cat","embeddable":true,"href":"https:\/\/awero.ee\/es\/wp-json\/wp\/v2\/product_cat?post=9995"},{"taxonomy":"product_tag","embeddable":true,"href":"https:\/\/awero.ee\/es\/wp-json\/wp\/v2\/product_tag?post=9995"}],"curies":[{"name":"wp","href":"https:\/\/api.w.org\/{rel}","templated":true}]}}