{"id":9914,"date":"2024-12-12T12:07:18","date_gmt":"2024-12-12T12:07:18","guid":{"rendered":"https:\/\/awero.ee\/toode\/kumblustunni-soojustus-aislamiento-termico-de-banera-nordica-con-espuma-de-poliuretano-purvahuga\/"},"modified":"2026-04-01T12:32:24","modified_gmt":"2026-04-01T12:32:24","slug":"kumblustunni-soojustus-aislamiento-termico-de-banera-nordica-con-espuma-de-poliuretano-purvahuga","status":"publish","type":"product","link":"https:\/\/awero.ee\/es\/toode\/kumblustunni-soojustus-aislamiento-termico-de-banera-nordica-con-espuma-de-poliuretano-purvahuga\/","title":{"rendered":"Aislamiento t\u00e9rmico de ba\u00f1era n\u00f3rdica con espuma de poliuretano (PUR)vahuga"},"content":{"rendered":"<p>La capa aislante de espuma de poliuretano garantiza el mantenimiento del calor durante mucho tiempo gracias a su aislamiento herm\u00e9tico. Gracias a esta soluci\u00f3n de aislamiento, el agua de la ba\u00f1era n\u00f3rdica se mantiene caliente durante m\u00e1s tiempo, permitiendo disfrutar de sesiones de ba\u00f1o m\u00e1s largas y placenteras. Gracias a una menor p\u00e9rdida de calor, se reducen los costes de calentamiento del agua y la experiencia de ba\u00f1o resulta m\u00e1s respetuosa con el medio ambiente.  <\/p>\n<p>Ideal para uso tanto en interiores como en exteriores.<\/p>\n","protected":false},"excerpt":{"rendered":"<p>Una capa aislante de espuma de poliuretano (espuma PUR) permite disfrutar durante m\u00e1s tiempo de relajantes sesiones de ba\u00f1o. La espuma de poliuretano ayuda a mantener la temperatura del agua y a reducir el consumo energ\u00e9tico. \u00a1Bienvenido a la nueva generaci\u00f3n de ba\u00f1eras n\u00f3rdicas, donde se fusionan el calor y la comodidad!  <\/p>\n","protected":false},"featured_media":9293,"template":"","meta":{"_acf_changed":false},"product_brand":[],"product_cat":[1334],"product_tag":[],"class_list":{"0":"post-9914","1":"product","2":"type-product","3":"status-publish","4":"has-post-thumbnail","6":"product_cat-accesorios","8":"first","9":"instock","10":"shipping-taxable","11":"product-type-variable"},"acf":[],"yoast_head":"<!-- This site is optimized with the Yoast SEO plugin v27.5 - https:\/\/yoast.com\/product\/yoast-seo-wordpress\/ -->\n<title>Aislamiento t\u00e9rmico de ba\u00f1era n\u00f3rdica con espuma de poliuretano (PUR)vahuga - Awero - S\u00fcdamega L\u00f5una-Eestist<\/title>\n<meta name=\"robots\" content=\"index, follow, max-snippet:-1, max-image-preview:large, max-video-preview:-1\" \/>\n<link rel=\"canonical\" href=\"https:\/\/awero.ee\/es\/toode\/kumblustunni-soojustus-aislamiento-termico-de-banera-nordica-con-espuma-de-poliuretano-purvahuga\/\" \/>\n<meta property=\"og:locale\" content=\"es_ES\" \/>\n<meta property=\"og:type\" content=\"article\" \/>\n<meta property=\"og:title\" content=\"Aislamiento t\u00e9rmico de ba\u00f1era n\u00f3rdica con espuma de poliuretano (PUR)vahuga - Awero - S\u00fcdamega L\u00f5una-Eestist\" \/>\n<meta property=\"og:description\" content=\"Una capa aislante de espuma de poliuretano (espuma PUR) permite disfrutar durante m\u00e1s tiempo de relajantes sesiones de ba\u00f1o. La espuma de poliuretano ayuda a mantener la temperatura del agua y a reducir el consumo energ\u00e9tico. \u00a1Bienvenido a la nueva generaci\u00f3n de ba\u00f1eras n\u00f3rdicas, donde se fusionan el calor y la comodidad!\" \/>\n<meta property=\"og:url\" content=\"https:\/\/awero.ee\/es\/toode\/kumblustunni-soojustus-aislamiento-termico-de-banera-nordica-con-espuma-de-poliuretano-purvahuga\/\" \/>\n<meta property=\"og:site_name\" content=\"Awero - S\u00fcdamega L\u00f5una-Eestist\" \/>\n<meta property=\"article:modified_time\" content=\"2026-04-01T12:32:24+00:00\" \/>\n<meta property=\"og:image\" content=\"https:\/\/awero.ee\/wp-content\/uploads\/2024\/12\/PUR-vahuga-soojustamine.jpg\" \/>\n\t<meta property=\"og:image:width\" content=\"1600\" \/>\n\t<meta property=\"og:image:height\" content=\"1600\" \/>\n\t<meta property=\"og:image:type\" content=\"image\/jpeg\" \/>\n<meta name=\"twitter:card\" content=\"summary_large_image\" \/>\n<script type=\"application\/ld+json\" class=\"yoast-schema-graph\">{\"@context\":\"https:\\\/\\\/schema.org\",\"@graph\":[{\"@type\":\"WebPage\",\"@id\":\"https:\\\/\\\/awero.ee\\\/es\\\/toode\\\/kumblustunni-soojustus-aislamiento-termico-de-banera-nordica-con-espuma-de-poliuretano-purvahuga\\\/\",\"url\":\"https:\\\/\\\/awero.ee\\\/es\\\/toode\\\/kumblustunni-soojustus-aislamiento-termico-de-banera-nordica-con-espuma-de-poliuretano-purvahuga\\\/\",\"name\":\"Aislamiento t\u00e9rmico de ba\u00f1era n\u00f3rdica con espuma de poliuretano (PUR)vahuga - Awero - S\u00fcdamega L\u00f5una-Eestist\",\"isPartOf\":{\"@id\":\"https:\\\/\\\/awero.ee\\\/es\\\/#website\"},\"primaryImageOfPage\":{\"@id\":\"https:\\\/\\\/awero.ee\\\/es\\\/toode\\\/kumblustunni-soojustus-aislamiento-termico-de-banera-nordica-con-espuma-de-poliuretano-purvahuga\\\/#primaryimage\"},\"image\":{\"@id\":\"https:\\\/\\\/awero.ee\\\/es\\\/toode\\\/kumblustunni-soojustus-aislamiento-termico-de-banera-nordica-con-espuma-de-poliuretano-purvahuga\\\/#primaryimage\"},\"thumbnailUrl\":\"https:\\\/\\\/awero.ee\\\/wp-content\\\/uploads\\\/2024\\\/12\\\/PUR-vahuga-soojustamine.jpg\",\"datePublished\":\"2024-12-12T12:07:18+00:00\",\"dateModified\":\"2026-04-01T12:32:24+00:00\",\"breadcrumb\":{\"@id\":\"https:\\\/\\\/awero.ee\\\/es\\\/toode\\\/kumblustunni-soojustus-aislamiento-termico-de-banera-nordica-con-espuma-de-poliuretano-purvahuga\\\/#breadcrumb\"},\"inLanguage\":\"es\",\"potentialAction\":[{\"@type\":\"ReadAction\",\"target\":[\"https:\\\/\\\/awero.ee\\\/es\\\/toode\\\/kumblustunni-soojustus-aislamiento-termico-de-banera-nordica-con-espuma-de-poliuretano-purvahuga\\\/\"]}]},{\"@type\":\"ImageObject\",\"inLanguage\":\"es\",\"@id\":\"https:\\\/\\\/awero.ee\\\/es\\\/toode\\\/kumblustunni-soojustus-aislamiento-termico-de-banera-nordica-con-espuma-de-poliuretano-purvahuga\\\/#primaryimage\",\"url\":\"https:\\\/\\\/awero.ee\\\/wp-content\\\/uploads\\\/2024\\\/12\\\/PUR-vahuga-soojustamine.jpg\",\"contentUrl\":\"https:\\\/\\\/awero.ee\\\/wp-content\\\/uploads\\\/2024\\\/12\\\/PUR-vahuga-soojustamine.jpg\",\"width\":1600,\"height\":1600},{\"@type\":\"BreadcrumbList\",\"@id\":\"https:\\\/\\\/awero.ee\\\/es\\\/toode\\\/kumblustunni-soojustus-aislamiento-termico-de-banera-nordica-con-espuma-de-poliuretano-purvahuga\\\/#breadcrumb\",\"itemListElement\":[{\"@type\":\"ListItem\",\"position\":1,\"name\":\"Home\",\"item\":\"https:\\\/\\\/awero.ee\\\/es\\\/pagina-de-inicio\\\/\"},{\"@type\":\"ListItem\",\"position\":2,\"name\":\"Pood\",\"item\":\"https:\\\/\\\/awero.ee\\\/pood\\\/\"},{\"@type\":\"ListItem\",\"position\":3,\"name\":\"Aislamiento t\u00e9rmico de ba\u00f1era n\u00f3rdica con espuma de poliuretano (PUR)vahuga\"}]},{\"@type\":\"WebSite\",\"@id\":\"https:\\\/\\\/awero.ee\\\/es\\\/#website\",\"url\":\"https:\\\/\\\/awero.ee\\\/es\\\/\",\"name\":\"Awero - S\u00fcdamega L\u00f5una Eestist\",\"description\":\"\",\"publisher\":{\"@id\":\"https:\\\/\\\/awero.ee\\\/es\\\/#organization\"},\"potentialAction\":[{\"@type\":\"SearchAction\",\"target\":{\"@type\":\"EntryPoint\",\"urlTemplate\":\"https:\\\/\\\/awero.ee\\\/es\\\/?s={search_term_string}\"},\"query-input\":{\"@type\":\"PropertyValueSpecification\",\"valueRequired\":true,\"valueName\":\"search_term_string\"}}],\"inLanguage\":\"es\"},{\"@type\":\"Organization\",\"@id\":\"https:\\\/\\\/awero.ee\\\/es\\\/#organization\",\"name\":\"Awero - S\u00fcdamega L\u00f5una Eestist\",\"url\":\"https:\\\/\\\/awero.ee\\\/es\\\/\",\"logo\":{\"@type\":\"ImageObject\",\"inLanguage\":\"es\",\"@id\":\"https:\\\/\\\/awero.ee\\\/es\\\/#\\\/schema\\\/logo\\\/image\\\/\",\"url\":\"https:\\\/\\\/awero.ee\\\/wp-content\\\/uploads\\\/2024\\\/07\\\/aweroplaceholder.jpg\",\"contentUrl\":\"https:\\\/\\\/awero.ee\\\/wp-content\\\/uploads\\\/2024\\\/07\\\/aweroplaceholder.jpg\",\"width\":1250,\"height\":834,\"caption\":\"Awero - S\u00fcdamega L\u00f5una Eestist\"},\"image\":{\"@id\":\"https:\\\/\\\/awero.ee\\\/es\\\/#\\\/schema\\\/logo\\\/image\\\/\"}}]}<\/script>\n<!-- \/ Yoast SEO plugin. -->","yoast_head_json":{"title":"Aislamiento t\u00e9rmico de ba\u00f1era n\u00f3rdica con espuma de poliuretano (PUR)vahuga - Awero - S\u00fcdamega L\u00f5una-Eestist","robots":{"index":"index","follow":"follow","max-snippet":"max-snippet:-1","max-image-preview":"max-image-preview:large","max-video-preview":"max-video-preview:-1"},"canonical":"https:\/\/awero.ee\/es\/toode\/kumblustunni-soojustus-aislamiento-termico-de-banera-nordica-con-espuma-de-poliuretano-purvahuga\/","og_locale":"es_ES","og_type":"article","og_title":"Aislamiento t\u00e9rmico de ba\u00f1era n\u00f3rdica con espuma de poliuretano (PUR)vahuga - Awero - S\u00fcdamega L\u00f5una-Eestist","og_description":"Una capa aislante de espuma de poliuretano (espuma PUR) permite disfrutar durante m\u00e1s tiempo de relajantes sesiones de ba\u00f1o. La espuma de poliuretano ayuda a mantener la temperatura del agua y a reducir el consumo energ\u00e9tico. \u00a1Bienvenido a la nueva generaci\u00f3n de ba\u00f1eras n\u00f3rdicas, donde se fusionan el calor y la comodidad!","og_url":"https:\/\/awero.ee\/es\/toode\/kumblustunni-soojustus-aislamiento-termico-de-banera-nordica-con-espuma-de-poliuretano-purvahuga\/","og_site_name":"Awero - S\u00fcdamega L\u00f5una-Eestist","article_modified_time":"2026-04-01T12:32:24+00:00","og_image":[{"width":1600,"height":1600,"url":"https:\/\/awero.ee\/wp-content\/uploads\/2024\/12\/PUR-vahuga-soojustamine.jpg","type":"image\/jpeg"}],"twitter_card":"summary_large_image","schema":{"@context":"https:\/\/schema.org","@graph":[{"@type":"WebPage","@id":"https:\/\/awero.ee\/es\/toode\/kumblustunni-soojustus-aislamiento-termico-de-banera-nordica-con-espuma-de-poliuretano-purvahuga\/","url":"https:\/\/awero.ee\/es\/toode\/kumblustunni-soojustus-aislamiento-termico-de-banera-nordica-con-espuma-de-poliuretano-purvahuga\/","name":"Aislamiento t\u00e9rmico de ba\u00f1era n\u00f3rdica con espuma de poliuretano (PUR)vahuga - Awero - S\u00fcdamega L\u00f5una-Eestist","isPartOf":{"@id":"https:\/\/awero.ee\/es\/#website"},"primaryImageOfPage":{"@id":"https:\/\/awero.ee\/es\/toode\/kumblustunni-soojustus-aislamiento-termico-de-banera-nordica-con-espuma-de-poliuretano-purvahuga\/#primaryimage"},"image":{"@id":"https:\/\/awero.ee\/es\/toode\/kumblustunni-soojustus-aislamiento-termico-de-banera-nordica-con-espuma-de-poliuretano-purvahuga\/#primaryimage"},"thumbnailUrl":"https:\/\/awero.ee\/wp-content\/uploads\/2024\/12\/PUR-vahuga-soojustamine.jpg","datePublished":"2024-12-12T12:07:18+00:00","dateModified":"2026-04-01T12:32:24+00:00","breadcrumb":{"@id":"https:\/\/awero.ee\/es\/toode\/kumblustunni-soojustus-aislamiento-termico-de-banera-nordica-con-espuma-de-poliuretano-purvahuga\/#breadcrumb"},"inLanguage":"es","potentialAction":[{"@type":"ReadAction","target":["https:\/\/awero.ee\/es\/toode\/kumblustunni-soojustus-aislamiento-termico-de-banera-nordica-con-espuma-de-poliuretano-purvahuga\/"]}]},{"@type":"ImageObject","inLanguage":"es","@id":"https:\/\/awero.ee\/es\/toode\/kumblustunni-soojustus-aislamiento-termico-de-banera-nordica-con-espuma-de-poliuretano-purvahuga\/#primaryimage","url":"https:\/\/awero.ee\/wp-content\/uploads\/2024\/12\/PUR-vahuga-soojustamine.jpg","contentUrl":"https:\/\/awero.ee\/wp-content\/uploads\/2024\/12\/PUR-vahuga-soojustamine.jpg","width":1600,"height":1600},{"@type":"BreadcrumbList","@id":"https:\/\/awero.ee\/es\/toode\/kumblustunni-soojustus-aislamiento-termico-de-banera-nordica-con-espuma-de-poliuretano-purvahuga\/#breadcrumb","itemListElement":[{"@type":"ListItem","position":1,"name":"Home","item":"https:\/\/awero.ee\/es\/pagina-de-inicio\/"},{"@type":"ListItem","position":2,"name":"Pood","item":"https:\/\/awero.ee\/pood\/"},{"@type":"ListItem","position":3,"name":"Aislamiento t\u00e9rmico de ba\u00f1era n\u00f3rdica con espuma de poliuretano (PUR)vahuga"}]},{"@type":"WebSite","@id":"https:\/\/awero.ee\/es\/#website","url":"https:\/\/awero.ee\/es\/","name":"Awero - S\u00fcdamega L\u00f5una Eestist","description":"","publisher":{"@id":"https:\/\/awero.ee\/es\/#organization"},"potentialAction":[{"@type":"SearchAction","target":{"@type":"EntryPoint","urlTemplate":"https:\/\/awero.ee\/es\/?s={search_term_string}"},"query-input":{"@type":"PropertyValueSpecification","valueRequired":true,"valueName":"search_term_string"}}],"inLanguage":"es"},{"@type":"Organization","@id":"https:\/\/awero.ee\/es\/#organization","name":"Awero - S\u00fcdamega L\u00f5una Eestist","url":"https:\/\/awero.ee\/es\/","logo":{"@type":"ImageObject","inLanguage":"es","@id":"https:\/\/awero.ee\/es\/#\/schema\/logo\/image\/","url":"https:\/\/awero.ee\/wp-content\/uploads\/2024\/07\/aweroplaceholder.jpg","contentUrl":"https:\/\/awero.ee\/wp-content\/uploads\/2024\/07\/aweroplaceholder.jpg","width":1250,"height":834,"caption":"Awero - S\u00fcdamega L\u00f5una Eestist"},"image":{"@id":"https:\/\/awero.ee\/es\/#\/schema\/logo\/image\/"}}]}},"_links":{"self":[{"href":"https:\/\/awero.ee\/es\/wp-json\/wp\/v2\/product\/9914","targetHints":{"allow":["GET"]}}],"collection":[{"href":"https:\/\/awero.ee\/es\/wp-json\/wp\/v2\/product"}],"about":[{"href":"https:\/\/awero.ee\/es\/wp-json\/wp\/v2\/types\/product"}],"wp:featuredmedia":[{"embeddable":true,"href":"https:\/\/awero.ee\/es\/wp-json\/wp\/v2\/media\/9293"}],"wp:attachment":[{"href":"https:\/\/awero.ee\/es\/wp-json\/wp\/v2\/media?parent=9914"}],"wp:term":[{"taxonomy":"product_brand","embeddable":true,"href":"https:\/\/awero.ee\/es\/wp-json\/wp\/v2\/product_brand?post=9914"},{"taxonomy":"product_cat","embeddable":true,"href":"https:\/\/awero.ee\/es\/wp-json\/wp\/v2\/product_cat?post=9914"},{"taxonomy":"product_tag","embeddable":true,"href":"https:\/\/awero.ee\/es\/wp-json\/wp\/v2\/product_tag?post=9914"}],"curies":[{"name":"wp","href":"https:\/\/api.w.org\/{rel}","templated":true}]}}