{"id":9912,"date":"2024-12-12T12:06:56","date_gmt":"2024-12-12T12:06:56","guid":{"rendered":"https:\/\/awero.ee\/toode\/termometro-flotante-con-conexion-bluetooth\/"},"modified":"2026-03-10T07:59:00","modified_gmt":"2026-03-10T07:59:00","slug":"termometro-flotante-con-conexion-bluetooth","status":"publish","type":"product","link":"https:\/\/awero.ee\/es\/toode\/termometro-flotante-con-conexion-bluetooth\/","title":{"rendered":"Term\u00f3metro flotante con conexi\u00f3n Bluetooth"},"content":{"rendered":"<div align=\"justify\">\n<p>El term\u00f3metro flotante es un dispositivo que flota en el agua y se conecta al tel\u00e9fono m\u00f3vil mediante una conexi\u00f3n <em>Bluetooth.<\/em> El dispositivo mide la temperatura actual del agua y muestra las temperaturas m\u00e1ximas y m\u00ednimas registradas en las \u00faltimas 24 horas. El rango de temperatura que mide el dispositivo va desde -40 \u00b0C a 70 \u00b0C.  <\/p>\n<p>El term\u00f3metro es compacto y f\u00e1cil de usar, y garantiza una medici\u00f3n precisa y fiable de la temperatura. Funciona con pilas tipo AAA (no incluidas). <\/p>\n<p>Nota: : Antes de utilizar el dispositivo, aseg\u00farate de que est\u00e9 configurado y conectado siguiendo las instrucciones del fabricante. Mant\u00e9n el term\u00f3metro limpio y evita exponerlo a la luz solar directa para prolongar su vida \u00fatil. <\/p>\n<\/div>\n","protected":false},"excerpt":{"rendered":"<div align=\"justify\">\n<p>El term\u00f3metro flotante con conexi\u00f3n<em> Bluetooth<\/em> es un pr\u00e1ctico accesorio que facilita y hace m\u00e1s c\u00f3modo el control de la temperatura del agua, tanto desde el propio dispositivo como desde la aplicaci\u00f3n m\u00f3vil.<\/p>\n<\/div>\n","protected":false},"featured_media":9266,"template":"","meta":{"_acf_changed":false},"product_brand":[],"product_cat":[1334],"product_tag":[],"class_list":{"0":"post-9912","1":"product","2":"type-product","3":"status-publish","4":"has-post-thumbnail","6":"product_cat-accesorios","8":"first","9":"instock","10":"shipping-taxable","11":"product-type-simple"},"acf":[],"yoast_head":"<!-- This site is optimized with the Yoast SEO plugin v27.5 - https:\/\/yoast.com\/product\/yoast-seo-wordpress\/ -->\n<title>Term\u00f3metro flotante con conexi\u00f3n Bluetooth - Awero - S\u00fcdamega L\u00f5una-Eestist<\/title>\n<meta name=\"robots\" content=\"index, follow, max-snippet:-1, max-image-preview:large, max-video-preview:-1\" \/>\n<link rel=\"canonical\" href=\"https:\/\/awero.ee\/es\/toode\/termometro-flotante-con-conexion-bluetooth\/\" \/>\n<meta property=\"og:locale\" content=\"es_ES\" \/>\n<meta property=\"og:type\" content=\"article\" \/>\n<meta property=\"og:title\" content=\"Term\u00f3metro flotante con conexi\u00f3n Bluetooth - Awero - S\u00fcdamega L\u00f5una-Eestist\" \/>\n<meta property=\"og:description\" content=\"El term\u00f3metro flotante con conexi\u00f3n Bluetooth es un pr\u00e1ctico accesorio que facilita y hace m\u00e1s c\u00f3modo el control de la temperatura del agua, tanto desde el propio dispositivo como desde la aplicaci\u00f3n m\u00f3vil.\" \/>\n<meta property=\"og:url\" content=\"https:\/\/awero.ee\/es\/toode\/termometro-flotante-con-conexion-bluetooth\/\" \/>\n<meta property=\"og:site_name\" content=\"Awero - S\u00fcdamega L\u00f5una-Eestist\" \/>\n<meta property=\"article:modified_time\" content=\"2026-03-10T07:59:00+00:00\" \/>\n<meta property=\"og:image\" content=\"https:\/\/awero.ee\/wp-content\/uploads\/2024\/12\/Ujuv-termomeeter-1.jpg\" \/>\n\t<meta property=\"og:image:width\" content=\"1172\" \/>\n\t<meta property=\"og:image:height\" content=\"1177\" \/>\n\t<meta property=\"og:image:type\" content=\"image\/jpeg\" \/>\n<meta name=\"twitter:card\" content=\"summary_large_image\" \/>\n<meta name=\"twitter:label1\" content=\"Tiempo de lectura\" \/>\n\t<meta name=\"twitter:data1\" content=\"1 minuto\" \/>\n<script type=\"application\/ld+json\" class=\"yoast-schema-graph\">{\"@context\":\"https:\\\/\\\/schema.org\",\"@graph\":[{\"@type\":\"WebPage\",\"@id\":\"https:\\\/\\\/awero.ee\\\/es\\\/toode\\\/termometro-flotante-con-conexion-bluetooth\\\/\",\"url\":\"https:\\\/\\\/awero.ee\\\/es\\\/toode\\\/termometro-flotante-con-conexion-bluetooth\\\/\",\"name\":\"Term\u00f3metro flotante con conexi\u00f3n Bluetooth - Awero - S\u00fcdamega L\u00f5una-Eestist\",\"isPartOf\":{\"@id\":\"https:\\\/\\\/awero.ee\\\/es\\\/#website\"},\"primaryImageOfPage\":{\"@id\":\"https:\\\/\\\/awero.ee\\\/es\\\/toode\\\/termometro-flotante-con-conexion-bluetooth\\\/#primaryimage\"},\"image\":{\"@id\":\"https:\\\/\\\/awero.ee\\\/es\\\/toode\\\/termometro-flotante-con-conexion-bluetooth\\\/#primaryimage\"},\"thumbnailUrl\":\"https:\\\/\\\/awero.ee\\\/wp-content\\\/uploads\\\/2024\\\/12\\\/Ujuv-termomeeter-1.jpg\",\"datePublished\":\"2024-12-12T12:06:56+00:00\",\"dateModified\":\"2026-03-10T07:59:00+00:00\",\"breadcrumb\":{\"@id\":\"https:\\\/\\\/awero.ee\\\/es\\\/toode\\\/termometro-flotante-con-conexion-bluetooth\\\/#breadcrumb\"},\"inLanguage\":\"es\",\"potentialAction\":[{\"@type\":\"ReadAction\",\"target\":[\"https:\\\/\\\/awero.ee\\\/es\\\/toode\\\/termometro-flotante-con-conexion-bluetooth\\\/\"]}]},{\"@type\":\"ImageObject\",\"inLanguage\":\"es\",\"@id\":\"https:\\\/\\\/awero.ee\\\/es\\\/toode\\\/termometro-flotante-con-conexion-bluetooth\\\/#primaryimage\",\"url\":\"https:\\\/\\\/awero.ee\\\/wp-content\\\/uploads\\\/2024\\\/12\\\/Ujuv-termomeeter-1.jpg\",\"contentUrl\":\"https:\\\/\\\/awero.ee\\\/wp-content\\\/uploads\\\/2024\\\/12\\\/Ujuv-termomeeter-1.jpg\",\"width\":1172,\"height\":1177},{\"@type\":\"BreadcrumbList\",\"@id\":\"https:\\\/\\\/awero.ee\\\/es\\\/toode\\\/termometro-flotante-con-conexion-bluetooth\\\/#breadcrumb\",\"itemListElement\":[{\"@type\":\"ListItem\",\"position\":1,\"name\":\"Home\",\"item\":\"https:\\\/\\\/awero.ee\\\/es\\\/pagina-de-inicio\\\/\"},{\"@type\":\"ListItem\",\"position\":2,\"name\":\"Pood\",\"item\":\"https:\\\/\\\/awero.ee\\\/pood\\\/\"},{\"@type\":\"ListItem\",\"position\":3,\"name\":\"Term\u00f3metro flotante con conexi\u00f3n Bluetooth\"}]},{\"@type\":\"WebSite\",\"@id\":\"https:\\\/\\\/awero.ee\\\/es\\\/#website\",\"url\":\"https:\\\/\\\/awero.ee\\\/es\\\/\",\"name\":\"Awero - S\u00fcdamega L\u00f5una Eestist\",\"description\":\"\",\"publisher\":{\"@id\":\"https:\\\/\\\/awero.ee\\\/es\\\/#organization\"},\"potentialAction\":[{\"@type\":\"SearchAction\",\"target\":{\"@type\":\"EntryPoint\",\"urlTemplate\":\"https:\\\/\\\/awero.ee\\\/es\\\/?s={search_term_string}\"},\"query-input\":{\"@type\":\"PropertyValueSpecification\",\"valueRequired\":true,\"valueName\":\"search_term_string\"}}],\"inLanguage\":\"es\"},{\"@type\":\"Organization\",\"@id\":\"https:\\\/\\\/awero.ee\\\/es\\\/#organization\",\"name\":\"Awero - S\u00fcdamega L\u00f5una Eestist\",\"url\":\"https:\\\/\\\/awero.ee\\\/es\\\/\",\"logo\":{\"@type\":\"ImageObject\",\"inLanguage\":\"es\",\"@id\":\"https:\\\/\\\/awero.ee\\\/es\\\/#\\\/schema\\\/logo\\\/image\\\/\",\"url\":\"https:\\\/\\\/awero.ee\\\/wp-content\\\/uploads\\\/2024\\\/07\\\/aweroplaceholder.jpg\",\"contentUrl\":\"https:\\\/\\\/awero.ee\\\/wp-content\\\/uploads\\\/2024\\\/07\\\/aweroplaceholder.jpg\",\"width\":1250,\"height\":834,\"caption\":\"Awero - S\u00fcdamega L\u00f5una Eestist\"},\"image\":{\"@id\":\"https:\\\/\\\/awero.ee\\\/es\\\/#\\\/schema\\\/logo\\\/image\\\/\"}}]}<\/script>\n<!-- \/ Yoast SEO plugin. -->","yoast_head_json":{"title":"Term\u00f3metro flotante con conexi\u00f3n Bluetooth - Awero - S\u00fcdamega L\u00f5una-Eestist","robots":{"index":"index","follow":"follow","max-snippet":"max-snippet:-1","max-image-preview":"max-image-preview:large","max-video-preview":"max-video-preview:-1"},"canonical":"https:\/\/awero.ee\/es\/toode\/termometro-flotante-con-conexion-bluetooth\/","og_locale":"es_ES","og_type":"article","og_title":"Term\u00f3metro flotante con conexi\u00f3n Bluetooth - Awero - S\u00fcdamega L\u00f5una-Eestist","og_description":"El term\u00f3metro flotante con conexi\u00f3n Bluetooth es un pr\u00e1ctico accesorio que facilita y hace m\u00e1s c\u00f3modo el control de la temperatura del agua, tanto desde el propio dispositivo como desde la aplicaci\u00f3n m\u00f3vil.","og_url":"https:\/\/awero.ee\/es\/toode\/termometro-flotante-con-conexion-bluetooth\/","og_site_name":"Awero - S\u00fcdamega L\u00f5una-Eestist","article_modified_time":"2026-03-10T07:59:00+00:00","og_image":[{"width":1172,"height":1177,"url":"https:\/\/awero.ee\/wp-content\/uploads\/2024\/12\/Ujuv-termomeeter-1.jpg","type":"image\/jpeg"}],"twitter_card":"summary_large_image","twitter_misc":{"Tiempo de lectura":"1 minuto"},"schema":{"@context":"https:\/\/schema.org","@graph":[{"@type":"WebPage","@id":"https:\/\/awero.ee\/es\/toode\/termometro-flotante-con-conexion-bluetooth\/","url":"https:\/\/awero.ee\/es\/toode\/termometro-flotante-con-conexion-bluetooth\/","name":"Term\u00f3metro flotante con conexi\u00f3n Bluetooth - Awero - S\u00fcdamega L\u00f5una-Eestist","isPartOf":{"@id":"https:\/\/awero.ee\/es\/#website"},"primaryImageOfPage":{"@id":"https:\/\/awero.ee\/es\/toode\/termometro-flotante-con-conexion-bluetooth\/#primaryimage"},"image":{"@id":"https:\/\/awero.ee\/es\/toode\/termometro-flotante-con-conexion-bluetooth\/#primaryimage"},"thumbnailUrl":"https:\/\/awero.ee\/wp-content\/uploads\/2024\/12\/Ujuv-termomeeter-1.jpg","datePublished":"2024-12-12T12:06:56+00:00","dateModified":"2026-03-10T07:59:00+00:00","breadcrumb":{"@id":"https:\/\/awero.ee\/es\/toode\/termometro-flotante-con-conexion-bluetooth\/#breadcrumb"},"inLanguage":"es","potentialAction":[{"@type":"ReadAction","target":["https:\/\/awero.ee\/es\/toode\/termometro-flotante-con-conexion-bluetooth\/"]}]},{"@type":"ImageObject","inLanguage":"es","@id":"https:\/\/awero.ee\/es\/toode\/termometro-flotante-con-conexion-bluetooth\/#primaryimage","url":"https:\/\/awero.ee\/wp-content\/uploads\/2024\/12\/Ujuv-termomeeter-1.jpg","contentUrl":"https:\/\/awero.ee\/wp-content\/uploads\/2024\/12\/Ujuv-termomeeter-1.jpg","width":1172,"height":1177},{"@type":"BreadcrumbList","@id":"https:\/\/awero.ee\/es\/toode\/termometro-flotante-con-conexion-bluetooth\/#breadcrumb","itemListElement":[{"@type":"ListItem","position":1,"name":"Home","item":"https:\/\/awero.ee\/es\/pagina-de-inicio\/"},{"@type":"ListItem","position":2,"name":"Pood","item":"https:\/\/awero.ee\/pood\/"},{"@type":"ListItem","position":3,"name":"Term\u00f3metro flotante con conexi\u00f3n Bluetooth"}]},{"@type":"WebSite","@id":"https:\/\/awero.ee\/es\/#website","url":"https:\/\/awero.ee\/es\/","name":"Awero - S\u00fcdamega L\u00f5una Eestist","description":"","publisher":{"@id":"https:\/\/awero.ee\/es\/#organization"},"potentialAction":[{"@type":"SearchAction","target":{"@type":"EntryPoint","urlTemplate":"https:\/\/awero.ee\/es\/?s={search_term_string}"},"query-input":{"@type":"PropertyValueSpecification","valueRequired":true,"valueName":"search_term_string"}}],"inLanguage":"es"},{"@type":"Organization","@id":"https:\/\/awero.ee\/es\/#organization","name":"Awero - S\u00fcdamega L\u00f5una Eestist","url":"https:\/\/awero.ee\/es\/","logo":{"@type":"ImageObject","inLanguage":"es","@id":"https:\/\/awero.ee\/es\/#\/schema\/logo\/image\/","url":"https:\/\/awero.ee\/wp-content\/uploads\/2024\/07\/aweroplaceholder.jpg","contentUrl":"https:\/\/awero.ee\/wp-content\/uploads\/2024\/07\/aweroplaceholder.jpg","width":1250,"height":834,"caption":"Awero - S\u00fcdamega L\u00f5una Eestist"},"image":{"@id":"https:\/\/awero.ee\/es\/#\/schema\/logo\/image\/"}}]}},"_links":{"self":[{"href":"https:\/\/awero.ee\/es\/wp-json\/wp\/v2\/product\/9912","targetHints":{"allow":["GET"]}}],"collection":[{"href":"https:\/\/awero.ee\/es\/wp-json\/wp\/v2\/product"}],"about":[{"href":"https:\/\/awero.ee\/es\/wp-json\/wp\/v2\/types\/product"}],"wp:featuredmedia":[{"embeddable":true,"href":"https:\/\/awero.ee\/es\/wp-json\/wp\/v2\/media\/9266"}],"wp:attachment":[{"href":"https:\/\/awero.ee\/es\/wp-json\/wp\/v2\/media?parent=9912"}],"wp:term":[{"taxonomy":"product_brand","embeddable":true,"href":"https:\/\/awero.ee\/es\/wp-json\/wp\/v2\/product_brand?post=9912"},{"taxonomy":"product_cat","embeddable":true,"href":"https:\/\/awero.ee\/es\/wp-json\/wp\/v2\/product_cat?post=9912"},{"taxonomy":"product_tag","embeddable":true,"href":"https:\/\/awero.ee\/es\/wp-json\/wp\/v2\/product_tag?post=9912"}],"curies":[{"name":"wp","href":"https:\/\/api.w.org\/{rel}","templated":true}]}}