{"id":9909,"date":"2024-12-12T12:06:56","date_gmt":"2024-12-12T12:06:56","guid":{"rendered":"https:\/\/awero.ee\/toode\/pastillas-purificadoras-de-agua-combitab-800-g\/"},"modified":"2026-03-10T07:59:00","modified_gmt":"2026-03-10T07:59:00","slug":"pastillas-purificadoras-de-agua-combitab-800-g","status":"publish","type":"product","link":"https:\/\/awero.ee\/es\/toode\/pastillas-purificadoras-de-agua-combitab-800-g\/","title":{"rendered":"Pastillas purificadoras de agua CombiTab (800 g)"},"content":{"rendered":"<div align=\"justify\">\n<p>Las pastillas purificadoras de agua CombiTab han sido dise\u00f1adas para mantener el agua de tu ba\u00f1era n\u00f3rdica limpia y cristalina, al tiempo que reducen las molestias y los olores asociados al uso del cloro. Estas pastillas no contienen cloro, por lo que son respetuosas con la piel y seguras tanto para las personas como para el medio ambiente. El ox\u00edgeno activo act\u00faa de forma r\u00e1pida y eficaz, eliminando bacterias, virus y otros microorganismos. Las pastillas CombiTab no producen olores desagradables ni irritan la piel ni los ojos.   <\/p>\n<p><strong>Modo de empleo:<\/strong><\/p>\n<p>Cada envase contiene 800 g de pastillas purificadoras de agua (cada pastilla pesa 20 g). Las pastillas CombiTab son f\u00e1ciles de usar: a\u00f1ade las pastillas al agua de la ba\u00f1era n\u00f3rdica siguiendo las instrucciones del envase y deja que act\u00faen. <\/p>\n<p>A\u00f1ade 1 tableta CombiTab al d\u00eda por cada 3000 litros de agua. La dosis debe aumentarse en caso de que la temperatura del agua sea elevada y se utilice la ba\u00f1era con frecuencia. Si utilizas las pastillas CombiTab en ba\u00f1eras de hidromasaje\/ba\u00f1eras n\u00f3rdicas con agua caliente (hasta 1000 litros), a\u00f1ade 1 pastilla cada 3 d\u00edas (cada 2 d\u00edas en caso de un uso frecuente). Despu\u00e9s de ba\u00f1arte, deja que el sistema de filtrado funcione durante al menos 2 horas. Aseg\u00farate de que las pastillas CombiTab est\u00e9n guardadas en un lugar seco. Guarda el producto en su envase original, fuera del alcance de los ni\u00f1os y lejos de la luz solar directa. Antes de usar, lee siempre la etiqueta y la informaci\u00f3n del producto.      <\/p>\n<\/div>\n","protected":false},"excerpt":{"rendered":"<div align=\"justify\">\n<p>Las pastillas purificadoras de agua CombiTab son una forma eficaz y c\u00f3moda de mantener limpia el agua de tu ba\u00f1era n\u00f3rdica y ayudan a que la experiencia de ba\u00f1o sea agradable y relajante. Estas pastillas no contienen cloro y su principio activo es el ox\u00edgeno activo, lo que garantiza una depuraci\u00f3n y desinfecci\u00f3n del agua eficientes <\/p>\n<p>El producto llegar\u00e1 a nuestro almac\u00e9n a partir de mediados de junio.<\/p>\n<\/div>\n","protected":false},"featured_media":9276,"template":"","meta":{"_acf_changed":false},"product_brand":[],"product_cat":[1334],"product_tag":[],"class_list":{"0":"post-9909","1":"product","2":"type-product","3":"status-publish","4":"has-post-thumbnail","6":"product_cat-accesorios","8":"first","9":"instock","10":"shipping-taxable","11":"product-type-simple"},"acf":[],"yoast_head":"<!-- This site is optimized with the Yoast SEO plugin v27.5 - https:\/\/yoast.com\/product\/yoast-seo-wordpress\/ -->\n<title>Pastillas purificadoras de agua CombiTab (800 g) - Awero - S\u00fcdamega L\u00f5una-Eestist<\/title>\n<meta name=\"robots\" content=\"index, follow, max-snippet:-1, max-image-preview:large, max-video-preview:-1\" \/>\n<link rel=\"canonical\" href=\"https:\/\/awero.ee\/es\/toode\/pastillas-purificadoras-de-agua-combitab-800-g\/\" \/>\n<meta property=\"og:locale\" content=\"es_ES\" \/>\n<meta property=\"og:type\" content=\"article\" \/>\n<meta property=\"og:title\" content=\"Pastillas purificadoras de agua CombiTab (800 g) - Awero - S\u00fcdamega L\u00f5una-Eestist\" \/>\n<meta property=\"og:description\" content=\"Las pastillas purificadoras de agua CombiTab son una forma eficaz y c\u00f3moda de mantener limpia el agua de tu ba\u00f1era n\u00f3rdica y ayudan a que la experiencia de ba\u00f1o sea agradable y relajante. Estas pastillas no contienen cloro y su principio activo es el ox\u00edgeno activo, lo que garantiza una depuraci\u00f3n y desinfecci\u00f3n del agua eficientes  El producto llegar\u00e1 a nuestro almac\u00e9n a partir de mediados de junio.\" \/>\n<meta property=\"og:url\" content=\"https:\/\/awero.ee\/es\/toode\/pastillas-purificadoras-de-agua-combitab-800-g\/\" \/>\n<meta property=\"og:site_name\" content=\"Awero - S\u00fcdamega L\u00f5una-Eestist\" \/>\n<meta property=\"article:modified_time\" content=\"2026-03-10T07:59:00+00:00\" \/>\n<meta property=\"og:image\" content=\"https:\/\/awero.ee\/wp-content\/uploads\/2024\/12\/CombiTab-veepuhastustabletid.jpg\" \/>\n\t<meta property=\"og:image:width\" content=\"816\" \/>\n\t<meta property=\"og:image:height\" content=\"826\" \/>\n\t<meta property=\"og:image:type\" content=\"image\/jpeg\" \/>\n<meta name=\"twitter:card\" content=\"summary_large_image\" \/>\n<meta name=\"twitter:label1\" content=\"Tiempo de lectura\" \/>\n\t<meta name=\"twitter:data1\" content=\"1 minuto\" \/>\n<script type=\"application\/ld+json\" class=\"yoast-schema-graph\">{\"@context\":\"https:\\\/\\\/schema.org\",\"@graph\":[{\"@type\":\"WebPage\",\"@id\":\"https:\\\/\\\/awero.ee\\\/es\\\/toode\\\/pastillas-purificadoras-de-agua-combitab-800-g\\\/\",\"url\":\"https:\\\/\\\/awero.ee\\\/es\\\/toode\\\/pastillas-purificadoras-de-agua-combitab-800-g\\\/\",\"name\":\"Pastillas purificadoras de agua CombiTab (800 g) - Awero - S\u00fcdamega L\u00f5una-Eestist\",\"isPartOf\":{\"@id\":\"https:\\\/\\\/awero.ee\\\/es\\\/#website\"},\"primaryImageOfPage\":{\"@id\":\"https:\\\/\\\/awero.ee\\\/es\\\/toode\\\/pastillas-purificadoras-de-agua-combitab-800-g\\\/#primaryimage\"},\"image\":{\"@id\":\"https:\\\/\\\/awero.ee\\\/es\\\/toode\\\/pastillas-purificadoras-de-agua-combitab-800-g\\\/#primaryimage\"},\"thumbnailUrl\":\"https:\\\/\\\/awero.ee\\\/wp-content\\\/uploads\\\/2024\\\/12\\\/CombiTab-veepuhastustabletid.jpg\",\"datePublished\":\"2024-12-12T12:06:56+00:00\",\"dateModified\":\"2026-03-10T07:59:00+00:00\",\"breadcrumb\":{\"@id\":\"https:\\\/\\\/awero.ee\\\/es\\\/toode\\\/pastillas-purificadoras-de-agua-combitab-800-g\\\/#breadcrumb\"},\"inLanguage\":\"es\",\"potentialAction\":[{\"@type\":\"ReadAction\",\"target\":[\"https:\\\/\\\/awero.ee\\\/es\\\/toode\\\/pastillas-purificadoras-de-agua-combitab-800-g\\\/\"]}]},{\"@type\":\"ImageObject\",\"inLanguage\":\"es\",\"@id\":\"https:\\\/\\\/awero.ee\\\/es\\\/toode\\\/pastillas-purificadoras-de-agua-combitab-800-g\\\/#primaryimage\",\"url\":\"https:\\\/\\\/awero.ee\\\/wp-content\\\/uploads\\\/2024\\\/12\\\/CombiTab-veepuhastustabletid.jpg\",\"contentUrl\":\"https:\\\/\\\/awero.ee\\\/wp-content\\\/uploads\\\/2024\\\/12\\\/CombiTab-veepuhastustabletid.jpg\",\"width\":816,\"height\":826},{\"@type\":\"BreadcrumbList\",\"@id\":\"https:\\\/\\\/awero.ee\\\/es\\\/toode\\\/pastillas-purificadoras-de-agua-combitab-800-g\\\/#breadcrumb\",\"itemListElement\":[{\"@type\":\"ListItem\",\"position\":1,\"name\":\"Home\",\"item\":\"https:\\\/\\\/awero.ee\\\/es\\\/pagina-de-inicio\\\/\"},{\"@type\":\"ListItem\",\"position\":2,\"name\":\"Pood\",\"item\":\"https:\\\/\\\/awero.ee\\\/pood\\\/\"},{\"@type\":\"ListItem\",\"position\":3,\"name\":\"Pastillas purificadoras de agua CombiTab (800 g)\"}]},{\"@type\":\"WebSite\",\"@id\":\"https:\\\/\\\/awero.ee\\\/es\\\/#website\",\"url\":\"https:\\\/\\\/awero.ee\\\/es\\\/\",\"name\":\"Awero - S\u00fcdamega L\u00f5una Eestist\",\"description\":\"\",\"publisher\":{\"@id\":\"https:\\\/\\\/awero.ee\\\/es\\\/#organization\"},\"potentialAction\":[{\"@type\":\"SearchAction\",\"target\":{\"@type\":\"EntryPoint\",\"urlTemplate\":\"https:\\\/\\\/awero.ee\\\/es\\\/?s={search_term_string}\"},\"query-input\":{\"@type\":\"PropertyValueSpecification\",\"valueRequired\":true,\"valueName\":\"search_term_string\"}}],\"inLanguage\":\"es\"},{\"@type\":\"Organization\",\"@id\":\"https:\\\/\\\/awero.ee\\\/es\\\/#organization\",\"name\":\"Awero - S\u00fcdamega L\u00f5una Eestist\",\"url\":\"https:\\\/\\\/awero.ee\\\/es\\\/\",\"logo\":{\"@type\":\"ImageObject\",\"inLanguage\":\"es\",\"@id\":\"https:\\\/\\\/awero.ee\\\/es\\\/#\\\/schema\\\/logo\\\/image\\\/\",\"url\":\"https:\\\/\\\/awero.ee\\\/wp-content\\\/uploads\\\/2024\\\/07\\\/aweroplaceholder.jpg\",\"contentUrl\":\"https:\\\/\\\/awero.ee\\\/wp-content\\\/uploads\\\/2024\\\/07\\\/aweroplaceholder.jpg\",\"width\":1250,\"height\":834,\"caption\":\"Awero - S\u00fcdamega L\u00f5una Eestist\"},\"image\":{\"@id\":\"https:\\\/\\\/awero.ee\\\/es\\\/#\\\/schema\\\/logo\\\/image\\\/\"}}]}<\/script>\n<!-- \/ Yoast SEO plugin. -->","yoast_head_json":{"title":"Pastillas purificadoras de agua CombiTab (800 g) - Awero - S\u00fcdamega L\u00f5una-Eestist","robots":{"index":"index","follow":"follow","max-snippet":"max-snippet:-1","max-image-preview":"max-image-preview:large","max-video-preview":"max-video-preview:-1"},"canonical":"https:\/\/awero.ee\/es\/toode\/pastillas-purificadoras-de-agua-combitab-800-g\/","og_locale":"es_ES","og_type":"article","og_title":"Pastillas purificadoras de agua CombiTab (800 g) - Awero - S\u00fcdamega L\u00f5una-Eestist","og_description":"Las pastillas purificadoras de agua CombiTab son una forma eficaz y c\u00f3moda de mantener limpia el agua de tu ba\u00f1era n\u00f3rdica y ayudan a que la experiencia de ba\u00f1o sea agradable y relajante. Estas pastillas no contienen cloro y su principio activo es el ox\u00edgeno activo, lo que garantiza una depuraci\u00f3n y desinfecci\u00f3n del agua eficientes  El producto llegar\u00e1 a nuestro almac\u00e9n a partir de mediados de junio.","og_url":"https:\/\/awero.ee\/es\/toode\/pastillas-purificadoras-de-agua-combitab-800-g\/","og_site_name":"Awero - S\u00fcdamega L\u00f5una-Eestist","article_modified_time":"2026-03-10T07:59:00+00:00","og_image":[{"width":816,"height":826,"url":"https:\/\/awero.ee\/wp-content\/uploads\/2024\/12\/CombiTab-veepuhastustabletid.jpg","type":"image\/jpeg"}],"twitter_card":"summary_large_image","twitter_misc":{"Tiempo de lectura":"1 minuto"},"schema":{"@context":"https:\/\/schema.org","@graph":[{"@type":"WebPage","@id":"https:\/\/awero.ee\/es\/toode\/pastillas-purificadoras-de-agua-combitab-800-g\/","url":"https:\/\/awero.ee\/es\/toode\/pastillas-purificadoras-de-agua-combitab-800-g\/","name":"Pastillas purificadoras de agua CombiTab (800 g) - Awero - S\u00fcdamega L\u00f5una-Eestist","isPartOf":{"@id":"https:\/\/awero.ee\/es\/#website"},"primaryImageOfPage":{"@id":"https:\/\/awero.ee\/es\/toode\/pastillas-purificadoras-de-agua-combitab-800-g\/#primaryimage"},"image":{"@id":"https:\/\/awero.ee\/es\/toode\/pastillas-purificadoras-de-agua-combitab-800-g\/#primaryimage"},"thumbnailUrl":"https:\/\/awero.ee\/wp-content\/uploads\/2024\/12\/CombiTab-veepuhastustabletid.jpg","datePublished":"2024-12-12T12:06:56+00:00","dateModified":"2026-03-10T07:59:00+00:00","breadcrumb":{"@id":"https:\/\/awero.ee\/es\/toode\/pastillas-purificadoras-de-agua-combitab-800-g\/#breadcrumb"},"inLanguage":"es","potentialAction":[{"@type":"ReadAction","target":["https:\/\/awero.ee\/es\/toode\/pastillas-purificadoras-de-agua-combitab-800-g\/"]}]},{"@type":"ImageObject","inLanguage":"es","@id":"https:\/\/awero.ee\/es\/toode\/pastillas-purificadoras-de-agua-combitab-800-g\/#primaryimage","url":"https:\/\/awero.ee\/wp-content\/uploads\/2024\/12\/CombiTab-veepuhastustabletid.jpg","contentUrl":"https:\/\/awero.ee\/wp-content\/uploads\/2024\/12\/CombiTab-veepuhastustabletid.jpg","width":816,"height":826},{"@type":"BreadcrumbList","@id":"https:\/\/awero.ee\/es\/toode\/pastillas-purificadoras-de-agua-combitab-800-g\/#breadcrumb","itemListElement":[{"@type":"ListItem","position":1,"name":"Home","item":"https:\/\/awero.ee\/es\/pagina-de-inicio\/"},{"@type":"ListItem","position":2,"name":"Pood","item":"https:\/\/awero.ee\/pood\/"},{"@type":"ListItem","position":3,"name":"Pastillas purificadoras de agua CombiTab (800 g)"}]},{"@type":"WebSite","@id":"https:\/\/awero.ee\/es\/#website","url":"https:\/\/awero.ee\/es\/","name":"Awero - S\u00fcdamega L\u00f5una Eestist","description":"","publisher":{"@id":"https:\/\/awero.ee\/es\/#organization"},"potentialAction":[{"@type":"SearchAction","target":{"@type":"EntryPoint","urlTemplate":"https:\/\/awero.ee\/es\/?s={search_term_string}"},"query-input":{"@type":"PropertyValueSpecification","valueRequired":true,"valueName":"search_term_string"}}],"inLanguage":"es"},{"@type":"Organization","@id":"https:\/\/awero.ee\/es\/#organization","name":"Awero - S\u00fcdamega L\u00f5una Eestist","url":"https:\/\/awero.ee\/es\/","logo":{"@type":"ImageObject","inLanguage":"es","@id":"https:\/\/awero.ee\/es\/#\/schema\/logo\/image\/","url":"https:\/\/awero.ee\/wp-content\/uploads\/2024\/07\/aweroplaceholder.jpg","contentUrl":"https:\/\/awero.ee\/wp-content\/uploads\/2024\/07\/aweroplaceholder.jpg","width":1250,"height":834,"caption":"Awero - S\u00fcdamega L\u00f5una Eestist"},"image":{"@id":"https:\/\/awero.ee\/es\/#\/schema\/logo\/image\/"}}]}},"_links":{"self":[{"href":"https:\/\/awero.ee\/es\/wp-json\/wp\/v2\/product\/9909","targetHints":{"allow":["GET"]}}],"collection":[{"href":"https:\/\/awero.ee\/es\/wp-json\/wp\/v2\/product"}],"about":[{"href":"https:\/\/awero.ee\/es\/wp-json\/wp\/v2\/types\/product"}],"wp:featuredmedia":[{"embeddable":true,"href":"https:\/\/awero.ee\/es\/wp-json\/wp\/v2\/media\/9276"}],"wp:attachment":[{"href":"https:\/\/awero.ee\/es\/wp-json\/wp\/v2\/media?parent=9909"}],"wp:term":[{"taxonomy":"product_brand","embeddable":true,"href":"https:\/\/awero.ee\/es\/wp-json\/wp\/v2\/product_brand?post=9909"},{"taxonomy":"product_cat","embeddable":true,"href":"https:\/\/awero.ee\/es\/wp-json\/wp\/v2\/product_cat?post=9909"},{"taxonomy":"product_tag","embeddable":true,"href":"https:\/\/awero.ee\/es\/wp-json\/wp\/v2\/product_tag?post=9909"}],"curies":[{"name":"wp","href":"https:\/\/api.w.org\/{rel}","templated":true}]}}