{"id":9908,"date":"2024-12-12T12:06:34","date_gmt":"2024-12-12T12:06:34","guid":{"rendered":"https:\/\/awero.ee\/toode\/sistema-de-filtrado-de-agua-con-bolas-filtrantes\/"},"modified":"2026-03-10T07:59:00","modified_gmt":"2026-03-10T07:59:00","slug":"sistema-de-filtrado-de-agua-con-bolas-filtrantes","status":"publish","type":"product","link":"https:\/\/awero.ee\/es\/toode\/sistema-de-filtrado-de-agua-con-bolas-filtrantes\/","title":{"rendered":"Sistema de filtrado de agua con bolas filtrantes"},"content":{"rendered":"<p data-start=\"148\" data-end=\"470\">FilterMax es una soluci\u00f3n moderna, asequible y eficaz para el mantenimiento del agua de piscinas y jacuzzis. Este sistema compacto combina un prefiltro, una bomba de circulaci\u00f3n y un dep\u00f3sito duradero con protecci\u00f3n UV, proporcionando un tratamiento del agua fiable y c\u00f3modo en casa. <\/p>\n<p data-start=\"472\" data-end=\"871\">En el coraz\u00f3n del sistema de filtraci\u00f3n hay unas innovadoras bolas filtrantes que proporcionan una filtraci\u00f3n fina de hasta 3 micras, un agua mucho m\u00e1s limpia que la de un filtro de arena tradicional. Las bolas filtrantes son ligeras, reutilizables y lavables (manguera o lavadora a 30\u00b0C, sin detergente y centrifugado), lo que agiliza el mantenimiento y reduce el consumo de agua y energ\u00eda. No es necesario volver a lavarlas.  <\/p>\n<p data-start=\"873\" data-end=\"1302\">FilterMax es adecuado para piscinas y jacuzzis de hasta 25 m\u00b3, y garantiza una filtraci\u00f3n eficaz y una circulaci\u00f3n continua del agua. La unidad funciona a baja presi\u00f3n, por lo que es silenciosa, eficiente energ\u00e9ticamente y respetuosa con los componentes del sistema. Su dise\u00f1o compacto y su peso ligero facilitan la instalaci\u00f3n y el almacenamiento.  <\/p>\n<p data-start=\"873\" data-end=\"1302\">El kit incluye todas las piezas y conexiones necesarias para poner el sistema en marcha inmediatamente.<\/p>\n<h3 data-start=\"1309\" data-end=\"1330\">Datos t\u00e9cnicos<\/h3>\n<ul data-start=\"1331\" data-end=\"1785\">\n<li style=\"list-style-type: none;\" data-start=\"1331\" data-end=\"1380\">\n<ul data-start=\"158\" data-end=\"592\">\n<li data-start=\"158\" data-end=\"187\">\n<p data-start=\"160\" data-end=\"187\"><strong data-start=\"160\" data-end=\"174\">Capacidad:<\/strong> hasta 25 m\u00b3<\/p>\n<\/li>\n<li data-start=\"188\" data-end=\"237\">\n<p data-start=\"190\" data-end=\"237\"><strong data-start=\"190\" data-end=\"214\">Capacidad de filtraci\u00f3n:<\/strong> 4,8 m\u00b3\/h (166 L\/min).<\/p>\n<\/li>\n<li data-start=\"238\" data-end=\"265\">\n<p data-start=\"240\" data-end=\"265\"><strong data-start=\"240\" data-end=\"258\">Potencia de la bomba:<\/strong> 80 W<\/p>\n<\/li>\n<li data-start=\"266\" data-end=\"294\">\n<p data-start=\"268\" data-end=\"294\"><strong data-start=\"268\" data-end=\"278\">Alimentaci\u00f3n:<\/strong> 230 V &#8211; 50 Hz<\/p>\n<\/li>\n<li data-start=\"295\" data-end=\"351\">\n<p data-start=\"297\" data-end=\"351\"><strong data-start=\"297\" data-end=\"318\">Presi\u00f3n m\u00e1xima:<\/strong> 1 bar (rango de funcionamiento 0,2-0,5 bar).<\/p>\n<\/li>\n<li data-start=\"352\" data-end=\"397\">\n<p data-start=\"354\" data-end=\"397\"><strong data-start=\"354\" data-end=\"379\">Tama\u00f1o y capacidad del dep\u00f3sito:<\/strong> \u00d8 250 mm \/ 12 L<\/p>\n<\/li>\n<li data-start=\"398\" data-end=\"472\">\n<p data-start=\"400\" data-end=\"472\"><strong data-start=\"400\" data-end=\"426\">Cantidad de material filtrante:<\/strong> 250 g de bolas filtrantes (\u2248 9 kg de arena equivalente).<\/p>\n<\/li>\n<li data-start=\"473\" data-end=\"509\">\n<p data-start=\"475\" data-end=\"509\"><strong data-start=\"475\" data-end=\"503\">Altura m\u00e1xima de elevaci\u00f3n:<\/strong> 6 m<\/p>\n<\/li>\n<li data-start=\"510\" data-end=\"535\">\n<p data-start=\"512\" data-end=\"535\"><strong data-start=\"512\" data-end=\"528\">Grado de protecci\u00f3n:<\/strong> IPX8<\/p>\n<\/li>\n<li data-start=\"536\" data-end=\"569\">\n<p data-start=\"538\" data-end=\"569\"><strong data-start=\"538\" data-end=\"549\">Dimensiones:<\/strong> 33 \u00d7 39,5 \u00d7 38 cm<\/p>\n<\/li>\n<li data-start=\"570\" data-end=\"592\">\n<p data-start=\"572\" data-end=\"592\"><strong data-start=\"572\" data-end=\"585\">Peso neto:<\/strong> 6 kg<\/p>\n<\/li>\n<li data-start=\"570\" data-end=\"592\"><strong>Rango de funcionamiento:<\/strong> +5&#8230;+35 \u00b0C<\/li>\n<\/ul>\n<\/li>\n<\/ul>\n<h3 data-start=\"2200\" data-end=\"2221\"><\/h3>\n<h3 data-start=\"69\" data-end=\"92\">\u26a0 Seguridad y mantenimiento<\/h3>\n<ul>\n<li style=\"list-style-type: none;\">\n<ul data-start=\"93\" data-end=\"866\">\n<li data-start=\"93\" data-end=\"196\">\n<p data-start=\"69\" data-end=\"92\">\u26a0 <strong data-start=\"95\" data-end=\"122\">No utilizar en invierno<\/strong> &#8211; debido al riesgo de congelaci\u00f3n, el sistema debe vaciarse y guardarse en un lugar seco.<\/p>\n<\/li>\n<li data-start=\"197\" data-end=\"241\">\n<p data-start=\"199\" data-end=\"241\">No utilices nunca la bomba sin agua.<\/p>\n<\/li>\n<li data-start=\"242\" data-end=\"314\">\n<p data-start=\"244\" data-end=\"314\">Desconecta siempre la corriente antes de abrir la tapa o el filtro.<\/p>\n<\/li>\n<li data-start=\"315\" data-end=\"406\">\n<p data-start=\"317\" data-end=\"406\">S\u00f3lo deben utilizarse bolas filtrantes; el uso de cualquier otro material podr\u00eda da\u00f1ar el sistema.<\/p>\n<\/li>\n<li data-start=\"407\" data-end=\"511\">\n<p data-start=\"409\" data-end=\"511\">Requiere un mantenimiento regular: limpieza del prefiltro y de las bolas filtrantes y control de la presi\u00f3n en el man\u00f3metro.<\/p>\n<\/li>\n<li data-start=\"512\" data-end=\"602\">\n<p data-start=\"514\" data-end=\"602\">Cuando la presi\u00f3n del man\u00f3metro alcanza la zona roja, hay que limpiar las bolas del filtro.<\/p>\n<\/li>\n<li data-start=\"603\" data-end=\"698\">\n<p data-start=\"605\" data-end=\"698\">Lava las bolas de filtro con una manguera o en una lavadora (30 \u00b0C, sin detergente ni centrifugadora).<\/p>\n<\/li>\n<li data-start=\"699\" data-end=\"759\">\n<p data-start=\"701\" data-end=\"759\"><strong data-start=\"701\" data-end=\"757\">\u26a0 No se recomienda estar en el agua mientras el sistema est\u00e9 en funcionamiento.<\/strong><\/p>\n<\/li>\n<li data-start=\"760\" data-end=\"866\">\n<p data-start=\"762\" data-end=\"866\">El funcionamiento seguro de la bomba s\u00f3lo est\u00e1 garantizado si se siguen correctamente las instrucciones de instalaci\u00f3n y funcionamiento.<\/p>\n<\/li>\n<\/ul>\n<\/li>\n<\/ul>\n<p>&nbsp;<\/p>\n<p>&nbsp;<\/p>\n","protected":false},"excerpt":{"rendered":"<p data-start=\"125\" data-end=\"430\">FilterMax es una soluci\u00f3n asequible y eficaz para garantizar un agua limpia en ba\u00f1eras de hidromasaje o piscinas de jard\u00edn peque\u00f1as de hasta 25 m\u00b3. Gracias a su facilidad de uso y excelente rendimiento de filtraci\u00f3n, este sistema hace que el mantenimiento del agua sea c\u00f3modo y sin complicaciones. <\/p>\n<p data-start=\"432\" data-end=\"618\">Importante: no apto para uso invernal por riesgo de congelaci\u00f3n.<br \/>\nRango de funcionamiento: +5&#8230;+35 \u00b0C. La unidad debe vaciarse y almacenarse en un lugar seco. Para m\u00e1s informaci\u00f3n y asesoramiento, ponte en contacto con nuestros especialistas.  <\/p>\n<p>Con el sistema de filtraci\u00f3n, tambi\u00e9n recomendamos las bandejas de purificaci\u00f3n de agua CombiTab (800 g) y el dispensador de bandejas de purificaci\u00f3n de agua CombiTab.<\/p>\n","protected":false},"featured_media":9686,"template":"","meta":{"_acf_changed":false},"product_brand":[],"product_cat":[1334],"product_tag":[1346],"class_list":{"0":"post-9908","1":"product","2":"type-product","3":"status-publish","4":"has-post-thumbnail","6":"product_cat-accesorios","7":"product_tag-etkumblustunni_lisad-es","9":"first","10":"instock","11":"shipping-taxable","12":"product-type-simple"},"acf":[],"yoast_head":"<!-- This site is optimized with the Yoast SEO plugin v27.5 - https:\/\/yoast.com\/product\/yoast-seo-wordpress\/ -->\n<title>Sistema de filtrado de agua con bolas filtrantes - Awero - S\u00fcdamega L\u00f5una-Eestist<\/title>\n<meta name=\"robots\" content=\"index, follow, max-snippet:-1, max-image-preview:large, max-video-preview:-1\" \/>\n<link rel=\"canonical\" href=\"https:\/\/awero.ee\/es\/toode\/sistema-de-filtrado-de-agua-con-bolas-filtrantes\/\" \/>\n<meta property=\"og:locale\" content=\"es_ES\" \/>\n<meta property=\"og:type\" content=\"article\" \/>\n<meta property=\"og:title\" content=\"Sistema de filtrado de agua con bolas filtrantes - Awero - S\u00fcdamega L\u00f5una-Eestist\" \/>\n<meta property=\"og:description\" content=\"FilterMax es una soluci\u00f3n asequible y eficaz para garantizar un agua limpia en ba\u00f1eras de hidromasaje o piscinas de jard\u00edn peque\u00f1as de hasta 25 m\u00b3. Gracias a su facilidad de uso y excelente rendimiento de filtraci\u00f3n, este sistema hace que el mantenimiento del agua sea c\u00f3modo y sin complicaciones. Importante: no apto para uso invernal por riesgo de congelaci\u00f3n. Rango de funcionamiento: +5...+35 \u00b0C. La unidad debe vaciarse y almacenarse en un lugar seco. Para m\u00e1s informaci\u00f3n y asesoramiento, ponte en contacto con nuestros especialistas.  Con el sistema de filtraci\u00f3n, tambi\u00e9n recomendamos las bandejas de purificaci\u00f3n de agua CombiTab (800 g) y el dispensador de bandejas de purificaci\u00f3n de agua CombiTab.\" \/>\n<meta property=\"og:url\" content=\"https:\/\/awero.ee\/es\/toode\/sistema-de-filtrado-de-agua-con-bolas-filtrantes\/\" \/>\n<meta property=\"og:site_name\" content=\"Awero - S\u00fcdamega L\u00f5una-Eestist\" \/>\n<meta property=\"article:modified_time\" content=\"2026-03-10T07:59:00+00:00\" \/>\n<meta property=\"og:image\" content=\"https:\/\/awero.ee\/wp-content\/uploads\/2024\/12\/Filtrisusteem-uus.jpg\" \/>\n\t<meta property=\"og:image:width\" content=\"1315\" \/>\n\t<meta property=\"og:image:height\" content=\"1293\" \/>\n\t<meta property=\"og:image:type\" content=\"image\/jpeg\" \/>\n<meta name=\"twitter:card\" content=\"summary_large_image\" \/>\n<meta name=\"twitter:label1\" content=\"Tiempo de lectura\" \/>\n\t<meta name=\"twitter:data1\" content=\"2 minutos\" \/>\n<script type=\"application\/ld+json\" class=\"yoast-schema-graph\">{\"@context\":\"https:\\\/\\\/schema.org\",\"@graph\":[{\"@type\":\"WebPage\",\"@id\":\"https:\\\/\\\/awero.ee\\\/es\\\/toode\\\/sistema-de-filtrado-de-agua-con-bolas-filtrantes\\\/\",\"url\":\"https:\\\/\\\/awero.ee\\\/es\\\/toode\\\/sistema-de-filtrado-de-agua-con-bolas-filtrantes\\\/\",\"name\":\"Sistema de filtrado de agua con bolas filtrantes - Awero - S\u00fcdamega L\u00f5una-Eestist\",\"isPartOf\":{\"@id\":\"https:\\\/\\\/awero.ee\\\/es\\\/#website\"},\"primaryImageOfPage\":{\"@id\":\"https:\\\/\\\/awero.ee\\\/es\\\/toode\\\/sistema-de-filtrado-de-agua-con-bolas-filtrantes\\\/#primaryimage\"},\"image\":{\"@id\":\"https:\\\/\\\/awero.ee\\\/es\\\/toode\\\/sistema-de-filtrado-de-agua-con-bolas-filtrantes\\\/#primaryimage\"},\"thumbnailUrl\":\"https:\\\/\\\/awero.ee\\\/wp-content\\\/uploads\\\/2024\\\/12\\\/Filtrisusteem-uus.jpg\",\"datePublished\":\"2024-12-12T12:06:34+00:00\",\"dateModified\":\"2026-03-10T07:59:00+00:00\",\"breadcrumb\":{\"@id\":\"https:\\\/\\\/awero.ee\\\/es\\\/toode\\\/sistema-de-filtrado-de-agua-con-bolas-filtrantes\\\/#breadcrumb\"},\"inLanguage\":\"es\",\"potentialAction\":[{\"@type\":\"ReadAction\",\"target\":[\"https:\\\/\\\/awero.ee\\\/es\\\/toode\\\/sistema-de-filtrado-de-agua-con-bolas-filtrantes\\\/\"]}]},{\"@type\":\"ImageObject\",\"inLanguage\":\"es\",\"@id\":\"https:\\\/\\\/awero.ee\\\/es\\\/toode\\\/sistema-de-filtrado-de-agua-con-bolas-filtrantes\\\/#primaryimage\",\"url\":\"https:\\\/\\\/awero.ee\\\/wp-content\\\/uploads\\\/2024\\\/12\\\/Filtrisusteem-uus.jpg\",\"contentUrl\":\"https:\\\/\\\/awero.ee\\\/wp-content\\\/uploads\\\/2024\\\/12\\\/Filtrisusteem-uus.jpg\",\"width\":1315,\"height\":1293},{\"@type\":\"BreadcrumbList\",\"@id\":\"https:\\\/\\\/awero.ee\\\/es\\\/toode\\\/sistema-de-filtrado-de-agua-con-bolas-filtrantes\\\/#breadcrumb\",\"itemListElement\":[{\"@type\":\"ListItem\",\"position\":1,\"name\":\"Home\",\"item\":\"https:\\\/\\\/awero.ee\\\/es\\\/pagina-de-inicio\\\/\"},{\"@type\":\"ListItem\",\"position\":2,\"name\":\"Pood\",\"item\":\"https:\\\/\\\/awero.ee\\\/pood\\\/\"},{\"@type\":\"ListItem\",\"position\":3,\"name\":\"Sistema de filtrado de agua con bolas filtrantes\"}]},{\"@type\":\"WebSite\",\"@id\":\"https:\\\/\\\/awero.ee\\\/es\\\/#website\",\"url\":\"https:\\\/\\\/awero.ee\\\/es\\\/\",\"name\":\"Awero - S\u00fcdamega L\u00f5una Eestist\",\"description\":\"\",\"publisher\":{\"@id\":\"https:\\\/\\\/awero.ee\\\/es\\\/#organization\"},\"potentialAction\":[{\"@type\":\"SearchAction\",\"target\":{\"@type\":\"EntryPoint\",\"urlTemplate\":\"https:\\\/\\\/awero.ee\\\/es\\\/?s={search_term_string}\"},\"query-input\":{\"@type\":\"PropertyValueSpecification\",\"valueRequired\":true,\"valueName\":\"search_term_string\"}}],\"inLanguage\":\"es\"},{\"@type\":\"Organization\",\"@id\":\"https:\\\/\\\/awero.ee\\\/es\\\/#organization\",\"name\":\"Awero - S\u00fcdamega L\u00f5una Eestist\",\"url\":\"https:\\\/\\\/awero.ee\\\/es\\\/\",\"logo\":{\"@type\":\"ImageObject\",\"inLanguage\":\"es\",\"@id\":\"https:\\\/\\\/awero.ee\\\/es\\\/#\\\/schema\\\/logo\\\/image\\\/\",\"url\":\"https:\\\/\\\/awero.ee\\\/wp-content\\\/uploads\\\/2024\\\/07\\\/aweroplaceholder.jpg\",\"contentUrl\":\"https:\\\/\\\/awero.ee\\\/wp-content\\\/uploads\\\/2024\\\/07\\\/aweroplaceholder.jpg\",\"width\":1250,\"height\":834,\"caption\":\"Awero - S\u00fcdamega L\u00f5una Eestist\"},\"image\":{\"@id\":\"https:\\\/\\\/awero.ee\\\/es\\\/#\\\/schema\\\/logo\\\/image\\\/\"}}]}<\/script>\n<!-- \/ Yoast SEO plugin. -->","yoast_head_json":{"title":"Sistema de filtrado de agua con bolas filtrantes - Awero - S\u00fcdamega L\u00f5una-Eestist","robots":{"index":"index","follow":"follow","max-snippet":"max-snippet:-1","max-image-preview":"max-image-preview:large","max-video-preview":"max-video-preview:-1"},"canonical":"https:\/\/awero.ee\/es\/toode\/sistema-de-filtrado-de-agua-con-bolas-filtrantes\/","og_locale":"es_ES","og_type":"article","og_title":"Sistema de filtrado de agua con bolas filtrantes - Awero - S\u00fcdamega L\u00f5una-Eestist","og_description":"FilterMax es una soluci\u00f3n asequible y eficaz para garantizar un agua limpia en ba\u00f1eras de hidromasaje o piscinas de jard\u00edn peque\u00f1as de hasta 25 m\u00b3. Gracias a su facilidad de uso y excelente rendimiento de filtraci\u00f3n, este sistema hace que el mantenimiento del agua sea c\u00f3modo y sin complicaciones. Importante: no apto para uso invernal por riesgo de congelaci\u00f3n. Rango de funcionamiento: +5...+35 \u00b0C. La unidad debe vaciarse y almacenarse en un lugar seco. Para m\u00e1s informaci\u00f3n y asesoramiento, ponte en contacto con nuestros especialistas.  Con el sistema de filtraci\u00f3n, tambi\u00e9n recomendamos las bandejas de purificaci\u00f3n de agua CombiTab (800 g) y el dispensador de bandejas de purificaci\u00f3n de agua CombiTab.","og_url":"https:\/\/awero.ee\/es\/toode\/sistema-de-filtrado-de-agua-con-bolas-filtrantes\/","og_site_name":"Awero - S\u00fcdamega L\u00f5una-Eestist","article_modified_time":"2026-03-10T07:59:00+00:00","og_image":[{"width":1315,"height":1293,"url":"https:\/\/awero.ee\/wp-content\/uploads\/2024\/12\/Filtrisusteem-uus.jpg","type":"image\/jpeg"}],"twitter_card":"summary_large_image","twitter_misc":{"Tiempo de lectura":"2 minutos"},"schema":{"@context":"https:\/\/schema.org","@graph":[{"@type":"WebPage","@id":"https:\/\/awero.ee\/es\/toode\/sistema-de-filtrado-de-agua-con-bolas-filtrantes\/","url":"https:\/\/awero.ee\/es\/toode\/sistema-de-filtrado-de-agua-con-bolas-filtrantes\/","name":"Sistema de filtrado de agua con bolas filtrantes - Awero - S\u00fcdamega L\u00f5una-Eestist","isPartOf":{"@id":"https:\/\/awero.ee\/es\/#website"},"primaryImageOfPage":{"@id":"https:\/\/awero.ee\/es\/toode\/sistema-de-filtrado-de-agua-con-bolas-filtrantes\/#primaryimage"},"image":{"@id":"https:\/\/awero.ee\/es\/toode\/sistema-de-filtrado-de-agua-con-bolas-filtrantes\/#primaryimage"},"thumbnailUrl":"https:\/\/awero.ee\/wp-content\/uploads\/2024\/12\/Filtrisusteem-uus.jpg","datePublished":"2024-12-12T12:06:34+00:00","dateModified":"2026-03-10T07:59:00+00:00","breadcrumb":{"@id":"https:\/\/awero.ee\/es\/toode\/sistema-de-filtrado-de-agua-con-bolas-filtrantes\/#breadcrumb"},"inLanguage":"es","potentialAction":[{"@type":"ReadAction","target":["https:\/\/awero.ee\/es\/toode\/sistema-de-filtrado-de-agua-con-bolas-filtrantes\/"]}]},{"@type":"ImageObject","inLanguage":"es","@id":"https:\/\/awero.ee\/es\/toode\/sistema-de-filtrado-de-agua-con-bolas-filtrantes\/#primaryimage","url":"https:\/\/awero.ee\/wp-content\/uploads\/2024\/12\/Filtrisusteem-uus.jpg","contentUrl":"https:\/\/awero.ee\/wp-content\/uploads\/2024\/12\/Filtrisusteem-uus.jpg","width":1315,"height":1293},{"@type":"BreadcrumbList","@id":"https:\/\/awero.ee\/es\/toode\/sistema-de-filtrado-de-agua-con-bolas-filtrantes\/#breadcrumb","itemListElement":[{"@type":"ListItem","position":1,"name":"Home","item":"https:\/\/awero.ee\/es\/pagina-de-inicio\/"},{"@type":"ListItem","position":2,"name":"Pood","item":"https:\/\/awero.ee\/pood\/"},{"@type":"ListItem","position":3,"name":"Sistema de filtrado de agua con bolas filtrantes"}]},{"@type":"WebSite","@id":"https:\/\/awero.ee\/es\/#website","url":"https:\/\/awero.ee\/es\/","name":"Awero - S\u00fcdamega L\u00f5una Eestist","description":"","publisher":{"@id":"https:\/\/awero.ee\/es\/#organization"},"potentialAction":[{"@type":"SearchAction","target":{"@type":"EntryPoint","urlTemplate":"https:\/\/awero.ee\/es\/?s={search_term_string}"},"query-input":{"@type":"PropertyValueSpecification","valueRequired":true,"valueName":"search_term_string"}}],"inLanguage":"es"},{"@type":"Organization","@id":"https:\/\/awero.ee\/es\/#organization","name":"Awero - S\u00fcdamega L\u00f5una Eestist","url":"https:\/\/awero.ee\/es\/","logo":{"@type":"ImageObject","inLanguage":"es","@id":"https:\/\/awero.ee\/es\/#\/schema\/logo\/image\/","url":"https:\/\/awero.ee\/wp-content\/uploads\/2024\/07\/aweroplaceholder.jpg","contentUrl":"https:\/\/awero.ee\/wp-content\/uploads\/2024\/07\/aweroplaceholder.jpg","width":1250,"height":834,"caption":"Awero - S\u00fcdamega L\u00f5una Eestist"},"image":{"@id":"https:\/\/awero.ee\/es\/#\/schema\/logo\/image\/"}}]}},"_links":{"self":[{"href":"https:\/\/awero.ee\/es\/wp-json\/wp\/v2\/product\/9908","targetHints":{"allow":["GET"]}}],"collection":[{"href":"https:\/\/awero.ee\/es\/wp-json\/wp\/v2\/product"}],"about":[{"href":"https:\/\/awero.ee\/es\/wp-json\/wp\/v2\/types\/product"}],"wp:featuredmedia":[{"embeddable":true,"href":"https:\/\/awero.ee\/es\/wp-json\/wp\/v2\/media\/9686"}],"wp:attachment":[{"href":"https:\/\/awero.ee\/es\/wp-json\/wp\/v2\/media?parent=9908"}],"wp:term":[{"taxonomy":"product_brand","embeddable":true,"href":"https:\/\/awero.ee\/es\/wp-json\/wp\/v2\/product_brand?post=9908"},{"taxonomy":"product_cat","embeddable":true,"href":"https:\/\/awero.ee\/es\/wp-json\/wp\/v2\/product_cat?post=9908"},{"taxonomy":"product_tag","embeddable":true,"href":"https:\/\/awero.ee\/es\/wp-json\/wp\/v2\/product_tag?post=9908"}],"curies":[{"name":"wp","href":"https:\/\/api.w.org\/{rel}","templated":true}]}}