{"id":9907,"date":"2024-12-12T12:00:46","date_gmt":"2024-12-12T12:00:46","guid":{"rendered":"https:\/\/awero.ee\/toode\/reposacabezas\/"},"modified":"2026-03-10T07:59:00","modified_gmt":"2026-03-10T07:59:00","slug":"reposacabezas","status":"publish","type":"product","link":"https:\/\/awero.ee\/es\/toode\/reposacabezas\/","title":{"rendered":"Reposacabezas"},"content":{"rendered":"<p>El reposacabezas est\u00e1 fabricado con un material suave e impermeable que proporciona un c\u00f3modo soporte para la cabeza y el cuello. Su dise\u00f1o ergon\u00f3mico contribuye a aliviar la presi\u00f3n y la tensi\u00f3n, permiti\u00e9ndote disfrutar plenamente de la relajante experiencia que ofrece la ba\u00f1era n\u00f3rdica. Adem\u00e1s, el reposacabezas aporta un valor est\u00e9tico adicional a la ba\u00f1era n\u00f3rdica, creando un ambiente relajante y sofisticado. El reposacabezas se adhiere a la ba\u00f1era n\u00f3rdica mediante ventosas.   <\/p>\n<p><strong>Para m\u00e1s informaci\u00f3n:  <\/strong><\/p>\n<p>Es compatible con la mayor\u00eda de las ba\u00f1eras n\u00f3rdicas y es f\u00e1cil de instalar y retirar cuando sea necesario. El reposacabezas se limpia f\u00e1cilmente con agua y es apto tanto para uso en interiores como en exteriores. <\/p>\n","protected":false},"excerpt":{"rendered":"<p><strong>Precio con IVA incluido<\/strong><\/p>\n<p>El reposacabezas es un excelente accesorio para la ba\u00f1era n\u00f3rdica. Con este accesorio, la experiencia de ba\u00f1o resulta m\u00e1s relajante y placentera, y la ba\u00f1era n\u00f3rdica adquiere un toque de estilo. Tanto si se trata de una relajante velada al aire libre con amigos como de un momento privado a solas, este reposacabezas te ayudar\u00e1 a disfrutar m\u00e1s y con mayor comodidad de tu experiencia de ba\u00f1o.  <\/p>\n","protected":false},"featured_media":2237,"template":"","meta":{"_acf_changed":false},"product_brand":[],"product_cat":[1334],"product_tag":[1346],"class_list":{"0":"post-9907","1":"product","2":"type-product","3":"status-publish","4":"has-post-thumbnail","6":"product_cat-accesorios","7":"product_tag-etkumblustunni_lisad-es","9":"first","10":"instock","11":"shipping-taxable","12":"product-type-simple"},"acf":[],"yoast_head":"<!-- This site is optimized with the Yoast SEO plugin v27.5 - https:\/\/yoast.com\/product\/yoast-seo-wordpress\/ -->\n<title>Reposacabezas - Awero - S\u00fcdamega L\u00f5una-Eestist<\/title>\n<meta name=\"robots\" content=\"index, follow, max-snippet:-1, max-image-preview:large, max-video-preview:-1\" \/>\n<link rel=\"canonical\" href=\"https:\/\/awero.ee\/es\/toode\/reposacabezas\/\" \/>\n<meta property=\"og:locale\" content=\"es_ES\" \/>\n<meta property=\"og:type\" content=\"article\" \/>\n<meta property=\"og:title\" content=\"Reposacabezas - Awero - S\u00fcdamega L\u00f5una-Eestist\" \/>\n<meta property=\"og:description\" content=\"Precio con IVA incluido El reposacabezas es un excelente accesorio para la ba\u00f1era n\u00f3rdica. Con este accesorio, la experiencia de ba\u00f1o resulta m\u00e1s relajante y placentera, y la ba\u00f1era n\u00f3rdica adquiere un toque de estilo. Tanto si se trata de una relajante velada al aire libre con amigos como de un momento privado a solas, este reposacabezas te ayudar\u00e1 a disfrutar m\u00e1s y con mayor comodidad de tu experiencia de ba\u00f1o.\" \/>\n<meta property=\"og:url\" content=\"https:\/\/awero.ee\/es\/toode\/reposacabezas\/\" \/>\n<meta property=\"og:site_name\" content=\"Awero - S\u00fcdamega L\u00f5una-Eestist\" \/>\n<meta property=\"article:modified_time\" content=\"2026-03-10T07:59:00+00:00\" \/>\n<meta property=\"og:image\" content=\"https:\/\/awero.ee\/wp-content\/uploads\/2024\/12\/Peapadi.jpg\" \/>\n\t<meta property=\"og:image:width\" content=\"339\" \/>\n\t<meta property=\"og:image:height\" content=\"320\" \/>\n\t<meta property=\"og:image:type\" content=\"image\/jpeg\" \/>\n<meta name=\"twitter:card\" content=\"summary_large_image\" \/>\n<meta name=\"twitter:label1\" content=\"Tiempo de lectura\" \/>\n\t<meta name=\"twitter:data1\" content=\"1 minuto\" \/>\n<script type=\"application\/ld+json\" class=\"yoast-schema-graph\">{\"@context\":\"https:\\\/\\\/schema.org\",\"@graph\":[{\"@type\":\"WebPage\",\"@id\":\"https:\\\/\\\/awero.ee\\\/es\\\/toode\\\/reposacabezas\\\/\",\"url\":\"https:\\\/\\\/awero.ee\\\/es\\\/toode\\\/reposacabezas\\\/\",\"name\":\"Reposacabezas - Awero - S\u00fcdamega L\u00f5una-Eestist\",\"isPartOf\":{\"@id\":\"https:\\\/\\\/awero.ee\\\/es\\\/#website\"},\"primaryImageOfPage\":{\"@id\":\"https:\\\/\\\/awero.ee\\\/es\\\/toode\\\/reposacabezas\\\/#primaryimage\"},\"image\":{\"@id\":\"https:\\\/\\\/awero.ee\\\/es\\\/toode\\\/reposacabezas\\\/#primaryimage\"},\"thumbnailUrl\":\"https:\\\/\\\/awero.ee\\\/wp-content\\\/uploads\\\/2024\\\/12\\\/Peapadi.jpg\",\"datePublished\":\"2024-12-12T12:00:46+00:00\",\"dateModified\":\"2026-03-10T07:59:00+00:00\",\"breadcrumb\":{\"@id\":\"https:\\\/\\\/awero.ee\\\/es\\\/toode\\\/reposacabezas\\\/#breadcrumb\"},\"inLanguage\":\"es\",\"potentialAction\":[{\"@type\":\"ReadAction\",\"target\":[\"https:\\\/\\\/awero.ee\\\/es\\\/toode\\\/reposacabezas\\\/\"]}]},{\"@type\":\"ImageObject\",\"inLanguage\":\"es\",\"@id\":\"https:\\\/\\\/awero.ee\\\/es\\\/toode\\\/reposacabezas\\\/#primaryimage\",\"url\":\"https:\\\/\\\/awero.ee\\\/wp-content\\\/uploads\\\/2024\\\/12\\\/Peapadi.jpg\",\"contentUrl\":\"https:\\\/\\\/awero.ee\\\/wp-content\\\/uploads\\\/2024\\\/12\\\/Peapadi.jpg\",\"width\":339,\"height\":320},{\"@type\":\"BreadcrumbList\",\"@id\":\"https:\\\/\\\/awero.ee\\\/es\\\/toode\\\/reposacabezas\\\/#breadcrumb\",\"itemListElement\":[{\"@type\":\"ListItem\",\"position\":1,\"name\":\"Home\",\"item\":\"https:\\\/\\\/awero.ee\\\/es\\\/pagina-de-inicio\\\/\"},{\"@type\":\"ListItem\",\"position\":2,\"name\":\"Pood\",\"item\":\"https:\\\/\\\/awero.ee\\\/pood\\\/\"},{\"@type\":\"ListItem\",\"position\":3,\"name\":\"Reposacabezas\"}]},{\"@type\":\"WebSite\",\"@id\":\"https:\\\/\\\/awero.ee\\\/es\\\/#website\",\"url\":\"https:\\\/\\\/awero.ee\\\/es\\\/\",\"name\":\"Awero - S\u00fcdamega L\u00f5una Eestist\",\"description\":\"\",\"publisher\":{\"@id\":\"https:\\\/\\\/awero.ee\\\/es\\\/#organization\"},\"potentialAction\":[{\"@type\":\"SearchAction\",\"target\":{\"@type\":\"EntryPoint\",\"urlTemplate\":\"https:\\\/\\\/awero.ee\\\/es\\\/?s={search_term_string}\"},\"query-input\":{\"@type\":\"PropertyValueSpecification\",\"valueRequired\":true,\"valueName\":\"search_term_string\"}}],\"inLanguage\":\"es\"},{\"@type\":\"Organization\",\"@id\":\"https:\\\/\\\/awero.ee\\\/es\\\/#organization\",\"name\":\"Awero - S\u00fcdamega L\u00f5una Eestist\",\"url\":\"https:\\\/\\\/awero.ee\\\/es\\\/\",\"logo\":{\"@type\":\"ImageObject\",\"inLanguage\":\"es\",\"@id\":\"https:\\\/\\\/awero.ee\\\/es\\\/#\\\/schema\\\/logo\\\/image\\\/\",\"url\":\"https:\\\/\\\/awero.ee\\\/wp-content\\\/uploads\\\/2024\\\/07\\\/aweroplaceholder.jpg\",\"contentUrl\":\"https:\\\/\\\/awero.ee\\\/wp-content\\\/uploads\\\/2024\\\/07\\\/aweroplaceholder.jpg\",\"width\":1250,\"height\":834,\"caption\":\"Awero - S\u00fcdamega L\u00f5una Eestist\"},\"image\":{\"@id\":\"https:\\\/\\\/awero.ee\\\/es\\\/#\\\/schema\\\/logo\\\/image\\\/\"}}]}<\/script>\n<!-- \/ Yoast SEO plugin. -->","yoast_head_json":{"title":"Reposacabezas - Awero - S\u00fcdamega L\u00f5una-Eestist","robots":{"index":"index","follow":"follow","max-snippet":"max-snippet:-1","max-image-preview":"max-image-preview:large","max-video-preview":"max-video-preview:-1"},"canonical":"https:\/\/awero.ee\/es\/toode\/reposacabezas\/","og_locale":"es_ES","og_type":"article","og_title":"Reposacabezas - Awero - S\u00fcdamega L\u00f5una-Eestist","og_description":"Precio con IVA incluido El reposacabezas es un excelente accesorio para la ba\u00f1era n\u00f3rdica. Con este accesorio, la experiencia de ba\u00f1o resulta m\u00e1s relajante y placentera, y la ba\u00f1era n\u00f3rdica adquiere un toque de estilo. Tanto si se trata de una relajante velada al aire libre con amigos como de un momento privado a solas, este reposacabezas te ayudar\u00e1 a disfrutar m\u00e1s y con mayor comodidad de tu experiencia de ba\u00f1o.","og_url":"https:\/\/awero.ee\/es\/toode\/reposacabezas\/","og_site_name":"Awero - S\u00fcdamega L\u00f5una-Eestist","article_modified_time":"2026-03-10T07:59:00+00:00","og_image":[{"width":339,"height":320,"url":"https:\/\/awero.ee\/wp-content\/uploads\/2024\/12\/Peapadi.jpg","type":"image\/jpeg"}],"twitter_card":"summary_large_image","twitter_misc":{"Tiempo de lectura":"1 minuto"},"schema":{"@context":"https:\/\/schema.org","@graph":[{"@type":"WebPage","@id":"https:\/\/awero.ee\/es\/toode\/reposacabezas\/","url":"https:\/\/awero.ee\/es\/toode\/reposacabezas\/","name":"Reposacabezas - Awero - S\u00fcdamega L\u00f5una-Eestist","isPartOf":{"@id":"https:\/\/awero.ee\/es\/#website"},"primaryImageOfPage":{"@id":"https:\/\/awero.ee\/es\/toode\/reposacabezas\/#primaryimage"},"image":{"@id":"https:\/\/awero.ee\/es\/toode\/reposacabezas\/#primaryimage"},"thumbnailUrl":"https:\/\/awero.ee\/wp-content\/uploads\/2024\/12\/Peapadi.jpg","datePublished":"2024-12-12T12:00:46+00:00","dateModified":"2026-03-10T07:59:00+00:00","breadcrumb":{"@id":"https:\/\/awero.ee\/es\/toode\/reposacabezas\/#breadcrumb"},"inLanguage":"es","potentialAction":[{"@type":"ReadAction","target":["https:\/\/awero.ee\/es\/toode\/reposacabezas\/"]}]},{"@type":"ImageObject","inLanguage":"es","@id":"https:\/\/awero.ee\/es\/toode\/reposacabezas\/#primaryimage","url":"https:\/\/awero.ee\/wp-content\/uploads\/2024\/12\/Peapadi.jpg","contentUrl":"https:\/\/awero.ee\/wp-content\/uploads\/2024\/12\/Peapadi.jpg","width":339,"height":320},{"@type":"BreadcrumbList","@id":"https:\/\/awero.ee\/es\/toode\/reposacabezas\/#breadcrumb","itemListElement":[{"@type":"ListItem","position":1,"name":"Home","item":"https:\/\/awero.ee\/es\/pagina-de-inicio\/"},{"@type":"ListItem","position":2,"name":"Pood","item":"https:\/\/awero.ee\/pood\/"},{"@type":"ListItem","position":3,"name":"Reposacabezas"}]},{"@type":"WebSite","@id":"https:\/\/awero.ee\/es\/#website","url":"https:\/\/awero.ee\/es\/","name":"Awero - S\u00fcdamega L\u00f5una Eestist","description":"","publisher":{"@id":"https:\/\/awero.ee\/es\/#organization"},"potentialAction":[{"@type":"SearchAction","target":{"@type":"EntryPoint","urlTemplate":"https:\/\/awero.ee\/es\/?s={search_term_string}"},"query-input":{"@type":"PropertyValueSpecification","valueRequired":true,"valueName":"search_term_string"}}],"inLanguage":"es"},{"@type":"Organization","@id":"https:\/\/awero.ee\/es\/#organization","name":"Awero - S\u00fcdamega L\u00f5una Eestist","url":"https:\/\/awero.ee\/es\/","logo":{"@type":"ImageObject","inLanguage":"es","@id":"https:\/\/awero.ee\/es\/#\/schema\/logo\/image\/","url":"https:\/\/awero.ee\/wp-content\/uploads\/2024\/07\/aweroplaceholder.jpg","contentUrl":"https:\/\/awero.ee\/wp-content\/uploads\/2024\/07\/aweroplaceholder.jpg","width":1250,"height":834,"caption":"Awero - S\u00fcdamega L\u00f5una Eestist"},"image":{"@id":"https:\/\/awero.ee\/es\/#\/schema\/logo\/image\/"}}]}},"_links":{"self":[{"href":"https:\/\/awero.ee\/es\/wp-json\/wp\/v2\/product\/9907","targetHints":{"allow":["GET"]}}],"collection":[{"href":"https:\/\/awero.ee\/es\/wp-json\/wp\/v2\/product"}],"about":[{"href":"https:\/\/awero.ee\/es\/wp-json\/wp\/v2\/types\/product"}],"wp:featuredmedia":[{"embeddable":true,"href":"https:\/\/awero.ee\/es\/wp-json\/wp\/v2\/media\/2237"}],"wp:attachment":[{"href":"https:\/\/awero.ee\/es\/wp-json\/wp\/v2\/media?parent=9907"}],"wp:term":[{"taxonomy":"product_brand","embeddable":true,"href":"https:\/\/awero.ee\/es\/wp-json\/wp\/v2\/product_brand?post=9907"},{"taxonomy":"product_cat","embeddable":true,"href":"https:\/\/awero.ee\/es\/wp-json\/wp\/v2\/product_cat?post=9907"},{"taxonomy":"product_tag","embeddable":true,"href":"https:\/\/awero.ee\/es\/wp-json\/wp\/v2\/product_tag?post=9907"}],"curies":[{"name":"wp","href":"https:\/\/api.w.org\/{rel}","templated":true}]}}