{"id":9903,"date":"2024-12-12T12:00:46","date_gmt":"2024-12-12T12:00:46","guid":{"rendered":"https:\/\/awero.ee\/toode\/escalera-rectangular-de-dos-escalones-para-banera-nordica\/"},"modified":"2026-03-10T07:59:11","modified_gmt":"2026-03-10T07:59:11","slug":"escalera-rectangular-de-dos-escalones-para-banera-nordica","status":"publish","type":"product","link":"https:\/\/awero.ee\/es\/toode\/escalera-rectangular-de-dos-escalones-para-banera-nordica\/","title":{"rendered":"Escalera rectangular de dos escalones para ba\u00f1era n\u00f3rdica"},"content":{"rendered":"<p>La escalera consta de dos escalones de diferentes tama\u00f1os que se colocan uno encima del otro; en caso necesario, pueden fijarse entre s\u00ed.<\/p>\n<p><strong>Escal\u00f3n grande: <\/strong>835 mm (anchura) X 440 mm (profundidad) X 310 mm (altura)<\/p>\n<p><strong>Secci\u00f3n de escalera m\u00e1s peque\u00f1a: <\/strong>500 mm (anchura) X 285 mm (profundidad) X 310 mm (altura).<\/p>\n<p><strong>Para m\u00e1s informaci\u00f3n<\/strong><\/p>\n<p>Si la escalera no ha sido tratada, recomendamos pintarla o aplicarle un barniz especial para madera. Esto ayuda a mantener la madera en buen estado y la protege de la humedad y los rayos UV. Se recomienda barnizar o pintar la escalera una vez al a\u00f1o.   Limpia la escalera con regularidad con un cepillo suave o un pa\u00f1o para eliminar el polvo, la suciedad y otros residuos.<\/p>\n<p><strong>Nota:<\/strong> <strong>Dadas sus dimensiones, el producto no puede enviarse a una taquilla de paqueter\u00eda.<\/strong> La escalera se puede enviar por mensajer\u00eda. Antes de realizar el pedido, ponte en contacto con nuestro especialista de ventas.<\/p>\n","protected":false},"excerpt":{"rendered":"<p><strong>Precio con IVA incluido<\/strong><\/p>\n<p>La escalera para ba\u00f1era n\u00f3rdica facilita y hace m\u00e1s seguro el acceso y la salida de la ba\u00f1era. Nuestra escalera para ba\u00f1era n\u00f3rdica est\u00e1 fabricada con madera termotratada de gran resistencia y durabilidad. Adquiere tu escalera y da un paso m\u00e1s hacia el para\u00edso de las ba\u00f1eras n\u00f3rdicas.  <\/p>\n","protected":false},"featured_media":2642,"template":"","meta":{"_acf_changed":false},"product_brand":[],"product_cat":[1334],"product_tag":[1346],"class_list":{"0":"post-9903","1":"product","2":"type-product","3":"status-publish","4":"has-post-thumbnail","6":"product_cat-accesorios","7":"product_tag-etkumblustunni_lisad-es","9":"first","10":"instock","11":"shipping-taxable","12":"product-type-variable"},"acf":[],"yoast_head":"<!-- This site is optimized with the Yoast SEO plugin v27.5 - https:\/\/yoast.com\/product\/yoast-seo-wordpress\/ -->\n<title>Escalera rectangular de dos escalones para ba\u00f1era n\u00f3rdica - Awero - S\u00fcdamega L\u00f5una-Eestist<\/title>\n<meta name=\"robots\" content=\"index, follow, max-snippet:-1, max-image-preview:large, max-video-preview:-1\" \/>\n<link rel=\"canonical\" href=\"https:\/\/awero.ee\/es\/toode\/escalera-rectangular-de-dos-escalones-para-banera-nordica\/\" \/>\n<meta property=\"og:locale\" content=\"es_ES\" \/>\n<meta property=\"og:type\" content=\"article\" \/>\n<meta property=\"og:title\" content=\"Escalera rectangular de dos escalones para ba\u00f1era n\u00f3rdica - Awero - S\u00fcdamega L\u00f5una-Eestist\" \/>\n<meta property=\"og:description\" content=\"Precio con IVA incluido La escalera para ba\u00f1era n\u00f3rdica facilita y hace m\u00e1s seguro el acceso y la salida de la ba\u00f1era. Nuestra escalera para ba\u00f1era n\u00f3rdica est\u00e1 fabricada con madera termotratada de gran resistencia y durabilidad. Adquiere tu escalera y da un paso m\u00e1s hacia el para\u00edso de las ba\u00f1eras n\u00f3rdicas.\" \/>\n<meta property=\"og:url\" content=\"https:\/\/awero.ee\/es\/toode\/escalera-rectangular-de-dos-escalones-para-banera-nordica\/\" \/>\n<meta property=\"og:site_name\" content=\"Awero - S\u00fcdamega L\u00f5una-Eestist\" \/>\n<meta property=\"article:modified_time\" content=\"2026-03-10T07:59:11+00:00\" \/>\n<meta property=\"og:image\" content=\"https:\/\/awero.ee\/wp-content\/uploads\/2024\/12\/Trepp_1_w.png\" \/>\n\t<meta property=\"og:image:width\" content=\"1076\" \/>\n\t<meta property=\"og:image:height\" content=\"718\" \/>\n\t<meta property=\"og:image:type\" content=\"image\/png\" \/>\n<meta name=\"twitter:card\" content=\"summary_large_image\" \/>\n<meta name=\"twitter:label1\" content=\"Tiempo de lectura\" \/>\n\t<meta name=\"twitter:data1\" content=\"1 minuto\" \/>\n<script type=\"application\/ld+json\" class=\"yoast-schema-graph\">{\"@context\":\"https:\\\/\\\/schema.org\",\"@graph\":[{\"@type\":\"WebPage\",\"@id\":\"https:\\\/\\\/awero.ee\\\/es\\\/toode\\\/escalera-rectangular-de-dos-escalones-para-banera-nordica\\\/\",\"url\":\"https:\\\/\\\/awero.ee\\\/es\\\/toode\\\/escalera-rectangular-de-dos-escalones-para-banera-nordica\\\/\",\"name\":\"Escalera rectangular de dos escalones para ba\u00f1era n\u00f3rdica - Awero - S\u00fcdamega L\u00f5una-Eestist\",\"isPartOf\":{\"@id\":\"https:\\\/\\\/awero.ee\\\/es\\\/#website\"},\"primaryImageOfPage\":{\"@id\":\"https:\\\/\\\/awero.ee\\\/es\\\/toode\\\/escalera-rectangular-de-dos-escalones-para-banera-nordica\\\/#primaryimage\"},\"image\":{\"@id\":\"https:\\\/\\\/awero.ee\\\/es\\\/toode\\\/escalera-rectangular-de-dos-escalones-para-banera-nordica\\\/#primaryimage\"},\"thumbnailUrl\":\"https:\\\/\\\/awero.ee\\\/wp-content\\\/uploads\\\/2024\\\/12\\\/Trepp_1_w.png\",\"datePublished\":\"2024-12-12T12:00:46+00:00\",\"dateModified\":\"2026-03-10T07:59:11+00:00\",\"breadcrumb\":{\"@id\":\"https:\\\/\\\/awero.ee\\\/es\\\/toode\\\/escalera-rectangular-de-dos-escalones-para-banera-nordica\\\/#breadcrumb\"},\"inLanguage\":\"es\",\"potentialAction\":[{\"@type\":\"ReadAction\",\"target\":[\"https:\\\/\\\/awero.ee\\\/es\\\/toode\\\/escalera-rectangular-de-dos-escalones-para-banera-nordica\\\/\"]}]},{\"@type\":\"ImageObject\",\"inLanguage\":\"es\",\"@id\":\"https:\\\/\\\/awero.ee\\\/es\\\/toode\\\/escalera-rectangular-de-dos-escalones-para-banera-nordica\\\/#primaryimage\",\"url\":\"https:\\\/\\\/awero.ee\\\/wp-content\\\/uploads\\\/2024\\\/12\\\/Trepp_1_w.png\",\"contentUrl\":\"https:\\\/\\\/awero.ee\\\/wp-content\\\/uploads\\\/2024\\\/12\\\/Trepp_1_w.png\",\"width\":1076,\"height\":718},{\"@type\":\"BreadcrumbList\",\"@id\":\"https:\\\/\\\/awero.ee\\\/es\\\/toode\\\/escalera-rectangular-de-dos-escalones-para-banera-nordica\\\/#breadcrumb\",\"itemListElement\":[{\"@type\":\"ListItem\",\"position\":1,\"name\":\"Home\",\"item\":\"https:\\\/\\\/awero.ee\\\/es\\\/pagina-de-inicio\\\/\"},{\"@type\":\"ListItem\",\"position\":2,\"name\":\"Pood\",\"item\":\"https:\\\/\\\/awero.ee\\\/pood\\\/\"},{\"@type\":\"ListItem\",\"position\":3,\"name\":\"Escalera rectangular de dos escalones para ba\u00f1era n\u00f3rdica\"}]},{\"@type\":\"WebSite\",\"@id\":\"https:\\\/\\\/awero.ee\\\/es\\\/#website\",\"url\":\"https:\\\/\\\/awero.ee\\\/es\\\/\",\"name\":\"Awero - S\u00fcdamega L\u00f5una Eestist\",\"description\":\"\",\"publisher\":{\"@id\":\"https:\\\/\\\/awero.ee\\\/es\\\/#organization\"},\"potentialAction\":[{\"@type\":\"SearchAction\",\"target\":{\"@type\":\"EntryPoint\",\"urlTemplate\":\"https:\\\/\\\/awero.ee\\\/es\\\/?s={search_term_string}\"},\"query-input\":{\"@type\":\"PropertyValueSpecification\",\"valueRequired\":true,\"valueName\":\"search_term_string\"}}],\"inLanguage\":\"es\"},{\"@type\":\"Organization\",\"@id\":\"https:\\\/\\\/awero.ee\\\/es\\\/#organization\",\"name\":\"Awero - S\u00fcdamega L\u00f5una Eestist\",\"url\":\"https:\\\/\\\/awero.ee\\\/es\\\/\",\"logo\":{\"@type\":\"ImageObject\",\"inLanguage\":\"es\",\"@id\":\"https:\\\/\\\/awero.ee\\\/es\\\/#\\\/schema\\\/logo\\\/image\\\/\",\"url\":\"https:\\\/\\\/awero.ee\\\/wp-content\\\/uploads\\\/2024\\\/07\\\/aweroplaceholder.jpg\",\"contentUrl\":\"https:\\\/\\\/awero.ee\\\/wp-content\\\/uploads\\\/2024\\\/07\\\/aweroplaceholder.jpg\",\"width\":1250,\"height\":834,\"caption\":\"Awero - S\u00fcdamega L\u00f5una Eestist\"},\"image\":{\"@id\":\"https:\\\/\\\/awero.ee\\\/es\\\/#\\\/schema\\\/logo\\\/image\\\/\"}}]}<\/script>\n<!-- \/ Yoast SEO plugin. -->","yoast_head_json":{"title":"Escalera rectangular de dos escalones para ba\u00f1era n\u00f3rdica - Awero - S\u00fcdamega L\u00f5una-Eestist","robots":{"index":"index","follow":"follow","max-snippet":"max-snippet:-1","max-image-preview":"max-image-preview:large","max-video-preview":"max-video-preview:-1"},"canonical":"https:\/\/awero.ee\/es\/toode\/escalera-rectangular-de-dos-escalones-para-banera-nordica\/","og_locale":"es_ES","og_type":"article","og_title":"Escalera rectangular de dos escalones para ba\u00f1era n\u00f3rdica - Awero - S\u00fcdamega L\u00f5una-Eestist","og_description":"Precio con IVA incluido La escalera para ba\u00f1era n\u00f3rdica facilita y hace m\u00e1s seguro el acceso y la salida de la ba\u00f1era. Nuestra escalera para ba\u00f1era n\u00f3rdica est\u00e1 fabricada con madera termotratada de gran resistencia y durabilidad. Adquiere tu escalera y da un paso m\u00e1s hacia el para\u00edso de las ba\u00f1eras n\u00f3rdicas.","og_url":"https:\/\/awero.ee\/es\/toode\/escalera-rectangular-de-dos-escalones-para-banera-nordica\/","og_site_name":"Awero - S\u00fcdamega L\u00f5una-Eestist","article_modified_time":"2026-03-10T07:59:11+00:00","og_image":[{"width":1076,"height":718,"url":"https:\/\/awero.ee\/wp-content\/uploads\/2024\/12\/Trepp_1_w.png","type":"image\/png"}],"twitter_card":"summary_large_image","twitter_misc":{"Tiempo de lectura":"1 minuto"},"schema":{"@context":"https:\/\/schema.org","@graph":[{"@type":"WebPage","@id":"https:\/\/awero.ee\/es\/toode\/escalera-rectangular-de-dos-escalones-para-banera-nordica\/","url":"https:\/\/awero.ee\/es\/toode\/escalera-rectangular-de-dos-escalones-para-banera-nordica\/","name":"Escalera rectangular de dos escalones para ba\u00f1era n\u00f3rdica - Awero - S\u00fcdamega L\u00f5una-Eestist","isPartOf":{"@id":"https:\/\/awero.ee\/es\/#website"},"primaryImageOfPage":{"@id":"https:\/\/awero.ee\/es\/toode\/escalera-rectangular-de-dos-escalones-para-banera-nordica\/#primaryimage"},"image":{"@id":"https:\/\/awero.ee\/es\/toode\/escalera-rectangular-de-dos-escalones-para-banera-nordica\/#primaryimage"},"thumbnailUrl":"https:\/\/awero.ee\/wp-content\/uploads\/2024\/12\/Trepp_1_w.png","datePublished":"2024-12-12T12:00:46+00:00","dateModified":"2026-03-10T07:59:11+00:00","breadcrumb":{"@id":"https:\/\/awero.ee\/es\/toode\/escalera-rectangular-de-dos-escalones-para-banera-nordica\/#breadcrumb"},"inLanguage":"es","potentialAction":[{"@type":"ReadAction","target":["https:\/\/awero.ee\/es\/toode\/escalera-rectangular-de-dos-escalones-para-banera-nordica\/"]}]},{"@type":"ImageObject","inLanguage":"es","@id":"https:\/\/awero.ee\/es\/toode\/escalera-rectangular-de-dos-escalones-para-banera-nordica\/#primaryimage","url":"https:\/\/awero.ee\/wp-content\/uploads\/2024\/12\/Trepp_1_w.png","contentUrl":"https:\/\/awero.ee\/wp-content\/uploads\/2024\/12\/Trepp_1_w.png","width":1076,"height":718},{"@type":"BreadcrumbList","@id":"https:\/\/awero.ee\/es\/toode\/escalera-rectangular-de-dos-escalones-para-banera-nordica\/#breadcrumb","itemListElement":[{"@type":"ListItem","position":1,"name":"Home","item":"https:\/\/awero.ee\/es\/pagina-de-inicio\/"},{"@type":"ListItem","position":2,"name":"Pood","item":"https:\/\/awero.ee\/pood\/"},{"@type":"ListItem","position":3,"name":"Escalera rectangular de dos escalones para ba\u00f1era n\u00f3rdica"}]},{"@type":"WebSite","@id":"https:\/\/awero.ee\/es\/#website","url":"https:\/\/awero.ee\/es\/","name":"Awero - S\u00fcdamega L\u00f5una Eestist","description":"","publisher":{"@id":"https:\/\/awero.ee\/es\/#organization"},"potentialAction":[{"@type":"SearchAction","target":{"@type":"EntryPoint","urlTemplate":"https:\/\/awero.ee\/es\/?s={search_term_string}"},"query-input":{"@type":"PropertyValueSpecification","valueRequired":true,"valueName":"search_term_string"}}],"inLanguage":"es"},{"@type":"Organization","@id":"https:\/\/awero.ee\/es\/#organization","name":"Awero - S\u00fcdamega L\u00f5una Eestist","url":"https:\/\/awero.ee\/es\/","logo":{"@type":"ImageObject","inLanguage":"es","@id":"https:\/\/awero.ee\/es\/#\/schema\/logo\/image\/","url":"https:\/\/awero.ee\/wp-content\/uploads\/2024\/07\/aweroplaceholder.jpg","contentUrl":"https:\/\/awero.ee\/wp-content\/uploads\/2024\/07\/aweroplaceholder.jpg","width":1250,"height":834,"caption":"Awero - S\u00fcdamega L\u00f5una Eestist"},"image":{"@id":"https:\/\/awero.ee\/es\/#\/schema\/logo\/image\/"}}]}},"_links":{"self":[{"href":"https:\/\/awero.ee\/es\/wp-json\/wp\/v2\/product\/9903","targetHints":{"allow":["GET"]}}],"collection":[{"href":"https:\/\/awero.ee\/es\/wp-json\/wp\/v2\/product"}],"about":[{"href":"https:\/\/awero.ee\/es\/wp-json\/wp\/v2\/types\/product"}],"wp:featuredmedia":[{"embeddable":true,"href":"https:\/\/awero.ee\/es\/wp-json\/wp\/v2\/media\/2642"}],"wp:attachment":[{"href":"https:\/\/awero.ee\/es\/wp-json\/wp\/v2\/media?parent=9903"}],"wp:term":[{"taxonomy":"product_brand","embeddable":true,"href":"https:\/\/awero.ee\/es\/wp-json\/wp\/v2\/product_brand?post=9903"},{"taxonomy":"product_cat","embeddable":true,"href":"https:\/\/awero.ee\/es\/wp-json\/wp\/v2\/product_cat?post=9903"},{"taxonomy":"product_tag","embeddable":true,"href":"https:\/\/awero.ee\/es\/wp-json\/wp\/v2\/product_tag?post=9903"}],"curies":[{"name":"wp","href":"https:\/\/api.w.org\/{rel}","templated":true}]}}