{"id":9883,"date":"2024-12-12T12:00:46","date_gmt":"2024-12-12T12:00:46","guid":{"rendered":"https:\/\/awero.ee\/toode\/equipo-de-sonido-marine-para-banera-nordica-y-sauna\/"},"modified":"2026-03-10T07:59:11","modified_gmt":"2026-03-10T07:59:11","slug":"equipo-de-sonido-marine-para-banera-nordica-y-sauna","status":"publish","type":"product","link":"https:\/\/awero.ee\/es\/toode\/equipo-de-sonido-marine-para-banera-nordica-y-sauna\/","title":{"rendered":"Equipo de sonido Marine para ba\u00f1era n\u00f3rdica y sauna"},"content":{"rendered":"<p>El equipo de sonido Marine incluye una serie de funciones pensadas para disfrutar m\u00e1s de la m\u00fasica. Gracias a la conexi\u00f3n<em> Bluetooth<\/em>, podr\u00e1s seleccionar tu m\u00fasica favorita desde tus dispositivos inteligentes. La radio integrada te permite escuchar tus programas favoritos o descubrir nuevas emisoras de m\u00fasica. Dispone adem\u00e1s de una entrada AUX que permite conectar diferentes fuentes de sonido, como reproductores MP3 u otros dispositivos de audio. El equipo incluye dos altavoces, antena, entrada AUX y radio integrada y conexi\u00f3n<em> Bluetooth<\/em>.   <\/p>\n<p>El equipo de sonido est\u00e1 dise\u00f1ado para su uso en entornos h\u00famedos.<\/p>\n","protected":false},"excerpt":{"rendered":"<p><strong>Precio con IVA incluido. <\/strong><\/p>\n<p>El equipo de sonido Marine es una excelente opci\u00f3n para aquellos que, adem\u00e1s de disfrutar de un ba\u00f1o, desean entretenerse escuchando m\u00fasica mientras se relajan en la ba\u00f1era.<\/p>\n","protected":false},"featured_media":9257,"template":"","meta":{"_acf_changed":false},"product_brand":[],"product_cat":[1334],"product_tag":[],"class_list":{"0":"post-9883","1":"product","2":"type-product","3":"status-publish","4":"has-post-thumbnail","6":"product_cat-accesorios","8":"first","9":"instock","10":"shipping-taxable","11":"product-type-variable"},"acf":[],"yoast_head":"<!-- This site is optimized with the Yoast SEO plugin v27.5 - https:\/\/yoast.com\/product\/yoast-seo-wordpress\/ -->\n<title>Equipo de sonido Marine para ba\u00f1era n\u00f3rdica y sauna - Awero - S\u00fcdamega L\u00f5una-Eestist<\/title>\n<meta name=\"robots\" content=\"index, follow, max-snippet:-1, max-image-preview:large, max-video-preview:-1\" \/>\n<link rel=\"canonical\" href=\"https:\/\/awero.ee\/es\/toode\/equipo-de-sonido-marine-para-banera-nordica-y-sauna\/\" \/>\n<meta property=\"og:locale\" content=\"es_ES\" \/>\n<meta property=\"og:type\" content=\"article\" \/>\n<meta property=\"og:title\" content=\"Equipo de sonido Marine para ba\u00f1era n\u00f3rdica y sauna - Awero - S\u00fcdamega L\u00f5una-Eestist\" \/>\n<meta property=\"og:description\" content=\"Precio con IVA incluido.  El equipo de sonido Marine es una excelente opci\u00f3n para aquellos que, adem\u00e1s de disfrutar de un ba\u00f1o, desean entretenerse escuchando m\u00fasica mientras se relajan en la ba\u00f1era.\" \/>\n<meta property=\"og:url\" content=\"https:\/\/awero.ee\/es\/toode\/equipo-de-sonido-marine-para-banera-nordica-y-sauna\/\" \/>\n<meta property=\"og:site_name\" content=\"Awero - S\u00fcdamega L\u00f5una-Eestist\" \/>\n<meta property=\"article:modified_time\" content=\"2026-03-10T07:59:11+00:00\" \/>\n<meta property=\"og:image\" content=\"https:\/\/awero.ee\/wp-content\/uploads\/2024\/12\/Stereo-vaike-GR304.jpg\" \/>\n\t<meta property=\"og:image:width\" content=\"762\" \/>\n\t<meta property=\"og:image:height\" content=\"762\" \/>\n\t<meta property=\"og:image:type\" content=\"image\/jpeg\" \/>\n<meta name=\"twitter:card\" content=\"summary_large_image\" \/>\n<meta name=\"twitter:label1\" content=\"Tiempo de lectura\" \/>\n\t<meta name=\"twitter:data1\" content=\"1 minuto\" \/>\n<script type=\"application\/ld+json\" class=\"yoast-schema-graph\">{\"@context\":\"https:\\\/\\\/schema.org\",\"@graph\":[{\"@type\":\"WebPage\",\"@id\":\"https:\\\/\\\/awero.ee\\\/es\\\/toode\\\/equipo-de-sonido-marine-para-banera-nordica-y-sauna\\\/\",\"url\":\"https:\\\/\\\/awero.ee\\\/es\\\/toode\\\/equipo-de-sonido-marine-para-banera-nordica-y-sauna\\\/\",\"name\":\"Equipo de sonido Marine para ba\u00f1era n\u00f3rdica y sauna - Awero - S\u00fcdamega L\u00f5una-Eestist\",\"isPartOf\":{\"@id\":\"https:\\\/\\\/awero.ee\\\/es\\\/#website\"},\"primaryImageOfPage\":{\"@id\":\"https:\\\/\\\/awero.ee\\\/es\\\/toode\\\/equipo-de-sonido-marine-para-banera-nordica-y-sauna\\\/#primaryimage\"},\"image\":{\"@id\":\"https:\\\/\\\/awero.ee\\\/es\\\/toode\\\/equipo-de-sonido-marine-para-banera-nordica-y-sauna\\\/#primaryimage\"},\"thumbnailUrl\":\"https:\\\/\\\/awero.ee\\\/wp-content\\\/uploads\\\/2024\\\/12\\\/Stereo-vaike-GR304.jpg\",\"datePublished\":\"2024-12-12T12:00:46+00:00\",\"dateModified\":\"2026-03-10T07:59:11+00:00\",\"breadcrumb\":{\"@id\":\"https:\\\/\\\/awero.ee\\\/es\\\/toode\\\/equipo-de-sonido-marine-para-banera-nordica-y-sauna\\\/#breadcrumb\"},\"inLanguage\":\"es\",\"potentialAction\":[{\"@type\":\"ReadAction\",\"target\":[\"https:\\\/\\\/awero.ee\\\/es\\\/toode\\\/equipo-de-sonido-marine-para-banera-nordica-y-sauna\\\/\"]}]},{\"@type\":\"ImageObject\",\"inLanguage\":\"es\",\"@id\":\"https:\\\/\\\/awero.ee\\\/es\\\/toode\\\/equipo-de-sonido-marine-para-banera-nordica-y-sauna\\\/#primaryimage\",\"url\":\"https:\\\/\\\/awero.ee\\\/wp-content\\\/uploads\\\/2024\\\/12\\\/Stereo-vaike-GR304.jpg\",\"contentUrl\":\"https:\\\/\\\/awero.ee\\\/wp-content\\\/uploads\\\/2024\\\/12\\\/Stereo-vaike-GR304.jpg\",\"width\":762,\"height\":762},{\"@type\":\"BreadcrumbList\",\"@id\":\"https:\\\/\\\/awero.ee\\\/es\\\/toode\\\/equipo-de-sonido-marine-para-banera-nordica-y-sauna\\\/#breadcrumb\",\"itemListElement\":[{\"@type\":\"ListItem\",\"position\":1,\"name\":\"Home\",\"item\":\"https:\\\/\\\/awero.ee\\\/es\\\/pagina-de-inicio\\\/\"},{\"@type\":\"ListItem\",\"position\":2,\"name\":\"Pood\",\"item\":\"https:\\\/\\\/awero.ee\\\/pood\\\/\"},{\"@type\":\"ListItem\",\"position\":3,\"name\":\"Equipo de sonido Marine para ba\u00f1era n\u00f3rdica y sauna\"}]},{\"@type\":\"WebSite\",\"@id\":\"https:\\\/\\\/awero.ee\\\/es\\\/#website\",\"url\":\"https:\\\/\\\/awero.ee\\\/es\\\/\",\"name\":\"Awero - S\u00fcdamega L\u00f5una Eestist\",\"description\":\"\",\"publisher\":{\"@id\":\"https:\\\/\\\/awero.ee\\\/es\\\/#organization\"},\"potentialAction\":[{\"@type\":\"SearchAction\",\"target\":{\"@type\":\"EntryPoint\",\"urlTemplate\":\"https:\\\/\\\/awero.ee\\\/es\\\/?s={search_term_string}\"},\"query-input\":{\"@type\":\"PropertyValueSpecification\",\"valueRequired\":true,\"valueName\":\"search_term_string\"}}],\"inLanguage\":\"es\"},{\"@type\":\"Organization\",\"@id\":\"https:\\\/\\\/awero.ee\\\/es\\\/#organization\",\"name\":\"Awero - S\u00fcdamega L\u00f5una Eestist\",\"url\":\"https:\\\/\\\/awero.ee\\\/es\\\/\",\"logo\":{\"@type\":\"ImageObject\",\"inLanguage\":\"es\",\"@id\":\"https:\\\/\\\/awero.ee\\\/es\\\/#\\\/schema\\\/logo\\\/image\\\/\",\"url\":\"https:\\\/\\\/awero.ee\\\/wp-content\\\/uploads\\\/2024\\\/07\\\/aweroplaceholder.jpg\",\"contentUrl\":\"https:\\\/\\\/awero.ee\\\/wp-content\\\/uploads\\\/2024\\\/07\\\/aweroplaceholder.jpg\",\"width\":1250,\"height\":834,\"caption\":\"Awero - S\u00fcdamega L\u00f5una Eestist\"},\"image\":{\"@id\":\"https:\\\/\\\/awero.ee\\\/es\\\/#\\\/schema\\\/logo\\\/image\\\/\"}}]}<\/script>\n<!-- \/ Yoast SEO plugin. -->","yoast_head_json":{"title":"Equipo de sonido Marine para ba\u00f1era n\u00f3rdica y sauna - Awero - S\u00fcdamega L\u00f5una-Eestist","robots":{"index":"index","follow":"follow","max-snippet":"max-snippet:-1","max-image-preview":"max-image-preview:large","max-video-preview":"max-video-preview:-1"},"canonical":"https:\/\/awero.ee\/es\/toode\/equipo-de-sonido-marine-para-banera-nordica-y-sauna\/","og_locale":"es_ES","og_type":"article","og_title":"Equipo de sonido Marine para ba\u00f1era n\u00f3rdica y sauna - Awero - S\u00fcdamega L\u00f5una-Eestist","og_description":"Precio con IVA incluido.  El equipo de sonido Marine es una excelente opci\u00f3n para aquellos que, adem\u00e1s de disfrutar de un ba\u00f1o, desean entretenerse escuchando m\u00fasica mientras se relajan en la ba\u00f1era.","og_url":"https:\/\/awero.ee\/es\/toode\/equipo-de-sonido-marine-para-banera-nordica-y-sauna\/","og_site_name":"Awero - S\u00fcdamega L\u00f5una-Eestist","article_modified_time":"2026-03-10T07:59:11+00:00","og_image":[{"width":762,"height":762,"url":"https:\/\/awero.ee\/wp-content\/uploads\/2024\/12\/Stereo-vaike-GR304.jpg","type":"image\/jpeg"}],"twitter_card":"summary_large_image","twitter_misc":{"Tiempo de lectura":"1 minuto"},"schema":{"@context":"https:\/\/schema.org","@graph":[{"@type":"WebPage","@id":"https:\/\/awero.ee\/es\/toode\/equipo-de-sonido-marine-para-banera-nordica-y-sauna\/","url":"https:\/\/awero.ee\/es\/toode\/equipo-de-sonido-marine-para-banera-nordica-y-sauna\/","name":"Equipo de sonido Marine para ba\u00f1era n\u00f3rdica y sauna - Awero - S\u00fcdamega L\u00f5una-Eestist","isPartOf":{"@id":"https:\/\/awero.ee\/es\/#website"},"primaryImageOfPage":{"@id":"https:\/\/awero.ee\/es\/toode\/equipo-de-sonido-marine-para-banera-nordica-y-sauna\/#primaryimage"},"image":{"@id":"https:\/\/awero.ee\/es\/toode\/equipo-de-sonido-marine-para-banera-nordica-y-sauna\/#primaryimage"},"thumbnailUrl":"https:\/\/awero.ee\/wp-content\/uploads\/2024\/12\/Stereo-vaike-GR304.jpg","datePublished":"2024-12-12T12:00:46+00:00","dateModified":"2026-03-10T07:59:11+00:00","breadcrumb":{"@id":"https:\/\/awero.ee\/es\/toode\/equipo-de-sonido-marine-para-banera-nordica-y-sauna\/#breadcrumb"},"inLanguage":"es","potentialAction":[{"@type":"ReadAction","target":["https:\/\/awero.ee\/es\/toode\/equipo-de-sonido-marine-para-banera-nordica-y-sauna\/"]}]},{"@type":"ImageObject","inLanguage":"es","@id":"https:\/\/awero.ee\/es\/toode\/equipo-de-sonido-marine-para-banera-nordica-y-sauna\/#primaryimage","url":"https:\/\/awero.ee\/wp-content\/uploads\/2024\/12\/Stereo-vaike-GR304.jpg","contentUrl":"https:\/\/awero.ee\/wp-content\/uploads\/2024\/12\/Stereo-vaike-GR304.jpg","width":762,"height":762},{"@type":"BreadcrumbList","@id":"https:\/\/awero.ee\/es\/toode\/equipo-de-sonido-marine-para-banera-nordica-y-sauna\/#breadcrumb","itemListElement":[{"@type":"ListItem","position":1,"name":"Home","item":"https:\/\/awero.ee\/es\/pagina-de-inicio\/"},{"@type":"ListItem","position":2,"name":"Pood","item":"https:\/\/awero.ee\/pood\/"},{"@type":"ListItem","position":3,"name":"Equipo de sonido Marine para ba\u00f1era n\u00f3rdica y sauna"}]},{"@type":"WebSite","@id":"https:\/\/awero.ee\/es\/#website","url":"https:\/\/awero.ee\/es\/","name":"Awero - S\u00fcdamega L\u00f5una Eestist","description":"","publisher":{"@id":"https:\/\/awero.ee\/es\/#organization"},"potentialAction":[{"@type":"SearchAction","target":{"@type":"EntryPoint","urlTemplate":"https:\/\/awero.ee\/es\/?s={search_term_string}"},"query-input":{"@type":"PropertyValueSpecification","valueRequired":true,"valueName":"search_term_string"}}],"inLanguage":"es"},{"@type":"Organization","@id":"https:\/\/awero.ee\/es\/#organization","name":"Awero - S\u00fcdamega L\u00f5una Eestist","url":"https:\/\/awero.ee\/es\/","logo":{"@type":"ImageObject","inLanguage":"es","@id":"https:\/\/awero.ee\/es\/#\/schema\/logo\/image\/","url":"https:\/\/awero.ee\/wp-content\/uploads\/2024\/07\/aweroplaceholder.jpg","contentUrl":"https:\/\/awero.ee\/wp-content\/uploads\/2024\/07\/aweroplaceholder.jpg","width":1250,"height":834,"caption":"Awero - S\u00fcdamega L\u00f5una Eestist"},"image":{"@id":"https:\/\/awero.ee\/es\/#\/schema\/logo\/image\/"}}]}},"_links":{"self":[{"href":"https:\/\/awero.ee\/es\/wp-json\/wp\/v2\/product\/9883","targetHints":{"allow":["GET"]}}],"collection":[{"href":"https:\/\/awero.ee\/es\/wp-json\/wp\/v2\/product"}],"about":[{"href":"https:\/\/awero.ee\/es\/wp-json\/wp\/v2\/types\/product"}],"wp:featuredmedia":[{"embeddable":true,"href":"https:\/\/awero.ee\/es\/wp-json\/wp\/v2\/media\/9257"}],"wp:attachment":[{"href":"https:\/\/awero.ee\/es\/wp-json\/wp\/v2\/media?parent=9883"}],"wp:term":[{"taxonomy":"product_brand","embeddable":true,"href":"https:\/\/awero.ee\/es\/wp-json\/wp\/v2\/product_brand?post=9883"},{"taxonomy":"product_cat","embeddable":true,"href":"https:\/\/awero.ee\/es\/wp-json\/wp\/v2\/product_cat?post=9883"},{"taxonomy":"product_tag","embeddable":true,"href":"https:\/\/awero.ee\/es\/wp-json\/wp\/v2\/product_tag?post=9883"}],"curies":[{"name":"wp","href":"https:\/\/api.w.org\/{rel}","templated":true}]}}