{"id":9879,"date":"2024-12-12T12:00:46","date_gmt":"2024-12-12T12:00:46","guid":{"rendered":"https:\/\/awero.ee\/toode\/portavasos-de-hierro-forjado-para-3-bebidas\/"},"modified":"2026-05-07T18:08:38","modified_gmt":"2026-05-07T18:08:38","slug":"portavasos-de-hierro-forjado-para-3-bebidas","status":"publish","type":"product","link":"https:\/\/awero.ee\/es\/toode\/portavasos-de-hierro-forjado-para-3-bebidas\/","title":{"rendered":"Portavasos de hierro forjado para 3 bebidas"},"content":{"rendered":"<p>El portavasos de hierro forjado a\u00f1ade un toque de estilo y elegancia atemporal a la ba\u00f1era n\u00f3rdica. Este elegante portavasos con capacidad para tres bebidas es un complemento ideal para la ba\u00f1era n\u00f3rdica, ya que permite tener bebidas a mano sin tener que salir de la ba\u00f1era. El hierro forjado es un material resistente que garantiza una larga vida \u00fatil y durabilidad al producto. El di\u00e1metro interior del portavasos es de 80 mm. Adem\u00e1s de para albergar bebidas, el producto tambi\u00e9n se puede utilizar para guardar otros objetos peque\u00f1os    <\/p>\n","protected":false},"excerpt":{"rendered":"<p><strong>Precio con IVA incluido<\/strong><\/p>\n<p>El portavasos con capacidad para tres bebidas es un excelente accesorio para las ba\u00f1eras n\u00f3rdicas. El portavasos aporta funcionalidad y elegancia a las sesiones de relax. Tanto si se trata de una velada rom\u00e1ntica para dos como de una divertida noche con amigos, este portavasos har\u00e1 que la experiencia en la ba\u00f1era sea a\u00fan m\u00e1s agradable y c\u00f3moda.  <\/p>\n","protected":false},"featured_media":9269,"template":"","meta":{"_acf_changed":false},"product_brand":[],"product_cat":[1334],"product_tag":[],"class_list":{"0":"post-9879","1":"product","2":"type-product","3":"status-publish","4":"has-post-thumbnail","6":"product_cat-accesorios","7":"product_shipping_class-pakiautomaat","9":"first","10":"instock","11":"shipping-taxable","12":"product-type-variable"},"acf":[],"yoast_head":"<!-- This site is optimized with the Yoast SEO plugin v27.5 - https:\/\/yoast.com\/product\/yoast-seo-wordpress\/ -->\n<title>Portavasos de hierro forjado para 3 bebidas - Awero - S\u00fcdamega L\u00f5una-Eestist<\/title>\n<meta name=\"robots\" content=\"index, follow, max-snippet:-1, max-image-preview:large, max-video-preview:-1\" \/>\n<link rel=\"canonical\" href=\"https:\/\/awero.ee\/es\/toode\/portavasos-de-hierro-forjado-para-3-bebidas\/\" \/>\n<meta property=\"og:locale\" content=\"es_ES\" \/>\n<meta property=\"og:type\" content=\"article\" \/>\n<meta property=\"og:title\" content=\"Portavasos de hierro forjado para 3 bebidas - Awero - S\u00fcdamega L\u00f5una-Eestist\" \/>\n<meta property=\"og:description\" content=\"Precio con IVA incluido El portavasos con capacidad para tres bebidas es un excelente accesorio para las ba\u00f1eras n\u00f3rdicas. El portavasos aporta funcionalidad y elegancia a las sesiones de relax. Tanto si se trata de una velada rom\u00e1ntica para dos como de una divertida noche con amigos, este portavasos har\u00e1 que la experiencia en la ba\u00f1era sea a\u00fan m\u00e1s agradable y c\u00f3moda.\" \/>\n<meta property=\"og:url\" content=\"https:\/\/awero.ee\/es\/toode\/portavasos-de-hierro-forjado-para-3-bebidas\/\" \/>\n<meta property=\"og:site_name\" content=\"Awero - S\u00fcdamega L\u00f5una-Eestist\" \/>\n<meta property=\"article:modified_time\" content=\"2026-05-07T18:08:38+00:00\" \/>\n<meta property=\"og:image\" content=\"https:\/\/awero.ee\/wp-content\/uploads\/2024\/12\/3k-topsihoidja.png\" \/>\n\t<meta property=\"og:image:width\" content=\"2500\" \/>\n\t<meta property=\"og:image:height\" content=\"1667\" \/>\n\t<meta property=\"og:image:type\" content=\"image\/png\" \/>\n<meta name=\"twitter:card\" content=\"summary_large_image\" \/>\n<script type=\"application\/ld+json\" class=\"yoast-schema-graph\">{\"@context\":\"https:\\\/\\\/schema.org\",\"@graph\":[{\"@type\":\"WebPage\",\"@id\":\"https:\\\/\\\/awero.ee\\\/es\\\/toode\\\/portavasos-de-hierro-forjado-para-3-bebidas\\\/\",\"url\":\"https:\\\/\\\/awero.ee\\\/es\\\/toode\\\/portavasos-de-hierro-forjado-para-3-bebidas\\\/\",\"name\":\"Portavasos de hierro forjado para 3 bebidas - Awero - S\u00fcdamega L\u00f5una-Eestist\",\"isPartOf\":{\"@id\":\"https:\\\/\\\/awero.ee\\\/es\\\/#website\"},\"primaryImageOfPage\":{\"@id\":\"https:\\\/\\\/awero.ee\\\/es\\\/toode\\\/portavasos-de-hierro-forjado-para-3-bebidas\\\/#primaryimage\"},\"image\":{\"@id\":\"https:\\\/\\\/awero.ee\\\/es\\\/toode\\\/portavasos-de-hierro-forjado-para-3-bebidas\\\/#primaryimage\"},\"thumbnailUrl\":\"https:\\\/\\\/awero.ee\\\/wp-content\\\/uploads\\\/2024\\\/12\\\/3k-topsihoidja.png\",\"datePublished\":\"2024-12-12T12:00:46+00:00\",\"dateModified\":\"2026-05-07T18:08:38+00:00\",\"breadcrumb\":{\"@id\":\"https:\\\/\\\/awero.ee\\\/es\\\/toode\\\/portavasos-de-hierro-forjado-para-3-bebidas\\\/#breadcrumb\"},\"inLanguage\":\"es\",\"potentialAction\":[{\"@type\":\"ReadAction\",\"target\":[\"https:\\\/\\\/awero.ee\\\/es\\\/toode\\\/portavasos-de-hierro-forjado-para-3-bebidas\\\/\"]}]},{\"@type\":\"ImageObject\",\"inLanguage\":\"es\",\"@id\":\"https:\\\/\\\/awero.ee\\\/es\\\/toode\\\/portavasos-de-hierro-forjado-para-3-bebidas\\\/#primaryimage\",\"url\":\"https:\\\/\\\/awero.ee\\\/wp-content\\\/uploads\\\/2024\\\/12\\\/3k-topsihoidja.png\",\"contentUrl\":\"https:\\\/\\\/awero.ee\\\/wp-content\\\/uploads\\\/2024\\\/12\\\/3k-topsihoidja.png\",\"width\":2500,\"height\":1667},{\"@type\":\"BreadcrumbList\",\"@id\":\"https:\\\/\\\/awero.ee\\\/es\\\/toode\\\/portavasos-de-hierro-forjado-para-3-bebidas\\\/#breadcrumb\",\"itemListElement\":[{\"@type\":\"ListItem\",\"position\":1,\"name\":\"Home\",\"item\":\"https:\\\/\\\/awero.ee\\\/es\\\/pagina-de-inicio\\\/\"},{\"@type\":\"ListItem\",\"position\":2,\"name\":\"Pood\",\"item\":\"https:\\\/\\\/awero.ee\\\/pood\\\/\"},{\"@type\":\"ListItem\",\"position\":3,\"name\":\"Portavasos de hierro forjado para 3 bebidas\"}]},{\"@type\":\"WebSite\",\"@id\":\"https:\\\/\\\/awero.ee\\\/es\\\/#website\",\"url\":\"https:\\\/\\\/awero.ee\\\/es\\\/\",\"name\":\"Awero - S\u00fcdamega L\u00f5una Eestist\",\"description\":\"\",\"publisher\":{\"@id\":\"https:\\\/\\\/awero.ee\\\/es\\\/#organization\"},\"potentialAction\":[{\"@type\":\"SearchAction\",\"target\":{\"@type\":\"EntryPoint\",\"urlTemplate\":\"https:\\\/\\\/awero.ee\\\/es\\\/?s={search_term_string}\"},\"query-input\":{\"@type\":\"PropertyValueSpecification\",\"valueRequired\":true,\"valueName\":\"search_term_string\"}}],\"inLanguage\":\"es\"},{\"@type\":\"Organization\",\"@id\":\"https:\\\/\\\/awero.ee\\\/es\\\/#organization\",\"name\":\"Awero - S\u00fcdamega L\u00f5una Eestist\",\"url\":\"https:\\\/\\\/awero.ee\\\/es\\\/\",\"logo\":{\"@type\":\"ImageObject\",\"inLanguage\":\"es\",\"@id\":\"https:\\\/\\\/awero.ee\\\/es\\\/#\\\/schema\\\/logo\\\/image\\\/\",\"url\":\"https:\\\/\\\/awero.ee\\\/wp-content\\\/uploads\\\/2024\\\/07\\\/aweroplaceholder.jpg\",\"contentUrl\":\"https:\\\/\\\/awero.ee\\\/wp-content\\\/uploads\\\/2024\\\/07\\\/aweroplaceholder.jpg\",\"width\":1250,\"height\":834,\"caption\":\"Awero - S\u00fcdamega L\u00f5una Eestist\"},\"image\":{\"@id\":\"https:\\\/\\\/awero.ee\\\/es\\\/#\\\/schema\\\/logo\\\/image\\\/\"}}]}<\/script>\n<!-- \/ Yoast SEO plugin. -->","yoast_head_json":{"title":"Portavasos de hierro forjado para 3 bebidas - Awero - S\u00fcdamega L\u00f5una-Eestist","robots":{"index":"index","follow":"follow","max-snippet":"max-snippet:-1","max-image-preview":"max-image-preview:large","max-video-preview":"max-video-preview:-1"},"canonical":"https:\/\/awero.ee\/es\/toode\/portavasos-de-hierro-forjado-para-3-bebidas\/","og_locale":"es_ES","og_type":"article","og_title":"Portavasos de hierro forjado para 3 bebidas - Awero - S\u00fcdamega L\u00f5una-Eestist","og_description":"Precio con IVA incluido El portavasos con capacidad para tres bebidas es un excelente accesorio para las ba\u00f1eras n\u00f3rdicas. El portavasos aporta funcionalidad y elegancia a las sesiones de relax. Tanto si se trata de una velada rom\u00e1ntica para dos como de una divertida noche con amigos, este portavasos har\u00e1 que la experiencia en la ba\u00f1era sea a\u00fan m\u00e1s agradable y c\u00f3moda.","og_url":"https:\/\/awero.ee\/es\/toode\/portavasos-de-hierro-forjado-para-3-bebidas\/","og_site_name":"Awero - S\u00fcdamega L\u00f5una-Eestist","article_modified_time":"2026-05-07T18:08:38+00:00","og_image":[{"width":2500,"height":1667,"url":"https:\/\/awero.ee\/wp-content\/uploads\/2024\/12\/3k-topsihoidja.png","type":"image\/png"}],"twitter_card":"summary_large_image","schema":{"@context":"https:\/\/schema.org","@graph":[{"@type":"WebPage","@id":"https:\/\/awero.ee\/es\/toode\/portavasos-de-hierro-forjado-para-3-bebidas\/","url":"https:\/\/awero.ee\/es\/toode\/portavasos-de-hierro-forjado-para-3-bebidas\/","name":"Portavasos de hierro forjado para 3 bebidas - Awero - S\u00fcdamega L\u00f5una-Eestist","isPartOf":{"@id":"https:\/\/awero.ee\/es\/#website"},"primaryImageOfPage":{"@id":"https:\/\/awero.ee\/es\/toode\/portavasos-de-hierro-forjado-para-3-bebidas\/#primaryimage"},"image":{"@id":"https:\/\/awero.ee\/es\/toode\/portavasos-de-hierro-forjado-para-3-bebidas\/#primaryimage"},"thumbnailUrl":"https:\/\/awero.ee\/wp-content\/uploads\/2024\/12\/3k-topsihoidja.png","datePublished":"2024-12-12T12:00:46+00:00","dateModified":"2026-05-07T18:08:38+00:00","breadcrumb":{"@id":"https:\/\/awero.ee\/es\/toode\/portavasos-de-hierro-forjado-para-3-bebidas\/#breadcrumb"},"inLanguage":"es","potentialAction":[{"@type":"ReadAction","target":["https:\/\/awero.ee\/es\/toode\/portavasos-de-hierro-forjado-para-3-bebidas\/"]}]},{"@type":"ImageObject","inLanguage":"es","@id":"https:\/\/awero.ee\/es\/toode\/portavasos-de-hierro-forjado-para-3-bebidas\/#primaryimage","url":"https:\/\/awero.ee\/wp-content\/uploads\/2024\/12\/3k-topsihoidja.png","contentUrl":"https:\/\/awero.ee\/wp-content\/uploads\/2024\/12\/3k-topsihoidja.png","width":2500,"height":1667},{"@type":"BreadcrumbList","@id":"https:\/\/awero.ee\/es\/toode\/portavasos-de-hierro-forjado-para-3-bebidas\/#breadcrumb","itemListElement":[{"@type":"ListItem","position":1,"name":"Home","item":"https:\/\/awero.ee\/es\/pagina-de-inicio\/"},{"@type":"ListItem","position":2,"name":"Pood","item":"https:\/\/awero.ee\/pood\/"},{"@type":"ListItem","position":3,"name":"Portavasos de hierro forjado para 3 bebidas"}]},{"@type":"WebSite","@id":"https:\/\/awero.ee\/es\/#website","url":"https:\/\/awero.ee\/es\/","name":"Awero - S\u00fcdamega L\u00f5una Eestist","description":"","publisher":{"@id":"https:\/\/awero.ee\/es\/#organization"},"potentialAction":[{"@type":"SearchAction","target":{"@type":"EntryPoint","urlTemplate":"https:\/\/awero.ee\/es\/?s={search_term_string}"},"query-input":{"@type":"PropertyValueSpecification","valueRequired":true,"valueName":"search_term_string"}}],"inLanguage":"es"},{"@type":"Organization","@id":"https:\/\/awero.ee\/es\/#organization","name":"Awero - S\u00fcdamega L\u00f5una Eestist","url":"https:\/\/awero.ee\/es\/","logo":{"@type":"ImageObject","inLanguage":"es","@id":"https:\/\/awero.ee\/es\/#\/schema\/logo\/image\/","url":"https:\/\/awero.ee\/wp-content\/uploads\/2024\/07\/aweroplaceholder.jpg","contentUrl":"https:\/\/awero.ee\/wp-content\/uploads\/2024\/07\/aweroplaceholder.jpg","width":1250,"height":834,"caption":"Awero - S\u00fcdamega L\u00f5una Eestist"},"image":{"@id":"https:\/\/awero.ee\/es\/#\/schema\/logo\/image\/"}}]}},"_links":{"self":[{"href":"https:\/\/awero.ee\/es\/wp-json\/wp\/v2\/product\/9879","targetHints":{"allow":["GET"]}}],"collection":[{"href":"https:\/\/awero.ee\/es\/wp-json\/wp\/v2\/product"}],"about":[{"href":"https:\/\/awero.ee\/es\/wp-json\/wp\/v2\/types\/product"}],"wp:featuredmedia":[{"embeddable":true,"href":"https:\/\/awero.ee\/es\/wp-json\/wp\/v2\/media\/9269"}],"wp:attachment":[{"href":"https:\/\/awero.ee\/es\/wp-json\/wp\/v2\/media?parent=9879"}],"wp:term":[{"taxonomy":"product_brand","embeddable":true,"href":"https:\/\/awero.ee\/es\/wp-json\/wp\/v2\/product_brand?post=9879"},{"taxonomy":"product_cat","embeddable":true,"href":"https:\/\/awero.ee\/es\/wp-json\/wp\/v2\/product_cat?post=9879"},{"taxonomy":"product_tag","embeddable":true,"href":"https:\/\/awero.ee\/es\/wp-json\/wp\/v2\/product_tag?post=9879"}],"curies":[{"name":"wp","href":"https:\/\/api.w.org\/{rel}","templated":true}]}}