{"id":9877,"date":"2024-12-12T12:00:46","date_gmt":"2024-12-12T12:00:46","guid":{"rendered":"https:\/\/awero.ee\/toode\/sistema-de-filtrado-de-agua-con-filtro-de-papel\/"},"modified":"2026-03-10T07:59:00","modified_gmt":"2026-03-10T07:59:00","slug":"sistema-de-filtrado-de-agua-con-filtro-de-papel","status":"publish","type":"product","link":"https:\/\/awero.ee\/es\/toode\/sistema-de-filtrado-de-agua-con-filtro-de-papel\/","title":{"rendered":"Sistema de filtrado de agua con filtro de papel"},"content":{"rendered":"<p>Capacidad de filtrado: 2000 l\/h.<\/p>\n<p>Potencia: 40 V.<\/p>\n<p>Pliegues: 12<\/p>\n<p>Temperatura m\u00e1xima del agua: 34 \u00b0C.<\/p>\n<p>Temperatura m\u00ednima del agua: 4 \u00b0C.<\/p>\n<p>El kit incluye todo lo necesario: flotador, carcasa, base, marco de filtro, filtro de cartucho, gancho, barra de soporte, abrazadera, palomilla de sujeci\u00f3n, tuerca de sujeci\u00f3n, gancho de varilla, tap\u00f3n para varilla, tornillos de fijaci\u00f3n con rosca y arandela, transformador<\/p>\n<p>Este sistema de filtrado se fija en el borde de la ba\u00f1era mediante un marco de montaje. El filtro equipado con un transformador (12 V) puede instalarse en el borde de una piscina, pero las conexiones el\u00e9ctricas del transformador deben estar a una distancia m\u00ednima de 3,5 m del borde de la piscina.  <\/p>\n<p>La instalaci\u00f3n y el montaje del sistema de filtrado se realizan de forma c\u00f3moda y r\u00e1pida. Aseg\u00farate de que el equipo est\u00e9 nivelado antes de su uso. <\/p>\n<p>Con el fin de prolongar la vida \u00fatil del elemento filtrante, se recomienda lavarlo cada semana (o cada 30 d\u00edas). No pongas en marcha el sistema de filtrado cuando haya personas en la ba\u00f1era n\u00f3rdica. Con el fin de prolongar la vida \u00fatil del <a href=\"https:\/\/awero.ee\/es\/toode\/elemento-filtrante\/\">elemento filtrante<\/a>, se recomienda lavarlo cada semana (o cada 30 d\u00edas). <\/p>\n","protected":false},"excerpt":{"rendered":"<p>\u00bfBuscas la soluci\u00f3n ideal para que tu experiencia en la ba\u00f1era n\u00f3rdica sea a\u00fan m\u00e1s c\u00f3moda?<\/p>\n<p>El SI 4000 CANCIO K-STYLE es un sistema de filtrado flotante f\u00e1cil de usar. Este sistema de filtrado hace que limpiar el agua de la ba\u00f1era n\u00f3rdica sea tarea f\u00e1cil, r\u00e1pida y c\u00f3moda. <\/p>\n","protected":false},"featured_media":9258,"template":"","meta":{"_acf_changed":false},"product_brand":[],"product_cat":[1334],"product_tag":[],"class_list":{"0":"post-9877","1":"product","2":"type-product","3":"status-publish","4":"has-post-thumbnail","6":"product_cat-accesorios","8":"first","9":"outofstock","10":"shipping-taxable","11":"product-type-simple"},"acf":[],"yoast_head":"<!-- This site is optimized with the Yoast SEO plugin v27.5 - https:\/\/yoast.com\/product\/yoast-seo-wordpress\/ -->\n<title>Sistema de filtrado de agua con filtro de papel - Awero - S\u00fcdamega L\u00f5una-Eestist<\/title>\n<meta name=\"robots\" content=\"index, follow, max-snippet:-1, max-image-preview:large, max-video-preview:-1\" \/>\n<link rel=\"canonical\" href=\"https:\/\/awero.ee\/es\/toode\/sistema-de-filtrado-de-agua-con-filtro-de-papel\/\" \/>\n<meta property=\"og:locale\" content=\"es_ES\" \/>\n<meta property=\"og:type\" content=\"article\" \/>\n<meta property=\"og:title\" content=\"Sistema de filtrado de agua con filtro de papel - Awero - S\u00fcdamega L\u00f5una-Eestist\" \/>\n<meta property=\"og:description\" content=\"\u00bfBuscas la soluci\u00f3n ideal para que tu experiencia en la ba\u00f1era n\u00f3rdica sea a\u00fan m\u00e1s c\u00f3moda? El SI 4000 CANCIO K-STYLE es un sistema de filtrado flotante f\u00e1cil de usar. Este sistema de filtrado hace que limpiar el agua de la ba\u00f1era n\u00f3rdica sea tarea f\u00e1cil, r\u00e1pida y c\u00f3moda.\" \/>\n<meta property=\"og:url\" content=\"https:\/\/awero.ee\/es\/toode\/sistema-de-filtrado-de-agua-con-filtro-de-papel\/\" \/>\n<meta property=\"og:site_name\" content=\"Awero - S\u00fcdamega L\u00f5una-Eestist\" \/>\n<meta property=\"article:modified_time\" content=\"2026-03-10T07:59:00+00:00\" \/>\n<meta property=\"og:image\" content=\"https:\/\/awero.ee\/wp-content\/uploads\/2024\/12\/Paberfiltriga-vee-filtreerimissusteem.jpg\" \/>\n\t<meta property=\"og:image:width\" content=\"201\" \/>\n\t<meta property=\"og:image:height\" content=\"250\" \/>\n\t<meta property=\"og:image:type\" content=\"image\/jpeg\" \/>\n<meta name=\"twitter:card\" content=\"summary_large_image\" \/>\n<meta name=\"twitter:label1\" content=\"Tiempo de lectura\" \/>\n\t<meta name=\"twitter:data1\" content=\"1 minuto\" \/>\n<script type=\"application\/ld+json\" class=\"yoast-schema-graph\">{\"@context\":\"https:\\\/\\\/schema.org\",\"@graph\":[{\"@type\":\"WebPage\",\"@id\":\"https:\\\/\\\/awero.ee\\\/es\\\/toode\\\/sistema-de-filtrado-de-agua-con-filtro-de-papel\\\/\",\"url\":\"https:\\\/\\\/awero.ee\\\/es\\\/toode\\\/sistema-de-filtrado-de-agua-con-filtro-de-papel\\\/\",\"name\":\"Sistema de filtrado de agua con filtro de papel - Awero - S\u00fcdamega L\u00f5una-Eestist\",\"isPartOf\":{\"@id\":\"https:\\\/\\\/awero.ee\\\/es\\\/#website\"},\"primaryImageOfPage\":{\"@id\":\"https:\\\/\\\/awero.ee\\\/es\\\/toode\\\/sistema-de-filtrado-de-agua-con-filtro-de-papel\\\/#primaryimage\"},\"image\":{\"@id\":\"https:\\\/\\\/awero.ee\\\/es\\\/toode\\\/sistema-de-filtrado-de-agua-con-filtro-de-papel\\\/#primaryimage\"},\"thumbnailUrl\":\"https:\\\/\\\/awero.ee\\\/wp-content\\\/uploads\\\/2024\\\/12\\\/Paberfiltriga-vee-filtreerimissusteem.jpg\",\"datePublished\":\"2024-12-12T12:00:46+00:00\",\"dateModified\":\"2026-03-10T07:59:00+00:00\",\"breadcrumb\":{\"@id\":\"https:\\\/\\\/awero.ee\\\/es\\\/toode\\\/sistema-de-filtrado-de-agua-con-filtro-de-papel\\\/#breadcrumb\"},\"inLanguage\":\"es\",\"potentialAction\":[{\"@type\":\"ReadAction\",\"target\":[\"https:\\\/\\\/awero.ee\\\/es\\\/toode\\\/sistema-de-filtrado-de-agua-con-filtro-de-papel\\\/\"]}]},{\"@type\":\"ImageObject\",\"inLanguage\":\"es\",\"@id\":\"https:\\\/\\\/awero.ee\\\/es\\\/toode\\\/sistema-de-filtrado-de-agua-con-filtro-de-papel\\\/#primaryimage\",\"url\":\"https:\\\/\\\/awero.ee\\\/wp-content\\\/uploads\\\/2024\\\/12\\\/Paberfiltriga-vee-filtreerimissusteem.jpg\",\"contentUrl\":\"https:\\\/\\\/awero.ee\\\/wp-content\\\/uploads\\\/2024\\\/12\\\/Paberfiltriga-vee-filtreerimissusteem.jpg\",\"width\":201,\"height\":250},{\"@type\":\"BreadcrumbList\",\"@id\":\"https:\\\/\\\/awero.ee\\\/es\\\/toode\\\/sistema-de-filtrado-de-agua-con-filtro-de-papel\\\/#breadcrumb\",\"itemListElement\":[{\"@type\":\"ListItem\",\"position\":1,\"name\":\"Home\",\"item\":\"https:\\\/\\\/awero.ee\\\/es\\\/pagina-de-inicio\\\/\"},{\"@type\":\"ListItem\",\"position\":2,\"name\":\"Pood\",\"item\":\"https:\\\/\\\/awero.ee\\\/pood\\\/\"},{\"@type\":\"ListItem\",\"position\":3,\"name\":\"Sistema de filtrado de agua con filtro de papel\"}]},{\"@type\":\"WebSite\",\"@id\":\"https:\\\/\\\/awero.ee\\\/es\\\/#website\",\"url\":\"https:\\\/\\\/awero.ee\\\/es\\\/\",\"name\":\"Awero - S\u00fcdamega L\u00f5una Eestist\",\"description\":\"\",\"publisher\":{\"@id\":\"https:\\\/\\\/awero.ee\\\/es\\\/#organization\"},\"potentialAction\":[{\"@type\":\"SearchAction\",\"target\":{\"@type\":\"EntryPoint\",\"urlTemplate\":\"https:\\\/\\\/awero.ee\\\/es\\\/?s={search_term_string}\"},\"query-input\":{\"@type\":\"PropertyValueSpecification\",\"valueRequired\":true,\"valueName\":\"search_term_string\"}}],\"inLanguage\":\"es\"},{\"@type\":\"Organization\",\"@id\":\"https:\\\/\\\/awero.ee\\\/es\\\/#organization\",\"name\":\"Awero - S\u00fcdamega L\u00f5una Eestist\",\"url\":\"https:\\\/\\\/awero.ee\\\/es\\\/\",\"logo\":{\"@type\":\"ImageObject\",\"inLanguage\":\"es\",\"@id\":\"https:\\\/\\\/awero.ee\\\/es\\\/#\\\/schema\\\/logo\\\/image\\\/\",\"url\":\"https:\\\/\\\/awero.ee\\\/wp-content\\\/uploads\\\/2024\\\/07\\\/aweroplaceholder.jpg\",\"contentUrl\":\"https:\\\/\\\/awero.ee\\\/wp-content\\\/uploads\\\/2024\\\/07\\\/aweroplaceholder.jpg\",\"width\":1250,\"height\":834,\"caption\":\"Awero - S\u00fcdamega L\u00f5una Eestist\"},\"image\":{\"@id\":\"https:\\\/\\\/awero.ee\\\/es\\\/#\\\/schema\\\/logo\\\/image\\\/\"}}]}<\/script>\n<!-- \/ Yoast SEO plugin. -->","yoast_head_json":{"title":"Sistema de filtrado de agua con filtro de papel - Awero - S\u00fcdamega L\u00f5una-Eestist","robots":{"index":"index","follow":"follow","max-snippet":"max-snippet:-1","max-image-preview":"max-image-preview:large","max-video-preview":"max-video-preview:-1"},"canonical":"https:\/\/awero.ee\/es\/toode\/sistema-de-filtrado-de-agua-con-filtro-de-papel\/","og_locale":"es_ES","og_type":"article","og_title":"Sistema de filtrado de agua con filtro de papel - Awero - S\u00fcdamega L\u00f5una-Eestist","og_description":"\u00bfBuscas la soluci\u00f3n ideal para que tu experiencia en la ba\u00f1era n\u00f3rdica sea a\u00fan m\u00e1s c\u00f3moda? El SI 4000 CANCIO K-STYLE es un sistema de filtrado flotante f\u00e1cil de usar. Este sistema de filtrado hace que limpiar el agua de la ba\u00f1era n\u00f3rdica sea tarea f\u00e1cil, r\u00e1pida y c\u00f3moda.","og_url":"https:\/\/awero.ee\/es\/toode\/sistema-de-filtrado-de-agua-con-filtro-de-papel\/","og_site_name":"Awero - S\u00fcdamega L\u00f5una-Eestist","article_modified_time":"2026-03-10T07:59:00+00:00","og_image":[{"width":201,"height":250,"url":"https:\/\/awero.ee\/wp-content\/uploads\/2024\/12\/Paberfiltriga-vee-filtreerimissusteem.jpg","type":"image\/jpeg"}],"twitter_card":"summary_large_image","twitter_misc":{"Tiempo de lectura":"1 minuto"},"schema":{"@context":"https:\/\/schema.org","@graph":[{"@type":"WebPage","@id":"https:\/\/awero.ee\/es\/toode\/sistema-de-filtrado-de-agua-con-filtro-de-papel\/","url":"https:\/\/awero.ee\/es\/toode\/sistema-de-filtrado-de-agua-con-filtro-de-papel\/","name":"Sistema de filtrado de agua con filtro de papel - Awero - S\u00fcdamega L\u00f5una-Eestist","isPartOf":{"@id":"https:\/\/awero.ee\/es\/#website"},"primaryImageOfPage":{"@id":"https:\/\/awero.ee\/es\/toode\/sistema-de-filtrado-de-agua-con-filtro-de-papel\/#primaryimage"},"image":{"@id":"https:\/\/awero.ee\/es\/toode\/sistema-de-filtrado-de-agua-con-filtro-de-papel\/#primaryimage"},"thumbnailUrl":"https:\/\/awero.ee\/wp-content\/uploads\/2024\/12\/Paberfiltriga-vee-filtreerimissusteem.jpg","datePublished":"2024-12-12T12:00:46+00:00","dateModified":"2026-03-10T07:59:00+00:00","breadcrumb":{"@id":"https:\/\/awero.ee\/es\/toode\/sistema-de-filtrado-de-agua-con-filtro-de-papel\/#breadcrumb"},"inLanguage":"es","potentialAction":[{"@type":"ReadAction","target":["https:\/\/awero.ee\/es\/toode\/sistema-de-filtrado-de-agua-con-filtro-de-papel\/"]}]},{"@type":"ImageObject","inLanguage":"es","@id":"https:\/\/awero.ee\/es\/toode\/sistema-de-filtrado-de-agua-con-filtro-de-papel\/#primaryimage","url":"https:\/\/awero.ee\/wp-content\/uploads\/2024\/12\/Paberfiltriga-vee-filtreerimissusteem.jpg","contentUrl":"https:\/\/awero.ee\/wp-content\/uploads\/2024\/12\/Paberfiltriga-vee-filtreerimissusteem.jpg","width":201,"height":250},{"@type":"BreadcrumbList","@id":"https:\/\/awero.ee\/es\/toode\/sistema-de-filtrado-de-agua-con-filtro-de-papel\/#breadcrumb","itemListElement":[{"@type":"ListItem","position":1,"name":"Home","item":"https:\/\/awero.ee\/es\/pagina-de-inicio\/"},{"@type":"ListItem","position":2,"name":"Pood","item":"https:\/\/awero.ee\/pood\/"},{"@type":"ListItem","position":3,"name":"Sistema de filtrado de agua con filtro de papel"}]},{"@type":"WebSite","@id":"https:\/\/awero.ee\/es\/#website","url":"https:\/\/awero.ee\/es\/","name":"Awero - S\u00fcdamega L\u00f5una Eestist","description":"","publisher":{"@id":"https:\/\/awero.ee\/es\/#organization"},"potentialAction":[{"@type":"SearchAction","target":{"@type":"EntryPoint","urlTemplate":"https:\/\/awero.ee\/es\/?s={search_term_string}"},"query-input":{"@type":"PropertyValueSpecification","valueRequired":true,"valueName":"search_term_string"}}],"inLanguage":"es"},{"@type":"Organization","@id":"https:\/\/awero.ee\/es\/#organization","name":"Awero - S\u00fcdamega L\u00f5una Eestist","url":"https:\/\/awero.ee\/es\/","logo":{"@type":"ImageObject","inLanguage":"es","@id":"https:\/\/awero.ee\/es\/#\/schema\/logo\/image\/","url":"https:\/\/awero.ee\/wp-content\/uploads\/2024\/07\/aweroplaceholder.jpg","contentUrl":"https:\/\/awero.ee\/wp-content\/uploads\/2024\/07\/aweroplaceholder.jpg","width":1250,"height":834,"caption":"Awero - S\u00fcdamega L\u00f5una Eestist"},"image":{"@id":"https:\/\/awero.ee\/es\/#\/schema\/logo\/image\/"}}]}},"_links":{"self":[{"href":"https:\/\/awero.ee\/es\/wp-json\/wp\/v2\/product\/9877","targetHints":{"allow":["GET"]}}],"collection":[{"href":"https:\/\/awero.ee\/es\/wp-json\/wp\/v2\/product"}],"about":[{"href":"https:\/\/awero.ee\/es\/wp-json\/wp\/v2\/types\/product"}],"wp:featuredmedia":[{"embeddable":true,"href":"https:\/\/awero.ee\/es\/wp-json\/wp\/v2\/media\/9258"}],"wp:attachment":[{"href":"https:\/\/awero.ee\/es\/wp-json\/wp\/v2\/media?parent=9877"}],"wp:term":[{"taxonomy":"product_brand","embeddable":true,"href":"https:\/\/awero.ee\/es\/wp-json\/wp\/v2\/product_brand?post=9877"},{"taxonomy":"product_cat","embeddable":true,"href":"https:\/\/awero.ee\/es\/wp-json\/wp\/v2\/product_cat?post=9877"},{"taxonomy":"product_tag","embeddable":true,"href":"https:\/\/awero.ee\/es\/wp-json\/wp\/v2\/product_tag?post=9877"}],"curies":[{"name":"wp","href":"https:\/\/api.w.org\/{rel}","templated":true}]}}