{"id":9864,"date":"2024-12-12T12:00:46","date_gmt":"2024-12-12T12:00:46","guid":{"rendered":"https:\/\/awero.ee\/toode\/sistema-de-burbujas\/"},"modified":"2026-05-07T18:08:39","modified_gmt":"2026-05-07T18:08:39","slug":"sistema-de-burbujas","status":"publish","type":"product","link":"https:\/\/awero.ee\/es\/toode\/sistema-de-burbujas\/","title":{"rendered":"Sistema de burbujas"},"content":{"rendered":"<p>El sistema de burbujas est\u00e1 equipado con 12 a 14 boquillas (dependiendo del tama\u00f1o de la ba\u00f1era) y utiliza un compresor de aire para generar burbujas. Las burbujas proporcionan un masaje relajante y ayudan a aliviar la tensi\u00f3n muscular y a mejorar la circulaci\u00f3n sangu\u00ednea. Adem\u00e1s de hacer que la experiencia de ba\u00f1o resulte m\u00e1s agradable, el sistema de burbujas ofrece una funci\u00f3n muy pr\u00e1ctica que permite remover el agua durante el proceso de calentamiento. Esto ayuda a mantener una temperatura constante del agua y a que los productos qu\u00edmicos se mezclen mejor durante el proceso de limpieza. El sistema de burbujas puede instalarse en ba\u00f1eras n\u00f3rdicas con interior de pl\u00e1stico.    <\/p>\n<p>&nbsp;<\/p>\n","protected":false},"excerpt":{"rendered":"<p>El sistema de burbujas con compresor de aire ha sido dise\u00f1ado espec\u00edficamente para ba\u00f1eras n\u00f3rdicas, y hace que la experiencia de ba\u00f1o sea a\u00fan m\u00e1s agradable y relajante. El sistema de burbujas est\u00e1 dise\u00f1ado para ser utilizado durante todo el a\u00f1o, permitiendo disfrutar en todo momento del relajante efecto de la ba\u00f1era n\u00f3rdica. <\/p>\n","protected":false},"featured_media":9259,"template":"","meta":{"_acf_changed":false},"product_brand":[],"product_cat":[1334],"product_tag":[],"class_list":{"0":"post-9864","1":"product","2":"type-product","3":"status-publish","4":"has-post-thumbnail","6":"product_cat-accesorios","8":"first","9":"instock","10":"shipping-taxable","11":"product-type-variable"},"acf":[],"yoast_head":"<!-- This site is optimized with the Yoast SEO plugin v27.5 - https:\/\/yoast.com\/product\/yoast-seo-wordpress\/ -->\n<title>Sistema de burbujas - Awero - S\u00fcdamega L\u00f5una-Eestist<\/title>\n<meta name=\"robots\" content=\"index, follow, max-snippet:-1, max-image-preview:large, max-video-preview:-1\" \/>\n<link rel=\"canonical\" href=\"https:\/\/awero.ee\/es\/toode\/sistema-de-burbujas\/\" \/>\n<meta property=\"og:locale\" content=\"es_ES\" \/>\n<meta property=\"og:type\" content=\"article\" \/>\n<meta property=\"og:title\" content=\"Sistema de burbujas - Awero - S\u00fcdamega L\u00f5una-Eestist\" \/>\n<meta property=\"og:description\" content=\"El sistema de burbujas con compresor de aire ha sido dise\u00f1ado espec\u00edficamente para ba\u00f1eras n\u00f3rdicas, y hace que la experiencia de ba\u00f1o sea a\u00fan m\u00e1s agradable y relajante. El sistema de burbujas est\u00e1 dise\u00f1ado para ser utilizado durante todo el a\u00f1o, permitiendo disfrutar en todo momento del relajante efecto de la ba\u00f1era n\u00f3rdica.\" \/>\n<meta property=\"og:url\" content=\"https:\/\/awero.ee\/es\/toode\/sistema-de-burbujas\/\" \/>\n<meta property=\"og:site_name\" content=\"Awero - S\u00fcdamega L\u00f5una-Eestist\" \/>\n<meta property=\"article:modified_time\" content=\"2026-05-07T18:08:39+00:00\" \/>\n<meta property=\"og:image\" content=\"https:\/\/awero.ee\/wp-content\/uploads\/2024\/12\/Mullisusteemi-komplekt-kumblustunnile.jpg\" \/>\n\t<meta property=\"og:image:width\" content=\"1600\" \/>\n\t<meta property=\"og:image:height\" content=\"1517\" \/>\n\t<meta property=\"og:image:type\" content=\"image\/jpeg\" \/>\n<meta name=\"twitter:card\" content=\"summary_large_image\" \/>\n<meta name=\"twitter:label1\" content=\"Tiempo de lectura\" \/>\n\t<meta name=\"twitter:data1\" content=\"1 minuto\" \/>\n<script type=\"application\/ld+json\" class=\"yoast-schema-graph\">{\"@context\":\"https:\\\/\\\/schema.org\",\"@graph\":[{\"@type\":\"WebPage\",\"@id\":\"https:\\\/\\\/awero.ee\\\/es\\\/toode\\\/sistema-de-burbujas\\\/\",\"url\":\"https:\\\/\\\/awero.ee\\\/es\\\/toode\\\/sistema-de-burbujas\\\/\",\"name\":\"Sistema de burbujas - Awero - S\u00fcdamega L\u00f5una-Eestist\",\"isPartOf\":{\"@id\":\"https:\\\/\\\/awero.ee\\\/es\\\/#website\"},\"primaryImageOfPage\":{\"@id\":\"https:\\\/\\\/awero.ee\\\/es\\\/toode\\\/sistema-de-burbujas\\\/#primaryimage\"},\"image\":{\"@id\":\"https:\\\/\\\/awero.ee\\\/es\\\/toode\\\/sistema-de-burbujas\\\/#primaryimage\"},\"thumbnailUrl\":\"https:\\\/\\\/awero.ee\\\/wp-content\\\/uploads\\\/2024\\\/12\\\/Mullisusteemi-komplekt-kumblustunnile.jpg\",\"datePublished\":\"2024-12-12T12:00:46+00:00\",\"dateModified\":\"2026-05-07T18:08:39+00:00\",\"breadcrumb\":{\"@id\":\"https:\\\/\\\/awero.ee\\\/es\\\/toode\\\/sistema-de-burbujas\\\/#breadcrumb\"},\"inLanguage\":\"es\",\"potentialAction\":[{\"@type\":\"ReadAction\",\"target\":[\"https:\\\/\\\/awero.ee\\\/es\\\/toode\\\/sistema-de-burbujas\\\/\"]}]},{\"@type\":\"ImageObject\",\"inLanguage\":\"es\",\"@id\":\"https:\\\/\\\/awero.ee\\\/es\\\/toode\\\/sistema-de-burbujas\\\/#primaryimage\",\"url\":\"https:\\\/\\\/awero.ee\\\/wp-content\\\/uploads\\\/2024\\\/12\\\/Mullisusteemi-komplekt-kumblustunnile.jpg\",\"contentUrl\":\"https:\\\/\\\/awero.ee\\\/wp-content\\\/uploads\\\/2024\\\/12\\\/Mullisusteemi-komplekt-kumblustunnile.jpg\",\"width\":1600,\"height\":1517},{\"@type\":\"BreadcrumbList\",\"@id\":\"https:\\\/\\\/awero.ee\\\/es\\\/toode\\\/sistema-de-burbujas\\\/#breadcrumb\",\"itemListElement\":[{\"@type\":\"ListItem\",\"position\":1,\"name\":\"Home\",\"item\":\"https:\\\/\\\/awero.ee\\\/es\\\/pagina-de-inicio\\\/\"},{\"@type\":\"ListItem\",\"position\":2,\"name\":\"Pood\",\"item\":\"https:\\\/\\\/awero.ee\\\/pood\\\/\"},{\"@type\":\"ListItem\",\"position\":3,\"name\":\"Sistema de burbujas\"}]},{\"@type\":\"WebSite\",\"@id\":\"https:\\\/\\\/awero.ee\\\/es\\\/#website\",\"url\":\"https:\\\/\\\/awero.ee\\\/es\\\/\",\"name\":\"Awero - S\u00fcdamega L\u00f5una Eestist\",\"description\":\"\",\"publisher\":{\"@id\":\"https:\\\/\\\/awero.ee\\\/es\\\/#organization\"},\"potentialAction\":[{\"@type\":\"SearchAction\",\"target\":{\"@type\":\"EntryPoint\",\"urlTemplate\":\"https:\\\/\\\/awero.ee\\\/es\\\/?s={search_term_string}\"},\"query-input\":{\"@type\":\"PropertyValueSpecification\",\"valueRequired\":true,\"valueName\":\"search_term_string\"}}],\"inLanguage\":\"es\"},{\"@type\":\"Organization\",\"@id\":\"https:\\\/\\\/awero.ee\\\/es\\\/#organization\",\"name\":\"Awero - S\u00fcdamega L\u00f5una Eestist\",\"url\":\"https:\\\/\\\/awero.ee\\\/es\\\/\",\"logo\":{\"@type\":\"ImageObject\",\"inLanguage\":\"es\",\"@id\":\"https:\\\/\\\/awero.ee\\\/es\\\/#\\\/schema\\\/logo\\\/image\\\/\",\"url\":\"https:\\\/\\\/awero.ee\\\/wp-content\\\/uploads\\\/2024\\\/07\\\/aweroplaceholder.jpg\",\"contentUrl\":\"https:\\\/\\\/awero.ee\\\/wp-content\\\/uploads\\\/2024\\\/07\\\/aweroplaceholder.jpg\",\"width\":1250,\"height\":834,\"caption\":\"Awero - S\u00fcdamega L\u00f5una Eestist\"},\"image\":{\"@id\":\"https:\\\/\\\/awero.ee\\\/es\\\/#\\\/schema\\\/logo\\\/image\\\/\"}}]}<\/script>\n<!-- \/ Yoast SEO plugin. -->","yoast_head_json":{"title":"Sistema de burbujas - Awero - S\u00fcdamega L\u00f5una-Eestist","robots":{"index":"index","follow":"follow","max-snippet":"max-snippet:-1","max-image-preview":"max-image-preview:large","max-video-preview":"max-video-preview:-1"},"canonical":"https:\/\/awero.ee\/es\/toode\/sistema-de-burbujas\/","og_locale":"es_ES","og_type":"article","og_title":"Sistema de burbujas - Awero - S\u00fcdamega L\u00f5una-Eestist","og_description":"El sistema de burbujas con compresor de aire ha sido dise\u00f1ado espec\u00edficamente para ba\u00f1eras n\u00f3rdicas, y hace que la experiencia de ba\u00f1o sea a\u00fan m\u00e1s agradable y relajante. El sistema de burbujas est\u00e1 dise\u00f1ado para ser utilizado durante todo el a\u00f1o, permitiendo disfrutar en todo momento del relajante efecto de la ba\u00f1era n\u00f3rdica.","og_url":"https:\/\/awero.ee\/es\/toode\/sistema-de-burbujas\/","og_site_name":"Awero - S\u00fcdamega L\u00f5una-Eestist","article_modified_time":"2026-05-07T18:08:39+00:00","og_image":[{"width":1600,"height":1517,"url":"https:\/\/awero.ee\/wp-content\/uploads\/2024\/12\/Mullisusteemi-komplekt-kumblustunnile.jpg","type":"image\/jpeg"}],"twitter_card":"summary_large_image","twitter_misc":{"Tiempo de lectura":"1 minuto"},"schema":{"@context":"https:\/\/schema.org","@graph":[{"@type":"WebPage","@id":"https:\/\/awero.ee\/es\/toode\/sistema-de-burbujas\/","url":"https:\/\/awero.ee\/es\/toode\/sistema-de-burbujas\/","name":"Sistema de burbujas - Awero - S\u00fcdamega L\u00f5una-Eestist","isPartOf":{"@id":"https:\/\/awero.ee\/es\/#website"},"primaryImageOfPage":{"@id":"https:\/\/awero.ee\/es\/toode\/sistema-de-burbujas\/#primaryimage"},"image":{"@id":"https:\/\/awero.ee\/es\/toode\/sistema-de-burbujas\/#primaryimage"},"thumbnailUrl":"https:\/\/awero.ee\/wp-content\/uploads\/2024\/12\/Mullisusteemi-komplekt-kumblustunnile.jpg","datePublished":"2024-12-12T12:00:46+00:00","dateModified":"2026-05-07T18:08:39+00:00","breadcrumb":{"@id":"https:\/\/awero.ee\/es\/toode\/sistema-de-burbujas\/#breadcrumb"},"inLanguage":"es","potentialAction":[{"@type":"ReadAction","target":["https:\/\/awero.ee\/es\/toode\/sistema-de-burbujas\/"]}]},{"@type":"ImageObject","inLanguage":"es","@id":"https:\/\/awero.ee\/es\/toode\/sistema-de-burbujas\/#primaryimage","url":"https:\/\/awero.ee\/wp-content\/uploads\/2024\/12\/Mullisusteemi-komplekt-kumblustunnile.jpg","contentUrl":"https:\/\/awero.ee\/wp-content\/uploads\/2024\/12\/Mullisusteemi-komplekt-kumblustunnile.jpg","width":1600,"height":1517},{"@type":"BreadcrumbList","@id":"https:\/\/awero.ee\/es\/toode\/sistema-de-burbujas\/#breadcrumb","itemListElement":[{"@type":"ListItem","position":1,"name":"Home","item":"https:\/\/awero.ee\/es\/pagina-de-inicio\/"},{"@type":"ListItem","position":2,"name":"Pood","item":"https:\/\/awero.ee\/pood\/"},{"@type":"ListItem","position":3,"name":"Sistema de burbujas"}]},{"@type":"WebSite","@id":"https:\/\/awero.ee\/es\/#website","url":"https:\/\/awero.ee\/es\/","name":"Awero - S\u00fcdamega L\u00f5una Eestist","description":"","publisher":{"@id":"https:\/\/awero.ee\/es\/#organization"},"potentialAction":[{"@type":"SearchAction","target":{"@type":"EntryPoint","urlTemplate":"https:\/\/awero.ee\/es\/?s={search_term_string}"},"query-input":{"@type":"PropertyValueSpecification","valueRequired":true,"valueName":"search_term_string"}}],"inLanguage":"es"},{"@type":"Organization","@id":"https:\/\/awero.ee\/es\/#organization","name":"Awero - S\u00fcdamega L\u00f5una Eestist","url":"https:\/\/awero.ee\/es\/","logo":{"@type":"ImageObject","inLanguage":"es","@id":"https:\/\/awero.ee\/es\/#\/schema\/logo\/image\/","url":"https:\/\/awero.ee\/wp-content\/uploads\/2024\/07\/aweroplaceholder.jpg","contentUrl":"https:\/\/awero.ee\/wp-content\/uploads\/2024\/07\/aweroplaceholder.jpg","width":1250,"height":834,"caption":"Awero - S\u00fcdamega L\u00f5una Eestist"},"image":{"@id":"https:\/\/awero.ee\/es\/#\/schema\/logo\/image\/"}}]}},"_links":{"self":[{"href":"https:\/\/awero.ee\/es\/wp-json\/wp\/v2\/product\/9864","targetHints":{"allow":["GET"]}}],"collection":[{"href":"https:\/\/awero.ee\/es\/wp-json\/wp\/v2\/product"}],"about":[{"href":"https:\/\/awero.ee\/es\/wp-json\/wp\/v2\/types\/product"}],"wp:featuredmedia":[{"embeddable":true,"href":"https:\/\/awero.ee\/es\/wp-json\/wp\/v2\/media\/9259"}],"wp:attachment":[{"href":"https:\/\/awero.ee\/es\/wp-json\/wp\/v2\/media?parent=9864"}],"wp:term":[{"taxonomy":"product_brand","embeddable":true,"href":"https:\/\/awero.ee\/es\/wp-json\/wp\/v2\/product_brand?post=9864"},{"taxonomy":"product_cat","embeddable":true,"href":"https:\/\/awero.ee\/es\/wp-json\/wp\/v2\/product_cat?post=9864"},{"taxonomy":"product_tag","embeddable":true,"href":"https:\/\/awero.ee\/es\/wp-json\/wp\/v2\/product_tag?post=9864"}],"curies":[{"name":"wp","href":"https:\/\/api.w.org\/{rel}","templated":true}]}}